{"id":10806,"date":"2006-10-13T11:49:49","date_gmt":"2006-10-13T09:49:49","guid":{"rendered":"https:\/\/egerhaziimre.hu\/?page_id=10806"},"modified":"2023-06-09T16:33:14","modified_gmt":"2023-06-09T14:33:14","slug":"csoszne-szatmari-szilvia-szakdolgozata-egerhazi-imrerol-2006","status":"publish","type":"page","link":"https:\/\/egerhaziimre.hu\/index.php\/eletrajz\/irasok-egerhazi-imrerol\/csoszne-szatmari-szilvia-szakdolgozata-egerhazi-imrerol-2006\/","title":{"rendered":"Cs\u0151szn\u00e9 Szatm\u00e1ri Szilvia szakdolgozata \u00c9gerh\u00e1zi Imr\u00e9r\u0151l, 2007"},"content":{"rendered":"<div class=\"wpb-content-wrapper\">[vc_row][vc_column][vc_column_text]\n<h2 style=\"text-align: center;\"><a href=\"https:\/\/egerhaziimre.hu\/wp-content\/uploads\/2020\/06\/CsoszneSzatmariSzilvia_szakdolgozat.pdf\">Cs\u0151szn\u00e9 Szatm\u00e1ri Szlivia szakdolgozata \u00c9gerh\u00e1zi Imr\u00e9r\u0151l (let\u00f6lthet\u0151 PDF)<\/a><\/h2>\n[\/vc_column_text][\/vc_column][\/vc_row][vc_row][vc_column][vc_single_image image=&#8221;11829&#8243; img_size=&#8221;full&#8221; alignment=&#8221;center&#8221;][\/vc_column][\/vc_row]\n<\/div>","protected":false},"excerpt":{"rendered":"<p>[vc_row][vc_column][vc_column_text] Cs\u0151szn\u00e9 Szatm\u00e1ri Szlivia szakdolgozata \u00c9gerh\u00e1zi Imr\u00e9r\u0151l (let\u00f6lthet\u0151 PDF) [\/vc_column_text][\/vc_column][\/vc_row][vc_row][vc_column][vc_single_image image=&#8221;11829&#8243; img_size=&#8221;full&#8221; alignment=&#8221;center&#8221;][\/vc_column][\/vc_row]<\/p>\n","protected":false},"author":4,"featured_media":0,"parent":10535,"menu_order":0,"comment_status":"closed","ping_status":"closed","template":"","meta":{"footnotes":""},"categories":[219],"tags":[83],"class_list":["post-10806","page","type-page","status-publish","hentry","category-irasok_egerhazi_imrerol","tag-83"],"yoast_head":"<!-- This site is optimized with the Yoast SEO plugin v27.0 - https:\/\/yoast.com\/product\/yoast-seo-wordpress\/ -->\n<title>Cs\u0151szn\u00e9 Szatm\u00e1ri Szilvia szakdolgozata \u00c9gerh\u00e1zi Imr\u00e9r\u0151l, 2007 - \u00c9gerh\u00e1zi Imre<\/title>\n<meta name=\"robots\" content=\"index, follow, max-snippet:-1, max-image-preview:large, max-video-preview:-1\" \/>\n<link rel=\"canonical\" href=\"https:\/\/egerhaziimre.hu\/index.php\/eletrajz\/irasok-egerhazi-imrerol\/csoszne-szatmari-szilvia-szakdolgozata-egerhazi-imrerol-2006\/\" \/>\n<meta property=\"og:locale\" content=\"hu_HU\" \/>\n<meta property=\"og:type\" content=\"article\" \/>\n<meta property=\"og:title\" content=\"Cs\u0151szn\u00e9 Szatm\u00e1ri Szilvia szakdolgozata \u00c9gerh\u00e1zi Imr\u00e9r\u0151l, 2007 - \u00c9gerh\u00e1zi Imre\" \/>\n<meta property=\"og:description\" content=\"[vc_row][vc_column][vc_column_text] Cs\u0151szn\u00e9 Szatm\u00e1ri Szlivia szakdolgozata \u00c9gerh\u00e1zi Imr\u00e9r\u0151l (let\u00f6lthet\u0151 PDF) [\/vc_column_text][\/vc_column][\/vc_row][vc_row][vc_column][vc_single_image image=&#8221;11829&#8243; img_size=&#8221;full&#8221; alignment=&#8221;center&#8221;][\/vc_column][\/vc_row]\" \/>\n<meta property=\"og:url\" content=\"https:\/\/egerhaziimre.hu\/index.php\/eletrajz\/irasok-egerhazi-imrerol\/csoszne-szatmari-szilvia-szakdolgozata-egerhazi-imrerol-2006\/\" \/>\n<meta property=\"og:site_name\" content=\"\u00c9gerh\u00e1zi Imre\" \/>\n<meta property=\"article:modified_time\" content=\"2023-06-09T14:33:14+00:00\" \/>\n<meta name=\"twitter:card\" content=\"summary_large_image\" \/>\n<meta name=\"twitter:label1\" content=\"Becs\u00fclt olvas\u00e1si id\u0151\" \/>\n\t<meta name=\"twitter:data1\" content=\"1 perc\" \/>\n<script type=\"application\/ld+json\" class=\"yoast-schema-graph\">{\"@context\":\"https:\/\/schema.org\",\"@graph\":[{\"@type\":\"WebPage\",\"@id\":\"https:\/\/egerhaziimre.hu\/index.php\/eletrajz\/irasok-egerhazi-imrerol\/csoszne-szatmari-szilvia-szakdolgozata-egerhazi-imrerol-2006\/\",\"url\":\"https:\/\/egerhaziimre.hu\/index.php\/eletrajz\/irasok-egerhazi-imrerol\/csoszne-szatmari-szilvia-szakdolgozata-egerhazi-imrerol-2006\/\",\"name\":\"Cs\u0151szn\u00e9 Szatm\u00e1ri Szilvia szakdolgozata \u00c9gerh\u00e1zi Imr\u00e9r\u0151l, 2007 - \u00c9gerh\u00e1zi Imre\",\"isPartOf\":{\"@id\":\"https:\/\/egerhaziimre.hu\/#website\"},\"datePublished\":\"2006-10-13T09:49:49+00:00\",\"dateModified\":\"2023-06-09T14:33:14+00:00\",\"breadcrumb\":{\"@id\":\"https:\/\/egerhaziimre.hu\/index.php\/eletrajz\/irasok-egerhazi-imrerol\/csoszne-szatmari-szilvia-szakdolgozata-egerhazi-imrerol-2006\/#breadcrumb\"},\"inLanguage\":\"hu\",\"potentialAction\":[{\"@type\":\"ReadAction\",\"target\":[\"https:\/\/egerhaziimre.hu\/index.php\/eletrajz\/irasok-egerhazi-imrerol\/csoszne-szatmari-szilvia-szakdolgozata-egerhazi-imrerol-2006\/\"]}]},{\"@type\":\"BreadcrumbList\",\"@id\":\"https:\/\/egerhaziimre.hu\/index.php\/eletrajz\/irasok-egerhazi-imrerol\/csoszne-szatmari-szilvia-szakdolgozata-egerhazi-imrerol-2006\/#breadcrumb\",\"itemListElement\":[{\"@type\":\"ListItem\",\"position\":1,\"name\":\"Home\",\"item\":\"https:\/\/egerhaziimre.hu\/\"},{\"@type\":\"ListItem\",\"position\":2,\"name\":\"\u00c9letrajz\",\"item\":\"https:\/\/egerhaziimre.hu\/index.php\/eletrajz\/\"},{\"@type\":\"ListItem\",\"position\":3,\"name\":\"Writings about Imre \u00c9gerh\u00e1zi\",\"item\":\"https:\/\/egerhaziimre.hu\/index.php\/eletrajz\/irasok-egerhazi-imrerol\/?lang=en\"},{\"@type\":\"ListItem\",\"position\":4,\"name\":\"Cs\u0151szn\u00e9 Szatm\u00e1ri Szilvia szakdolgozata \u00c9gerh\u00e1zi Imr\u00e9r\u0151l, 2007\"}]},{\"@type\":\"WebSite\",\"@id\":\"https:\/\/egerhaziimre.hu\/#website\",\"url\":\"https:\/\/egerhaziimre.hu\/\",\"name\":\"\u00c9gerh\u00e1zi Imre\",\"description\":\"\",\"potentialAction\":[{\"@type\":\"SearchAction\",\"target\":{\"@type\":\"EntryPoint\",\"urlTemplate\":\"https:\/\/egerhaziimre.hu\/?s={search_term_string}\"},\"query-input\":{\"@type\":\"PropertyValueSpecification\",\"valueRequired\":true,\"valueName\":\"search_term_string\"}}],\"inLanguage\":\"hu\"}]}<\/script>\n<!-- \/ Yoast SEO plugin. -->","yoast_head_json":{"title":"Cs\u0151szn\u00e9 Szatm\u00e1ri Szilvia szakdolgozata \u00c9gerh\u00e1zi Imr\u00e9r\u0151l, 2007 - \u00c9gerh\u00e1zi Imre","robots":{"index":"index","follow":"follow","max-snippet":"max-snippet:-1","max-image-preview":"max-image-preview:large","max-video-preview":"max-video-preview:-1"},"canonical":"https:\/\/egerhaziimre.hu\/index.php\/eletrajz\/irasok-egerhazi-imrerol\/csoszne-szatmari-szilvia-szakdolgozata-egerhazi-imrerol-2006\/","og_locale":"hu_HU","og_type":"article","og_title":"Cs\u0151szn\u00e9 Szatm\u00e1ri Szilvia szakdolgozata \u00c9gerh\u00e1zi Imr\u00e9r\u0151l, 2007 - \u00c9gerh\u00e1zi Imre","og_description":"[vc_row][vc_column][vc_column_text] Cs\u0151szn\u00e9 Szatm\u00e1ri Szlivia szakdolgozata \u00c9gerh\u00e1zi Imr\u00e9r\u0151l (let\u00f6lthet\u0151 PDF) [\/vc_column_text][\/vc_column][\/vc_row][vc_row][vc_column][vc_single_image image=&#8221;11829&#8243; img_size=&#8221;full&#8221; alignment=&#8221;center&#8221;][\/vc_column][\/vc_row]","og_url":"https:\/\/egerhaziimre.hu\/index.php\/eletrajz\/irasok-egerhazi-imrerol\/csoszne-szatmari-szilvia-szakdolgozata-egerhazi-imrerol-2006\/","og_site_name":"\u00c9gerh\u00e1zi Imre","article_modified_time":"2023-06-09T14:33:14+00:00","twitter_card":"summary_large_image","twitter_misc":{"Becs\u00fclt olvas\u00e1si id\u0151":"1 perc"},"schema":{"@context":"https:\/\/schema.org","@graph":[{"@type":"WebPage","@id":"https:\/\/egerhaziimre.hu\/index.php\/eletrajz\/irasok-egerhazi-imrerol\/csoszne-szatmari-szilvia-szakdolgozata-egerhazi-imrerol-2006\/","url":"https:\/\/egerhaziimre.hu\/index.php\/eletrajz\/irasok-egerhazi-imrerol\/csoszne-szatmari-szilvia-szakdolgozata-egerhazi-imrerol-2006\/","name":"Cs\u0151szn\u00e9 Szatm\u00e1ri Szilvia szakdolgozata \u00c9gerh\u00e1zi Imr\u00e9r\u0151l, 2007 - \u00c9gerh\u00e1zi Imre","isPartOf":{"@id":"https:\/\/egerhaziimre.hu\/#website"},"datePublished":"2006-10-13T09:49:49+00:00","dateModified":"2023-06-09T14:33:14+00:00","breadcrumb":{"@id":"https:\/\/egerhaziimre.hu\/index.php\/eletrajz\/irasok-egerhazi-imrerol\/csoszne-szatmari-szilvia-szakdolgozata-egerhazi-imrerol-2006\/#breadcrumb"},"inLanguage":"hu","potentialAction":[{"@type":"ReadAction","target":["https:\/\/egerhaziimre.hu\/index.php\/eletrajz\/irasok-egerhazi-imrerol\/csoszne-szatmari-szilvia-szakdolgozata-egerhazi-imrerol-2006\/"]}]},{"@type":"BreadcrumbList","@id":"https:\/\/egerhaziimre.hu\/index.php\/eletrajz\/irasok-egerhazi-imrerol\/csoszne-szatmari-szilvia-szakdolgozata-egerhazi-imrerol-2006\/#breadcrumb","itemListElement":[{"@type":"ListItem","position":1,"name":"Home","item":"https:\/\/egerhaziimre.hu\/"},{"@type":"ListItem","position":2,"name":"\u00c9letrajz","item":"https:\/\/egerhaziimre.hu\/index.php\/eletrajz\/"},{"@type":"ListItem","position":3,"name":"Writings about Imre \u00c9gerh\u00e1zi","item":"https:\/\/egerhaziimre.hu\/index.php\/eletrajz\/irasok-egerhazi-imrerol\/?lang=en"},{"@type":"ListItem","position":4,"name":"Cs\u0151szn\u00e9 Szatm\u00e1ri Szilvia szakdolgozata \u00c9gerh\u00e1zi Imr\u00e9r\u0151l, 2007"}]},{"@type":"WebSite","@id":"https:\/\/egerhaziimre.hu\/#website","url":"https:\/\/egerhaziimre.hu\/","name":"\u00c9gerh\u00e1zi Imre","description":"","potentialAction":[{"@type":"SearchAction","target":{"@type":"EntryPoint","urlTemplate":"https:\/\/egerhaziimre.hu\/?s={search_term_string}"},"query-input":{"@type":"PropertyValueSpecification","valueRequired":true,"valueName":"search_term_string"}}],"inLanguage":"hu"}]}},"jetpack_sharing_enabled":true,"_links":{"self":[{"href":"https:\/\/egerhaziimre.hu\/index.php\/wp-json\/wp\/v2\/pages\/10806","targetHints":{"allow":["GET"]}}],"collection":[{"href":"https:\/\/egerhaziimre.hu\/index.php\/wp-json\/wp\/v2\/pages"}],"about":[{"href":"https:\/\/egerhaziimre.hu\/index.php\/wp-json\/wp\/v2\/types\/page"}],"author":[{"embeddable":true,"href":"https:\/\/egerhaziimre.hu\/index.php\/wp-json\/wp\/v2\/users\/4"}],"replies":[{"embeddable":true,"href":"https:\/\/egerhaziimre.hu\/index.php\/wp-json\/wp\/v2\/comments?post=10806"}],"version-history":[{"count":8,"href":"https:\/\/egerhaziimre.hu\/index.php\/wp-json\/wp\/v2\/pages\/10806\/revisions"}],"predecessor-version":[{"id":13126,"href":"https:\/\/egerhaziimre.hu\/index.php\/wp-json\/wp\/v2\/pages\/10806\/revisions\/13126"}],"up":[{"embeddable":true,"href":"https:\/\/egerhaziimre.hu\/index.php\/wp-json\/wp\/v2\/pages\/10535"}],"wp:attachment":[{"href":"https:\/\/egerhaziimre.hu\/index.php\/wp-json\/wp\/v2\/media?parent=10806"}],"wp:term":[{"taxonomy":"category","embeddable":true,"href":"https:\/\/egerhaziimre.hu\/index.php\/wp-json\/wp\/v2\/categories?post=10806"},{"taxonomy":"post_tag","embeddable":true,"href":"https:\/\/egerhaziimre.hu\/index.php\/wp-json\/wp\/v2\/tags?post=10806"}],"curies":[{"name":"wp","href":"https:\/\/api.w.org\/{rel}","templated":true}]}}