{"id":10843,"date":"1987-10-14T12:08:12","date_gmt":"1987-10-14T11:08:12","guid":{"rendered":"https:\/\/egerhaziimre.hu\/?page_id=10843"},"modified":"2023-06-13T11:50:57","modified_gmt":"2023-06-13T09:50:57","slug":"hortobagyi-alkototabor-kiallitasa-1987","status":"publish","type":"page","link":"https:\/\/egerhaziimre.hu\/index.php\/archivum\/audiovizualis-archivum\/hortobagyi-alkototabor-kiallitasa-1987\/","title":{"rendered":"A Hortob\u00e1gyi Alkot\u00f3t\u00e1bor ki\u00e1ll\u00edt\u00e1sa Thionville-ben, Franciaorsz\u00e1gban, 1987-ben"},"content":{"rendered":"<div class=\"wpb-content-wrapper\">[vc_row][vc_column][vc_column_text]\u00c9gerh\u00e1zi Imre fest\u0151m\u0171v\u00e9sz Super8-as \u00fati filmje, melyet a Thionville-i Magyar Napokon t\u00f6rt\u00e9nt utaz\u00e1s\u00e1t \u00f6r\u00f6k\u00edti meg.<br \/>\nA Magyar Napok alkalm\u00e1b\u00f3l ny\u00edlt meg a v\u00e1rosi kaszin\u00f3 \u00e9p\u00fclet\u00e9ben a Hortob\u00e1gyi Alkot\u00f3t\u00e1bor m\u0171v\u00e9szeinek ki\u00e1ll\u00edt\u00e1sa Franciaorsz\u00e1gban.<br \/>\nA film meg\u00f6r\u00f6k\u00edtette az odautat, a Thionvillei tart\u00f3zkod\u00e1st \u00e9s a hazautat.<\/p>\n<p><a href=\"https:\/\/egerhaziimre.hu\/index.php\/eletrajz\/irasok-egerhazi-imrerol\/magyar-napok-thionvilleben-1987\/\">A rendezv\u00e9nyr\u0151l az alkot\u00f3t\u00e1bor titk\u00e1ra, Kiripolszky K\u00e1roly \u00edrt besz\u00e1mol\u00f3t a Hajd\u00fa-Bihari Napl\u00f3ban.<\/a>[\/vc_column_text][vc_separator][vc_video link=&#8221;https:\/\/youtu.be\/V9z0bvTRN6c&#8221; el_width=&#8221;80&#8243; align=&#8221;center&#8221;][vc_separator][vc_column_text]\n<h6>Kapcsol\u00f3d\u00f3 cikkek, \u00edr\u00e1sok<\/h6>\n[\/vc_column_text][vc_basic_grid post_type=&#8221;page&#8221; max_items=&#8221;-1&#8243; element_width=&#8221;12&#8243; gap=&#8221;1&#8243; item=&#8221;10548&#8243; grid_id=&#8221;vc_gid:1686316945223-ebcec5e8-1780-7&#8243; taxonomies=&#8221;230&#8243;][\/vc_column][\/vc_row]\n<\/div>","protected":false},"excerpt":{"rendered":"<p>[vc_row][vc_column][vc_column_text]\u00c9gerh\u00e1zi Imre fest\u0151m\u0171v\u00e9sz Super8-as \u00fati filmje, melyet a Thionville-i Magyar Napokon t\u00f6rt\u00e9nt utaz\u00e1s\u00e1t \u00f6r\u00f6k\u00edti meg. A Magyar Napok alkalm\u00e1b\u00f3l ny\u00edlt meg a v\u00e1rosi kaszin\u00f3 \u00e9p\u00fclet\u00e9ben a Hortob\u00e1gyi Alkot\u00f3t\u00e1bor m\u0171v\u00e9szeinek ki\u00e1ll\u00edt\u00e1sa Franciaorsz\u00e1gban. A film meg\u00f6r\u00f6k\u00edtette az odautat, a Thionvillei tart\u00f3zkod\u00e1st \u00e9s a hazautat. A rendezv\u00e9nyr\u0151l az alkot\u00f3t\u00e1bor titk\u00e1ra, Kiripolszky K\u00e1roly \u00edrt besz\u00e1mol\u00f3t a Hajd\u00fa-Bihari Napl\u00f3ban.[\/vc_column_text][vc_separator][vc_video link=&#8221;https:\/\/youtu.be\/V9z0bvTRN6c&#8221; el_width=&#8221;80&#8243; align=&#8221;center&#8221;][vc_separator][vc_column_text] Kapcsol\u00f3d\u00f3 cikkek, \u00edr\u00e1sok [&hellip;]<\/p>\n","protected":false},"author":4,"featured_media":10847,"parent":41,"menu_order":0,"comment_status":"closed","ping_status":"closed","template":"","meta":{"footnotes":""},"categories":[53],"tags":[96,224,228],"class_list":["post-10843","page","type-page","status-publish","has-post-thumbnail","hentry","category-video","tag-96","tag-1987_thionvillei_magyar_napok_video","tag-hortobagyi_alkototabor_video"],"yoast_head":"<!-- This site is optimized with the Yoast SEO plugin v27.4 - https:\/\/yoast.com\/product\/yoast-seo-wordpress\/ -->\n<title>A Hortob\u00e1gyi Alkot\u00f3t\u00e1bor ki\u00e1ll\u00edt\u00e1sa Thionville-ben, Franciaorsz\u00e1gban, 1987-ben - \u00c9gerh\u00e1zi Imre<\/title>\n<meta name=\"robots\" content=\"index, follow, max-snippet:-1, max-image-preview:large, max-video-preview:-1\" \/>\n<link rel=\"canonical\" href=\"https:\/\/egerhaziimre.hu\/index.php\/archivum\/audiovizualis-archivum\/hortobagyi-alkototabor-kiallitasa-1987\/\" \/>\n<meta property=\"og:locale\" content=\"hu_HU\" \/>\n<meta property=\"og:type\" content=\"article\" \/>\n<meta property=\"og:title\" content=\"A Hortob\u00e1gyi Alkot\u00f3t\u00e1bor ki\u00e1ll\u00edt\u00e1sa Thionville-ben, Franciaorsz\u00e1gban, 1987-ben - \u00c9gerh\u00e1zi Imre\" \/>\n<meta property=\"og:description\" content=\"[vc_row][vc_column][vc_column_text]\u00c9gerh\u00e1zi Imre fest\u0151m\u0171v\u00e9sz Super8-as \u00fati filmje, melyet a Thionville-i Magyar Napokon t\u00f6rt\u00e9nt utaz\u00e1s\u00e1t \u00f6r\u00f6k\u00edti meg. A Magyar Napok alkalm\u00e1b\u00f3l ny\u00edlt meg a v\u00e1rosi kaszin\u00f3 \u00e9p\u00fclet\u00e9ben a Hortob\u00e1gyi Alkot\u00f3t\u00e1bor m\u0171v\u00e9szeinek ki\u00e1ll\u00edt\u00e1sa Franciaorsz\u00e1gban. A film meg\u00f6r\u00f6k\u00edtette az odautat, a Thionvillei tart\u00f3zkod\u00e1st \u00e9s a hazautat. A rendezv\u00e9nyr\u0151l az alkot\u00f3t\u00e1bor titk\u00e1ra, Kiripolszky K\u00e1roly \u00edrt besz\u00e1mol\u00f3t a Hajd\u00fa-Bihari Napl\u00f3ban.[\/vc_column_text][vc_separator][vc_video link=&#8221;https:\/\/youtu.be\/V9z0bvTRN6c&#8221; el_width=&#8221;80&#8243; align=&#8221;center&#8221;][vc_separator][vc_column_text] Kapcsol\u00f3d\u00f3 cikkek, \u00edr\u00e1sok [&hellip;]\" \/>\n<meta property=\"og:url\" content=\"https:\/\/egerhaziimre.hu\/index.php\/archivum\/audiovizualis-archivum\/hortobagyi-alkototabor-kiallitasa-1987\/\" \/>\n<meta property=\"og:site_name\" content=\"\u00c9gerh\u00e1zi Imre\" \/>\n<meta property=\"article:modified_time\" content=\"2023-06-13T09:50:57+00:00\" \/>\n<meta property=\"og:image\" content=\"https:\/\/egerhaziimre.hu\/wp-content\/uploads\/2020\/10\/hortobagyi_alkototabor_kiallitasa_1987_2-1024x553.png\" \/>\n\t<meta property=\"og:image:width\" content=\"1024\" \/>\n\t<meta property=\"og:image:height\" content=\"553\" \/>\n\t<meta property=\"og:image:type\" content=\"image\/png\" \/>\n<meta name=\"twitter:card\" content=\"summary_large_image\" \/>\n<meta name=\"twitter:label1\" content=\"Becs\u00fclt olvas\u00e1si id\u0151\" \/>\n\t<meta name=\"twitter:data1\" content=\"1 perc\" \/>\n<script type=\"application\/ld+json\" class=\"yoast-schema-graph\">{\"@context\":\"https:\\\/\\\/schema.org\",\"@graph\":[{\"@type\":\"WebPage\",\"@id\":\"https:\\\/\\\/egerhaziimre.hu\\\/index.php\\\/archivum\\\/audiovizualis-archivum\\\/hortobagyi-alkototabor-kiallitasa-1987\\\/\",\"url\":\"https:\\\/\\\/egerhaziimre.hu\\\/index.php\\\/archivum\\\/audiovizualis-archivum\\\/hortobagyi-alkototabor-kiallitasa-1987\\\/\",\"name\":\"A Hortob\u00e1gyi Alkot\u00f3t\u00e1bor ki\u00e1ll\u00edt\u00e1sa Thionville-ben, Franciaorsz\u00e1gban, 1987-ben - \u00c9gerh\u00e1zi Imre\",\"isPartOf\":{\"@id\":\"https:\\\/\\\/egerhaziimre.hu\\\/#website\"},\"primaryImageOfPage\":{\"@id\":\"https:\\\/\\\/egerhaziimre.hu\\\/index.php\\\/archivum\\\/audiovizualis-archivum\\\/hortobagyi-alkototabor-kiallitasa-1987\\\/#primaryimage\"},\"image\":{\"@id\":\"https:\\\/\\\/egerhaziimre.hu\\\/index.php\\\/archivum\\\/audiovizualis-archivum\\\/hortobagyi-alkototabor-kiallitasa-1987\\\/#primaryimage\"},\"thumbnailUrl\":\"https:\\\/\\\/egerhaziimre.hu\\\/wp-content\\\/uploads\\\/2020\\\/10\\\/hortobagyi_alkototabor_kiallitasa_1987_2.png\",\"datePublished\":\"1987-10-14T11:08:12+00:00\",\"dateModified\":\"2023-06-13T09:50:57+00:00\",\"breadcrumb\":{\"@id\":\"https:\\\/\\\/egerhaziimre.hu\\\/index.php\\\/archivum\\\/audiovizualis-archivum\\\/hortobagyi-alkototabor-kiallitasa-1987\\\/#breadcrumb\"},\"inLanguage\":\"hu\",\"potentialAction\":[{\"@type\":\"ReadAction\",\"target\":[\"https:\\\/\\\/egerhaziimre.hu\\\/index.php\\\/archivum\\\/audiovizualis-archivum\\\/hortobagyi-alkototabor-kiallitasa-1987\\\/\"]}]},{\"@type\":\"ImageObject\",\"inLanguage\":\"hu\",\"@id\":\"https:\\\/\\\/egerhaziimre.hu\\\/index.php\\\/archivum\\\/audiovizualis-archivum\\\/hortobagyi-alkototabor-kiallitasa-1987\\\/#primaryimage\",\"url\":\"https:\\\/\\\/egerhaziimre.hu\\\/wp-content\\\/uploads\\\/2020\\\/10\\\/hortobagyi_alkototabor_kiallitasa_1987_2.png\",\"contentUrl\":\"https:\\\/\\\/egerhaziimre.hu\\\/wp-content\\\/uploads\\\/2020\\\/10\\\/hortobagyi_alkototabor_kiallitasa_1987_2.png\",\"width\":2560,\"height\":1382},{\"@type\":\"BreadcrumbList\",\"@id\":\"https:\\\/\\\/egerhaziimre.hu\\\/index.php\\\/archivum\\\/audiovizualis-archivum\\\/hortobagyi-alkototabor-kiallitasa-1987\\\/#breadcrumb\",\"itemListElement\":[{\"@type\":\"ListItem\",\"position\":1,\"name\":\"Home\",\"item\":\"https:\\\/\\\/egerhaziimre.hu\\\/\"},{\"@type\":\"ListItem\",\"position\":2,\"name\":\"Archives\",\"item\":\"https:\\\/\\\/egerhaziimre.hu\\\/index.php\\\/archivum\\\/?lang=en\"},{\"@type\":\"ListItem\",\"position\":3,\"name\":\"Audiovisual archives\",\"item\":\"https:\\\/\\\/egerhaziimre.hu\\\/index.php\\\/archivum\\\/audiovizualis-archivum\\\/?lang=en\"},{\"@type\":\"ListItem\",\"position\":4,\"name\":\"A Hortob\u00e1gyi Alkot\u00f3t\u00e1bor ki\u00e1ll\u00edt\u00e1sa Thionville-ben, Franciaorsz\u00e1gban, 1987-ben\"}]},{\"@type\":\"WebSite\",\"@id\":\"https:\\\/\\\/egerhaziimre.hu\\\/#website\",\"url\":\"https:\\\/\\\/egerhaziimre.hu\\\/\",\"name\":\"\u00c9gerh\u00e1zi Imre\",\"description\":\"\",\"potentialAction\":[{\"@type\":\"SearchAction\",\"target\":{\"@type\":\"EntryPoint\",\"urlTemplate\":\"https:\\\/\\\/egerhaziimre.hu\\\/?s={search_term_string}\"},\"query-input\":{\"@type\":\"PropertyValueSpecification\",\"valueRequired\":true,\"valueName\":\"search_term_string\"}}],\"inLanguage\":\"hu\"}]}<\/script>\n<!-- \/ Yoast SEO plugin. -->","yoast_head_json":{"title":"A Hortob\u00e1gyi Alkot\u00f3t\u00e1bor ki\u00e1ll\u00edt\u00e1sa Thionville-ben, Franciaorsz\u00e1gban, 1987-ben - \u00c9gerh\u00e1zi Imre","robots":{"index":"index","follow":"follow","max-snippet":"max-snippet:-1","max-image-preview":"max-image-preview:large","max-video-preview":"max-video-preview:-1"},"canonical":"https:\/\/egerhaziimre.hu\/index.php\/archivum\/audiovizualis-archivum\/hortobagyi-alkototabor-kiallitasa-1987\/","og_locale":"hu_HU","og_type":"article","og_title":"A Hortob\u00e1gyi Alkot\u00f3t\u00e1bor ki\u00e1ll\u00edt\u00e1sa Thionville-ben, Franciaorsz\u00e1gban, 1987-ben - \u00c9gerh\u00e1zi Imre","og_description":"[vc_row][vc_column][vc_column_text]\u00c9gerh\u00e1zi Imre fest\u0151m\u0171v\u00e9sz Super8-as \u00fati filmje, melyet a Thionville-i Magyar Napokon t\u00f6rt\u00e9nt utaz\u00e1s\u00e1t \u00f6r\u00f6k\u00edti meg. A Magyar Napok alkalm\u00e1b\u00f3l ny\u00edlt meg a v\u00e1rosi kaszin\u00f3 \u00e9p\u00fclet\u00e9ben a Hortob\u00e1gyi Alkot\u00f3t\u00e1bor m\u0171v\u00e9szeinek ki\u00e1ll\u00edt\u00e1sa Franciaorsz\u00e1gban. A film meg\u00f6r\u00f6k\u00edtette az odautat, a Thionvillei tart\u00f3zkod\u00e1st \u00e9s a hazautat. A rendezv\u00e9nyr\u0151l az alkot\u00f3t\u00e1bor titk\u00e1ra, Kiripolszky K\u00e1roly \u00edrt besz\u00e1mol\u00f3t a Hajd\u00fa-Bihari Napl\u00f3ban.[\/vc_column_text][vc_separator][vc_video link=&#8221;https:\/\/youtu.be\/V9z0bvTRN6c&#8221; el_width=&#8221;80&#8243; align=&#8221;center&#8221;][vc_separator][vc_column_text] Kapcsol\u00f3d\u00f3 cikkek, \u00edr\u00e1sok [&hellip;]","og_url":"https:\/\/egerhaziimre.hu\/index.php\/archivum\/audiovizualis-archivum\/hortobagyi-alkototabor-kiallitasa-1987\/","og_site_name":"\u00c9gerh\u00e1zi Imre","article_modified_time":"2023-06-13T09:50:57+00:00","og_image":[{"width":1024,"height":553,"url":"https:\/\/egerhaziimre.hu\/wp-content\/uploads\/2020\/10\/hortobagyi_alkototabor_kiallitasa_1987_2-1024x553.png","type":"image\/png"}],"twitter_card":"summary_large_image","twitter_misc":{"Becs\u00fclt olvas\u00e1si id\u0151":"1 perc"},"schema":{"@context":"https:\/\/schema.org","@graph":[{"@type":"WebPage","@id":"https:\/\/egerhaziimre.hu\/index.php\/archivum\/audiovizualis-archivum\/hortobagyi-alkototabor-kiallitasa-1987\/","url":"https:\/\/egerhaziimre.hu\/index.php\/archivum\/audiovizualis-archivum\/hortobagyi-alkototabor-kiallitasa-1987\/","name":"A Hortob\u00e1gyi Alkot\u00f3t\u00e1bor ki\u00e1ll\u00edt\u00e1sa Thionville-ben, Franciaorsz\u00e1gban, 1987-ben - \u00c9gerh\u00e1zi Imre","isPartOf":{"@id":"https:\/\/egerhaziimre.hu\/#website"},"primaryImageOfPage":{"@id":"https:\/\/egerhaziimre.hu\/index.php\/archivum\/audiovizualis-archivum\/hortobagyi-alkototabor-kiallitasa-1987\/#primaryimage"},"image":{"@id":"https:\/\/egerhaziimre.hu\/index.php\/archivum\/audiovizualis-archivum\/hortobagyi-alkototabor-kiallitasa-1987\/#primaryimage"},"thumbnailUrl":"https:\/\/egerhaziimre.hu\/wp-content\/uploads\/2020\/10\/hortobagyi_alkototabor_kiallitasa_1987_2.png","datePublished":"1987-10-14T11:08:12+00:00","dateModified":"2023-06-13T09:50:57+00:00","breadcrumb":{"@id":"https:\/\/egerhaziimre.hu\/index.php\/archivum\/audiovizualis-archivum\/hortobagyi-alkototabor-kiallitasa-1987\/#breadcrumb"},"inLanguage":"hu","potentialAction":[{"@type":"ReadAction","target":["https:\/\/egerhaziimre.hu\/index.php\/archivum\/audiovizualis-archivum\/hortobagyi-alkototabor-kiallitasa-1987\/"]}]},{"@type":"ImageObject","inLanguage":"hu","@id":"https:\/\/egerhaziimre.hu\/index.php\/archivum\/audiovizualis-archivum\/hortobagyi-alkototabor-kiallitasa-1987\/#primaryimage","url":"https:\/\/egerhaziimre.hu\/wp-content\/uploads\/2020\/10\/hortobagyi_alkototabor_kiallitasa_1987_2.png","contentUrl":"https:\/\/egerhaziimre.hu\/wp-content\/uploads\/2020\/10\/hortobagyi_alkototabor_kiallitasa_1987_2.png","width":2560,"height":1382},{"@type":"BreadcrumbList","@id":"https:\/\/egerhaziimre.hu\/index.php\/archivum\/audiovizualis-archivum\/hortobagyi-alkototabor-kiallitasa-1987\/#breadcrumb","itemListElement":[{"@type":"ListItem","position":1,"name":"Home","item":"https:\/\/egerhaziimre.hu\/"},{"@type":"ListItem","position":2,"name":"Archives","item":"https:\/\/egerhaziimre.hu\/index.php\/archivum\/?lang=en"},{"@type":"ListItem","position":3,"name":"Audiovisual archives","item":"https:\/\/egerhaziimre.hu\/index.php\/archivum\/audiovizualis-archivum\/?lang=en"},{"@type":"ListItem","position":4,"name":"A Hortob\u00e1gyi Alkot\u00f3t\u00e1bor ki\u00e1ll\u00edt\u00e1sa Thionville-ben, Franciaorsz\u00e1gban, 1987-ben"}]},{"@type":"WebSite","@id":"https:\/\/egerhaziimre.hu\/#website","url":"https:\/\/egerhaziimre.hu\/","name":"\u00c9gerh\u00e1zi Imre","description":"","potentialAction":[{"@type":"SearchAction","target":{"@type":"EntryPoint","urlTemplate":"https:\/\/egerhaziimre.hu\/?s={search_term_string}"},"query-input":{"@type":"PropertyValueSpecification","valueRequired":true,"valueName":"search_term_string"}}],"inLanguage":"hu"}]}},"jetpack_sharing_enabled":true,"_links":{"self":[{"href":"https:\/\/egerhaziimre.hu\/index.php\/wp-json\/wp\/v2\/pages\/10843","targetHints":{"allow":["GET"]}}],"collection":[{"href":"https:\/\/egerhaziimre.hu\/index.php\/wp-json\/wp\/v2\/pages"}],"about":[{"href":"https:\/\/egerhaziimre.hu\/index.php\/wp-json\/wp\/v2\/types\/page"}],"author":[{"embeddable":true,"href":"https:\/\/egerhaziimre.hu\/index.php\/wp-json\/wp\/v2\/users\/4"}],"replies":[{"embeddable":true,"href":"https:\/\/egerhaziimre.hu\/index.php\/wp-json\/wp\/v2\/comments?post=10843"}],"version-history":[{"count":8,"href":"https:\/\/egerhaziimre.hu\/index.php\/wp-json\/wp\/v2\/pages\/10843\/revisions"}],"predecessor-version":[{"id":13136,"href":"https:\/\/egerhaziimre.hu\/index.php\/wp-json\/wp\/v2\/pages\/10843\/revisions\/13136"}],"up":[{"embeddable":true,"href":"https:\/\/egerhaziimre.hu\/index.php\/wp-json\/wp\/v2\/pages\/41"}],"wp:featuredmedia":[{"embeddable":true,"href":"https:\/\/egerhaziimre.hu\/index.php\/wp-json\/wp\/v2\/media\/10847"}],"wp:attachment":[{"href":"https:\/\/egerhaziimre.hu\/index.php\/wp-json\/wp\/v2\/media?parent=10843"}],"wp:term":[{"taxonomy":"category","embeddable":true,"href":"https:\/\/egerhaziimre.hu\/index.php\/wp-json\/wp\/v2\/categories?post=10843"},{"taxonomy":"post_tag","embeddable":true,"href":"https:\/\/egerhaziimre.hu\/index.php\/wp-json\/wp\/v2\/tags?post=10843"}],"curies":[{"name":"wp","href":"https:\/\/api.w.org\/{rel}","templated":true}]}}