{"id":1100,"date":"2016-08-06T09:30:14","date_gmt":"2016-08-06T07:30:14","guid":{"rendered":"http:\/\/egerhaziimre.magex.hu\/?page_id=1100"},"modified":"2020-09-21T15:19:03","modified_gmt":"2020-09-21T13:19:03","slug":"egerhazi-talalkozon-a-mult-a-jelen-es-a-jovo","status":"publish","type":"page","link":"https:\/\/egerhaziimre.hu\/index.php\/archivum\/aktualitasok-hirek\/egerhazi-talalkozon-a-mult-a-jelen-es-a-jovo\/","title":{"rendered":"\u00c9gerh\u00e1zi-tal\u00e1lkoz\u00f3n a m\u00falt, a jelen \u00e9s a j\u00f6v\u0151"},"content":{"rendered":"<div class=\"wpb-content-wrapper\">[vc_row][vc_column][vc_empty_space height=&#8221;15px&#8221;][vc_column_text]Legut\u00f3bb 1999-ben tal\u00e1lkoztak az \u00c9gerh\u00e1zi csal\u00e1d tagjai Hajd\u00fahadh\u00e1zon kieg\u00e9sz\u00fclve az Egerh\u00e1zi csal\u00e1d m\u00e9g \u00e9l\u0151 tagjaival, ugyanis a k\u00e9t \u00e9vvel kor\u00e1bbi els\u0151 tal\u00e1lkoz\u00f3 ut\u00e1ni csal\u00e1dfakutat\u00e1s kider\u00edtette, egy t\u0151r\u0151l fakad a kett\u0151. A m\u00falt eg\u00e9szen az 1300-as \u00e9vekbe vezet viszsza az erd\u00e9lyi Mez\u0151b\u00e1ndba, akkor olvadt bele a n\u00e9vad\u00f3 Egerh\u00e1za. Az \u00fajabb, imm\u00e1r harmadik tal\u00e1lkoz\u00f3nak a hajd\u00fan\u00e1n\u00e1si M\u00f3ricz P\u00e1l Helyt\u00f6rt\u00e9neti M\u00fazeum adott otthont szombaton, ahol a faszobr\u00e1sz rokon, \u00c9gerh\u00e1zy L\u00e1szl\u00f3 alkot\u00e1sai k\u00f6z\u00f6tt vetettek sz\u00e1mot a n\u00e9pes csal\u00e1d megjelent tagjai m\u00faltr\u00f3l, jelenr\u0151l \u00e9s j\u00f6v\u0151r\u0151l.<\/p>\n<p><b>Tizenh\u00e9t \u00e9v ut\u00e1n j\u00f6tt a harmadik<\/b><br \/>\nK\u00f6nny\u0171 helyzetben van az \u00c9gerh\u00e1zi csal\u00e1d, hiszen, aki ilyen, illetve Egerh\u00e1zi n\u00e9vvel \u00e9l \u00e9s mozog a f\u00f6ld\u00f6n, azt minden tagja rokonk\u00e9nt k\u00f6sz\u00f6ntheti. Az egykori kis erd\u00e9lyi telep\u00fcl\u00e9s, Egerh\u00e1za, amely 1300-ban beolvadt Mez\u0151b\u00e1ndba, volt a fam\u00edlia n\u00e9vad\u00f3ja, ilyen bejegyz\u00e9ssel kapt\u00e1k az erd\u00e9lyi fejedelmekt\u0151l nemesi okleveleiket a jeles \u0151s\u00f6k. R\u00e1juk is eml\u00e9keztek a ma \u00e9l\u0151 ut\u00f3dok, akik az ezredfordul\u00f3 el\u0151tti k\u00e9t hajd\u00fahadh\u00e1zi tal\u00e1lkoz\u00f3 ut\u00e1n szombaton Hajd\u00fan\u00e1n\u00e1son gy\u0171ltek \u00f6ssze szerbe-sz\u00e1mba venni a k\u00f6zel k\u00e9t \u00e9vtized alatt t\u00f6rt\u00e9nt v\u00e1ltoz\u00e1sokat.[\/vc_column_text][vc_column_text]\n<h6>Fot\u00f3gal\u00e9ria<\/h6>\n[\/vc_column_text][vc_media_grid style=&#8221;lazy&#8221; items_per_page=&#8221;12&#8243; element_width=&#8221;3&#8243; gap=&#8221;15&#8243; grid_id=&#8221;vc_gid:1600694259011-8eeb2783-529e-9&#8243; include=&#8221;1101,1104,1105,1106,1107,1108,1109,1110,1111,1112&#8243;][\/vc_column][\/vc_row]\n<\/div>","protected":false},"excerpt":{"rendered":"<p>[vc_row][vc_column][vc_empty_space height=&#8221;15px&#8221;][vc_column_text]Legut\u00f3bb 1999-ben tal\u00e1lkoztak az \u00c9gerh\u00e1zi csal\u00e1d tagjai Hajd\u00fahadh\u00e1zon kieg\u00e9sz\u00fclve az Egerh\u00e1zi csal\u00e1d m\u00e9g \u00e9l\u0151 tagjaival, ugyanis a k\u00e9t \u00e9vvel kor\u00e1bbi els\u0151 tal\u00e1lkoz\u00f3 ut\u00e1ni csal\u00e1dfakutat\u00e1s kider\u00edtette, egy t\u0151r\u0151l fakad a kett\u0151. A m\u00falt eg\u00e9szen az 1300-as \u00e9vekbe vezet viszsza az erd\u00e9lyi Mez\u0151b\u00e1ndba, akkor olvadt bele a n\u00e9vad\u00f3 Egerh\u00e1za. Az \u00fajabb, imm\u00e1r harmadik tal\u00e1lkoz\u00f3nak a hajd\u00fan\u00e1n\u00e1si M\u00f3ricz P\u00e1l Helyt\u00f6rt\u00e9neti M\u00fazeum adott [&hellip;]<\/p>\n","protected":false},"author":4,"featured_media":1101,"parent":28,"menu_order":0,"comment_status":"closed","ping_status":"closed","template":"","meta":{"footnotes":""},"categories":[13],"tags":[100],"class_list":["post-1100","page","type-page","status-publish","has-post-thumbnail","hentry","category-hirek","tag-100"],"yoast_head":"<!-- This site is optimized with the Yoast SEO plugin v27.3 - https:\/\/yoast.com\/product\/yoast-seo-wordpress\/ -->\n<title>\u00c9gerh\u00e1zi-tal\u00e1lkoz\u00f3n a m\u00falt, a jelen \u00e9s a j\u00f6v\u0151 - \u00c9gerh\u00e1zi Imre<\/title>\n<meta name=\"robots\" content=\"index, follow, max-snippet:-1, max-image-preview:large, max-video-preview:-1\" \/>\n<link rel=\"canonical\" href=\"https:\/\/egerhaziimre.hu\/index.php\/archivum\/aktualitasok-hirek\/egerhazi-talalkozon-a-mult-a-jelen-es-a-jovo\/?lang=en\" \/>\n<meta property=\"og:locale\" content=\"hu_HU\" \/>\n<meta property=\"og:type\" content=\"article\" \/>\n<meta property=\"og:title\" content=\"\u00c9gerh\u00e1zi-tal\u00e1lkoz\u00f3n a m\u00falt, a jelen \u00e9s a j\u00f6v\u0151 - \u00c9gerh\u00e1zi Imre\" \/>\n<meta property=\"og:description\" content=\"[vc_row][vc_column][vc_empty_space height=&#8221;15px&#8221;][vc_column_text]Legut\u00f3bb 1999-ben tal\u00e1lkoztak az \u00c9gerh\u00e1zi csal\u00e1d tagjai Hajd\u00fahadh\u00e1zon kieg\u00e9sz\u00fclve az Egerh\u00e1zi csal\u00e1d m\u00e9g \u00e9l\u0151 tagjaival, ugyanis a k\u00e9t \u00e9vvel kor\u00e1bbi els\u0151 tal\u00e1lkoz\u00f3 ut\u00e1ni csal\u00e1dfakutat\u00e1s kider\u00edtette, egy t\u0151r\u0151l fakad a kett\u0151. A m\u00falt eg\u00e9szen az 1300-as \u00e9vekbe vezet viszsza az erd\u00e9lyi Mez\u0151b\u00e1ndba, akkor olvadt bele a n\u00e9vad\u00f3 Egerh\u00e1za. Az \u00fajabb, imm\u00e1r harmadik tal\u00e1lkoz\u00f3nak a hajd\u00fan\u00e1n\u00e1si M\u00f3ricz P\u00e1l Helyt\u00f6rt\u00e9neti M\u00fazeum adott [&hellip;]\" \/>\n<meta property=\"og:url\" content=\"https:\/\/egerhaziimre.hu\/index.php\/archivum\/aktualitasok-hirek\/egerhazi-talalkozon-a-mult-a-jelen-es-a-jovo\/?lang=en\" \/>\n<meta property=\"og:site_name\" content=\"\u00c9gerh\u00e1zi Imre\" \/>\n<meta property=\"article:modified_time\" content=\"2020-09-21T13:19:03+00:00\" \/>\n<meta property=\"og:image\" content=\"https:\/\/egerhaziimre.hu\/wp-content\/uploads\/2019\/08\/Aktualitasok_hirek\/egerhazi_talalkozon\/Egerhazi_talalkozo_2016_10.jpg\" \/>\n\t<meta property=\"og:image:width\" content=\"800\" \/>\n\t<meta property=\"og:image:height\" content=\"544\" \/>\n\t<meta property=\"og:image:type\" content=\"image\/jpeg\" \/>\n<meta name=\"twitter:card\" content=\"summary_large_image\" \/>\n<meta name=\"twitter:label1\" content=\"Becs\u00fclt olvas\u00e1si id\u0151\" \/>\n\t<meta name=\"twitter:data1\" content=\"3 perc\" \/>\n<script type=\"application\/ld+json\" class=\"yoast-schema-graph\">{\"@context\":\"https:\\\/\\\/schema.org\",\"@graph\":[{\"@type\":\"WebPage\",\"@id\":\"https:\\\/\\\/egerhaziimre.hu\\\/index.php\\\/archivum\\\/aktualitasok-hirek\\\/egerhazi-talalkozon-a-mult-a-jelen-es-a-jovo\\\/?lang=en\",\"url\":\"https:\\\/\\\/egerhaziimre.hu\\\/index.php\\\/archivum\\\/aktualitasok-hirek\\\/egerhazi-talalkozon-a-mult-a-jelen-es-a-jovo\\\/?lang=en\",\"name\":\"\u00c9gerh\u00e1zi-tal\u00e1lkoz\u00f3n a m\u00falt, a jelen \u00e9s a j\u00f6v\u0151 - \u00c9gerh\u00e1zi Imre\",\"isPartOf\":{\"@id\":\"https:\\\/\\\/egerhaziimre.hu\\\/#website\"},\"primaryImageOfPage\":{\"@id\":\"https:\\\/\\\/egerhaziimre.hu\\\/index.php\\\/archivum\\\/aktualitasok-hirek\\\/egerhazi-talalkozon-a-mult-a-jelen-es-a-jovo\\\/?lang=en#primaryimage\"},\"image\":{\"@id\":\"https:\\\/\\\/egerhaziimre.hu\\\/index.php\\\/archivum\\\/aktualitasok-hirek\\\/egerhazi-talalkozon-a-mult-a-jelen-es-a-jovo\\\/?lang=en#primaryimage\"},\"thumbnailUrl\":\"https:\\\/\\\/egerhaziimre.hu\\\/wp-content\\\/uploads\\\/2019\\\/08\\\/Aktualitasok_hirek\\\/egerhazi_talalkozon\\\/Egerhazi_talalkozo_2016_10.jpg\",\"datePublished\":\"2016-08-06T07:30:14+00:00\",\"dateModified\":\"2020-09-21T13:19:03+00:00\",\"breadcrumb\":{\"@id\":\"https:\\\/\\\/egerhaziimre.hu\\\/index.php\\\/archivum\\\/aktualitasok-hirek\\\/egerhazi-talalkozon-a-mult-a-jelen-es-a-jovo\\\/?lang=en#breadcrumb\"},\"inLanguage\":\"hu\",\"potentialAction\":[{\"@type\":\"ReadAction\",\"target\":[\"https:\\\/\\\/egerhaziimre.hu\\\/index.php\\\/archivum\\\/aktualitasok-hirek\\\/egerhazi-talalkozon-a-mult-a-jelen-es-a-jovo\\\/?lang=en\"]}]},{\"@type\":\"ImageObject\",\"inLanguage\":\"hu\",\"@id\":\"https:\\\/\\\/egerhaziimre.hu\\\/index.php\\\/archivum\\\/aktualitasok-hirek\\\/egerhazi-talalkozon-a-mult-a-jelen-es-a-jovo\\\/?lang=en#primaryimage\",\"url\":\"https:\\\/\\\/egerhaziimre.hu\\\/wp-content\\\/uploads\\\/2019\\\/08\\\/Aktualitasok_hirek\\\/egerhazi_talalkozon\\\/Egerhazi_talalkozo_2016_10.jpg\",\"contentUrl\":\"https:\\\/\\\/egerhaziimre.hu\\\/wp-content\\\/uploads\\\/2019\\\/08\\\/Aktualitasok_hirek\\\/egerhazi_talalkozon\\\/Egerhazi_talalkozo_2016_10.jpg\",\"width\":800,\"height\":544,\"caption\":\"2016\"},{\"@type\":\"BreadcrumbList\",\"@id\":\"https:\\\/\\\/egerhaziimre.hu\\\/index.php\\\/archivum\\\/aktualitasok-hirek\\\/egerhazi-talalkozon-a-mult-a-jelen-es-a-jovo\\\/?lang=en#breadcrumb\",\"itemListElement\":[{\"@type\":\"ListItem\",\"position\":1,\"name\":\"Home\",\"item\":\"https:\\\/\\\/egerhaziimre.hu\\\/\"},{\"@type\":\"ListItem\",\"position\":2,\"name\":\"Archives\",\"item\":\"https:\\\/\\\/egerhaziimre.hu\\\/index.php\\\/archivum\\\/?lang=en\"},{\"@type\":\"ListItem\",\"position\":3,\"name\":\"News\",\"item\":\"https:\\\/\\\/egerhaziimre.hu\\\/index.php\\\/archivum\\\/aktualitasok-hirek\\\/?lang=en\"},{\"@type\":\"ListItem\",\"position\":4,\"name\":\"\u00c9ger\u00e1zi-meeting for the past, present and future\"}]},{\"@type\":\"WebSite\",\"@id\":\"https:\\\/\\\/egerhaziimre.hu\\\/#website\",\"url\":\"https:\\\/\\\/egerhaziimre.hu\\\/\",\"name\":\"\u00c9gerh\u00e1zi Imre\",\"description\":\"\",\"potentialAction\":[{\"@type\":\"SearchAction\",\"target\":{\"@type\":\"EntryPoint\",\"urlTemplate\":\"https:\\\/\\\/egerhaziimre.hu\\\/?s={search_term_string}\"},\"query-input\":{\"@type\":\"PropertyValueSpecification\",\"valueRequired\":true,\"valueName\":\"search_term_string\"}}],\"inLanguage\":\"hu\"}]}<\/script>\n<!-- \/ Yoast SEO plugin. -->","yoast_head_json":{"title":"\u00c9gerh\u00e1zi-tal\u00e1lkoz\u00f3n a m\u00falt, a jelen \u00e9s a j\u00f6v\u0151 - \u00c9gerh\u00e1zi Imre","robots":{"index":"index","follow":"follow","max-snippet":"max-snippet:-1","max-image-preview":"max-image-preview:large","max-video-preview":"max-video-preview:-1"},"canonical":"https:\/\/egerhaziimre.hu\/index.php\/archivum\/aktualitasok-hirek\/egerhazi-talalkozon-a-mult-a-jelen-es-a-jovo\/?lang=en","og_locale":"hu_HU","og_type":"article","og_title":"\u00c9gerh\u00e1zi-tal\u00e1lkoz\u00f3n a m\u00falt, a jelen \u00e9s a j\u00f6v\u0151 - \u00c9gerh\u00e1zi Imre","og_description":"[vc_row][vc_column][vc_empty_space height=&#8221;15px&#8221;][vc_column_text]Legut\u00f3bb 1999-ben tal\u00e1lkoztak az \u00c9gerh\u00e1zi csal\u00e1d tagjai Hajd\u00fahadh\u00e1zon kieg\u00e9sz\u00fclve az Egerh\u00e1zi csal\u00e1d m\u00e9g \u00e9l\u0151 tagjaival, ugyanis a k\u00e9t \u00e9vvel kor\u00e1bbi els\u0151 tal\u00e1lkoz\u00f3 ut\u00e1ni csal\u00e1dfakutat\u00e1s kider\u00edtette, egy t\u0151r\u0151l fakad a kett\u0151. A m\u00falt eg\u00e9szen az 1300-as \u00e9vekbe vezet viszsza az erd\u00e9lyi Mez\u0151b\u00e1ndba, akkor olvadt bele a n\u00e9vad\u00f3 Egerh\u00e1za. Az \u00fajabb, imm\u00e1r harmadik tal\u00e1lkoz\u00f3nak a hajd\u00fan\u00e1n\u00e1si M\u00f3ricz P\u00e1l Helyt\u00f6rt\u00e9neti M\u00fazeum adott [&hellip;]","og_url":"https:\/\/egerhaziimre.hu\/index.php\/archivum\/aktualitasok-hirek\/egerhazi-talalkozon-a-mult-a-jelen-es-a-jovo\/?lang=en","og_site_name":"\u00c9gerh\u00e1zi Imre","article_modified_time":"2020-09-21T13:19:03+00:00","og_image":[{"width":800,"height":544,"url":"https:\/\/egerhaziimre.hu\/wp-content\/uploads\/2019\/08\/Aktualitasok_hirek\/egerhazi_talalkozon\/Egerhazi_talalkozo_2016_10.jpg","type":"image\/jpeg"}],"twitter_card":"summary_large_image","twitter_misc":{"Becs\u00fclt olvas\u00e1si id\u0151":"3 perc"},"schema":{"@context":"https:\/\/schema.org","@graph":[{"@type":"WebPage","@id":"https:\/\/egerhaziimre.hu\/index.php\/archivum\/aktualitasok-hirek\/egerhazi-talalkozon-a-mult-a-jelen-es-a-jovo\/?lang=en","url":"https:\/\/egerhaziimre.hu\/index.php\/archivum\/aktualitasok-hirek\/egerhazi-talalkozon-a-mult-a-jelen-es-a-jovo\/?lang=en","name":"\u00c9gerh\u00e1zi-tal\u00e1lkoz\u00f3n a m\u00falt, a jelen \u00e9s a j\u00f6v\u0151 - \u00c9gerh\u00e1zi Imre","isPartOf":{"@id":"https:\/\/egerhaziimre.hu\/#website"},"primaryImageOfPage":{"@id":"https:\/\/egerhaziimre.hu\/index.php\/archivum\/aktualitasok-hirek\/egerhazi-talalkozon-a-mult-a-jelen-es-a-jovo\/?lang=en#primaryimage"},"image":{"@id":"https:\/\/egerhaziimre.hu\/index.php\/archivum\/aktualitasok-hirek\/egerhazi-talalkozon-a-mult-a-jelen-es-a-jovo\/?lang=en#primaryimage"},"thumbnailUrl":"https:\/\/egerhaziimre.hu\/wp-content\/uploads\/2019\/08\/Aktualitasok_hirek\/egerhazi_talalkozon\/Egerhazi_talalkozo_2016_10.jpg","datePublished":"2016-08-06T07:30:14+00:00","dateModified":"2020-09-21T13:19:03+00:00","breadcrumb":{"@id":"https:\/\/egerhaziimre.hu\/index.php\/archivum\/aktualitasok-hirek\/egerhazi-talalkozon-a-mult-a-jelen-es-a-jovo\/?lang=en#breadcrumb"},"inLanguage":"hu","potentialAction":[{"@type":"ReadAction","target":["https:\/\/egerhaziimre.hu\/index.php\/archivum\/aktualitasok-hirek\/egerhazi-talalkozon-a-mult-a-jelen-es-a-jovo\/?lang=en"]}]},{"@type":"ImageObject","inLanguage":"hu","@id":"https:\/\/egerhaziimre.hu\/index.php\/archivum\/aktualitasok-hirek\/egerhazi-talalkozon-a-mult-a-jelen-es-a-jovo\/?lang=en#primaryimage","url":"https:\/\/egerhaziimre.hu\/wp-content\/uploads\/2019\/08\/Aktualitasok_hirek\/egerhazi_talalkozon\/Egerhazi_talalkozo_2016_10.jpg","contentUrl":"https:\/\/egerhaziimre.hu\/wp-content\/uploads\/2019\/08\/Aktualitasok_hirek\/egerhazi_talalkozon\/Egerhazi_talalkozo_2016_10.jpg","width":800,"height":544,"caption":"2016"},{"@type":"BreadcrumbList","@id":"https:\/\/egerhaziimre.hu\/index.php\/archivum\/aktualitasok-hirek\/egerhazi-talalkozon-a-mult-a-jelen-es-a-jovo\/?lang=en#breadcrumb","itemListElement":[{"@type":"ListItem","position":1,"name":"Home","item":"https:\/\/egerhaziimre.hu\/"},{"@type":"ListItem","position":2,"name":"Archives","item":"https:\/\/egerhaziimre.hu\/index.php\/archivum\/?lang=en"},{"@type":"ListItem","position":3,"name":"News","item":"https:\/\/egerhaziimre.hu\/index.php\/archivum\/aktualitasok-hirek\/?lang=en"},{"@type":"ListItem","position":4,"name":"\u00c9ger\u00e1zi-meeting for the past, present and future"}]},{"@type":"WebSite","@id":"https:\/\/egerhaziimre.hu\/#website","url":"https:\/\/egerhaziimre.hu\/","name":"\u00c9gerh\u00e1zi Imre","description":"","potentialAction":[{"@type":"SearchAction","target":{"@type":"EntryPoint","urlTemplate":"https:\/\/egerhaziimre.hu\/?s={search_term_string}"},"query-input":{"@type":"PropertyValueSpecification","valueRequired":true,"valueName":"search_term_string"}}],"inLanguage":"hu"}]}},"jetpack_sharing_enabled":true,"_links":{"self":[{"href":"https:\/\/egerhaziimre.hu\/index.php\/wp-json\/wp\/v2\/pages\/1100","targetHints":{"allow":["GET"]}}],"collection":[{"href":"https:\/\/egerhaziimre.hu\/index.php\/wp-json\/wp\/v2\/pages"}],"about":[{"href":"https:\/\/egerhaziimre.hu\/index.php\/wp-json\/wp\/v2\/types\/page"}],"author":[{"embeddable":true,"href":"https:\/\/egerhaziimre.hu\/index.php\/wp-json\/wp\/v2\/users\/4"}],"replies":[{"embeddable":true,"href":"https:\/\/egerhaziimre.hu\/index.php\/wp-json\/wp\/v2\/comments?post=1100"}],"version-history":[{"count":12,"href":"https:\/\/egerhaziimre.hu\/index.php\/wp-json\/wp\/v2\/pages\/1100\/revisions"}],"predecessor-version":[{"id":9860,"href":"https:\/\/egerhaziimre.hu\/index.php\/wp-json\/wp\/v2\/pages\/1100\/revisions\/9860"}],"up":[{"embeddable":true,"href":"https:\/\/egerhaziimre.hu\/index.php\/wp-json\/wp\/v2\/pages\/28"}],"wp:featuredmedia":[{"embeddable":true,"href":"https:\/\/egerhaziimre.hu\/index.php\/wp-json\/wp\/v2\/media\/1101"}],"wp:attachment":[{"href":"https:\/\/egerhaziimre.hu\/index.php\/wp-json\/wp\/v2\/media?parent=1100"}],"wp:term":[{"taxonomy":"category","embeddable":true,"href":"https:\/\/egerhaziimre.hu\/index.php\/wp-json\/wp\/v2\/categories?post=1100"},{"taxonomy":"post_tag","embeddable":true,"href":"https:\/\/egerhaziimre.hu\/index.php\/wp-json\/wp\/v2\/tags?post=1100"}],"curies":[{"name":"wp","href":"https:\/\/api.w.org\/{rel}","templated":true}]}}