{"id":11166,"date":"1986-11-10T11:41:19","date_gmt":"1986-11-10T10:41:19","guid":{"rendered":"https:\/\/egerhaziimre.hu\/?page_id=11166"},"modified":"2020-11-22T15:31:10","modified_gmt":"2020-11-22T14:31:10","slug":"egerhazi-imre-hortobagy-alkototabor-1986","status":"publish","type":"page","link":"https:\/\/egerhaziimre.hu\/index.php\/archivum\/audiovizualis-archivum\/egerhazi-imre-hortobagy-alkototabor-1986\/","title":{"rendered":"\u00c9gerh\u00e1zi Imre &#8211; Hortob\u00e1gy Alkot\u00f3t\u00e1bor, 1986"},"content":{"rendered":"<div class=\"wpb-content-wrapper\">[vc_row][vc_column][vc_column_text]Nagy L\u00e1szl\u00f3 J\u00e1nos amat\u0151r filmes alkot\u00f3 1986-ban k\u00e9sz\u00edtett filmje a Hortob\u00e1gyi Alkot\u00f3t\u00e1bort mutatja be.[\/vc_column_text][vc_separator][vc_video link=&#8221;https:\/\/youtu.be\/9azZvNTaKT4&#8243; el_width=&#8221;80&#8243; align=&#8221;center&#8221;][vc_separator][vc_column_text]\n<h6>Nagy L\u00e1szl\u00f3 J\u00e1nos<\/h6>\n<p><strong>R\u00f6vid ismertet\u0151<\/strong><\/p>\n<p>Nagy L\u00e1szl\u00f3 J\u00e1nos debreceni tan\u00e1r \u00e9s ismert amat\u0151r filmes \u00c9gerh\u00e1zi Imre j\u00f3 bar\u00e1tja volt, akivel t\u00f6bb k\u00f6z\u00f6s tanulm\u00e1ny\u00faton is r\u00e9szt vettek, k\u00e9sz\u00edtettek k\u00f6z\u00f6sen filmeket \u00e9s hangfelv\u00e9teleket is.<\/p>\n<p>1973-ban egy\u00fctt utaztak el Erd\u00e9lybe a Cs\u00e1ng\u00f3 Fesztiv\u00e1lra, melyr\u0151l 8mm-es filmfelv\u00e9teleket, hangfelv\u00e9telt \u00e9s rengeteg di\u00e1t k\u00e9sz\u00edtettek. A Gyimesben rendezett els\u0151 Cs\u00e1ng\u00f3 Fesztiv\u00e1l c\u00edme a Bar\u00e1ts\u00e1g H\u00farj\u00e1n elnevez\u00e9st kapta. A debreceni alkot\u00f3k az erd\u00e9lyi magyar kult\u00fara nem mindennapi esem\u00e9ny\u00e9t \u00f6r\u00f6k\u00edtett\u00e9k meg, igencsak zord \u00e9s a rom\u00e1n hat\u00f3s\u00e1gok miatt bar\u00e1ts\u00e1gtalan k\u00f6r\u00fclm\u00e9nyek k\u00f6z\u00f6tt.<\/p>\n<p>Nagy L\u00e1szl\u00f3 J\u00e1nos 1974-ben \u00c9gerh\u00e1zi Imr\u00e9r\u0151l egy remek portr\u00e9filmet forgatott, bemutatva a fest\u0151t \u00e9s az embert. A film premierj\u00e9re Debrecenben az Apoll\u00f3 moziban ker\u00fclt sort, t\u00f6bb m\u00e1s Nagy L\u00e1szl\u00f3 J\u00e1nos kisfilmmel egy\u00fctt.<br \/>\nKapcsolatuk ezut\u00e1n is szoros maradt, Nagy L\u00e1szl\u00f3 J\u00e1nos \u00c9gerh\u00e1zi Imre t\u00f6bb ki\u00e1ll\u00edt\u00e1s\u00e1nak is megnyit\u00f3ja volt.<\/p>\n<p>1986-ban Nagy L\u00e1szl\u00f3 J\u00e1nos filmet k\u00e9sz\u00edtett az \u00c9gerh\u00e1zi Imre vezette Hortob\u00e1gyi alkot\u00f3t\u00e1borr\u00f3l, 1988-ben pedig a telep franciaorsz\u00e1gi tanulm\u00e1nyi \u00fatj\u00e1r\u00f3l.[\/vc_column_text][\/vc_column][\/vc_row]\n<\/div>","protected":false},"excerpt":{"rendered":"<p>[vc_row][vc_column][vc_column_text]Nagy L\u00e1szl\u00f3 J\u00e1nos amat\u0151r filmes alkot\u00f3 1986-ban k\u00e9sz\u00edtett filmje a Hortob\u00e1gyi Alkot\u00f3t\u00e1bort mutatja be.[\/vc_column_text][vc_separator][vc_video link=&#8221;https:\/\/youtu.be\/9azZvNTaKT4&#8243; el_width=&#8221;80&#8243; align=&#8221;center&#8221;][vc_separator][vc_column_text] Nagy L\u00e1szl\u00f3 J\u00e1nos R\u00f6vid ismertet\u0151 Nagy L\u00e1szl\u00f3 J\u00e1nos debreceni tan\u00e1r \u00e9s ismert amat\u0151r filmes \u00c9gerh\u00e1zi Imre j\u00f3 bar\u00e1tja volt, akivel t\u00f6bb k\u00f6z\u00f6s tanulm\u00e1ny\u00faton is r\u00e9szt vettek, k\u00e9sz\u00edtettek k\u00f6z\u00f6sen filmeket \u00e9s hangfelv\u00e9teleket is. 1973-ban egy\u00fctt utaztak el Erd\u00e9lybe a Cs\u00e1ng\u00f3 Fesztiv\u00e1lra, melyr\u0151l 8mm-es filmfelv\u00e9teleket, [&hellip;]<\/p>\n","protected":false},"author":4,"featured_media":11167,"parent":41,"menu_order":0,"comment_status":"closed","ping_status":"closed","template":"","meta":{"footnotes":""},"categories":[53],"tags":[43,226,228],"class_list":["post-11166","page","type-page","status-publish","has-post-thumbnail","hentry","category-video","tag-43","tag-1986_hortobagy_alkototabor_nlj_video","tag-hortobagyi_alkototabor_video"],"yoast_head":"<!-- This site is optimized with the Yoast SEO plugin v27.0 - https:\/\/yoast.com\/product\/yoast-seo-wordpress\/ -->\n<title>\u00c9gerh\u00e1zi Imre - Hortob\u00e1gy Alkot\u00f3t\u00e1bor, 1986 - \u00c9gerh\u00e1zi Imre<\/title>\n<meta name=\"robots\" content=\"index, follow, max-snippet:-1, max-image-preview:large, max-video-preview:-1\" \/>\n<link rel=\"canonical\" href=\"https:\/\/egerhaziimre.hu\/index.php\/archivum\/audiovizualis-archivum\/egerhazi-imre-hortobagy-alkototabor-1986\/?lang=en\" \/>\n<meta property=\"og:locale\" content=\"hu_HU\" \/>\n<meta property=\"og:type\" content=\"article\" \/>\n<meta property=\"og:title\" content=\"\u00c9gerh\u00e1zi Imre - Hortob\u00e1gy Alkot\u00f3t\u00e1bor, 1986 - \u00c9gerh\u00e1zi Imre\" \/>\n<meta property=\"og:description\" content=\"[vc_row][vc_column][vc_column_text]Nagy L\u00e1szl\u00f3 J\u00e1nos amat\u0151r filmes alkot\u00f3 1986-ban k\u00e9sz\u00edtett filmje a Hortob\u00e1gyi Alkot\u00f3t\u00e1bort mutatja be.[\/vc_column_text][vc_separator][vc_video link=&#8221;https:\/\/youtu.be\/9azZvNTaKT4&#8243; el_width=&#8221;80&#8243; align=&#8221;center&#8221;][vc_separator][vc_column_text] Nagy L\u00e1szl\u00f3 J\u00e1nos R\u00f6vid ismertet\u0151 Nagy L\u00e1szl\u00f3 J\u00e1nos debreceni tan\u00e1r \u00e9s ismert amat\u0151r filmes \u00c9gerh\u00e1zi Imre j\u00f3 bar\u00e1tja volt, akivel t\u00f6bb k\u00f6z\u00f6s tanulm\u00e1ny\u00faton is r\u00e9szt vettek, k\u00e9sz\u00edtettek k\u00f6z\u00f6sen filmeket \u00e9s hangfelv\u00e9teleket is. 1973-ban egy\u00fctt utaztak el Erd\u00e9lybe a Cs\u00e1ng\u00f3 Fesztiv\u00e1lra, melyr\u0151l 8mm-es filmfelv\u00e9teleket, [&hellip;]\" \/>\n<meta property=\"og:url\" content=\"https:\/\/egerhaziimre.hu\/index.php\/archivum\/audiovizualis-archivum\/egerhazi-imre-hortobagy-alkototabor-1986\/?lang=en\" \/>\n<meta property=\"og:site_name\" content=\"\u00c9gerh\u00e1zi Imre\" \/>\n<meta property=\"article:modified_time\" content=\"2020-11-22T14:31:10+00:00\" \/>\n<meta property=\"og:image\" content=\"https:\/\/egerhaziimre.hu\/wp-content\/uploads\/2020\/11\/hortobagy_alkototabor_1986.png\" \/>\n\t<meta property=\"og:image:width\" content=\"2290\" \/>\n\t<meta property=\"og:image:height\" content=\"1288\" \/>\n\t<meta property=\"og:image:type\" content=\"image\/png\" \/>\n<meta name=\"twitter:card\" content=\"summary_large_image\" \/>\n<meta name=\"twitter:label1\" content=\"Becs\u00fclt olvas\u00e1si id\u0151\" \/>\n\t<meta name=\"twitter:data1\" content=\"2 perc\" \/>\n<script type=\"application\/ld+json\" class=\"yoast-schema-graph\">{\"@context\":\"https:\/\/schema.org\",\"@graph\":[{\"@type\":\"WebPage\",\"@id\":\"https:\/\/egerhaziimre.hu\/index.php\/archivum\/audiovizualis-archivum\/egerhazi-imre-hortobagy-alkototabor-1986\/?lang=en\",\"url\":\"https:\/\/egerhaziimre.hu\/index.php\/archivum\/audiovizualis-archivum\/egerhazi-imre-hortobagy-alkototabor-1986\/?lang=en\",\"name\":\"\u00c9gerh\u00e1zi Imre - Hortob\u00e1gy Alkot\u00f3t\u00e1bor, 1986 - \u00c9gerh\u00e1zi Imre\",\"isPartOf\":{\"@id\":\"https:\/\/egerhaziimre.hu\/#website\"},\"primaryImageOfPage\":{\"@id\":\"https:\/\/egerhaziimre.hu\/index.php\/archivum\/audiovizualis-archivum\/egerhazi-imre-hortobagy-alkototabor-1986\/?lang=en#primaryimage\"},\"image\":{\"@id\":\"https:\/\/egerhaziimre.hu\/index.php\/archivum\/audiovizualis-archivum\/egerhazi-imre-hortobagy-alkototabor-1986\/?lang=en#primaryimage\"},\"thumbnailUrl\":\"https:\/\/egerhaziimre.hu\/wp-content\/uploads\/2020\/11\/hortobagy_alkototabor_1986.png\",\"datePublished\":\"1986-11-10T10:41:19+00:00\",\"dateModified\":\"2020-11-22T14:31:10+00:00\",\"breadcrumb\":{\"@id\":\"https:\/\/egerhaziimre.hu\/index.php\/archivum\/audiovizualis-archivum\/egerhazi-imre-hortobagy-alkototabor-1986\/?lang=en#breadcrumb\"},\"inLanguage\":\"hu\",\"potentialAction\":[{\"@type\":\"ReadAction\",\"target\":[\"https:\/\/egerhaziimre.hu\/index.php\/archivum\/audiovizualis-archivum\/egerhazi-imre-hortobagy-alkototabor-1986\/?lang=en\"]}]},{\"@type\":\"ImageObject\",\"inLanguage\":\"hu\",\"@id\":\"https:\/\/egerhaziimre.hu\/index.php\/archivum\/audiovizualis-archivum\/egerhazi-imre-hortobagy-alkototabor-1986\/?lang=en#primaryimage\",\"url\":\"https:\/\/egerhaziimre.hu\/wp-content\/uploads\/2020\/11\/hortobagy_alkototabor_1986.png\",\"contentUrl\":\"https:\/\/egerhaziimre.hu\/wp-content\/uploads\/2020\/11\/hortobagy_alkototabor_1986.png\",\"width\":2290,\"height\":1288},{\"@type\":\"BreadcrumbList\",\"@id\":\"https:\/\/egerhaziimre.hu\/index.php\/archivum\/audiovizualis-archivum\/egerhazi-imre-hortobagy-alkototabor-1986\/?lang=en#breadcrumb\",\"itemListElement\":[{\"@type\":\"ListItem\",\"position\":1,\"name\":\"Home\",\"item\":\"https:\/\/egerhaziimre.hu\/\"},{\"@type\":\"ListItem\",\"position\":2,\"name\":\"Archives\",\"item\":\"https:\/\/egerhaziimre.hu\/index.php\/archivum\/?lang=en\"},{\"@type\":\"ListItem\",\"position\":3,\"name\":\"Audiovisual archives\",\"item\":\"https:\/\/egerhaziimre.hu\/index.php\/archivum\/audiovizualis-archivum\/?lang=en\"},{\"@type\":\"ListItem\",\"position\":4,\"name\":\"Imre \u00c9gerh\u00e1zi &#8211; Hortob\u00e1gy Creative Camp, 1986\"}]},{\"@type\":\"WebSite\",\"@id\":\"https:\/\/egerhaziimre.hu\/#website\",\"url\":\"https:\/\/egerhaziimre.hu\/\",\"name\":\"\u00c9gerh\u00e1zi Imre\",\"description\":\"\",\"potentialAction\":[{\"@type\":\"SearchAction\",\"target\":{\"@type\":\"EntryPoint\",\"urlTemplate\":\"https:\/\/egerhaziimre.hu\/?s={search_term_string}\"},\"query-input\":{\"@type\":\"PropertyValueSpecification\",\"valueRequired\":true,\"valueName\":\"search_term_string\"}}],\"inLanguage\":\"hu\"}]}<\/script>\n<!-- \/ Yoast SEO plugin. -->","yoast_head_json":{"title":"\u00c9gerh\u00e1zi Imre - Hortob\u00e1gy Alkot\u00f3t\u00e1bor, 1986 - \u00c9gerh\u00e1zi Imre","robots":{"index":"index","follow":"follow","max-snippet":"max-snippet:-1","max-image-preview":"max-image-preview:large","max-video-preview":"max-video-preview:-1"},"canonical":"https:\/\/egerhaziimre.hu\/index.php\/archivum\/audiovizualis-archivum\/egerhazi-imre-hortobagy-alkototabor-1986\/?lang=en","og_locale":"hu_HU","og_type":"article","og_title":"\u00c9gerh\u00e1zi Imre - Hortob\u00e1gy Alkot\u00f3t\u00e1bor, 1986 - \u00c9gerh\u00e1zi Imre","og_description":"[vc_row][vc_column][vc_column_text]Nagy L\u00e1szl\u00f3 J\u00e1nos amat\u0151r filmes alkot\u00f3 1986-ban k\u00e9sz\u00edtett filmje a Hortob\u00e1gyi Alkot\u00f3t\u00e1bort mutatja be.[\/vc_column_text][vc_separator][vc_video link=&#8221;https:\/\/youtu.be\/9azZvNTaKT4&#8243; el_width=&#8221;80&#8243; align=&#8221;center&#8221;][vc_separator][vc_column_text] Nagy L\u00e1szl\u00f3 J\u00e1nos R\u00f6vid ismertet\u0151 Nagy L\u00e1szl\u00f3 J\u00e1nos debreceni tan\u00e1r \u00e9s ismert amat\u0151r filmes \u00c9gerh\u00e1zi Imre j\u00f3 bar\u00e1tja volt, akivel t\u00f6bb k\u00f6z\u00f6s tanulm\u00e1ny\u00faton is r\u00e9szt vettek, k\u00e9sz\u00edtettek k\u00f6z\u00f6sen filmeket \u00e9s hangfelv\u00e9teleket is. 1973-ban egy\u00fctt utaztak el Erd\u00e9lybe a Cs\u00e1ng\u00f3 Fesztiv\u00e1lra, melyr\u0151l 8mm-es filmfelv\u00e9teleket, [&hellip;]","og_url":"https:\/\/egerhaziimre.hu\/index.php\/archivum\/audiovizualis-archivum\/egerhazi-imre-hortobagy-alkototabor-1986\/?lang=en","og_site_name":"\u00c9gerh\u00e1zi Imre","article_modified_time":"2020-11-22T14:31:10+00:00","og_image":[{"width":2290,"height":1288,"url":"https:\/\/egerhaziimre.hu\/wp-content\/uploads\/2020\/11\/hortobagy_alkototabor_1986.png","type":"image\/png"}],"twitter_card":"summary_large_image","twitter_misc":{"Becs\u00fclt olvas\u00e1si id\u0151":"2 perc"},"schema":{"@context":"https:\/\/schema.org","@graph":[{"@type":"WebPage","@id":"https:\/\/egerhaziimre.hu\/index.php\/archivum\/audiovizualis-archivum\/egerhazi-imre-hortobagy-alkototabor-1986\/?lang=en","url":"https:\/\/egerhaziimre.hu\/index.php\/archivum\/audiovizualis-archivum\/egerhazi-imre-hortobagy-alkototabor-1986\/?lang=en","name":"\u00c9gerh\u00e1zi Imre - Hortob\u00e1gy Alkot\u00f3t\u00e1bor, 1986 - \u00c9gerh\u00e1zi Imre","isPartOf":{"@id":"https:\/\/egerhaziimre.hu\/#website"},"primaryImageOfPage":{"@id":"https:\/\/egerhaziimre.hu\/index.php\/archivum\/audiovizualis-archivum\/egerhazi-imre-hortobagy-alkototabor-1986\/?lang=en#primaryimage"},"image":{"@id":"https:\/\/egerhaziimre.hu\/index.php\/archivum\/audiovizualis-archivum\/egerhazi-imre-hortobagy-alkototabor-1986\/?lang=en#primaryimage"},"thumbnailUrl":"https:\/\/egerhaziimre.hu\/wp-content\/uploads\/2020\/11\/hortobagy_alkototabor_1986.png","datePublished":"1986-11-10T10:41:19+00:00","dateModified":"2020-11-22T14:31:10+00:00","breadcrumb":{"@id":"https:\/\/egerhaziimre.hu\/index.php\/archivum\/audiovizualis-archivum\/egerhazi-imre-hortobagy-alkototabor-1986\/?lang=en#breadcrumb"},"inLanguage":"hu","potentialAction":[{"@type":"ReadAction","target":["https:\/\/egerhaziimre.hu\/index.php\/archivum\/audiovizualis-archivum\/egerhazi-imre-hortobagy-alkototabor-1986\/?lang=en"]}]},{"@type":"ImageObject","inLanguage":"hu","@id":"https:\/\/egerhaziimre.hu\/index.php\/archivum\/audiovizualis-archivum\/egerhazi-imre-hortobagy-alkototabor-1986\/?lang=en#primaryimage","url":"https:\/\/egerhaziimre.hu\/wp-content\/uploads\/2020\/11\/hortobagy_alkototabor_1986.png","contentUrl":"https:\/\/egerhaziimre.hu\/wp-content\/uploads\/2020\/11\/hortobagy_alkototabor_1986.png","width":2290,"height":1288},{"@type":"BreadcrumbList","@id":"https:\/\/egerhaziimre.hu\/index.php\/archivum\/audiovizualis-archivum\/egerhazi-imre-hortobagy-alkototabor-1986\/?lang=en#breadcrumb","itemListElement":[{"@type":"ListItem","position":1,"name":"Home","item":"https:\/\/egerhaziimre.hu\/"},{"@type":"ListItem","position":2,"name":"Archives","item":"https:\/\/egerhaziimre.hu\/index.php\/archivum\/?lang=en"},{"@type":"ListItem","position":3,"name":"Audiovisual archives","item":"https:\/\/egerhaziimre.hu\/index.php\/archivum\/audiovizualis-archivum\/?lang=en"},{"@type":"ListItem","position":4,"name":"Imre \u00c9gerh\u00e1zi &#8211; Hortob\u00e1gy Creative Camp, 1986"}]},{"@type":"WebSite","@id":"https:\/\/egerhaziimre.hu\/#website","url":"https:\/\/egerhaziimre.hu\/","name":"\u00c9gerh\u00e1zi Imre","description":"","potentialAction":[{"@type":"SearchAction","target":{"@type":"EntryPoint","urlTemplate":"https:\/\/egerhaziimre.hu\/?s={search_term_string}"},"query-input":{"@type":"PropertyValueSpecification","valueRequired":true,"valueName":"search_term_string"}}],"inLanguage":"hu"}]}},"jetpack_sharing_enabled":true,"_links":{"self":[{"href":"https:\/\/egerhaziimre.hu\/index.php\/wp-json\/wp\/v2\/pages\/11166","targetHints":{"allow":["GET"]}}],"collection":[{"href":"https:\/\/egerhaziimre.hu\/index.php\/wp-json\/wp\/v2\/pages"}],"about":[{"href":"https:\/\/egerhaziimre.hu\/index.php\/wp-json\/wp\/v2\/types\/page"}],"author":[{"embeddable":true,"href":"https:\/\/egerhaziimre.hu\/index.php\/wp-json\/wp\/v2\/users\/4"}],"replies":[{"embeddable":true,"href":"https:\/\/egerhaziimre.hu\/index.php\/wp-json\/wp\/v2\/comments?post=11166"}],"version-history":[{"count":4,"href":"https:\/\/egerhaziimre.hu\/index.php\/wp-json\/wp\/v2\/pages\/11166\/revisions"}],"predecessor-version":[{"id":11230,"href":"https:\/\/egerhaziimre.hu\/index.php\/wp-json\/wp\/v2\/pages\/11166\/revisions\/11230"}],"up":[{"embeddable":true,"href":"https:\/\/egerhaziimre.hu\/index.php\/wp-json\/wp\/v2\/pages\/41"}],"wp:featuredmedia":[{"embeddable":true,"href":"https:\/\/egerhaziimre.hu\/index.php\/wp-json\/wp\/v2\/media\/11167"}],"wp:attachment":[{"href":"https:\/\/egerhaziimre.hu\/index.php\/wp-json\/wp\/v2\/media?parent=11166"}],"wp:term":[{"taxonomy":"category","embeddable":true,"href":"https:\/\/egerhaziimre.hu\/index.php\/wp-json\/wp\/v2\/categories?post=11166"},{"taxonomy":"post_tag","embeddable":true,"href":"https:\/\/egerhaziimre.hu\/index.php\/wp-json\/wp\/v2\/tags?post=11166"}],"curies":[{"name":"wp","href":"https:\/\/api.w.org\/{rel}","templated":true}]}}