{"id":11181,"date":"1986-11-20T16:33:51","date_gmt":"1986-11-20T15:33:51","guid":{"rendered":"https:\/\/egerhaziimre.hu\/?page_id=11181"},"modified":"2020-11-22T13:09:28","modified_gmt":"2020-11-22T12:09:28","slug":"dr_gazda_laszlo_szovege","status":"publish","type":"page","link":"https:\/\/egerhaziimre.hu\/index.php\/eletrajz\/irasok-egerhazi-imrerol\/dr_gazda_laszlo_szovege\/","title":{"rendered":"Dr. Gazda L\u00e1szl\u00f3 sz\u00f6vege &#8211; Ki\u00e1ll\u00edt\u00e1si katal\u00f3gus, 1986"},"content":{"rendered":"<div class=\"wpb-content-wrapper\">[vc_row][vc_column][vc_column_text]\n<h6>Ki\u00e1ll\u00edt\u00e1si katal\u00f3gus &#8211; Dr. Gazda L\u00e1szl\u00f3 sz\u00f6vege<\/h6>\n<p>Azt mondja \u00c9gerh\u00e1zi Imre \u00f6nmag\u00e1r\u00f3l, hogy: \u201ecsin\u00e1lom, ahogy a bens\u0151m dikt\u00e1lja\u2026\u201d<br \/>\nA debreceni szakiskol\u00e1ban tanult, Menyh\u00e1rt J\u00f3zsef seg\u00edts\u00e9g\u00e9vel gyarapodott mesters\u00e9gbeli tud\u00e1sa, sz\u00e9lesedett fest\u0151i l\u00e1t\u00e1sm\u00f3dja.\u00a0K\u00e9s\u0151n indult a p\u00e1ly\u00e1n, de valami \u0151si, \u00f6r\u00f6k\u00f6lt tehets\u00e9g t\u00f6rt fel bel\u0151le, adott saj\u00e1tos, r\u00e1 jellemz\u0151 jeleket alkot\u00e1sainak. Debrecenben \u00e9l\u0151 fest\u0151nk a Hajd\u00fas\u00e1g sz\u00fcl\u00f6ttje, de nemcsak a sz\u0171kebb haza szerelmese \u0151, hanem t\u00e1voli t\u00e1jak\u00e9 is. A Hajd\u00fas\u00e1g h\u00e1zainak, embereinek fest\u0151je otthon van a gyimesi \u00e9s gyergy\u00f3i t\u00e1jakon, a hegyek k\u00f6r\u00fcl\u00f6lel\u0151 csendj\u00e9ben, s m\u0171v\u00e9szet\u00e9vel nek\u00fcnk is otthon teremt benne. A szecesszi\u00f3 \u00faj von\u00e1sait \u00f6tv\u00f6zi a n\u00e9pm\u0171v\u00e9szethez k\u00f6zel \u00e1ll\u00f3 von\u00e1sokkal. \u00cdgy f\u00e9r \u00f6ssze a vil\u00e1gos \u00e9s pontos megfogalmaz\u00e1s a meseszer\u0171 elemekkel, a balladai hangulattal. Mintha \u00c1prilyt id\u00e9zn\u00e9 meg:<\/p>\n<p>\u201e\u00c1mulni m\u00e9g, ameddig m\u00e9g lehet,<br \/>\nam\u00edg a sz\u00edved j\u00f3 \u00fctemre dobban,<br \/>\nmeg\u0151rizni a t\u00e1gul\u00f3 szemet,<br \/>\nmellyel csod\u00e1lkozt\u00e1l gyermekkorodban.\u201d<\/p>\n<p>\u00cdgy van otthon a t\u00e1voli orsz\u00e1gok t\u00e1jain \u00e9s az ottani emberek k\u00f6z\u00f6tt is\u2026<br \/>\nFest\u00e9szet\u00e9nek tematikai gazdags\u00e1ga, saj\u00e1tos st\u00edluseszk\u00f6zei, a mindig \u00e9rthet\u0151 leegyszer\u0171s\u00edt\u00e9s r\u00e9v\u00e9n gazdag \u00e9lm\u00e9nyvil\u00e1g t\u00fckr\u00f6z\u0151dik vissza m\u0171veib\u0151l.<\/p>\n<p>A s\u00edkban, a k\u00e9t dimenzi\u00f3ban val\u00f3 \u00e1br\u00e1zol\u00e1s dekorativit\u00e1s\u00e1t, a l\u00e9nyeget kiemel\u0151 k\u00e9pess\u00e9g \u00e9rv\u00e9nyes\u00fcl\u00e9s\u00e9t bizony\u00edtja az, hogy pontos, megfelel\u0151 szerkezeti rendbe illeszked\u0151 vonalai nagy t\u00f6mb\u00f6kbe tagolj\u00e1k, \u00e9s egy\u00fattal \u00f6sszefogj\u00e1k a l\u00e1tv\u00e1nyt. A stiliz\u00e1lt form\u00e1k ezen a s\u00edkon rendez\u0151dnek el, pontos \u00e9s fegyelmezett kompoz\u00edci\u00f3s rendbe. Saj\u00e1tos \u00e9s \u0151si is ez a m\u0171v\u00e9szi kifejez\u00e9sm\u00f3d, a vonalvezet\u00e9s lend\u00fclet\u00e9vel hozza mozg\u00e1sba, eleven\u00edti \u00e9l\u0151v\u00e9 az \u00e1br\u00e1zoltakat. A n\u00e9pm\u0171v\u00e9szet t\u00f6rekv\u00e9sei \u00e9s m\u00e1ig \u0151si von\u00e1sai \u00f6tv\u00f6z\u0151dnek maiv\u00e1, aktu\u00e1liss\u00e1 \u00e9s m\u0171v\u00e9sziv\u00e9 k\u00e9pein. \u00cdgy teremt\u0151dik \u00c9gerh\u00e1zi Imre m\u0171veiben bels\u0151 rokons\u00e1g a term\u00e9szet \u00e9s az ember, a l\u00e9tform\u00e1k szigor\u00fa val\u00f3s\u00e1ga \u00e9s az emberi \u00e9rzelmek k\u00f6z\u00f6tt, m\u00faltunk \u00e9s jelen\u00fcnk, a kiss\u00e9 melankolikus \u00e1lomvil\u00e1g \u00e9s a k\u00fczd\u00e9s \u00e9rtelm\u00e9t, eredm\u00e9nyeit mutat\u00f3 mai \u00e9let k\u00f6z\u00f6tt.<\/p>\n<p>\u0150szinte hit \u00e9s bizalom, \u00f6r\u00f6m \u00e9s csod\u00e1lkoz\u00e1s van ebben a m\u0171v\u00e9szi magatart\u00e1sban, amely \u00fajra nekil\u00e1t birk\u00f3zni a megform\u00e1land\u00f3 val\u00f3s\u00e1ggal, \u00e9lm\u00e9nyeink m\u0171v\u00e9szi megfest\u00e9s\u00e9vel teszi \u00e9rz\u00e9kelhet\u0151v\u00e9 az erd\u0151k z\u00fag\u00e1s\u00e1t, a t\u00e9l csendj\u00e9t, a j\u00f3\u00e9rt, a jobb\u00e9rt val\u00f3 emberi er\u0151fesz\u00edt\u00e9seket.<\/p>\n<p>Dr. Gazda L\u00e1szl\u00f3<br \/>\na Hajd\u00fa-Bihar Megyei M\u00fazeumok igazgat\u00f3ja<\/p>\n[\/vc_column_text][\/vc_column][\/vc_row]\n<\/div>","protected":false},"excerpt":{"rendered":"<p>[vc_row][vc_column][vc_column_text] Ki\u00e1ll\u00edt\u00e1si katal\u00f3gus &#8211; Dr. Gazda L\u00e1szl\u00f3 sz\u00f6vege Azt mondja \u00c9gerh\u00e1zi Imre \u00f6nmag\u00e1r\u00f3l, hogy: \u201ecsin\u00e1lom, ahogy a bens\u0151m dikt\u00e1lja\u2026\u201d A debreceni szakiskol\u00e1ban tanult, Menyh\u00e1rt J\u00f3zsef seg\u00edts\u00e9g\u00e9vel gyarapodott mesters\u00e9gbeli tud\u00e1sa, sz\u00e9lesedett fest\u0151i l\u00e1t\u00e1sm\u00f3dja.\u00a0K\u00e9s\u0151n indult a p\u00e1ly\u00e1n, de valami \u0151si, \u00f6r\u00f6k\u00f6lt tehets\u00e9g t\u00f6rt fel bel\u0151le, adott saj\u00e1tos, r\u00e1 jellemz\u0151 jeleket alkot\u00e1sainak. Debrecenben \u00e9l\u0151 fest\u0151nk a Hajd\u00fas\u00e1g sz\u00fcl\u00f6ttje, de nemcsak a sz\u0171kebb haza [&hellip;]<\/p>\n","protected":false},"author":4,"featured_media":0,"parent":10535,"menu_order":0,"comment_status":"closed","ping_status":"closed","template":"","meta":{"footnotes":""},"categories":[219],"tags":[43],"class_list":["post-11181","page","type-page","status-publish","hentry","category-irasok_egerhazi_imrerol","tag-43"],"yoast_head":"<!-- This site is optimized with the Yoast SEO plugin v27.0 - https:\/\/yoast.com\/product\/yoast-seo-wordpress\/ -->\n<title>Dr. Gazda L\u00e1szl\u00f3 sz\u00f6vege - Ki\u00e1ll\u00edt\u00e1si katal\u00f3gus, 1986 - \u00c9gerh\u00e1zi Imre<\/title>\n<meta name=\"robots\" content=\"index, follow, max-snippet:-1, max-image-preview:large, max-video-preview:-1\" \/>\n<link rel=\"canonical\" href=\"https:\/\/egerhaziimre.hu\/index.php\/eletrajz\/irasok-egerhazi-imrerol\/dr_gazda_laszlo_szovege\/?lang=en\" \/>\n<meta property=\"og:locale\" content=\"hu_HU\" \/>\n<meta property=\"og:type\" content=\"article\" \/>\n<meta property=\"og:title\" content=\"Dr. Gazda L\u00e1szl\u00f3 sz\u00f6vege - Ki\u00e1ll\u00edt\u00e1si katal\u00f3gus, 1986 - \u00c9gerh\u00e1zi Imre\" \/>\n<meta property=\"og:description\" content=\"[vc_row][vc_column][vc_column_text] Ki\u00e1ll\u00edt\u00e1si katal\u00f3gus &#8211; Dr. Gazda L\u00e1szl\u00f3 sz\u00f6vege Azt mondja \u00c9gerh\u00e1zi Imre \u00f6nmag\u00e1r\u00f3l, hogy: \u201ecsin\u00e1lom, ahogy a bens\u0151m dikt\u00e1lja\u2026\u201d A debreceni szakiskol\u00e1ban tanult, Menyh\u00e1rt J\u00f3zsef seg\u00edts\u00e9g\u00e9vel gyarapodott mesters\u00e9gbeli tud\u00e1sa, sz\u00e9lesedett fest\u0151i l\u00e1t\u00e1sm\u00f3dja.\u00a0K\u00e9s\u0151n indult a p\u00e1ly\u00e1n, de valami \u0151si, \u00f6r\u00f6k\u00f6lt tehets\u00e9g t\u00f6rt fel bel\u0151le, adott saj\u00e1tos, r\u00e1 jellemz\u0151 jeleket alkot\u00e1sainak. Debrecenben \u00e9l\u0151 fest\u0151nk a Hajd\u00fas\u00e1g sz\u00fcl\u00f6ttje, de nemcsak a sz\u0171kebb haza [&hellip;]\" \/>\n<meta property=\"og:url\" content=\"https:\/\/egerhaziimre.hu\/index.php\/eletrajz\/irasok-egerhazi-imrerol\/dr_gazda_laszlo_szovege\/?lang=en\" \/>\n<meta property=\"og:site_name\" content=\"\u00c9gerh\u00e1zi Imre\" \/>\n<meta property=\"article:modified_time\" content=\"2020-11-22T12:09:28+00:00\" \/>\n<meta name=\"twitter:card\" content=\"summary_large_image\" \/>\n<meta name=\"twitter:label1\" content=\"Becs\u00fclt olvas\u00e1si id\u0151\" \/>\n\t<meta name=\"twitter:data1\" content=\"5 perc\" \/>\n<script type=\"application\/ld+json\" class=\"yoast-schema-graph\">{\"@context\":\"https:\/\/schema.org\",\"@graph\":[{\"@type\":\"WebPage\",\"@id\":\"https:\/\/egerhaziimre.hu\/index.php\/eletrajz\/irasok-egerhazi-imrerol\/dr_gazda_laszlo_szovege\/?lang=en\",\"url\":\"https:\/\/egerhaziimre.hu\/index.php\/eletrajz\/irasok-egerhazi-imrerol\/dr_gazda_laszlo_szovege\/?lang=en\",\"name\":\"Dr. Gazda L\u00e1szl\u00f3 sz\u00f6vege - Ki\u00e1ll\u00edt\u00e1si katal\u00f3gus, 1986 - \u00c9gerh\u00e1zi Imre\",\"isPartOf\":{\"@id\":\"https:\/\/egerhaziimre.hu\/#website\"},\"datePublished\":\"1986-11-20T15:33:51+00:00\",\"dateModified\":\"2020-11-22T12:09:28+00:00\",\"breadcrumb\":{\"@id\":\"https:\/\/egerhaziimre.hu\/index.php\/eletrajz\/irasok-egerhazi-imrerol\/dr_gazda_laszlo_szovege\/?lang=en#breadcrumb\"},\"inLanguage\":\"hu\",\"potentialAction\":[{\"@type\":\"ReadAction\",\"target\":[\"https:\/\/egerhaziimre.hu\/index.php\/eletrajz\/irasok-egerhazi-imrerol\/dr_gazda_laszlo_szovege\/?lang=en\"]}]},{\"@type\":\"BreadcrumbList\",\"@id\":\"https:\/\/egerhaziimre.hu\/index.php\/eletrajz\/irasok-egerhazi-imrerol\/dr_gazda_laszlo_szovege\/?lang=en#breadcrumb\",\"itemListElement\":[{\"@type\":\"ListItem\",\"position\":1,\"name\":\"Home\",\"item\":\"https:\/\/egerhaziimre.hu\/\"},{\"@type\":\"ListItem\",\"position\":2,\"name\":\"\u00c9letrajz\",\"item\":\"https:\/\/egerhaziimre.hu\/index.php\/eletrajz\/\"},{\"@type\":\"ListItem\",\"position\":3,\"name\":\"Writings about Imre \u00c9gerh\u00e1zi\",\"item\":\"https:\/\/egerhaziimre.hu\/index.php\/eletrajz\/irasok-egerhazi-imrerol\/?lang=en\"},{\"@type\":\"ListItem\",\"position\":4,\"name\":\"Exhibition catalogue text by Dr. L\u00e1szl\u00f3 Gazda, 1986\"}]},{\"@type\":\"WebSite\",\"@id\":\"https:\/\/egerhaziimre.hu\/#website\",\"url\":\"https:\/\/egerhaziimre.hu\/\",\"name\":\"\u00c9gerh\u00e1zi Imre\",\"description\":\"\",\"potentialAction\":[{\"@type\":\"SearchAction\",\"target\":{\"@type\":\"EntryPoint\",\"urlTemplate\":\"https:\/\/egerhaziimre.hu\/?s={search_term_string}\"},\"query-input\":{\"@type\":\"PropertyValueSpecification\",\"valueRequired\":true,\"valueName\":\"search_term_string\"}}],\"inLanguage\":\"hu\"}]}<\/script>\n<!-- \/ Yoast SEO plugin. -->","yoast_head_json":{"title":"Dr. Gazda L\u00e1szl\u00f3 sz\u00f6vege - Ki\u00e1ll\u00edt\u00e1si katal\u00f3gus, 1986 - \u00c9gerh\u00e1zi Imre","robots":{"index":"index","follow":"follow","max-snippet":"max-snippet:-1","max-image-preview":"max-image-preview:large","max-video-preview":"max-video-preview:-1"},"canonical":"https:\/\/egerhaziimre.hu\/index.php\/eletrajz\/irasok-egerhazi-imrerol\/dr_gazda_laszlo_szovege\/?lang=en","og_locale":"hu_HU","og_type":"article","og_title":"Dr. Gazda L\u00e1szl\u00f3 sz\u00f6vege - Ki\u00e1ll\u00edt\u00e1si katal\u00f3gus, 1986 - \u00c9gerh\u00e1zi Imre","og_description":"[vc_row][vc_column][vc_column_text] Ki\u00e1ll\u00edt\u00e1si katal\u00f3gus &#8211; Dr. Gazda L\u00e1szl\u00f3 sz\u00f6vege Azt mondja \u00c9gerh\u00e1zi Imre \u00f6nmag\u00e1r\u00f3l, hogy: \u201ecsin\u00e1lom, ahogy a bens\u0151m dikt\u00e1lja\u2026\u201d A debreceni szakiskol\u00e1ban tanult, Menyh\u00e1rt J\u00f3zsef seg\u00edts\u00e9g\u00e9vel gyarapodott mesters\u00e9gbeli tud\u00e1sa, sz\u00e9lesedett fest\u0151i l\u00e1t\u00e1sm\u00f3dja.\u00a0K\u00e9s\u0151n indult a p\u00e1ly\u00e1n, de valami \u0151si, \u00f6r\u00f6k\u00f6lt tehets\u00e9g t\u00f6rt fel bel\u0151le, adott saj\u00e1tos, r\u00e1 jellemz\u0151 jeleket alkot\u00e1sainak. Debrecenben \u00e9l\u0151 fest\u0151nk a Hajd\u00fas\u00e1g sz\u00fcl\u00f6ttje, de nemcsak a sz\u0171kebb haza [&hellip;]","og_url":"https:\/\/egerhaziimre.hu\/index.php\/eletrajz\/irasok-egerhazi-imrerol\/dr_gazda_laszlo_szovege\/?lang=en","og_site_name":"\u00c9gerh\u00e1zi Imre","article_modified_time":"2020-11-22T12:09:28+00:00","twitter_card":"summary_large_image","twitter_misc":{"Becs\u00fclt olvas\u00e1si id\u0151":"5 perc"},"schema":{"@context":"https:\/\/schema.org","@graph":[{"@type":"WebPage","@id":"https:\/\/egerhaziimre.hu\/index.php\/eletrajz\/irasok-egerhazi-imrerol\/dr_gazda_laszlo_szovege\/?lang=en","url":"https:\/\/egerhaziimre.hu\/index.php\/eletrajz\/irasok-egerhazi-imrerol\/dr_gazda_laszlo_szovege\/?lang=en","name":"Dr. Gazda L\u00e1szl\u00f3 sz\u00f6vege - Ki\u00e1ll\u00edt\u00e1si katal\u00f3gus, 1986 - \u00c9gerh\u00e1zi Imre","isPartOf":{"@id":"https:\/\/egerhaziimre.hu\/#website"},"datePublished":"1986-11-20T15:33:51+00:00","dateModified":"2020-11-22T12:09:28+00:00","breadcrumb":{"@id":"https:\/\/egerhaziimre.hu\/index.php\/eletrajz\/irasok-egerhazi-imrerol\/dr_gazda_laszlo_szovege\/?lang=en#breadcrumb"},"inLanguage":"hu","potentialAction":[{"@type":"ReadAction","target":["https:\/\/egerhaziimre.hu\/index.php\/eletrajz\/irasok-egerhazi-imrerol\/dr_gazda_laszlo_szovege\/?lang=en"]}]},{"@type":"BreadcrumbList","@id":"https:\/\/egerhaziimre.hu\/index.php\/eletrajz\/irasok-egerhazi-imrerol\/dr_gazda_laszlo_szovege\/?lang=en#breadcrumb","itemListElement":[{"@type":"ListItem","position":1,"name":"Home","item":"https:\/\/egerhaziimre.hu\/"},{"@type":"ListItem","position":2,"name":"\u00c9letrajz","item":"https:\/\/egerhaziimre.hu\/index.php\/eletrajz\/"},{"@type":"ListItem","position":3,"name":"Writings about Imre \u00c9gerh\u00e1zi","item":"https:\/\/egerhaziimre.hu\/index.php\/eletrajz\/irasok-egerhazi-imrerol\/?lang=en"},{"@type":"ListItem","position":4,"name":"Exhibition catalogue text by Dr. L\u00e1szl\u00f3 Gazda, 1986"}]},{"@type":"WebSite","@id":"https:\/\/egerhaziimre.hu\/#website","url":"https:\/\/egerhaziimre.hu\/","name":"\u00c9gerh\u00e1zi Imre","description":"","potentialAction":[{"@type":"SearchAction","target":{"@type":"EntryPoint","urlTemplate":"https:\/\/egerhaziimre.hu\/?s={search_term_string}"},"query-input":{"@type":"PropertyValueSpecification","valueRequired":true,"valueName":"search_term_string"}}],"inLanguage":"hu"}]}},"jetpack_sharing_enabled":true,"_links":{"self":[{"href":"https:\/\/egerhaziimre.hu\/index.php\/wp-json\/wp\/v2\/pages\/11181","targetHints":{"allow":["GET"]}}],"collection":[{"href":"https:\/\/egerhaziimre.hu\/index.php\/wp-json\/wp\/v2\/pages"}],"about":[{"href":"https:\/\/egerhaziimre.hu\/index.php\/wp-json\/wp\/v2\/types\/page"}],"author":[{"embeddable":true,"href":"https:\/\/egerhaziimre.hu\/index.php\/wp-json\/wp\/v2\/users\/4"}],"replies":[{"embeddable":true,"href":"https:\/\/egerhaziimre.hu\/index.php\/wp-json\/wp\/v2\/comments?post=11181"}],"version-history":[{"count":2,"href":"https:\/\/egerhaziimre.hu\/index.php\/wp-json\/wp\/v2\/pages\/11181\/revisions"}],"predecessor-version":[{"id":11222,"href":"https:\/\/egerhaziimre.hu\/index.php\/wp-json\/wp\/v2\/pages\/11181\/revisions\/11222"}],"up":[{"embeddable":true,"href":"https:\/\/egerhaziimre.hu\/index.php\/wp-json\/wp\/v2\/pages\/10535"}],"wp:attachment":[{"href":"https:\/\/egerhaziimre.hu\/index.php\/wp-json\/wp\/v2\/media?parent=11181"}],"wp:term":[{"taxonomy":"category","embeddable":true,"href":"https:\/\/egerhaziimre.hu\/index.php\/wp-json\/wp\/v2\/categories?post=11181"},{"taxonomy":"post_tag","embeddable":true,"href":"https:\/\/egerhaziimre.hu\/index.php\/wp-json\/wp\/v2\/tags?post=11181"}],"curies":[{"name":"wp","href":"https:\/\/api.w.org\/{rel}","templated":true}]}}