{"id":11185,"date":"1991-11-22T10:34:10","date_gmt":"1991-11-22T09:34:10","guid":{"rendered":"https:\/\/egerhaziimre.hu\/?page_id=11185"},"modified":"2020-11-22T13:16:35","modified_gmt":"2020-11-22T12:16:35","slug":"egerhazi-imre-hajduhadhaz-szulotte","status":"publish","type":"page","link":"https:\/\/egerhaziimre.hu\/index.php\/eletrajz\/irasok-egerhazi-imrerol\/egerhazi-imre-hajduhadhaz-szulotte\/","title":{"rendered":"\u00c9gerh\u00e1zi Imre &#8211; Hajd\u00fahadh\u00e1z sz\u00fcl\u00f6tte, 1991"},"content":{"rendered":"<div class=\"wpb-content-wrapper\">[vc_row][vc_column][vc_column_text]\n<h6>\u00c9gerh\u00e1zi Imre &#8211; Hajd\u00fahadh\u00e1z sz\u00fcl\u00f6tte<\/h6>\n<p>\u00c9gerh\u00e1zi Imre Hajd\u00fahadh\u00e1z sz\u00fcl\u00f6tte. Ez a hajd\u00fa v\u00e1ros \u00e9s Debrecen hat\u00e1rozta meg indul\u00e1s\u00e1t, hiszen tanulm\u00e1nyait e k\u00e9t helyen v\u00e9gezte, s itt foglalta el hely\u00e9t azok k\u00f6z\u00f6tt, akik mindennapi munk\u00e1jukkal r\u00e9szesei az emberis\u00e9g \u00e9let\u00e9nek. Mindennapi munk\u00e1ja mellett a kora ifj\u00fas\u00e1g\u00e1t\u00f3l benne fesz\u00fcl\u0151 alkotni \u00e9s teremteni v\u00e1gy\u00e1s \u00e9s k\u00e9szs\u00e9g kibontakoztat\u00e1s\u00e1hoz tette meg a kezd\u0151 l\u00e9p\u00e9seket a debreceni k\u00e9pz\u0151m\u0171v\u00e9szeti szabadiskol\u00e1ban, ahol Menyh\u00e1rt J\u00f3zsef fest\u0151- \u00e9s grafikusm\u0171v\u00e9sz ir\u00e1ny\u00edt\u00e1sa \u00e9s \u00fatmutat\u00e1sa mellett haladt egyre el\u0151bbre a maga v\u00e1lasztotta \u00faton. Tehets\u00e9ge \u00e9s rendk\u00edv\u00fcli szorgalma, c\u00e9lrat\u00f6r\u0151 tudatoss\u00e1ga \u00e9s \u00f6nmaga ir\u00e1nt t\u00e1masztott ig\u00e9nyess\u00e9ge r\u00e9v\u00e9n azok k\u00f6z\u00e9 emelkedett, akik Debrecen k\u00e9pz\u0151m\u0171v\u00e9szeti \u00e9let\u00e9t gazdag\u00edtj\u00e1k alkot\u00f3i tev\u00e9kenys\u00e9g\u00fckkel. Ugyanakkor m\u0171v\u00e9szetszervez\u0151 munk\u00e1ss\u00e1g\u00e1val a hazai m\u0171v\u00e9szeti \u00e9let v\u00e9rkering\u00e9s\u00e9be kapcsolta azt be. \u00dagy gondolom, hogy t\u00falz\u00e1s n\u00e9lk\u00fcl mondhatjuk az is, hogy e m\u0171v\u00e9szetszervez\u0151 tev\u00e9kenys\u00e9g n\u00e9h\u00e1ny ponton a k\u00f6zeli \u00e9s t\u00e1volabbi eur\u00f3pai r\u00e9gi\u00f3k m\u0171v\u00e9szet\u00e9hez is k\u00f6ti szem\u00e9lyes ismerets\u00e9ge \u00e1ltal a hajd\u00fas\u00e1gi m\u0171v\u00e9szek munk\u00e1ss\u00e1g\u00e1t. E k\u00e9t tev\u00e9kenys\u00e9g \u00c9gerh\u00e1zi Imre purit\u00e1n term\u00e9szet\u00e9b\u0151l \u00e9s neveltet\u00e9s\u00e9b\u0151l term\u00e9szetesen k\u00f6vetkezik. Purit\u00e1n term\u00e9szete \u00e9s neveltet\u00e9se mag\u00e1ban hordozza az \u00f6nmegval\u00f3s\u00edt\u00e1s ig\u00e9nye mellett a k\u00f6z\u00f6ss\u00e9g\u00e9rt val\u00f3 f\u00e1radoz\u00e1s ig\u00e9ny\u00e9t is.<\/p>\n<p>\u00c9gerh\u00e1zi Imre k\u00e9pz\u0151m\u0171v\u00e9szeti munk\u00e1ss\u00e1g\u00e1t tal\u00e1n t\u00e9mav\u00e1laszt\u00e1s\u00e1nak sokr\u00e9t\u0171s\u00e9ge jellemzi. T\u00e9m\u00e1iban azokkal a jellegzetes mot\u00edvumokkal tal\u00e1lkozunk, melyek az\u00e1ltal lesznek domin\u00e1nsakk\u00e1, hogy \u0151 kiemeli a mindennapis\u00e1gukb\u00f3l \u00e9s \u00edgy mindenki sz\u00e1m\u00e1ra ismer\u0151s vil\u00e1got alkot bel\u0151l\u00fck. Az \u00edgy kiemelt jellegzetes mot\u00edvumokhoz kialak\u00edtotta saj\u00e1tos st\u00edlus\u00e1t \u00e9s sz\u00ednvil\u00e1g\u00e1t is. A t\u00e9ma, a st\u00edlus \u00e9s a sz\u00edn minden m\u0171v\u00e9n j\u00f3l \u00f6tv\u00f6z\u0151dik \u00e9s egy saj\u00e1tos alkot\u00f3i vil\u00e1got hoz l\u00e9tre. Sz\u00ednvil\u00e1ga is ehhez a saj\u00e1tos alkot\u00f3i vil\u00e1ghoz igazodik. Visszafogott, szemet nyugat sz\u00ednekkel teremti meg alkot\u00f3i vil\u00e1g\u00e1t. St\u00edlusa leegyszer\u0171s\u00edt\u0151, de ker\u00fcli az \u00f6nk\u00e9nyes torz\u00edt\u00e1sokat. A jellegzetess\u00e9gek kiemel\u00e9s mindig a fest\u0151i \u00e9lm\u00e9ny s\u0171r\u00edt\u00e9s\u00e9t, a l\u00e9nyeg megragad\u00e1s\u00e1t szolg\u00e1lja.<\/p>\n<p>M\u0171vein, tiszta, vil\u00e1gos, apr\u00f3l\u00e9kos m\u0171gonddal megoldott szerkeszt\u00e9ssel tal\u00e1ljuk szembe magunkat. A k\u00e9pmez\u0151ket sz\u00e9lesen ter\u00edti egym\u00e1s mell\u00e9. Tagol\u00e1sukat szinte m\u00e9rtani pontoss\u00e1ggal szerkesztett vonalrendszerekkel oldja meg. Vonalai pontos szerkezeti rendbe illeszkednek, \u00e9s nagy t\u00f6mb\u00f6kbe tagolj\u00e1k a k\u00e9pmez\u0151t, de ugyanakkor \u00f6ssze is fogj\u00e1k a l\u00e1tv\u00e1nyt. Vonalvezet\u00e9s\u00e9nek lend\u00fclet\u00e9vel mozg\u00e1sba hozza, \u00e9l\u0151v\u00e9 teszi az \u00e1br\u00e1zolt t\u00e1jat, t\u00e1rgyat, portr\u00e9t egyar\u00e1nt. Vonalrendszere \u00e1ttekinthet\u0151, rendezett \u00e9s azt j\u00f3l eg\u00e9sz\u00edti ki a t\u00e9m\u00e1val egybehangolt sz\u00ednvil\u00e1g is. Egy-egy er\u0151s sz\u00edn adja meg kifejez\u00e9sm\u00f3dj\u00e1nak alaphangj\u00e1t \u00e9s ahhoz igazodik a sz\u00edncsal\u00e1d t\u00f6bbi tagja \u00fagy, hogy a szorosan kapcsol\u00f3d\u00f3 sz\u00edneket bontakoztatja ki, s azok t\u00f3nus\u00e1nak t\u00f6m\u00e9nys\u00e9ge pontosan illeszkedik a m\u0171 eg\u00e9sz\u00e9hez. K\u00e9pein meg\u0151rzi a form\u00e1k plaszticit\u00e1s\u00e1t, s \u00edgy tiszt\u00e1zza azt, hogy mi a fontos, mi a hangs\u00falyos abban az \u00e9lm\u00e9nyben, amely alkot\u00e1sra k\u00e9sztette.<\/p>\n<p>T\u00e9m\u00e1it term\u00e9szetesen k\u00f6rnyezet\u00e9b\u0151l mer\u00edti. Azt a t\u00e1jat festi, melynek seg\u00edts\u00e9g\u00e9vel legink\u00e1bb ki tudja fejezni mag\u00e1t, el tudja mondani \u00e9lm\u00e9nyeit \u00e9s v\u00e1gyait. Expressz\u00edv er\u0151vel jelen\u00edti meg a Puszt\u00e1t, a Puszta pusztul\u00f3 k\u00fatjait, tany\u00e1it, Csokonai, Pet\u0151fi, Kr\u00fady vil\u00e1g\u00e1t \u00e9s a t\u00f6rt\u00e9nelmi esem\u00e9nyek egy-egy mozzanat\u00e1t. Er\u0151s kont\u00farokkal fogalmazza meg az erd\u00e9lyi \u00e9lm\u00e9nyeit, melyek nemcsak dokument\u00e1ci\u00f3i egy pusztul\u00f3, elvesz\u0151 vil\u00e1gnak, hanem \u00c9gerh\u00e1zi Imre emberi, t\u00f6rt\u00e9nelmi, irodalmi ismereteinek \u00e9s \u00e9lm\u00e9nyeinek a kifejez\u0151i is. A meseszer\u0171 elemeket, a balladai hangulatot vil\u00e1gos \u00e9s pontos megfogalmaz\u00e1sban t\u00e1rja el\u00e9nk. Ebb\u0151l a vil\u00e1gb\u00f3l t\u00e1pl\u00e1lkozik mot\u00edvumvil\u00e1ga az ut\u00f3bbi \u00e9vtizedekben festm\u00e9nyen, rajzon egyar\u00e1nt. Ezzel a vil\u00e1ggal val\u00f3 tal\u00e1lkoz\u00e1sr\u00f3l \u0151 maga \u00edgy vall:<\/p>\n<p>\u201eMint cserk\u00e9sz, az iskolai cserk\u00e9szcsapattal 1941-ben j\u00e1rtam el\u0151sz\u00f6r Erd\u00e9lyben. R\u00e9v k\u00f6rny\u00e9k\u00e9n, a K\u00f6r\u00f6s partj\u00e1n t\u00e1boroztunk. \u00c9lesdre j\u00e1rtunk h\u00fas\u00e9rt, a k\u00f6rny\u00e9ken nagy gyalogt\u00far\u00e1kat tett\u00fcnk, f\u00fcr\u00f6dt\u00fcnk a foly\u00f3 hideg, sebes viz\u00e9ben, \u00e9nekelt\u00fcnk a t\u00e1bort\u00fczekn\u00e9l, bar\u00e1tkoztunk az ott \u00e9l\u0151 magyarokkal.<\/p>\n<p>1956 nyar\u00e1n voltam ism\u00e9t Erd\u00e9lyben, Marosv\u00e1s\u00e1rhelyen. Els\u0151 rajzaimat, k\u00e9peimet a Somos tet\u0151n k\u00e9sz\u00edtettem a kanyarg\u00f3 Marosr\u00f3l, a rom\u00e1n temet\u0151 fatemplom\u00e1r\u00f3l. Ekkor j\u00e1rtam t\u00f6bbek k\u00f6z\u00f6tt Ny\u00e1r\u00e1d, a K\u00fck\u00fcll\u0151 ment\u00e9n, voltam Szov\u00e1t\u00e1n, Borsz\u00e9ken, Gyimesben \u00e9s Cs\u00edkban, ebben az id\u0151ben szereztem az els\u0151 sz\u00e9kely \u00e9s rom\u00e1n bar\u00e1tokat. Ezut\u00e1n szinte minden \u00e9vben j\u00e1rtam Erd\u00e9lyben, Moldv\u00e1ban, m\u00e1s-m\u00e1s t\u00e1jakon, ahol sok embert ismertem meg, k\u00f6zt\u00fck m\u0171v\u00e9szeket is.<\/p>\n<p>Sz\u00edj Rezs\u0151 m\u0171v\u00e9szett\u00f6rt\u00e9n\u00e9sz a budapesti ki\u00e1ll\u00edt\u00e1somr\u00f3l az Alf\u00f6ldben \u00edrt kritik\u00e1j\u00e1ban \u00edrt az \u0151seimr\u0151l: \u201e\u2026minden val\u00f3sz\u00edn\u0171s\u00e9g szerint \u00c9gerh\u00e1zi Mih\u00e1ly abb\u00f3l a mez\u0151b\u00e1ndi \u00c9gerh\u00e1zi csal\u00e1db\u00f3l sz\u00e1rmazott, akik m\u0171v\u00e9szet\u00fckr\u0151l k\u00f6zismertek voltak. Ebben a csal\u00e1dban \u00e9lt \u00e9s dolgozott \u00c9gerh\u00e1zi, m\u00e1sk\u00e9nt k\u00e9p\u00edr\u00f3 J\u00e1nos, aki Bethlen G\u00e1bor fejedelem idej\u00e9n Istv\u00e1n nev\u0171 testv\u00e9r\u00e9vel festette az alvinczi, a gyulafeh\u00e9rv\u00e1ri palot\u00e1k mennyezet\u00e9t, termeit, a gyulakutai Reform\u00e1tus templom kazett\u00e1it. C\u00edmer\u00fckben h\u00e1rmas halom felett turulmad\u00e1r h\u00e1t\u00e1n vit\u00e9z. Bal kez\u00e9ben kard, hegy\u00e9n lev\u00e1gott t\u00f6r\u00f6k fej, jobb kez\u00e9ben paletta \u00e9s n\u00e9h\u00e1ny ecset. Felette fel\u00edr\u00e1s: QVOD LIBET LICET.\u201d<\/p>\n<p>\u00c9gerh\u00e1zi Mih\u00e1ly \u0151s\u00f6m, aki b\u00f6sh\u00e1zai illet\u0151s\u00e9g\u0171 volt, el\u0151neve szerint \u00e9s az 1600-as \u00e9vekben m\u00e1r Hajd\u00fahadh\u00e1zon \u00e9lt. Apafi Mih\u00e1lyt\u00f3l nemesi oklevelet \u00e9s c\u00edmert kapott. A c\u00edmer le\u00edr\u00e1s\u00e1ban a k\u00f6vetkez\u0151ket olvashatjuk: \u201e\u2026 k\u00e9k sz\u00edn\u0171 pajzsnak als\u00f3 mezej\u00e9n jobbra fordul\u00f3 f\u00e9rfi kar h\u00e1rom\u00e1g\u00fa z\u00f6ld bab\u00e9r\u00e1gat kiny\u00fajtva tart, a mez\u0151 k\u00f6zep\u00e9n hull\u00e1mz\u00f3 szalag az al\u00e1bbi felirattal: A M\u0170V\u00c9SZET\u00c9RT, AZ OTTHON\u00c9RT\u2026\u201d.<\/p>\n<p>A Hajd\u00fas\u00e1gi M\u0171v\u00e9sztelep megalakul\u00e1s\u00e1t k\u00f6vet\u0151en helyi ismereteim miatt az erd\u00e9lyi fest\u0151k megh\u00edv\u00e1s\u00e1t r\u00e1m b\u00edzt\u00e1k. Sokat f\u00e1radtam az\u00e9rt, hogy onnan magyarok, rom\u00e1nok j\u00f6jjenek, olyanok, akik sz\u00edvesen dolgozn\u00e1nak vel\u00fcnk. H\u00edvogat\u00f3 \u00fatjaim \u00e9s a M\u0171v\u00e9sztelepen t\u00f6lt\u00f6tt id\u0151 alatt nagyon sok bar\u00e1tot szereztem: Nagy P\u00e1l, Georghe Ol\u00e1riu, Ga\u00e1l Andr\u00e1s, Bal\u00e1zs Imre, Frentin Sever, Plugor S\u00e1ndor, M\u00e1rton \u00c1rp\u00e1d, P\u00e1ll Lajos \u00e9s sokan m\u00e1sok.<br \/>\nT\u00f6bbsz\u00f6r h\u00edvtam a m\u0171v\u00e9sztelepre Zs\u00f6g\u00f6di Nagy Imr\u00e9t is, aki megk\u00f6sz\u00f6nve, viccesen azzal utas\u00edtotta el, hogy ha egy sz\u00e9p h\u00fasz\u00e9ves l\u00e1nyt is adunk \u201ecsicsk\u00e1snak\u201d \u00e9s n\u00e9mi energi\u00e1t, m\u00e9g meggondolja. A fiatalokat: M\u00e1rton \u00c1rp\u00e1dot, Ga\u00e1l Andr\u00e1st \u00e9s S\u00f6v\u00e9r Eleket aj\u00e1nlotta.<br \/>\nA hivatalos szervek az ut\u00f3bbi \u00e9vekben nem sz\u00edvesen vett\u00e9k az ott rajzol\u00f3, festeget\u0151 embert. Nem kis kellemetlens\u00e9geim is voltak emiatt.<br \/>\nNegyven \u00e9v ut\u00e1n 1990. augusztus h\u00f3napban v\u00e9gre hivatalosan is egy\u00fctt dolgozhattam Gergy\u00f3sz\u00e1rhegyen rom\u00e1n \u00e9s magyar fest\u0151kkel. Felejthetetlen sz\u00e9p \u00e9lm\u00e9ny volt, k\u00fcl\u00f6n\u00f6sen, ha arra gondolok, hogy legszebb k\u00e9peimet Erd\u00e9lyr\u0151l \u00e9s az ott \u00e9l\u0151 emberekr\u0151l festettem. Erd\u00e9ly az \u00e9n \u00e9letem, fest\u0151i munk\u00e1ss\u00e1gom egyik f\u0151 meghat\u00e1roz\u00f3ja volt \u00e9s ma is az.\u201d<\/p>\n<p>\u00c9gerh\u00e1zi Imre fest \u00e9s rajzol, metsz lin\u00f3leumot \u00e9s k\u00e9sz\u00edt monot\u00edpi\u00e1t. Valamennyi technik\u00e1ban form\u00e1i m\u00e9rt\u00e9kad\u00f3ak, a stiliz\u00e1l\u00e1sban, az absztrah\u00e1l\u00e1sban csak addig megy el, am\u00edg az a t\u00e9ma, a mondanival\u00f3 rov\u00e1s\u00e1ra nem megy. Munk\u00e1in ez\u00e9rt marad meg a t\u00e1rgy, a t\u00e1j, az ember saj\u00e1tos karaktere. Form\u00e1ban, sz\u00ednben, szerkezetben a ritmus rendj\u00e9t \u00e9rv\u00e9nyes\u00edti egy saj\u00e1tos \u00e9rzelmi t\u00f6ltettel \u00e9s \u00edgy alakul ki vil\u00e1gos, tiszta, szabatos m\u0171v\u00e9szi kifejez\u0151 nyelve.<\/p>\n<p>Lenkey Istv\u00e1n[\/vc_column_text][\/vc_column][\/vc_row]\n<\/div>","protected":false},"excerpt":{"rendered":"<p>[vc_row][vc_column][vc_column_text] \u00c9gerh\u00e1zi Imre &#8211; Hajd\u00fahadh\u00e1z sz\u00fcl\u00f6tte \u00c9gerh\u00e1zi Imre Hajd\u00fahadh\u00e1z sz\u00fcl\u00f6tte. Ez a hajd\u00fa v\u00e1ros \u00e9s Debrecen hat\u00e1rozta meg indul\u00e1s\u00e1t, hiszen tanulm\u00e1nyait e k\u00e9t helyen v\u00e9gezte, s itt foglalta el hely\u00e9t azok k\u00f6z\u00f6tt, akik mindennapi munk\u00e1jukkal r\u00e9szesei az emberis\u00e9g \u00e9let\u00e9nek. Mindennapi munk\u00e1ja mellett a kora ifj\u00fas\u00e1g\u00e1t\u00f3l benne fesz\u00fcl\u0151 alkotni \u00e9s teremteni v\u00e1gy\u00e1s \u00e9s k\u00e9szs\u00e9g kibontakoztat\u00e1s\u00e1hoz tette meg a kezd\u0151 l\u00e9p\u00e9seket a [&hellip;]<\/p>\n","protected":false},"author":4,"featured_media":0,"parent":10535,"menu_order":0,"comment_status":"closed","ping_status":"closed","template":"","meta":{"footnotes":""},"categories":[219],"tags":[153],"class_list":["post-11185","page","type-page","status-publish","hentry","category-irasok_egerhazi_imrerol","tag-153"],"yoast_head":"<!-- This site is optimized with the Yoast SEO plugin v27.5 - https:\/\/yoast.com\/product\/yoast-seo-wordpress\/ -->\n<title>\u00c9gerh\u00e1zi Imre - Hajd\u00fahadh\u00e1z sz\u00fcl\u00f6tte, 1991 - \u00c9gerh\u00e1zi Imre<\/title>\n<meta name=\"robots\" content=\"index, follow, max-snippet:-1, max-image-preview:large, max-video-preview:-1\" \/>\n<link rel=\"canonical\" href=\"https:\/\/egerhaziimre.hu\/index.php\/eletrajz\/irasok-egerhazi-imrerol\/egerhazi-imre-hajduhadhaz-szulotte\/?lang=en\" \/>\n<meta property=\"og:locale\" content=\"hu_HU\" \/>\n<meta property=\"og:type\" content=\"article\" \/>\n<meta property=\"og:title\" content=\"\u00c9gerh\u00e1zi Imre - Hajd\u00fahadh\u00e1z sz\u00fcl\u00f6tte, 1991 - \u00c9gerh\u00e1zi Imre\" \/>\n<meta property=\"og:description\" content=\"[vc_row][vc_column][vc_column_text] \u00c9gerh\u00e1zi Imre &#8211; Hajd\u00fahadh\u00e1z sz\u00fcl\u00f6tte \u00c9gerh\u00e1zi Imre Hajd\u00fahadh\u00e1z sz\u00fcl\u00f6tte. Ez a hajd\u00fa v\u00e1ros \u00e9s Debrecen hat\u00e1rozta meg indul\u00e1s\u00e1t, hiszen tanulm\u00e1nyait e k\u00e9t helyen v\u00e9gezte, s itt foglalta el hely\u00e9t azok k\u00f6z\u00f6tt, akik mindennapi munk\u00e1jukkal r\u00e9szesei az emberis\u00e9g \u00e9let\u00e9nek. Mindennapi munk\u00e1ja mellett a kora ifj\u00fas\u00e1g\u00e1t\u00f3l benne fesz\u00fcl\u0151 alkotni \u00e9s teremteni v\u00e1gy\u00e1s \u00e9s k\u00e9szs\u00e9g kibontakoztat\u00e1s\u00e1hoz tette meg a kezd\u0151 l\u00e9p\u00e9seket a [&hellip;]\" \/>\n<meta property=\"og:url\" content=\"https:\/\/egerhaziimre.hu\/index.php\/eletrajz\/irasok-egerhazi-imrerol\/egerhazi-imre-hajduhadhaz-szulotte\/?lang=en\" \/>\n<meta property=\"og:site_name\" content=\"\u00c9gerh\u00e1zi Imre\" \/>\n<meta property=\"article:modified_time\" content=\"2020-11-22T12:16:35+00:00\" \/>\n<meta name=\"twitter:card\" content=\"summary_large_image\" \/>\n<meta name=\"twitter:label1\" content=\"Becs\u00fclt olvas\u00e1si id\u0151\" \/>\n\t<meta name=\"twitter:data1\" content=\"15 perc\" \/>\n<script type=\"application\/ld+json\" class=\"yoast-schema-graph\">{\"@context\":\"https:\\\/\\\/schema.org\",\"@graph\":[{\"@type\":\"WebPage\",\"@id\":\"https:\\\/\\\/egerhaziimre.hu\\\/index.php\\\/eletrajz\\\/irasok-egerhazi-imrerol\\\/egerhazi-imre-hajduhadhaz-szulotte\\\/?lang=en\",\"url\":\"https:\\\/\\\/egerhaziimre.hu\\\/index.php\\\/eletrajz\\\/irasok-egerhazi-imrerol\\\/egerhazi-imre-hajduhadhaz-szulotte\\\/?lang=en\",\"name\":\"\u00c9gerh\u00e1zi Imre - Hajd\u00fahadh\u00e1z sz\u00fcl\u00f6tte, 1991 - \u00c9gerh\u00e1zi Imre\",\"isPartOf\":{\"@id\":\"https:\\\/\\\/egerhaziimre.hu\\\/#website\"},\"datePublished\":\"1991-11-22T09:34:10+00:00\",\"dateModified\":\"2020-11-22T12:16:35+00:00\",\"breadcrumb\":{\"@id\":\"https:\\\/\\\/egerhaziimre.hu\\\/index.php\\\/eletrajz\\\/irasok-egerhazi-imrerol\\\/egerhazi-imre-hajduhadhaz-szulotte\\\/?lang=en#breadcrumb\"},\"inLanguage\":\"hu\",\"potentialAction\":[{\"@type\":\"ReadAction\",\"target\":[\"https:\\\/\\\/egerhaziimre.hu\\\/index.php\\\/eletrajz\\\/irasok-egerhazi-imrerol\\\/egerhazi-imre-hajduhadhaz-szulotte\\\/?lang=en\"]}]},{\"@type\":\"BreadcrumbList\",\"@id\":\"https:\\\/\\\/egerhaziimre.hu\\\/index.php\\\/eletrajz\\\/irasok-egerhazi-imrerol\\\/egerhazi-imre-hajduhadhaz-szulotte\\\/?lang=en#breadcrumb\",\"itemListElement\":[{\"@type\":\"ListItem\",\"position\":1,\"name\":\"Home\",\"item\":\"https:\\\/\\\/egerhaziimre.hu\\\/\"},{\"@type\":\"ListItem\",\"position\":2,\"name\":\"\u00c9letrajz\",\"item\":\"https:\\\/\\\/egerhaziimre.hu\\\/index.php\\\/eletrajz\\\/\"},{\"@type\":\"ListItem\",\"position\":3,\"name\":\"Writings about Imre \u00c9gerh\u00e1zi\",\"item\":\"https:\\\/\\\/egerhaziimre.hu\\\/index.php\\\/eletrajz\\\/irasok-egerhazi-imrerol\\\/?lang=en\"},{\"@type\":\"ListItem\",\"position\":4,\"name\":\"Imre \u00c9gerh\u00e1zi of Hajd\u00fahadh\u00e1z, 1991\"}]},{\"@type\":\"WebSite\",\"@id\":\"https:\\\/\\\/egerhaziimre.hu\\\/#website\",\"url\":\"https:\\\/\\\/egerhaziimre.hu\\\/\",\"name\":\"\u00c9gerh\u00e1zi Imre\",\"description\":\"\",\"potentialAction\":[{\"@type\":\"SearchAction\",\"target\":{\"@type\":\"EntryPoint\",\"urlTemplate\":\"https:\\\/\\\/egerhaziimre.hu\\\/?s={search_term_string}\"},\"query-input\":{\"@type\":\"PropertyValueSpecification\",\"valueRequired\":true,\"valueName\":\"search_term_string\"}}],\"inLanguage\":\"hu\"}]}<\/script>\n<!-- \/ Yoast SEO plugin. -->","yoast_head_json":{"title":"\u00c9gerh\u00e1zi Imre - Hajd\u00fahadh\u00e1z sz\u00fcl\u00f6tte, 1991 - \u00c9gerh\u00e1zi Imre","robots":{"index":"index","follow":"follow","max-snippet":"max-snippet:-1","max-image-preview":"max-image-preview:large","max-video-preview":"max-video-preview:-1"},"canonical":"https:\/\/egerhaziimre.hu\/index.php\/eletrajz\/irasok-egerhazi-imrerol\/egerhazi-imre-hajduhadhaz-szulotte\/?lang=en","og_locale":"hu_HU","og_type":"article","og_title":"\u00c9gerh\u00e1zi Imre - Hajd\u00fahadh\u00e1z sz\u00fcl\u00f6tte, 1991 - \u00c9gerh\u00e1zi Imre","og_description":"[vc_row][vc_column][vc_column_text] \u00c9gerh\u00e1zi Imre &#8211; Hajd\u00fahadh\u00e1z sz\u00fcl\u00f6tte \u00c9gerh\u00e1zi Imre Hajd\u00fahadh\u00e1z sz\u00fcl\u00f6tte. Ez a hajd\u00fa v\u00e1ros \u00e9s Debrecen hat\u00e1rozta meg indul\u00e1s\u00e1t, hiszen tanulm\u00e1nyait e k\u00e9t helyen v\u00e9gezte, s itt foglalta el hely\u00e9t azok k\u00f6z\u00f6tt, akik mindennapi munk\u00e1jukkal r\u00e9szesei az emberis\u00e9g \u00e9let\u00e9nek. Mindennapi munk\u00e1ja mellett a kora ifj\u00fas\u00e1g\u00e1t\u00f3l benne fesz\u00fcl\u0151 alkotni \u00e9s teremteni v\u00e1gy\u00e1s \u00e9s k\u00e9szs\u00e9g kibontakoztat\u00e1s\u00e1hoz tette meg a kezd\u0151 l\u00e9p\u00e9seket a [&hellip;]","og_url":"https:\/\/egerhaziimre.hu\/index.php\/eletrajz\/irasok-egerhazi-imrerol\/egerhazi-imre-hajduhadhaz-szulotte\/?lang=en","og_site_name":"\u00c9gerh\u00e1zi Imre","article_modified_time":"2020-11-22T12:16:35+00:00","twitter_card":"summary_large_image","twitter_misc":{"Becs\u00fclt olvas\u00e1si id\u0151":"15 perc"},"schema":{"@context":"https:\/\/schema.org","@graph":[{"@type":"WebPage","@id":"https:\/\/egerhaziimre.hu\/index.php\/eletrajz\/irasok-egerhazi-imrerol\/egerhazi-imre-hajduhadhaz-szulotte\/?lang=en","url":"https:\/\/egerhaziimre.hu\/index.php\/eletrajz\/irasok-egerhazi-imrerol\/egerhazi-imre-hajduhadhaz-szulotte\/?lang=en","name":"\u00c9gerh\u00e1zi Imre - Hajd\u00fahadh\u00e1z sz\u00fcl\u00f6tte, 1991 - \u00c9gerh\u00e1zi Imre","isPartOf":{"@id":"https:\/\/egerhaziimre.hu\/#website"},"datePublished":"1991-11-22T09:34:10+00:00","dateModified":"2020-11-22T12:16:35+00:00","breadcrumb":{"@id":"https:\/\/egerhaziimre.hu\/index.php\/eletrajz\/irasok-egerhazi-imrerol\/egerhazi-imre-hajduhadhaz-szulotte\/?lang=en#breadcrumb"},"inLanguage":"hu","potentialAction":[{"@type":"ReadAction","target":["https:\/\/egerhaziimre.hu\/index.php\/eletrajz\/irasok-egerhazi-imrerol\/egerhazi-imre-hajduhadhaz-szulotte\/?lang=en"]}]},{"@type":"BreadcrumbList","@id":"https:\/\/egerhaziimre.hu\/index.php\/eletrajz\/irasok-egerhazi-imrerol\/egerhazi-imre-hajduhadhaz-szulotte\/?lang=en#breadcrumb","itemListElement":[{"@type":"ListItem","position":1,"name":"Home","item":"https:\/\/egerhaziimre.hu\/"},{"@type":"ListItem","position":2,"name":"\u00c9letrajz","item":"https:\/\/egerhaziimre.hu\/index.php\/eletrajz\/"},{"@type":"ListItem","position":3,"name":"Writings about Imre \u00c9gerh\u00e1zi","item":"https:\/\/egerhaziimre.hu\/index.php\/eletrajz\/irasok-egerhazi-imrerol\/?lang=en"},{"@type":"ListItem","position":4,"name":"Imre \u00c9gerh\u00e1zi of Hajd\u00fahadh\u00e1z, 1991"}]},{"@type":"WebSite","@id":"https:\/\/egerhaziimre.hu\/#website","url":"https:\/\/egerhaziimre.hu\/","name":"\u00c9gerh\u00e1zi Imre","description":"","potentialAction":[{"@type":"SearchAction","target":{"@type":"EntryPoint","urlTemplate":"https:\/\/egerhaziimre.hu\/?s={search_term_string}"},"query-input":{"@type":"PropertyValueSpecification","valueRequired":true,"valueName":"search_term_string"}}],"inLanguage":"hu"}]}},"jetpack_sharing_enabled":true,"_links":{"self":[{"href":"https:\/\/egerhaziimre.hu\/index.php\/wp-json\/wp\/v2\/pages\/11185","targetHints":{"allow":["GET"]}}],"collection":[{"href":"https:\/\/egerhaziimre.hu\/index.php\/wp-json\/wp\/v2\/pages"}],"about":[{"href":"https:\/\/egerhaziimre.hu\/index.php\/wp-json\/wp\/v2\/types\/page"}],"author":[{"embeddable":true,"href":"https:\/\/egerhaziimre.hu\/index.php\/wp-json\/wp\/v2\/users\/4"}],"replies":[{"embeddable":true,"href":"https:\/\/egerhaziimre.hu\/index.php\/wp-json\/wp\/v2\/comments?post=11185"}],"version-history":[{"count":5,"href":"https:\/\/egerhaziimre.hu\/index.php\/wp-json\/wp\/v2\/pages\/11185\/revisions"}],"predecessor-version":[{"id":11224,"href":"https:\/\/egerhaziimre.hu\/index.php\/wp-json\/wp\/v2\/pages\/11185\/revisions\/11224"}],"up":[{"embeddable":true,"href":"https:\/\/egerhaziimre.hu\/index.php\/wp-json\/wp\/v2\/pages\/10535"}],"wp:attachment":[{"href":"https:\/\/egerhaziimre.hu\/index.php\/wp-json\/wp\/v2\/media?parent=11185"}],"wp:term":[{"taxonomy":"category","embeddable":true,"href":"https:\/\/egerhaziimre.hu\/index.php\/wp-json\/wp\/v2\/categories?post=11185"},{"taxonomy":"post_tag","embeddable":true,"href":"https:\/\/egerhaziimre.hu\/index.php\/wp-json\/wp\/v2\/tags?post=11185"}],"curies":[{"name":"wp","href":"https:\/\/api.w.org\/{rel}","templated":true}]}}