{"id":1121,"date":"2016-03-14T10:06:25","date_gmt":"2016-03-14T09:06:25","guid":{"rendered":"http:\/\/egerhaziimre.magex.hu\/?page_id=1121"},"modified":"2020-09-21T15:36:03","modified_gmt":"2020-09-21T13:36:03","slug":"egerhazi-laszlo-fafarago-muvesz-kiallitasa","status":"publish","type":"page","link":"https:\/\/egerhaziimre.hu\/index.php\/archivum\/aktualitasok-hirek\/egerhazi-laszlo-fafarago-muvesz-kiallitasa\/","title":{"rendered":"\u00c9gerh\u00e1zi L\u00e1szl\u00f3 fafarag\u00f3 m\u0171v\u00e9sz ki\u00e1ll\u00edt\u00e1sa"},"content":{"rendered":"<div class=\"wpb-content-wrapper\">[vc_row][vc_column][vc_empty_space height=&#8221;15px&#8221;][vc_column_text]A Vecs\u00e9si Orb\u00e1n Bal\u00e1zs Erd\u00e9lyi K\u00f6r szeretettel megh\u00edvja \u00d6nt, kedves csal\u00e1dj\u00e1t \u00e9s ismer\u0151seit<\/p>\n<p><strong>\u00c9gerh\u00e1zi L\u00e1szl\u00f3 fafarag\u00f3 m\u0171v\u00e9sz<\/strong><br \/>\nFejedelmek, C\u00edmerek, Egerh\u00e1ziak in memorian K\u00e9p\u00edr\u00f3 J\u00e1nos c\u00edm\u0171 ki\u00e1ll\u00edt\u00e1s\u00e1ra<br \/>\nA ki\u00e1ll\u00edt\u00e1st megnyitja Kiss Endre, a S\u00e1rospataki Nagyk\u00f6nyvt\u00e1r igazgat\u00f3ja, helyt\u00f6rt\u00e9n\u00e9sz \u00e9s m\u0171vel\u0151d\u00e9st\u00f6rt\u00e9n\u00e9sz.<\/p>\n<p><strong>Megnyit\u00f3:<\/strong><br \/>\n2016. m\u00e1rcius 14., 18 \u00f3ra<\/p>\n<p><strong>Helysz\u00edn:<\/strong><br \/>\nVecs\u00e9si ki\u00e1ll\u00edt\u00f3 terem<br \/>\n2220 Vecs\u00e9s, V\u00e9rtesi N\u00e1ndor u. 9.<\/p>\n<p>A ki\u00e1ll\u00edt\u00e1s megtekinthet\u0151 h\u00e9tk\u00f6znapokon m\u00e1rcius 30-ig, 8 \u00e9s 16 \u00f3ra k\u00f6z\u00f6tt.<\/p>\n<p class=\"text-justify\">A ki\u00e1ll\u00edt\u00e1sra \u00c9gerh\u00e1zi L\u00e1szl\u00f3 150 darabos gy\u0171jtem\u00e9nnyel k\u00e9sz\u00fcl. Megtekinthetj\u00fck nevezetes Egerh\u00e1ziak faragott portr\u00e9it a 16. sz\u00e1zadt\u00f3l napjainkig. A csal\u00e1di c\u00edmerek kollekci\u00f3ja a 15. sz\u00e1zadt\u00f3l a 18. sz\u00e1zadig tart\u00f3 id\u0151szakot mutatja be. A faragott \u00e9s festett reliefek szint\u00e9n az Egerh\u00e1ziakhoz kapcsol\u00f3dnak. Ki\u00e1ll\u00edt\u00e1sra ker\u00fclnek a csal\u00e1dhoz k\u00f6thet\u0151 nagym\u00e9ret\u0171 faragott domborm\u0171vek \u00e9s festm\u00e9nyek is. L\u00e1that\u00f3 lesz \u00c9gerh\u00e1zi Imre \u00e9s a ki\u00e1ll\u00edt\u00f3 m\u0171v\u00e9sz unokatestv\u00e9r\u00e9nek, \u00c9gerh\u00e1zi L\u00e1szl\u00f3nak, valamint B\u00e9nyei Juditnak festm\u00e9nyei is. A k\u00e9pz\u0151m\u0171v\u00e9szeti alkot\u00e1sokat oklevelek, nemeslevelek, \u00e9s szobrok m\u00e1solatai eg\u00e9sz\u00edtik ki. K\u00fcl\u00f6nleges darabjai a t\u00e1rlatnak a ki\u00e1ll\u00edt\u00f3m\u0171v\u00e9sz \u00e1ltal eredeti minta alapj\u00e1n k\u00e9sz\u00edtett fegyverek, pajzsok, szabj\u00e1k \u00e9s fokosok.<\/p>\n[\/vc_column_text][vc_separator][vc_column_text]\n<h6>Megh\u00edv\u00f3<\/h6>\n[\/vc_column_text][vc_media_grid element_width=&#8221;3&#8243; gap=&#8221;15&#8243; item=&#8221;794&#8243; grid_id=&#8221;vc_gid:1600695274628-40598a1f-2f87-0&#8243; include=&#8221;1132,1133&#8243;][\/vc_column][\/vc_row]\n<\/div>","protected":false},"excerpt":{"rendered":"<p>[vc_row][vc_column][vc_empty_space height=&#8221;15px&#8221;][vc_column_text]A Vecs\u00e9si Orb\u00e1n Bal\u00e1zs Erd\u00e9lyi K\u00f6r szeretettel megh\u00edvja \u00d6nt, kedves csal\u00e1dj\u00e1t \u00e9s ismer\u0151seit \u00c9gerh\u00e1zi L\u00e1szl\u00f3 fafarag\u00f3 m\u0171v\u00e9sz Fejedelmek, C\u00edmerek, Egerh\u00e1ziak in memorian K\u00e9p\u00edr\u00f3 J\u00e1nos c\u00edm\u0171 ki\u00e1ll\u00edt\u00e1s\u00e1ra A ki\u00e1ll\u00edt\u00e1st megnyitja Kiss Endre, a S\u00e1rospataki Nagyk\u00f6nyvt\u00e1r igazgat\u00f3ja, helyt\u00f6rt\u00e9n\u00e9sz \u00e9s m\u0171vel\u0151d\u00e9st\u00f6rt\u00e9n\u00e9sz. Megnyit\u00f3: 2016. m\u00e1rcius 14., 18 \u00f3ra Helysz\u00edn: Vecs\u00e9si ki\u00e1ll\u00edt\u00f3 terem 2220 Vecs\u00e9s, V\u00e9rtesi N\u00e1ndor u. 9. A ki\u00e1ll\u00edt\u00e1s megtekinthet\u0151 h\u00e9tk\u00f6znapokon m\u00e1rcius [&hellip;]<\/p>\n","protected":false},"author":4,"featured_media":1132,"parent":28,"menu_order":0,"comment_status":"closed","ping_status":"closed","template":"","meta":{"footnotes":""},"categories":[13,4,160],"tags":[100,101],"class_list":["post-1121","page","type-page","status-publish","has-post-thumbnail","hentry","category-hirek","category-kiallitasok","category-tovabbi-kiallitasok","tag-100","tag-vecses"],"yoast_head":"<!-- This site is optimized with the Yoast SEO plugin v27.4 - https:\/\/yoast.com\/product\/yoast-seo-wordpress\/ -->\n<title>\u00c9gerh\u00e1zi L\u00e1szl\u00f3 fafarag\u00f3 m\u0171v\u00e9sz ki\u00e1ll\u00edt\u00e1sa - \u00c9gerh\u00e1zi Imre<\/title>\n<meta name=\"robots\" content=\"index, follow, max-snippet:-1, max-image-preview:large, max-video-preview:-1\" \/>\n<link rel=\"canonical\" href=\"https:\/\/egerhaziimre.hu\/index.php\/archivum\/aktualitasok-hirek\/egerhazi-laszlo-fafarago-muvesz-kiallitasa\/?lang=en\" \/>\n<meta property=\"og:locale\" content=\"hu_HU\" \/>\n<meta property=\"og:type\" content=\"article\" \/>\n<meta property=\"og:title\" content=\"\u00c9gerh\u00e1zi L\u00e1szl\u00f3 fafarag\u00f3 m\u0171v\u00e9sz ki\u00e1ll\u00edt\u00e1sa - \u00c9gerh\u00e1zi Imre\" \/>\n<meta property=\"og:description\" content=\"[vc_row][vc_column][vc_empty_space height=&#8221;15px&#8221;][vc_column_text]A Vecs\u00e9si Orb\u00e1n Bal\u00e1zs Erd\u00e9lyi K\u00f6r szeretettel megh\u00edvja \u00d6nt, kedves csal\u00e1dj\u00e1t \u00e9s ismer\u0151seit \u00c9gerh\u00e1zi L\u00e1szl\u00f3 fafarag\u00f3 m\u0171v\u00e9sz Fejedelmek, C\u00edmerek, Egerh\u00e1ziak in memorian K\u00e9p\u00edr\u00f3 J\u00e1nos c\u00edm\u0171 ki\u00e1ll\u00edt\u00e1s\u00e1ra A ki\u00e1ll\u00edt\u00e1st megnyitja Kiss Endre, a S\u00e1rospataki Nagyk\u00f6nyvt\u00e1r igazgat\u00f3ja, helyt\u00f6rt\u00e9n\u00e9sz \u00e9s m\u0171vel\u0151d\u00e9st\u00f6rt\u00e9n\u00e9sz. Megnyit\u00f3: 2016. m\u00e1rcius 14., 18 \u00f3ra Helysz\u00edn: Vecs\u00e9si ki\u00e1ll\u00edt\u00f3 terem 2220 Vecs\u00e9s, V\u00e9rtesi N\u00e1ndor u. 9. A ki\u00e1ll\u00edt\u00e1s megtekinthet\u0151 h\u00e9tk\u00f6znapokon m\u00e1rcius [&hellip;]\" \/>\n<meta property=\"og:url\" content=\"https:\/\/egerhaziimre.hu\/index.php\/archivum\/aktualitasok-hirek\/egerhazi-laszlo-fafarago-muvesz-kiallitasa\/?lang=en\" \/>\n<meta property=\"og:site_name\" content=\"\u00c9gerh\u00e1zi Imre\" \/>\n<meta property=\"article:modified_time\" content=\"2020-09-21T13:36:03+00:00\" \/>\n<meta property=\"og:image\" content=\"https:\/\/egerhaziimre.hu\/wp-content\/uploads\/2019\/08\/Aktualitasok_hirek\/egerhazi_laszlo_fafarago_muvesz_kiallitasa\/20160301_egerhazi_laszlo_fafarago_meghivo_01.jpg\" \/>\n\t<meta property=\"og:image:width\" content=\"2000\" \/>\n\t<meta property=\"og:image:height\" content=\"953\" \/>\n\t<meta property=\"og:image:type\" content=\"image\/jpeg\" \/>\n<meta name=\"twitter:card\" content=\"summary_large_image\" \/>\n<meta name=\"twitter:label1\" content=\"Becs\u00fclt olvas\u00e1si id\u0151\" \/>\n\t<meta name=\"twitter:data1\" content=\"3 perc\" \/>\n<script type=\"application\/ld+json\" class=\"yoast-schema-graph\">{\"@context\":\"https:\\\/\\\/schema.org\",\"@graph\":[{\"@type\":\"WebPage\",\"@id\":\"https:\\\/\\\/egerhaziimre.hu\\\/index.php\\\/archivum\\\/aktualitasok-hirek\\\/egerhazi-laszlo-fafarago-muvesz-kiallitasa\\\/?lang=en\",\"url\":\"https:\\\/\\\/egerhaziimre.hu\\\/index.php\\\/archivum\\\/aktualitasok-hirek\\\/egerhazi-laszlo-fafarago-muvesz-kiallitasa\\\/?lang=en\",\"name\":\"\u00c9gerh\u00e1zi L\u00e1szl\u00f3 fafarag\u00f3 m\u0171v\u00e9sz ki\u00e1ll\u00edt\u00e1sa - \u00c9gerh\u00e1zi Imre\",\"isPartOf\":{\"@id\":\"https:\\\/\\\/egerhaziimre.hu\\\/#website\"},\"primaryImageOfPage\":{\"@id\":\"https:\\\/\\\/egerhaziimre.hu\\\/index.php\\\/archivum\\\/aktualitasok-hirek\\\/egerhazi-laszlo-fafarago-muvesz-kiallitasa\\\/?lang=en#primaryimage\"},\"image\":{\"@id\":\"https:\\\/\\\/egerhaziimre.hu\\\/index.php\\\/archivum\\\/aktualitasok-hirek\\\/egerhazi-laszlo-fafarago-muvesz-kiallitasa\\\/?lang=en#primaryimage\"},\"thumbnailUrl\":\"https:\\\/\\\/egerhaziimre.hu\\\/wp-content\\\/uploads\\\/2019\\\/08\\\/Aktualitasok_hirek\\\/egerhazi_laszlo_fafarago_muvesz_kiallitasa\\\/20160301_egerhazi_laszlo_fafarago_meghivo_01.jpg\",\"datePublished\":\"2016-03-14T09:06:25+00:00\",\"dateModified\":\"2020-09-21T13:36:03+00:00\",\"breadcrumb\":{\"@id\":\"https:\\\/\\\/egerhaziimre.hu\\\/index.php\\\/archivum\\\/aktualitasok-hirek\\\/egerhazi-laszlo-fafarago-muvesz-kiallitasa\\\/?lang=en#breadcrumb\"},\"inLanguage\":\"hu\",\"potentialAction\":[{\"@type\":\"ReadAction\",\"target\":[\"https:\\\/\\\/egerhaziimre.hu\\\/index.php\\\/archivum\\\/aktualitasok-hirek\\\/egerhazi-laszlo-fafarago-muvesz-kiallitasa\\\/?lang=en\"]}]},{\"@type\":\"ImageObject\",\"inLanguage\":\"hu\",\"@id\":\"https:\\\/\\\/egerhaziimre.hu\\\/index.php\\\/archivum\\\/aktualitasok-hirek\\\/egerhazi-laszlo-fafarago-muvesz-kiallitasa\\\/?lang=en#primaryimage\",\"url\":\"https:\\\/\\\/egerhaziimre.hu\\\/wp-content\\\/uploads\\\/2019\\\/08\\\/Aktualitasok_hirek\\\/egerhazi_laszlo_fafarago_muvesz_kiallitasa\\\/20160301_egerhazi_laszlo_fafarago_meghivo_01.jpg\",\"contentUrl\":\"https:\\\/\\\/egerhaziimre.hu\\\/wp-content\\\/uploads\\\/2019\\\/08\\\/Aktualitasok_hirek\\\/egerhazi_laszlo_fafarago_muvesz_kiallitasa\\\/20160301_egerhazi_laszlo_fafarago_meghivo_01.jpg\",\"width\":2000,\"height\":953},{\"@type\":\"BreadcrumbList\",\"@id\":\"https:\\\/\\\/egerhaziimre.hu\\\/index.php\\\/archivum\\\/aktualitasok-hirek\\\/egerhazi-laszlo-fafarago-muvesz-kiallitasa\\\/?lang=en#breadcrumb\",\"itemListElement\":[{\"@type\":\"ListItem\",\"position\":1,\"name\":\"Home\",\"item\":\"https:\\\/\\\/egerhaziimre.hu\\\/\"},{\"@type\":\"ListItem\",\"position\":2,\"name\":\"Archives\",\"item\":\"https:\\\/\\\/egerhaziimre.hu\\\/index.php\\\/archivum\\\/?lang=en\"},{\"@type\":\"ListItem\",\"position\":3,\"name\":\"News\",\"item\":\"https:\\\/\\\/egerhaziimre.hu\\\/index.php\\\/archivum\\\/aktualitasok-hirek\\\/?lang=en\"},{\"@type\":\"ListItem\",\"position\":4,\"name\":\"The exhibition of wood sculptor artist L\u00e1szl\u00f3 \u00c9gerh\u00e1zi\"}]},{\"@type\":\"WebSite\",\"@id\":\"https:\\\/\\\/egerhaziimre.hu\\\/#website\",\"url\":\"https:\\\/\\\/egerhaziimre.hu\\\/\",\"name\":\"\u00c9gerh\u00e1zi Imre\",\"description\":\"\",\"potentialAction\":[{\"@type\":\"SearchAction\",\"target\":{\"@type\":\"EntryPoint\",\"urlTemplate\":\"https:\\\/\\\/egerhaziimre.hu\\\/?s={search_term_string}\"},\"query-input\":{\"@type\":\"PropertyValueSpecification\",\"valueRequired\":true,\"valueName\":\"search_term_string\"}}],\"inLanguage\":\"hu\"}]}<\/script>\n<!-- \/ Yoast SEO plugin. -->","yoast_head_json":{"title":"\u00c9gerh\u00e1zi L\u00e1szl\u00f3 fafarag\u00f3 m\u0171v\u00e9sz ki\u00e1ll\u00edt\u00e1sa - \u00c9gerh\u00e1zi Imre","robots":{"index":"index","follow":"follow","max-snippet":"max-snippet:-1","max-image-preview":"max-image-preview:large","max-video-preview":"max-video-preview:-1"},"canonical":"https:\/\/egerhaziimre.hu\/index.php\/archivum\/aktualitasok-hirek\/egerhazi-laszlo-fafarago-muvesz-kiallitasa\/?lang=en","og_locale":"hu_HU","og_type":"article","og_title":"\u00c9gerh\u00e1zi L\u00e1szl\u00f3 fafarag\u00f3 m\u0171v\u00e9sz ki\u00e1ll\u00edt\u00e1sa - \u00c9gerh\u00e1zi Imre","og_description":"[vc_row][vc_column][vc_empty_space height=&#8221;15px&#8221;][vc_column_text]A Vecs\u00e9si Orb\u00e1n Bal\u00e1zs Erd\u00e9lyi K\u00f6r szeretettel megh\u00edvja \u00d6nt, kedves csal\u00e1dj\u00e1t \u00e9s ismer\u0151seit \u00c9gerh\u00e1zi L\u00e1szl\u00f3 fafarag\u00f3 m\u0171v\u00e9sz Fejedelmek, C\u00edmerek, Egerh\u00e1ziak in memorian K\u00e9p\u00edr\u00f3 J\u00e1nos c\u00edm\u0171 ki\u00e1ll\u00edt\u00e1s\u00e1ra A ki\u00e1ll\u00edt\u00e1st megnyitja Kiss Endre, a S\u00e1rospataki Nagyk\u00f6nyvt\u00e1r igazgat\u00f3ja, helyt\u00f6rt\u00e9n\u00e9sz \u00e9s m\u0171vel\u0151d\u00e9st\u00f6rt\u00e9n\u00e9sz. Megnyit\u00f3: 2016. m\u00e1rcius 14., 18 \u00f3ra Helysz\u00edn: Vecs\u00e9si ki\u00e1ll\u00edt\u00f3 terem 2220 Vecs\u00e9s, V\u00e9rtesi N\u00e1ndor u. 9. A ki\u00e1ll\u00edt\u00e1s megtekinthet\u0151 h\u00e9tk\u00f6znapokon m\u00e1rcius [&hellip;]","og_url":"https:\/\/egerhaziimre.hu\/index.php\/archivum\/aktualitasok-hirek\/egerhazi-laszlo-fafarago-muvesz-kiallitasa\/?lang=en","og_site_name":"\u00c9gerh\u00e1zi Imre","article_modified_time":"2020-09-21T13:36:03+00:00","og_image":[{"width":2000,"height":953,"url":"https:\/\/egerhaziimre.hu\/wp-content\/uploads\/2019\/08\/Aktualitasok_hirek\/egerhazi_laszlo_fafarago_muvesz_kiallitasa\/20160301_egerhazi_laszlo_fafarago_meghivo_01.jpg","type":"image\/jpeg"}],"twitter_card":"summary_large_image","twitter_misc":{"Becs\u00fclt olvas\u00e1si id\u0151":"3 perc"},"schema":{"@context":"https:\/\/schema.org","@graph":[{"@type":"WebPage","@id":"https:\/\/egerhaziimre.hu\/index.php\/archivum\/aktualitasok-hirek\/egerhazi-laszlo-fafarago-muvesz-kiallitasa\/?lang=en","url":"https:\/\/egerhaziimre.hu\/index.php\/archivum\/aktualitasok-hirek\/egerhazi-laszlo-fafarago-muvesz-kiallitasa\/?lang=en","name":"\u00c9gerh\u00e1zi L\u00e1szl\u00f3 fafarag\u00f3 m\u0171v\u00e9sz ki\u00e1ll\u00edt\u00e1sa - \u00c9gerh\u00e1zi Imre","isPartOf":{"@id":"https:\/\/egerhaziimre.hu\/#website"},"primaryImageOfPage":{"@id":"https:\/\/egerhaziimre.hu\/index.php\/archivum\/aktualitasok-hirek\/egerhazi-laszlo-fafarago-muvesz-kiallitasa\/?lang=en#primaryimage"},"image":{"@id":"https:\/\/egerhaziimre.hu\/index.php\/archivum\/aktualitasok-hirek\/egerhazi-laszlo-fafarago-muvesz-kiallitasa\/?lang=en#primaryimage"},"thumbnailUrl":"https:\/\/egerhaziimre.hu\/wp-content\/uploads\/2019\/08\/Aktualitasok_hirek\/egerhazi_laszlo_fafarago_muvesz_kiallitasa\/20160301_egerhazi_laszlo_fafarago_meghivo_01.jpg","datePublished":"2016-03-14T09:06:25+00:00","dateModified":"2020-09-21T13:36:03+00:00","breadcrumb":{"@id":"https:\/\/egerhaziimre.hu\/index.php\/archivum\/aktualitasok-hirek\/egerhazi-laszlo-fafarago-muvesz-kiallitasa\/?lang=en#breadcrumb"},"inLanguage":"hu","potentialAction":[{"@type":"ReadAction","target":["https:\/\/egerhaziimre.hu\/index.php\/archivum\/aktualitasok-hirek\/egerhazi-laszlo-fafarago-muvesz-kiallitasa\/?lang=en"]}]},{"@type":"ImageObject","inLanguage":"hu","@id":"https:\/\/egerhaziimre.hu\/index.php\/archivum\/aktualitasok-hirek\/egerhazi-laszlo-fafarago-muvesz-kiallitasa\/?lang=en#primaryimage","url":"https:\/\/egerhaziimre.hu\/wp-content\/uploads\/2019\/08\/Aktualitasok_hirek\/egerhazi_laszlo_fafarago_muvesz_kiallitasa\/20160301_egerhazi_laszlo_fafarago_meghivo_01.jpg","contentUrl":"https:\/\/egerhaziimre.hu\/wp-content\/uploads\/2019\/08\/Aktualitasok_hirek\/egerhazi_laszlo_fafarago_muvesz_kiallitasa\/20160301_egerhazi_laszlo_fafarago_meghivo_01.jpg","width":2000,"height":953},{"@type":"BreadcrumbList","@id":"https:\/\/egerhaziimre.hu\/index.php\/archivum\/aktualitasok-hirek\/egerhazi-laszlo-fafarago-muvesz-kiallitasa\/?lang=en#breadcrumb","itemListElement":[{"@type":"ListItem","position":1,"name":"Home","item":"https:\/\/egerhaziimre.hu\/"},{"@type":"ListItem","position":2,"name":"Archives","item":"https:\/\/egerhaziimre.hu\/index.php\/archivum\/?lang=en"},{"@type":"ListItem","position":3,"name":"News","item":"https:\/\/egerhaziimre.hu\/index.php\/archivum\/aktualitasok-hirek\/?lang=en"},{"@type":"ListItem","position":4,"name":"The exhibition of wood sculptor artist L\u00e1szl\u00f3 \u00c9gerh\u00e1zi"}]},{"@type":"WebSite","@id":"https:\/\/egerhaziimre.hu\/#website","url":"https:\/\/egerhaziimre.hu\/","name":"\u00c9gerh\u00e1zi Imre","description":"","potentialAction":[{"@type":"SearchAction","target":{"@type":"EntryPoint","urlTemplate":"https:\/\/egerhaziimre.hu\/?s={search_term_string}"},"query-input":{"@type":"PropertyValueSpecification","valueRequired":true,"valueName":"search_term_string"}}],"inLanguage":"hu"}]}},"jetpack_sharing_enabled":true,"_links":{"self":[{"href":"https:\/\/egerhaziimre.hu\/index.php\/wp-json\/wp\/v2\/pages\/1121","targetHints":{"allow":["GET"]}}],"collection":[{"href":"https:\/\/egerhaziimre.hu\/index.php\/wp-json\/wp\/v2\/pages"}],"about":[{"href":"https:\/\/egerhaziimre.hu\/index.php\/wp-json\/wp\/v2\/types\/page"}],"author":[{"embeddable":true,"href":"https:\/\/egerhaziimre.hu\/index.php\/wp-json\/wp\/v2\/users\/4"}],"replies":[{"embeddable":true,"href":"https:\/\/egerhaziimre.hu\/index.php\/wp-json\/wp\/v2\/comments?post=1121"}],"version-history":[{"count":12,"href":"https:\/\/egerhaziimre.hu\/index.php\/wp-json\/wp\/v2\/pages\/1121\/revisions"}],"predecessor-version":[{"id":9864,"href":"https:\/\/egerhaziimre.hu\/index.php\/wp-json\/wp\/v2\/pages\/1121\/revisions\/9864"}],"up":[{"embeddable":true,"href":"https:\/\/egerhaziimre.hu\/index.php\/wp-json\/wp\/v2\/pages\/28"}],"wp:featuredmedia":[{"embeddable":true,"href":"https:\/\/egerhaziimre.hu\/index.php\/wp-json\/wp\/v2\/media\/1132"}],"wp:attachment":[{"href":"https:\/\/egerhaziimre.hu\/index.php\/wp-json\/wp\/v2\/media?parent=1121"}],"wp:term":[{"taxonomy":"category","embeddable":true,"href":"https:\/\/egerhaziimre.hu\/index.php\/wp-json\/wp\/v2\/categories?post=1121"},{"taxonomy":"post_tag","embeddable":true,"href":"https:\/\/egerhaziimre.hu\/index.php\/wp-json\/wp\/v2\/tags?post=1121"}],"curies":[{"name":"wp","href":"https:\/\/api.w.org\/{rel}","templated":true}]}}