{"id":11211,"date":"1999-05-03T11:47:28","date_gmt":"1999-05-03T09:47:28","guid":{"rendered":"https:\/\/egerhaziimre.hu\/?page_id=11211"},"modified":"2021-05-03T16:21:35","modified_gmt":"2021-05-03T14:21:35","slug":"egerhazi-imre-egy-plusz-egyes-kiallitasa-a-neptanchazban","status":"publish","type":"page","link":"https:\/\/egerhaziimre.hu\/index.php\/eletrajz\/irasok-egerhazi-imrerol\/egerhazi-imre-egy-plusz-egyes-kiallitasa-a-neptanchazban\/","title":{"rendered":"\u00c9gerh\u00e1zi Imre egy + egyes ki\u00e1ll\u00edt\u00e1sa a N\u00e9pt\u00e1nch\u00e1zban"},"content":{"rendered":"<div class=\"wpb-content-wrapper\">[vc_row][vc_column][vc_column_text]\u00c9gerh\u00e1zi Imre T\u00e9l Gyergy\u00f3ban c\u00edm\u0171 festm\u00e9nye j\u00f3 v\u00e1laszt\u00e1s volt erre az alkalomra. Igaz, nem konkr\u00e9t mot\u00edvum benne a t\u00e1nc vagy a dallam, hiszen t\u00f6bbnyire ilyen inspir\u00e1ci\u00f3j\u00fa munk\u00e1kat l\u00e1thattunk itt a parav\u00e1non, \u00e1m kifejezi azt az emberi tart\u00e1st, azokat a lelki tartalmakat, melyek a t\u00e1nc saj\u00e1tjai is. Nem besz\u00e9lve arr\u00f3l, hogy a k\u00e9p ritmusa felid\u00e9z egy olyan gesztussort, amit k\u00f6nnyen \u00e1t lehet \u00fcltetni a t\u00e1nc nyelv\u00e9be is.<\/p>\n<p>\u00c9gerh\u00e1zi Imre mindv\u00e9gig k\u00f6vetkezetes maradt egy\u00e9ni profilj\u00e1hoz, teh\u00e1t ez a festm\u00e9ny is legal\u00e1bb annyira egyedi, mint amennyire kifejezi az alkot\u00f3 m\u0171v\u00e9szet\u00e9t, habitus\u00e1t, mutatva a m\u00e9lyb\u0151l fakad\u00f3 \u00e9s az emberi l\u00e9tez\u00e9s gy\u00f6kereihez visszair\u00e1ny\u00edt\u00f3 rendet, valamint ebben a letisztults\u00e1gban a megmarad\u00e1s es\u00e9lyeit, a t\u00fal\u00e9l\u00e9s lehet\u0151s\u00e9geit keresve.<\/p>\n<p>Arany Lajos \u00fajs\u00e1g\u00edr\u00f3, m\u0171v\u00e9szeti \u00edr\u00f3 az Ihlet a r\u00f3n\u00e1n c\u00edm\u0171 k\u00f6nyv\u00e9ben az Alkot\u00f3t\u00e1bori t\u00f6rzstagok m\u0171v\u00e9szet\u00e9t k\u00fcl\u00f6n-k\u00fcl\u00f6n is jellemezve, az \u00c9gerh\u00e1zi Imr\u00e9r\u0151l sz\u00e1mos meg\u00e1llap\u00edt\u00e1s mellett utal a ritmikus, illetve a konstrukt\u00edv szerkeszt\u00e9sre \u00e9s form\u00e1ra, a kompoz\u00edci\u00f3s rendre, az egyens\u00falyteremt\u0151 rendszeretetre, a harm\u00f3ni\u00e1ra, a b\u00e9ke- \u00e9s nyugalomsugallatra, a puritanizmus, ami szembeszeg\u00fcl a mai k\u00e1osszal, hom\u00e1llyal \u00e9s mell\u00e9besz\u00e9l\u00e9ssel. Megfogalmaz\u00e1sa szerint a m\u0171v\u00e9sz a \u201eszecesszi\u00f3 stiliz\u00e1lt form\u00e1it, hagyom\u00e1nyait, annak vonalvezet\u00e9s\u00e9t is felhaszn\u00e1lja\u201d.<\/p>\n<p>A T\u00e9l Gyergy\u00f3ban is saj\u00e1tos ritmus\u00fa kompoz\u00edci\u00f3, az egyszer\u0171s\u00e9g \u00e9s a rend, ember \u00e9s k\u00f6rnyezete egys\u00e9g\u00e9nek, egy\u00fctt l\u00e9legz\u00e9s\u00e9nek, a hum\u00e1num megtart\u00f3 erej\u00e9nek, a t\u00e1j \u00e9s az ember lelke egy\u00fcttes sz\u00f3lam\u00e1nak sz\u00e9p kifejez\u0151je. S mivel \u00e1ltal\u00e1ban jellemz\u0151 a m\u0171v\u00e9szre, hogy csak azt \u00e1br\u00e1zolja, ami fontos, ami hangs\u00falyos, a letisztult form\u00e1kban, a kiegyens\u00falyozott szerkezetben k\u00e9pes el\u00e9rni a kisebb m\u00e9retek eset\u00e9n is egyfajta monumentalit\u00e1s \u00e9rzetet.<\/p>\n<p>L\u00e1tv\u00e1nyfest\u00e9szet az \u00f6v\u00e9, \u00e1m a l\u00e1tv\u00e1nyelemek k\u00f6rvonalaz\u00e1s\u00e1ban, mint ezen a k\u00e9pen is l\u00e1tjuk, megtart egyf\u00e9le grafikai szeml\u00e9letm\u00f3dot is. A l\u00e1tv\u00e1ny pedig egyr\u00e9szt azt jelenti, amit mutat, teh\u00e1t konkretiz\u00e1lhat\u00f3 az \u00fczenete, m\u00e1sr\u00e9szt jelk\u00e9pes tartalommal tel\u00edt\u0151dik: az elemek egym\u00e1shoz f\u0171z\u0151d\u0151 viszonya \u00faj jelent\u00e9sh\u00e1l\u00f3t hoz l\u00e9tre, megmutatja a festm\u00e9ny egy m\u00e1sik szintj\u00e9t is. Ezen a ponton pedig, b\u00e1r a val\u00f3s\u00e1gelemekb\u0151l indul ki \u00c9gerh\u00e1zi Imre, \u00e1tfogalmazza, saj\u00e1t k\u00e9p\u00e9re form\u00e1lja a val\u00f3s\u00e1got.<\/p>\n<p>A stiliz\u00e1lt \u00e9s m\u00e9rt\u00e9ktart\u00f3, t\u00f6bb esetben absztrah\u00e1lt form\u00e1kra j\u00f3 p\u00e9lda a festm\u00e9nye. Van a k\u00e9pnek egy virtu\u00e1lis k\u00f6z\u00e9ppontja, amib\u0151l megny\u00edlik a m\u0171 teljes univerzuma, s ami t\u00faln\u0151 a kereteken. Nem csak a gyergy\u00f3i telet id\u00e9zi meg, hanem az erd\u00e9lyi \u00e9letform\u00e1t is, a benne \u00e9l\u0151 emberek tart\u00e1s\u00e1val egy\u00fctt.<\/p>\n<p>Jellem \u00e9s sors jelenik meg egy\u00fctt, ember sorsa, jelleme \u00e9s a t\u00e1j\u00e9, a k\u00f6rnyezete, s k\u00e9pes arra, hogy egyetlen figura r\u00e9v\u00e9n is felvillantsa egy eg\u00e9sz megtart\u00f3 k\u00f6z\u00f6ss\u00e9g sors\u00e1t \u00e9s jellem\u00e9t.<br \/>\nK\u00fcl\u00f6n\u00f6s helyzet mindehhez m\u00e9g a t\u00e9l, az embert pr\u00f3b\u00e1l\u00f3 \u00e9vszak\u00e9. A t\u00e9l a csend ideje, s mint ahogy Hamvas B\u00e9la fogalmazta: az a helyzet, amelyben a legink\u00e1bb t\u00e1pl\u00e1lkozhatunk \u00f6sszegy\u0171jt\u00f6tt eml\u00e9keinkb\u0151l, felk\u00e9sz\u00edtve magunkat az \u00fajj\u00e1sz\u00fclet\u00e9sre. A t\u00e9l a csend ideje, a kitart\u00e1s ideje. A t\u00e9l alatt nyilv\u00e1nul meg az ember sz\u00e1m\u00e1ra a legink\u00e1bb az, hogy az id\u0151nek teste van. Egyszerre s\u00falyos \u00e9s k\u00f6nny\u0171, gy\u00farhat\u00f3, mint a h\u00f3 \u00e9s szik\u00e1r, mint a tapasztalt f\u00e9rfiarc. Ezeknek a gondolatoknak a jegy\u00e9ben, a k\u00e9pet l\u00e1tva, a t\u00e1rs\u00edthat\u00f3 \u00fczeneteket felid\u00e9zve, \u00e9s a magam sz\u00e1m\u00e1ra is \u00e9rtelmezve sz\u00fcletett meg n\u00e9h\u00e1ny verssor. A gyergy\u00f3i emberr\u0151l sz\u00f3l, akit \u00e9n szem\u00e9lyesen nem ismerek. Arr\u00f3l a gyergy\u00f3i f\u00e9rfir\u00f3l, akit \u00c9gerh\u00e1zi Imre festm\u00e9nye hozott el\u00e9m.<\/p>\n<p>99-es Hortob\u00e1gyi Alkot\u00f3t\u00e1bor Katal\u00f3gus<br \/>\nVit\u00e9z Ferenc \u00edr\u00e1sa[\/vc_column_text][vc_empty_space][vc_separator][\/vc_column][\/vc_row][vc_row el_class=&#8221;margin_top_0 padding_top_0&#8243;][vc_column width=&#8221;2\/6&#8243;][vc_column_text]\n<h6>Gyergy\u00f3i Ember<\/h6>\n<p>Felh\u0151b\u00fa villan f\u00e9rfi bajsz\u00e1n,<br \/>\nm\u00falt id\u0151t fonnak<br \/>\nmok\u00e1ny sz\u00e1lai.<\/p>\n<p>A f\u00f6ld s feny\u0151k \u00e1rnya<br \/>\nsz\u0171k\u00fcl \u00f6ssze benne,<br \/>\ntemplomtoronyb\u00f3l<br \/>\nsz\u00e1ll al\u00e1 a kedve \u2013<\/p>\n<p>Sorj\u00e1znak k\u00f6zben asszony-szerelmek,<br \/>\nmint k\u00e9m\u00e9nyb\u0151l a f\u00fcst,<br \/>\na f\u00fcst s falak m\u00f6g\u00f6tt a t\u0171zhelyek;<br \/>\nszemg\u00f6dr\u00e9ben \u00fclnek hal\u00e1lai.<\/p>\n<p>F\u00f6ld sar\u00e1b\u00f3l<br \/>\nmindig hazat\u00e9rne;<br \/>\n\u00f6leln\u00e9 mag\u00e1t a s\u0171r\u0171 f\u00e1kba,<br \/>\ns lenne mint az<br \/>\n\u00e9let-terh\u0171 k\u00e9ve.<\/p>\n<p><em>Vit\u00e9z Ferenc<\/em>[\/vc_column_text][\/vc_column][vc_column width=&#8221;4\/6&#8243;][vc_column_text css=&#8221;.vc_custom_1620050280287{padding-top: 1rem !important;padding-bottom: 1rem !important;background-color: #f9f9f9 !important;}&#8221; el_class=&#8221;margin_bottom_0 padding_bottom_0&#8243;]\n<p style=\"text-align: center;\"><strong>T\u00e9l Gyergy\u00f3ban<\/strong><br \/>\nolaj, farost, 48&#215;71 cm<br \/>\n1991<\/p>\n[\/vc_column_text][vc_single_image image=&#8221;2731&#8243; img_size=&#8221;full&#8221; alignment=&#8221;center&#8221; onclick=&#8221;custom_link&#8221; img_link_target=&#8221;_blank&#8221; link=&#8221;https:\/\/egerhaziimre.hu\/index.php\/_festmeny\/?id=532&#8243; el_class=&#8221;margin_top_0 padding_top_0&#8243;][\/vc_column][\/vc_row]\n<\/div>","protected":false},"excerpt":{"rendered":"<p>[vc_row][vc_column][vc_column_text]\u00c9gerh\u00e1zi Imre T\u00e9l Gyergy\u00f3ban c\u00edm\u0171 festm\u00e9nye j\u00f3 v\u00e1laszt\u00e1s volt erre az alkalomra. Igaz, nem konkr\u00e9t mot\u00edvum benne a t\u00e1nc vagy a dallam, hiszen t\u00f6bbnyire ilyen inspir\u00e1ci\u00f3j\u00fa munk\u00e1kat l\u00e1thattunk itt a parav\u00e1non, \u00e1m kifejezi azt az emberi tart\u00e1st, azokat a lelki tartalmakat, melyek a t\u00e1nc saj\u00e1tjai is. Nem besz\u00e9lve arr\u00f3l, hogy a k\u00e9p ritmusa felid\u00e9z egy olyan gesztussort, amit k\u00f6nnyen \u00e1t [&hellip;]<\/p>\n","protected":false},"author":4,"featured_media":2731,"parent":10535,"menu_order":0,"comment_status":"closed","ping_status":"closed","template":"","meta":{"footnotes":""},"categories":[219],"tags":[29,229],"class_list":["post-11211","page","type-page","status-publish","has-post-thumbnail","hentry","category-irasok_egerhazi_imrerol","tag-29","tag-hortobagyi_alkototabor_cikk"],"yoast_head":"<!-- This site is optimized with the Yoast SEO plugin v27.3 - https:\/\/yoast.com\/product\/yoast-seo-wordpress\/ -->\n<title>\u00c9gerh\u00e1zi Imre egy + egyes ki\u00e1ll\u00edt\u00e1sa a N\u00e9pt\u00e1nch\u00e1zban - \u00c9gerh\u00e1zi Imre<\/title>\n<meta name=\"robots\" content=\"index, follow, max-snippet:-1, max-image-preview:large, max-video-preview:-1\" \/>\n<link rel=\"canonical\" href=\"https:\/\/egerhaziimre.hu\/index.php\/eletrajz\/irasok-egerhazi-imrerol\/egerhazi-imre-egy-plusz-egyes-kiallitasa-a-neptanchazban\/?lang=en\" \/>\n<meta property=\"og:locale\" content=\"hu_HU\" \/>\n<meta property=\"og:type\" content=\"article\" \/>\n<meta property=\"og:title\" content=\"\u00c9gerh\u00e1zi Imre egy + egyes ki\u00e1ll\u00edt\u00e1sa a N\u00e9pt\u00e1nch\u00e1zban - \u00c9gerh\u00e1zi Imre\" \/>\n<meta property=\"og:description\" content=\"[vc_row][vc_column][vc_column_text]\u00c9gerh\u00e1zi Imre T\u00e9l Gyergy\u00f3ban c\u00edm\u0171 festm\u00e9nye j\u00f3 v\u00e1laszt\u00e1s volt erre az alkalomra. Igaz, nem konkr\u00e9t mot\u00edvum benne a t\u00e1nc vagy a dallam, hiszen t\u00f6bbnyire ilyen inspir\u00e1ci\u00f3j\u00fa munk\u00e1kat l\u00e1thattunk itt a parav\u00e1non, \u00e1m kifejezi azt az emberi tart\u00e1st, azokat a lelki tartalmakat, melyek a t\u00e1nc saj\u00e1tjai is. Nem besz\u00e9lve arr\u00f3l, hogy a k\u00e9p ritmusa felid\u00e9z egy olyan gesztussort, amit k\u00f6nnyen \u00e1t [&hellip;]\" \/>\n<meta property=\"og:url\" content=\"https:\/\/egerhaziimre.hu\/index.php\/eletrajz\/irasok-egerhazi-imrerol\/egerhazi-imre-egy-plusz-egyes-kiallitasa-a-neptanchazban\/?lang=en\" \/>\n<meta property=\"og:site_name\" content=\"\u00c9gerh\u00e1zi Imre\" \/>\n<meta property=\"article:modified_time\" content=\"2021-05-03T14:21:35+00:00\" \/>\n<meta property=\"og:image\" content=\"https:\/\/egerhaziimre.hu\/wp-content\/uploads\/kepek\/2437.jpg\" \/>\n\t<meta property=\"og:image:width\" content=\"2000\" \/>\n\t<meta property=\"og:image:height\" content=\"1342\" \/>\n\t<meta property=\"og:image:type\" content=\"image\/jpeg\" \/>\n<meta name=\"twitter:card\" content=\"summary_large_image\" \/>\n<meta name=\"twitter:image\" content=\"https:\/\/egerhaziimre.hu\/wp-content\/uploads\/kepek\/2437.jpg\" \/>\n<meta name=\"twitter:label1\" content=\"Becs\u00fclt olvas\u00e1si id\u0151\" \/>\n\t<meta name=\"twitter:data1\" content=\"4 perc\" \/>\n<script type=\"application\/ld+json\" class=\"yoast-schema-graph\">{\"@context\":\"https:\\\/\\\/schema.org\",\"@graph\":[{\"@type\":\"WebPage\",\"@id\":\"https:\\\/\\\/egerhaziimre.hu\\\/index.php\\\/eletrajz\\\/irasok-egerhazi-imrerol\\\/egerhazi-imre-egy-plusz-egyes-kiallitasa-a-neptanchazban\\\/?lang=en\",\"url\":\"https:\\\/\\\/egerhaziimre.hu\\\/index.php\\\/eletrajz\\\/irasok-egerhazi-imrerol\\\/egerhazi-imre-egy-plusz-egyes-kiallitasa-a-neptanchazban\\\/?lang=en\",\"name\":\"\u00c9gerh\u00e1zi Imre egy + egyes ki\u00e1ll\u00edt\u00e1sa a N\u00e9pt\u00e1nch\u00e1zban - \u00c9gerh\u00e1zi Imre\",\"isPartOf\":{\"@id\":\"https:\\\/\\\/egerhaziimre.hu\\\/#website\"},\"primaryImageOfPage\":{\"@id\":\"https:\\\/\\\/egerhaziimre.hu\\\/index.php\\\/eletrajz\\\/irasok-egerhazi-imrerol\\\/egerhazi-imre-egy-plusz-egyes-kiallitasa-a-neptanchazban\\\/?lang=en#primaryimage\"},\"image\":{\"@id\":\"https:\\\/\\\/egerhaziimre.hu\\\/index.php\\\/eletrajz\\\/irasok-egerhazi-imrerol\\\/egerhazi-imre-egy-plusz-egyes-kiallitasa-a-neptanchazban\\\/?lang=en#primaryimage\"},\"thumbnailUrl\":\"https:\\\/\\\/egerhaziimre.hu\\\/wp-content\\\/uploads\\\/kepek\\\/532.jpg\",\"datePublished\":\"1999-05-03T09:47:28+00:00\",\"dateModified\":\"2021-05-03T14:21:35+00:00\",\"breadcrumb\":{\"@id\":\"https:\\\/\\\/egerhaziimre.hu\\\/index.php\\\/eletrajz\\\/irasok-egerhazi-imrerol\\\/egerhazi-imre-egy-plusz-egyes-kiallitasa-a-neptanchazban\\\/?lang=en#breadcrumb\"},\"inLanguage\":\"hu\",\"potentialAction\":[{\"@type\":\"ReadAction\",\"target\":[\"https:\\\/\\\/egerhaziimre.hu\\\/index.php\\\/eletrajz\\\/irasok-egerhazi-imrerol\\\/egerhazi-imre-egy-plusz-egyes-kiallitasa-a-neptanchazban\\\/?lang=en\"]}]},{\"@type\":\"ImageObject\",\"inLanguage\":\"hu\",\"@id\":\"https:\\\/\\\/egerhaziimre.hu\\\/index.php\\\/eletrajz\\\/irasok-egerhazi-imrerol\\\/egerhazi-imre-egy-plusz-egyes-kiallitasa-a-neptanchazban\\\/?lang=en#primaryimage\",\"url\":\"https:\\\/\\\/egerhaziimre.hu\\\/wp-content\\\/uploads\\\/kepek\\\/532.jpg\",\"contentUrl\":\"https:\\\/\\\/egerhaziimre.hu\\\/wp-content\\\/uploads\\\/kepek\\\/532.jpg\",\"width\":2000,\"height\":1326,\"caption\":\"olaj, farost 48x71 1991\"},{\"@type\":\"BreadcrumbList\",\"@id\":\"https:\\\/\\\/egerhaziimre.hu\\\/index.php\\\/eletrajz\\\/irasok-egerhazi-imrerol\\\/egerhazi-imre-egy-plusz-egyes-kiallitasa-a-neptanchazban\\\/?lang=en#breadcrumb\",\"itemListElement\":[{\"@type\":\"ListItem\",\"position\":1,\"name\":\"Home\",\"item\":\"https:\\\/\\\/egerhaziimre.hu\\\/\"},{\"@type\":\"ListItem\",\"position\":2,\"name\":\"\u00c9letrajz\",\"item\":\"https:\\\/\\\/egerhaziimre.hu\\\/index.php\\\/eletrajz\\\/\"},{\"@type\":\"ListItem\",\"position\":3,\"name\":\"Writings about Imre \u00c9gerh\u00e1zi\",\"item\":\"https:\\\/\\\/egerhaziimre.hu\\\/index.php\\\/eletrajz\\\/irasok-egerhazi-imrerol\\\/?lang=en\"},{\"@type\":\"ListItem\",\"position\":4,\"name\":\"Imre \u00c9gerh\u00e1zi One + One exhibition in the folk dance house\"}]},{\"@type\":\"WebSite\",\"@id\":\"https:\\\/\\\/egerhaziimre.hu\\\/#website\",\"url\":\"https:\\\/\\\/egerhaziimre.hu\\\/\",\"name\":\"\u00c9gerh\u00e1zi Imre\",\"description\":\"\",\"potentialAction\":[{\"@type\":\"SearchAction\",\"target\":{\"@type\":\"EntryPoint\",\"urlTemplate\":\"https:\\\/\\\/egerhaziimre.hu\\\/?s={search_term_string}\"},\"query-input\":{\"@type\":\"PropertyValueSpecification\",\"valueRequired\":true,\"valueName\":\"search_term_string\"}}],\"inLanguage\":\"hu\"}]}<\/script>\n<!-- \/ Yoast SEO plugin. -->","yoast_head_json":{"title":"\u00c9gerh\u00e1zi Imre egy + egyes ki\u00e1ll\u00edt\u00e1sa a N\u00e9pt\u00e1nch\u00e1zban - \u00c9gerh\u00e1zi Imre","robots":{"index":"index","follow":"follow","max-snippet":"max-snippet:-1","max-image-preview":"max-image-preview:large","max-video-preview":"max-video-preview:-1"},"canonical":"https:\/\/egerhaziimre.hu\/index.php\/eletrajz\/irasok-egerhazi-imrerol\/egerhazi-imre-egy-plusz-egyes-kiallitasa-a-neptanchazban\/?lang=en","og_locale":"hu_HU","og_type":"article","og_title":"\u00c9gerh\u00e1zi Imre egy + egyes ki\u00e1ll\u00edt\u00e1sa a N\u00e9pt\u00e1nch\u00e1zban - \u00c9gerh\u00e1zi Imre","og_description":"[vc_row][vc_column][vc_column_text]\u00c9gerh\u00e1zi Imre T\u00e9l Gyergy\u00f3ban c\u00edm\u0171 festm\u00e9nye j\u00f3 v\u00e1laszt\u00e1s volt erre az alkalomra. Igaz, nem konkr\u00e9t mot\u00edvum benne a t\u00e1nc vagy a dallam, hiszen t\u00f6bbnyire ilyen inspir\u00e1ci\u00f3j\u00fa munk\u00e1kat l\u00e1thattunk itt a parav\u00e1non, \u00e1m kifejezi azt az emberi tart\u00e1st, azokat a lelki tartalmakat, melyek a t\u00e1nc saj\u00e1tjai is. Nem besz\u00e9lve arr\u00f3l, hogy a k\u00e9p ritmusa felid\u00e9z egy olyan gesztussort, amit k\u00f6nnyen \u00e1t [&hellip;]","og_url":"https:\/\/egerhaziimre.hu\/index.php\/eletrajz\/irasok-egerhazi-imrerol\/egerhazi-imre-egy-plusz-egyes-kiallitasa-a-neptanchazban\/?lang=en","og_site_name":"\u00c9gerh\u00e1zi Imre","article_modified_time":"2021-05-03T14:21:35+00:00","og_image":[{"width":2000,"height":1342,"url":"https:\/\/egerhaziimre.hu\/wp-content\/uploads\/kepek\/2437.jpg","type":"image\/jpeg"}],"twitter_card":"summary_large_image","twitter_image":"https:\/\/egerhaziimre.hu\/wp-content\/uploads\/kepek\/2437.jpg","twitter_misc":{"Becs\u00fclt olvas\u00e1si id\u0151":"4 perc"},"schema":{"@context":"https:\/\/schema.org","@graph":[{"@type":"WebPage","@id":"https:\/\/egerhaziimre.hu\/index.php\/eletrajz\/irasok-egerhazi-imrerol\/egerhazi-imre-egy-plusz-egyes-kiallitasa-a-neptanchazban\/?lang=en","url":"https:\/\/egerhaziimre.hu\/index.php\/eletrajz\/irasok-egerhazi-imrerol\/egerhazi-imre-egy-plusz-egyes-kiallitasa-a-neptanchazban\/?lang=en","name":"\u00c9gerh\u00e1zi Imre egy + egyes ki\u00e1ll\u00edt\u00e1sa a N\u00e9pt\u00e1nch\u00e1zban - \u00c9gerh\u00e1zi Imre","isPartOf":{"@id":"https:\/\/egerhaziimre.hu\/#website"},"primaryImageOfPage":{"@id":"https:\/\/egerhaziimre.hu\/index.php\/eletrajz\/irasok-egerhazi-imrerol\/egerhazi-imre-egy-plusz-egyes-kiallitasa-a-neptanchazban\/?lang=en#primaryimage"},"image":{"@id":"https:\/\/egerhaziimre.hu\/index.php\/eletrajz\/irasok-egerhazi-imrerol\/egerhazi-imre-egy-plusz-egyes-kiallitasa-a-neptanchazban\/?lang=en#primaryimage"},"thumbnailUrl":"https:\/\/egerhaziimre.hu\/wp-content\/uploads\/kepek\/532.jpg","datePublished":"1999-05-03T09:47:28+00:00","dateModified":"2021-05-03T14:21:35+00:00","breadcrumb":{"@id":"https:\/\/egerhaziimre.hu\/index.php\/eletrajz\/irasok-egerhazi-imrerol\/egerhazi-imre-egy-plusz-egyes-kiallitasa-a-neptanchazban\/?lang=en#breadcrumb"},"inLanguage":"hu","potentialAction":[{"@type":"ReadAction","target":["https:\/\/egerhaziimre.hu\/index.php\/eletrajz\/irasok-egerhazi-imrerol\/egerhazi-imre-egy-plusz-egyes-kiallitasa-a-neptanchazban\/?lang=en"]}]},{"@type":"ImageObject","inLanguage":"hu","@id":"https:\/\/egerhaziimre.hu\/index.php\/eletrajz\/irasok-egerhazi-imrerol\/egerhazi-imre-egy-plusz-egyes-kiallitasa-a-neptanchazban\/?lang=en#primaryimage","url":"https:\/\/egerhaziimre.hu\/wp-content\/uploads\/kepek\/532.jpg","contentUrl":"https:\/\/egerhaziimre.hu\/wp-content\/uploads\/kepek\/532.jpg","width":2000,"height":1326,"caption":"olaj, farost 48x71 1991"},{"@type":"BreadcrumbList","@id":"https:\/\/egerhaziimre.hu\/index.php\/eletrajz\/irasok-egerhazi-imrerol\/egerhazi-imre-egy-plusz-egyes-kiallitasa-a-neptanchazban\/?lang=en#breadcrumb","itemListElement":[{"@type":"ListItem","position":1,"name":"Home","item":"https:\/\/egerhaziimre.hu\/"},{"@type":"ListItem","position":2,"name":"\u00c9letrajz","item":"https:\/\/egerhaziimre.hu\/index.php\/eletrajz\/"},{"@type":"ListItem","position":3,"name":"Writings about Imre \u00c9gerh\u00e1zi","item":"https:\/\/egerhaziimre.hu\/index.php\/eletrajz\/irasok-egerhazi-imrerol\/?lang=en"},{"@type":"ListItem","position":4,"name":"Imre \u00c9gerh\u00e1zi One + One exhibition in the folk dance house"}]},{"@type":"WebSite","@id":"https:\/\/egerhaziimre.hu\/#website","url":"https:\/\/egerhaziimre.hu\/","name":"\u00c9gerh\u00e1zi Imre","description":"","potentialAction":[{"@type":"SearchAction","target":{"@type":"EntryPoint","urlTemplate":"https:\/\/egerhaziimre.hu\/?s={search_term_string}"},"query-input":{"@type":"PropertyValueSpecification","valueRequired":true,"valueName":"search_term_string"}}],"inLanguage":"hu"}]}},"jetpack_sharing_enabled":true,"_links":{"self":[{"href":"https:\/\/egerhaziimre.hu\/index.php\/wp-json\/wp\/v2\/pages\/11211","targetHints":{"allow":["GET"]}}],"collection":[{"href":"https:\/\/egerhaziimre.hu\/index.php\/wp-json\/wp\/v2\/pages"}],"about":[{"href":"https:\/\/egerhaziimre.hu\/index.php\/wp-json\/wp\/v2\/types\/page"}],"author":[{"embeddable":true,"href":"https:\/\/egerhaziimre.hu\/index.php\/wp-json\/wp\/v2\/users\/4"}],"replies":[{"embeddable":true,"href":"https:\/\/egerhaziimre.hu\/index.php\/wp-json\/wp\/v2\/comments?post=11211"}],"version-history":[{"count":25,"href":"https:\/\/egerhaziimre.hu\/index.php\/wp-json\/wp\/v2\/pages\/11211\/revisions"}],"predecessor-version":[{"id":12269,"href":"https:\/\/egerhaziimre.hu\/index.php\/wp-json\/wp\/v2\/pages\/11211\/revisions\/12269"}],"up":[{"embeddable":true,"href":"https:\/\/egerhaziimre.hu\/index.php\/wp-json\/wp\/v2\/pages\/10535"}],"wp:featuredmedia":[{"embeddable":true,"href":"https:\/\/egerhaziimre.hu\/index.php\/wp-json\/wp\/v2\/media\/2731"}],"wp:attachment":[{"href":"https:\/\/egerhaziimre.hu\/index.php\/wp-json\/wp\/v2\/media?parent=11211"}],"wp:term":[{"taxonomy":"category","embeddable":true,"href":"https:\/\/egerhaziimre.hu\/index.php\/wp-json\/wp\/v2\/categories?post=11211"},{"taxonomy":"post_tag","embeddable":true,"href":"https:\/\/egerhaziimre.hu\/index.php\/wp-json\/wp\/v2\/tags?post=11211"}],"curies":[{"name":"wp","href":"https:\/\/api.w.org\/{rel}","templated":true}]}}