{"id":11213,"date":"2001-11-22T11:55:11","date_gmt":"2001-11-22T10:55:11","guid":{"rendered":"https:\/\/egerhaziimre.hu\/?page_id=11213"},"modified":"2021-08-05T15:21:03","modified_gmt":"2021-08-05T13:21:03","slug":"vitez-ferenc-gyergyoi-ember","status":"publish","type":"page","link":"https:\/\/egerhaziimre.hu\/index.php\/eletrajz\/irasok-egerhazi-imrerol\/vitez-ferenc-gyergyoi-ember\/","title":{"rendered":"Vit\u00e9z Ferenc \u2013 Gyergy\u00f3i ember, 2001"},"content":{"rendered":"<div class=\"wpb-content-wrapper\">[vc_row][vc_column width=&#8221;1\/2&#8243;][vc_column_text]<strong>Vit\u00e9z Ferenc<\/strong><br \/>\n<strong>Gyergy\u00f3i ember<\/strong><br \/>\n(\u00c9gerh\u00e1zi Imr\u00e9nek)<\/p>\n<p>Felh\u0151b\u00fa villan f\u00e9rfi bajsz\u00e1n,<br \/>\nm\u00falt id\u0151t fonnak mok\u00e1ny sz\u00e1lai.<\/p>\n<p>A f\u00f6ld s feny\u0151k \u00e1rnya<br \/>\nsz\u0171k\u00fcl \u00f6ssze benne,<br \/>\ntemplomtoronyb\u00f3l<br \/>\nsz\u00e1ll al\u00e1 a kedve.<\/p>\n<p>Sorj\u00e1znak k\u00f6zben asszony-szerelmek,<br \/>\nmint k\u00e9m\u00e9nyb\u0151l a f\u00fcst,<br \/>\na f\u00fcst s falak m\u00f6g\u00f6tt a t\u0171zhelyek;<br \/>\nszemg\u00f6dr\u00e9ben \u00fclnek hal\u00e1lai.<\/p>\n<p>F\u00f6ld sar\u00e1b\u00f3l mindig hazat\u00e9rne,<br \/>\n\u00f6l\u00e9ln\u00e9 mag\u00e1t a s\u0171r\u0171 f\u00e1kba.<br \/>\nLenne mint az \u00e9let-terh\u0171 k\u00e9ve,<br \/>\ns egyszer majd hazatal\u00e1lna.[\/vc_column_text][vc_empty_space][vc_column_text]Megjelent a Hortob\u00e1gyi Nemzetk\u00f6zi M\u0171v\u00e9sztelep 2001-es katal\u00f3gus\u00e1ban.[\/vc_column_text][\/vc_column][vc_column width=&#8221;1\/2&#8243;][vc_single_image image=&#8221;12602&#8243; img_size=&#8221;large&#8221; alignment=&#8221;center&#8221; style=&#8221;xtd-shadow&#8211;normal-light&#8221; onclick=&#8221;img_link_large&#8221; img_link_target=&#8221;_blank&#8221;][\/vc_column][\/vc_row]\n<\/div>","protected":false},"excerpt":{"rendered":"<p>[vc_row][vc_column width=&#8221;1\/2&#8243;][vc_column_text]Vit\u00e9z Ferenc Gyergy\u00f3i ember (\u00c9gerh\u00e1zi Imr\u00e9nek) Felh\u0151b\u00fa villan f\u00e9rfi bajsz\u00e1n, m\u00falt id\u0151t fonnak mok\u00e1ny sz\u00e1lai. A f\u00f6ld s feny\u0151k \u00e1rnya sz\u0171k\u00fcl \u00f6ssze benne, templomtoronyb\u00f3l sz\u00e1ll al\u00e1 a kedve. Sorj\u00e1znak k\u00f6zben asszony-szerelmek, mint k\u00e9m\u00e9nyb\u0151l a f\u00fcst, a f\u00fcst s falak m\u00f6g\u00f6tt a t\u0171zhelyek; szemg\u00f6dr\u00e9ben \u00fclnek hal\u00e1lai. F\u00f6ld sar\u00e1b\u00f3l mindig hazat\u00e9rne, \u00f6l\u00e9ln\u00e9 mag\u00e1t a s\u0171r\u0171 f\u00e1kba. Lenne mint az \u00e9let-terh\u0171 k\u00e9ve, [&hellip;]<\/p>\n","protected":false},"author":4,"featured_media":0,"parent":10535,"menu_order":0,"comment_status":"closed","ping_status":"closed","template":"","meta":{"footnotes":""},"categories":[219],"tags":[208],"class_list":["post-11213","page","type-page","status-publish","hentry","category-irasok_egerhazi_imrerol","tag-208"],"yoast_head":"<!-- This site is optimized with the Yoast SEO plugin v27.0 - https:\/\/yoast.com\/product\/yoast-seo-wordpress\/ -->\n<title>Vit\u00e9z Ferenc \u2013 Gyergy\u00f3i ember, 2001 - \u00c9gerh\u00e1zi Imre<\/title>\n<meta name=\"robots\" content=\"index, follow, max-snippet:-1, max-image-preview:large, max-video-preview:-1\" \/>\n<link rel=\"canonical\" href=\"https:\/\/egerhaziimre.hu\/index.php\/eletrajz\/irasok-egerhazi-imrerol\/vitez-ferenc-gyergyoi-ember\/?lang=en\" \/>\n<meta property=\"og:locale\" content=\"hu_HU\" \/>\n<meta property=\"og:type\" content=\"article\" \/>\n<meta property=\"og:title\" content=\"Vit\u00e9z Ferenc \u2013 Gyergy\u00f3i ember, 2001 - \u00c9gerh\u00e1zi Imre\" \/>\n<meta property=\"og:description\" content=\"[vc_row][vc_column width=&#8221;1\/2&#8243;][vc_column_text]Vit\u00e9z Ferenc Gyergy\u00f3i ember (\u00c9gerh\u00e1zi Imr\u00e9nek) Felh\u0151b\u00fa villan f\u00e9rfi bajsz\u00e1n, m\u00falt id\u0151t fonnak mok\u00e1ny sz\u00e1lai. A f\u00f6ld s feny\u0151k \u00e1rnya sz\u0171k\u00fcl \u00f6ssze benne, templomtoronyb\u00f3l sz\u00e1ll al\u00e1 a kedve. Sorj\u00e1znak k\u00f6zben asszony-szerelmek, mint k\u00e9m\u00e9nyb\u0151l a f\u00fcst, a f\u00fcst s falak m\u00f6g\u00f6tt a t\u0171zhelyek; szemg\u00f6dr\u00e9ben \u00fclnek hal\u00e1lai. F\u00f6ld sar\u00e1b\u00f3l mindig hazat\u00e9rne, \u00f6l\u00e9ln\u00e9 mag\u00e1t a s\u0171r\u0171 f\u00e1kba. Lenne mint az \u00e9let-terh\u0171 k\u00e9ve, [&hellip;]\" \/>\n<meta property=\"og:url\" content=\"https:\/\/egerhaziimre.hu\/index.php\/eletrajz\/irasok-egerhazi-imrerol\/vitez-ferenc-gyergyoi-ember\/?lang=en\" \/>\n<meta property=\"og:site_name\" content=\"\u00c9gerh\u00e1zi Imre\" \/>\n<meta property=\"article:modified_time\" content=\"2021-08-05T13:21:03+00:00\" \/>\n<meta name=\"twitter:card\" content=\"summary_large_image\" \/>\n<meta name=\"twitter:label1\" content=\"Becs\u00fclt olvas\u00e1si id\u0151\" \/>\n\t<meta name=\"twitter:data1\" content=\"1 perc\" \/>\n<script type=\"application\/ld+json\" class=\"yoast-schema-graph\">{\"@context\":\"https:\/\/schema.org\",\"@graph\":[{\"@type\":\"WebPage\",\"@id\":\"https:\/\/egerhaziimre.hu\/index.php\/eletrajz\/irasok-egerhazi-imrerol\/vitez-ferenc-gyergyoi-ember\/?lang=en\",\"url\":\"https:\/\/egerhaziimre.hu\/index.php\/eletrajz\/irasok-egerhazi-imrerol\/vitez-ferenc-gyergyoi-ember\/?lang=en\",\"name\":\"Vit\u00e9z Ferenc \u2013 Gyergy\u00f3i ember, 2001 - \u00c9gerh\u00e1zi Imre\",\"isPartOf\":{\"@id\":\"https:\/\/egerhaziimre.hu\/#website\"},\"datePublished\":\"2001-11-22T10:55:11+00:00\",\"dateModified\":\"2021-08-05T13:21:03+00:00\",\"breadcrumb\":{\"@id\":\"https:\/\/egerhaziimre.hu\/index.php\/eletrajz\/irasok-egerhazi-imrerol\/vitez-ferenc-gyergyoi-ember\/?lang=en#breadcrumb\"},\"inLanguage\":\"hu\",\"potentialAction\":[{\"@type\":\"ReadAction\",\"target\":[\"https:\/\/egerhaziimre.hu\/index.php\/eletrajz\/irasok-egerhazi-imrerol\/vitez-ferenc-gyergyoi-ember\/?lang=en\"]}]},{\"@type\":\"BreadcrumbList\",\"@id\":\"https:\/\/egerhaziimre.hu\/index.php\/eletrajz\/irasok-egerhazi-imrerol\/vitez-ferenc-gyergyoi-ember\/?lang=en#breadcrumb\",\"itemListElement\":[{\"@type\":\"ListItem\",\"position\":1,\"name\":\"Home\",\"item\":\"https:\/\/egerhaziimre.hu\/\"},{\"@type\":\"ListItem\",\"position\":2,\"name\":\"\u00c9letrajz\",\"item\":\"https:\/\/egerhaziimre.hu\/index.php\/eletrajz\/\"},{\"@type\":\"ListItem\",\"position\":3,\"name\":\"Writings about Imre \u00c9gerh\u00e1zi\",\"item\":\"https:\/\/egerhaziimre.hu\/index.php\/eletrajz\/irasok-egerhazi-imrerol\/?lang=en\"},{\"@type\":\"ListItem\",\"position\":4,\"name\":\"Vit\u00e9z Ferenc \u2013 Gyergy\u00f3i ember, 2001\"}]},{\"@type\":\"WebSite\",\"@id\":\"https:\/\/egerhaziimre.hu\/#website\",\"url\":\"https:\/\/egerhaziimre.hu\/\",\"name\":\"\u00c9gerh\u00e1zi Imre\",\"description\":\"\",\"potentialAction\":[{\"@type\":\"SearchAction\",\"target\":{\"@type\":\"EntryPoint\",\"urlTemplate\":\"https:\/\/egerhaziimre.hu\/?s={search_term_string}\"},\"query-input\":{\"@type\":\"PropertyValueSpecification\",\"valueRequired\":true,\"valueName\":\"search_term_string\"}}],\"inLanguage\":\"hu\"}]}<\/script>\n<!-- \/ Yoast SEO plugin. -->","yoast_head_json":{"title":"Vit\u00e9z Ferenc \u2013 Gyergy\u00f3i ember, 2001 - \u00c9gerh\u00e1zi Imre","robots":{"index":"index","follow":"follow","max-snippet":"max-snippet:-1","max-image-preview":"max-image-preview:large","max-video-preview":"max-video-preview:-1"},"canonical":"https:\/\/egerhaziimre.hu\/index.php\/eletrajz\/irasok-egerhazi-imrerol\/vitez-ferenc-gyergyoi-ember\/?lang=en","og_locale":"hu_HU","og_type":"article","og_title":"Vit\u00e9z Ferenc \u2013 Gyergy\u00f3i ember, 2001 - \u00c9gerh\u00e1zi Imre","og_description":"[vc_row][vc_column width=&#8221;1\/2&#8243;][vc_column_text]Vit\u00e9z Ferenc Gyergy\u00f3i ember (\u00c9gerh\u00e1zi Imr\u00e9nek) Felh\u0151b\u00fa villan f\u00e9rfi bajsz\u00e1n, m\u00falt id\u0151t fonnak mok\u00e1ny sz\u00e1lai. A f\u00f6ld s feny\u0151k \u00e1rnya sz\u0171k\u00fcl \u00f6ssze benne, templomtoronyb\u00f3l sz\u00e1ll al\u00e1 a kedve. Sorj\u00e1znak k\u00f6zben asszony-szerelmek, mint k\u00e9m\u00e9nyb\u0151l a f\u00fcst, a f\u00fcst s falak m\u00f6g\u00f6tt a t\u0171zhelyek; szemg\u00f6dr\u00e9ben \u00fclnek hal\u00e1lai. F\u00f6ld sar\u00e1b\u00f3l mindig hazat\u00e9rne, \u00f6l\u00e9ln\u00e9 mag\u00e1t a s\u0171r\u0171 f\u00e1kba. Lenne mint az \u00e9let-terh\u0171 k\u00e9ve, [&hellip;]","og_url":"https:\/\/egerhaziimre.hu\/index.php\/eletrajz\/irasok-egerhazi-imrerol\/vitez-ferenc-gyergyoi-ember\/?lang=en","og_site_name":"\u00c9gerh\u00e1zi Imre","article_modified_time":"2021-08-05T13:21:03+00:00","twitter_card":"summary_large_image","twitter_misc":{"Becs\u00fclt olvas\u00e1si id\u0151":"1 perc"},"schema":{"@context":"https:\/\/schema.org","@graph":[{"@type":"WebPage","@id":"https:\/\/egerhaziimre.hu\/index.php\/eletrajz\/irasok-egerhazi-imrerol\/vitez-ferenc-gyergyoi-ember\/?lang=en","url":"https:\/\/egerhaziimre.hu\/index.php\/eletrajz\/irasok-egerhazi-imrerol\/vitez-ferenc-gyergyoi-ember\/?lang=en","name":"Vit\u00e9z Ferenc \u2013 Gyergy\u00f3i ember, 2001 - \u00c9gerh\u00e1zi Imre","isPartOf":{"@id":"https:\/\/egerhaziimre.hu\/#website"},"datePublished":"2001-11-22T10:55:11+00:00","dateModified":"2021-08-05T13:21:03+00:00","breadcrumb":{"@id":"https:\/\/egerhaziimre.hu\/index.php\/eletrajz\/irasok-egerhazi-imrerol\/vitez-ferenc-gyergyoi-ember\/?lang=en#breadcrumb"},"inLanguage":"hu","potentialAction":[{"@type":"ReadAction","target":["https:\/\/egerhaziimre.hu\/index.php\/eletrajz\/irasok-egerhazi-imrerol\/vitez-ferenc-gyergyoi-ember\/?lang=en"]}]},{"@type":"BreadcrumbList","@id":"https:\/\/egerhaziimre.hu\/index.php\/eletrajz\/irasok-egerhazi-imrerol\/vitez-ferenc-gyergyoi-ember\/?lang=en#breadcrumb","itemListElement":[{"@type":"ListItem","position":1,"name":"Home","item":"https:\/\/egerhaziimre.hu\/"},{"@type":"ListItem","position":2,"name":"\u00c9letrajz","item":"https:\/\/egerhaziimre.hu\/index.php\/eletrajz\/"},{"@type":"ListItem","position":3,"name":"Writings about Imre \u00c9gerh\u00e1zi","item":"https:\/\/egerhaziimre.hu\/index.php\/eletrajz\/irasok-egerhazi-imrerol\/?lang=en"},{"@type":"ListItem","position":4,"name":"Vit\u00e9z Ferenc \u2013 Gyergy\u00f3i ember, 2001"}]},{"@type":"WebSite","@id":"https:\/\/egerhaziimre.hu\/#website","url":"https:\/\/egerhaziimre.hu\/","name":"\u00c9gerh\u00e1zi Imre","description":"","potentialAction":[{"@type":"SearchAction","target":{"@type":"EntryPoint","urlTemplate":"https:\/\/egerhaziimre.hu\/?s={search_term_string}"},"query-input":{"@type":"PropertyValueSpecification","valueRequired":true,"valueName":"search_term_string"}}],"inLanguage":"hu"}]}},"jetpack_sharing_enabled":true,"_links":{"self":[{"href":"https:\/\/egerhaziimre.hu\/index.php\/wp-json\/wp\/v2\/pages\/11213","targetHints":{"allow":["GET"]}}],"collection":[{"href":"https:\/\/egerhaziimre.hu\/index.php\/wp-json\/wp\/v2\/pages"}],"about":[{"href":"https:\/\/egerhaziimre.hu\/index.php\/wp-json\/wp\/v2\/types\/page"}],"author":[{"embeddable":true,"href":"https:\/\/egerhaziimre.hu\/index.php\/wp-json\/wp\/v2\/users\/4"}],"replies":[{"embeddable":true,"href":"https:\/\/egerhaziimre.hu\/index.php\/wp-json\/wp\/v2\/comments?post=11213"}],"version-history":[{"count":7,"href":"https:\/\/egerhaziimre.hu\/index.php\/wp-json\/wp\/v2\/pages\/11213\/revisions"}],"predecessor-version":[{"id":12839,"href":"https:\/\/egerhaziimre.hu\/index.php\/wp-json\/wp\/v2\/pages\/11213\/revisions\/12839"}],"up":[{"embeddable":true,"href":"https:\/\/egerhaziimre.hu\/index.php\/wp-json\/wp\/v2\/pages\/10535"}],"wp:attachment":[{"href":"https:\/\/egerhaziimre.hu\/index.php\/wp-json\/wp\/v2\/media?parent=11213"}],"wp:term":[{"taxonomy":"category","embeddable":true,"href":"https:\/\/egerhaziimre.hu\/index.php\/wp-json\/wp\/v2\/categories?post=11213"},{"taxonomy":"post_tag","embeddable":true,"href":"https:\/\/egerhaziimre.hu\/index.php\/wp-json\/wp\/v2\/tags?post=11213"}],"curies":[{"name":"wp","href":"https:\/\/api.w.org\/{rel}","templated":true}]}}