{"id":11788,"date":"2021-02-10T14:51:50","date_gmt":"2021-02-10T13:51:50","guid":{"rendered":"https:\/\/egerhaziimre.hu\/?page_id=11788"},"modified":"2021-02-10T15:04:48","modified_gmt":"2021-02-10T14:04:48","slug":"bovul-az-egerhazi-imre-archivum-2021-februar","status":"publish","type":"page","link":"https:\/\/egerhaziimre.hu\/index.php\/bovul-az-egerhazi-imre-archivum-2021-februar\/","title":{"rendered":"B\u0151v\u00fcl az \u00c9gerh\u00e1zi Imre arch\u00edvum"},"content":{"rendered":"<div class=\"wpb-content-wrapper\">[vc_row el_class=&#8221;margin_bottom_0 padding_bottom_0&#8243;][vc_column][vc_column_text]\n<h6>2021. febru\u00e1r<\/h6>\n[\/vc_column_text][vc_column_text]2002 \u00f3ta folyamatosan dolgozzuk fel az \u00c9gerh\u00e1zi Imre hagyat\u00e9kot \u00e9s arch\u00edvumot. 2020-ban siker\u00fclt meg\u00faj\u00edtani honlapunkat, ahov\u00e1 folyamatosan t\u00f6ltj\u00fck fel a festm\u00e9nyeket, b\u0151v\u00edtj\u00fck a fot\u00f3arch\u00edvumot \u00e9s cikkeket, kritik\u00e1kat, \u00e9letrajzi vonatkoz\u00e1s\u00fa adatokat osztunk meg a l\u00e1togat\u00f3kkal. Eddig is t\u00f6bb ezer pap\u00edrk\u00e9pet, kis \u00e9s nagym\u00e9ret\u0171 di\u00e1t, valamint negat\u00edvot szkennelt\u00fcnk be \u00e9s retus\u00e1ltunk. Ezt a munk\u00e1t ebben az \u00e9vben felgyors\u00edtjuk \u00e9s \u00c9gerh\u00e1zi Imre soksz\u00e1z \u00fajabb negat\u00edvj\u00e1t szkennelj\u00fck be, majd dolgozzuk fel. A fot\u00f3kat megl\u00e9v\u0151 oldalunk illusztr\u00e1l\u00e1s\u00e1ra \u00e9s fot\u00f3gal\u00e9ri\u00e1nk b\u0151v\u00edt\u00e9s\u00e9re haszn\u00e1ljuk fel.[\/vc_column_text][vc_separator][vc_row_inner][vc_column_inner][vc_single_image image=&#8221;11792&#8243; img_size=&#8221;large&#8221; alignment=&#8221;center&#8221; style=&#8221;xtd-shadow&#8211;normal-light&#8221; onclick=&#8221;link_image&#8221;][vc_empty_space][vc_single_image image=&#8221;11791&#8243; img_size=&#8221;large&#8221; alignment=&#8221;center&#8221; style=&#8221;xtd-shadow&#8211;normal-light&#8221; onclick=&#8221;link_image&#8221;][\/vc_column_inner][\/vc_row_inner][\/vc_column][\/vc_row]\n<\/div>","protected":false},"excerpt":{"rendered":"<p>[vc_row el_class=&#8221;margin_bottom_0 padding_bottom_0&#8243;][vc_column][vc_column_text] 2021. febru\u00e1r [\/vc_column_text][vc_column_text]2002 \u00f3ta folyamatosan dolgozzuk fel az \u00c9gerh\u00e1zi Imre hagyat\u00e9kot \u00e9s arch\u00edvumot. 2020-ban siker\u00fclt meg\u00faj\u00edtani honlapunkat, ahov\u00e1 folyamatosan t\u00f6ltj\u00fck fel a festm\u00e9nyeket, b\u0151v\u00edtj\u00fck a fot\u00f3arch\u00edvumot \u00e9s cikkeket, kritik\u00e1kat, \u00e9letrajzi vonatkoz\u00e1s\u00fa adatokat osztunk meg a l\u00e1togat\u00f3kkal. Eddig is t\u00f6bb ezer pap\u00edrk\u00e9pet, kis \u00e9s nagym\u00e9ret\u0171 di\u00e1t, valamint negat\u00edvot szkennelt\u00fcnk be \u00e9s retus\u00e1ltunk. Ezt a munk\u00e1t ebben az \u00e9vben [&hellip;]<\/p>\n","protected":false},"author":4,"featured_media":11792,"parent":0,"menu_order":0,"comment_status":"closed","ping_status":"closed","template":"","meta":{"footnotes":""},"categories":[14,13],"tags":[232],"class_list":["post-11788","page","type-page","status-publish","has-post-thumbnail","hentry","category-aktualitasok","category-hirek","tag-232"],"yoast_head":"<!-- This site is optimized with the Yoast SEO plugin v27.3 - https:\/\/yoast.com\/product\/yoast-seo-wordpress\/ -->\n<title>B\u0151v\u00fcl az \u00c9gerh\u00e1zi Imre arch\u00edvum - \u00c9gerh\u00e1zi Imre<\/title>\n<meta name=\"robots\" content=\"index, follow, max-snippet:-1, max-image-preview:large, max-video-preview:-1\" \/>\n<link rel=\"canonical\" href=\"https:\/\/egerhaziimre.hu\/index.php\/bovul-az-egerhazi-imre-archivum-2021-februar\/?lang=en\" \/>\n<meta property=\"og:locale\" content=\"hu_HU\" \/>\n<meta property=\"og:type\" content=\"article\" \/>\n<meta property=\"og:title\" content=\"B\u0151v\u00fcl az \u00c9gerh\u00e1zi Imre arch\u00edvum - \u00c9gerh\u00e1zi Imre\" \/>\n<meta property=\"og:description\" content=\"[vc_row el_class=&#8221;margin_bottom_0 padding_bottom_0&#8243;][vc_column][vc_column_text] 2021. febru\u00e1r [\/vc_column_text][vc_column_text]2002 \u00f3ta folyamatosan dolgozzuk fel az \u00c9gerh\u00e1zi Imre hagyat\u00e9kot \u00e9s arch\u00edvumot. 2020-ban siker\u00fclt meg\u00faj\u00edtani honlapunkat, ahov\u00e1 folyamatosan t\u00f6ltj\u00fck fel a festm\u00e9nyeket, b\u0151v\u00edtj\u00fck a fot\u00f3arch\u00edvumot \u00e9s cikkeket, kritik\u00e1kat, \u00e9letrajzi vonatkoz\u00e1s\u00fa adatokat osztunk meg a l\u00e1togat\u00f3kkal. Eddig is t\u00f6bb ezer pap\u00edrk\u00e9pet, kis \u00e9s nagym\u00e9ret\u0171 di\u00e1t, valamint negat\u00edvot szkennelt\u00fcnk be \u00e9s retus\u00e1ltunk. Ezt a munk\u00e1t ebben az \u00e9vben [&hellip;]\" \/>\n<meta property=\"og:url\" content=\"https:\/\/egerhaziimre.hu\/index.php\/bovul-az-egerhazi-imre-archivum-2021-februar\/?lang=en\" \/>\n<meta property=\"og:site_name\" content=\"\u00c9gerh\u00e1zi Imre\" \/>\n<meta property=\"article:modified_time\" content=\"2021-02-10T14:04:48+00:00\" \/>\n<meta property=\"og:image\" content=\"https:\/\/egerhaziimre.hu\/wp-content\/uploads\/2021\/02\/ei_diak.jpg\" \/>\n\t<meta property=\"og:image:width\" content=\"2000\" \/>\n\t<meta property=\"og:image:height\" content=\"1501\" \/>\n\t<meta property=\"og:image:type\" content=\"image\/jpeg\" \/>\n<meta name=\"twitter:card\" content=\"summary_large_image\" \/>\n<meta name=\"twitter:label1\" content=\"Becs\u00fclt olvas\u00e1si id\u0151\" \/>\n\t<meta name=\"twitter:data1\" content=\"2 perc\" \/>\n<script type=\"application\/ld+json\" class=\"yoast-schema-graph\">{\"@context\":\"https:\\\/\\\/schema.org\",\"@graph\":[{\"@type\":\"WebPage\",\"@id\":\"https:\\\/\\\/egerhaziimre.hu\\\/index.php\\\/bovul-az-egerhazi-imre-archivum-2021-februar\\\/?lang=en\",\"url\":\"https:\\\/\\\/egerhaziimre.hu\\\/index.php\\\/bovul-az-egerhazi-imre-archivum-2021-februar\\\/?lang=en\",\"name\":\"B\u0151v\u00fcl az \u00c9gerh\u00e1zi Imre arch\u00edvum - \u00c9gerh\u00e1zi Imre\",\"isPartOf\":{\"@id\":\"https:\\\/\\\/egerhaziimre.hu\\\/#website\"},\"primaryImageOfPage\":{\"@id\":\"https:\\\/\\\/egerhaziimre.hu\\\/index.php\\\/bovul-az-egerhazi-imre-archivum-2021-februar\\\/?lang=en#primaryimage\"},\"image\":{\"@id\":\"https:\\\/\\\/egerhaziimre.hu\\\/index.php\\\/bovul-az-egerhazi-imre-archivum-2021-februar\\\/?lang=en#primaryimage\"},\"thumbnailUrl\":\"https:\\\/\\\/egerhaziimre.hu\\\/wp-content\\\/uploads\\\/2021\\\/02\\\/ei_diak.jpg\",\"datePublished\":\"2021-02-10T13:51:50+00:00\",\"dateModified\":\"2021-02-10T14:04:48+00:00\",\"breadcrumb\":{\"@id\":\"https:\\\/\\\/egerhaziimre.hu\\\/index.php\\\/bovul-az-egerhazi-imre-archivum-2021-februar\\\/?lang=en#breadcrumb\"},\"inLanguage\":\"hu\",\"potentialAction\":[{\"@type\":\"ReadAction\",\"target\":[\"https:\\\/\\\/egerhaziimre.hu\\\/index.php\\\/bovul-az-egerhazi-imre-archivum-2021-februar\\\/?lang=en\"]}]},{\"@type\":\"ImageObject\",\"inLanguage\":\"hu\",\"@id\":\"https:\\\/\\\/egerhaziimre.hu\\\/index.php\\\/bovul-az-egerhazi-imre-archivum-2021-februar\\\/?lang=en#primaryimage\",\"url\":\"https:\\\/\\\/egerhaziimre.hu\\\/wp-content\\\/uploads\\\/2021\\\/02\\\/ei_diak.jpg\",\"contentUrl\":\"https:\\\/\\\/egerhaziimre.hu\\\/wp-content\\\/uploads\\\/2021\\\/02\\\/ei_diak.jpg\",\"width\":2000,\"height\":1501},{\"@type\":\"BreadcrumbList\",\"@id\":\"https:\\\/\\\/egerhaziimre.hu\\\/index.php\\\/bovul-az-egerhazi-imre-archivum-2021-februar\\\/?lang=en#breadcrumb\",\"itemListElement\":[{\"@type\":\"ListItem\",\"position\":1,\"name\":\"Home\",\"item\":\"https:\\\/\\\/egerhaziimre.hu\\\/\"},{\"@type\":\"ListItem\",\"position\":2,\"name\":\"We are expanding the Imre \u00c9gerh\u00e1zi Archives\"}]},{\"@type\":\"WebSite\",\"@id\":\"https:\\\/\\\/egerhaziimre.hu\\\/#website\",\"url\":\"https:\\\/\\\/egerhaziimre.hu\\\/\",\"name\":\"\u00c9gerh\u00e1zi Imre\",\"description\":\"\",\"potentialAction\":[{\"@type\":\"SearchAction\",\"target\":{\"@type\":\"EntryPoint\",\"urlTemplate\":\"https:\\\/\\\/egerhaziimre.hu\\\/?s={search_term_string}\"},\"query-input\":{\"@type\":\"PropertyValueSpecification\",\"valueRequired\":true,\"valueName\":\"search_term_string\"}}],\"inLanguage\":\"hu\"}]}<\/script>\n<!-- \/ Yoast SEO plugin. -->","yoast_head_json":{"title":"B\u0151v\u00fcl az \u00c9gerh\u00e1zi Imre arch\u00edvum - \u00c9gerh\u00e1zi Imre","robots":{"index":"index","follow":"follow","max-snippet":"max-snippet:-1","max-image-preview":"max-image-preview:large","max-video-preview":"max-video-preview:-1"},"canonical":"https:\/\/egerhaziimre.hu\/index.php\/bovul-az-egerhazi-imre-archivum-2021-februar\/?lang=en","og_locale":"hu_HU","og_type":"article","og_title":"B\u0151v\u00fcl az \u00c9gerh\u00e1zi Imre arch\u00edvum - \u00c9gerh\u00e1zi Imre","og_description":"[vc_row el_class=&#8221;margin_bottom_0 padding_bottom_0&#8243;][vc_column][vc_column_text] 2021. febru\u00e1r [\/vc_column_text][vc_column_text]2002 \u00f3ta folyamatosan dolgozzuk fel az \u00c9gerh\u00e1zi Imre hagyat\u00e9kot \u00e9s arch\u00edvumot. 2020-ban siker\u00fclt meg\u00faj\u00edtani honlapunkat, ahov\u00e1 folyamatosan t\u00f6ltj\u00fck fel a festm\u00e9nyeket, b\u0151v\u00edtj\u00fck a fot\u00f3arch\u00edvumot \u00e9s cikkeket, kritik\u00e1kat, \u00e9letrajzi vonatkoz\u00e1s\u00fa adatokat osztunk meg a l\u00e1togat\u00f3kkal. Eddig is t\u00f6bb ezer pap\u00edrk\u00e9pet, kis \u00e9s nagym\u00e9ret\u0171 di\u00e1t, valamint negat\u00edvot szkennelt\u00fcnk be \u00e9s retus\u00e1ltunk. Ezt a munk\u00e1t ebben az \u00e9vben [&hellip;]","og_url":"https:\/\/egerhaziimre.hu\/index.php\/bovul-az-egerhazi-imre-archivum-2021-februar\/?lang=en","og_site_name":"\u00c9gerh\u00e1zi Imre","article_modified_time":"2021-02-10T14:04:48+00:00","og_image":[{"width":2000,"height":1501,"url":"https:\/\/egerhaziimre.hu\/wp-content\/uploads\/2021\/02\/ei_diak.jpg","type":"image\/jpeg"}],"twitter_card":"summary_large_image","twitter_misc":{"Becs\u00fclt olvas\u00e1si id\u0151":"2 perc"},"schema":{"@context":"https:\/\/schema.org","@graph":[{"@type":"WebPage","@id":"https:\/\/egerhaziimre.hu\/index.php\/bovul-az-egerhazi-imre-archivum-2021-februar\/?lang=en","url":"https:\/\/egerhaziimre.hu\/index.php\/bovul-az-egerhazi-imre-archivum-2021-februar\/?lang=en","name":"B\u0151v\u00fcl az \u00c9gerh\u00e1zi Imre arch\u00edvum - \u00c9gerh\u00e1zi Imre","isPartOf":{"@id":"https:\/\/egerhaziimre.hu\/#website"},"primaryImageOfPage":{"@id":"https:\/\/egerhaziimre.hu\/index.php\/bovul-az-egerhazi-imre-archivum-2021-februar\/?lang=en#primaryimage"},"image":{"@id":"https:\/\/egerhaziimre.hu\/index.php\/bovul-az-egerhazi-imre-archivum-2021-februar\/?lang=en#primaryimage"},"thumbnailUrl":"https:\/\/egerhaziimre.hu\/wp-content\/uploads\/2021\/02\/ei_diak.jpg","datePublished":"2021-02-10T13:51:50+00:00","dateModified":"2021-02-10T14:04:48+00:00","breadcrumb":{"@id":"https:\/\/egerhaziimre.hu\/index.php\/bovul-az-egerhazi-imre-archivum-2021-februar\/?lang=en#breadcrumb"},"inLanguage":"hu","potentialAction":[{"@type":"ReadAction","target":["https:\/\/egerhaziimre.hu\/index.php\/bovul-az-egerhazi-imre-archivum-2021-februar\/?lang=en"]}]},{"@type":"ImageObject","inLanguage":"hu","@id":"https:\/\/egerhaziimre.hu\/index.php\/bovul-az-egerhazi-imre-archivum-2021-februar\/?lang=en#primaryimage","url":"https:\/\/egerhaziimre.hu\/wp-content\/uploads\/2021\/02\/ei_diak.jpg","contentUrl":"https:\/\/egerhaziimre.hu\/wp-content\/uploads\/2021\/02\/ei_diak.jpg","width":2000,"height":1501},{"@type":"BreadcrumbList","@id":"https:\/\/egerhaziimre.hu\/index.php\/bovul-az-egerhazi-imre-archivum-2021-februar\/?lang=en#breadcrumb","itemListElement":[{"@type":"ListItem","position":1,"name":"Home","item":"https:\/\/egerhaziimre.hu\/"},{"@type":"ListItem","position":2,"name":"We are expanding the Imre \u00c9gerh\u00e1zi Archives"}]},{"@type":"WebSite","@id":"https:\/\/egerhaziimre.hu\/#website","url":"https:\/\/egerhaziimre.hu\/","name":"\u00c9gerh\u00e1zi Imre","description":"","potentialAction":[{"@type":"SearchAction","target":{"@type":"EntryPoint","urlTemplate":"https:\/\/egerhaziimre.hu\/?s={search_term_string}"},"query-input":{"@type":"PropertyValueSpecification","valueRequired":true,"valueName":"search_term_string"}}],"inLanguage":"hu"}]}},"jetpack_sharing_enabled":true,"_links":{"self":[{"href":"https:\/\/egerhaziimre.hu\/index.php\/wp-json\/wp\/v2\/pages\/11788","targetHints":{"allow":["GET"]}}],"collection":[{"href":"https:\/\/egerhaziimre.hu\/index.php\/wp-json\/wp\/v2\/pages"}],"about":[{"href":"https:\/\/egerhaziimre.hu\/index.php\/wp-json\/wp\/v2\/types\/page"}],"author":[{"embeddable":true,"href":"https:\/\/egerhaziimre.hu\/index.php\/wp-json\/wp\/v2\/users\/4"}],"replies":[{"embeddable":true,"href":"https:\/\/egerhaziimre.hu\/index.php\/wp-json\/wp\/v2\/comments?post=11788"}],"version-history":[{"count":4,"href":"https:\/\/egerhaziimre.hu\/index.php\/wp-json\/wp\/v2\/pages\/11788\/revisions"}],"predecessor-version":[{"id":11794,"href":"https:\/\/egerhaziimre.hu\/index.php\/wp-json\/wp\/v2\/pages\/11788\/revisions\/11794"}],"wp:featuredmedia":[{"embeddable":true,"href":"https:\/\/egerhaziimre.hu\/index.php\/wp-json\/wp\/v2\/media\/11792"}],"wp:attachment":[{"href":"https:\/\/egerhaziimre.hu\/index.php\/wp-json\/wp\/v2\/media?parent=11788"}],"wp:term":[{"taxonomy":"category","embeddable":true,"href":"https:\/\/egerhaziimre.hu\/index.php\/wp-json\/wp\/v2\/categories?post=11788"},{"taxonomy":"post_tag","embeddable":true,"href":"https:\/\/egerhaziimre.hu\/index.php\/wp-json\/wp\/v2\/tags?post=11788"}],"curies":[{"name":"wp","href":"https:\/\/api.w.org\/{rel}","templated":true}]}}