{"id":1207,"date":"2019-08-07T12:21:01","date_gmt":"2019-08-07T10:21:01","guid":{"rendered":"http:\/\/egerhaziimre.magex.hu\/?page_id=1207"},"modified":"2020-09-22T15:16:09","modified_gmt":"2020-09-22T13:16:09","slug":"st-michel-franciaorszag","status":"publish","type":"page","link":"https:\/\/egerhaziimre.hu\/index.php\/eletrajz\/muveszeti-szervezo-tevekenyseg\/st-michel-franciaorszag\/","title":{"rendered":"St. Michel, Franciaorsz\u00e1g"},"content":{"rendered":"<div class=\"wpb-content-wrapper\">[vc_row][vc_column][vc_column_text]\n<figure id=\"attachment_896\" aria-describedby=\"caption-attachment-896\" style=\"width: 500px\" class=\"wp-caption alignnone\"><img loading=\"lazy\" decoding=\"async\" class=\"size-full wp-image-896\" src=\"http:\/\/egerhaziimre.magex.hu\/wp-content\/uploads\/2019\/08\/dijak_elismeresek\/1996_saintmichel.jpg\" alt=\"\" width=\"500\" height=\"268\" srcset=\"https:\/\/egerhaziimre.hu\/wp-content\/uploads\/2019\/08\/dijak_elismeresek\/1996_saintmichel.jpg 500w, https:\/\/egerhaziimre.hu\/wp-content\/uploads\/2019\/08\/dijak_elismeresek\/1996_saintmichel-300x161.jpg 300w\" sizes=\"auto, (max-width: 500px) 100vw, 500px\" \/><figcaption id=\"caption-attachment-896\" class=\"wp-caption-text\">St. Michel (Franciaorsz\u00e1g)<br \/>1996<\/figcaption><\/figure>\n<figure id=\"attachment_3933\" aria-describedby=\"caption-attachment-3933\" style=\"width: 2000px\" class=\"wp-caption alignnone\"><img loading=\"lazy\" decoding=\"async\" class=\"size-full wp-image-3933\" src=\"http:\/\/egerhaziimre.magex.hu\/wp-content\/uploads\/kepek\/133.jpg\" alt=\"Thi\u00e9rachei eml\u00e9k\" width=\"2000\" height=\"1581\" srcset=\"https:\/\/egerhaziimre.hu\/wp-content\/uploads\/kepek\/133.jpg 2000w, https:\/\/egerhaziimre.hu\/wp-content\/uploads\/kepek\/133-300x237.jpg 300w, https:\/\/egerhaziimre.hu\/wp-content\/uploads\/kepek\/133-1024x809.jpg 1024w, https:\/\/egerhaziimre.hu\/wp-content\/uploads\/kepek\/133-768x607.jpg 768w, https:\/\/egerhaziimre.hu\/wp-content\/uploads\/kepek\/133-1536x1214.jpg 1536w\" sizes=\"auto, (max-width: 2000px) 100vw, 2000px\" \/><figcaption id=\"caption-attachment-3933\" class=\"wp-caption-text\">Thi\u00e9rachei eml\u00e9k<br \/>olaj, farost, 63&#215;80<br \/>1993<\/figcaption><\/figure>\n<figure id=\"attachment_3870\" aria-describedby=\"caption-attachment-3870\" style=\"width: 2000px\" class=\"wp-caption alignnone\"><img loading=\"lazy\" decoding=\"async\" class=\"size-full wp-image-3870\" src=\"http:\/\/egerhaziimre.magex.hu\/wp-content\/uploads\/kepek\/112.jpg\" alt=\"Fresk\u00f3 t\u00f6red\u00e9kek\/St. Micheli mot\u00edvum\" width=\"2000\" height=\"1393\" srcset=\"https:\/\/egerhaziimre.hu\/wp-content\/uploads\/kepek\/112.jpg 2000w, https:\/\/egerhaziimre.hu\/wp-content\/uploads\/kepek\/112-300x209.jpg 300w, https:\/\/egerhaziimre.hu\/wp-content\/uploads\/kepek\/112-1024x713.jpg 1024w, https:\/\/egerhaziimre.hu\/wp-content\/uploads\/kepek\/112-768x535.jpg 768w, https:\/\/egerhaziimre.hu\/wp-content\/uploads\/kepek\/112-1536x1070.jpg 1536w\" sizes=\"auto, (max-width: 2000px) 100vw, 2000px\" \/><figcaption id=\"caption-attachment-3870\" class=\"wp-caption-text\">Fresk\u00f3 t\u00f6red\u00e9kek\/St. Micheli mot\u00edvum<br \/>olaj, farost, 70&#215;100<br \/>1979<\/figcaption><\/figure>\n<figure id=\"attachment_2270\" aria-describedby=\"caption-attachment-2270\" style=\"width: 2000px\" class=\"wp-caption alignnone\"><img loading=\"lazy\" decoding=\"async\" class=\"size-full wp-image-2270\" src=\"http:\/\/egerhaziimre.magex.hu\/wp-content\/uploads\/kepek\/689.jpg\" alt=\"Ny\u00e1r Thieracheban\" width=\"2000\" height=\"1491\" srcset=\"https:\/\/egerhaziimre.hu\/wp-content\/uploads\/kepek\/689.jpg 2000w, https:\/\/egerhaziimre.hu\/wp-content\/uploads\/kepek\/689-750x559.jpg 750w, https:\/\/egerhaziimre.hu\/wp-content\/uploads\/kepek\/689-600x447.jpg 600w, https:\/\/egerhaziimre.hu\/wp-content\/uploads\/kepek\/689-300x224.jpg 300w, https:\/\/egerhaziimre.hu\/wp-content\/uploads\/kepek\/689-768x573.jpg 768w, https:\/\/egerhaziimre.hu\/wp-content\/uploads\/kepek\/689-1024x763.jpg 1024w\" sizes=\"auto, (max-width: 2000px) 100vw, 2000px\" \/><figcaption id=\"caption-attachment-2270\" class=\"wp-caption-text\">Ny\u00e1r Thi\u00e9racheban<br \/>olaj, farost, 61&#215;81<br \/>1994<\/figcaption><\/figure>\n<figure id=\"attachment_2790\" aria-describedby=\"caption-attachment-2790\" style=\"width: 2000px\" class=\"wp-caption alignnone\"><img loading=\"lazy\" decoding=\"async\" class=\"size-full wp-image-2790\" src=\"http:\/\/egerhaziimre.magex.hu\/wp-content\/uploads\/kepek\/512.jpg\" alt=\"Alkony Thi\u00e9rach\u00e9ben\" width=\"2000\" height=\"1407\" srcset=\"https:\/\/egerhaziimre.hu\/wp-content\/uploads\/kepek\/512.jpg 2000w, https:\/\/egerhaziimre.hu\/wp-content\/uploads\/kepek\/512-750x528.jpg 750w, https:\/\/egerhaziimre.hu\/wp-content\/uploads\/kepek\/512-600x422.jpg 600w, https:\/\/egerhaziimre.hu\/wp-content\/uploads\/kepek\/512-300x211.jpg 300w, https:\/\/egerhaziimre.hu\/wp-content\/uploads\/kepek\/512-768x540.jpg 768w, https:\/\/egerhaziimre.hu\/wp-content\/uploads\/kepek\/512-1024x720.jpg 1024w\" sizes=\"auto, (max-width: 2000px) 100vw, 2000px\" \/><figcaption id=\"caption-attachment-2790\" class=\"wp-caption-text\">Alkony Thi\u00e9rach\u00e9ben<br \/>olaj, farost, 50&#215;70<br \/>2001<\/figcaption><\/figure>\n[\/vc_column_text][\/vc_column][\/vc_row][vc_row][vc_column][vc_separator][vc_btn title=&#8221;Vissza&#8221; shape=&#8221;square&#8221; color=&#8221;orange&#8221; link=&#8221;url:http%3A%2F%2Fegerhaziimre.hu%2Findex.php%2Feletrajz%2Fmuveszeti-szervezo-tevekenyseg%2F|title:%5B%3Ahu%5DM%C5%B1v%C3%A9szeti%20szervez%C5%91%20tev%C3%A9kenys%C3%A9g%5B%3Aen%5DOrganizing%20in%20art%5B%3A%5D&#8221;][\/vc_column][\/vc_row]\n<\/div>","protected":false},"excerpt":{"rendered":"<p>[vc_row][vc_column][vc_column_text] [\/vc_column_text][\/vc_column][\/vc_row][vc_row][vc_column][vc_separator][vc_btn title=&#8221;Vissza&#8221; shape=&#8221;square&#8221; color=&#8221;orange&#8221; link=&#8221;url:http%3A%2F%2Fegerhaziimre.hu%2Findex.php%2Feletrajz%2Fmuveszeti-szervezo-tevekenyseg%2F|title:%5B%3Ahu%5DM%C5%B1v%C3%A9szeti%20szervez%C5%91%20tev%C3%A9kenys%C3%A9g%5B%3Aen%5DOrganizing%20in%20art%5B%3A%5D&#8221;][\/vc_column][\/vc_row]<\/p>\n","protected":false},"author":4,"featured_media":3933,"parent":24,"menu_order":0,"comment_status":"closed","ping_status":"closed","template":"","meta":{"footnotes":""},"categories":[11,102],"tags":[73,79],"class_list":["post-1207","page","type-page","status-publish","has-post-thumbnail","hentry","category-eletrajz","category-muvesztelep","tag-franciaorszag","tag-st-michel"],"yoast_head":"<!-- This site is optimized with the Yoast SEO plugin v27.0 - https:\/\/yoast.com\/product\/yoast-seo-wordpress\/ -->\n<title>St. Michel, Franciaorsz\u00e1g - \u00c9gerh\u00e1zi Imre<\/title>\n<meta name=\"robots\" content=\"index, follow, max-snippet:-1, max-image-preview:large, max-video-preview:-1\" \/>\n<link rel=\"canonical\" href=\"https:\/\/egerhaziimre.hu\/index.php\/eletrajz\/muveszeti-szervezo-tevekenyseg\/st-michel-franciaorszag\/?lang=en\" \/>\n<meta property=\"og:locale\" content=\"hu_HU\" \/>\n<meta property=\"og:type\" content=\"article\" \/>\n<meta property=\"og:title\" content=\"St. Michel, Franciaorsz\u00e1g - \u00c9gerh\u00e1zi Imre\" \/>\n<meta property=\"og:description\" content=\"[vc_row][vc_column][vc_column_text] [\/vc_column_text][\/vc_column][\/vc_row][vc_row][vc_column][vc_separator][vc_btn title=&#8221;Vissza&#8221; shape=&#8221;square&#8221; color=&#8221;orange&#8221; link=&#8221;url:http%3A%2F%2Fegerhaziimre.hu%2Findex.php%2Feletrajz%2Fmuveszeti-szervezo-tevekenyseg%2F|title:%5B%3Ahu%5DM%C5%B1v%C3%A9szeti%20szervez%C5%91%20tev%C3%A9kenys%C3%A9g%5B%3Aen%5DOrganizing%20in%20art%5B%3A%5D&#8221;][\/vc_column][\/vc_row]\" \/>\n<meta property=\"og:url\" content=\"https:\/\/egerhaziimre.hu\/index.php\/eletrajz\/muveszeti-szervezo-tevekenyseg\/st-michel-franciaorszag\/?lang=en\" \/>\n<meta property=\"og:site_name\" content=\"\u00c9gerh\u00e1zi Imre\" \/>\n<meta property=\"article:modified_time\" content=\"2020-09-22T13:16:09+00:00\" \/>\n<meta property=\"og:image\" content=\"https:\/\/egerhaziimre.hu\/wp-content\/uploads\/kepek\/133.jpg\" \/>\n\t<meta property=\"og:image:width\" content=\"2000\" \/>\n\t<meta property=\"og:image:height\" content=\"1581\" \/>\n\t<meta property=\"og:image:type\" content=\"image\/jpeg\" \/>\n<meta name=\"twitter:card\" content=\"summary_large_image\" \/>\n<meta name=\"twitter:label1\" content=\"Becs\u00fclt olvas\u00e1si id\u0151\" \/>\n\t<meta name=\"twitter:data1\" content=\"1 perc\" \/>\n<script type=\"application\/ld+json\" class=\"yoast-schema-graph\">{\"@context\":\"https:\/\/schema.org\",\"@graph\":[{\"@type\":\"WebPage\",\"@id\":\"https:\/\/egerhaziimre.hu\/index.php\/eletrajz\/muveszeti-szervezo-tevekenyseg\/st-michel-franciaorszag\/?lang=en\",\"url\":\"https:\/\/egerhaziimre.hu\/index.php\/eletrajz\/muveszeti-szervezo-tevekenyseg\/st-michel-franciaorszag\/?lang=en\",\"name\":\"St. Michel, Franciaorsz\u00e1g - \u00c9gerh\u00e1zi Imre\",\"isPartOf\":{\"@id\":\"https:\/\/egerhaziimre.hu\/#website\"},\"primaryImageOfPage\":{\"@id\":\"https:\/\/egerhaziimre.hu\/index.php\/eletrajz\/muveszeti-szervezo-tevekenyseg\/st-michel-franciaorszag\/?lang=en#primaryimage\"},\"image\":{\"@id\":\"https:\/\/egerhaziimre.hu\/index.php\/eletrajz\/muveszeti-szervezo-tevekenyseg\/st-michel-franciaorszag\/?lang=en#primaryimage\"},\"thumbnailUrl\":\"https:\/\/egerhaziimre.hu\/wp-content\/uploads\/kepek\/133.jpg\",\"datePublished\":\"2019-08-07T10:21:01+00:00\",\"dateModified\":\"2020-09-22T13:16:09+00:00\",\"breadcrumb\":{\"@id\":\"https:\/\/egerhaziimre.hu\/index.php\/eletrajz\/muveszeti-szervezo-tevekenyseg\/st-michel-franciaorszag\/?lang=en#breadcrumb\"},\"inLanguage\":\"hu\",\"potentialAction\":[{\"@type\":\"ReadAction\",\"target\":[\"https:\/\/egerhaziimre.hu\/index.php\/eletrajz\/muveszeti-szervezo-tevekenyseg\/st-michel-franciaorszag\/?lang=en\"]}]},{\"@type\":\"ImageObject\",\"inLanguage\":\"hu\",\"@id\":\"https:\/\/egerhaziimre.hu\/index.php\/eletrajz\/muveszeti-szervezo-tevekenyseg\/st-michel-franciaorszag\/?lang=en#primaryimage\",\"url\":\"https:\/\/egerhaziimre.hu\/wp-content\/uploads\/kepek\/133.jpg\",\"contentUrl\":\"https:\/\/egerhaziimre.hu\/wp-content\/uploads\/kepek\/133.jpg\",\"width\":2000,\"height\":1581,\"caption\":\"olaj, farost, 63x80 1993\"},{\"@type\":\"BreadcrumbList\",\"@id\":\"https:\/\/egerhaziimre.hu\/index.php\/eletrajz\/muveszeti-szervezo-tevekenyseg\/st-michel-franciaorszag\/?lang=en#breadcrumb\",\"itemListElement\":[{\"@type\":\"ListItem\",\"position\":1,\"name\":\"Home\",\"item\":\"https:\/\/egerhaziimre.hu\/\"},{\"@type\":\"ListItem\",\"position\":2,\"name\":\"\u00c9letrajz\",\"item\":\"https:\/\/egerhaziimre.hu\/index.php\/eletrajz\/\"},{\"@type\":\"ListItem\",\"position\":3,\"name\":\"Organizing in art\",\"item\":\"https:\/\/egerhaziimre.hu\/index.php\/eletrajz\/muveszeti-szervezo-tevekenyseg\/?lang=en\"},{\"@type\":\"ListItem\",\"position\":4,\"name\":\"St. Michel, France\"}]},{\"@type\":\"WebSite\",\"@id\":\"https:\/\/egerhaziimre.hu\/#website\",\"url\":\"https:\/\/egerhaziimre.hu\/\",\"name\":\"\u00c9gerh\u00e1zi Imre\",\"description\":\"\",\"potentialAction\":[{\"@type\":\"SearchAction\",\"target\":{\"@type\":\"EntryPoint\",\"urlTemplate\":\"https:\/\/egerhaziimre.hu\/?s={search_term_string}\"},\"query-input\":{\"@type\":\"PropertyValueSpecification\",\"valueRequired\":true,\"valueName\":\"search_term_string\"}}],\"inLanguage\":\"hu\"}]}<\/script>\n<!-- \/ Yoast SEO plugin. -->","yoast_head_json":{"title":"St. Michel, Franciaorsz\u00e1g - \u00c9gerh\u00e1zi Imre","robots":{"index":"index","follow":"follow","max-snippet":"max-snippet:-1","max-image-preview":"max-image-preview:large","max-video-preview":"max-video-preview:-1"},"canonical":"https:\/\/egerhaziimre.hu\/index.php\/eletrajz\/muveszeti-szervezo-tevekenyseg\/st-michel-franciaorszag\/?lang=en","og_locale":"hu_HU","og_type":"article","og_title":"St. Michel, Franciaorsz\u00e1g - \u00c9gerh\u00e1zi Imre","og_description":"[vc_row][vc_column][vc_column_text] [\/vc_column_text][\/vc_column][\/vc_row][vc_row][vc_column][vc_separator][vc_btn title=&#8221;Vissza&#8221; shape=&#8221;square&#8221; color=&#8221;orange&#8221; link=&#8221;url:http%3A%2F%2Fegerhaziimre.hu%2Findex.php%2Feletrajz%2Fmuveszeti-szervezo-tevekenyseg%2F|title:%5B%3Ahu%5DM%C5%B1v%C3%A9szeti%20szervez%C5%91%20tev%C3%A9kenys%C3%A9g%5B%3Aen%5DOrganizing%20in%20art%5B%3A%5D&#8221;][\/vc_column][\/vc_row]","og_url":"https:\/\/egerhaziimre.hu\/index.php\/eletrajz\/muveszeti-szervezo-tevekenyseg\/st-michel-franciaorszag\/?lang=en","og_site_name":"\u00c9gerh\u00e1zi Imre","article_modified_time":"2020-09-22T13:16:09+00:00","og_image":[{"width":2000,"height":1581,"url":"https:\/\/egerhaziimre.hu\/wp-content\/uploads\/kepek\/133.jpg","type":"image\/jpeg"}],"twitter_card":"summary_large_image","twitter_misc":{"Becs\u00fclt olvas\u00e1si id\u0151":"1 perc"},"schema":{"@context":"https:\/\/schema.org","@graph":[{"@type":"WebPage","@id":"https:\/\/egerhaziimre.hu\/index.php\/eletrajz\/muveszeti-szervezo-tevekenyseg\/st-michel-franciaorszag\/?lang=en","url":"https:\/\/egerhaziimre.hu\/index.php\/eletrajz\/muveszeti-szervezo-tevekenyseg\/st-michel-franciaorszag\/?lang=en","name":"St. Michel, Franciaorsz\u00e1g - \u00c9gerh\u00e1zi Imre","isPartOf":{"@id":"https:\/\/egerhaziimre.hu\/#website"},"primaryImageOfPage":{"@id":"https:\/\/egerhaziimre.hu\/index.php\/eletrajz\/muveszeti-szervezo-tevekenyseg\/st-michel-franciaorszag\/?lang=en#primaryimage"},"image":{"@id":"https:\/\/egerhaziimre.hu\/index.php\/eletrajz\/muveszeti-szervezo-tevekenyseg\/st-michel-franciaorszag\/?lang=en#primaryimage"},"thumbnailUrl":"https:\/\/egerhaziimre.hu\/wp-content\/uploads\/kepek\/133.jpg","datePublished":"2019-08-07T10:21:01+00:00","dateModified":"2020-09-22T13:16:09+00:00","breadcrumb":{"@id":"https:\/\/egerhaziimre.hu\/index.php\/eletrajz\/muveszeti-szervezo-tevekenyseg\/st-michel-franciaorszag\/?lang=en#breadcrumb"},"inLanguage":"hu","potentialAction":[{"@type":"ReadAction","target":["https:\/\/egerhaziimre.hu\/index.php\/eletrajz\/muveszeti-szervezo-tevekenyseg\/st-michel-franciaorszag\/?lang=en"]}]},{"@type":"ImageObject","inLanguage":"hu","@id":"https:\/\/egerhaziimre.hu\/index.php\/eletrajz\/muveszeti-szervezo-tevekenyseg\/st-michel-franciaorszag\/?lang=en#primaryimage","url":"https:\/\/egerhaziimre.hu\/wp-content\/uploads\/kepek\/133.jpg","contentUrl":"https:\/\/egerhaziimre.hu\/wp-content\/uploads\/kepek\/133.jpg","width":2000,"height":1581,"caption":"olaj, farost, 63x80 1993"},{"@type":"BreadcrumbList","@id":"https:\/\/egerhaziimre.hu\/index.php\/eletrajz\/muveszeti-szervezo-tevekenyseg\/st-michel-franciaorszag\/?lang=en#breadcrumb","itemListElement":[{"@type":"ListItem","position":1,"name":"Home","item":"https:\/\/egerhaziimre.hu\/"},{"@type":"ListItem","position":2,"name":"\u00c9letrajz","item":"https:\/\/egerhaziimre.hu\/index.php\/eletrajz\/"},{"@type":"ListItem","position":3,"name":"Organizing in art","item":"https:\/\/egerhaziimre.hu\/index.php\/eletrajz\/muveszeti-szervezo-tevekenyseg\/?lang=en"},{"@type":"ListItem","position":4,"name":"St. Michel, France"}]},{"@type":"WebSite","@id":"https:\/\/egerhaziimre.hu\/#website","url":"https:\/\/egerhaziimre.hu\/","name":"\u00c9gerh\u00e1zi Imre","description":"","potentialAction":[{"@type":"SearchAction","target":{"@type":"EntryPoint","urlTemplate":"https:\/\/egerhaziimre.hu\/?s={search_term_string}"},"query-input":{"@type":"PropertyValueSpecification","valueRequired":true,"valueName":"search_term_string"}}],"inLanguage":"hu"}]}},"jetpack_sharing_enabled":true,"_links":{"self":[{"href":"https:\/\/egerhaziimre.hu\/index.php\/wp-json\/wp\/v2\/pages\/1207","targetHints":{"allow":["GET"]}}],"collection":[{"href":"https:\/\/egerhaziimre.hu\/index.php\/wp-json\/wp\/v2\/pages"}],"about":[{"href":"https:\/\/egerhaziimre.hu\/index.php\/wp-json\/wp\/v2\/types\/page"}],"author":[{"embeddable":true,"href":"https:\/\/egerhaziimre.hu\/index.php\/wp-json\/wp\/v2\/users\/4"}],"replies":[{"embeddable":true,"href":"https:\/\/egerhaziimre.hu\/index.php\/wp-json\/wp\/v2\/comments?post=1207"}],"version-history":[{"count":7,"href":"https:\/\/egerhaziimre.hu\/index.php\/wp-json\/wp\/v2\/pages\/1207\/revisions"}],"predecessor-version":[{"id":9921,"href":"https:\/\/egerhaziimre.hu\/index.php\/wp-json\/wp\/v2\/pages\/1207\/revisions\/9921"}],"up":[{"embeddable":true,"href":"https:\/\/egerhaziimre.hu\/index.php\/wp-json\/wp\/v2\/pages\/24"}],"wp:featuredmedia":[{"embeddable":true,"href":"https:\/\/egerhaziimre.hu\/index.php\/wp-json\/wp\/v2\/media\/3933"}],"wp:attachment":[{"href":"https:\/\/egerhaziimre.hu\/index.php\/wp-json\/wp\/v2\/media?parent=1207"}],"wp:term":[{"taxonomy":"category","embeddable":true,"href":"https:\/\/egerhaziimre.hu\/index.php\/wp-json\/wp\/v2\/categories?post=1207"},{"taxonomy":"post_tag","embeddable":true,"href":"https:\/\/egerhaziimre.hu\/index.php\/wp-json\/wp\/v2\/tags?post=1207"}],"curies":[{"name":"wp","href":"https:\/\/api.w.org\/{rel}","templated":true}]}}