{"id":1214,"date":"2019-08-07T13:01:11","date_gmt":"2019-08-07T11:01:11","guid":{"rendered":"http:\/\/egerhaziimre.magex.hu\/?page_id=1214"},"modified":"2020-09-22T15:18:04","modified_gmt":"2020-09-22T13:18:04","slug":"nagybanya-romania","status":"publish","type":"page","link":"https:\/\/egerhaziimre.hu\/index.php\/eletrajz\/muveszeti-szervezo-tevekenyseg\/nagybanya-romania\/","title":{"rendered":"Nagyb\u00e1nya, Erd\u00e9ly"},"content":{"rendered":"<div class=\"wpb-content-wrapper\">[vc_row][vc_column][vc_column_text]\n<figure id=\"attachment_5333\" aria-describedby=\"caption-attachment-5333\" style=\"width: 2000px\" class=\"wp-caption alignnone\"><img loading=\"lazy\" decoding=\"async\" class=\"size-full wp-image-5333\" src=\"http:\/\/egerhaziimre.magex.hu\/wp-content\/uploads\/kepek\/1303.jpg\" alt=\"Nagyb\u00e1nyai t\u00e1j\" width=\"2000\" height=\"1634\" srcset=\"https:\/\/egerhaziimre.hu\/wp-content\/uploads\/kepek\/1303.jpg 2000w, https:\/\/egerhaziimre.hu\/wp-content\/uploads\/kepek\/1303-300x245.jpg 300w, https:\/\/egerhaziimre.hu\/wp-content\/uploads\/kepek\/1303-1024x837.jpg 1024w, https:\/\/egerhaziimre.hu\/wp-content\/uploads\/kepek\/1303-768x627.jpg 768w, https:\/\/egerhaziimre.hu\/wp-content\/uploads\/kepek\/1303-1536x1255.jpg 1536w\" sizes=\"auto, (max-width: 2000px) 100vw, 2000px\" \/><figcaption id=\"caption-attachment-5333\" class=\"wp-caption-text\">Nagyb\u00e1nyai t\u00e1j<br \/>olaj, pap\u00edr,70&#215;84<br \/>1968<\/figcaption><\/figure>\n<figure id=\"attachment_3927\" aria-describedby=\"caption-attachment-3927\" style=\"width: 2000px\" class=\"wp-caption alignnone\"><img loading=\"lazy\" decoding=\"async\" class=\"size-full wp-image-3927\" src=\"http:\/\/egerhaziimre.magex.hu\/wp-content\/uploads\/kepek\/131.jpg\" alt=\"Nagyb\u00e1nyai dombos t\u00e1j\" width=\"2000\" height=\"1043\" srcset=\"https:\/\/egerhaziimre.hu\/wp-content\/uploads\/kepek\/131.jpg 2000w, https:\/\/egerhaziimre.hu\/wp-content\/uploads\/kepek\/131-300x156.jpg 300w, https:\/\/egerhaziimre.hu\/wp-content\/uploads\/kepek\/131-1024x534.jpg 1024w, https:\/\/egerhaziimre.hu\/wp-content\/uploads\/kepek\/131-768x401.jpg 768w, https:\/\/egerhaziimre.hu\/wp-content\/uploads\/kepek\/131-1536x801.jpg 1536w\" sizes=\"auto, (max-width: 2000px) 100vw, 2000px\" \/><figcaption id=\"caption-attachment-3927\" class=\"wp-caption-text\">Nagyb\u00e1nyai dombos t\u00e1jfilctoll, pap\u00edr, 15&#215;29<br \/>1971<\/figcaption><\/figure>\n<figure id=\"attachment_7200\" aria-describedby=\"caption-attachment-7200\" style=\"width: 2000px\" class=\"wp-caption alignnone\"><img loading=\"lazy\" decoding=\"async\" class=\"size-full wp-image-7200\" src=\"http:\/\/egerhaziimre.magex.hu\/wp-content\/uploads\/kepek\/2037.jpg\" alt=\"\" width=\"2000\" height=\"1442\" srcset=\"https:\/\/egerhaziimre.hu\/wp-content\/uploads\/kepek\/2037.jpg 2000w, https:\/\/egerhaziimre.hu\/wp-content\/uploads\/kepek\/2037-300x216.jpg 300w, https:\/\/egerhaziimre.hu\/wp-content\/uploads\/kepek\/2037-1024x738.jpg 1024w, https:\/\/egerhaziimre.hu\/wp-content\/uploads\/kepek\/2037-768x554.jpg 768w, https:\/\/egerhaziimre.hu\/wp-content\/uploads\/kepek\/2037-1536x1107.jpg 1536w\" sizes=\"auto, (max-width: 2000px) 100vw, 2000px\" \/><figcaption id=\"caption-attachment-7200\" class=\"wp-caption-text\">Als\u00f3b\u00e1nyai h\u00e1z<br \/>olaj, farost, 50&#215;70<br \/>2000<\/figcaption><\/figure>\n[\/vc_column_text][\/vc_column][\/vc_row][vc_row][vc_column][vc_separator][vc_btn title=&#8221;Vissza a list\u00e1ra&#8221; shape=&#8221;square&#8221; color=&#8221;orange&#8221; link=&#8221;url:http%3A%2F%2Fegerhaziimre.hu%2Findex.php%2Feletrajz%2Fmuveszeti-szervezo-tevekenyseg%2F|title:%5B%3Ahu%5DM%C5%B1v%C3%A9szeti%20szervez%C5%91%20tev%C3%A9kenys%C3%A9g%5B%3Aen%5DOrganizing%20in%20art%5B%3A%5D&#8221;][\/vc_column][\/vc_row]\n<\/div>","protected":false},"excerpt":{"rendered":"<p>[vc_row][vc_column][vc_column_text] [\/vc_column_text][\/vc_column][\/vc_row][vc_row][vc_column][vc_separator][vc_btn title=&#8221;Vissza a list\u00e1ra&#8221; shape=&#8221;square&#8221; color=&#8221;orange&#8221; link=&#8221;url:http%3A%2F%2Fegerhaziimre.hu%2Findex.php%2Feletrajz%2Fmuveszeti-szervezo-tevekenyseg%2F|title:%5B%3Ahu%5DM%C5%B1v%C3%A9szeti%20szervez%C5%91%20tev%C3%A9kenys%C3%A9g%5B%3Aen%5DOrganizing%20in%20art%5B%3A%5D&#8221;][\/vc_column][\/vc_row]<\/p>\n","protected":false},"author":4,"featured_media":7200,"parent":24,"menu_order":0,"comment_status":"closed","ping_status":"closed","template":"","meta":{"footnotes":""},"categories":[11,102],"tags":[108,125],"class_list":["post-1214","page","type-page","status-publish","has-post-thumbnail","hentry","category-eletrajz","category-muvesztelep","tag-nagybanya","tag-romania"],"yoast_head":"<!-- This site is optimized with the Yoast SEO plugin v27.0 - https:\/\/yoast.com\/product\/yoast-seo-wordpress\/ -->\n<title>Nagyb\u00e1nya, Erd\u00e9ly - \u00c9gerh\u00e1zi Imre<\/title>\n<meta name=\"robots\" content=\"index, follow, max-snippet:-1, max-image-preview:large, max-video-preview:-1\" \/>\n<link rel=\"canonical\" href=\"https:\/\/egerhaziimre.hu\/index.php\/eletrajz\/muveszeti-szervezo-tevekenyseg\/nagybanya-romania\/?lang=en\" \/>\n<meta property=\"og:locale\" content=\"hu_HU\" \/>\n<meta property=\"og:type\" content=\"article\" \/>\n<meta property=\"og:title\" content=\"Nagyb\u00e1nya, Erd\u00e9ly - \u00c9gerh\u00e1zi Imre\" \/>\n<meta property=\"og:description\" content=\"[vc_row][vc_column][vc_column_text] [\/vc_column_text][\/vc_column][\/vc_row][vc_row][vc_column][vc_separator][vc_btn title=&#8221;Vissza a list\u00e1ra&#8221; shape=&#8221;square&#8221; color=&#8221;orange&#8221; link=&#8221;url:http%3A%2F%2Fegerhaziimre.hu%2Findex.php%2Feletrajz%2Fmuveszeti-szervezo-tevekenyseg%2F|title:%5B%3Ahu%5DM%C5%B1v%C3%A9szeti%20szervez%C5%91%20tev%C3%A9kenys%C3%A9g%5B%3Aen%5DOrganizing%20in%20art%5B%3A%5D&#8221;][\/vc_column][\/vc_row]\" \/>\n<meta property=\"og:url\" content=\"https:\/\/egerhaziimre.hu\/index.php\/eletrajz\/muveszeti-szervezo-tevekenyseg\/nagybanya-romania\/?lang=en\" \/>\n<meta property=\"og:site_name\" content=\"\u00c9gerh\u00e1zi Imre\" \/>\n<meta property=\"article:modified_time\" content=\"2020-09-22T13:18:04+00:00\" \/>\n<meta property=\"og:image\" content=\"https:\/\/egerhaziimre.hu\/wp-content\/uploads\/kepek\/2037.jpg\" \/>\n\t<meta property=\"og:image:width\" content=\"2000\" \/>\n\t<meta property=\"og:image:height\" content=\"1442\" \/>\n\t<meta property=\"og:image:type\" content=\"image\/jpeg\" \/>\n<meta name=\"twitter:card\" content=\"summary_large_image\" \/>\n<meta name=\"twitter:label1\" content=\"Becs\u00fclt olvas\u00e1si id\u0151\" \/>\n\t<meta name=\"twitter:data1\" content=\"1 perc\" \/>\n<script type=\"application\/ld+json\" class=\"yoast-schema-graph\">{\"@context\":\"https:\/\/schema.org\",\"@graph\":[{\"@type\":\"WebPage\",\"@id\":\"https:\/\/egerhaziimre.hu\/index.php\/eletrajz\/muveszeti-szervezo-tevekenyseg\/nagybanya-romania\/?lang=en\",\"url\":\"https:\/\/egerhaziimre.hu\/index.php\/eletrajz\/muveszeti-szervezo-tevekenyseg\/nagybanya-romania\/?lang=en\",\"name\":\"Nagyb\u00e1nya, Erd\u00e9ly - \u00c9gerh\u00e1zi Imre\",\"isPartOf\":{\"@id\":\"https:\/\/egerhaziimre.hu\/#website\"},\"primaryImageOfPage\":{\"@id\":\"https:\/\/egerhaziimre.hu\/index.php\/eletrajz\/muveszeti-szervezo-tevekenyseg\/nagybanya-romania\/?lang=en#primaryimage\"},\"image\":{\"@id\":\"https:\/\/egerhaziimre.hu\/index.php\/eletrajz\/muveszeti-szervezo-tevekenyseg\/nagybanya-romania\/?lang=en#primaryimage\"},\"thumbnailUrl\":\"https:\/\/egerhaziimre.hu\/wp-content\/uploads\/kepek\/2037.jpg\",\"datePublished\":\"2019-08-07T11:01:11+00:00\",\"dateModified\":\"2020-09-22T13:18:04+00:00\",\"breadcrumb\":{\"@id\":\"https:\/\/egerhaziimre.hu\/index.php\/eletrajz\/muveszeti-szervezo-tevekenyseg\/nagybanya-romania\/?lang=en#breadcrumb\"},\"inLanguage\":\"hu\",\"potentialAction\":[{\"@type\":\"ReadAction\",\"target\":[\"https:\/\/egerhaziimre.hu\/index.php\/eletrajz\/muveszeti-szervezo-tevekenyseg\/nagybanya-romania\/?lang=en\"]}]},{\"@type\":\"ImageObject\",\"inLanguage\":\"hu\",\"@id\":\"https:\/\/egerhaziimre.hu\/index.php\/eletrajz\/muveszeti-szervezo-tevekenyseg\/nagybanya-romania\/?lang=en#primaryimage\",\"url\":\"https:\/\/egerhaziimre.hu\/wp-content\/uploads\/kepek\/2037.jpg\",\"contentUrl\":\"https:\/\/egerhaziimre.hu\/wp-content\/uploads\/kepek\/2037.jpg\",\"width\":2000,\"height\":1442,\"caption\":\"olaj, farost 50x70 2000\"},{\"@type\":\"BreadcrumbList\",\"@id\":\"https:\/\/egerhaziimre.hu\/index.php\/eletrajz\/muveszeti-szervezo-tevekenyseg\/nagybanya-romania\/?lang=en#breadcrumb\",\"itemListElement\":[{\"@type\":\"ListItem\",\"position\":1,\"name\":\"Home\",\"item\":\"https:\/\/egerhaziimre.hu\/\"},{\"@type\":\"ListItem\",\"position\":2,\"name\":\"\u00c9letrajz\",\"item\":\"https:\/\/egerhaziimre.hu\/index.php\/eletrajz\/\"},{\"@type\":\"ListItem\",\"position\":3,\"name\":\"Organizing in art\",\"item\":\"https:\/\/egerhaziimre.hu\/index.php\/eletrajz\/muveszeti-szervezo-tevekenyseg\/?lang=en\"},{\"@type\":\"ListItem\",\"position\":4,\"name\":\"Nagyb\u00e1nya, Transylvania\"}]},{\"@type\":\"WebSite\",\"@id\":\"https:\/\/egerhaziimre.hu\/#website\",\"url\":\"https:\/\/egerhaziimre.hu\/\",\"name\":\"\u00c9gerh\u00e1zi Imre\",\"description\":\"\",\"potentialAction\":[{\"@type\":\"SearchAction\",\"target\":{\"@type\":\"EntryPoint\",\"urlTemplate\":\"https:\/\/egerhaziimre.hu\/?s={search_term_string}\"},\"query-input\":{\"@type\":\"PropertyValueSpecification\",\"valueRequired\":true,\"valueName\":\"search_term_string\"}}],\"inLanguage\":\"hu\"}]}<\/script>\n<!-- \/ Yoast SEO plugin. -->","yoast_head_json":{"title":"Nagyb\u00e1nya, Erd\u00e9ly - \u00c9gerh\u00e1zi Imre","robots":{"index":"index","follow":"follow","max-snippet":"max-snippet:-1","max-image-preview":"max-image-preview:large","max-video-preview":"max-video-preview:-1"},"canonical":"https:\/\/egerhaziimre.hu\/index.php\/eletrajz\/muveszeti-szervezo-tevekenyseg\/nagybanya-romania\/?lang=en","og_locale":"hu_HU","og_type":"article","og_title":"Nagyb\u00e1nya, Erd\u00e9ly - \u00c9gerh\u00e1zi Imre","og_description":"[vc_row][vc_column][vc_column_text] [\/vc_column_text][\/vc_column][\/vc_row][vc_row][vc_column][vc_separator][vc_btn title=&#8221;Vissza a list\u00e1ra&#8221; shape=&#8221;square&#8221; color=&#8221;orange&#8221; link=&#8221;url:http%3A%2F%2Fegerhaziimre.hu%2Findex.php%2Feletrajz%2Fmuveszeti-szervezo-tevekenyseg%2F|title:%5B%3Ahu%5DM%C5%B1v%C3%A9szeti%20szervez%C5%91%20tev%C3%A9kenys%C3%A9g%5B%3Aen%5DOrganizing%20in%20art%5B%3A%5D&#8221;][\/vc_column][\/vc_row]","og_url":"https:\/\/egerhaziimre.hu\/index.php\/eletrajz\/muveszeti-szervezo-tevekenyseg\/nagybanya-romania\/?lang=en","og_site_name":"\u00c9gerh\u00e1zi Imre","article_modified_time":"2020-09-22T13:18:04+00:00","og_image":[{"width":2000,"height":1442,"url":"https:\/\/egerhaziimre.hu\/wp-content\/uploads\/kepek\/2037.jpg","type":"image\/jpeg"}],"twitter_card":"summary_large_image","twitter_misc":{"Becs\u00fclt olvas\u00e1si id\u0151":"1 perc"},"schema":{"@context":"https:\/\/schema.org","@graph":[{"@type":"WebPage","@id":"https:\/\/egerhaziimre.hu\/index.php\/eletrajz\/muveszeti-szervezo-tevekenyseg\/nagybanya-romania\/?lang=en","url":"https:\/\/egerhaziimre.hu\/index.php\/eletrajz\/muveszeti-szervezo-tevekenyseg\/nagybanya-romania\/?lang=en","name":"Nagyb\u00e1nya, Erd\u00e9ly - \u00c9gerh\u00e1zi Imre","isPartOf":{"@id":"https:\/\/egerhaziimre.hu\/#website"},"primaryImageOfPage":{"@id":"https:\/\/egerhaziimre.hu\/index.php\/eletrajz\/muveszeti-szervezo-tevekenyseg\/nagybanya-romania\/?lang=en#primaryimage"},"image":{"@id":"https:\/\/egerhaziimre.hu\/index.php\/eletrajz\/muveszeti-szervezo-tevekenyseg\/nagybanya-romania\/?lang=en#primaryimage"},"thumbnailUrl":"https:\/\/egerhaziimre.hu\/wp-content\/uploads\/kepek\/2037.jpg","datePublished":"2019-08-07T11:01:11+00:00","dateModified":"2020-09-22T13:18:04+00:00","breadcrumb":{"@id":"https:\/\/egerhaziimre.hu\/index.php\/eletrajz\/muveszeti-szervezo-tevekenyseg\/nagybanya-romania\/?lang=en#breadcrumb"},"inLanguage":"hu","potentialAction":[{"@type":"ReadAction","target":["https:\/\/egerhaziimre.hu\/index.php\/eletrajz\/muveszeti-szervezo-tevekenyseg\/nagybanya-romania\/?lang=en"]}]},{"@type":"ImageObject","inLanguage":"hu","@id":"https:\/\/egerhaziimre.hu\/index.php\/eletrajz\/muveszeti-szervezo-tevekenyseg\/nagybanya-romania\/?lang=en#primaryimage","url":"https:\/\/egerhaziimre.hu\/wp-content\/uploads\/kepek\/2037.jpg","contentUrl":"https:\/\/egerhaziimre.hu\/wp-content\/uploads\/kepek\/2037.jpg","width":2000,"height":1442,"caption":"olaj, farost 50x70 2000"},{"@type":"BreadcrumbList","@id":"https:\/\/egerhaziimre.hu\/index.php\/eletrajz\/muveszeti-szervezo-tevekenyseg\/nagybanya-romania\/?lang=en#breadcrumb","itemListElement":[{"@type":"ListItem","position":1,"name":"Home","item":"https:\/\/egerhaziimre.hu\/"},{"@type":"ListItem","position":2,"name":"\u00c9letrajz","item":"https:\/\/egerhaziimre.hu\/index.php\/eletrajz\/"},{"@type":"ListItem","position":3,"name":"Organizing in art","item":"https:\/\/egerhaziimre.hu\/index.php\/eletrajz\/muveszeti-szervezo-tevekenyseg\/?lang=en"},{"@type":"ListItem","position":4,"name":"Nagyb\u00e1nya, Transylvania"}]},{"@type":"WebSite","@id":"https:\/\/egerhaziimre.hu\/#website","url":"https:\/\/egerhaziimre.hu\/","name":"\u00c9gerh\u00e1zi Imre","description":"","potentialAction":[{"@type":"SearchAction","target":{"@type":"EntryPoint","urlTemplate":"https:\/\/egerhaziimre.hu\/?s={search_term_string}"},"query-input":{"@type":"PropertyValueSpecification","valueRequired":true,"valueName":"search_term_string"}}],"inLanguage":"hu"}]}},"jetpack_sharing_enabled":true,"_links":{"self":[{"href":"https:\/\/egerhaziimre.hu\/index.php\/wp-json\/wp\/v2\/pages\/1214","targetHints":{"allow":["GET"]}}],"collection":[{"href":"https:\/\/egerhaziimre.hu\/index.php\/wp-json\/wp\/v2\/pages"}],"about":[{"href":"https:\/\/egerhaziimre.hu\/index.php\/wp-json\/wp\/v2\/types\/page"}],"author":[{"embeddable":true,"href":"https:\/\/egerhaziimre.hu\/index.php\/wp-json\/wp\/v2\/users\/4"}],"replies":[{"embeddable":true,"href":"https:\/\/egerhaziimre.hu\/index.php\/wp-json\/wp\/v2\/comments?post=1214"}],"version-history":[{"count":5,"href":"https:\/\/egerhaziimre.hu\/index.php\/wp-json\/wp\/v2\/pages\/1214\/revisions"}],"predecessor-version":[{"id":9922,"href":"https:\/\/egerhaziimre.hu\/index.php\/wp-json\/wp\/v2\/pages\/1214\/revisions\/9922"}],"up":[{"embeddable":true,"href":"https:\/\/egerhaziimre.hu\/index.php\/wp-json\/wp\/v2\/pages\/24"}],"wp:featuredmedia":[{"embeddable":true,"href":"https:\/\/egerhaziimre.hu\/index.php\/wp-json\/wp\/v2\/media\/7200"}],"wp:attachment":[{"href":"https:\/\/egerhaziimre.hu\/index.php\/wp-json\/wp\/v2\/media?parent=1214"}],"wp:term":[{"taxonomy":"category","embeddable":true,"href":"https:\/\/egerhaziimre.hu\/index.php\/wp-json\/wp\/v2\/categories?post=1214"},{"taxonomy":"post_tag","embeddable":true,"href":"https:\/\/egerhaziimre.hu\/index.php\/wp-json\/wp\/v2\/tags?post=1214"}],"curies":[{"name":"wp","href":"https:\/\/api.w.org\/{rel}","templated":true}]}}