{"id":12255,"date":"2021-05-05T15:29:16","date_gmt":"2021-05-05T13:29:16","guid":{"rendered":"https:\/\/egerhaziimre.hu\/?page_id=12255"},"modified":"2021-05-05T15:43:05","modified_gmt":"2021-05-05T13:43:05","slug":"a-faradhatatlansagnak-nincsen-tovabbja-cseri-geza-polgarmester-nekrologja-2001","status":"publish","type":"page","link":"https:\/\/egerhaziimre.hu\/index.php\/eletrajz\/irasok-egerhazi-imrerol\/a-faradhatatlansagnak-nincsen-tovabbja-cseri-geza-polgarmester-nekrologja-2001\/","title":{"rendered":"A f\u00e1radhatatlans\u00e1gnak nincsen tov\u00e1bbja, Cseri G\u00e9za polg\u00e1rmester nekrol\u00f3gja, 2001"},"content":{"rendered":"<div class=\"wpb-content-wrapper\">[vc_row el_class=&#8221;margin_bottom_0 padding_bottom_0&#8243;][vc_column width=&#8221;2\/3&#8243; el_class=&#8221;margin_bottom_0 padding_bottom_0&#8243;][vc_column_text]\n<h6>A f\u00e1radhatatlans\u00e1gnak nincsen tov\u00e1bbja<\/h6>\n<p><strong>Elhangzott \u00c9gerh\u00e1zi Imre temet\u00e9s\u00e9n<\/strong><br \/>\nCseri G\u00e9za polg\u00e1rmesternekrol\u00f3gja<\/p>\n<p>2001. november 14-\u00e9n tragikus k\u00f6r\u00fclm\u00e9nyek k\u00f6z\u00f6tt, k\u00f6z\u00fati baleset k\u00f6vetkezt\u00e9ben, 76 \u00e9ves kor\u00e1ban elhunyt \u00c9gerh\u00e1zi Imre fest\u0151m\u0171v\u00e9sz.<br \/>\nEz a hivatalos, megd\u00f6bbent\u0151 r\u00f6vid h\u00edr, amit a m\u00e9dia \u00e9s a gy\u00e1szjelent\u00e9s k\u00f6z\u00f6lt. A k\u00f6zs\u00e9gh\u00e1za z\u00e1szl\u00f3tart\u00f3j\u00e1ban fekete z\u00e1szl\u00f3 lobog.<br \/>\nA \u201eHortob\u00e1gy\u00e9rt D\u00edj\u201d egyik kit\u00fcntetettje hunyt el.<\/p>\n<p>Az \u00f6nkorm\u00e1nyzat a d\u00edj l\u00e9trehoz\u00e1sakor meghat\u00e1rozta, hogy a d\u00edjazott olyan szem\u00e9ly vagy csoport lehet, aki a k\u00f6zs\u00e9g\u00e9rt sokat tett. Mit tett \u00c9gerh\u00e1zi Imre Hortob\u00e1gy\u00e9rt?<br \/>\nAz 1925-ben Hajd\u00fahadh\u00e1zon sz\u00fcletett m\u0171v\u00e9sz m\u00e1sodik sz\u00fcl\u0151hely\u00e9nek tekintette Hortob\u00e1gyot. Nemcsak megfestette a puszta sz\u00e9ps\u00e9g\u00e9t, \u00e9s nemcsak terjesztette m\u0171v\u00e9szk\u00e9nt Hortob\u00e1gy h\u00edrnev\u00e9t, de alap\u00edt\u00f3 tagja \u00e9s hal\u00e1l\u00e1ig vezet\u0151je volt a 2001-ben 22-ik alkalommal rendezett Hortob\u00e1gyi Alkot\u00f3t\u00e1bornak. A vil\u00e1g minden t\u00e1j\u00e1r\u00f3l: Amerik\u00e1b\u00f3l, Jap\u00e1nb\u00f3l, Eur\u00f3p\u00e1b\u00f3l \u00e9s haz\u00e1nkb\u00f3l minden \u00e9v febru\u00e1r 15. \u00e9s m\u00e1rcius 15. k\u00f6z\u00f6tti id\u0151szak\u00e1ban \u00f6sszesereglett m\u0171v\u00e9szek (fest\u0151k, grafikusok, szobr\u00e1szok) tisztelt\u00e9k benne a p\u00e1lyat\u00e1rsat, a szervez\u0151t, a nagybet\u0171vel \u00edrhat\u00f3 EMBERT. Hal\u00e1l\u00e1val p\u00f3tolhatatlan \u0171r keletkezett a nemzetk\u00f6zi t\u00e1bor \u00e9let\u00e9ben.<br \/>\nAz \u00e1ltal\u00e1nos iskol\u00e1s gyerekekt\u0151l a m\u0171v\u00e9szeknek sz\u00e1ll\u00e1st ad\u00f3 koll\u00e9gium munkat\u00e1rsain, az iskola pedag\u00f3gusain \u00e9s a polg\u00e1rmesteri hivatal dolgoz\u00f3in kereszt\u00fcl a k\u00e9pvisel\u0151-test\u00fclet tagjaiig hi\u00e1nyolni, keresni fogjuk Imre b\u00e1csit.<\/p>\n<p>Engedj\u00e9k meg, hogy id\u00e9zzek az alkot\u00f3t\u00e1bor k\u00e9t rom\u00e1niai magyar m\u0171v\u00e9sz\u00e9nek M\u00e1ty\u00e1s J\u00f3zsefnek \u00e9s S\u00fct\u0151 \u00c9v\u00e1nak level\u00e9b\u0151l:<br \/>\n\u201eLez\u00e1rult egy nagy \u00edv\u0171, egy hossz\u00fa \u00e9s ragyog\u00f3 m\u0171v\u00e9szi \u00e9let, egy felm\u00e9rhetetlen \u00e9rt\u00e9k\u0171 \u00e9letm\u0171. A k\u00f6zs\u00e9g, a t\u00e9rs\u00e9g, Magyarorsz\u00e1g \u00e9s a vil\u00e1g minden t\u00e1j\u00e1r\u00f3l Hortob\u00e1gyra l\u00e1togat\u00f3 jeles m\u0171v\u00e9szek felm\u00e9rhetetlen vesztes\u00e9ge ez.<br \/>\n\u00c9gerh\u00e1zi Imre elveszt\u00e9se kollegi\u00e1lis, kedves mosoly\u00e1nak, \u00fcgybuzgalm\u00e1nak, f\u00e1radhatatlan munkab\u00edr\u00e1s\u00e1nak, az imm\u00e1r meg nem sz\u00fclethet\u0151 festm\u00e9nyeinek csod\u00e1latosan egy\u00e9ni vil\u00e1g\u00e1nak nincsen tov\u00e1bbja. Megd\u00f6bbent\u00fcnk \u00e9s siratjuk \u0150t. \u0150 \u00f6r\u00f6kk\u00e9val\u00f3 marad mindannyiunk sz\u00e1m\u00e1ra.\u201d<\/p>\n<p>A 2001. november 30-i temet\u00e9sen csak a testt\u0151l b\u00facs\u00fazunk, az \u00c9gerh\u00e1zi szellemis\u00e9g k\u00e9peit n\u00e9zve, a Millenniumi \u00e9s Millecenten\u00e1riumi \u00e1lland\u00f3 ki\u00e1ll\u00edt\u00e1st l\u00e1togatva \u2013 \u00f6r\u00f6kk\u00e9 Hortob\u00e1gyon marad.<\/p>\n<p>Cseri G\u00e9za<br \/>\npolg\u00e1rmester[\/vc_column_text][\/vc_column][vc_column width=&#8221;1\/3&#8243;][vc_empty_space height=&#8221;64px&#8221;][vc_single_image image=&#8221;12286&#8243; img_size=&#8221;large&#8221; alignment=&#8221;center&#8221; style=&#8221;xtd-shadow&#8211;normal-light&#8221;][\/vc_column][\/vc_row][vc_row el_class=&#8221;margin_top_0 padding_top_0&#8243;][vc_column][vc_separator][vc_empty_space][vc_single_image image=&#8221;11856&#8243; img_size=&#8221;large&#8221; alignment=&#8221;center&#8221; style=&#8221;xtd-shadow&#8211;normal-light&#8221; onclick=&#8221;img_link_large&#8221; img_link_target=&#8221;_blank&#8221;][\/vc_column][\/vc_row]\n<\/div>","protected":false},"excerpt":{"rendered":"<p>[vc_row el_class=&#8221;margin_bottom_0 padding_bottom_0&#8243;][vc_column width=&#8221;2\/3&#8243; el_class=&#8221;margin_bottom_0 padding_bottom_0&#8243;][vc_column_text] A f\u00e1radhatatlans\u00e1gnak nincsen tov\u00e1bbja Elhangzott \u00c9gerh\u00e1zi Imre temet\u00e9s\u00e9n Cseri G\u00e9za polg\u00e1rmesternekrol\u00f3gja 2001. november 14-\u00e9n tragikus k\u00f6r\u00fclm\u00e9nyek k\u00f6z\u00f6tt, k\u00f6z\u00fati baleset k\u00f6vetkezt\u00e9ben, 76 \u00e9ves kor\u00e1ban elhunyt \u00c9gerh\u00e1zi Imre fest\u0151m\u0171v\u00e9sz. Ez a hivatalos, megd\u00f6bbent\u0151 r\u00f6vid h\u00edr, amit a m\u00e9dia \u00e9s a gy\u00e1szjelent\u00e9s k\u00f6z\u00f6lt. A k\u00f6zs\u00e9gh\u00e1za z\u00e1szl\u00f3tart\u00f3j\u00e1ban fekete z\u00e1szl\u00f3 lobog. A \u201eHortob\u00e1gy\u00e9rt D\u00edj\u201d egyik kit\u00fcntetettje hunyt el. Az [&hellip;]<\/p>\n","protected":false},"author":4,"featured_media":11856,"parent":10535,"menu_order":0,"comment_status":"closed","ping_status":"closed","template":"","meta":{"footnotes":""},"categories":[219],"tags":[208],"class_list":["post-12255","page","type-page","status-publish","has-post-thumbnail","hentry","category-irasok_egerhazi_imrerol","tag-208"],"yoast_head":"<!-- This site is optimized with the Yoast SEO plugin v27.3 - https:\/\/yoast.com\/product\/yoast-seo-wordpress\/ -->\n<title>A f\u00e1radhatatlans\u00e1gnak nincsen tov\u00e1bbja, Cseri G\u00e9za polg\u00e1rmester nekrol\u00f3gja, 2001 - \u00c9gerh\u00e1zi Imre<\/title>\n<meta name=\"robots\" content=\"index, follow, max-snippet:-1, max-image-preview:large, max-video-preview:-1\" \/>\n<link rel=\"canonical\" href=\"https:\/\/egerhaziimre.hu\/index.php\/eletrajz\/irasok-egerhazi-imrerol\/a-faradhatatlansagnak-nincsen-tovabbja-cseri-geza-polgarmester-nekrologja-2001\/?lang=en\" \/>\n<meta property=\"og:locale\" content=\"hu_HU\" \/>\n<meta property=\"og:type\" content=\"article\" \/>\n<meta property=\"og:title\" content=\"A f\u00e1radhatatlans\u00e1gnak nincsen tov\u00e1bbja, Cseri G\u00e9za polg\u00e1rmester nekrol\u00f3gja, 2001 - \u00c9gerh\u00e1zi Imre\" \/>\n<meta property=\"og:description\" content=\"[vc_row el_class=&#8221;margin_bottom_0 padding_bottom_0&#8243;][vc_column width=&#8221;2\/3&#8243; el_class=&#8221;margin_bottom_0 padding_bottom_0&#8243;][vc_column_text] A f\u00e1radhatatlans\u00e1gnak nincsen tov\u00e1bbja Elhangzott \u00c9gerh\u00e1zi Imre temet\u00e9s\u00e9n Cseri G\u00e9za polg\u00e1rmesternekrol\u00f3gja 2001. november 14-\u00e9n tragikus k\u00f6r\u00fclm\u00e9nyek k\u00f6z\u00f6tt, k\u00f6z\u00fati baleset k\u00f6vetkezt\u00e9ben, 76 \u00e9ves kor\u00e1ban elhunyt \u00c9gerh\u00e1zi Imre fest\u0151m\u0171v\u00e9sz. Ez a hivatalos, megd\u00f6bbent\u0151 r\u00f6vid h\u00edr, amit a m\u00e9dia \u00e9s a gy\u00e1szjelent\u00e9s k\u00f6z\u00f6lt. A k\u00f6zs\u00e9gh\u00e1za z\u00e1szl\u00f3tart\u00f3j\u00e1ban fekete z\u00e1szl\u00f3 lobog. A \u201eHortob\u00e1gy\u00e9rt D\u00edj\u201d egyik kit\u00fcntetettje hunyt el. Az [&hellip;]\" \/>\n<meta property=\"og:url\" content=\"https:\/\/egerhaziimre.hu\/index.php\/eletrajz\/irasok-egerhazi-imrerol\/a-faradhatatlansagnak-nincsen-tovabbja-cseri-geza-polgarmester-nekrologja-2001\/?lang=en\" \/>\n<meta property=\"og:site_name\" content=\"\u00c9gerh\u00e1zi Imre\" \/>\n<meta property=\"article:modified_time\" content=\"2021-05-05T13:43:05+00:00\" \/>\n<meta property=\"og:image\" content=\"https:\/\/egerhaziimre.hu\/wp-content\/uploads\/kepek\/2437.jpg\" \/>\n\t<meta property=\"og:image:width\" content=\"2000\" \/>\n\t<meta property=\"og:image:height\" content=\"1342\" \/>\n\t<meta property=\"og:image:type\" content=\"image\/jpeg\" \/>\n<meta name=\"twitter:card\" content=\"summary_large_image\" \/>\n<meta name=\"twitter:image\" content=\"https:\/\/egerhaziimre.hu\/wp-content\/uploads\/kepek\/2437.jpg\" \/>\n<meta name=\"twitter:label1\" content=\"Becs\u00fclt olvas\u00e1si id\u0151\" \/>\n\t<meta name=\"twitter:data1\" content=\"2 perc\" \/>\n<script type=\"application\/ld+json\" class=\"yoast-schema-graph\">{\"@context\":\"https:\\\/\\\/schema.org\",\"@graph\":[{\"@type\":\"WebPage\",\"@id\":\"https:\\\/\\\/egerhaziimre.hu\\\/index.php\\\/eletrajz\\\/irasok-egerhazi-imrerol\\\/a-faradhatatlansagnak-nincsen-tovabbja-cseri-geza-polgarmester-nekrologja-2001\\\/?lang=en\",\"url\":\"https:\\\/\\\/egerhaziimre.hu\\\/index.php\\\/eletrajz\\\/irasok-egerhazi-imrerol\\\/a-faradhatatlansagnak-nincsen-tovabbja-cseri-geza-polgarmester-nekrologja-2001\\\/?lang=en\",\"name\":\"A f\u00e1radhatatlans\u00e1gnak nincsen tov\u00e1bbja, Cseri G\u00e9za polg\u00e1rmester nekrol\u00f3gja, 2001 - \u00c9gerh\u00e1zi Imre\",\"isPartOf\":{\"@id\":\"https:\\\/\\\/egerhaziimre.hu\\\/#website\"},\"primaryImageOfPage\":{\"@id\":\"https:\\\/\\\/egerhaziimre.hu\\\/index.php\\\/eletrajz\\\/irasok-egerhazi-imrerol\\\/a-faradhatatlansagnak-nincsen-tovabbja-cseri-geza-polgarmester-nekrologja-2001\\\/?lang=en#primaryimage\"},\"image\":{\"@id\":\"https:\\\/\\\/egerhaziimre.hu\\\/index.php\\\/eletrajz\\\/irasok-egerhazi-imrerol\\\/a-faradhatatlansagnak-nincsen-tovabbja-cseri-geza-polgarmester-nekrologja-2001\\\/?lang=en#primaryimage\"},\"thumbnailUrl\":\"https:\\\/\\\/egerhaziimre.hu\\\/wp-content\\\/uploads\\\/kepek\\\/2437.jpg\",\"datePublished\":\"2021-05-05T13:29:16+00:00\",\"dateModified\":\"2021-05-05T13:43:05+00:00\",\"breadcrumb\":{\"@id\":\"https:\\\/\\\/egerhaziimre.hu\\\/index.php\\\/eletrajz\\\/irasok-egerhazi-imrerol\\\/a-faradhatatlansagnak-nincsen-tovabbja-cseri-geza-polgarmester-nekrologja-2001\\\/?lang=en#breadcrumb\"},\"inLanguage\":\"hu\",\"potentialAction\":[{\"@type\":\"ReadAction\",\"target\":[\"https:\\\/\\\/egerhaziimre.hu\\\/index.php\\\/eletrajz\\\/irasok-egerhazi-imrerol\\\/a-faradhatatlansagnak-nincsen-tovabbja-cseri-geza-polgarmester-nekrologja-2001\\\/?lang=en\"]}]},{\"@type\":\"ImageObject\",\"inLanguage\":\"hu\",\"@id\":\"https:\\\/\\\/egerhaziimre.hu\\\/index.php\\\/eletrajz\\\/irasok-egerhazi-imrerol\\\/a-faradhatatlansagnak-nincsen-tovabbja-cseri-geza-polgarmester-nekrologja-2001\\\/?lang=en#primaryimage\",\"url\":\"https:\\\/\\\/egerhaziimre.hu\\\/wp-content\\\/uploads\\\/kepek\\\/2437.jpg\",\"contentUrl\":\"https:\\\/\\\/egerhaziimre.hu\\\/wp-content\\\/uploads\\\/kepek\\\/2437.jpg\",\"width\":2000,\"height\":1342,\"caption\":\"Cseri G\u00e9za polg\u00e1rmester nekrol\u00f3gja, 2001.\"},{\"@type\":\"BreadcrumbList\",\"@id\":\"https:\\\/\\\/egerhaziimre.hu\\\/index.php\\\/eletrajz\\\/irasok-egerhazi-imrerol\\\/a-faradhatatlansagnak-nincsen-tovabbja-cseri-geza-polgarmester-nekrologja-2001\\\/?lang=en#breadcrumb\",\"itemListElement\":[{\"@type\":\"ListItem\",\"position\":1,\"name\":\"Home\",\"item\":\"https:\\\/\\\/egerhaziimre.hu\\\/\"},{\"@type\":\"ListItem\",\"position\":2,\"name\":\"\u00c9letrajz\",\"item\":\"https:\\\/\\\/egerhaziimre.hu\\\/index.php\\\/eletrajz\\\/\"},{\"@type\":\"ListItem\",\"position\":3,\"name\":\"Writings about Imre \u00c9gerh\u00e1zi\",\"item\":\"https:\\\/\\\/egerhaziimre.hu\\\/index.php\\\/eletrajz\\\/irasok-egerhazi-imrerol\\\/?lang=en\"},{\"@type\":\"ListItem\",\"position\":4,\"name\":\"THERE IS NOTHING AFTER STRENUOUSNESS, G\u00c9ZA CSERI&#8217;s obituary, 2001\"}]},{\"@type\":\"WebSite\",\"@id\":\"https:\\\/\\\/egerhaziimre.hu\\\/#website\",\"url\":\"https:\\\/\\\/egerhaziimre.hu\\\/\",\"name\":\"\u00c9gerh\u00e1zi Imre\",\"description\":\"\",\"potentialAction\":[{\"@type\":\"SearchAction\",\"target\":{\"@type\":\"EntryPoint\",\"urlTemplate\":\"https:\\\/\\\/egerhaziimre.hu\\\/?s={search_term_string}\"},\"query-input\":{\"@type\":\"PropertyValueSpecification\",\"valueRequired\":true,\"valueName\":\"search_term_string\"}}],\"inLanguage\":\"hu\"}]}<\/script>\n<!-- \/ Yoast SEO plugin. -->","yoast_head_json":{"title":"A f\u00e1radhatatlans\u00e1gnak nincsen tov\u00e1bbja, Cseri G\u00e9za polg\u00e1rmester nekrol\u00f3gja, 2001 - \u00c9gerh\u00e1zi Imre","robots":{"index":"index","follow":"follow","max-snippet":"max-snippet:-1","max-image-preview":"max-image-preview:large","max-video-preview":"max-video-preview:-1"},"canonical":"https:\/\/egerhaziimre.hu\/index.php\/eletrajz\/irasok-egerhazi-imrerol\/a-faradhatatlansagnak-nincsen-tovabbja-cseri-geza-polgarmester-nekrologja-2001\/?lang=en","og_locale":"hu_HU","og_type":"article","og_title":"A f\u00e1radhatatlans\u00e1gnak nincsen tov\u00e1bbja, Cseri G\u00e9za polg\u00e1rmester nekrol\u00f3gja, 2001 - \u00c9gerh\u00e1zi Imre","og_description":"[vc_row el_class=&#8221;margin_bottom_0 padding_bottom_0&#8243;][vc_column width=&#8221;2\/3&#8243; el_class=&#8221;margin_bottom_0 padding_bottom_0&#8243;][vc_column_text] A f\u00e1radhatatlans\u00e1gnak nincsen tov\u00e1bbja Elhangzott \u00c9gerh\u00e1zi Imre temet\u00e9s\u00e9n Cseri G\u00e9za polg\u00e1rmesternekrol\u00f3gja 2001. november 14-\u00e9n tragikus k\u00f6r\u00fclm\u00e9nyek k\u00f6z\u00f6tt, k\u00f6z\u00fati baleset k\u00f6vetkezt\u00e9ben, 76 \u00e9ves kor\u00e1ban elhunyt \u00c9gerh\u00e1zi Imre fest\u0151m\u0171v\u00e9sz. Ez a hivatalos, megd\u00f6bbent\u0151 r\u00f6vid h\u00edr, amit a m\u00e9dia \u00e9s a gy\u00e1szjelent\u00e9s k\u00f6z\u00f6lt. A k\u00f6zs\u00e9gh\u00e1za z\u00e1szl\u00f3tart\u00f3j\u00e1ban fekete z\u00e1szl\u00f3 lobog. A \u201eHortob\u00e1gy\u00e9rt D\u00edj\u201d egyik kit\u00fcntetettje hunyt el. Az [&hellip;]","og_url":"https:\/\/egerhaziimre.hu\/index.php\/eletrajz\/irasok-egerhazi-imrerol\/a-faradhatatlansagnak-nincsen-tovabbja-cseri-geza-polgarmester-nekrologja-2001\/?lang=en","og_site_name":"\u00c9gerh\u00e1zi Imre","article_modified_time":"2021-05-05T13:43:05+00:00","og_image":[{"width":2000,"height":1342,"url":"https:\/\/egerhaziimre.hu\/wp-content\/uploads\/kepek\/2437.jpg","type":"image\/jpeg"}],"twitter_card":"summary_large_image","twitter_image":"https:\/\/egerhaziimre.hu\/wp-content\/uploads\/kepek\/2437.jpg","twitter_misc":{"Becs\u00fclt olvas\u00e1si id\u0151":"2 perc"},"schema":{"@context":"https:\/\/schema.org","@graph":[{"@type":"WebPage","@id":"https:\/\/egerhaziimre.hu\/index.php\/eletrajz\/irasok-egerhazi-imrerol\/a-faradhatatlansagnak-nincsen-tovabbja-cseri-geza-polgarmester-nekrologja-2001\/?lang=en","url":"https:\/\/egerhaziimre.hu\/index.php\/eletrajz\/irasok-egerhazi-imrerol\/a-faradhatatlansagnak-nincsen-tovabbja-cseri-geza-polgarmester-nekrologja-2001\/?lang=en","name":"A f\u00e1radhatatlans\u00e1gnak nincsen tov\u00e1bbja, Cseri G\u00e9za polg\u00e1rmester nekrol\u00f3gja, 2001 - \u00c9gerh\u00e1zi Imre","isPartOf":{"@id":"https:\/\/egerhaziimre.hu\/#website"},"primaryImageOfPage":{"@id":"https:\/\/egerhaziimre.hu\/index.php\/eletrajz\/irasok-egerhazi-imrerol\/a-faradhatatlansagnak-nincsen-tovabbja-cseri-geza-polgarmester-nekrologja-2001\/?lang=en#primaryimage"},"image":{"@id":"https:\/\/egerhaziimre.hu\/index.php\/eletrajz\/irasok-egerhazi-imrerol\/a-faradhatatlansagnak-nincsen-tovabbja-cseri-geza-polgarmester-nekrologja-2001\/?lang=en#primaryimage"},"thumbnailUrl":"https:\/\/egerhaziimre.hu\/wp-content\/uploads\/kepek\/2437.jpg","datePublished":"2021-05-05T13:29:16+00:00","dateModified":"2021-05-05T13:43:05+00:00","breadcrumb":{"@id":"https:\/\/egerhaziimre.hu\/index.php\/eletrajz\/irasok-egerhazi-imrerol\/a-faradhatatlansagnak-nincsen-tovabbja-cseri-geza-polgarmester-nekrologja-2001\/?lang=en#breadcrumb"},"inLanguage":"hu","potentialAction":[{"@type":"ReadAction","target":["https:\/\/egerhaziimre.hu\/index.php\/eletrajz\/irasok-egerhazi-imrerol\/a-faradhatatlansagnak-nincsen-tovabbja-cseri-geza-polgarmester-nekrologja-2001\/?lang=en"]}]},{"@type":"ImageObject","inLanguage":"hu","@id":"https:\/\/egerhaziimre.hu\/index.php\/eletrajz\/irasok-egerhazi-imrerol\/a-faradhatatlansagnak-nincsen-tovabbja-cseri-geza-polgarmester-nekrologja-2001\/?lang=en#primaryimage","url":"https:\/\/egerhaziimre.hu\/wp-content\/uploads\/kepek\/2437.jpg","contentUrl":"https:\/\/egerhaziimre.hu\/wp-content\/uploads\/kepek\/2437.jpg","width":2000,"height":1342,"caption":"Cseri G\u00e9za polg\u00e1rmester nekrol\u00f3gja, 2001."},{"@type":"BreadcrumbList","@id":"https:\/\/egerhaziimre.hu\/index.php\/eletrajz\/irasok-egerhazi-imrerol\/a-faradhatatlansagnak-nincsen-tovabbja-cseri-geza-polgarmester-nekrologja-2001\/?lang=en#breadcrumb","itemListElement":[{"@type":"ListItem","position":1,"name":"Home","item":"https:\/\/egerhaziimre.hu\/"},{"@type":"ListItem","position":2,"name":"\u00c9letrajz","item":"https:\/\/egerhaziimre.hu\/index.php\/eletrajz\/"},{"@type":"ListItem","position":3,"name":"Writings about Imre \u00c9gerh\u00e1zi","item":"https:\/\/egerhaziimre.hu\/index.php\/eletrajz\/irasok-egerhazi-imrerol\/?lang=en"},{"@type":"ListItem","position":4,"name":"THERE IS NOTHING AFTER STRENUOUSNESS, G\u00c9ZA CSERI&#8217;s obituary, 2001"}]},{"@type":"WebSite","@id":"https:\/\/egerhaziimre.hu\/#website","url":"https:\/\/egerhaziimre.hu\/","name":"\u00c9gerh\u00e1zi Imre","description":"","potentialAction":[{"@type":"SearchAction","target":{"@type":"EntryPoint","urlTemplate":"https:\/\/egerhaziimre.hu\/?s={search_term_string}"},"query-input":{"@type":"PropertyValueSpecification","valueRequired":true,"valueName":"search_term_string"}}],"inLanguage":"hu"}]}},"jetpack_sharing_enabled":true,"_links":{"self":[{"href":"https:\/\/egerhaziimre.hu\/index.php\/wp-json\/wp\/v2\/pages\/12255","targetHints":{"allow":["GET"]}}],"collection":[{"href":"https:\/\/egerhaziimre.hu\/index.php\/wp-json\/wp\/v2\/pages"}],"about":[{"href":"https:\/\/egerhaziimre.hu\/index.php\/wp-json\/wp\/v2\/types\/page"}],"author":[{"embeddable":true,"href":"https:\/\/egerhaziimre.hu\/index.php\/wp-json\/wp\/v2\/users\/4"}],"replies":[{"embeddable":true,"href":"https:\/\/egerhaziimre.hu\/index.php\/wp-json\/wp\/v2\/comments?post=12255"}],"version-history":[{"count":10,"href":"https:\/\/egerhaziimre.hu\/index.php\/wp-json\/wp\/v2\/pages\/12255\/revisions"}],"predecessor-version":[{"id":12301,"href":"https:\/\/egerhaziimre.hu\/index.php\/wp-json\/wp\/v2\/pages\/12255\/revisions\/12301"}],"up":[{"embeddable":true,"href":"https:\/\/egerhaziimre.hu\/index.php\/wp-json\/wp\/v2\/pages\/10535"}],"wp:featuredmedia":[{"embeddable":true,"href":"https:\/\/egerhaziimre.hu\/index.php\/wp-json\/wp\/v2\/media\/11856"}],"wp:attachment":[{"href":"https:\/\/egerhaziimre.hu\/index.php\/wp-json\/wp\/v2\/media?parent=12255"}],"wp:term":[{"taxonomy":"category","embeddable":true,"href":"https:\/\/egerhaziimre.hu\/index.php\/wp-json\/wp\/v2\/categories?post=12255"},{"taxonomy":"post_tag","embeddable":true,"href":"https:\/\/egerhaziimre.hu\/index.php\/wp-json\/wp\/v2\/tags?post=12255"}],"curies":[{"name":"wp","href":"https:\/\/api.w.org\/{rel}","templated":true}]}}