{"id":1230,"date":"2019-08-07T14:33:44","date_gmt":"2019-08-07T12:33:44","guid":{"rendered":"http:\/\/egerhaziimre.magex.hu\/?page_id=1230"},"modified":"2020-09-22T15:33:20","modified_gmt":"2020-09-22T13:33:20","slug":"dubrinics-ukrajna","status":"publish","type":"page","link":"https:\/\/egerhaziimre.hu\/index.php\/eletrajz\/muveszeti-szervezo-tevekenyseg\/dubrinics-ukrajna\/","title":{"rendered":"Dubrinics &#8211; Bercs\u00e9nyifalva, Ukrajna"},"content":{"rendered":"<div class=\"wpb-content-wrapper\">[vc_row][vc_column][vc_column_text]\r\n<figure id=\"attachment_4005\" aria-describedby=\"caption-attachment-4005\" style=\"width: 660px\" class=\"wp-caption alignnone\"><img loading=\"lazy\" decoding=\"async\" class=\"size-large wp-image-4005\" src=\"http:\/\/egerhaziimre.magex.hu\/wp-content\/uploads\/kepek\/159-1008x1024.jpg\" alt=\"\" width=\"660\" height=\"670\" srcset=\"https:\/\/egerhaziimre.hu\/wp-content\/uploads\/kepek\/159-1008x1024.jpg 1008w, https:\/\/egerhaziimre.hu\/wp-content\/uploads\/kepek\/159-295x300.jpg 295w, https:\/\/egerhaziimre.hu\/wp-content\/uploads\/kepek\/159-768x780.jpg 768w, https:\/\/egerhaziimre.hu\/wp-content\/uploads\/kepek\/159-1511x1536.jpg 1511w, https:\/\/egerhaziimre.hu\/wp-content\/uploads\/kepek\/159.jpg 1968w\" sizes=\"auto, (max-width: 660px) 100vw, 660px\" \/><figcaption id=\"caption-attachment-4005\" class=\"wp-caption-text\">A foly\u00f3n t\u00fal Zaricsev\u00f3ban T\u00e1ncolnak a kazlak<\/figcaption><\/figure>\r\n<figure id=\"attachment_2772\" aria-describedby=\"caption-attachment-2772\" style=\"width: 660px\" class=\"wp-caption alignnone\"><img loading=\"lazy\" decoding=\"async\" class=\"size-large wp-image-2772\" src=\"http:\/\/egerhaziimre.magex.hu\/wp-content\/uploads\/kepek\/518-1024x827.jpg\" alt=\"Gy\u00fclekeznek a kazlak\" width=\"660\" height=\"533\" srcset=\"https:\/\/egerhaziimre.hu\/wp-content\/uploads\/kepek\/518-1024x827.jpg 1024w, https:\/\/egerhaziimre.hu\/wp-content\/uploads\/kepek\/518-750x606.jpg 750w, https:\/\/egerhaziimre.hu\/wp-content\/uploads\/kepek\/518-600x485.jpg 600w, https:\/\/egerhaziimre.hu\/wp-content\/uploads\/kepek\/518-300x242.jpg 300w, https:\/\/egerhaziimre.hu\/wp-content\/uploads\/kepek\/518-768x621.jpg 768w, https:\/\/egerhaziimre.hu\/wp-content\/uploads\/kepek\/518.jpg 2000w\" sizes=\"auto, (max-width: 660px) 100vw, 660px\" \/><figcaption id=\"caption-attachment-2772\" class=\"wp-caption-text\">Gy\u00fclekeznek a kazlakolaj, farost, 80&#215;100<br \/>1992<\/figcaption><\/figure>\r\n<p><img loading=\"lazy\" decoding=\"async\" class=\"alignnone size-full wp-image-7403\" src=\"http:\/\/egerhaziimre.magex.hu\/wp-content\/uploads\/kepek\/2133.jpg\" alt=\"\" width=\"600\" height=\"391\" srcset=\"https:\/\/egerhaziimre.hu\/wp-content\/uploads\/kepek\/2133.jpg 600w, https:\/\/egerhaziimre.hu\/wp-content\/uploads\/kepek\/2133-300x196.jpg 300w\" sizes=\"auto, (max-width: 600px) 100vw, 600px\" \/><\/p>\r\n<figure id=\"attachment_3971\" aria-describedby=\"caption-attachment-3971\" style=\"width: 700px\" class=\"wp-caption alignnone\"><img loading=\"lazy\" decoding=\"async\" class=\"size-full wp-image-3971\" src=\"http:\/\/egerhaziimre.magex.hu\/wp-content\/uploads\/kepek\/146_2.jpg\" alt=\"\" width=\"700\" height=\"512\" srcset=\"https:\/\/egerhaziimre.hu\/wp-content\/uploads\/kepek\/146_2.jpg 700w, https:\/\/egerhaziimre.hu\/wp-content\/uploads\/kepek\/146_2-300x219.jpg 300w\" sizes=\"auto, (max-width: 700px) 100vw, 700px\" \/><figcaption id=\"caption-attachment-3971\" class=\"wp-caption-text\">\u0150sz a K\u00e1rp\u00e1tokban<br \/>olaj, farost, 60&#215;80<br \/>1990<\/figcaption><\/figure>\r\n<figure id=\"attachment_1637\" aria-describedby=\"caption-attachment-1637\" style=\"width: 660px\" class=\"wp-caption alignnone\"><img loading=\"lazy\" decoding=\"async\" class=\"size-large wp-image-1637\" src=\"http:\/\/egerhaziimre.magex.hu\/wp-content\/uploads\/kepek\/908-1024x874.jpg\" alt=\"Alkony Verhovin\u00e1ban\" width=\"660\" height=\"563\" srcset=\"https:\/\/egerhaziimre.hu\/wp-content\/uploads\/kepek\/908-1024x874.jpg 1024w, https:\/\/egerhaziimre.hu\/wp-content\/uploads\/kepek\/908-750x640.jpg 750w, https:\/\/egerhaziimre.hu\/wp-content\/uploads\/kepek\/908-600x512.jpg 600w, https:\/\/egerhaziimre.hu\/wp-content\/uploads\/kepek\/908-300x256.jpg 300w, https:\/\/egerhaziimre.hu\/wp-content\/uploads\/kepek\/908-768x655.jpg 768w, https:\/\/egerhaziimre.hu\/wp-content\/uploads\/kepek\/908.jpg 2000w\" sizes=\"auto, (max-width: 660px) 100vw, 660px\" \/><figcaption id=\"caption-attachment-1637\" class=\"wp-caption-text\">Alkony Verhovin\u00e1ban<br \/>olaj, farost, 60&#215;70<br \/>1990<\/figcaption><\/figure>\r\n[\/vc_column_text][\/vc_column][\/vc_row][vc_row][vc_column][vc_separator][vc_btn title=&#8221;Vissza a list\u00e1ra&#8221; shape=&#8221;square&#8221; color=&#8221;orange&#8221; link=&#8221;url:http%3A%2F%2Fegerhaziimre.hu%2Findex.php%2Feletrajz%2Fmuveszeti-szervezo-tevekenyseg%2F|title:%5B%3Ahu%5DM%C5%B1v%C3%A9szeti%20szervez%C5%91%20tev%C3%A9kenys%C3%A9g%5B%3Aen%5DOrganizing%20in%20art%5B%3A%5D&#8221;][\/vc_column][\/vc_row]<\/div>","protected":false},"excerpt":{"rendered":"<p>[vc_row][vc_column][vc_column_text] [\/vc_column_text][\/vc_column][\/vc_row][vc_row][vc_column][vc_separator][vc_btn title=&#8221;Vissza a list\u00e1ra&#8221; shape=&#8221;square&#8221; color=&#8221;orange&#8221; link=&#8221;url:http%3A%2F%2Fegerhaziimre.hu%2Findex.php%2Feletrajz%2Fmuveszeti-szervezo-tevekenyseg%2F|title:%5B%3Ahu%5DM%C5%B1v%C3%A9szeti%20szervez%C5%91%20tev%C3%A9kenys%C3%A9g%5B%3Aen%5DOrganizing%20in%20art%5B%3A%5D&#8221;][\/vc_column][\/vc_row]<\/p>\n","protected":false},"author":4,"featured_media":2772,"parent":24,"menu_order":0,"comment_status":"closed","ping_status":"closed","template":"","meta":{"footnotes":""},"categories":[11,102],"tags":[115,114,116],"class_list":["post-1230","page","type-page","status-publish","has-post-thumbnail","hentry","category-eletrajz","category-muvesztelep","tag-bercsenyifalva","tag-dubrinics","tag-ukrajna"],"yoast_head":"<!-- This site is optimized with the Yoast SEO plugin v27.0 - https:\/\/yoast.com\/product\/yoast-seo-wordpress\/ -->\n<title>Dubrinics - Bercs\u00e9nyifalva, Ukrajna - \u00c9gerh\u00e1zi Imre<\/title>\n<meta name=\"robots\" content=\"index, follow, max-snippet:-1, max-image-preview:large, max-video-preview:-1\" \/>\n<link rel=\"canonical\" href=\"https:\/\/egerhaziimre.hu\/index.php\/eletrajz\/muveszeti-szervezo-tevekenyseg\/dubrinics-ukrajna\/?lang=en\" \/>\n<meta property=\"og:locale\" content=\"hu_HU\" \/>\n<meta property=\"og:type\" content=\"article\" \/>\n<meta property=\"og:title\" content=\"Dubrinics - Bercs\u00e9nyifalva, Ukrajna - \u00c9gerh\u00e1zi Imre\" \/>\n<meta property=\"og:description\" content=\"[vc_row][vc_column][vc_column_text] [\/vc_column_text][\/vc_column][\/vc_row][vc_row][vc_column][vc_separator][vc_btn title=&#8221;Vissza a list\u00e1ra&#8221; shape=&#8221;square&#8221; color=&#8221;orange&#8221; link=&#8221;url:http%3A%2F%2Fegerhaziimre.hu%2Findex.php%2Feletrajz%2Fmuveszeti-szervezo-tevekenyseg%2F|title:%5B%3Ahu%5DM%C5%B1v%C3%A9szeti%20szervez%C5%91%20tev%C3%A9kenys%C3%A9g%5B%3Aen%5DOrganizing%20in%20art%5B%3A%5D&#8221;][\/vc_column][\/vc_row]\" \/>\n<meta property=\"og:url\" content=\"https:\/\/egerhaziimre.hu\/index.php\/eletrajz\/muveszeti-szervezo-tevekenyseg\/dubrinics-ukrajna\/?lang=en\" \/>\n<meta property=\"og:site_name\" content=\"\u00c9gerh\u00e1zi Imre\" \/>\n<meta property=\"article:modified_time\" content=\"2020-09-22T13:33:20+00:00\" \/>\n<meta property=\"og:image\" content=\"https:\/\/egerhaziimre.hu\/wp-content\/uploads\/kepek\/518.jpg\" \/>\n\t<meta property=\"og:image:width\" content=\"2000\" \/>\n\t<meta property=\"og:image:height\" content=\"1616\" \/>\n\t<meta property=\"og:image:type\" content=\"image\/jpeg\" \/>\n<meta name=\"twitter:card\" content=\"summary_large_image\" \/>\n<meta name=\"twitter:label1\" content=\"Becs\u00fclt olvas\u00e1si id\u0151\" \/>\n\t<meta name=\"twitter:data1\" content=\"1 perc\" \/>\n<script type=\"application\/ld+json\" class=\"yoast-schema-graph\">{\"@context\":\"https:\/\/schema.org\",\"@graph\":[{\"@type\":\"WebPage\",\"@id\":\"https:\/\/egerhaziimre.hu\/index.php\/eletrajz\/muveszeti-szervezo-tevekenyseg\/dubrinics-ukrajna\/?lang=en\",\"url\":\"https:\/\/egerhaziimre.hu\/index.php\/eletrajz\/muveszeti-szervezo-tevekenyseg\/dubrinics-ukrajna\/?lang=en\",\"name\":\"Dubrinics - Bercs\u00e9nyifalva, Ukrajna - \u00c9gerh\u00e1zi Imre\",\"isPartOf\":{\"@id\":\"https:\/\/egerhaziimre.hu\/#website\"},\"primaryImageOfPage\":{\"@id\":\"https:\/\/egerhaziimre.hu\/index.php\/eletrajz\/muveszeti-szervezo-tevekenyseg\/dubrinics-ukrajna\/?lang=en#primaryimage\"},\"image\":{\"@id\":\"https:\/\/egerhaziimre.hu\/index.php\/eletrajz\/muveszeti-szervezo-tevekenyseg\/dubrinics-ukrajna\/?lang=en#primaryimage\"},\"thumbnailUrl\":\"https:\/\/egerhaziimre.hu\/wp-content\/uploads\/kepek\/518.jpg\",\"datePublished\":\"2019-08-07T12:33:44+00:00\",\"dateModified\":\"2020-09-22T13:33:20+00:00\",\"breadcrumb\":{\"@id\":\"https:\/\/egerhaziimre.hu\/index.php\/eletrajz\/muveszeti-szervezo-tevekenyseg\/dubrinics-ukrajna\/?lang=en#breadcrumb\"},\"inLanguage\":\"hu\",\"potentialAction\":[{\"@type\":\"ReadAction\",\"target\":[\"https:\/\/egerhaziimre.hu\/index.php\/eletrajz\/muveszeti-szervezo-tevekenyseg\/dubrinics-ukrajna\/?lang=en\"]}]},{\"@type\":\"ImageObject\",\"inLanguage\":\"hu\",\"@id\":\"https:\/\/egerhaziimre.hu\/index.php\/eletrajz\/muveszeti-szervezo-tevekenyseg\/dubrinics-ukrajna\/?lang=en#primaryimage\",\"url\":\"https:\/\/egerhaziimre.hu\/wp-content\/uploads\/kepek\/518.jpg\",\"contentUrl\":\"https:\/\/egerhaziimre.hu\/wp-content\/uploads\/kepek\/518.jpg\",\"width\":2000,\"height\":1616,\"caption\":\"olaj, farost 80x100 1992\"},{\"@type\":\"BreadcrumbList\",\"@id\":\"https:\/\/egerhaziimre.hu\/index.php\/eletrajz\/muveszeti-szervezo-tevekenyseg\/dubrinics-ukrajna\/?lang=en#breadcrumb\",\"itemListElement\":[{\"@type\":\"ListItem\",\"position\":1,\"name\":\"Home\",\"item\":\"https:\/\/egerhaziimre.hu\/\"},{\"@type\":\"ListItem\",\"position\":2,\"name\":\"\u00c9letrajz\",\"item\":\"https:\/\/egerhaziimre.hu\/index.php\/eletrajz\/\"},{\"@type\":\"ListItem\",\"position\":3,\"name\":\"Organizing in art\",\"item\":\"https:\/\/egerhaziimre.hu\/index.php\/eletrajz\/muveszeti-szervezo-tevekenyseg\/?lang=en\"},{\"@type\":\"ListItem\",\"position\":4,\"name\":\"Dubrinics, Ukraine\"}]},{\"@type\":\"WebSite\",\"@id\":\"https:\/\/egerhaziimre.hu\/#website\",\"url\":\"https:\/\/egerhaziimre.hu\/\",\"name\":\"\u00c9gerh\u00e1zi Imre\",\"description\":\"\",\"potentialAction\":[{\"@type\":\"SearchAction\",\"target\":{\"@type\":\"EntryPoint\",\"urlTemplate\":\"https:\/\/egerhaziimre.hu\/?s={search_term_string}\"},\"query-input\":{\"@type\":\"PropertyValueSpecification\",\"valueRequired\":true,\"valueName\":\"search_term_string\"}}],\"inLanguage\":\"hu\"}]}<\/script>\n<!-- \/ Yoast SEO plugin. -->","yoast_head_json":{"title":"Dubrinics - Bercs\u00e9nyifalva, Ukrajna - \u00c9gerh\u00e1zi Imre","robots":{"index":"index","follow":"follow","max-snippet":"max-snippet:-1","max-image-preview":"max-image-preview:large","max-video-preview":"max-video-preview:-1"},"canonical":"https:\/\/egerhaziimre.hu\/index.php\/eletrajz\/muveszeti-szervezo-tevekenyseg\/dubrinics-ukrajna\/?lang=en","og_locale":"hu_HU","og_type":"article","og_title":"Dubrinics - Bercs\u00e9nyifalva, Ukrajna - \u00c9gerh\u00e1zi Imre","og_description":"[vc_row][vc_column][vc_column_text] [\/vc_column_text][\/vc_column][\/vc_row][vc_row][vc_column][vc_separator][vc_btn title=&#8221;Vissza a list\u00e1ra&#8221; shape=&#8221;square&#8221; color=&#8221;orange&#8221; link=&#8221;url:http%3A%2F%2Fegerhaziimre.hu%2Findex.php%2Feletrajz%2Fmuveszeti-szervezo-tevekenyseg%2F|title:%5B%3Ahu%5DM%C5%B1v%C3%A9szeti%20szervez%C5%91%20tev%C3%A9kenys%C3%A9g%5B%3Aen%5DOrganizing%20in%20art%5B%3A%5D&#8221;][\/vc_column][\/vc_row]","og_url":"https:\/\/egerhaziimre.hu\/index.php\/eletrajz\/muveszeti-szervezo-tevekenyseg\/dubrinics-ukrajna\/?lang=en","og_site_name":"\u00c9gerh\u00e1zi Imre","article_modified_time":"2020-09-22T13:33:20+00:00","og_image":[{"width":2000,"height":1616,"url":"https:\/\/egerhaziimre.hu\/wp-content\/uploads\/kepek\/518.jpg","type":"image\/jpeg"}],"twitter_card":"summary_large_image","twitter_misc":{"Becs\u00fclt olvas\u00e1si id\u0151":"1 perc"},"schema":{"@context":"https:\/\/schema.org","@graph":[{"@type":"WebPage","@id":"https:\/\/egerhaziimre.hu\/index.php\/eletrajz\/muveszeti-szervezo-tevekenyseg\/dubrinics-ukrajna\/?lang=en","url":"https:\/\/egerhaziimre.hu\/index.php\/eletrajz\/muveszeti-szervezo-tevekenyseg\/dubrinics-ukrajna\/?lang=en","name":"Dubrinics - Bercs\u00e9nyifalva, Ukrajna - \u00c9gerh\u00e1zi Imre","isPartOf":{"@id":"https:\/\/egerhaziimre.hu\/#website"},"primaryImageOfPage":{"@id":"https:\/\/egerhaziimre.hu\/index.php\/eletrajz\/muveszeti-szervezo-tevekenyseg\/dubrinics-ukrajna\/?lang=en#primaryimage"},"image":{"@id":"https:\/\/egerhaziimre.hu\/index.php\/eletrajz\/muveszeti-szervezo-tevekenyseg\/dubrinics-ukrajna\/?lang=en#primaryimage"},"thumbnailUrl":"https:\/\/egerhaziimre.hu\/wp-content\/uploads\/kepek\/518.jpg","datePublished":"2019-08-07T12:33:44+00:00","dateModified":"2020-09-22T13:33:20+00:00","breadcrumb":{"@id":"https:\/\/egerhaziimre.hu\/index.php\/eletrajz\/muveszeti-szervezo-tevekenyseg\/dubrinics-ukrajna\/?lang=en#breadcrumb"},"inLanguage":"hu","potentialAction":[{"@type":"ReadAction","target":["https:\/\/egerhaziimre.hu\/index.php\/eletrajz\/muveszeti-szervezo-tevekenyseg\/dubrinics-ukrajna\/?lang=en"]}]},{"@type":"ImageObject","inLanguage":"hu","@id":"https:\/\/egerhaziimre.hu\/index.php\/eletrajz\/muveszeti-szervezo-tevekenyseg\/dubrinics-ukrajna\/?lang=en#primaryimage","url":"https:\/\/egerhaziimre.hu\/wp-content\/uploads\/kepek\/518.jpg","contentUrl":"https:\/\/egerhaziimre.hu\/wp-content\/uploads\/kepek\/518.jpg","width":2000,"height":1616,"caption":"olaj, farost 80x100 1992"},{"@type":"BreadcrumbList","@id":"https:\/\/egerhaziimre.hu\/index.php\/eletrajz\/muveszeti-szervezo-tevekenyseg\/dubrinics-ukrajna\/?lang=en#breadcrumb","itemListElement":[{"@type":"ListItem","position":1,"name":"Home","item":"https:\/\/egerhaziimre.hu\/"},{"@type":"ListItem","position":2,"name":"\u00c9letrajz","item":"https:\/\/egerhaziimre.hu\/index.php\/eletrajz\/"},{"@type":"ListItem","position":3,"name":"Organizing in art","item":"https:\/\/egerhaziimre.hu\/index.php\/eletrajz\/muveszeti-szervezo-tevekenyseg\/?lang=en"},{"@type":"ListItem","position":4,"name":"Dubrinics, Ukraine"}]},{"@type":"WebSite","@id":"https:\/\/egerhaziimre.hu\/#website","url":"https:\/\/egerhaziimre.hu\/","name":"\u00c9gerh\u00e1zi Imre","description":"","potentialAction":[{"@type":"SearchAction","target":{"@type":"EntryPoint","urlTemplate":"https:\/\/egerhaziimre.hu\/?s={search_term_string}"},"query-input":{"@type":"PropertyValueSpecification","valueRequired":true,"valueName":"search_term_string"}}],"inLanguage":"hu"}]}},"jetpack_sharing_enabled":true,"_links":{"self":[{"href":"https:\/\/egerhaziimre.hu\/index.php\/wp-json\/wp\/v2\/pages\/1230","targetHints":{"allow":["GET"]}}],"collection":[{"href":"https:\/\/egerhaziimre.hu\/index.php\/wp-json\/wp\/v2\/pages"}],"about":[{"href":"https:\/\/egerhaziimre.hu\/index.php\/wp-json\/wp\/v2\/types\/page"}],"author":[{"embeddable":true,"href":"https:\/\/egerhaziimre.hu\/index.php\/wp-json\/wp\/v2\/users\/4"}],"replies":[{"embeddable":true,"href":"https:\/\/egerhaziimre.hu\/index.php\/wp-json\/wp\/v2\/comments?post=1230"}],"version-history":[{"count":9,"href":"https:\/\/egerhaziimre.hu\/index.php\/wp-json\/wp\/v2\/pages\/1230\/revisions"}],"predecessor-version":[{"id":9926,"href":"https:\/\/egerhaziimre.hu\/index.php\/wp-json\/wp\/v2\/pages\/1230\/revisions\/9926"}],"up":[{"embeddable":true,"href":"https:\/\/egerhaziimre.hu\/index.php\/wp-json\/wp\/v2\/pages\/24"}],"wp:featuredmedia":[{"embeddable":true,"href":"https:\/\/egerhaziimre.hu\/index.php\/wp-json\/wp\/v2\/media\/2772"}],"wp:attachment":[{"href":"https:\/\/egerhaziimre.hu\/index.php\/wp-json\/wp\/v2\/media?parent=1230"}],"wp:term":[{"taxonomy":"category","embeddable":true,"href":"https:\/\/egerhaziimre.hu\/index.php\/wp-json\/wp\/v2\/categories?post=1230"},{"taxonomy":"post_tag","embeddable":true,"href":"https:\/\/egerhaziimre.hu\/index.php\/wp-json\/wp\/v2\/tags?post=1230"}],"curies":[{"name":"wp","href":"https:\/\/api.w.org\/{rel}","templated":true}]}}