{"id":1239,"date":"2019-08-07T14:45:44","date_gmt":"2019-08-07T12:45:44","guid":{"rendered":"http:\/\/egerhaziimre.magex.hu\/?page_id=1239"},"modified":"2020-09-29T16:55:04","modified_gmt":"2020-09-29T14:55:04","slug":"lublin-lengyelorszag","status":"publish","type":"page","link":"https:\/\/egerhaziimre.hu\/index.php\/eletrajz\/muveszeti-szervezo-tevekenyseg\/lublin-lengyelorszag\/","title":{"rendered":"Lublin, Lengyelorsz\u00e1g"},"content":{"rendered":"<div class=\"wpb-content-wrapper\">[vc_row el_class=&#8221;padding_botton_0 margin_bottom_0&#8243;][vc_column][vc_row_inner][vc_column_inner][vc_single_image image=&#8221;2212&#8243; img_size=&#8221;large&#8221; alignment=&#8221;center&#8221; style=&#8221;xtd-shadow&#8211;normal-light&#8221; onclick=&#8221;link_image&#8221;][vc_column_text]\n<p class=\"card-title z-card-title\" style=\"text-align: center;\"><strong>Lublin I.<\/strong><br \/>\nmonot\u00edpia, pap\u00edr, 68&#215;81<br \/>\n1980<\/p>\n[\/vc_column_text][\/vc_column_inner][\/vc_row_inner][vc_empty_space][vc_row_inner][vc_column_inner width=&#8221;1\/2&#8243;][vc_single_image image=&#8221;2838&#8243; img_size=&#8221;large&#8221; alignment=&#8221;center&#8221; style=&#8221;xtd-shadow&#8211;normal-light&#8221; onclick=&#8221;link_image&#8221;][vc_column_text]\n<p class=\"card-title z-card-title\" style=\"text-align: center;\"><strong>Lublin II.<\/strong><br \/>\nmonot\u00edpia, pap\u00edr, 67&#215;49<br \/>\n1980<\/p>\n[\/vc_column_text][\/vc_column_inner][vc_column_inner width=&#8221;1\/2&#8243;][vc_single_image image=&#8221;2015&#8243; img_size=&#8221;large&#8221; alignment=&#8221;center&#8221; style=&#8221;xtd-shadow&#8211;normal-light&#8221; onclick=&#8221;link_image&#8221;][vc_column_text]\n<p class=\"card-title z-card-title\" style=\"text-align: center;\"><strong>Lublin 3.<\/strong><br \/>\nmonot\u00edpia, pap\u00edr, 70&#215;50<br \/>\n1980<\/p>\n[\/vc_column_text][\/vc_column_inner][\/vc_row_inner][vc_empty_space][vc_row_inner][vc_column_inner width=&#8221;1\/2&#8243;][vc_single_image image=&#8221;1889&#8243; img_size=&#8221;large&#8221; alignment=&#8221;center&#8221; style=&#8221;xtd-shadow&#8211;normal-light&#8221; onclick=&#8221;link_image&#8221;][vc_column_text]\n<p class=\"card-title z-card-title\" style=\"text-align: center;\"><strong>Lublin III.<\/strong><br \/>\nmonot\u00edpia, pap\u00edr, 67&#215;48<br \/>\n1980<\/p>\n[\/vc_column_text][\/vc_column_inner][vc_column_inner width=&#8221;1\/2&#8243;][vc_single_image image=&#8221;5476&#8243; img_size=&#8221;large&#8221; alignment=&#8221;center&#8221; style=&#8221;xtd-shadow&#8211;normal-light&#8221; onclick=&#8221;link_image&#8221;][vc_column_text]\n<p class=\"card-title z-card-title\" style=\"text-align: center;\"><strong>Lublini t\u00e1j<\/strong><br \/>\nmonot\u00edpia, pap\u00edr, 60&#215;40<br \/>\n1980<\/p>\n[\/vc_column_text][\/vc_column_inner][\/vc_row_inner][vc_separator el_class=&#8221;margin_bottom_0 padding_bottom_0&#8243;][\/vc_column][\/vc_row][vc_row el_class=&#8221;margin_top_0 padding_top_0 margin_bottom_0 padding_bottom_0&#8243;][vc_column][vc_column_text]\n<h6>\u00c9gerh\u00e1zi Imre Fest\u0151m\u0171v\u00e9sz Ki\u00e1ll\u00edt\u00e1sa, Le\u010dzna \u00c9s Lublin (Lengyelorsz\u00e1g), 1998. J\u00fanius 02.<\/h6>\n[\/vc_column_text][vc_media_grid style=&#8221;pagination&#8221; items_per_page=&#8221;8&#8243; element_width=&#8221;3&#8243; gap=&#8221;30&#8243; arrows_design=&#8221;vc_arrow-icon-arrow_01_left&#8221; arrows_color=&#8221;black&#8221; paging_design=&#8221;pagination_square&#8221; paging_color=&#8221;black&#8221; loop=&#8221;yes&#8221; grid_id=&#8221;vc_gid:1601387610734-9513e2da-f968-4&#8243; include=&#8221;638,637,636,635,634,633,632,631,630,629,628,627,626,625,624,623,622,621,620,619&#8243;][vc_column_text]<a href=\"https:\/\/egerhaziimre.hu\/index.php\/leczna-es-lublin-lengyelorszag\/\" target=\"_blank\" rel=\"noopener noreferrer\"><strong>Tov\u00e1bb a ki\u00e1ll\u00edt\u00e1s oldal\u00e1ra \u00bb<\/strong><\/a>[\/vc_column_text][\/vc_column][\/vc_row][vc_row el_class=&#8221;margin_top_0 padding_top_0 margin_bottom_0 padding_bottom_0&#8243;][vc_column][vc_separator][vc_row_inner][vc_column_inner width=&#8221;2\/3&#8243;][vc_column_text]\n<h6>\u00c9gerh\u00e1zi-k\u00e9pek Lengyelhonban<\/h6>\n<p>(Cikk az 1998. j\u00fanius 3-\u00e1n megjelent Hajd\u00fa-Bihari Napl\u00f3b\u00f3l)<\/p>\n<p>Leczna (HBN) \u2013 A lengyel telep\u00fcl\u00e9s \u00e9s Hajd\u00fahadh\u00e1z testv\u00e9rv\u00e1rosi egy\u00fcttm\u0171k\u00f6d\u00e9s\u00e9nek jegy\u00e9ben, a j\u00fanius 1-j\u00e9n kezd\u0151d\u00f6tt \u00e9s 7-ig tart\u00f3 Lecznai-napokon \u00c9gerh\u00e1zi Imre Debrecenben \u00e9l\u0151 s hajd\u00fahadh\u00e1zi alkot\u00f3h\u00e1z\u00e1ban dolgoz\u00f3 fest\u0151m\u0171v\u00e9sz harminck\u00e9t munk\u00e1j\u00e1t mutatj\u00e1k be. A lengyelorsz\u00e1gi t\u00e1rlatot a helyi polg\u00e1rmester k\u00f6sz\u00f6nt\u0151je ut\u00e1n B\u00e9res L\u00e1szl\u00f3, Hajd\u00fahadh\u00e1z polg\u00e1rmestere nyitotta meg. A k\u00e9peket j\u00fanius folyam\u00e1n Lublinban, Debrecen testv\u00e9rv\u00e1ros\u00e1ban is bemutatj\u00e1k.[\/vc_column_text][\/vc_column_inner][vc_column_inner width=&#8221;1\/3&#8243;][vc_single_image image=&#8221;641&#8243; img_size=&#8221;large&#8221; alignment=&#8221;center&#8221; style=&#8221;xtd-shadow&#8211;normal-light&#8221; onclick=&#8221;link_image&#8221;][\/vc_column_inner][\/vc_row_inner][vc_separator][vc_row_inner][vc_column_inner width=&#8221;2\/3&#8243;][vc_column_text]\n<h6>Leczn\u00e1ban is megid\u00e9zte a r\u00f3n\u00e1t<\/h6>\n<p>(Cikk az 1998. j\u00fanius 23-\u00e1n megjelent Hajd\u00fa-Bihari Napl\u00f3b\u00f3l)<\/p>\n<p>Hortob\u00e1gy (HBN \u2013 A. L.) \u2013 A Hortob\u00e1gy a fogadott sz\u00fcl\u0151f\u00f6ldje \u00c9gerh\u00e1zi Imre fest\u0151m\u0171v\u00e9sznek. A telep\u00fcl\u00e9s faluh\u00e1z\u00e1ban ny\u00edlt gy\u0171jtem\u00e9nyes t\u00e1rlat\u00e1n az olajk\u00e9pek k\u00f6z\u00f6s von\u00e1sa: valamennyinek a puszta az ihletforr\u00e1sa.<\/p>\n<p>A 73. \u00e9let\u00e9v\u00e9v\u00e9ben j\u00e1r\u00f3 alkot\u00f3t arr\u00f3l k\u00e9rdeztem a helysz\u00ednen: milyen szerepet t\u00f6lt be \u00e9let\u00e9ben \u00e9s p\u00e1ly\u00e1j\u00e1n a r\u00f3nas\u00e1g?<\/p>\n<p>\u2013 A puszt\u00e1t 35 \u00e9ve ismerem meg m\u00e9lyebben, amikor a Hajd\u00fas\u00e1gi Nemzetk\u00f6zi M\u0171v\u00e9sztelep alap\u00edt\u00f3tagjak\u00e9nt kolleg\u00e1immal heteken \u00e1t festett\u00fcnk itt. A Hortob\u00e1gyi Alkot\u00f3t\u00e1bor kurzusai sor\u00e1n pedig a ny\u00e1ri ut\u00e1n a t\u00e9li r\u00f3nas\u00e1g is \u00e9lm\u00e9nyemm\u00e9 v\u00e1lt. Annyira megszeretettem ezt a t\u00e1jat, hogy a m\u0171v\u00e9sztelepi alkot\u00f3id\u0151n k\u00edv\u00fcl is gyakran j\u00f6v\u00f6k. Nem biztos, hogy ami itt a legnagyobb hat\u00e1st teszi az emberre, azt meg is tudja festeni. Vannak a puszt\u00e1nak fantasztikus t\u00fcnem\u00e9nyei \u2013 p\u00e9ld\u00e1ul a d\u00e9lib\u00e1b vagy az a jelens\u00e9g, amikor k\u00e9t nap van az \u00e9gen-, amelyeket nem lehet megfesteni. \u00c9lm\u00e9nynek persze, \u00f3ri\u00e1siak. Ann\u00e1l is nagyobbak, mint amikor r\u00e1csod\u00e1lkozom a puszta sz\u00ednes vir\u00e1gaira, kisz\u00e1radt f\u00fcveire, a t\u00e1volban feh\u00e9rl\u0151 h\u00e1zaira, az itt-ott ny\u00fajt\u00f3z\u00f3 sz\u00e1mad\u00f3f\u00e1kra, guly\u00e1sf\u00e1kra. A m\u0171v\u00e9sz sz\u00e1m\u00e1ra itt a legnagyobb kih\u00edv\u00e1s a t\u00e1j \u00e9s az ember megjelen\u00edt\u00e9se, absztrah\u00e1l\u00e1sa. A rendteremt\u00e9s pedig arra ir\u00e1nyul, hogy a k\u00e9pen egyens\u00faly legyen, a festm\u00e9ny nyugalmat sugalljon. \u00c9s \u00e9rz\u00e9st, ami fakadhat a puszt\u00e1nak ak\u00e1r a sz\u00e9ps\u00e9g\u00e9b\u0151l, ak\u00e1r a dr\u00e1mai t\u00f6rt\u00e9n\u00e9seib\u0151l. Nagy \u00f6r\u00f6m\u00f6m volt, amikor legut\u00f3bb Leczn\u00e1ban, a hortob\u00e1gyi t\u00e1rgy\u00fa k\u00e9peim t\u00e1rlat\u00e1n a l\u00e1togat\u00f3k olyan szeretettel mondt\u00e1k: \u201d Hortob\u00e1gi, Hortob\u00e1gi!\u201d, hogy abb\u00f3l \u00e9rezni lehetett: azt az \u00e9lm\u00e9nyt, amit a \u2018\u201dnagy s\u00f6mmiben\u201d kapnak, \u00fajra \u00e9lt\u00e9k a k\u00e9peimet n\u00e9zve. \u00dagy \u00e9rzem, enn\u00e9l nagyobb elismer\u00e9s nem is kell egy alkot\u00f3nak.[\/vc_column_text][\/vc_column_inner][vc_column_inner width=&#8221;1\/3&#8243;][vc_single_image image=&#8221;8058&#8243; img_size=&#8221;large&#8221; alignment=&#8221;center&#8221; style=&#8221;xtd-shadow&#8211;normal-light&#8221; onclick=&#8221;link_image&#8221;][\/vc_column_inner][\/vc_row_inner][vc_separator][vc_row_inner el_class=&#8221;padding_botton_0 margin_bottom_0&#8243;][vc_column_inner][vc_column_text el_class=&#8221;margin_bottom_0 padding_bottom_0&#8243;]\n<h6>R\u00e9szlet \u00c9gerh\u00e1zi Imre Le\u010dzna (Lengyelorsz\u00e1g) v\u00e1rosban<\/h6>\n<p>1998. j\u00fanius 2-ai \u00f6n\u00e1ll\u00f3 ki\u00e1ll\u00edt\u00e1s\u00e1nak megnyit\u00f3 besz\u00e9d\u00e9b\u0151l.<\/p>\n<p>\u2026\u201dSut\u00e1nius: Arteem quaevis allit terra. Magyarra ford\u00edtva: a m\u0171v\u00e9szetet az eg\u00e9sz f\u00f6ld\u00f6n megbecs\u00fclik, vagy szabadon; a m\u0171v\u00e9sz haz\u00e1ja a nagyvil\u00e1g.<br \/>\n\u00c9gerh\u00e1zi Imre fest\u0151m\u0171v\u00e9sz 1960. \u00e9vi els\u0151 jelent\u0151sebb ki\u00e1ll\u00edt\u00e1sa (Debrecen) \u00f3ta nagy utat tett meg. A Hortob\u00e1gyi Alkot\u00f3t\u00e1bor vezet\u0151jek\u00e9nt Franciaorsz\u00e1gt\u00f3l \u2013 Jap\u00e1nig, Finnorsz\u00e1gt\u00f3l \u2013 Amerik\u00e1ig megismert\u00e9k eredeti karakter\u0171 m\u0171v\u00e9szet\u00e9t, melyre a kiegyens\u00falyozotts\u00e1g, a nyugalom \u00e9s az emberi hum\u00e1num a jellemz\u0151. Alkot\u00e1sai a sz\u00fcl\u0151f\u00f6ldh\u00f6z, a Hajd\u00fas\u00e1ghoz \u00e9s a leg\u0151sibb magyar eszmeis\u00e9g\u00e9t \u00e9s \u00e9rzelemvil\u00e1g\u00e1t t\u00fckr\u00f6zik. Nem csak a magyar kult\u00far\u00e1val \u00e9s t\u00f6rt\u00e9nelemmel azonosul teljes m\u00e9rt\u00e9kben (Hajd\u00fak I. 1987 \u00e9vben k\u00e9sz\u00fclt 600 x 185 cm, Hajd\u00fak II. 1993 \u00e9vben k\u00e9sz\u00fclt 275 x 410 cm-es pann\u00f3ja, \u00e9s Magyar mond\u00e1k, legend\u00e1k 1997-ben k\u00e9sz\u00fclt 207 x 265 cm-es pann\u00f3ja) hanem m\u00e1s nemzetek kult\u00far\u00e1j\u00e1t \u00e9s t\u00f6rt\u00e9nelm\u00e9t is kiv\u00e1l\u00f3an ismeri. Az ut\u00f3bbi \u00e9vek legnagyobb m\u00e9ret\u0171 (600 x 400 cm-es pann\u00f3ja) munk\u00e1j\u00e1t Franciaorsz\u00e1gban Vervins v\u00e1ros sz\u00e1m\u00e1ra k\u00e9sz\u00edtette, melyen az 1598-as francia-spanyol b\u00e9kek\u00f6t\u00e9st \u00f6r\u00f6k\u00edtette meg.<br \/>\nAz alkot\u00e1s a v\u00e1ros Kultur\u00e1lis K\u00f6zpontj\u00e1t \u00e9kes\u00edti.\u201d<br \/>\n\u2026\u201dMost pedig itt az \u00d6n\u00f6k v\u00e1ros\u00e1ban mutatkozik be a Testv\u00e9r-v\u00e1rosi Kapcsolat kultur\u00e1lis rendezv\u00e9ny\u00e9nek keret\u00e9ben 32 db. k\u00e9p\u00e9vel\u201d\u2026<\/p>\n<p style=\"text-align: left;\" align=\"right\">B\u00e9res L\u00e1szl\u00f3<\/p>\n[\/vc_column_text][\/vc_column_inner][\/vc_row_inner][\/vc_column][\/vc_row][vc_row][vc_column][vc_separator][vc_btn title=&#8221;Vissza a list\u00e1ra&#8221; shape=&#8221;square&#8221; color=&#8221;orange&#8221; link=&#8221;url:http%3A%2F%2Fegerhaziimre.hu%2Findex.php%2Feletrajz%2Fmuveszeti-szervezo-tevekenyseg%2F|title:%5B%3Ahu%5DM%C5%B1v%C3%A9szeti%20szervez%C5%91%20tev%C3%A9kenys%C3%A9g%5B%3Aen%5DOrganizing%20in%20art%5B%3A%5D&#8221;][\/vc_column][\/vc_row]\n<\/div>","protected":false},"excerpt":{"rendered":"<p>[vc_row el_class=&#8221;padding_botton_0 margin_bottom_0&#8243;][vc_column][vc_row_inner][vc_column_inner][vc_single_image image=&#8221;2212&#8243; img_size=&#8221;large&#8221; alignment=&#8221;center&#8221; style=&#8221;xtd-shadow&#8211;normal-light&#8221; onclick=&#8221;link_image&#8221;][vc_column_text] Lublin I. monot\u00edpia, pap\u00edr, 68&#215;81 1980 [\/vc_column_text][\/vc_column_inner][\/vc_row_inner][vc_empty_space][vc_row_inner][vc_column_inner width=&#8221;1\/2&#8243;][vc_single_image image=&#8221;2838&#8243; img_size=&#8221;large&#8221; alignment=&#8221;center&#8221; style=&#8221;xtd-shadow&#8211;normal-light&#8221; onclick=&#8221;link_image&#8221;][vc_column_text] Lublin II. monot\u00edpia, pap\u00edr, 67&#215;49 1980 [\/vc_column_text][\/vc_column_inner][vc_column_inner width=&#8221;1\/2&#8243;][vc_single_image image=&#8221;2015&#8243; img_size=&#8221;large&#8221; alignment=&#8221;center&#8221; style=&#8221;xtd-shadow&#8211;normal-light&#8221; onclick=&#8221;link_image&#8221;][vc_column_text] Lublin 3. monot\u00edpia, pap\u00edr, 70&#215;50 1980 [\/vc_column_text][\/vc_column_inner][\/vc_row_inner][vc_empty_space][vc_row_inner][vc_column_inner width=&#8221;1\/2&#8243;][vc_single_image image=&#8221;1889&#8243; img_size=&#8221;large&#8221; alignment=&#8221;center&#8221; style=&#8221;xtd-shadow&#8211;normal-light&#8221; onclick=&#8221;link_image&#8221;][vc_column_text] Lublin III. monot\u00edpia, pap\u00edr, 67&#215;48 1980 [\/vc_column_text][\/vc_column_inner][vc_column_inner width=&#8221;1\/2&#8243;][vc_single_image image=&#8221;5476&#8243; img_size=&#8221;large&#8221; alignment=&#8221;center&#8221; style=&#8221;xtd-shadow&#8211;normal-light&#8221; onclick=&#8221;link_image&#8221;][vc_column_text] [&hellip;]<\/p>\n","protected":false},"author":4,"featured_media":2838,"parent":24,"menu_order":0,"comment_status":"closed","ping_status":"closed","template":"","meta":{"footnotes":""},"categories":[11,102],"tags":[36,35],"class_list":["post-1239","page","type-page","status-publish","has-post-thumbnail","hentry","category-eletrajz","category-muvesztelep","tag-lengyelorszag","tag-lublin"],"yoast_head":"<!-- This site is optimized with the Yoast SEO plugin v27.0 - https:\/\/yoast.com\/product\/yoast-seo-wordpress\/ -->\n<title>Lublin, Lengyelorsz\u00e1g - \u00c9gerh\u00e1zi Imre<\/title>\n<meta name=\"robots\" content=\"index, follow, max-snippet:-1, max-image-preview:large, max-video-preview:-1\" \/>\n<link rel=\"canonical\" href=\"https:\/\/egerhaziimre.hu\/index.php\/eletrajz\/muveszeti-szervezo-tevekenyseg\/lublin-lengyelorszag\/?lang=en\" \/>\n<meta property=\"og:locale\" content=\"hu_HU\" \/>\n<meta property=\"og:type\" content=\"article\" \/>\n<meta property=\"og:title\" content=\"Lublin, Lengyelorsz\u00e1g - \u00c9gerh\u00e1zi Imre\" \/>\n<meta property=\"og:description\" content=\"[vc_row el_class=&#8221;padding_botton_0 margin_bottom_0&#8243;][vc_column][vc_row_inner][vc_column_inner][vc_single_image image=&#8221;2212&#8243; img_size=&#8221;large&#8221; alignment=&#8221;center&#8221; style=&#8221;xtd-shadow&#8211;normal-light&#8221; onclick=&#8221;link_image&#8221;][vc_column_text] Lublin I. monot\u00edpia, pap\u00edr, 68&#215;81 1980 [\/vc_column_text][\/vc_column_inner][\/vc_row_inner][vc_empty_space][vc_row_inner][vc_column_inner width=&#8221;1\/2&#8243;][vc_single_image image=&#8221;2838&#8243; img_size=&#8221;large&#8221; alignment=&#8221;center&#8221; style=&#8221;xtd-shadow&#8211;normal-light&#8221; onclick=&#8221;link_image&#8221;][vc_column_text] Lublin II. monot\u00edpia, pap\u00edr, 67&#215;49 1980 [\/vc_column_text][\/vc_column_inner][vc_column_inner width=&#8221;1\/2&#8243;][vc_single_image image=&#8221;2015&#8243; img_size=&#8221;large&#8221; alignment=&#8221;center&#8221; style=&#8221;xtd-shadow&#8211;normal-light&#8221; onclick=&#8221;link_image&#8221;][vc_column_text] Lublin 3. monot\u00edpia, pap\u00edr, 70&#215;50 1980 [\/vc_column_text][\/vc_column_inner][\/vc_row_inner][vc_empty_space][vc_row_inner][vc_column_inner width=&#8221;1\/2&#8243;][vc_single_image image=&#8221;1889&#8243; img_size=&#8221;large&#8221; alignment=&#8221;center&#8221; style=&#8221;xtd-shadow&#8211;normal-light&#8221; onclick=&#8221;link_image&#8221;][vc_column_text] Lublin III. monot\u00edpia, pap\u00edr, 67&#215;48 1980 [\/vc_column_text][\/vc_column_inner][vc_column_inner width=&#8221;1\/2&#8243;][vc_single_image image=&#8221;5476&#8243; img_size=&#8221;large&#8221; alignment=&#8221;center&#8221; style=&#8221;xtd-shadow&#8211;normal-light&#8221; onclick=&#8221;link_image&#8221;][vc_column_text] [&hellip;]\" \/>\n<meta property=\"og:url\" content=\"https:\/\/egerhaziimre.hu\/index.php\/eletrajz\/muveszeti-szervezo-tevekenyseg\/lublin-lengyelorszag\/?lang=en\" \/>\n<meta property=\"og:site_name\" content=\"\u00c9gerh\u00e1zi Imre\" \/>\n<meta property=\"article:modified_time\" content=\"2020-09-29T14:55:04+00:00\" \/>\n<meta property=\"og:image\" content=\"https:\/\/egerhaziimre.hu\/wp-content\/uploads\/kepek\/496.jpg\" \/>\n\t<meta property=\"og:image:width\" content=\"1470\" \/>\n\t<meta property=\"og:image:height\" content=\"2000\" \/>\n\t<meta property=\"og:image:type\" content=\"image\/jpeg\" \/>\n<meta name=\"twitter:card\" content=\"summary_large_image\" \/>\n<meta name=\"twitter:label1\" content=\"Becs\u00fclt olvas\u00e1si id\u0151\" \/>\n\t<meta name=\"twitter:data1\" content=\"13 perc\" \/>\n<script type=\"application\/ld+json\" class=\"yoast-schema-graph\">{\"@context\":\"https:\/\/schema.org\",\"@graph\":[{\"@type\":\"WebPage\",\"@id\":\"https:\/\/egerhaziimre.hu\/index.php\/eletrajz\/muveszeti-szervezo-tevekenyseg\/lublin-lengyelorszag\/?lang=en\",\"url\":\"https:\/\/egerhaziimre.hu\/index.php\/eletrajz\/muveszeti-szervezo-tevekenyseg\/lublin-lengyelorszag\/?lang=en\",\"name\":\"Lublin, Lengyelorsz\u00e1g - \u00c9gerh\u00e1zi Imre\",\"isPartOf\":{\"@id\":\"https:\/\/egerhaziimre.hu\/#website\"},\"primaryImageOfPage\":{\"@id\":\"https:\/\/egerhaziimre.hu\/index.php\/eletrajz\/muveszeti-szervezo-tevekenyseg\/lublin-lengyelorszag\/?lang=en#primaryimage\"},\"image\":{\"@id\":\"https:\/\/egerhaziimre.hu\/index.php\/eletrajz\/muveszeti-szervezo-tevekenyseg\/lublin-lengyelorszag\/?lang=en#primaryimage\"},\"thumbnailUrl\":\"https:\/\/egerhaziimre.hu\/wp-content\/uploads\/kepek\/496.jpg\",\"datePublished\":\"2019-08-07T12:45:44+00:00\",\"dateModified\":\"2020-09-29T14:55:04+00:00\",\"breadcrumb\":{\"@id\":\"https:\/\/egerhaziimre.hu\/index.php\/eletrajz\/muveszeti-szervezo-tevekenyseg\/lublin-lengyelorszag\/?lang=en#breadcrumb\"},\"inLanguage\":\"hu\",\"potentialAction\":[{\"@type\":\"ReadAction\",\"target\":[\"https:\/\/egerhaziimre.hu\/index.php\/eletrajz\/muveszeti-szervezo-tevekenyseg\/lublin-lengyelorszag\/?lang=en\"]}]},{\"@type\":\"ImageObject\",\"inLanguage\":\"hu\",\"@id\":\"https:\/\/egerhaziimre.hu\/index.php\/eletrajz\/muveszeti-szervezo-tevekenyseg\/lublin-lengyelorszag\/?lang=en#primaryimage\",\"url\":\"https:\/\/egerhaziimre.hu\/wp-content\/uploads\/kepek\/496.jpg\",\"contentUrl\":\"https:\/\/egerhaziimre.hu\/wp-content\/uploads\/kepek\/496.jpg\",\"width\":1470,\"height\":2000,\"caption\":\"monot\u00edpia, pap\u00edr 67x49 1980\"},{\"@type\":\"BreadcrumbList\",\"@id\":\"https:\/\/egerhaziimre.hu\/index.php\/eletrajz\/muveszeti-szervezo-tevekenyseg\/lublin-lengyelorszag\/?lang=en#breadcrumb\",\"itemListElement\":[{\"@type\":\"ListItem\",\"position\":1,\"name\":\"Home\",\"item\":\"https:\/\/egerhaziimre.hu\/\"},{\"@type\":\"ListItem\",\"position\":2,\"name\":\"\u00c9letrajz\",\"item\":\"https:\/\/egerhaziimre.hu\/index.php\/eletrajz\/\"},{\"@type\":\"ListItem\",\"position\":3,\"name\":\"Organizing in art\",\"item\":\"https:\/\/egerhaziimre.hu\/index.php\/eletrajz\/muveszeti-szervezo-tevekenyseg\/?lang=en\"},{\"@type\":\"ListItem\",\"position\":4,\"name\":\"Lublin, Poland\"}]},{\"@type\":\"WebSite\",\"@id\":\"https:\/\/egerhaziimre.hu\/#website\",\"url\":\"https:\/\/egerhaziimre.hu\/\",\"name\":\"\u00c9gerh\u00e1zi Imre\",\"description\":\"\",\"potentialAction\":[{\"@type\":\"SearchAction\",\"target\":{\"@type\":\"EntryPoint\",\"urlTemplate\":\"https:\/\/egerhaziimre.hu\/?s={search_term_string}\"},\"query-input\":{\"@type\":\"PropertyValueSpecification\",\"valueRequired\":true,\"valueName\":\"search_term_string\"}}],\"inLanguage\":\"hu\"}]}<\/script>\n<!-- \/ Yoast SEO plugin. -->","yoast_head_json":{"title":"Lublin, Lengyelorsz\u00e1g - \u00c9gerh\u00e1zi Imre","robots":{"index":"index","follow":"follow","max-snippet":"max-snippet:-1","max-image-preview":"max-image-preview:large","max-video-preview":"max-video-preview:-1"},"canonical":"https:\/\/egerhaziimre.hu\/index.php\/eletrajz\/muveszeti-szervezo-tevekenyseg\/lublin-lengyelorszag\/?lang=en","og_locale":"hu_HU","og_type":"article","og_title":"Lublin, Lengyelorsz\u00e1g - \u00c9gerh\u00e1zi Imre","og_description":"[vc_row el_class=&#8221;padding_botton_0 margin_bottom_0&#8243;][vc_column][vc_row_inner][vc_column_inner][vc_single_image image=&#8221;2212&#8243; img_size=&#8221;large&#8221; alignment=&#8221;center&#8221; style=&#8221;xtd-shadow&#8211;normal-light&#8221; onclick=&#8221;link_image&#8221;][vc_column_text] Lublin I. monot\u00edpia, pap\u00edr, 68&#215;81 1980 [\/vc_column_text][\/vc_column_inner][\/vc_row_inner][vc_empty_space][vc_row_inner][vc_column_inner width=&#8221;1\/2&#8243;][vc_single_image image=&#8221;2838&#8243; img_size=&#8221;large&#8221; alignment=&#8221;center&#8221; style=&#8221;xtd-shadow&#8211;normal-light&#8221; onclick=&#8221;link_image&#8221;][vc_column_text] Lublin II. monot\u00edpia, pap\u00edr, 67&#215;49 1980 [\/vc_column_text][\/vc_column_inner][vc_column_inner width=&#8221;1\/2&#8243;][vc_single_image image=&#8221;2015&#8243; img_size=&#8221;large&#8221; alignment=&#8221;center&#8221; style=&#8221;xtd-shadow&#8211;normal-light&#8221; onclick=&#8221;link_image&#8221;][vc_column_text] Lublin 3. monot\u00edpia, pap\u00edr, 70&#215;50 1980 [\/vc_column_text][\/vc_column_inner][\/vc_row_inner][vc_empty_space][vc_row_inner][vc_column_inner width=&#8221;1\/2&#8243;][vc_single_image image=&#8221;1889&#8243; img_size=&#8221;large&#8221; alignment=&#8221;center&#8221; style=&#8221;xtd-shadow&#8211;normal-light&#8221; onclick=&#8221;link_image&#8221;][vc_column_text] Lublin III. monot\u00edpia, pap\u00edr, 67&#215;48 1980 [\/vc_column_text][\/vc_column_inner][vc_column_inner width=&#8221;1\/2&#8243;][vc_single_image image=&#8221;5476&#8243; img_size=&#8221;large&#8221; alignment=&#8221;center&#8221; style=&#8221;xtd-shadow&#8211;normal-light&#8221; onclick=&#8221;link_image&#8221;][vc_column_text] [&hellip;]","og_url":"https:\/\/egerhaziimre.hu\/index.php\/eletrajz\/muveszeti-szervezo-tevekenyseg\/lublin-lengyelorszag\/?lang=en","og_site_name":"\u00c9gerh\u00e1zi Imre","article_modified_time":"2020-09-29T14:55:04+00:00","og_image":[{"width":1470,"height":2000,"url":"https:\/\/egerhaziimre.hu\/wp-content\/uploads\/kepek\/496.jpg","type":"image\/jpeg"}],"twitter_card":"summary_large_image","twitter_misc":{"Becs\u00fclt olvas\u00e1si id\u0151":"13 perc"},"schema":{"@context":"https:\/\/schema.org","@graph":[{"@type":"WebPage","@id":"https:\/\/egerhaziimre.hu\/index.php\/eletrajz\/muveszeti-szervezo-tevekenyseg\/lublin-lengyelorszag\/?lang=en","url":"https:\/\/egerhaziimre.hu\/index.php\/eletrajz\/muveszeti-szervezo-tevekenyseg\/lublin-lengyelorszag\/?lang=en","name":"Lublin, Lengyelorsz\u00e1g - \u00c9gerh\u00e1zi Imre","isPartOf":{"@id":"https:\/\/egerhaziimre.hu\/#website"},"primaryImageOfPage":{"@id":"https:\/\/egerhaziimre.hu\/index.php\/eletrajz\/muveszeti-szervezo-tevekenyseg\/lublin-lengyelorszag\/?lang=en#primaryimage"},"image":{"@id":"https:\/\/egerhaziimre.hu\/index.php\/eletrajz\/muveszeti-szervezo-tevekenyseg\/lublin-lengyelorszag\/?lang=en#primaryimage"},"thumbnailUrl":"https:\/\/egerhaziimre.hu\/wp-content\/uploads\/kepek\/496.jpg","datePublished":"2019-08-07T12:45:44+00:00","dateModified":"2020-09-29T14:55:04+00:00","breadcrumb":{"@id":"https:\/\/egerhaziimre.hu\/index.php\/eletrajz\/muveszeti-szervezo-tevekenyseg\/lublin-lengyelorszag\/?lang=en#breadcrumb"},"inLanguage":"hu","potentialAction":[{"@type":"ReadAction","target":["https:\/\/egerhaziimre.hu\/index.php\/eletrajz\/muveszeti-szervezo-tevekenyseg\/lublin-lengyelorszag\/?lang=en"]}]},{"@type":"ImageObject","inLanguage":"hu","@id":"https:\/\/egerhaziimre.hu\/index.php\/eletrajz\/muveszeti-szervezo-tevekenyseg\/lublin-lengyelorszag\/?lang=en#primaryimage","url":"https:\/\/egerhaziimre.hu\/wp-content\/uploads\/kepek\/496.jpg","contentUrl":"https:\/\/egerhaziimre.hu\/wp-content\/uploads\/kepek\/496.jpg","width":1470,"height":2000,"caption":"monot\u00edpia, pap\u00edr 67x49 1980"},{"@type":"BreadcrumbList","@id":"https:\/\/egerhaziimre.hu\/index.php\/eletrajz\/muveszeti-szervezo-tevekenyseg\/lublin-lengyelorszag\/?lang=en#breadcrumb","itemListElement":[{"@type":"ListItem","position":1,"name":"Home","item":"https:\/\/egerhaziimre.hu\/"},{"@type":"ListItem","position":2,"name":"\u00c9letrajz","item":"https:\/\/egerhaziimre.hu\/index.php\/eletrajz\/"},{"@type":"ListItem","position":3,"name":"Organizing in art","item":"https:\/\/egerhaziimre.hu\/index.php\/eletrajz\/muveszeti-szervezo-tevekenyseg\/?lang=en"},{"@type":"ListItem","position":4,"name":"Lublin, Poland"}]},{"@type":"WebSite","@id":"https:\/\/egerhaziimre.hu\/#website","url":"https:\/\/egerhaziimre.hu\/","name":"\u00c9gerh\u00e1zi Imre","description":"","potentialAction":[{"@type":"SearchAction","target":{"@type":"EntryPoint","urlTemplate":"https:\/\/egerhaziimre.hu\/?s={search_term_string}"},"query-input":{"@type":"PropertyValueSpecification","valueRequired":true,"valueName":"search_term_string"}}],"inLanguage":"hu"}]}},"jetpack_sharing_enabled":true,"_links":{"self":[{"href":"https:\/\/egerhaziimre.hu\/index.php\/wp-json\/wp\/v2\/pages\/1239","targetHints":{"allow":["GET"]}}],"collection":[{"href":"https:\/\/egerhaziimre.hu\/index.php\/wp-json\/wp\/v2\/pages"}],"about":[{"href":"https:\/\/egerhaziimre.hu\/index.php\/wp-json\/wp\/v2\/types\/page"}],"author":[{"embeddable":true,"href":"https:\/\/egerhaziimre.hu\/index.php\/wp-json\/wp\/v2\/users\/4"}],"replies":[{"embeddable":true,"href":"https:\/\/egerhaziimre.hu\/index.php\/wp-json\/wp\/v2\/comments?post=1239"}],"version-history":[{"count":41,"href":"https:\/\/egerhaziimre.hu\/index.php\/wp-json\/wp\/v2\/pages\/1239\/revisions"}],"predecessor-version":[{"id":10190,"href":"https:\/\/egerhaziimre.hu\/index.php\/wp-json\/wp\/v2\/pages\/1239\/revisions\/10190"}],"up":[{"embeddable":true,"href":"https:\/\/egerhaziimre.hu\/index.php\/wp-json\/wp\/v2\/pages\/24"}],"wp:featuredmedia":[{"embeddable":true,"href":"https:\/\/egerhaziimre.hu\/index.php\/wp-json\/wp\/v2\/media\/2838"}],"wp:attachment":[{"href":"https:\/\/egerhaziimre.hu\/index.php\/wp-json\/wp\/v2\/media?parent=1239"}],"wp:term":[{"taxonomy":"category","embeddable":true,"href":"https:\/\/egerhaziimre.hu\/index.php\/wp-json\/wp\/v2\/categories?post=1239"},{"taxonomy":"post_tag","embeddable":true,"href":"https:\/\/egerhaziimre.hu\/index.php\/wp-json\/wp\/v2\/tags?post=1239"}],"curies":[{"name":"wp","href":"https:\/\/api.w.org\/{rel}","templated":true}]}}