{"id":12465,"date":"2021-06-15T10:24:12","date_gmt":"2021-06-15T08:24:12","guid":{"rendered":"https:\/\/egerhaziimre.hu\/?page_id=12465"},"modified":"2021-06-16T14:23:22","modified_gmt":"2021-06-16T12:23:22","slug":"egerhazi-imre-festmenyire-komponalt-dallamok-csendultek-fel","status":"publish","type":"page","link":"https:\/\/egerhaziimre.hu\/index.php\/egerhazi-imre-festmenyire-komponalt-dallamok-csendultek-fel\/","title":{"rendered":"\u00c9gerh\u00e1zi Imre festm\u00e9nyeire kompon\u00e1lt dallamok csend\u00fcltek fel a Djabe Csodaszarvas turn\u00e9j\u00e1n"},"content":{"rendered":"<div class=\"wpb-content-wrapper\">[vc_row el_class=&#8221;margin_bottom_0 padding_bottom_0&#8243;][vc_column width=&#8221;1\/2&#8243;][vc_column_text]\n<h6>2021. j\u00fanius<\/h6>\n[\/vc_column_text][vc_column_text]N\u00e9gy v\u00e1rost \u00e9rintett a Djabe \u2013 The Magic Stag, azaz Csodaszarvas turn\u00e9ja j\u00fanius els\u0151 het\u00e9ben. A lez\u00e1r\u00e1sok ut\u00e1n val\u00f3sz\u00edn\u0171leg a Djabe volt az els\u0151 zenekar, aki orsz\u00e1gos turn\u00e9ra indult. Gy\u0151rben, Debrecenben, Miskolcon \u00e9s Budapesten mutatt\u00e1k be \u00faj albumuk anyag\u00e1t, melyet teljes eg\u00e9sz\u00e9ben \u00c9gerh\u00e1zi Imre festm\u00e9nyeinek szenteltek. Ak\u00e1rcsak a 2003-as T\u00e1ncolnak a kazlak eset\u00e9ben, itt is az egy festm\u00e9ny \u2013 egy kompoz\u00edci\u00f3, szerkeszt\u00e9si elvet k\u00f6vett\u00e9k a szerz\u0151k, Barab\u00e1s Tam\u00e1s \u00e9s \u00c9gerh\u00e1zi Attila. A c\u00edmad\u00f3 dal koncepci\u00f3j\u00e1t \u00e9s sz\u00f6veg\u00e9t Steve Hackett \u00e9s feles\u00e9ge Jo Hackett tal\u00e1lt\u00e1k ki. Azt is el\u00e1rult\u00e1k, amikor elk\u00fcldt\u00e9k \u00c9gerh\u00e1zi Attil\u00e1nak a sz\u00f6veget, hogy \u00c9gerh\u00e1zi Imre \u2013 Magyar mond\u00e1k, legend\u00e1k c\u00edm\u0171 pann\u00f3ja ihlette \u0151ket \u00edr\u00e1s k\u00f6zben.<\/p>\n<p>A zenekar a koncert k\u00f6zben a h\u00e1tt\u00e9rben kivet\u00edtette a festm\u00e9nyeket, hogy a n\u00e9z\u0151k min\u00e9l komplexebb koncert \u00e9lm\u00e9nyben r\u00e9szes\u00fclhessenek. A budapesti koncerthez p\u00e1r percre Steve Hackett is csatlakozott londoni otthon\u00e1b\u00f3l, \u00e9s mes\u00e9lt a meg\u00edr\u00e1s k\u00f6r\u00fclm\u00e9nyeir\u0151l, majd p\u00e1t percet j\u00e1tszott is akusztikus git\u00e1ron a publikumnak.<br \/>\nA koncert sorozat nagy k\u00f6z\u00f6ns\u00e9gsikert hozott a zenekarnak.[\/vc_column_text][vc_separator][vc_column_text]<strong>A bemutat\u00f3n az al\u00e1bbi \u00f6ssze\u00e1ll\u00edt\u00e1sban szerepelt a zenekar:<\/strong><br \/>\nBarab\u00e1s Tam\u00e1s &#8211; basszusgit\u00e1r<br \/>\n\u00c9gerh\u00e1zi Attila &#8211; git\u00e1r, \u00fct\u0151hangszerek<br \/>\nKo\u00f3s-Hut\u00e1s \u00c1ron &#8211; sz\u00e1rnyk\u00fcrt, trombita<br \/>\nNagy J\u00e1nos \u2013 billenty\u0171s hangszerek<br \/>\nKasz\u00e1s P\u00e9ter &#8211; dobok, \u00e9nek<\/p>\n<p><strong>Vend\u00e9gzen\u00e9szek:<\/strong><br \/>\nMuck Ferenc &#8211; szaxofon<br \/>\nSzab\u00f3 L\u00e1szl\u00f3 &#8211; szit\u00e1r, git\u00e1r<br \/>\nKarvaly Tibor &#8211; heged\u0171[\/vc_column_text][\/vc_column][vc_column width=&#8221;1\/2&#8243;][vc_single_image image=&#8221;12525&#8243; img_size=&#8221;large&#8221; alignment=&#8221;center&#8221; style=&#8221;xtd-shadow&#8211;normal-light&#8221; onclick=&#8221;link_image&#8221;][\/vc_column][\/vc_row][vc_row el_class=&#8221;margin_top_0 padding_top_0&#8243;][vc_column][vc_separator][vc_column_text]\n<h6>Fot\u00f3gal\u00e9ria<\/h6>\n[\/vc_column_text][vc_basic_grid post_type=&#8221;attachment&#8221; max_items=&#8221;-1&#8243; style=&#8221;lazy&#8221; items_per_page=&#8221;12&#8243; element_width=&#8221;3&#8243; item=&#8221;794&#8243; grid_id=&#8221;vc_gid:1623829023514-e9a3520c-b27b-3&#8243; taxonomies=&#8221;336&#8243;][\/vc_column][\/vc_row]\n<\/div>","protected":false},"excerpt":{"rendered":"<p>[vc_row el_class=&#8221;margin_bottom_0 padding_bottom_0&#8243;][vc_column width=&#8221;1\/2&#8243;][vc_column_text] 2021. j\u00fanius [\/vc_column_text][vc_column_text]N\u00e9gy v\u00e1rost \u00e9rintett a Djabe \u2013 The Magic Stag, azaz Csodaszarvas turn\u00e9ja j\u00fanius els\u0151 het\u00e9ben. A lez\u00e1r\u00e1sok ut\u00e1n val\u00f3sz\u00edn\u0171leg a Djabe volt az els\u0151 zenekar, aki orsz\u00e1gos turn\u00e9ra indult. Gy\u0151rben, Debrecenben, Miskolcon \u00e9s Budapesten mutatt\u00e1k be \u00faj albumuk anyag\u00e1t, melyet teljes eg\u00e9sz\u00e9ben \u00c9gerh\u00e1zi Imre festm\u00e9nyeinek szenteltek. Ak\u00e1rcsak a 2003-as T\u00e1ncolnak a kazlak eset\u00e9ben, itt [&hellip;]<\/p>\n","protected":false},"author":4,"featured_media":12534,"parent":0,"menu_order":0,"comment_status":"closed","ping_status":"closed","template":"","meta":{"footnotes":""},"categories":[14,13],"tags":[232],"class_list":["post-12465","page","type-page","status-publish","has-post-thumbnail","hentry","category-aktualitasok","category-hirek","tag-232"],"yoast_head":"<!-- This site is optimized with the Yoast SEO plugin v27.0 - https:\/\/yoast.com\/product\/yoast-seo-wordpress\/ -->\n<title>\u00c9gerh\u00e1zi Imre festm\u00e9nyeire kompon\u00e1lt dallamok csend\u00fcltek fel a Djabe Csodaszarvas turn\u00e9j\u00e1n - \u00c9gerh\u00e1zi Imre<\/title>\n<meta name=\"robots\" content=\"index, follow, max-snippet:-1, max-image-preview:large, max-video-preview:-1\" \/>\n<link rel=\"canonical\" href=\"https:\/\/egerhaziimre.hu\/index.php\/egerhazi-imre-festmenyire-komponalt-dallamok-csendultek-fel\/?lang=en\" \/>\n<meta property=\"og:locale\" content=\"hu_HU\" \/>\n<meta property=\"og:type\" content=\"article\" \/>\n<meta property=\"og:title\" content=\"\u00c9gerh\u00e1zi Imre festm\u00e9nyeire kompon\u00e1lt dallamok csend\u00fcltek fel a Djabe Csodaszarvas turn\u00e9j\u00e1n - \u00c9gerh\u00e1zi Imre\" \/>\n<meta property=\"og:description\" content=\"[vc_row el_class=&#8221;margin_bottom_0 padding_bottom_0&#8243;][vc_column width=&#8221;1\/2&#8243;][vc_column_text] 2021. j\u00fanius [\/vc_column_text][vc_column_text]N\u00e9gy v\u00e1rost \u00e9rintett a Djabe \u2013 The Magic Stag, azaz Csodaszarvas turn\u00e9ja j\u00fanius els\u0151 het\u00e9ben. A lez\u00e1r\u00e1sok ut\u00e1n val\u00f3sz\u00edn\u0171leg a Djabe volt az els\u0151 zenekar, aki orsz\u00e1gos turn\u00e9ra indult. Gy\u0151rben, Debrecenben, Miskolcon \u00e9s Budapesten mutatt\u00e1k be \u00faj albumuk anyag\u00e1t, melyet teljes eg\u00e9sz\u00e9ben \u00c9gerh\u00e1zi Imre festm\u00e9nyeinek szenteltek. Ak\u00e1rcsak a 2003-as T\u00e1ncolnak a kazlak eset\u00e9ben, itt [&hellip;]\" \/>\n<meta property=\"og:url\" content=\"https:\/\/egerhaziimre.hu\/index.php\/egerhazi-imre-festmenyire-komponalt-dallamok-csendultek-fel\/?lang=en\" \/>\n<meta property=\"og:site_name\" content=\"\u00c9gerh\u00e1zi Imre\" \/>\n<meta property=\"article:modified_time\" content=\"2021-06-16T12:23:22+00:00\" \/>\n<meta property=\"og:image\" content=\"https:\/\/egerhaziimre.hu\/wp-content\/uploads\/kepek\/2548.jpg\" \/>\n\t<meta property=\"og:image:width\" content=\"2000\" \/>\n\t<meta property=\"og:image:height\" content=\"1500\" \/>\n\t<meta property=\"og:image:type\" content=\"image\/jpeg\" \/>\n<meta name=\"twitter:card\" content=\"summary_large_image\" \/>\n<meta name=\"twitter:image\" content=\"https:\/\/egerhaziimre.hu\/wp-content\/uploads\/kepek\/2548.jpg\" \/>\n<meta name=\"twitter:label1\" content=\"Becs\u00fclt olvas\u00e1si id\u0151\" \/>\n\t<meta name=\"twitter:data1\" content=\"1 perc\" \/>\n<script type=\"application\/ld+json\" class=\"yoast-schema-graph\">{\"@context\":\"https:\/\/schema.org\",\"@graph\":[{\"@type\":\"WebPage\",\"@id\":\"https:\/\/egerhaziimre.hu\/index.php\/egerhazi-imre-festmenyire-komponalt-dallamok-csendultek-fel\/?lang=en\",\"url\":\"https:\/\/egerhaziimre.hu\/index.php\/egerhazi-imre-festmenyire-komponalt-dallamok-csendultek-fel\/?lang=en\",\"name\":\"\u00c9gerh\u00e1zi Imre festm\u00e9nyeire kompon\u00e1lt dallamok csend\u00fcltek fel a Djabe Csodaszarvas turn\u00e9j\u00e1n - \u00c9gerh\u00e1zi Imre\",\"isPartOf\":{\"@id\":\"https:\/\/egerhaziimre.hu\/#website\"},\"primaryImageOfPage\":{\"@id\":\"https:\/\/egerhaziimre.hu\/index.php\/egerhazi-imre-festmenyire-komponalt-dallamok-csendultek-fel\/?lang=en#primaryimage\"},\"image\":{\"@id\":\"https:\/\/egerhaziimre.hu\/index.php\/egerhazi-imre-festmenyire-komponalt-dallamok-csendultek-fel\/?lang=en#primaryimage\"},\"thumbnailUrl\":\"https:\/\/egerhaziimre.hu\/wp-content\/uploads\/kepek\/2548.jpg\",\"datePublished\":\"2021-06-15T08:24:12+00:00\",\"dateModified\":\"2021-06-16T12:23:22+00:00\",\"breadcrumb\":{\"@id\":\"https:\/\/egerhaziimre.hu\/index.php\/egerhazi-imre-festmenyire-komponalt-dallamok-csendultek-fel\/?lang=en#breadcrumb\"},\"inLanguage\":\"hu\",\"potentialAction\":[{\"@type\":\"ReadAction\",\"target\":[\"https:\/\/egerhaziimre.hu\/index.php\/egerhazi-imre-festmenyire-komponalt-dallamok-csendultek-fel\/?lang=en\"]}]},{\"@type\":\"ImageObject\",\"inLanguage\":\"hu\",\"@id\":\"https:\/\/egerhaziimre.hu\/index.php\/egerhazi-imre-festmenyire-komponalt-dallamok-csendultek-fel\/?lang=en#primaryimage\",\"url\":\"https:\/\/egerhaziimre.hu\/wp-content\/uploads\/kepek\/2548.jpg\",\"contentUrl\":\"https:\/\/egerhaziimre.hu\/wp-content\/uploads\/kepek\/2548.jpg\",\"width\":2000,\"height\":1500,\"caption\":\"Djabe - Magic Stag Tour 2021.06.\"},{\"@type\":\"BreadcrumbList\",\"@id\":\"https:\/\/egerhaziimre.hu\/index.php\/egerhazi-imre-festmenyire-komponalt-dallamok-csendultek-fel\/?lang=en#breadcrumb\",\"itemListElement\":[{\"@type\":\"ListItem\",\"position\":1,\"name\":\"Home\",\"item\":\"https:\/\/egerhaziimre.hu\/\"},{\"@type\":\"ListItem\",\"position\":2,\"name\":\"Djabe played melodies, inspired by Imre \u00c9gerh\u00e1zi\u2019s paintings, during The Magic Stag tour\"}]},{\"@type\":\"WebSite\",\"@id\":\"https:\/\/egerhaziimre.hu\/#website\",\"url\":\"https:\/\/egerhaziimre.hu\/\",\"name\":\"\u00c9gerh\u00e1zi Imre\",\"description\":\"\",\"potentialAction\":[{\"@type\":\"SearchAction\",\"target\":{\"@type\":\"EntryPoint\",\"urlTemplate\":\"https:\/\/egerhaziimre.hu\/?s={search_term_string}\"},\"query-input\":{\"@type\":\"PropertyValueSpecification\",\"valueRequired\":true,\"valueName\":\"search_term_string\"}}],\"inLanguage\":\"hu\"}]}<\/script>\n<!-- \/ Yoast SEO plugin. -->","yoast_head_json":{"title":"\u00c9gerh\u00e1zi Imre festm\u00e9nyeire kompon\u00e1lt dallamok csend\u00fcltek fel a Djabe Csodaszarvas turn\u00e9j\u00e1n - \u00c9gerh\u00e1zi Imre","robots":{"index":"index","follow":"follow","max-snippet":"max-snippet:-1","max-image-preview":"max-image-preview:large","max-video-preview":"max-video-preview:-1"},"canonical":"https:\/\/egerhaziimre.hu\/index.php\/egerhazi-imre-festmenyire-komponalt-dallamok-csendultek-fel\/?lang=en","og_locale":"hu_HU","og_type":"article","og_title":"\u00c9gerh\u00e1zi Imre festm\u00e9nyeire kompon\u00e1lt dallamok csend\u00fcltek fel a Djabe Csodaszarvas turn\u00e9j\u00e1n - \u00c9gerh\u00e1zi Imre","og_description":"[vc_row el_class=&#8221;margin_bottom_0 padding_bottom_0&#8243;][vc_column width=&#8221;1\/2&#8243;][vc_column_text] 2021. j\u00fanius [\/vc_column_text][vc_column_text]N\u00e9gy v\u00e1rost \u00e9rintett a Djabe \u2013 The Magic Stag, azaz Csodaszarvas turn\u00e9ja j\u00fanius els\u0151 het\u00e9ben. A lez\u00e1r\u00e1sok ut\u00e1n val\u00f3sz\u00edn\u0171leg a Djabe volt az els\u0151 zenekar, aki orsz\u00e1gos turn\u00e9ra indult. Gy\u0151rben, Debrecenben, Miskolcon \u00e9s Budapesten mutatt\u00e1k be \u00faj albumuk anyag\u00e1t, melyet teljes eg\u00e9sz\u00e9ben \u00c9gerh\u00e1zi Imre festm\u00e9nyeinek szenteltek. Ak\u00e1rcsak a 2003-as T\u00e1ncolnak a kazlak eset\u00e9ben, itt [&hellip;]","og_url":"https:\/\/egerhaziimre.hu\/index.php\/egerhazi-imre-festmenyire-komponalt-dallamok-csendultek-fel\/?lang=en","og_site_name":"\u00c9gerh\u00e1zi Imre","article_modified_time":"2021-06-16T12:23:22+00:00","og_image":[{"width":2000,"height":1500,"url":"https:\/\/egerhaziimre.hu\/wp-content\/uploads\/kepek\/2548.jpg","type":"image\/jpeg"}],"twitter_card":"summary_large_image","twitter_image":"https:\/\/egerhaziimre.hu\/wp-content\/uploads\/kepek\/2548.jpg","twitter_misc":{"Becs\u00fclt olvas\u00e1si id\u0151":"1 perc"},"schema":{"@context":"https:\/\/schema.org","@graph":[{"@type":"WebPage","@id":"https:\/\/egerhaziimre.hu\/index.php\/egerhazi-imre-festmenyire-komponalt-dallamok-csendultek-fel\/?lang=en","url":"https:\/\/egerhaziimre.hu\/index.php\/egerhazi-imre-festmenyire-komponalt-dallamok-csendultek-fel\/?lang=en","name":"\u00c9gerh\u00e1zi Imre festm\u00e9nyeire kompon\u00e1lt dallamok csend\u00fcltek fel a Djabe Csodaszarvas turn\u00e9j\u00e1n - \u00c9gerh\u00e1zi Imre","isPartOf":{"@id":"https:\/\/egerhaziimre.hu\/#website"},"primaryImageOfPage":{"@id":"https:\/\/egerhaziimre.hu\/index.php\/egerhazi-imre-festmenyire-komponalt-dallamok-csendultek-fel\/?lang=en#primaryimage"},"image":{"@id":"https:\/\/egerhaziimre.hu\/index.php\/egerhazi-imre-festmenyire-komponalt-dallamok-csendultek-fel\/?lang=en#primaryimage"},"thumbnailUrl":"https:\/\/egerhaziimre.hu\/wp-content\/uploads\/kepek\/2548.jpg","datePublished":"2021-06-15T08:24:12+00:00","dateModified":"2021-06-16T12:23:22+00:00","breadcrumb":{"@id":"https:\/\/egerhaziimre.hu\/index.php\/egerhazi-imre-festmenyire-komponalt-dallamok-csendultek-fel\/?lang=en#breadcrumb"},"inLanguage":"hu","potentialAction":[{"@type":"ReadAction","target":["https:\/\/egerhaziimre.hu\/index.php\/egerhazi-imre-festmenyire-komponalt-dallamok-csendultek-fel\/?lang=en"]}]},{"@type":"ImageObject","inLanguage":"hu","@id":"https:\/\/egerhaziimre.hu\/index.php\/egerhazi-imre-festmenyire-komponalt-dallamok-csendultek-fel\/?lang=en#primaryimage","url":"https:\/\/egerhaziimre.hu\/wp-content\/uploads\/kepek\/2548.jpg","contentUrl":"https:\/\/egerhaziimre.hu\/wp-content\/uploads\/kepek\/2548.jpg","width":2000,"height":1500,"caption":"Djabe - Magic Stag Tour 2021.06."},{"@type":"BreadcrumbList","@id":"https:\/\/egerhaziimre.hu\/index.php\/egerhazi-imre-festmenyire-komponalt-dallamok-csendultek-fel\/?lang=en#breadcrumb","itemListElement":[{"@type":"ListItem","position":1,"name":"Home","item":"https:\/\/egerhaziimre.hu\/"},{"@type":"ListItem","position":2,"name":"Djabe played melodies, inspired by Imre \u00c9gerh\u00e1zi\u2019s paintings, during The Magic Stag tour"}]},{"@type":"WebSite","@id":"https:\/\/egerhaziimre.hu\/#website","url":"https:\/\/egerhaziimre.hu\/","name":"\u00c9gerh\u00e1zi Imre","description":"","potentialAction":[{"@type":"SearchAction","target":{"@type":"EntryPoint","urlTemplate":"https:\/\/egerhaziimre.hu\/?s={search_term_string}"},"query-input":{"@type":"PropertyValueSpecification","valueRequired":true,"valueName":"search_term_string"}}],"inLanguage":"hu"}]}},"jetpack_sharing_enabled":true,"_links":{"self":[{"href":"https:\/\/egerhaziimre.hu\/index.php\/wp-json\/wp\/v2\/pages\/12465","targetHints":{"allow":["GET"]}}],"collection":[{"href":"https:\/\/egerhaziimre.hu\/index.php\/wp-json\/wp\/v2\/pages"}],"about":[{"href":"https:\/\/egerhaziimre.hu\/index.php\/wp-json\/wp\/v2\/types\/page"}],"author":[{"embeddable":true,"href":"https:\/\/egerhaziimre.hu\/index.php\/wp-json\/wp\/v2\/users\/4"}],"replies":[{"embeddable":true,"href":"https:\/\/egerhaziimre.hu\/index.php\/wp-json\/wp\/v2\/comments?post=12465"}],"version-history":[{"count":15,"href":"https:\/\/egerhaziimre.hu\/index.php\/wp-json\/wp\/v2\/pages\/12465\/revisions"}],"predecessor-version":[{"id":12549,"href":"https:\/\/egerhaziimre.hu\/index.php\/wp-json\/wp\/v2\/pages\/12465\/revisions\/12549"}],"wp:featuredmedia":[{"embeddable":true,"href":"https:\/\/egerhaziimre.hu\/index.php\/wp-json\/wp\/v2\/media\/12534"}],"wp:attachment":[{"href":"https:\/\/egerhaziimre.hu\/index.php\/wp-json\/wp\/v2\/media?parent=12465"}],"wp:term":[{"taxonomy":"category","embeddable":true,"href":"https:\/\/egerhaziimre.hu\/index.php\/wp-json\/wp\/v2\/categories?post=12465"},{"taxonomy":"post_tag","embeddable":true,"href":"https:\/\/egerhaziimre.hu\/index.php\/wp-json\/wp\/v2\/tags?post=12465"}],"curies":[{"name":"wp","href":"https:\/\/api.w.org\/{rel}","templated":true}]}}