{"id":12840,"date":"2000-08-05T15:40:34","date_gmt":"2000-08-05T13:40:34","guid":{"rendered":"https:\/\/egerhaziimre.hu\/?page_id=12840"},"modified":"2021-08-06T10:47:48","modified_gmt":"2021-08-06T08:47:48","slug":"hortobagyi-alkototabor-2000-katalogus","status":"publish","type":"page","link":"https:\/\/egerhaziimre.hu\/index.php\/archivum\/konyvek-katalogusok\/hortobagyi-alkototabor-2000-katalogus\/","title":{"rendered":"Hortob\u00e1gyi Alkot\u00f3t\u00e1bor Katal\u00f3gus, 2000"},"content":{"rendered":"<div class=\"wpb-content-wrapper\">[vc_row el_class=&#8221;margin_bottom_0 padding_bottom_0&#8243;][vc_column][vc_column_text]\n<div class=\"wpb_text_column wpb_content_element \">\n<div class=\"wpb_wrapper\">\n<p><b>R\u00e9szletek a katal\u00f3gusb\u00f3l<\/b><\/p>\n<\/div>\n<\/div>\n[\/vc_column_text][vc_media_grid element_width=&#8221;3&#8243; gap=&#8221;15&#8243; grid_id=&#8221;vc_gid:1628170726560-7ae6415e-0ea4-3&#8243; include=&#8221;12614,12617,12620&#8243;][\/vc_column][\/vc_row]\n<\/div>","protected":false},"excerpt":{"rendered":"<p>[vc_row el_class=&#8221;margin_bottom_0 padding_bottom_0&#8243;][vc_column][vc_column_text] R\u00e9szletek a katal\u00f3gusb\u00f3l [\/vc_column_text][vc_media_grid element_width=&#8221;3&#8243; gap=&#8221;15&#8243; grid_id=&#8221;vc_gid:1628170726560-7ae6415e-0ea4-3&#8243; include=&#8221;12614,12617,12620&#8243;][\/vc_column][\/vc_row]<\/p>\n","protected":false},"author":4,"featured_media":12841,"parent":3509,"menu_order":0,"comment_status":"closed","ping_status":"closed","template":"","meta":{"footnotes":""},"categories":[349],"tags":[208,104],"class_list":["post-12840","page","type-page","status-publish","has-post-thumbnail","hentry","category-tovabbi-kiadvanyok","tag-208","tag-hortobagy"],"yoast_head":"<!-- This site is optimized with the Yoast SEO plugin v27.3 - https:\/\/yoast.com\/product\/yoast-seo-wordpress\/ -->\n<title>Hortob\u00e1gyi Alkot\u00f3t\u00e1bor Katal\u00f3gus, 2000 - \u00c9gerh\u00e1zi Imre<\/title>\n<meta name=\"robots\" content=\"index, follow, max-snippet:-1, max-image-preview:large, max-video-preview:-1\" \/>\n<link rel=\"canonical\" href=\"https:\/\/egerhaziimre.hu\/index.php\/archivum\/konyvek-katalogusok\/hortobagyi-alkototabor-2000-katalogus\/?lang=en\" \/>\n<meta property=\"og:locale\" content=\"hu_HU\" \/>\n<meta property=\"og:type\" content=\"article\" \/>\n<meta property=\"og:title\" content=\"Hortob\u00e1gyi Alkot\u00f3t\u00e1bor Katal\u00f3gus, 2000 - \u00c9gerh\u00e1zi Imre\" \/>\n<meta property=\"og:description\" content=\"[vc_row el_class=&#8221;margin_bottom_0 padding_bottom_0&#8243;][vc_column][vc_column_text] R\u00e9szletek a katal\u00f3gusb\u00f3l [\/vc_column_text][vc_media_grid element_width=&#8221;3&#8243; gap=&#8221;15&#8243; grid_id=&#8221;vc_gid:1628170726560-7ae6415e-0ea4-3&#8243; include=&#8221;12614,12617,12620&#8243;][\/vc_column][\/vc_row]\" \/>\n<meta property=\"og:url\" content=\"https:\/\/egerhaziimre.hu\/index.php\/archivum\/konyvek-katalogusok\/hortobagyi-alkototabor-2000-katalogus\/?lang=en\" \/>\n<meta property=\"og:site_name\" content=\"\u00c9gerh\u00e1zi Imre\" \/>\n<meta property=\"article:modified_time\" content=\"2021-08-06T08:47:48+00:00\" \/>\n<meta property=\"og:image\" content=\"https:\/\/egerhaziimre.hu\/wp-content\/uploads\/2021\/08\/katalogus_thumb_template_hortobagyi_alkototabor_katalogus_2000_2562.png\" \/>\n\t<meta property=\"og:image:width\" content=\"1280\" \/>\n\t<meta property=\"og:image:height\" content=\"800\" \/>\n\t<meta property=\"og:image:type\" content=\"image\/png\" \/>\n<meta name=\"twitter:card\" content=\"summary_large_image\" \/>\n<meta name=\"twitter:label1\" content=\"Becs\u00fclt olvas\u00e1si id\u0151\" \/>\n\t<meta name=\"twitter:data1\" content=\"1 perc\" \/>\n<script type=\"application\/ld+json\" class=\"yoast-schema-graph\">{\"@context\":\"https:\\\/\\\/schema.org\",\"@graph\":[{\"@type\":\"WebPage\",\"@id\":\"https:\\\/\\\/egerhaziimre.hu\\\/index.php\\\/archivum\\\/konyvek-katalogusok\\\/hortobagyi-alkototabor-2000-katalogus\\\/?lang=en\",\"url\":\"https:\\\/\\\/egerhaziimre.hu\\\/index.php\\\/archivum\\\/konyvek-katalogusok\\\/hortobagyi-alkototabor-2000-katalogus\\\/?lang=en\",\"name\":\"Hortob\u00e1gyi Alkot\u00f3t\u00e1bor Katal\u00f3gus, 2000 - \u00c9gerh\u00e1zi Imre\",\"isPartOf\":{\"@id\":\"https:\\\/\\\/egerhaziimre.hu\\\/#website\"},\"primaryImageOfPage\":{\"@id\":\"https:\\\/\\\/egerhaziimre.hu\\\/index.php\\\/archivum\\\/konyvek-katalogusok\\\/hortobagyi-alkototabor-2000-katalogus\\\/?lang=en#primaryimage\"},\"image\":{\"@id\":\"https:\\\/\\\/egerhaziimre.hu\\\/index.php\\\/archivum\\\/konyvek-katalogusok\\\/hortobagyi-alkototabor-2000-katalogus\\\/?lang=en#primaryimage\"},\"thumbnailUrl\":\"https:\\\/\\\/egerhaziimre.hu\\\/wp-content\\\/uploads\\\/2021\\\/08\\\/katalogus_thumb_template_hortobagyi_alkototabor_katalogus_2000_2562.png\",\"datePublished\":\"2000-08-05T13:40:34+00:00\",\"dateModified\":\"2021-08-06T08:47:48+00:00\",\"breadcrumb\":{\"@id\":\"https:\\\/\\\/egerhaziimre.hu\\\/index.php\\\/archivum\\\/konyvek-katalogusok\\\/hortobagyi-alkototabor-2000-katalogus\\\/?lang=en#breadcrumb\"},\"inLanguage\":\"hu\",\"potentialAction\":[{\"@type\":\"ReadAction\",\"target\":[\"https:\\\/\\\/egerhaziimre.hu\\\/index.php\\\/archivum\\\/konyvek-katalogusok\\\/hortobagyi-alkototabor-2000-katalogus\\\/?lang=en\"]}]},{\"@type\":\"ImageObject\",\"inLanguage\":\"hu\",\"@id\":\"https:\\\/\\\/egerhaziimre.hu\\\/index.php\\\/archivum\\\/konyvek-katalogusok\\\/hortobagyi-alkototabor-2000-katalogus\\\/?lang=en#primaryimage\",\"url\":\"https:\\\/\\\/egerhaziimre.hu\\\/wp-content\\\/uploads\\\/2021\\\/08\\\/katalogus_thumb_template_hortobagyi_alkototabor_katalogus_2000_2562.png\",\"contentUrl\":\"https:\\\/\\\/egerhaziimre.hu\\\/wp-content\\\/uploads\\\/2021\\\/08\\\/katalogus_thumb_template_hortobagyi_alkototabor_katalogus_2000_2562.png\",\"width\":1280,\"height\":800,\"caption\":\"2562\"},{\"@type\":\"BreadcrumbList\",\"@id\":\"https:\\\/\\\/egerhaziimre.hu\\\/index.php\\\/archivum\\\/konyvek-katalogusok\\\/hortobagyi-alkototabor-2000-katalogus\\\/?lang=en#breadcrumb\",\"itemListElement\":[{\"@type\":\"ListItem\",\"position\":1,\"name\":\"Home\",\"item\":\"https:\\\/\\\/egerhaziimre.hu\\\/\"},{\"@type\":\"ListItem\",\"position\":2,\"name\":\"Archives\",\"item\":\"https:\\\/\\\/egerhaziimre.hu\\\/index.php\\\/archivum\\\/?lang=en\"},{\"@type\":\"ListItem\",\"position\":3,\"name\":\"Books, catalogues\",\"item\":\"https:\\\/\\\/egerhaziimre.hu\\\/index.php\\\/archivum\\\/konyvek-katalogusok\\\/?lang=en\"},{\"@type\":\"ListItem\",\"position\":4,\"name\":\"Hortob\u00e1gy Creative Camp Catalogue, 2000\"}]},{\"@type\":\"WebSite\",\"@id\":\"https:\\\/\\\/egerhaziimre.hu\\\/#website\",\"url\":\"https:\\\/\\\/egerhaziimre.hu\\\/\",\"name\":\"\u00c9gerh\u00e1zi Imre\",\"description\":\"\",\"potentialAction\":[{\"@type\":\"SearchAction\",\"target\":{\"@type\":\"EntryPoint\",\"urlTemplate\":\"https:\\\/\\\/egerhaziimre.hu\\\/?s={search_term_string}\"},\"query-input\":{\"@type\":\"PropertyValueSpecification\",\"valueRequired\":true,\"valueName\":\"search_term_string\"}}],\"inLanguage\":\"hu\"}]}<\/script>\n<!-- \/ Yoast SEO plugin. -->","yoast_head_json":{"title":"Hortob\u00e1gyi Alkot\u00f3t\u00e1bor Katal\u00f3gus, 2000 - \u00c9gerh\u00e1zi Imre","robots":{"index":"index","follow":"follow","max-snippet":"max-snippet:-1","max-image-preview":"max-image-preview:large","max-video-preview":"max-video-preview:-1"},"canonical":"https:\/\/egerhaziimre.hu\/index.php\/archivum\/konyvek-katalogusok\/hortobagyi-alkototabor-2000-katalogus\/?lang=en","og_locale":"hu_HU","og_type":"article","og_title":"Hortob\u00e1gyi Alkot\u00f3t\u00e1bor Katal\u00f3gus, 2000 - \u00c9gerh\u00e1zi Imre","og_description":"[vc_row el_class=&#8221;margin_bottom_0 padding_bottom_0&#8243;][vc_column][vc_column_text] R\u00e9szletek a katal\u00f3gusb\u00f3l [\/vc_column_text][vc_media_grid element_width=&#8221;3&#8243; gap=&#8221;15&#8243; grid_id=&#8221;vc_gid:1628170726560-7ae6415e-0ea4-3&#8243; include=&#8221;12614,12617,12620&#8243;][\/vc_column][\/vc_row]","og_url":"https:\/\/egerhaziimre.hu\/index.php\/archivum\/konyvek-katalogusok\/hortobagyi-alkototabor-2000-katalogus\/?lang=en","og_site_name":"\u00c9gerh\u00e1zi Imre","article_modified_time":"2021-08-06T08:47:48+00:00","og_image":[{"width":1280,"height":800,"url":"https:\/\/egerhaziimre.hu\/wp-content\/uploads\/2021\/08\/katalogus_thumb_template_hortobagyi_alkototabor_katalogus_2000_2562.png","type":"image\/png"}],"twitter_card":"summary_large_image","twitter_misc":{"Becs\u00fclt olvas\u00e1si id\u0151":"1 perc"},"schema":{"@context":"https:\/\/schema.org","@graph":[{"@type":"WebPage","@id":"https:\/\/egerhaziimre.hu\/index.php\/archivum\/konyvek-katalogusok\/hortobagyi-alkototabor-2000-katalogus\/?lang=en","url":"https:\/\/egerhaziimre.hu\/index.php\/archivum\/konyvek-katalogusok\/hortobagyi-alkototabor-2000-katalogus\/?lang=en","name":"Hortob\u00e1gyi Alkot\u00f3t\u00e1bor Katal\u00f3gus, 2000 - \u00c9gerh\u00e1zi Imre","isPartOf":{"@id":"https:\/\/egerhaziimre.hu\/#website"},"primaryImageOfPage":{"@id":"https:\/\/egerhaziimre.hu\/index.php\/archivum\/konyvek-katalogusok\/hortobagyi-alkototabor-2000-katalogus\/?lang=en#primaryimage"},"image":{"@id":"https:\/\/egerhaziimre.hu\/index.php\/archivum\/konyvek-katalogusok\/hortobagyi-alkototabor-2000-katalogus\/?lang=en#primaryimage"},"thumbnailUrl":"https:\/\/egerhaziimre.hu\/wp-content\/uploads\/2021\/08\/katalogus_thumb_template_hortobagyi_alkototabor_katalogus_2000_2562.png","datePublished":"2000-08-05T13:40:34+00:00","dateModified":"2021-08-06T08:47:48+00:00","breadcrumb":{"@id":"https:\/\/egerhaziimre.hu\/index.php\/archivum\/konyvek-katalogusok\/hortobagyi-alkototabor-2000-katalogus\/?lang=en#breadcrumb"},"inLanguage":"hu","potentialAction":[{"@type":"ReadAction","target":["https:\/\/egerhaziimre.hu\/index.php\/archivum\/konyvek-katalogusok\/hortobagyi-alkototabor-2000-katalogus\/?lang=en"]}]},{"@type":"ImageObject","inLanguage":"hu","@id":"https:\/\/egerhaziimre.hu\/index.php\/archivum\/konyvek-katalogusok\/hortobagyi-alkototabor-2000-katalogus\/?lang=en#primaryimage","url":"https:\/\/egerhaziimre.hu\/wp-content\/uploads\/2021\/08\/katalogus_thumb_template_hortobagyi_alkototabor_katalogus_2000_2562.png","contentUrl":"https:\/\/egerhaziimre.hu\/wp-content\/uploads\/2021\/08\/katalogus_thumb_template_hortobagyi_alkototabor_katalogus_2000_2562.png","width":1280,"height":800,"caption":"2562"},{"@type":"BreadcrumbList","@id":"https:\/\/egerhaziimre.hu\/index.php\/archivum\/konyvek-katalogusok\/hortobagyi-alkototabor-2000-katalogus\/?lang=en#breadcrumb","itemListElement":[{"@type":"ListItem","position":1,"name":"Home","item":"https:\/\/egerhaziimre.hu\/"},{"@type":"ListItem","position":2,"name":"Archives","item":"https:\/\/egerhaziimre.hu\/index.php\/archivum\/?lang=en"},{"@type":"ListItem","position":3,"name":"Books, catalogues","item":"https:\/\/egerhaziimre.hu\/index.php\/archivum\/konyvek-katalogusok\/?lang=en"},{"@type":"ListItem","position":4,"name":"Hortob\u00e1gy Creative Camp Catalogue, 2000"}]},{"@type":"WebSite","@id":"https:\/\/egerhaziimre.hu\/#website","url":"https:\/\/egerhaziimre.hu\/","name":"\u00c9gerh\u00e1zi Imre","description":"","potentialAction":[{"@type":"SearchAction","target":{"@type":"EntryPoint","urlTemplate":"https:\/\/egerhaziimre.hu\/?s={search_term_string}"},"query-input":{"@type":"PropertyValueSpecification","valueRequired":true,"valueName":"search_term_string"}}],"inLanguage":"hu"}]}},"jetpack_sharing_enabled":true,"_links":{"self":[{"href":"https:\/\/egerhaziimre.hu\/index.php\/wp-json\/wp\/v2\/pages\/12840","targetHints":{"allow":["GET"]}}],"collection":[{"href":"https:\/\/egerhaziimre.hu\/index.php\/wp-json\/wp\/v2\/pages"}],"about":[{"href":"https:\/\/egerhaziimre.hu\/index.php\/wp-json\/wp\/v2\/types\/page"}],"author":[{"embeddable":true,"href":"https:\/\/egerhaziimre.hu\/index.php\/wp-json\/wp\/v2\/users\/4"}],"replies":[{"embeddable":true,"href":"https:\/\/egerhaziimre.hu\/index.php\/wp-json\/wp\/v2\/comments?post=12840"}],"version-history":[{"count":2,"href":"https:\/\/egerhaziimre.hu\/index.php\/wp-json\/wp\/v2\/pages\/12840\/revisions"}],"predecessor-version":[{"id":12866,"href":"https:\/\/egerhaziimre.hu\/index.php\/wp-json\/wp\/v2\/pages\/12840\/revisions\/12866"}],"up":[{"embeddable":true,"href":"https:\/\/egerhaziimre.hu\/index.php\/wp-json\/wp\/v2\/pages\/3509"}],"wp:featuredmedia":[{"embeddable":true,"href":"https:\/\/egerhaziimre.hu\/index.php\/wp-json\/wp\/v2\/media\/12841"}],"wp:attachment":[{"href":"https:\/\/egerhaziimre.hu\/index.php\/wp-json\/wp\/v2\/media?parent=12840"}],"wp:term":[{"taxonomy":"category","embeddable":true,"href":"https:\/\/egerhaziimre.hu\/index.php\/wp-json\/wp\/v2\/categories?post=12840"},{"taxonomy":"post_tag","embeddable":true,"href":"https:\/\/egerhaziimre.hu\/index.php\/wp-json\/wp\/v2\/tags?post=12840"}],"curies":[{"name":"wp","href":"https:\/\/api.w.org\/{rel}","templated":true}]}}