{"id":12845,"date":"1978-08-05T16:27:10","date_gmt":"1978-08-05T15:27:10","guid":{"rendered":"https:\/\/egerhaziimre.hu\/?page_id=12845"},"modified":"2021-08-06T11:05:19","modified_gmt":"2021-08-06T09:05:19","slug":"egerhazi-imre-hajduhadhaz-szulotte-1991","status":"publish","type":"page","link":"https:\/\/egerhaziimre.hu\/index.php\/archivum\/egerhazi-imre-hajduhadhaz-szulotte-1991\/","title":{"rendered":"\u00c9gerh\u00e1zi Imre Hajd\u00fahadh\u00e1z sz\u00fcl\u00f6tte, 1991"},"content":{"rendered":"<div class=\"wpb-content-wrapper\">[vc_row el_class=&#8221;margin_bottom_0 padding_bottom_0&#8243;][vc_column][vc_media_grid element_width=&#8221;6&#8243; gap=&#8221;15&#8243; item=&#8221;794&#8243; grid_id=&#8221;vc_gid:1628240574398-2b2b4dd9-7976-1&#8243; include=&#8221;11276,11402,11405,11408&#8243;][\/vc_column][\/vc_row]\n<\/div>","protected":false},"excerpt":{"rendered":"<p>[vc_row el_class=&#8221;margin_bottom_0 padding_bottom_0&#8243;][vc_column][vc_media_grid element_width=&#8221;6&#8243; gap=&#8221;15&#8243; item=&#8221;794&#8243; grid_id=&#8221;vc_gid:1628240574398-2b2b4dd9-7976-1&#8243; include=&#8221;11276,11402,11405,11408&#8243;][\/vc_column][\/vc_row]<\/p>\n","protected":false},"author":4,"featured_media":12869,"parent":3353,"menu_order":0,"comment_status":"closed","ping_status":"closed","template":"","meta":{"footnotes":""},"categories":[349],"tags":[153],"class_list":["post-12845","page","type-page","status-publish","has-post-thumbnail","hentry","category-tovabbi-kiadvanyok","tag-153"],"yoast_head":"<!-- This site is optimized with the Yoast SEO plugin v27.3 - https:\/\/yoast.com\/product\/yoast-seo-wordpress\/ -->\n<title>\u00c9gerh\u00e1zi Imre Hajd\u00fahadh\u00e1z sz\u00fcl\u00f6tte, 1991 - \u00c9gerh\u00e1zi Imre<\/title>\n<meta name=\"robots\" content=\"index, follow, max-snippet:-1, max-image-preview:large, max-video-preview:-1\" \/>\n<link rel=\"canonical\" href=\"https:\/\/egerhaziimre.hu\/index.php\/archivum\/egerhazi-imre-hajduhadhaz-szulotte-1991\/?lang=en\" \/>\n<meta property=\"og:locale\" content=\"hu_HU\" \/>\n<meta property=\"og:type\" content=\"article\" \/>\n<meta property=\"og:title\" content=\"\u00c9gerh\u00e1zi Imre Hajd\u00fahadh\u00e1z sz\u00fcl\u00f6tte, 1991 - \u00c9gerh\u00e1zi Imre\" \/>\n<meta property=\"og:description\" content=\"[vc_row el_class=&#8221;margin_bottom_0 padding_bottom_0&#8243;][vc_column][vc_media_grid element_width=&#8221;6&#8243; gap=&#8221;15&#8243; item=&#8221;794&#8243; grid_id=&#8221;vc_gid:1628240574398-2b2b4dd9-7976-1&#8243; include=&#8221;11276,11402,11405,11408&#8243;][\/vc_column][\/vc_row]\" \/>\n<meta property=\"og:url\" content=\"https:\/\/egerhaziimre.hu\/index.php\/archivum\/egerhazi-imre-hajduhadhaz-szulotte-1991\/?lang=en\" \/>\n<meta property=\"og:site_name\" content=\"\u00c9gerh\u00e1zi Imre\" \/>\n<meta property=\"article:modified_time\" content=\"2021-08-06T09:05:19+00:00\" \/>\n<meta property=\"og:image\" content=\"https:\/\/egerhaziimre.hu\/wp-content\/uploads\/2021\/08\/katalogus_thumb_template_egerhazi_imre_hajduhadhaz_szulotte_2300.png\" \/>\n\t<meta property=\"og:image:width\" content=\"1280\" \/>\n\t<meta property=\"og:image:height\" content=\"800\" \/>\n\t<meta property=\"og:image:type\" content=\"image\/png\" \/>\n<meta name=\"twitter:card\" content=\"summary_large_image\" \/>\n<meta name=\"twitter:label1\" content=\"Becs\u00fclt olvas\u00e1si id\u0151\" \/>\n\t<meta name=\"twitter:data1\" content=\"1 perc\" \/>\n<script type=\"application\/ld+json\" class=\"yoast-schema-graph\">{\"@context\":\"https:\\\/\\\/schema.org\",\"@graph\":[{\"@type\":\"WebPage\",\"@id\":\"https:\\\/\\\/egerhaziimre.hu\\\/index.php\\\/archivum\\\/egerhazi-imre-hajduhadhaz-szulotte-1991\\\/?lang=en\",\"url\":\"https:\\\/\\\/egerhaziimre.hu\\\/index.php\\\/archivum\\\/egerhazi-imre-hajduhadhaz-szulotte-1991\\\/?lang=en\",\"name\":\"\u00c9gerh\u00e1zi Imre Hajd\u00fahadh\u00e1z sz\u00fcl\u00f6tte, 1991 - \u00c9gerh\u00e1zi Imre\",\"isPartOf\":{\"@id\":\"https:\\\/\\\/egerhaziimre.hu\\\/#website\"},\"primaryImageOfPage\":{\"@id\":\"https:\\\/\\\/egerhaziimre.hu\\\/index.php\\\/archivum\\\/egerhazi-imre-hajduhadhaz-szulotte-1991\\\/?lang=en#primaryimage\"},\"image\":{\"@id\":\"https:\\\/\\\/egerhaziimre.hu\\\/index.php\\\/archivum\\\/egerhazi-imre-hajduhadhaz-szulotte-1991\\\/?lang=en#primaryimage\"},\"thumbnailUrl\":\"https:\\\/\\\/egerhaziimre.hu\\\/wp-content\\\/uploads\\\/2021\\\/08\\\/katalogus_thumb_template_egerhazi_imre_hajduhadhaz_szulotte_2300.png\",\"datePublished\":\"1978-08-05T15:27:10+00:00\",\"dateModified\":\"2021-08-06T09:05:19+00:00\",\"breadcrumb\":{\"@id\":\"https:\\\/\\\/egerhaziimre.hu\\\/index.php\\\/archivum\\\/egerhazi-imre-hajduhadhaz-szulotte-1991\\\/?lang=en#breadcrumb\"},\"inLanguage\":\"hu\",\"potentialAction\":[{\"@type\":\"ReadAction\",\"target\":[\"https:\\\/\\\/egerhaziimre.hu\\\/index.php\\\/archivum\\\/egerhazi-imre-hajduhadhaz-szulotte-1991\\\/?lang=en\"]}]},{\"@type\":\"ImageObject\",\"inLanguage\":\"hu\",\"@id\":\"https:\\\/\\\/egerhaziimre.hu\\\/index.php\\\/archivum\\\/egerhazi-imre-hajduhadhaz-szulotte-1991\\\/?lang=en#primaryimage\",\"url\":\"https:\\\/\\\/egerhaziimre.hu\\\/wp-content\\\/uploads\\\/2021\\\/08\\\/katalogus_thumb_template_egerhazi_imre_hajduhadhaz_szulotte_2300.png\",\"contentUrl\":\"https:\\\/\\\/egerhaziimre.hu\\\/wp-content\\\/uploads\\\/2021\\\/08\\\/katalogus_thumb_template_egerhazi_imre_hajduhadhaz_szulotte_2300.png\",\"width\":1280,\"height\":800},{\"@type\":\"BreadcrumbList\",\"@id\":\"https:\\\/\\\/egerhaziimre.hu\\\/index.php\\\/archivum\\\/egerhazi-imre-hajduhadhaz-szulotte-1991\\\/?lang=en#breadcrumb\",\"itemListElement\":[{\"@type\":\"ListItem\",\"position\":1,\"name\":\"Home\",\"item\":\"https:\\\/\\\/egerhaziimre.hu\\\/\"},{\"@type\":\"ListItem\",\"position\":2,\"name\":\"Archives\",\"item\":\"https:\\\/\\\/egerhaziimre.hu\\\/index.php\\\/archivum\\\/?lang=en\"},{\"@type\":\"ListItem\",\"position\":3,\"name\":\"\u00c9gerh\u00e1zi Imre Hajd\u00fahadh\u00e1z sz\u00fcl\u00f6tte, 1991\"}]},{\"@type\":\"WebSite\",\"@id\":\"https:\\\/\\\/egerhaziimre.hu\\\/#website\",\"url\":\"https:\\\/\\\/egerhaziimre.hu\\\/\",\"name\":\"\u00c9gerh\u00e1zi Imre\",\"description\":\"\",\"potentialAction\":[{\"@type\":\"SearchAction\",\"target\":{\"@type\":\"EntryPoint\",\"urlTemplate\":\"https:\\\/\\\/egerhaziimre.hu\\\/?s={search_term_string}\"},\"query-input\":{\"@type\":\"PropertyValueSpecification\",\"valueRequired\":true,\"valueName\":\"search_term_string\"}}],\"inLanguage\":\"hu\"}]}<\/script>\n<!-- \/ Yoast SEO plugin. -->","yoast_head_json":{"title":"\u00c9gerh\u00e1zi Imre Hajd\u00fahadh\u00e1z sz\u00fcl\u00f6tte, 1991 - \u00c9gerh\u00e1zi Imre","robots":{"index":"index","follow":"follow","max-snippet":"max-snippet:-1","max-image-preview":"max-image-preview:large","max-video-preview":"max-video-preview:-1"},"canonical":"https:\/\/egerhaziimre.hu\/index.php\/archivum\/egerhazi-imre-hajduhadhaz-szulotte-1991\/?lang=en","og_locale":"hu_HU","og_type":"article","og_title":"\u00c9gerh\u00e1zi Imre Hajd\u00fahadh\u00e1z sz\u00fcl\u00f6tte, 1991 - \u00c9gerh\u00e1zi Imre","og_description":"[vc_row el_class=&#8221;margin_bottom_0 padding_bottom_0&#8243;][vc_column][vc_media_grid element_width=&#8221;6&#8243; gap=&#8221;15&#8243; item=&#8221;794&#8243; grid_id=&#8221;vc_gid:1628240574398-2b2b4dd9-7976-1&#8243; include=&#8221;11276,11402,11405,11408&#8243;][\/vc_column][\/vc_row]","og_url":"https:\/\/egerhaziimre.hu\/index.php\/archivum\/egerhazi-imre-hajduhadhaz-szulotte-1991\/?lang=en","og_site_name":"\u00c9gerh\u00e1zi Imre","article_modified_time":"2021-08-06T09:05:19+00:00","og_image":[{"width":1280,"height":800,"url":"https:\/\/egerhaziimre.hu\/wp-content\/uploads\/2021\/08\/katalogus_thumb_template_egerhazi_imre_hajduhadhaz_szulotte_2300.png","type":"image\/png"}],"twitter_card":"summary_large_image","twitter_misc":{"Becs\u00fclt olvas\u00e1si id\u0151":"1 perc"},"schema":{"@context":"https:\/\/schema.org","@graph":[{"@type":"WebPage","@id":"https:\/\/egerhaziimre.hu\/index.php\/archivum\/egerhazi-imre-hajduhadhaz-szulotte-1991\/?lang=en","url":"https:\/\/egerhaziimre.hu\/index.php\/archivum\/egerhazi-imre-hajduhadhaz-szulotte-1991\/?lang=en","name":"\u00c9gerh\u00e1zi Imre Hajd\u00fahadh\u00e1z sz\u00fcl\u00f6tte, 1991 - \u00c9gerh\u00e1zi Imre","isPartOf":{"@id":"https:\/\/egerhaziimre.hu\/#website"},"primaryImageOfPage":{"@id":"https:\/\/egerhaziimre.hu\/index.php\/archivum\/egerhazi-imre-hajduhadhaz-szulotte-1991\/?lang=en#primaryimage"},"image":{"@id":"https:\/\/egerhaziimre.hu\/index.php\/archivum\/egerhazi-imre-hajduhadhaz-szulotte-1991\/?lang=en#primaryimage"},"thumbnailUrl":"https:\/\/egerhaziimre.hu\/wp-content\/uploads\/2021\/08\/katalogus_thumb_template_egerhazi_imre_hajduhadhaz_szulotte_2300.png","datePublished":"1978-08-05T15:27:10+00:00","dateModified":"2021-08-06T09:05:19+00:00","breadcrumb":{"@id":"https:\/\/egerhaziimre.hu\/index.php\/archivum\/egerhazi-imre-hajduhadhaz-szulotte-1991\/?lang=en#breadcrumb"},"inLanguage":"hu","potentialAction":[{"@type":"ReadAction","target":["https:\/\/egerhaziimre.hu\/index.php\/archivum\/egerhazi-imre-hajduhadhaz-szulotte-1991\/?lang=en"]}]},{"@type":"ImageObject","inLanguage":"hu","@id":"https:\/\/egerhaziimre.hu\/index.php\/archivum\/egerhazi-imre-hajduhadhaz-szulotte-1991\/?lang=en#primaryimage","url":"https:\/\/egerhaziimre.hu\/wp-content\/uploads\/2021\/08\/katalogus_thumb_template_egerhazi_imre_hajduhadhaz_szulotte_2300.png","contentUrl":"https:\/\/egerhaziimre.hu\/wp-content\/uploads\/2021\/08\/katalogus_thumb_template_egerhazi_imre_hajduhadhaz_szulotte_2300.png","width":1280,"height":800},{"@type":"BreadcrumbList","@id":"https:\/\/egerhaziimre.hu\/index.php\/archivum\/egerhazi-imre-hajduhadhaz-szulotte-1991\/?lang=en#breadcrumb","itemListElement":[{"@type":"ListItem","position":1,"name":"Home","item":"https:\/\/egerhaziimre.hu\/"},{"@type":"ListItem","position":2,"name":"Archives","item":"https:\/\/egerhaziimre.hu\/index.php\/archivum\/?lang=en"},{"@type":"ListItem","position":3,"name":"\u00c9gerh\u00e1zi Imre Hajd\u00fahadh\u00e1z sz\u00fcl\u00f6tte, 1991"}]},{"@type":"WebSite","@id":"https:\/\/egerhaziimre.hu\/#website","url":"https:\/\/egerhaziimre.hu\/","name":"\u00c9gerh\u00e1zi Imre","description":"","potentialAction":[{"@type":"SearchAction","target":{"@type":"EntryPoint","urlTemplate":"https:\/\/egerhaziimre.hu\/?s={search_term_string}"},"query-input":{"@type":"PropertyValueSpecification","valueRequired":true,"valueName":"search_term_string"}}],"inLanguage":"hu"}]}},"jetpack_sharing_enabled":true,"_links":{"self":[{"href":"https:\/\/egerhaziimre.hu\/index.php\/wp-json\/wp\/v2\/pages\/12845","targetHints":{"allow":["GET"]}}],"collection":[{"href":"https:\/\/egerhaziimre.hu\/index.php\/wp-json\/wp\/v2\/pages"}],"about":[{"href":"https:\/\/egerhaziimre.hu\/index.php\/wp-json\/wp\/v2\/types\/page"}],"author":[{"embeddable":true,"href":"https:\/\/egerhaziimre.hu\/index.php\/wp-json\/wp\/v2\/users\/4"}],"replies":[{"embeddable":true,"href":"https:\/\/egerhaziimre.hu\/index.php\/wp-json\/wp\/v2\/comments?post=12845"}],"version-history":[{"count":5,"href":"https:\/\/egerhaziimre.hu\/index.php\/wp-json\/wp\/v2\/pages\/12845\/revisions"}],"predecessor-version":[{"id":12870,"href":"https:\/\/egerhaziimre.hu\/index.php\/wp-json\/wp\/v2\/pages\/12845\/revisions\/12870"}],"up":[{"embeddable":true,"href":"https:\/\/egerhaziimre.hu\/index.php\/wp-json\/wp\/v2\/pages\/3353"}],"wp:featuredmedia":[{"embeddable":true,"href":"https:\/\/egerhaziimre.hu\/index.php\/wp-json\/wp\/v2\/media\/12869"}],"wp:attachment":[{"href":"https:\/\/egerhaziimre.hu\/index.php\/wp-json\/wp\/v2\/media?parent=12845"}],"wp:term":[{"taxonomy":"category","embeddable":true,"href":"https:\/\/egerhaziimre.hu\/index.php\/wp-json\/wp\/v2\/categories?post=12845"},{"taxonomy":"post_tag","embeddable":true,"href":"https:\/\/egerhaziimre.hu\/index.php\/wp-json\/wp\/v2\/tags?post=12845"}],"curies":[{"name":"wp","href":"https:\/\/api.w.org\/{rel}","templated":true}]}}