{"id":12872,"date":"2021-11-29T11:19:00","date_gmt":"2021-11-29T10:19:00","guid":{"rendered":"https:\/\/egerhaziimre.hu\/?page_id=12872"},"modified":"2021-11-29T12:31:53","modified_gmt":"2021-11-29T11:31:53","slug":"festomuvesznek-keszul-a-huszadik-egerhazi-osztondijas-kun-agota-sikere","status":"publish","type":"page","link":"https:\/\/egerhaziimre.hu\/index.php\/archivum\/aktualitasok-hirek\/festomuvesznek-keszul-a-huszadik-egerhazi-osztondijas-kun-agota-sikere\/","title":{"rendered":"Fest\u0151m\u0171v\u00e9sznek k\u00e9sz\u00fcl a huszadik \u00c9gerh\u00e1zi-\u00f6szt\u00f6nd\u00edjas \u2013 Kun \u00c1gota sikere"},"content":{"rendered":"<div class=\"wpb-content-wrapper\">[vc_row][vc_column][vc_single_image image=&#8221;12912&#8243; img_size=&#8221;full&#8221; alignment=&#8221;center&#8221; style=&#8221;xtd-shadow&#8211;normal-light&#8221; onclick=&#8221;link_image&#8221;][vc_column_text]\n<p style=\"text-align: center;\">\u00c9gerh\u00e1zi Attila, Szab\u00f3n\u00e9 Telkes D\u00f3ra, a gimn\u00e1zium igazgat\u00f3-helyettese, Buka L\u00e1szl\u00f3, Kun \u00c1gota \u00e9s \u00c9gerh\u00e1zi P\u00e9ter.<br \/>\nFot\u00f3: Mag\u00e1narch\u00edvum<\/p>\n[\/vc_column_text][vc_separator][vc_empty_space][vc_row_inner][vc_column_inner width=&#8221;2\/3&#8243;][vc_column_text]Id\u00e9n m\u00e1r 17. alkalommal kaphatott \u00c9gerh\u00e1zi Imre alkot\u00f3i \u00f6szt\u00f6nd\u00edjat a D\u00f3czy Gimn\u00e1zium egy tehets\u00e9ges di\u00e1kja, aki a legjobb k\u00e9pz\u0151m\u0171v\u00e9szeti teljes\u00edtm\u00e9nyt ny\u00fajtotta az el\u0151z\u0151 tan\u00e9vben. Mivel kor\u00e1bban el\u0151fordult, hogy ketten is elnyert\u00e9k, \u00edgy a mostani d\u00edjazott, a 8.A oszt\u00e1lyos Kun \u00c1gota a huszadik a d\u00edjazottak k\u00f6z\u00f6tt.<\/p>\n<p>Mint azt rajztan\u00e1ra, Buka L\u00e1szl\u00f3 a p\u00e9nteki \u00fcnnep\u00e9lyes \u00e1tad\u00f3n elmondta, \u00c1gota a pand\u00e9mia okozta szokatlan k\u00f6r\u00fclm\u00e9nyek ellen\u00e9re is rendk\u00edv\u00fcli elhivatotts\u00e1got mutatott az alkot\u00e1sban, s ez is szerepet j\u00e1tszott a kiv\u00e1laszt\u00e1s\u00e1ban. A m\u00e1r t\u00f6bb rajzversenyen is helyez\u00e9st el\u00e9rt \u00e9s fest\u0151m\u0171v\u00e9sznek k\u00e9sz\u00fcl\u0151 \u00f6szt\u00f6nd\u00edjasnak a 2001-ben elhunyt fest\u0151m\u0171v\u00e9sz fiai, \u00c9gerh\u00e1zi P\u00e9ter \u00e9s \u00f6ccse, Attila adt\u00e1k \u00e1t az elismer\u00e9st tan\u00fas\u00edt\u00f3 oklevelet.<\/p>\n<p><strong><a href=\"https:\/\/haon.hu\/kultura\/helyi-kultura\/festomuvesznek-keszul-a-huszadik-egerhazi-osztondijas-5676695\/?fbclid=IwAR2AXzFmrCBmSP3MrT6dCnMWE-MikoJY69N7vtcJjH3Hd6hdJWHhzKl0lIw\" target=\"_blank\" rel=\"noopener\">Hajd\u00fa-Bihari Napl\u00f3<\/a><\/strong>[\/vc_column_text][\/vc_column_inner][vc_column_inner width=&#8221;1\/3&#8243;][vc_single_image image=&#8221;12952&#8243; img_size=&#8221;large&#8221; alignment=&#8221;right&#8221; style=&#8221;xtd-shadow&#8211;normal-light&#8221; onclick=&#8221;link_image&#8221;][\/vc_column_inner][\/vc_row_inner][vc_empty_space][vc_separator][vc_column_text]\n<h6>Fot\u00f3gal\u00e9ria<\/h6>\n[\/vc_column_text][vc_media_grid style=&#8221;lazy&#8221; items_per_page=&#8221;12&#8243; element_width=&#8221;3&#8243; gap=&#8221;10&#8243; grid_id=&#8221;vc_gid:1638182884020-36ba0628-c765-9&#8243; include=&#8221;12912,12915,12918,12921,12930,12933,12936,12939,12924,12927,12942&#8243;][\/vc_column][\/vc_row]\n<\/div>","protected":false},"excerpt":{"rendered":"<p>Id\u00e9n m\u00e1r 17. alkalommal kaphatott \u00c9gerh\u00e1zi Imre alkot\u00f3i \u00f6szt\u00f6nd\u00edjat a D\u00f3czy Gimn\u00e1zium egy tehets\u00e9ges di\u00e1kja, aki a legjobb k\u00e9pz\u0151m\u0171v\u00e9szeti teljes\u00edtm\u00e9nyt ny\u00fajtotta az el\u0151z\u0151 tan\u00e9vben.<\/p>\n","protected":false},"author":4,"featured_media":12912,"parent":28,"menu_order":0,"comment_status":"closed","ping_status":"closed","template":"","meta":{"footnotes":""},"categories":[14,13,159],"tags":[232],"class_list":["post-12872","page","type-page","status-publish","has-post-thumbnail","hentry","category-aktualitasok","category-hirek","category-osztondij","tag-232"],"yoast_head":"<!-- This site is optimized with the Yoast SEO plugin v27.0 - https:\/\/yoast.com\/product\/yoast-seo-wordpress\/ -->\n<title>Fest\u0151m\u0171v\u00e9sznek k\u00e9sz\u00fcl a huszadik \u00c9gerh\u00e1zi-\u00f6szt\u00f6nd\u00edjas \u2013 Kun \u00c1gota sikere - \u00c9gerh\u00e1zi Imre<\/title>\n<meta name=\"robots\" content=\"index, follow, max-snippet:-1, max-image-preview:large, max-video-preview:-1\" \/>\n<link rel=\"canonical\" href=\"https:\/\/egerhaziimre.hu\/index.php\/archivum\/aktualitasok-hirek\/festomuvesznek-keszul-a-huszadik-egerhazi-osztondijas-kun-agota-sikere\/\" \/>\n<meta property=\"og:locale\" content=\"hu_HU\" \/>\n<meta property=\"og:type\" content=\"article\" \/>\n<meta property=\"og:title\" content=\"Fest\u0151m\u0171v\u00e9sznek k\u00e9sz\u00fcl a huszadik \u00c9gerh\u00e1zi-\u00f6szt\u00f6nd\u00edjas \u2013 Kun \u00c1gota sikere - \u00c9gerh\u00e1zi Imre\" \/>\n<meta property=\"og:description\" content=\"[:hu]Id\u00e9n m\u00e1r 17. alkalommal kaphatott \u00c9gerh\u00e1zi Imre alkot\u00f3i \u00f6szt\u00f6nd\u00edjat a D\u00f3czy Gimn\u00e1zium egy tehets\u00e9ges di\u00e1kja, aki a legjobb k\u00e9pz\u0151m\u0171v\u00e9szeti teljes\u00edtm\u00e9nyt ny\u00fajtotta az el\u0151z\u0151 tan\u00e9vben. [:en]For the 17th time this year, a talented student of D\u00f3czy High School, who provided the best fine art performance in the previous academic year, received the Imre \u00c9gerh\u00e1zi Creative Scholarship. [:]\" \/>\n<meta property=\"og:url\" content=\"https:\/\/egerhaziimre.hu\/index.php\/archivum\/aktualitasok-hirek\/festomuvesznek-keszul-a-huszadik-egerhazi-osztondijas-kun-agota-sikere\/\" \/>\n<meta property=\"og:site_name\" content=\"\u00c9gerh\u00e1zi Imre\" \/>\n<meta property=\"article:modified_time\" content=\"2021-11-29T11:31:53+00:00\" \/>\n<meta property=\"og:image\" content=\"https:\/\/egerhaziimre.hu\/wp-content\/uploads\/kepek\/2638-scaled.jpg\" \/>\n\t<meta property=\"og:image:width\" content=\"2560\" \/>\n\t<meta property=\"og:image:height\" content=\"1767\" \/>\n\t<meta property=\"og:image:type\" content=\"image\/jpeg\" \/>\n<meta name=\"twitter:card\" content=\"summary_large_image\" \/>\n<meta name=\"twitter:label1\" content=\"Becs\u00fclt olvas\u00e1si id\u0151\" \/>\n\t<meta name=\"twitter:data1\" content=\"1 perc\" \/>\n<script type=\"application\/ld+json\" class=\"yoast-schema-graph\">{\"@context\":\"https:\/\/schema.org\",\"@graph\":[{\"@type\":\"WebPage\",\"@id\":\"https:\/\/egerhaziimre.hu\/index.php\/archivum\/aktualitasok-hirek\/festomuvesznek-keszul-a-huszadik-egerhazi-osztondijas-kun-agota-sikere\/\",\"url\":\"https:\/\/egerhaziimre.hu\/index.php\/archivum\/aktualitasok-hirek\/festomuvesznek-keszul-a-huszadik-egerhazi-osztondijas-kun-agota-sikere\/\",\"name\":\"Fest\u0151m\u0171v\u00e9sznek k\u00e9sz\u00fcl a huszadik \u00c9gerh\u00e1zi-\u00f6szt\u00f6nd\u00edjas \u2013 Kun \u00c1gota sikere - \u00c9gerh\u00e1zi Imre\",\"isPartOf\":{\"@id\":\"https:\/\/egerhaziimre.hu\/#website\"},\"primaryImageOfPage\":{\"@id\":\"https:\/\/egerhaziimre.hu\/index.php\/archivum\/aktualitasok-hirek\/festomuvesznek-keszul-a-huszadik-egerhazi-osztondijas-kun-agota-sikere\/#primaryimage\"},\"image\":{\"@id\":\"https:\/\/egerhaziimre.hu\/index.php\/archivum\/aktualitasok-hirek\/festomuvesznek-keszul-a-huszadik-egerhazi-osztondijas-kun-agota-sikere\/#primaryimage\"},\"thumbnailUrl\":\"https:\/\/egerhaziimre.hu\/wp-content\/uploads\/kepek\/2638-scaled.jpg\",\"datePublished\":\"2021-11-29T10:19:00+00:00\",\"dateModified\":\"2021-11-29T11:31:53+00:00\",\"breadcrumb\":{\"@id\":\"https:\/\/egerhaziimre.hu\/index.php\/archivum\/aktualitasok-hirek\/festomuvesznek-keszul-a-huszadik-egerhazi-osztondijas-kun-agota-sikere\/#breadcrumb\"},\"inLanguage\":\"hu\",\"potentialAction\":[{\"@type\":\"ReadAction\",\"target\":[\"https:\/\/egerhaziimre.hu\/index.php\/archivum\/aktualitasok-hirek\/festomuvesznek-keszul-a-huszadik-egerhazi-osztondijas-kun-agota-sikere\/\"]}]},{\"@type\":\"ImageObject\",\"inLanguage\":\"hu\",\"@id\":\"https:\/\/egerhaziimre.hu\/index.php\/archivum\/aktualitasok-hirek\/festomuvesznek-keszul-a-huszadik-egerhazi-osztondijas-kun-agota-sikere\/#primaryimage\",\"url\":\"https:\/\/egerhaziimre.hu\/wp-content\/uploads\/kepek\/2638-scaled.jpg\",\"contentUrl\":\"https:\/\/egerhaziimre.hu\/wp-content\/uploads\/kepek\/2638-scaled.jpg\",\"width\":2560,\"height\":1767,\"caption\":\"\u00c9gerh\u00e1zi \u00d6szt\u00f6nd\u00edj 2021\"},{\"@type\":\"BreadcrumbList\",\"@id\":\"https:\/\/egerhaziimre.hu\/index.php\/archivum\/aktualitasok-hirek\/festomuvesznek-keszul-a-huszadik-egerhazi-osztondijas-kun-agota-sikere\/#breadcrumb\",\"itemListElement\":[{\"@type\":\"ListItem\",\"position\":1,\"name\":\"Home\",\"item\":\"https:\/\/egerhaziimre.hu\/\"},{\"@type\":\"ListItem\",\"position\":2,\"name\":\"Archives\",\"item\":\"https:\/\/egerhaziimre.hu\/index.php\/archivum\/?lang=en\"},{\"@type\":\"ListItem\",\"position\":3,\"name\":\"News\",\"item\":\"https:\/\/egerhaziimre.hu\/index.php\/archivum\/aktualitasok-hirek\/?lang=en\"},{\"@type\":\"ListItem\",\"position\":4,\"name\":\"Fest\u0151m\u0171v\u00e9sznek k\u00e9sz\u00fcl a huszadik \u00c9gerh\u00e1zi-\u00f6szt\u00f6nd\u00edjas \u2013 Kun \u00c1gota sikere\"}]},{\"@type\":\"WebSite\",\"@id\":\"https:\/\/egerhaziimre.hu\/#website\",\"url\":\"https:\/\/egerhaziimre.hu\/\",\"name\":\"\u00c9gerh\u00e1zi Imre\",\"description\":\"\",\"potentialAction\":[{\"@type\":\"SearchAction\",\"target\":{\"@type\":\"EntryPoint\",\"urlTemplate\":\"https:\/\/egerhaziimre.hu\/?s={search_term_string}\"},\"query-input\":{\"@type\":\"PropertyValueSpecification\",\"valueRequired\":true,\"valueName\":\"search_term_string\"}}],\"inLanguage\":\"hu\"}]}<\/script>\n<!-- \/ Yoast SEO plugin. -->","yoast_head_json":{"title":"Fest\u0151m\u0171v\u00e9sznek k\u00e9sz\u00fcl a huszadik \u00c9gerh\u00e1zi-\u00f6szt\u00f6nd\u00edjas \u2013 Kun \u00c1gota sikere - \u00c9gerh\u00e1zi Imre","robots":{"index":"index","follow":"follow","max-snippet":"max-snippet:-1","max-image-preview":"max-image-preview:large","max-video-preview":"max-video-preview:-1"},"canonical":"https:\/\/egerhaziimre.hu\/index.php\/archivum\/aktualitasok-hirek\/festomuvesznek-keszul-a-huszadik-egerhazi-osztondijas-kun-agota-sikere\/","og_locale":"hu_HU","og_type":"article","og_title":"Fest\u0151m\u0171v\u00e9sznek k\u00e9sz\u00fcl a huszadik \u00c9gerh\u00e1zi-\u00f6szt\u00f6nd\u00edjas \u2013 Kun \u00c1gota sikere - \u00c9gerh\u00e1zi Imre","og_description":"[:hu]Id\u00e9n m\u00e1r 17. alkalommal kaphatott \u00c9gerh\u00e1zi Imre alkot\u00f3i \u00f6szt\u00f6nd\u00edjat a D\u00f3czy Gimn\u00e1zium egy tehets\u00e9ges di\u00e1kja, aki a legjobb k\u00e9pz\u0151m\u0171v\u00e9szeti teljes\u00edtm\u00e9nyt ny\u00fajtotta az el\u0151z\u0151 tan\u00e9vben. [:en]For the 17th time this year, a talented student of D\u00f3czy High School, who provided the best fine art performance in the previous academic year, received the Imre \u00c9gerh\u00e1zi Creative Scholarship. [:]","og_url":"https:\/\/egerhaziimre.hu\/index.php\/archivum\/aktualitasok-hirek\/festomuvesznek-keszul-a-huszadik-egerhazi-osztondijas-kun-agota-sikere\/","og_site_name":"\u00c9gerh\u00e1zi Imre","article_modified_time":"2021-11-29T11:31:53+00:00","og_image":[{"width":2560,"height":1767,"url":"https:\/\/egerhaziimre.hu\/wp-content\/uploads\/kepek\/2638-scaled.jpg","type":"image\/jpeg"}],"twitter_card":"summary_large_image","twitter_misc":{"Becs\u00fclt olvas\u00e1si id\u0151":"1 perc"},"schema":{"@context":"https:\/\/schema.org","@graph":[{"@type":"WebPage","@id":"https:\/\/egerhaziimre.hu\/index.php\/archivum\/aktualitasok-hirek\/festomuvesznek-keszul-a-huszadik-egerhazi-osztondijas-kun-agota-sikere\/","url":"https:\/\/egerhaziimre.hu\/index.php\/archivum\/aktualitasok-hirek\/festomuvesznek-keszul-a-huszadik-egerhazi-osztondijas-kun-agota-sikere\/","name":"Fest\u0151m\u0171v\u00e9sznek k\u00e9sz\u00fcl a huszadik \u00c9gerh\u00e1zi-\u00f6szt\u00f6nd\u00edjas \u2013 Kun \u00c1gota sikere - \u00c9gerh\u00e1zi Imre","isPartOf":{"@id":"https:\/\/egerhaziimre.hu\/#website"},"primaryImageOfPage":{"@id":"https:\/\/egerhaziimre.hu\/index.php\/archivum\/aktualitasok-hirek\/festomuvesznek-keszul-a-huszadik-egerhazi-osztondijas-kun-agota-sikere\/#primaryimage"},"image":{"@id":"https:\/\/egerhaziimre.hu\/index.php\/archivum\/aktualitasok-hirek\/festomuvesznek-keszul-a-huszadik-egerhazi-osztondijas-kun-agota-sikere\/#primaryimage"},"thumbnailUrl":"https:\/\/egerhaziimre.hu\/wp-content\/uploads\/kepek\/2638-scaled.jpg","datePublished":"2021-11-29T10:19:00+00:00","dateModified":"2021-11-29T11:31:53+00:00","breadcrumb":{"@id":"https:\/\/egerhaziimre.hu\/index.php\/archivum\/aktualitasok-hirek\/festomuvesznek-keszul-a-huszadik-egerhazi-osztondijas-kun-agota-sikere\/#breadcrumb"},"inLanguage":"hu","potentialAction":[{"@type":"ReadAction","target":["https:\/\/egerhaziimre.hu\/index.php\/archivum\/aktualitasok-hirek\/festomuvesznek-keszul-a-huszadik-egerhazi-osztondijas-kun-agota-sikere\/"]}]},{"@type":"ImageObject","inLanguage":"hu","@id":"https:\/\/egerhaziimre.hu\/index.php\/archivum\/aktualitasok-hirek\/festomuvesznek-keszul-a-huszadik-egerhazi-osztondijas-kun-agota-sikere\/#primaryimage","url":"https:\/\/egerhaziimre.hu\/wp-content\/uploads\/kepek\/2638-scaled.jpg","contentUrl":"https:\/\/egerhaziimre.hu\/wp-content\/uploads\/kepek\/2638-scaled.jpg","width":2560,"height":1767,"caption":"\u00c9gerh\u00e1zi \u00d6szt\u00f6nd\u00edj 2021"},{"@type":"BreadcrumbList","@id":"https:\/\/egerhaziimre.hu\/index.php\/archivum\/aktualitasok-hirek\/festomuvesznek-keszul-a-huszadik-egerhazi-osztondijas-kun-agota-sikere\/#breadcrumb","itemListElement":[{"@type":"ListItem","position":1,"name":"Home","item":"https:\/\/egerhaziimre.hu\/"},{"@type":"ListItem","position":2,"name":"Archives","item":"https:\/\/egerhaziimre.hu\/index.php\/archivum\/?lang=en"},{"@type":"ListItem","position":3,"name":"News","item":"https:\/\/egerhaziimre.hu\/index.php\/archivum\/aktualitasok-hirek\/?lang=en"},{"@type":"ListItem","position":4,"name":"Fest\u0151m\u0171v\u00e9sznek k\u00e9sz\u00fcl a huszadik \u00c9gerh\u00e1zi-\u00f6szt\u00f6nd\u00edjas \u2013 Kun \u00c1gota sikere"}]},{"@type":"WebSite","@id":"https:\/\/egerhaziimre.hu\/#website","url":"https:\/\/egerhaziimre.hu\/","name":"\u00c9gerh\u00e1zi Imre","description":"","potentialAction":[{"@type":"SearchAction","target":{"@type":"EntryPoint","urlTemplate":"https:\/\/egerhaziimre.hu\/?s={search_term_string}"},"query-input":{"@type":"PropertyValueSpecification","valueRequired":true,"valueName":"search_term_string"}}],"inLanguage":"hu"}]}},"jetpack_sharing_enabled":true,"_links":{"self":[{"href":"https:\/\/egerhaziimre.hu\/index.php\/wp-json\/wp\/v2\/pages\/12872","targetHints":{"allow":["GET"]}}],"collection":[{"href":"https:\/\/egerhaziimre.hu\/index.php\/wp-json\/wp\/v2\/pages"}],"about":[{"href":"https:\/\/egerhaziimre.hu\/index.php\/wp-json\/wp\/v2\/types\/page"}],"author":[{"embeddable":true,"href":"https:\/\/egerhaziimre.hu\/index.php\/wp-json\/wp\/v2\/users\/4"}],"replies":[{"embeddable":true,"href":"https:\/\/egerhaziimre.hu\/index.php\/wp-json\/wp\/v2\/comments?post=12872"}],"version-history":[{"count":10,"href":"https:\/\/egerhaziimre.hu\/index.php\/wp-json\/wp\/v2\/pages\/12872\/revisions"}],"predecessor-version":[{"id":12958,"href":"https:\/\/egerhaziimre.hu\/index.php\/wp-json\/wp\/v2\/pages\/12872\/revisions\/12958"}],"up":[{"embeddable":true,"href":"https:\/\/egerhaziimre.hu\/index.php\/wp-json\/wp\/v2\/pages\/28"}],"wp:featuredmedia":[{"embeddable":true,"href":"https:\/\/egerhaziimre.hu\/index.php\/wp-json\/wp\/v2\/media\/12912"}],"wp:attachment":[{"href":"https:\/\/egerhaziimre.hu\/index.php\/wp-json\/wp\/v2\/media?parent=12872"}],"wp:term":[{"taxonomy":"category","embeddable":true,"href":"https:\/\/egerhaziimre.hu\/index.php\/wp-json\/wp\/v2\/categories?post=12872"},{"taxonomy":"post_tag","embeddable":true,"href":"https:\/\/egerhaziimre.hu\/index.php\/wp-json\/wp\/v2\/tags?post=12872"}],"curies":[{"name":"wp","href":"https:\/\/api.w.org\/{rel}","templated":true}]}}