{"id":12994,"date":"2022-01-05T12:59:47","date_gmt":"2022-01-05T11:59:47","guid":{"rendered":"https:\/\/egerhaziimre.hu\/?page_id=12994"},"modified":"2022-01-05T15:33:23","modified_gmt":"2022-01-05T14:33:23","slug":"egerhazi-imre-kulugyi-kiallitas-megnyito-2014","status":"publish","type":"page","link":"https:\/\/egerhaziimre.hu\/index.php\/archivum\/audiovizualis-archivum\/egerhazi-imre-kulugyi-kiallitas-megnyito-2014\/","title":{"rendered":"\u00c9gerh\u00e1zi Imre k\u00fcl\u00fcgyi ki\u00e1ll\u00edt\u00e1s megnyit\u00f3 2014"},"content":{"rendered":"<div class=\"wpb-content-wrapper\">[vc_row][vc_column][vc_video link=&#8221;https:\/\/www.youtube.com\/watch?v=EiLt8yoSnIA&#8221; el_width=&#8221;80&#8243; align=&#8221;center&#8221;][\/vc_column][\/vc_row][vc_row][vc_column][vc_column_text]A K\u00fclgazdas\u00e1gi \u00e9s K\u00fcl\u00fcgyminiszt\u00e9rium 2014- szeptember 19-\u00e9n nyitotta meg a BC \u00e9p\u00fclet\u00fck aul\u00e1j\u00e1ban rendezett \u201eAz Alf\u00f6ld sz\u00fcl\u00f6tte &#8211; hat\u00e1rainkon t\u00fal \u00c9gerh\u00e1zi Imre fest\u0151m\u0171v\u00e9sz szem\u00e9vel\u201d ki\u00e1ll\u00edt\u00e1st.<\/p>\n<p>A tematikus t\u00e1rlaton \u00c9gerh\u00e1zi Imre (1925 &#8211; 2001) hat\u00e1ron t\u00fali \u00e9lm\u00e9nyei alapj\u00e1n festett alkot\u00e1sok voltak l\u00e1that\u00f3ak. A miniszt\u00e9rium r\u00e9sz\u00e9r\u0151l Dr. Szab\u00f3 L\u00e1szl\u00f3 k\u00fcl\u00fcgyi \u00e9s k\u00fclgazdas\u00e1gi \u00e1llamtitk\u00e1r k\u00f6sz\u00f6nt\u00f6tte a vend\u00e9geket. A szakmai megnyit\u00f3t Dr. Feledy Bal\u00e1zs tartotta. A programban k\u00f6zrem\u0171k\u00f6d\u00f6tt a m\u0171v\u00e9sz fi\u00e1nak \u00c9gerh\u00e1zi Attil\u00e1nak zenekara a Djabe. Az egy\u00fcttes a 2003-ban megjelent, \u00c9gerh\u00e1zi festm\u00e9nyekre \u00edrt, T\u00e1ncolnak a kazlak albumr\u00f3l j\u00e1tszott kompoz\u00edci\u00f3kat. A publikum sz\u00e1m\u00e1ra izgalmas volt, hogy t\u00f6bb festm\u00e9ny is ki volt \u00e1ll\u00edtva, melyhez kompon\u00e1lt zen\u00e9t a muzsikusok el\u0151adtak. Pl. a Naplement, az Olasz t\u00e1j, a Thi\u00e9rachei eml\u00e9k vagy a Bulg\u00e1ria 600 \u00e9v.<\/p>\n<p>A Djabe zenekar honlapja: <a href=\"https:\/\/djabe.hu\" target=\"_blank\" rel=\"noopener\">djabe.hu<\/a>[\/vc_column_text][\/vc_column][\/vc_row]\n<\/div>","protected":false},"excerpt":{"rendered":"<p>[vc_row][vc_column][vc_video link=&#8221;https:\/\/www.youtube.com\/watch?v=EiLt8yoSnIA&#8221; el_width=&#8221;80&#8243; align=&#8221;center&#8221;][\/vc_column][\/vc_row][vc_row][vc_column][vc_column_text]A K\u00fclgazdas\u00e1gi \u00e9s K\u00fcl\u00fcgyminiszt\u00e9rium 2014- szeptember 19-\u00e9n nyitotta meg a BC \u00e9p\u00fclet\u00fck aul\u00e1j\u00e1ban rendezett \u201eAz Alf\u00f6ld sz\u00fcl\u00f6tte &#8211; hat\u00e1rainkon t\u00fal \u00c9gerh\u00e1zi Imre fest\u0151m\u0171v\u00e9sz szem\u00e9vel\u201d ki\u00e1ll\u00edt\u00e1st. A tematikus t\u00e1rlaton \u00c9gerh\u00e1zi Imre (1925 &#8211; 2001) hat\u00e1ron t\u00fali \u00e9lm\u00e9nyei alapj\u00e1n festett alkot\u00e1sok voltak l\u00e1that\u00f3ak. A miniszt\u00e9rium r\u00e9sz\u00e9r\u0151l Dr. Szab\u00f3 L\u00e1szl\u00f3 k\u00fcl\u00fcgyi \u00e9s k\u00fclgazdas\u00e1gi \u00e1llamtitk\u00e1r k\u00f6sz\u00f6nt\u00f6tte a vend\u00e9geket. A szakmai megnyit\u00f3t [&hellip;]<\/p>\n","protected":false},"author":4,"featured_media":12996,"parent":41,"menu_order":0,"comment_status":"closed","ping_status":"closed","template":"","meta":{"footnotes":""},"categories":[53],"tags":[211],"class_list":["post-12994","page","type-page","status-publish","has-post-thumbnail","hentry","category-video","tag-211"],"yoast_head":"<!-- This site is optimized with the Yoast SEO plugin v27.5 - https:\/\/yoast.com\/product\/yoast-seo-wordpress\/ -->\n<title>\u00c9gerh\u00e1zi Imre k\u00fcl\u00fcgyi ki\u00e1ll\u00edt\u00e1s megnyit\u00f3 2014 - \u00c9gerh\u00e1zi Imre<\/title>\n<meta name=\"robots\" content=\"index, follow, max-snippet:-1, max-image-preview:large, max-video-preview:-1\" \/>\n<link rel=\"canonical\" href=\"https:\/\/egerhaziimre.hu\/index.php\/archivum\/audiovizualis-archivum\/egerhazi-imre-kulugyi-kiallitas-megnyito-2014\/\" \/>\n<meta property=\"og:locale\" content=\"hu_HU\" \/>\n<meta property=\"og:type\" content=\"article\" \/>\n<meta property=\"og:title\" content=\"\u00c9gerh\u00e1zi Imre k\u00fcl\u00fcgyi ki\u00e1ll\u00edt\u00e1s megnyit\u00f3 2014 - \u00c9gerh\u00e1zi Imre\" \/>\n<meta property=\"og:description\" content=\"[vc_row][vc_column][vc_video link=&#8221;https:\/\/www.youtube.com\/watch?v=EiLt8yoSnIA&#8221; el_width=&#8221;80&#8243; align=&#8221;center&#8221;][\/vc_column][\/vc_row][vc_row][vc_column][vc_column_text]A K\u00fclgazdas\u00e1gi \u00e9s K\u00fcl\u00fcgyminiszt\u00e9rium 2014- szeptember 19-\u00e9n nyitotta meg a BC \u00e9p\u00fclet\u00fck aul\u00e1j\u00e1ban rendezett \u201eAz Alf\u00f6ld sz\u00fcl\u00f6tte &#8211; hat\u00e1rainkon t\u00fal \u00c9gerh\u00e1zi Imre fest\u0151m\u0171v\u00e9sz szem\u00e9vel\u201d ki\u00e1ll\u00edt\u00e1st. A tematikus t\u00e1rlaton \u00c9gerh\u00e1zi Imre (1925 &#8211; 2001) hat\u00e1ron t\u00fali \u00e9lm\u00e9nyei alapj\u00e1n festett alkot\u00e1sok voltak l\u00e1that\u00f3ak. A miniszt\u00e9rium r\u00e9sz\u00e9r\u0151l Dr. Szab\u00f3 L\u00e1szl\u00f3 k\u00fcl\u00fcgyi \u00e9s k\u00fclgazdas\u00e1gi \u00e1llamtitk\u00e1r k\u00f6sz\u00f6nt\u00f6tte a vend\u00e9geket. A szakmai megnyit\u00f3t [&hellip;]\" \/>\n<meta property=\"og:url\" content=\"https:\/\/egerhaziimre.hu\/index.php\/archivum\/audiovizualis-archivum\/egerhazi-imre-kulugyi-kiallitas-megnyito-2014\/\" \/>\n<meta property=\"og:site_name\" content=\"\u00c9gerh\u00e1zi Imre\" \/>\n<meta property=\"article:modified_time\" content=\"2022-01-05T14:33:23+00:00\" \/>\n<meta property=\"og:image\" content=\"https:\/\/egerhaziimre.hu\/wp-content\/uploads\/2022\/01\/egerhazi-imre-kulugyi-kiallitas-megnyito-2014-kep-01.jpg\" \/>\n\t<meta property=\"og:image:width\" content=\"1279\" \/>\n\t<meta property=\"og:image:height\" content=\"668\" \/>\n\t<meta property=\"og:image:type\" content=\"image\/jpeg\" \/>\n<meta name=\"twitter:card\" content=\"summary_large_image\" \/>\n<meta name=\"twitter:label1\" content=\"Becs\u00fclt olvas\u00e1si id\u0151\" \/>\n\t<meta name=\"twitter:data1\" content=\"2 perc\" \/>\n<script type=\"application\/ld+json\" class=\"yoast-schema-graph\">{\"@context\":\"https:\\\/\\\/schema.org\",\"@graph\":[{\"@type\":\"WebPage\",\"@id\":\"https:\\\/\\\/egerhaziimre.hu\\\/index.php\\\/archivum\\\/audiovizualis-archivum\\\/egerhazi-imre-kulugyi-kiallitas-megnyito-2014\\\/\",\"url\":\"https:\\\/\\\/egerhaziimre.hu\\\/index.php\\\/archivum\\\/audiovizualis-archivum\\\/egerhazi-imre-kulugyi-kiallitas-megnyito-2014\\\/\",\"name\":\"\u00c9gerh\u00e1zi Imre k\u00fcl\u00fcgyi ki\u00e1ll\u00edt\u00e1s megnyit\u00f3 2014 - \u00c9gerh\u00e1zi Imre\",\"isPartOf\":{\"@id\":\"https:\\\/\\\/egerhaziimre.hu\\\/#website\"},\"primaryImageOfPage\":{\"@id\":\"https:\\\/\\\/egerhaziimre.hu\\\/index.php\\\/archivum\\\/audiovizualis-archivum\\\/egerhazi-imre-kulugyi-kiallitas-megnyito-2014\\\/#primaryimage\"},\"image\":{\"@id\":\"https:\\\/\\\/egerhaziimre.hu\\\/index.php\\\/archivum\\\/audiovizualis-archivum\\\/egerhazi-imre-kulugyi-kiallitas-megnyito-2014\\\/#primaryimage\"},\"thumbnailUrl\":\"https:\\\/\\\/egerhaziimre.hu\\\/wp-content\\\/uploads\\\/2022\\\/01\\\/egerhazi-imre-kulugyi-kiallitas-megnyito-2014-kep-01.jpg\",\"datePublished\":\"2022-01-05T11:59:47+00:00\",\"dateModified\":\"2022-01-05T14:33:23+00:00\",\"breadcrumb\":{\"@id\":\"https:\\\/\\\/egerhaziimre.hu\\\/index.php\\\/archivum\\\/audiovizualis-archivum\\\/egerhazi-imre-kulugyi-kiallitas-megnyito-2014\\\/#breadcrumb\"},\"inLanguage\":\"hu\",\"potentialAction\":[{\"@type\":\"ReadAction\",\"target\":[\"https:\\\/\\\/egerhaziimre.hu\\\/index.php\\\/archivum\\\/audiovizualis-archivum\\\/egerhazi-imre-kulugyi-kiallitas-megnyito-2014\\\/\"]}]},{\"@type\":\"ImageObject\",\"inLanguage\":\"hu\",\"@id\":\"https:\\\/\\\/egerhaziimre.hu\\\/index.php\\\/archivum\\\/audiovizualis-archivum\\\/egerhazi-imre-kulugyi-kiallitas-megnyito-2014\\\/#primaryimage\",\"url\":\"https:\\\/\\\/egerhaziimre.hu\\\/wp-content\\\/uploads\\\/2022\\\/01\\\/egerhazi-imre-kulugyi-kiallitas-megnyito-2014-kep-01.jpg\",\"contentUrl\":\"https:\\\/\\\/egerhaziimre.hu\\\/wp-content\\\/uploads\\\/2022\\\/01\\\/egerhazi-imre-kulugyi-kiallitas-megnyito-2014-kep-01.jpg\",\"width\":1279,\"height\":668,\"caption\":\"\u00c9gerh\u00e1zi Imre k\u00fcl\u00fcgyi ki\u00e1ll\u00edt\u00e1s megnyit\u00f3 2014\"},{\"@type\":\"BreadcrumbList\",\"@id\":\"https:\\\/\\\/egerhaziimre.hu\\\/index.php\\\/archivum\\\/audiovizualis-archivum\\\/egerhazi-imre-kulugyi-kiallitas-megnyito-2014\\\/#breadcrumb\",\"itemListElement\":[{\"@type\":\"ListItem\",\"position\":1,\"name\":\"Home\",\"item\":\"https:\\\/\\\/egerhaziimre.hu\\\/\"},{\"@type\":\"ListItem\",\"position\":2,\"name\":\"Archives\",\"item\":\"https:\\\/\\\/egerhaziimre.hu\\\/index.php\\\/archivum\\\/?lang=en\"},{\"@type\":\"ListItem\",\"position\":3,\"name\":\"Audiovisual archives\",\"item\":\"https:\\\/\\\/egerhaziimre.hu\\\/index.php\\\/archivum\\\/audiovizualis-archivum\\\/?lang=en\"},{\"@type\":\"ListItem\",\"position\":4,\"name\":\"\u00c9gerh\u00e1zi Imre k\u00fcl\u00fcgyi ki\u00e1ll\u00edt\u00e1s megnyit\u00f3 2014\"}]},{\"@type\":\"WebSite\",\"@id\":\"https:\\\/\\\/egerhaziimre.hu\\\/#website\",\"url\":\"https:\\\/\\\/egerhaziimre.hu\\\/\",\"name\":\"\u00c9gerh\u00e1zi Imre\",\"description\":\"\",\"potentialAction\":[{\"@type\":\"SearchAction\",\"target\":{\"@type\":\"EntryPoint\",\"urlTemplate\":\"https:\\\/\\\/egerhaziimre.hu\\\/?s={search_term_string}\"},\"query-input\":{\"@type\":\"PropertyValueSpecification\",\"valueRequired\":true,\"valueName\":\"search_term_string\"}}],\"inLanguage\":\"hu\"}]}<\/script>\n<!-- \/ Yoast SEO plugin. -->","yoast_head_json":{"title":"\u00c9gerh\u00e1zi Imre k\u00fcl\u00fcgyi ki\u00e1ll\u00edt\u00e1s megnyit\u00f3 2014 - \u00c9gerh\u00e1zi Imre","robots":{"index":"index","follow":"follow","max-snippet":"max-snippet:-1","max-image-preview":"max-image-preview:large","max-video-preview":"max-video-preview:-1"},"canonical":"https:\/\/egerhaziimre.hu\/index.php\/archivum\/audiovizualis-archivum\/egerhazi-imre-kulugyi-kiallitas-megnyito-2014\/","og_locale":"hu_HU","og_type":"article","og_title":"\u00c9gerh\u00e1zi Imre k\u00fcl\u00fcgyi ki\u00e1ll\u00edt\u00e1s megnyit\u00f3 2014 - \u00c9gerh\u00e1zi Imre","og_description":"[vc_row][vc_column][vc_video link=&#8221;https:\/\/www.youtube.com\/watch?v=EiLt8yoSnIA&#8221; el_width=&#8221;80&#8243; align=&#8221;center&#8221;][\/vc_column][\/vc_row][vc_row][vc_column][vc_column_text]A K\u00fclgazdas\u00e1gi \u00e9s K\u00fcl\u00fcgyminiszt\u00e9rium 2014- szeptember 19-\u00e9n nyitotta meg a BC \u00e9p\u00fclet\u00fck aul\u00e1j\u00e1ban rendezett \u201eAz Alf\u00f6ld sz\u00fcl\u00f6tte &#8211; hat\u00e1rainkon t\u00fal \u00c9gerh\u00e1zi Imre fest\u0151m\u0171v\u00e9sz szem\u00e9vel\u201d ki\u00e1ll\u00edt\u00e1st. A tematikus t\u00e1rlaton \u00c9gerh\u00e1zi Imre (1925 &#8211; 2001) hat\u00e1ron t\u00fali \u00e9lm\u00e9nyei alapj\u00e1n festett alkot\u00e1sok voltak l\u00e1that\u00f3ak. A miniszt\u00e9rium r\u00e9sz\u00e9r\u0151l Dr. Szab\u00f3 L\u00e1szl\u00f3 k\u00fcl\u00fcgyi \u00e9s k\u00fclgazdas\u00e1gi \u00e1llamtitk\u00e1r k\u00f6sz\u00f6nt\u00f6tte a vend\u00e9geket. A szakmai megnyit\u00f3t [&hellip;]","og_url":"https:\/\/egerhaziimre.hu\/index.php\/archivum\/audiovizualis-archivum\/egerhazi-imre-kulugyi-kiallitas-megnyito-2014\/","og_site_name":"\u00c9gerh\u00e1zi Imre","article_modified_time":"2022-01-05T14:33:23+00:00","og_image":[{"width":1279,"height":668,"url":"https:\/\/egerhaziimre.hu\/wp-content\/uploads\/2022\/01\/egerhazi-imre-kulugyi-kiallitas-megnyito-2014-kep-01.jpg","type":"image\/jpeg"}],"twitter_card":"summary_large_image","twitter_misc":{"Becs\u00fclt olvas\u00e1si id\u0151":"2 perc"},"schema":{"@context":"https:\/\/schema.org","@graph":[{"@type":"WebPage","@id":"https:\/\/egerhaziimre.hu\/index.php\/archivum\/audiovizualis-archivum\/egerhazi-imre-kulugyi-kiallitas-megnyito-2014\/","url":"https:\/\/egerhaziimre.hu\/index.php\/archivum\/audiovizualis-archivum\/egerhazi-imre-kulugyi-kiallitas-megnyito-2014\/","name":"\u00c9gerh\u00e1zi Imre k\u00fcl\u00fcgyi ki\u00e1ll\u00edt\u00e1s megnyit\u00f3 2014 - \u00c9gerh\u00e1zi Imre","isPartOf":{"@id":"https:\/\/egerhaziimre.hu\/#website"},"primaryImageOfPage":{"@id":"https:\/\/egerhaziimre.hu\/index.php\/archivum\/audiovizualis-archivum\/egerhazi-imre-kulugyi-kiallitas-megnyito-2014\/#primaryimage"},"image":{"@id":"https:\/\/egerhaziimre.hu\/index.php\/archivum\/audiovizualis-archivum\/egerhazi-imre-kulugyi-kiallitas-megnyito-2014\/#primaryimage"},"thumbnailUrl":"https:\/\/egerhaziimre.hu\/wp-content\/uploads\/2022\/01\/egerhazi-imre-kulugyi-kiallitas-megnyito-2014-kep-01.jpg","datePublished":"2022-01-05T11:59:47+00:00","dateModified":"2022-01-05T14:33:23+00:00","breadcrumb":{"@id":"https:\/\/egerhaziimre.hu\/index.php\/archivum\/audiovizualis-archivum\/egerhazi-imre-kulugyi-kiallitas-megnyito-2014\/#breadcrumb"},"inLanguage":"hu","potentialAction":[{"@type":"ReadAction","target":["https:\/\/egerhaziimre.hu\/index.php\/archivum\/audiovizualis-archivum\/egerhazi-imre-kulugyi-kiallitas-megnyito-2014\/"]}]},{"@type":"ImageObject","inLanguage":"hu","@id":"https:\/\/egerhaziimre.hu\/index.php\/archivum\/audiovizualis-archivum\/egerhazi-imre-kulugyi-kiallitas-megnyito-2014\/#primaryimage","url":"https:\/\/egerhaziimre.hu\/wp-content\/uploads\/2022\/01\/egerhazi-imre-kulugyi-kiallitas-megnyito-2014-kep-01.jpg","contentUrl":"https:\/\/egerhaziimre.hu\/wp-content\/uploads\/2022\/01\/egerhazi-imre-kulugyi-kiallitas-megnyito-2014-kep-01.jpg","width":1279,"height":668,"caption":"\u00c9gerh\u00e1zi Imre k\u00fcl\u00fcgyi ki\u00e1ll\u00edt\u00e1s megnyit\u00f3 2014"},{"@type":"BreadcrumbList","@id":"https:\/\/egerhaziimre.hu\/index.php\/archivum\/audiovizualis-archivum\/egerhazi-imre-kulugyi-kiallitas-megnyito-2014\/#breadcrumb","itemListElement":[{"@type":"ListItem","position":1,"name":"Home","item":"https:\/\/egerhaziimre.hu\/"},{"@type":"ListItem","position":2,"name":"Archives","item":"https:\/\/egerhaziimre.hu\/index.php\/archivum\/?lang=en"},{"@type":"ListItem","position":3,"name":"Audiovisual archives","item":"https:\/\/egerhaziimre.hu\/index.php\/archivum\/audiovizualis-archivum\/?lang=en"},{"@type":"ListItem","position":4,"name":"\u00c9gerh\u00e1zi Imre k\u00fcl\u00fcgyi ki\u00e1ll\u00edt\u00e1s megnyit\u00f3 2014"}]},{"@type":"WebSite","@id":"https:\/\/egerhaziimre.hu\/#website","url":"https:\/\/egerhaziimre.hu\/","name":"\u00c9gerh\u00e1zi Imre","description":"","potentialAction":[{"@type":"SearchAction","target":{"@type":"EntryPoint","urlTemplate":"https:\/\/egerhaziimre.hu\/?s={search_term_string}"},"query-input":{"@type":"PropertyValueSpecification","valueRequired":true,"valueName":"search_term_string"}}],"inLanguage":"hu"}]}},"jetpack_sharing_enabled":true,"_links":{"self":[{"href":"https:\/\/egerhaziimre.hu\/index.php\/wp-json\/wp\/v2\/pages\/12994","targetHints":{"allow":["GET"]}}],"collection":[{"href":"https:\/\/egerhaziimre.hu\/index.php\/wp-json\/wp\/v2\/pages"}],"about":[{"href":"https:\/\/egerhaziimre.hu\/index.php\/wp-json\/wp\/v2\/types\/page"}],"author":[{"embeddable":true,"href":"https:\/\/egerhaziimre.hu\/index.php\/wp-json\/wp\/v2\/users\/4"}],"replies":[{"embeddable":true,"href":"https:\/\/egerhaziimre.hu\/index.php\/wp-json\/wp\/v2\/comments?post=12994"}],"version-history":[{"count":4,"href":"https:\/\/egerhaziimre.hu\/index.php\/wp-json\/wp\/v2\/pages\/12994\/revisions"}],"predecessor-version":[{"id":13001,"href":"https:\/\/egerhaziimre.hu\/index.php\/wp-json\/wp\/v2\/pages\/12994\/revisions\/13001"}],"up":[{"embeddable":true,"href":"https:\/\/egerhaziimre.hu\/index.php\/wp-json\/wp\/v2\/pages\/41"}],"wp:featuredmedia":[{"embeddable":true,"href":"https:\/\/egerhaziimre.hu\/index.php\/wp-json\/wp\/v2\/media\/12996"}],"wp:attachment":[{"href":"https:\/\/egerhaziimre.hu\/index.php\/wp-json\/wp\/v2\/media?parent=12994"}],"wp:term":[{"taxonomy":"category","embeddable":true,"href":"https:\/\/egerhaziimre.hu\/index.php\/wp-json\/wp\/v2\/categories?post=12994"},{"taxonomy":"post_tag","embeddable":true,"href":"https:\/\/egerhaziimre.hu\/index.php\/wp-json\/wp\/v2\/tags?post=12994"}],"curies":[{"name":"wp","href":"https:\/\/api.w.org\/{rel}","templated":true}]}}