{"id":13056,"date":"2023-04-28T15:09:24","date_gmt":"2023-04-28T13:09:24","guid":{"rendered":"https:\/\/egerhaziimre.hu\/?page_id=13056"},"modified":"2023-04-28T15:28:08","modified_gmt":"2023-04-28T13:28:08","slug":"csak-az-osztondij-nem-valtozott","status":"publish","type":"page","link":"https:\/\/egerhaziimre.hu\/index.php\/archivum\/aktualitasok-hirek\/csak-az-osztondij-nem-valtozott\/","title":{"rendered":"Csak az \u00f6szt\u00f6nd\u00edj nem v\u00e1ltozott"},"content":{"rendered":"<div class=\"wpb-content-wrapper\">[vc_row][vc_column][vc_single_image image=&#8221;13057&#8243; img_size=&#8221;full&#8221; alignment=&#8221;center&#8221; style=&#8221;xtd-shadow&#8211;normal-light&#8221; onclick=&#8221;link_image&#8221;][vc_column_text]\n<div style=\"text-align: center;\"><span lang=\"HU\">A d\u00edj\u00e1tad\u00f3 ut\u00e1n Buka L\u00e1szl\u00f3, Hunyadi Panna, Szombatin\u00e9 N\u00e9ma M\u00f3nika \u00e9s \u00c9gerh\u00e1zi P\u00e9ter<\/span><\/div>\n[\/vc_column_text][vc_separator][vc_empty_space][vc_row_inner][vc_column_inner width=&#8221;2\/3&#8243;][vc_column_text]\n<p style=\"font-weight: 400;\">K\u00e9sve ugyan, de id\u00e9n is megkapta elismer\u00e9s\u00e9t a D\u00f3czy-gimn\u00e1zium egy tehets\u00e9ges di\u00e1kja Hunyadi Panna.<\/p>\n<p style=\"font-weight: 400;\">A szeptemberi iskolakezd\u00e9s imm\u00e1r 18 \u00e9ve egy\u00fctt j\u00e1rt az \u00c9gerh\u00e1zi Imre Alkot\u00f3i \u00d6szt\u00f6nd\u00edj \u00e1tad\u00e1s\u00e1val a D\u00f3czy-gimn\u00e1ziumban. Id\u00e9n azonban az el\u0151z\u0151 tan\u00e9vben legjobb k\u00e9pz\u0151m\u0171v\u00e9szeti teljes\u00edtm\u00e9nyt ny\u00fajt\u00f3 di\u00e1knak mostan\u00e1ig v\u00e1rnia kellett a d\u00edj \u00e1tv\u00e9tel\u00e9re, mert jelent\u0151s v\u00e1ltoz\u00e1st hozott ez az esztend\u0151. A d\u00edjazottak szem\u00e9ly\u00e9re javaslatot tev\u0151 rajztan\u00e1r, Buka L\u00e1szl\u00f3 fest\u0151-rajztan\u00e1r nyugd\u00edjba vonult, \u00e9s \u00e1tadta a staf\u00e9tabotot Szombatin\u00e9 N\u00e9ma M\u00f3nik\u00e1nak, aki ezzel a javaslattev\u0151 szerepet is \u00e1tvette.<\/p>\n<p style=\"font-weight: 400;\">A v\u00e1ltoz\u00e1s miatt csak ezen a h\u00e9ten, kedden ker\u00fclhetett sor a hagyom\u00e1nyos d\u00edj\u00e1tad\u00f3ra a gimn\u00e1zium gal\u00e9ri\u00e1j\u00e1ban. A m\u00e1r megszokott \u00fcnnep\u00e9lyes program Havrics Hanna 9. oszt\u00e1lyos tanul\u00f3 zongoraj\u00e1t\u00e9k\u00e1val kezd\u0151d\u00f6tt majd az int\u00e9zm\u00e9ny igazgat\u00f3n\u0151je, Czapp Katalin k\u00f6sz\u00f6nt\u00f6tte a megjelenteket, k\u00f6zt\u00fck az idei d\u00edjazottat, Hunyadi Pann\u00e1t a 9. A-b\u00f3l, valamint sz\u00fcleit \u00e9s rokonait. Rajztan\u00e1ra r\u00f6vid m\u00e9ltat\u00e1sa ut\u00e1n a fiatal l\u00e1ny a d\u00edjat alap\u00edt\u00f3 \u00f6r\u00f6k\u00f6s\u00f6k k\u00e9pvisel\u0151j\u00e9t\u0151l, \u00c9gerh\u00e1zi P\u00e9tert\u0151l vette \u00e1t az el\u00e9rt eredm\u00e9ny\u00e9t tan\u00fas\u00edt\u00f3 oklevelet. Ezut\u00e1n elmondta mag\u00e1r\u00f3l, hogy m\u00e1r kiskor\u00e1ban megismerkedett a jobb agyf\u00e9ltek\u00e9s rajzol\u00e1ssal, de csak egy bar\u00e1tn\u0151je hat\u00e1s\u00e1ra kezdte k\u00e9s\u0151bb \u00fajra a rajzol\u00e1st. El\u0151bb \u00e1llatokat szeretett \u00e1br\u00e1zolni, majd az embereket, \u00e9s megkedvelte a portr\u00e9fest\u00e9st, ami 12 \u00e9ves kor\u00e1bban vett \u00faj lend\u00fcletet, amikor sz\u00fcleit\u0151l megkapta az els\u0151 acryl fest\u0151k\u00e9szlet\u00e9t. Egy id\u0151 ut\u00e1n a h\u00e1bor\u00fa pokla kezdte foglalkoztatni, \u00e9s t\u00f6bbsz\u00f6r a maga kre\u00e1lta h\u00e1tt\u00e9rt\u00f6rt\u00e9netek, valamint zenehallgat\u00e1s k\u00f6zben \u00e9rzett gondolatainak a megjelen\u00edt\u00e9s\u00e9t vetette pap\u00edrra. Fiatal kora ellen\u00e9re sz\u00edvesen tanulm\u00e1nyozta a r\u00e9gi nagy m\u0171v\u00e9szek munk\u00e1it, de hatott r\u00e1 a sz\u00fcrrealizmus is. Kialak\u00edtotta a saj\u00e1t st\u00edlus\u00e1t, \u00e9s \u00fagy \u00e9rzi folyamatos fejl\u0151d\u00e9s\u00e9nek az alapja, hogy minden nap rajzol.<\/p>\n<p style=\"font-weight: 400;\">N\u00e9h\u00e1ny sz\u00f3ban m\u00e9ltatta volt tan\u00edtv\u00e1ny\u00e1t Buka L\u00e1szl\u00f3 is, azt k\u00f6vet\u0151en pedig a 10. B-s T\u00f3th J\u00falia mondta el Juh\u00e1sz Gyula Csipker\u00f3zsa c\u00edm\u0171 vers\u00e9t. Az \u00fcnneps\u00e9g tov\u00e1bbi r\u00e9sz\u00e9ben Szombatin\u00e9 N\u00e9ma M\u00f3nika mondott k\u00f6sz\u00f6netet R\u00f3zsav\u00f6lgyi G\u00e1born\u00e9nak, aki k\u00e9t \u00c9gerh\u00e1zi-festm\u00e9nyt adom\u00e1nyozott a D\u00f3czy Gal\u00e9ri\u00e1nak.<\/p>\n<p><em><span style=\"font-weight: 400;\">\u00c9P<\/span><\/em>[\/vc_column_text][\/vc_column_inner][vc_column_inner width=&#8221;1\/3&#8243;][vc_single_image image=&#8221;13058&#8243; img_size=&#8221;large&#8221; alignment=&#8221;right&#8221; style=&#8221;xtd-shadow&#8211;normal-light&#8221; onclick=&#8221;link_image&#8221;][\/vc_column_inner][\/vc_row_inner][vc_empty_space][vc_separator][vc_column_text]\n<h6>Fot\u00f3gal\u00e9ria<\/h6>\n[\/vc_column_text][vc_media_grid style=&#8221;lazy&#8221; items_per_page=&#8221;12&#8243; element_width=&#8221;3&#8243; gap=&#8221;10&#8243; grid_id=&#8221;vc_gid:1682688427730-bbe24709-383b-5&#8243; include=&#8221;13059,13060,13061,13062,13063,13064,13065,13066,13067,13068,13069,13070,13071,13074,13072,13073,13075&#8243;][\/vc_column][\/vc_row]\n<\/div>","protected":false},"excerpt":{"rendered":"<p>A szeptemberi iskolakezd\u00e9s imm\u00e1r 18 \u00e9ve egy\u00fctt j\u00e1rt az \u00c9gerh\u00e1zi Imre Alkot\u00f3i \u00d6szt\u00f6nd\u00edj \u00e1tad\u00e1s\u00e1val a D\u00f3czy-gimn\u00e1ziumban.<\/p>\n","protected":false},"author":4,"featured_media":13057,"parent":28,"menu_order":0,"comment_status":"closed","ping_status":"closed","template":"","meta":{"footnotes":""},"categories":[14,13,159],"tags":[232],"class_list":["post-13056","page","type-page","status-publish","has-post-thumbnail","hentry","category-aktualitasok","category-hirek","category-osztondij","tag-232"],"yoast_head":"<!-- This site is optimized with the Yoast SEO plugin v27.3 - https:\/\/yoast.com\/product\/yoast-seo-wordpress\/ -->\n<title>Csak az \u00f6szt\u00f6nd\u00edj nem v\u00e1ltozott - \u00c9gerh\u00e1zi Imre<\/title>\n<meta name=\"robots\" content=\"index, follow, max-snippet:-1, max-image-preview:large, max-video-preview:-1\" \/>\n<link rel=\"canonical\" href=\"https:\/\/egerhaziimre.hu\/index.php\/archivum\/aktualitasok-hirek\/csak-az-osztondij-nem-valtozott\/\" \/>\n<meta property=\"og:locale\" content=\"hu_HU\" \/>\n<meta property=\"og:type\" content=\"article\" \/>\n<meta property=\"og:title\" content=\"\u00c9gerh\u00e1zi Imre\" \/>\n<meta property=\"og:description\" content=\"[:hu]A szeptemberi iskolakezd\u00e9s imm\u00e1r 18 \u00e9ve egy\u00fctt j\u00e1rt az \u00c9gerh\u00e1zi Imre Alkot\u00f3i \u00d6szt\u00f6nd\u00edj \u00e1tad\u00e1s\u00e1val a D\u00f3czy-gimn\u00e1ziumban.[:en]For 18 years now, the start of school in September has been accompanied by the presentation of the \u00c9gerh\u00e1zi Imre Alkot\u00f3 Scholarship at the D\u00f3czy high school.[:]\" \/>\n<meta property=\"og:url\" content=\"https:\/\/egerhaziimre.hu\/index.php\/archivum\/aktualitasok-hirek\/csak-az-osztondij-nem-valtozott\/\" \/>\n<meta property=\"og:site_name\" content=\"\u00c9gerh\u00e1zi Imre\" \/>\n<meta property=\"article:modified_time\" content=\"2023-04-28T13:28:08+00:00\" \/>\n<meta property=\"og:image\" content=\"https:\/\/egerhaziimre.hu\/wp-content\/uploads\/2023\/04\/EI_emleklap_2022_web.jpg\" \/>\n\t<meta property=\"og:image:width\" content=\"1414\" \/>\n\t<meta property=\"og:image:height\" content=\"2000\" \/>\n\t<meta property=\"og:image:type\" content=\"image\/jpeg\" \/>\n<meta name=\"twitter:card\" content=\"summary_large_image\" \/>\n<meta name=\"twitter:title\" content=\"\u00c9gerh\u00e1zi Imre\" \/>\n<meta name=\"twitter:image\" content=\"https:\/\/egerhaziimre.hu\/wp-content\/uploads\/2023\/04\/EI_emleklap_2022_web.jpg\" \/>\n<meta name=\"twitter:label1\" content=\"Becs\u00fclt olvas\u00e1si id\u0151\" \/>\n\t<meta name=\"twitter:data1\" content=\"3 perc\" \/>\n<script type=\"application\/ld+json\" class=\"yoast-schema-graph\">{\"@context\":\"https:\\\/\\\/schema.org\",\"@graph\":[{\"@type\":\"WebPage\",\"@id\":\"https:\\\/\\\/egerhaziimre.hu\\\/index.php\\\/archivum\\\/aktualitasok-hirek\\\/csak-az-osztondij-nem-valtozott\\\/\",\"url\":\"https:\\\/\\\/egerhaziimre.hu\\\/index.php\\\/archivum\\\/aktualitasok-hirek\\\/csak-az-osztondij-nem-valtozott\\\/\",\"name\":\"Csak az \u00f6szt\u00f6nd\u00edj nem v\u00e1ltozott - \u00c9gerh\u00e1zi Imre\",\"isPartOf\":{\"@id\":\"https:\\\/\\\/egerhaziimre.hu\\\/#website\"},\"primaryImageOfPage\":{\"@id\":\"https:\\\/\\\/egerhaziimre.hu\\\/index.php\\\/archivum\\\/aktualitasok-hirek\\\/csak-az-osztondij-nem-valtozott\\\/#primaryimage\"},\"image\":{\"@id\":\"https:\\\/\\\/egerhaziimre.hu\\\/index.php\\\/archivum\\\/aktualitasok-hirek\\\/csak-az-osztondij-nem-valtozott\\\/#primaryimage\"},\"thumbnailUrl\":\"https:\\\/\\\/egerhaziimre.hu\\\/wp-content\\\/uploads\\\/2023\\\/04\\\/DSC9446-scaled.jpg\",\"datePublished\":\"2023-04-28T13:09:24+00:00\",\"dateModified\":\"2023-04-28T13:28:08+00:00\",\"breadcrumb\":{\"@id\":\"https:\\\/\\\/egerhaziimre.hu\\\/index.php\\\/archivum\\\/aktualitasok-hirek\\\/csak-az-osztondij-nem-valtozott\\\/#breadcrumb\"},\"inLanguage\":\"hu\",\"potentialAction\":[{\"@type\":\"ReadAction\",\"target\":[\"https:\\\/\\\/egerhaziimre.hu\\\/index.php\\\/archivum\\\/aktualitasok-hirek\\\/csak-az-osztondij-nem-valtozott\\\/\"]}]},{\"@type\":\"ImageObject\",\"inLanguage\":\"hu\",\"@id\":\"https:\\\/\\\/egerhaziimre.hu\\\/index.php\\\/archivum\\\/aktualitasok-hirek\\\/csak-az-osztondij-nem-valtozott\\\/#primaryimage\",\"url\":\"https:\\\/\\\/egerhaziimre.hu\\\/wp-content\\\/uploads\\\/2023\\\/04\\\/DSC9446-scaled.jpg\",\"contentUrl\":\"https:\\\/\\\/egerhaziimre.hu\\\/wp-content\\\/uploads\\\/2023\\\/04\\\/DSC9446-scaled.jpg\",\"width\":2560,\"height\":1724},{\"@type\":\"BreadcrumbList\",\"@id\":\"https:\\\/\\\/egerhaziimre.hu\\\/index.php\\\/archivum\\\/aktualitasok-hirek\\\/csak-az-osztondij-nem-valtozott\\\/#breadcrumb\",\"itemListElement\":[{\"@type\":\"ListItem\",\"position\":1,\"name\":\"Home\",\"item\":\"https:\\\/\\\/egerhaziimre.hu\\\/\"},{\"@type\":\"ListItem\",\"position\":2,\"name\":\"Archives\",\"item\":\"https:\\\/\\\/egerhaziimre.hu\\\/index.php\\\/archivum\\\/?lang=en\"},{\"@type\":\"ListItem\",\"position\":3,\"name\":\"News\",\"item\":\"https:\\\/\\\/egerhaziimre.hu\\\/index.php\\\/archivum\\\/aktualitasok-hirek\\\/?lang=en\"},{\"@type\":\"ListItem\",\"position\":4,\"name\":\"Csak az \u00f6szt\u00f6nd\u00edj nem v\u00e1ltozott\"}]},{\"@type\":\"WebSite\",\"@id\":\"https:\\\/\\\/egerhaziimre.hu\\\/#website\",\"url\":\"https:\\\/\\\/egerhaziimre.hu\\\/\",\"name\":\"\u00c9gerh\u00e1zi Imre\",\"description\":\"\",\"potentialAction\":[{\"@type\":\"SearchAction\",\"target\":{\"@type\":\"EntryPoint\",\"urlTemplate\":\"https:\\\/\\\/egerhaziimre.hu\\\/?s={search_term_string}\"},\"query-input\":{\"@type\":\"PropertyValueSpecification\",\"valueRequired\":true,\"valueName\":\"search_term_string\"}}],\"inLanguage\":\"hu\"}]}<\/script>\n<!-- \/ Yoast SEO plugin. -->","yoast_head_json":{"title":"Csak az \u00f6szt\u00f6nd\u00edj nem v\u00e1ltozott - \u00c9gerh\u00e1zi Imre","robots":{"index":"index","follow":"follow","max-snippet":"max-snippet:-1","max-image-preview":"max-image-preview:large","max-video-preview":"max-video-preview:-1"},"canonical":"https:\/\/egerhaziimre.hu\/index.php\/archivum\/aktualitasok-hirek\/csak-az-osztondij-nem-valtozott\/","og_locale":"hu_HU","og_type":"article","og_title":"\u00c9gerh\u00e1zi Imre","og_description":"[:hu]A szeptemberi iskolakezd\u00e9s imm\u00e1r 18 \u00e9ve egy\u00fctt j\u00e1rt az \u00c9gerh\u00e1zi Imre Alkot\u00f3i \u00d6szt\u00f6nd\u00edj \u00e1tad\u00e1s\u00e1val a D\u00f3czy-gimn\u00e1ziumban.[:en]For 18 years now, the start of school in September has been accompanied by the presentation of the \u00c9gerh\u00e1zi Imre Alkot\u00f3 Scholarship at the D\u00f3czy high school.[:]","og_url":"https:\/\/egerhaziimre.hu\/index.php\/archivum\/aktualitasok-hirek\/csak-az-osztondij-nem-valtozott\/","og_site_name":"\u00c9gerh\u00e1zi Imre","article_modified_time":"2023-04-28T13:28:08+00:00","og_image":[{"width":1414,"height":2000,"url":"https:\/\/egerhaziimre.hu\/wp-content\/uploads\/2023\/04\/EI_emleklap_2022_web.jpg","type":"image\/jpeg"}],"twitter_card":"summary_large_image","twitter_title":"\u00c9gerh\u00e1zi Imre","twitter_image":"https:\/\/egerhaziimre.hu\/wp-content\/uploads\/2023\/04\/EI_emleklap_2022_web.jpg","twitter_misc":{"Becs\u00fclt olvas\u00e1si id\u0151":"3 perc"},"schema":{"@context":"https:\/\/schema.org","@graph":[{"@type":"WebPage","@id":"https:\/\/egerhaziimre.hu\/index.php\/archivum\/aktualitasok-hirek\/csak-az-osztondij-nem-valtozott\/","url":"https:\/\/egerhaziimre.hu\/index.php\/archivum\/aktualitasok-hirek\/csak-az-osztondij-nem-valtozott\/","name":"Csak az \u00f6szt\u00f6nd\u00edj nem v\u00e1ltozott - \u00c9gerh\u00e1zi Imre","isPartOf":{"@id":"https:\/\/egerhaziimre.hu\/#website"},"primaryImageOfPage":{"@id":"https:\/\/egerhaziimre.hu\/index.php\/archivum\/aktualitasok-hirek\/csak-az-osztondij-nem-valtozott\/#primaryimage"},"image":{"@id":"https:\/\/egerhaziimre.hu\/index.php\/archivum\/aktualitasok-hirek\/csak-az-osztondij-nem-valtozott\/#primaryimage"},"thumbnailUrl":"https:\/\/egerhaziimre.hu\/wp-content\/uploads\/2023\/04\/DSC9446-scaled.jpg","datePublished":"2023-04-28T13:09:24+00:00","dateModified":"2023-04-28T13:28:08+00:00","breadcrumb":{"@id":"https:\/\/egerhaziimre.hu\/index.php\/archivum\/aktualitasok-hirek\/csak-az-osztondij-nem-valtozott\/#breadcrumb"},"inLanguage":"hu","potentialAction":[{"@type":"ReadAction","target":["https:\/\/egerhaziimre.hu\/index.php\/archivum\/aktualitasok-hirek\/csak-az-osztondij-nem-valtozott\/"]}]},{"@type":"ImageObject","inLanguage":"hu","@id":"https:\/\/egerhaziimre.hu\/index.php\/archivum\/aktualitasok-hirek\/csak-az-osztondij-nem-valtozott\/#primaryimage","url":"https:\/\/egerhaziimre.hu\/wp-content\/uploads\/2023\/04\/DSC9446-scaled.jpg","contentUrl":"https:\/\/egerhaziimre.hu\/wp-content\/uploads\/2023\/04\/DSC9446-scaled.jpg","width":2560,"height":1724},{"@type":"BreadcrumbList","@id":"https:\/\/egerhaziimre.hu\/index.php\/archivum\/aktualitasok-hirek\/csak-az-osztondij-nem-valtozott\/#breadcrumb","itemListElement":[{"@type":"ListItem","position":1,"name":"Home","item":"https:\/\/egerhaziimre.hu\/"},{"@type":"ListItem","position":2,"name":"Archives","item":"https:\/\/egerhaziimre.hu\/index.php\/archivum\/?lang=en"},{"@type":"ListItem","position":3,"name":"News","item":"https:\/\/egerhaziimre.hu\/index.php\/archivum\/aktualitasok-hirek\/?lang=en"},{"@type":"ListItem","position":4,"name":"Csak az \u00f6szt\u00f6nd\u00edj nem v\u00e1ltozott"}]},{"@type":"WebSite","@id":"https:\/\/egerhaziimre.hu\/#website","url":"https:\/\/egerhaziimre.hu\/","name":"\u00c9gerh\u00e1zi Imre","description":"","potentialAction":[{"@type":"SearchAction","target":{"@type":"EntryPoint","urlTemplate":"https:\/\/egerhaziimre.hu\/?s={search_term_string}"},"query-input":{"@type":"PropertyValueSpecification","valueRequired":true,"valueName":"search_term_string"}}],"inLanguage":"hu"}]}},"jetpack_sharing_enabled":true,"_links":{"self":[{"href":"https:\/\/egerhaziimre.hu\/index.php\/wp-json\/wp\/v2\/pages\/13056","targetHints":{"allow":["GET"]}}],"collection":[{"href":"https:\/\/egerhaziimre.hu\/index.php\/wp-json\/wp\/v2\/pages"}],"about":[{"href":"https:\/\/egerhaziimre.hu\/index.php\/wp-json\/wp\/v2\/types\/page"}],"author":[{"embeddable":true,"href":"https:\/\/egerhaziimre.hu\/index.php\/wp-json\/wp\/v2\/users\/4"}],"replies":[{"embeddable":true,"href":"https:\/\/egerhaziimre.hu\/index.php\/wp-json\/wp\/v2\/comments?post=13056"}],"version-history":[{"count":2,"href":"https:\/\/egerhaziimre.hu\/index.php\/wp-json\/wp\/v2\/pages\/13056\/revisions"}],"predecessor-version":[{"id":13078,"href":"https:\/\/egerhaziimre.hu\/index.php\/wp-json\/wp\/v2\/pages\/13056\/revisions\/13078"}],"up":[{"embeddable":true,"href":"https:\/\/egerhaziimre.hu\/index.php\/wp-json\/wp\/v2\/pages\/28"}],"wp:featuredmedia":[{"embeddable":true,"href":"https:\/\/egerhaziimre.hu\/index.php\/wp-json\/wp\/v2\/media\/13057"}],"wp:attachment":[{"href":"https:\/\/egerhaziimre.hu\/index.php\/wp-json\/wp\/v2\/media?parent=13056"}],"wp:term":[{"taxonomy":"category","embeddable":true,"href":"https:\/\/egerhaziimre.hu\/index.php\/wp-json\/wp\/v2\/categories?post=13056"},{"taxonomy":"post_tag","embeddable":true,"href":"https:\/\/egerhaziimre.hu\/index.php\/wp-json\/wp\/v2\/tags?post=13056"}],"curies":[{"name":"wp","href":"https:\/\/api.w.org\/{rel}","templated":true}]}}