{"id":188,"date":"1999-04-24T11:32:00","date_gmt":"1999-04-24T09:32:00","guid":{"rendered":"http:\/\/egerhaziimre.magex.hu\/?page_id=188"},"modified":"2020-10-02T16:24:25","modified_gmt":"2020-10-02T14:24:25","slug":"kiallitas_egerhazi_imre_kepeibol_1999_04_debrecen","status":"publish","type":"page","link":"https:\/\/egerhaziimre.hu\/index.php\/kiallitas_egerhazi_imre_kepeibol_1999_04_debrecen\/","title":{"rendered":"\u00c9gerh\u00e1zi Imre 80 k\u00e9pb\u0151l \u00e1ll\u00f3 jubileumi ki\u00e1ll\u00edt\u00e1sa, Debrecen, 1999."},"content":{"rendered":"<div class=\"wpb-content-wrapper\">\n[vc_row][vc_column][vc_column_text]\u00c9gerh\u00e1zi Imre 9 \u00e9ves volt, mikor bek\u00f6lt\u00f6ztek Hajd\u00fahadh\u00e1zr\u00f3l Debrecenbe.<br \/>\nDebrecenben n\u0151tt fel, v\u00e1lt \u00e9rett fest\u0151v\u00e9, de mindig is k\u00f6t\u0151d\u00f6tt a Hajd\u00fas\u00e1ghoz \u00e9s Hajd\u00fahadh\u00e1zhoz is. A 90-es \u00e9vekben Hadh\u00e1zt\u00f3l kapott alkot\u00f3h\u00e1zat, melyet \u00e9letm\u0171ve k\u00f6zel 100 alkot\u00e1s\u00e1nak a v\u00e1ros r\u00e9sz\u00e9re t\u00f6rt\u00e9nt adom\u00e1nyoz\u00e1s\u00e1val h\u00e1l\u00e1lt meg a m\u0171v\u00e9sz. K\u00e9s\u0151bb a v\u00e1ros d\u00edszpolg\u00e1ra lett.<br \/>\nA fentiekkel egy\u00fctt m\u00e9gis azt kell mondanunk, hogy \u00c9gerh\u00e1zi Imre debreceni fest\u0151nek sz\u00e1m\u00edt. Az itteni k\u00e9pz\u0151m\u0171v\u00e9szeti szabadiskol\u00e1ban tanult, mesterei debreceniek voltak, a helyi m\u0171v\u00e9szeti \u00e9s t\u00e1rsadalmi \u00e9lethez k\u00f6t\u0151d\u00f6tt ezer sz\u00e1lon.<br \/>\nS\u0171r\u0171n l\u00e1togatta a D\u00e9ri M\u00fazeum \u00e1lland\u00f3 \u00e9s id\u0151szakos ki\u00e1ll\u00edt\u00e1sait. K\u00fcl\u00f6n\u00f6sen sokat \u00fcld\u00f6g\u00e9lt Munk\u00e1csi Mih\u00e1ly Ecce Homo c\u00edm\u0171 alkot\u00e1sa, k\u00e9s\u0151bb a teljes tril\u00f3gia el\u0151tt. Annyira \u00f6r\u00fclt, hogy egy\u00fctt vannak a k\u00e9pek, hogy egyszer engem is elvitt spont\u00e1n egy d\u00e9lut\u00e1n megcsod\u00e1lni a hatalmas alkot\u00e1sokat.<br \/>\nNem v\u00e9letlen, hogy teljes \u00e9letm\u0171v\u00e9t bemutat\u00f3 anyagot adom\u00e1nyozott kedvenc m\u00fazeuma sz\u00e1m\u00e1ra. A t\u00f6bb mint sz\u00e1z munka \u00e1tfogja a teljes \u00e9letm\u0171v\u00e9t 1994-ig \u00e9s minden technikai megold\u00e1s\u00e1b\u00f3l tal\u00e1lunk k\u00e9peket. Rajzok, akvarellek, monot\u00edpi\u00e1k, lin\u00f3metszetek \u00e9s olaj t\u00e1blak\u00e9pek alkotj\u00e1k a gy\u0171jtem\u00e9nyt.<br \/>\nAz aj\u00e1nd\u00e9koz\u00e1st a teljes anyagot bemutat\u00f3 t\u00e1rlat megnyit\u00f3j\u00e1n jelentett\u00e9k be. A ki\u00e1ll\u00edt\u00e1sra a D\u00e9ri M\u00fazeumhoz tartoz\u00f3 Medgyessy Eml\u00e9km\u00fazeumban ker\u00fclt megrendez\u00e9sre. Az esem\u00e9nyr\u0151l az orsz\u00e1gos \u00e9s helyi m\u00e9diumok is kiemelten tud\u00f3s\u00edtottak, \u00c9gerh\u00e1zi Imr\u00e9t a 20. sz\u00e1zad v\u00e9g\u00e9nek egyik vezet\u0151 alf\u00f6ldi mesterek\u00e9nt eml\u00edtve.<br \/>\nA ki\u00e1ll\u00edt\u00e1s j\u00f3l dokument\u00e1lt sz\u00f6veg-, fot\u00f3- \u00e9s vide\u00f3anyagot tekintve is. L\u00e9pjen be a m\u0171v\u00e9sz csod\u00e1latos vil\u00e1g\u00e1ba!<\/p>\n<p>Budapest, 2020. j\u00falius 30.<br \/>\n\u00c9gerh\u00e1zi Attila[\/vc_column_text][vc_separator][vc_tta_tabs style=&#8221;flat&#8221; shape=&#8221;square&#8221; color=&#8221;white&#8221; active_section=&#8221;1&#8243;][vc_tta_section title=&#8221;Katal\u00f3gus&#8221; tab_id=&#8221;1563972373652-e991773e-63f3&#8243;][vc_empty_space][vc_column_text]\n<h6>Ki\u00e1ll\u00edt\u00e1s \u00c9gerh\u00e1zi Imre k\u00e9peib\u0151l<\/h6>\n<p>(Bevezet\u0151 az 1999-ben D\u00e9ry M\u00fazeumban megrendezett ki\u00e1ll\u00edt\u00e1s katal\u00f3gus\u00e1b\u00f3l &#8211; Dr. Selmeczi L\u00e1szl\u00f3)[\/vc_column_text][vc_column_text]\n<p class=\"text-justify\">\u00c9gerh\u00e1zi Imre az Apafy Mih\u00e1ly \u00e1ltal 1670-ben megnemes\u00edtett B\u0151sh\u00e1zi \u00c9gerh\u00e1zi Mih\u00e1ly lesz\u00e1rmazottja, t\u0151sgy\u00f6keres hajd\u00fa ivad\u00e9k. \u00c9lete minden sz\u00e1l\u00e1val, minden gy\u00f6ker\u00e9vel Debrecenhez, a Hajd\u00fas\u00e1ghoz, a Hortob\u00e1gyhoz k\u00f6ti. <!--more--> A g\u00e9njeiben hordozott tehets\u00e9g\u00e9n k\u00edv\u00fcl semmi sem indokolta, hogy valaha is fest\u0151v\u00e9 v\u00e1lj\u00e9k. A csal\u00e1d szoci\u00e1lis helyzete, hagyom\u00e1nyai, a mindennapi harc a meg\u00e9lhet\u00e9s\u00e9rt, minden-minden sokkal ink\u00e1bb arra inspir\u00e1lta, hogy tisztes p\u00e9nzkeres\u0151 hivat\u00e1st v\u00e1lasszon mag\u00e1nak. Azonban a k\u00e9pi l\u00e1t\u00e1sm\u00f3d ir\u00e1nti hajlama, a sz\u00ednek ir\u00e1nti vonzalma, \u00f6r\u00f6kl\u00f6tt tehets\u00e9ge mindenn\u00e9l er\u0151sebbnek bizonyult. Nem j\u00e1rhatott a K\u00e9pz\u0151m\u0171v\u00e9szeti F\u0151iskol\u00e1ra, j\u00e1rt azonban mindenhov\u00e1 \u00e9s mindenkihez, ahonnan \u00e9s akit\u0151l m\u0171v\u00e9szet\u00e9nek mesters\u00e9gbeli fort\u00e9lyait elleshette, megtanulhatta. \u00c9gerh\u00e1zi Imre m\u0171v\u00e9ssz\u00e9 \u00e9r\u00e9se, a szakmai felk\u00e9sz\u00fcl\u00e9si id\u0151szak az \u00e1tlagosn\u00e1l hosszabbnak bizonyult, j\u00f3val elm\u00falt 30 \u00e9ves, amikor el\u0151sz\u00f6r ki\u00e1ll\u00edt\u00e1son bemutatt\u00e1k m\u0171veit. Ennek a k\u00fczdelmes \u00e9letszakasznak azonban nagyon sok pozit\u00edv hozad\u00e9ka is volt. \u00c9gerh\u00e1zi \u00e9rett fest\u0151k\u00e9nt jelent meg Kelet-Magyarorsz\u00e1g m\u0171v\u00e9szi palett\u00e1j\u00e1n, m\u0171vei kezdett\u0151l egyszerre t\u00fckr\u00f6zt\u00e9k a val\u00f3s\u00e1g elvileg mindenki sz\u00e1m\u00e1ra \u00e9rz\u00e9kelhet\u0151 elemeit \u00e9s a fest\u0151 bels\u0151 vil\u00e1g\u00e1t. Azt a bels\u0151 vil\u00e1got, amelyet gener\u00e1ci\u00f3k k\u00fczdelmes \u00e9lete szigor\u00fa erk\u00f6lcse form\u00e1lt \u00e9s amely a m\u0171v\u00e9sz valamennyi alkot\u00e1s\u00e1ban visszat\u00fckr\u00f6z\u0151dik. A szer\u00e9nys\u00e9g, a hivalkod\u00e1smentes visszafogotts\u00e1g, a l\u00e9nyegl\u00e1t\u00e1s, a bels\u0151 harm\u00f3nia, amely tetten\u00e9rhet\u0151 a k\u00f6vetkezetes kompoz\u00edci\u00f3s rendben, a sz\u00ednfoltok \u00e9s a geometriai elemek tudatos alkalmaz\u00e1s\u00e1ban, \u00c9gerh\u00e1zi l\u00e1tsz\u00f3lagos statikus k\u00e9pi vil\u00e1g\u00e1nak bels\u0151 dinamik\u00e1j\u00e1ban, a vezet\u0151 sz\u00edn\u00e1rnyalathoz, a l\u00e9nyegkiemel\u0151 vez\u00e9rsz\u00ednhez v\u00e1lasztott harmoniz\u00e1lt sz\u00ednvari\u00e1ci\u00f3kban, a m\u0171vek balladisztikus t\u00f6m\u00f6rs\u00e9g\u00e9ben \u00e9s a m\u0171v\u00e9sz saj\u00e1tos, eg\u00e9szen egyedi moderns\u00e9g\u00e9ben. Ut\u00f3bbi ugyanis olyan elemek \u00fajrateremt\u00e9s\u00e9b\u0151l, \u00e1tfogalmaz\u00e1s\u00e1b\u00f3l sz\u00e1rmazik, amelyek csak az \u0151 alkot\u00e1sain tetten\u00e9rhet\u0151ek, s ott \u00e9s csakis ott alkotnak eredeti egys\u00e9get.<\/p>\n<p class=\"text-justify\">\u00c9gerh\u00e1zi Imre Debrecen \u00e9s r\u00e9gi\u00f3ja egyik vezet\u0151 mestere, aki meghat\u00e1roz\u00f3 hat\u00e1st gyakorolt e vid\u00e9k m\u0171v\u00e9szeti \u00e9let\u00e9re. Ezt nem els\u0151sorban csak r\u00e1 jellemz\u0151 m\u0171v\u00e9szet\u00e9vel tette, hanem m\u0171v\u00e9szetszervez\u0151 tev\u00e9kenys\u00e9g\u00e9vel. Igen nagy m\u00e9rt\u00e9kben neki k\u00f6sz\u00f6nhet\u0151, hogy Debrecen \u00e9s a Hajd\u00fas\u00e1g a k\u00e9pz\u0151m\u0171v\u00e9szetben ma m\u00e1r nem \u00e1lmos sziget egy-egy nagyobb form\u00e1tum\u00fa egy\u00e9nis\u00e9ggel, hanem olyan m\u0171hely, amelyben szinte valamennyi modern k\u00e9pz\u0151m\u0171v\u00e9szeti ir\u00e1nyzat mark\u00e1ns k\u00e9pviselete megtal\u00e1lhat\u00f3. Nem elhanyagolhat\u00f3 szerepe a hajd\u00fab\u00f6sz\u00f6rm\u00e9nyi Hajd\u00fas\u00e1gi Nemzetk\u00f6zi M\u0171v\u00e9sztelep munk\u00e1j\u00e1ban, amelynek megalakul\u00e1s\u00e1t\u00f3l, 1964-t\u0151l alap\u00edt\u00f3 tagja, s el\u00e9v\u00fclhetetlen \u00e9rdemeket szerzett a Hortob\u00e1gyi Alkot\u00f3t\u00e1bor l\u00e9trehoz\u00e1s\u00e1ban, amelynek 1981 \u00f3ta vezet\u0151je, s m\u0171v\u00e9szeti munk\u00e1ss\u00e1g\u00e1nak form\u00e1l\u00e1s\u00e1ban, ir\u00e1ny\u00edt\u00e1s\u00e1ban. A Hortob\u00e1gyi Alkot\u00f3t\u00e1bor tev\u00e9kenys\u00e9g\u00e9nek eredm\u00e9nyek\u00e9ppen Debrecen, a Hortob\u00e1gy \u00e9s a Hajd\u00fas\u00e1g ismertt\u00e9 v\u00e1lt, munkalehet\u0151s\u00e9get biztos\u00edtott a hat\u00e1ron t\u00fali magyar fest\u0151k, grafikusok \u00e9s fot\u00f3m\u0171v\u00e9szek sz\u00e1m\u00e1ra, m\u0171v\u00e9szeket vonzott erre a t\u00e1jra Jap\u00e1nt\u00f3l Eur\u00f3p\u00e1n \u00e1t D\u00e9l-Amerik\u00e1ig.<\/p>\n<p class=\"text-justify\">\u00c9gerh\u00e1zi Imre maholnap 75 \u00e9ves. Egy \u00e9vtizeddel ezel\u0151tt majdnem elindult azon az \u00faton, amely a halhatatlans\u00e1gba vezet. A Teremt\u0151 azonban tudta, hogy m\u00e9g sok feladat v\u00e1r r\u00e1 ezen az \u00e1rny\u00e9kvil\u00e1gon, s azokat kell megoldania a saj\u00e1t \u00f6r\u00f6m\u00e9re, m\u0171v\u00e9szt\u00e1rsai munk\u00e1j\u00e1nak seg\u00edt\u00e9s\u00e9re, s \u00e9rt\u00fcnk valamennyi\u00fcnk\u00e9rt, akik e t\u00e1j lak\u00f3i vagyunk.<\/p>\n[\/vc_column_text][vc_separator][vc_empty_space][vc_column_text]\n<h5>Katal\u00f3gus<\/h5>\n[\/vc_column_text][vc_media_grid element_width=&#8221;3&#8243; gap=&#8221;15&#8243; item=&#8221;794&#8243; grid_id=&#8221;vc_gid:1601367620880-9314fd80-6e10-8&#8243; include=&#8221;202,201,200,194,197,196,195,199,198,193,192,191&#8243;][\/vc_tta_section][vc_tta_section title=&#8221;Fot\u00f3k&#8221; tab_id=&#8221;1563976083206-75457341-4d66&#8243;][vc_empty_space height=&#8221;16px&#8221;][vc_media_grid element_width=&#8221;3&#8243; gap=&#8221;15&#8243; grid_id=&#8221;vc_gid:1601367620882-1addbc6a-6299-1&#8243; include=&#8221;229,228,227,226,225,224,223,222,221,220,219,205,206,207,208,209,210,211,212,213,214,215,216,217,218&#8243;][\/vc_tta_section][vc_tta_section title=&#8221;Cikkek, dokumentumok&#8221; tab_id=&#8221;1563976098032-09d543f8-ecc7&#8243;][vc_empty_space][vc_row_inner][vc_column_inner width=&#8221;3\/4&#8243;][vc_column_text]\n<h6><strong>A m\u0171v\u00e9sz aj\u00e1nd\u00e9ka<\/strong><\/h6>\n<p><em>(Cikk az 1999. m\u00e1jus 21-\u00e9n megjelent Hajd\u00fa-Bihari Napl\u00f3-b\u00f3l)<\/em><\/p>\n<p><strong>Debrecen (HBN &#8211; A.L.) &#8211; \u00c9gerh\u00e1zi Imre fest\u0151m\u0171v\u00e9sz a Medgyessy Ferenc-eml\u00e9km\u00fazeumban l\u00e1that\u00f3 &#8211; j\u00fanius k\u00f6zep\u00e9ig prolong\u00e1lt &#8211; gy\u0171jtem\u00e9nyes t\u00e1rlat\u00e1nak valamennyi darabj\u00e1t a D\u00e9ri M\u00fazeumnak adom\u00e1nyozza.<\/strong><\/p>\n<p>A Debrecenben \u00e9l\u0151 m\u0171v\u00e9sz m\u00e1r a t\u00e1rlat nyit\u00e1s\u00e1n bejelentette a 80 alkot\u00e1s aj\u00e1nd\u00e9koz\u00e1s\u00e1nak sz\u00e1nd\u00e9k\u00e1t. M\u00e1jus 20-\u00e1n a megyeh\u00e1za Csokonai term\u00e9ben \u00c9gerh\u00e1zi Imre, illetve Selmeczi L\u00e1szl\u00f3 megyei m\u00fazeumigazgat\u00f3, a D\u00e9ri M\u00fazeum igazgat\u00f3ja a megaj\u00e1nd\u00e9kozott int\u00e9zm\u00e9ny k\u00e9pviselet\u00e9ben \u00e9s L\u00e1yer J\u00f3zsef eln\u00f6k, a megyei k\u00f6zgy\u0171l\u00e9s ( m\u00fazeum fenntart\u00f3ja) nev\u00e9ben al\u00e1\u00edrt\u00e1k az aj\u00e1nd\u00e9koz\u00e1si szerz\u0151d\u00e9st. Ennek \u00e9rtelm\u00e9ben a m\u00fazeum a k\u00e9pz\u0151m\u0171v\u00e9szeti gy\u0171jtem\u00e9ny\u00e9nek r\u00e9szek\u00e9nt kezeli az adom\u00e1nyt. Selmeczi L\u00e1szl\u00f3 a Napl\u00f3nak elmondta: a debreceni \u00e1lland\u00f3 kort\u00e1rs k\u00e9pz\u0151m\u0171v\u00e9szeti gal\u00e9ria egyel\u0151re csak \u00e1lom, ez\u00e9rt az aj\u00e1nd\u00e9kba kapott m\u0171veket a hazai k\u00f6z\u00f6ns\u00e9ggel val\u00f3 megismertet\u00e9s els\u0151 l\u00e9p\u00e9sek\u00e9nt orsz\u00e1gos v\u00e1ndort\u00e1rlatot &#8211; k\u00f6zt\u00fck term\u00e9szetesen megy\u00e9nkben is &#8211; , frekvent\u00e1lt ki\u00e1ll\u00edt\u00f3helyeken mutatj\u00e1k be, el\u0151sz\u00f6r Si\u00f3fokon \u00e9s Keszthelyen. Az \u00e9letm\u0171v\u00e9t m\u00e9g kor\u00e1ntsem lez\u00e1rt alkot\u00f3 &#8211; aki most is nagym\u00e9ret\u0171 festm\u00e9nyen \u00e9s t\u00f6rt\u00e9nelmi pann\u00f3n dolgozik &#8211; jelezte: a m\u0171v\u00e9szek v\u00e1gya, hogy alkot\u00e1saik olyan m\u00e9lt\u00f3 helyre ker\u00fcljenek, ahol megbecs\u00fclik azokat; ez k\u00e9sztette arra, hogy a D\u00e9ri M\u00fazeumnak adom\u00e1nyozza \u00e9letm\u0171ve egy r\u00e9sz\u00e9t.[\/vc_column_text][\/vc_column_inner][vc_column_inner width=&#8221;1\/4&#8243;][vc_single_image image=&#8221;8272&#8243; img_size=&#8221;large&#8221; alignment=&#8221;right&#8221; onclick=&#8221;link_image&#8221;][\/vc_column_inner][\/vc_row_inner][vc_separator][vc_empty_space height=&#8221;16px&#8221;][vc_column_text]\n<h5>Az aj\u00e1nd\u00e9koz\u00e1si dokumentum<\/h5>\n[\/vc_column_text][vc_media_grid style=&#8221;lazy&#8221; items_per_page=&#8221;12&#8243; element_width=&#8221;3&#8243; gap=&#8221;15&#8243; item=&#8221;794&#8243; grid_id=&#8221;vc_gid:1601367620884-7e18c7b0-f221-1&#8243; include=&#8221;232,233&#8243;][\/vc_tta_section][vc_tta_section title=&#8221;Festm\u00e9nyek&#8221; tab_id=&#8221;1563976114809-c5244b6a-d4ef&#8221;][vc_empty_space height=&#8221;16px&#8221;][vc_basic_grid post_type=&#8221;page&#8221; max_items=&#8221;-1&#8243; element_width=&#8221;3&#8243; order=&#8221;ASC&#8221; item=&#8221;7963&#8243; grid_id=&#8221;vc_gid:1601367620885-21f6afc7-e1ea-8&#8243; taxonomies=&#8221;168&#8243;][\/vc_tta_section][vc_tta_section title=&#8221;Audi\u00f3 \u00e9s vide\u00f3&#8221; tab_id=&#8221;1591966468912-e90cb6d5-98c0&#8243;][vc_empty_space height=&#8221;16px&#8221;][vc_column_text]<strong>Ki\u00e1ll\u00edt\u00e1s megnyit\u00f3<\/strong>[\/vc_column_text][vc_video link=&#8221;https:\/\/youtu.be\/wX2DzG-V5Ag&#8221; el_width=&#8221;80&#8243; align=&#8221;center&#8221;][vc_separator][vc_column_text]<strong>A ki\u00e1ll\u00edtott alkot\u00e1sokr\u00f3l<\/strong>[\/vc_column_text][vc_video link=&#8221;https:\/\/youtu.be\/DN9qqPwHF9U&#8221; el_width=&#8221;80&#8243; align=&#8221;center&#8221;][vc_separator][vc_column_text]<strong>Aj\u00e1nd\u00e9koz\u00e1s a D\u00e9ry M\u00fazeum r\u00e9sz\u00e9re<\/strong>[\/vc_column_text][vc_video link=&#8221;https:\/\/youtu.be\/u8lPPMcKP3E&#8221; el_width=&#8221;80&#8243; align=&#8221;center&#8221;][vc_separator][vc_column_text]<strong>K\u00f6rzeti h\u00edrad\u00f3 &#8211; Medgyessi ki\u00e1ll\u00edt\u00e1s<\/strong>[\/vc_column_text][vc_video link=&#8221;https:\/\/youtu.be\/nBBG_NmCtuo&#8221; el_width=&#8221;80&#8243; align=&#8221;center&#8221;][vc_empty_space][\/vc_tta_section][\/vc_tta_tabs][\/vc_column][\/vc_row][vc_row][vc_column][vc_separator][vc_btn title=&#8221;Vissza a ki\u00e1ll\u00edt\u00e1sok list\u00e1j\u00e1ra&#8221; shape=&#8221;square&#8221; color=&#8221;orange&#8221; align=&#8221;center&#8221; i_icon_fontawesome=&#8221;fas fa-angle-double-left&#8221; add_icon=&#8221;true&#8221; link=&#8221;url:http%3A%2F%2Fegerhaziimre.hu%2Findex.php%2Fkiallitasok-list%2F|title:%5B%3Ahu%5DKi%C3%A1ll%C3%ADt%C3%A1sok%5B%3Aen%5DExhibitions%5B%3A%5D&#8221; el_class=&#8221;mb60 mb30-md&#8221;][\/vc_column][\/vc_row]\n\n<\/div>","protected":false},"excerpt":{"rendered":"<p>[vc_row][vc_column][vc_column_text]\u00c9gerh\u00e1zi Imre 9 \u00e9ves volt, mikor bek\u00f6lt\u00f6ztek Hajd\u00fahadh\u00e1zr\u00f3l Debrecenbe. Debrecenben n\u0151tt fel, v\u00e1lt \u00e9rett fest\u0151v\u00e9, de mindig is k\u00f6t\u0151d\u00f6tt a Hajd\u00fas\u00e1ghoz \u00e9s Hajd\u00fahadh\u00e1zhoz is. A 90-es \u00e9vekben Hadh\u00e1zt\u00f3l kapott alkot\u00f3h\u00e1zat, melyet \u00e9letm\u0171ve k\u00f6zel 100 alkot\u00e1s\u00e1nak a v\u00e1ros r\u00e9sz\u00e9re t\u00f6rt\u00e9nt adom\u00e1nyoz\u00e1s\u00e1val h\u00e1l\u00e1lt meg a m\u0171v\u00e9sz. K\u00e9s\u0151bb a v\u00e1ros d\u00edszpolg\u00e1ra lett. A fentiekkel egy\u00fctt m\u00e9gis azt kell mondanunk, hogy \u00c9gerh\u00e1zi Imre debreceni [&hellip;]<\/p>\n","protected":false},"author":4,"featured_media":206,"parent":0,"menu_order":0,"comment_status":"closed","ping_status":"closed","template":"","meta":{"footnotes":""},"categories":[8,10,4],"tags":[29,33],"class_list":["post-188","page","type-page","status-publish","has-post-thumbnail","hentry","category-egyeni_kiallitasok","category-feldolgozott_kiallitasok","category-kiallitasok","tag-29","tag-debrecen"],"yoast_head":"<!-- This site is optimized with the Yoast SEO plugin v27.0 - https:\/\/yoast.com\/product\/yoast-seo-wordpress\/ -->\n<title>\u00c9gerh\u00e1zi Imre 80 k\u00e9pb\u0151l \u00e1ll\u00f3 jubileumi ki\u00e1ll\u00edt\u00e1sa, Debrecen, 1999. - \u00c9gerh\u00e1zi Imre<\/title>\n<meta name=\"robots\" content=\"index, follow, max-snippet:-1, max-image-preview:large, max-video-preview:-1\" \/>\n<link rel=\"canonical\" href=\"https:\/\/egerhaziimre.hu\/index.php\/kiallitas_egerhazi_imre_kepeibol_1999_04_debrecen\/?lang=en\" \/>\n<meta property=\"og:locale\" content=\"hu_HU\" \/>\n<meta property=\"og:type\" content=\"article\" \/>\n<meta property=\"og:title\" content=\"\u00c9gerh\u00e1zi Imre 80 k\u00e9pb\u0151l \u00e1ll\u00f3 jubileumi ki\u00e1ll\u00edt\u00e1sa, Debrecen, 1999. - \u00c9gerh\u00e1zi Imre\" \/>\n<meta property=\"og:description\" content=\"[vc_row][vc_column][vc_column_text]\u00c9gerh\u00e1zi Imre 9 \u00e9ves volt, mikor bek\u00f6lt\u00f6ztek Hajd\u00fahadh\u00e1zr\u00f3l Debrecenbe. Debrecenben n\u0151tt fel, v\u00e1lt \u00e9rett fest\u0151v\u00e9, de mindig is k\u00f6t\u0151d\u00f6tt a Hajd\u00fas\u00e1ghoz \u00e9s Hajd\u00fahadh\u00e1zhoz is. A 90-es \u00e9vekben Hadh\u00e1zt\u00f3l kapott alkot\u00f3h\u00e1zat, melyet \u00e9letm\u0171ve k\u00f6zel 100 alkot\u00e1s\u00e1nak a v\u00e1ros r\u00e9sz\u00e9re t\u00f6rt\u00e9nt adom\u00e1nyoz\u00e1s\u00e1val h\u00e1l\u00e1lt meg a m\u0171v\u00e9sz. K\u00e9s\u0151bb a v\u00e1ros d\u00edszpolg\u00e1ra lett. A fentiekkel egy\u00fctt m\u00e9gis azt kell mondanunk, hogy \u00c9gerh\u00e1zi Imre debreceni [&hellip;]\" \/>\n<meta property=\"og:url\" content=\"https:\/\/egerhaziimre.hu\/index.php\/kiallitas_egerhazi_imre_kepeibol_1999_04_debrecen\/?lang=en\" \/>\n<meta property=\"og:site_name\" content=\"\u00c9gerh\u00e1zi Imre\" \/>\n<meta property=\"article:modified_time\" content=\"2020-10-02T14:24:25+00:00\" \/>\n<meta property=\"og:image\" content=\"https:\/\/egerhaziimre.hu\/wp-content\/uploads\/2019\/07\/99_deri_kiallitas02.jpg\" \/>\n\t<meta property=\"og:image:width\" content=\"400\" \/>\n\t<meta property=\"og:image:height\" content=\"281\" \/>\n\t<meta property=\"og:image:type\" content=\"image\/jpeg\" \/>\n<meta name=\"twitter:card\" content=\"summary_large_image\" \/>\n<meta name=\"twitter:label1\" content=\"Becs\u00fclt olvas\u00e1si id\u0151\" \/>\n\t<meta name=\"twitter:data1\" content=\"17 perc\" \/>\n<script type=\"application\/ld+json\" class=\"yoast-schema-graph\">{\"@context\":\"https:\/\/schema.org\",\"@graph\":[{\"@type\":\"WebPage\",\"@id\":\"https:\/\/egerhaziimre.hu\/index.php\/kiallitas_egerhazi_imre_kepeibol_1999_04_debrecen\/?lang=en\",\"url\":\"https:\/\/egerhaziimre.hu\/index.php\/kiallitas_egerhazi_imre_kepeibol_1999_04_debrecen\/?lang=en\",\"name\":\"\u00c9gerh\u00e1zi Imre 80 k\u00e9pb\u0151l \u00e1ll\u00f3 jubileumi ki\u00e1ll\u00edt\u00e1sa, Debrecen, 1999. - \u00c9gerh\u00e1zi Imre\",\"isPartOf\":{\"@id\":\"https:\/\/egerhaziimre.hu\/#website\"},\"primaryImageOfPage\":{\"@id\":\"https:\/\/egerhaziimre.hu\/index.php\/kiallitas_egerhazi_imre_kepeibol_1999_04_debrecen\/?lang=en#primaryimage\"},\"image\":{\"@id\":\"https:\/\/egerhaziimre.hu\/index.php\/kiallitas_egerhazi_imre_kepeibol_1999_04_debrecen\/?lang=en#primaryimage\"},\"thumbnailUrl\":\"https:\/\/egerhaziimre.hu\/wp-content\/uploads\/2019\/07\/99_deri_kiallitas02.jpg\",\"datePublished\":\"1999-04-24T09:32:00+00:00\",\"dateModified\":\"2020-10-02T14:24:25+00:00\",\"breadcrumb\":{\"@id\":\"https:\/\/egerhaziimre.hu\/index.php\/kiallitas_egerhazi_imre_kepeibol_1999_04_debrecen\/?lang=en#breadcrumb\"},\"inLanguage\":\"hu\",\"potentialAction\":[{\"@type\":\"ReadAction\",\"target\":[\"https:\/\/egerhaziimre.hu\/index.php\/kiallitas_egerhazi_imre_kepeibol_1999_04_debrecen\/?lang=en\"]}]},{\"@type\":\"ImageObject\",\"inLanguage\":\"hu\",\"@id\":\"https:\/\/egerhaziimre.hu\/index.php\/kiallitas_egerhazi_imre_kepeibol_1999_04_debrecen\/?lang=en#primaryimage\",\"url\":\"https:\/\/egerhaziimre.hu\/wp-content\/uploads\/2019\/07\/99_deri_kiallitas02.jpg\",\"contentUrl\":\"https:\/\/egerhaziimre.hu\/wp-content\/uploads\/2019\/07\/99_deri_kiallitas02.jpg\",\"width\":400,\"height\":281},{\"@type\":\"BreadcrumbList\",\"@id\":\"https:\/\/egerhaziimre.hu\/index.php\/kiallitas_egerhazi_imre_kepeibol_1999_04_debrecen\/?lang=en#breadcrumb\",\"itemListElement\":[{\"@type\":\"ListItem\",\"position\":1,\"name\":\"Home\",\"item\":\"https:\/\/egerhaziimre.hu\/\"},{\"@type\":\"ListItem\",\"position\":2,\"name\":\"Anniversary Exhibition By Imre \u00c9gerh\u00e1zi With 80 Paintings At Debrecen, April 1999\"}]},{\"@type\":\"WebSite\",\"@id\":\"https:\/\/egerhaziimre.hu\/#website\",\"url\":\"https:\/\/egerhaziimre.hu\/\",\"name\":\"\u00c9gerh\u00e1zi Imre\",\"description\":\"\",\"potentialAction\":[{\"@type\":\"SearchAction\",\"target\":{\"@type\":\"EntryPoint\",\"urlTemplate\":\"https:\/\/egerhaziimre.hu\/?s={search_term_string}\"},\"query-input\":{\"@type\":\"PropertyValueSpecification\",\"valueRequired\":true,\"valueName\":\"search_term_string\"}}],\"inLanguage\":\"hu\"}]}<\/script>\n<!-- \/ Yoast SEO plugin. -->","yoast_head_json":{"title":"\u00c9gerh\u00e1zi Imre 80 k\u00e9pb\u0151l \u00e1ll\u00f3 jubileumi ki\u00e1ll\u00edt\u00e1sa, Debrecen, 1999. - \u00c9gerh\u00e1zi Imre","robots":{"index":"index","follow":"follow","max-snippet":"max-snippet:-1","max-image-preview":"max-image-preview:large","max-video-preview":"max-video-preview:-1"},"canonical":"https:\/\/egerhaziimre.hu\/index.php\/kiallitas_egerhazi_imre_kepeibol_1999_04_debrecen\/?lang=en","og_locale":"hu_HU","og_type":"article","og_title":"\u00c9gerh\u00e1zi Imre 80 k\u00e9pb\u0151l \u00e1ll\u00f3 jubileumi ki\u00e1ll\u00edt\u00e1sa, Debrecen, 1999. - \u00c9gerh\u00e1zi Imre","og_description":"[vc_row][vc_column][vc_column_text]\u00c9gerh\u00e1zi Imre 9 \u00e9ves volt, mikor bek\u00f6lt\u00f6ztek Hajd\u00fahadh\u00e1zr\u00f3l Debrecenbe. Debrecenben n\u0151tt fel, v\u00e1lt \u00e9rett fest\u0151v\u00e9, de mindig is k\u00f6t\u0151d\u00f6tt a Hajd\u00fas\u00e1ghoz \u00e9s Hajd\u00fahadh\u00e1zhoz is. A 90-es \u00e9vekben Hadh\u00e1zt\u00f3l kapott alkot\u00f3h\u00e1zat, melyet \u00e9letm\u0171ve k\u00f6zel 100 alkot\u00e1s\u00e1nak a v\u00e1ros r\u00e9sz\u00e9re t\u00f6rt\u00e9nt adom\u00e1nyoz\u00e1s\u00e1val h\u00e1l\u00e1lt meg a m\u0171v\u00e9sz. K\u00e9s\u0151bb a v\u00e1ros d\u00edszpolg\u00e1ra lett. A fentiekkel egy\u00fctt m\u00e9gis azt kell mondanunk, hogy \u00c9gerh\u00e1zi Imre debreceni [&hellip;]","og_url":"https:\/\/egerhaziimre.hu\/index.php\/kiallitas_egerhazi_imre_kepeibol_1999_04_debrecen\/?lang=en","og_site_name":"\u00c9gerh\u00e1zi Imre","article_modified_time":"2020-10-02T14:24:25+00:00","og_image":[{"width":400,"height":281,"url":"https:\/\/egerhaziimre.hu\/wp-content\/uploads\/2019\/07\/99_deri_kiallitas02.jpg","type":"image\/jpeg"}],"twitter_card":"summary_large_image","twitter_misc":{"Becs\u00fclt olvas\u00e1si id\u0151":"17 perc"},"schema":{"@context":"https:\/\/schema.org","@graph":[{"@type":"WebPage","@id":"https:\/\/egerhaziimre.hu\/index.php\/kiallitas_egerhazi_imre_kepeibol_1999_04_debrecen\/?lang=en","url":"https:\/\/egerhaziimre.hu\/index.php\/kiallitas_egerhazi_imre_kepeibol_1999_04_debrecen\/?lang=en","name":"\u00c9gerh\u00e1zi Imre 80 k\u00e9pb\u0151l \u00e1ll\u00f3 jubileumi ki\u00e1ll\u00edt\u00e1sa, Debrecen, 1999. - \u00c9gerh\u00e1zi Imre","isPartOf":{"@id":"https:\/\/egerhaziimre.hu\/#website"},"primaryImageOfPage":{"@id":"https:\/\/egerhaziimre.hu\/index.php\/kiallitas_egerhazi_imre_kepeibol_1999_04_debrecen\/?lang=en#primaryimage"},"image":{"@id":"https:\/\/egerhaziimre.hu\/index.php\/kiallitas_egerhazi_imre_kepeibol_1999_04_debrecen\/?lang=en#primaryimage"},"thumbnailUrl":"https:\/\/egerhaziimre.hu\/wp-content\/uploads\/2019\/07\/99_deri_kiallitas02.jpg","datePublished":"1999-04-24T09:32:00+00:00","dateModified":"2020-10-02T14:24:25+00:00","breadcrumb":{"@id":"https:\/\/egerhaziimre.hu\/index.php\/kiallitas_egerhazi_imre_kepeibol_1999_04_debrecen\/?lang=en#breadcrumb"},"inLanguage":"hu","potentialAction":[{"@type":"ReadAction","target":["https:\/\/egerhaziimre.hu\/index.php\/kiallitas_egerhazi_imre_kepeibol_1999_04_debrecen\/?lang=en"]}]},{"@type":"ImageObject","inLanguage":"hu","@id":"https:\/\/egerhaziimre.hu\/index.php\/kiallitas_egerhazi_imre_kepeibol_1999_04_debrecen\/?lang=en#primaryimage","url":"https:\/\/egerhaziimre.hu\/wp-content\/uploads\/2019\/07\/99_deri_kiallitas02.jpg","contentUrl":"https:\/\/egerhaziimre.hu\/wp-content\/uploads\/2019\/07\/99_deri_kiallitas02.jpg","width":400,"height":281},{"@type":"BreadcrumbList","@id":"https:\/\/egerhaziimre.hu\/index.php\/kiallitas_egerhazi_imre_kepeibol_1999_04_debrecen\/?lang=en#breadcrumb","itemListElement":[{"@type":"ListItem","position":1,"name":"Home","item":"https:\/\/egerhaziimre.hu\/"},{"@type":"ListItem","position":2,"name":"Anniversary Exhibition By Imre \u00c9gerh\u00e1zi With 80 Paintings At Debrecen, April 1999"}]},{"@type":"WebSite","@id":"https:\/\/egerhaziimre.hu\/#website","url":"https:\/\/egerhaziimre.hu\/","name":"\u00c9gerh\u00e1zi Imre","description":"","potentialAction":[{"@type":"SearchAction","target":{"@type":"EntryPoint","urlTemplate":"https:\/\/egerhaziimre.hu\/?s={search_term_string}"},"query-input":{"@type":"PropertyValueSpecification","valueRequired":true,"valueName":"search_term_string"}}],"inLanguage":"hu"}]}},"jetpack_sharing_enabled":true,"_links":{"self":[{"href":"https:\/\/egerhaziimre.hu\/index.php\/wp-json\/wp\/v2\/pages\/188","targetHints":{"allow":["GET"]}}],"collection":[{"href":"https:\/\/egerhaziimre.hu\/index.php\/wp-json\/wp\/v2\/pages"}],"about":[{"href":"https:\/\/egerhaziimre.hu\/index.php\/wp-json\/wp\/v2\/types\/page"}],"author":[{"embeddable":true,"href":"https:\/\/egerhaziimre.hu\/index.php\/wp-json\/wp\/v2\/users\/4"}],"replies":[{"embeddable":true,"href":"https:\/\/egerhaziimre.hu\/index.php\/wp-json\/wp\/v2\/comments?post=188"}],"version-history":[{"count":177,"href":"https:\/\/egerhaziimre.hu\/index.php\/wp-json\/wp\/v2\/pages\/188\/revisions"}],"predecessor-version":[{"id":10489,"href":"https:\/\/egerhaziimre.hu\/index.php\/wp-json\/wp\/v2\/pages\/188\/revisions\/10489"}],"wp:featuredmedia":[{"embeddable":true,"href":"https:\/\/egerhaziimre.hu\/index.php\/wp-json\/wp\/v2\/media\/206"}],"wp:attachment":[{"href":"https:\/\/egerhaziimre.hu\/index.php\/wp-json\/wp\/v2\/media?parent=188"}],"wp:term":[{"taxonomy":"category","embeddable":true,"href":"https:\/\/egerhaziimre.hu\/index.php\/wp-json\/wp\/v2\/categories?post=188"},{"taxonomy":"post_tag","embeddable":true,"href":"https:\/\/egerhaziimre.hu\/index.php\/wp-json\/wp\/v2\/tags?post=188"}],"curies":[{"name":"wp","href":"https:\/\/api.w.org\/{rel}","templated":true}]}}