{"id":18944,"date":"2024-11-08T15:52:17","date_gmt":"2024-11-08T14:52:17","guid":{"rendered":"https:\/\/egerhaziimre.hu\/?page_id=18944"},"modified":"2024-11-08T16:00:11","modified_gmt":"2024-11-08T15:00:11","slug":"vegzett-diak-kapta-az-idei-osztondijat","status":"publish","type":"page","link":"https:\/\/egerhaziimre.hu\/index.php\/vegzett-diak-kapta-az-idei-osztondijat\/","title":{"rendered":"V\u00e9gzett di\u00e1k kapta az idei \u00f6szt\u00f6nd\u00edjat"},"content":{"rendered":"<div class=\"wpb-content-wrapper\">[vc_row][vc_column][vc_single_image image=&#8221;18945&#8243; img_size=&#8221;full&#8221; alignment=&#8221;center&#8221; style=&#8221;xtd-shadow&#8211;normal-light&#8221; onclick=&#8221;link_image&#8221; css=&#8221;&#8221;][vc_column_text css=&#8221;&#8221;]\n<div style=\"text-align: center;\"><span lang=\"HU\">A d\u00edj\u00e1tad\u00f3 ut\u00e1n<\/span><\/div>\n[\/vc_column_text][vc_separator][vc_empty_space][vc_row_inner][vc_column_inner width=&#8221;2\/3&#8243;][vc_column_text css=&#8221;&#8221;]\n<p style=\"font-weight: 400;\">El\u0151sz\u00f6r 2005-ben adhattuk \u00e1t a debreceni D\u00f3czy-gimn\u00e1ziumban el\u0151z\u0151 tan\u00e9vben legjobb k\u00e9pz\u0151m\u0171v\u00e9szeti teljes\u00edtm\u00e9nyt ny\u00fajt\u00f3 di\u00e1knak az \u00c9gerh\u00e1zi Imre Alkot\u00f3i \u00d6szt\u00f6nd\u00edjat. \u00cdgy id\u00e9n m\u00e1r 20. alkalommal rendezett d\u00edj\u00e1tad\u00f3 \u00fcnneps\u00e9get az iskola a D\u00f3czy Gal\u00e9ri\u00e1ban, ahol Bokor Ad\u00e9l Roberta vehette \u00e1t t\u0151lem az elismer\u00e9st tan\u00fas\u00edt\u00f3 oklevelet okt\u00f3ber els\u0151 napj\u00e1n.<\/p>\n<p style=\"font-weight: 400;\">A patin\u00e1s alma-mater egykori, k\u00e9s\u0151bb h\u00edress\u00e9 v\u00e1lt di\u00e1kja, Szab\u00f3 Magda \u00edr\u00f3n\u0151 eml\u00e9k\u00e9re rendezett hagyom\u00e1nyos Matula-napok programsorozat\u00e1ba illesztett d\u00edj\u00e1tad\u00f3n Czapp Katalin k\u00f6sz\u00f6nt\u00f6tte a megjelenteket. Az oklev\u00e9l \u00e1tad\u00e1sa el\u0151tt N\u00e9ma M\u00f3nika rajztan\u00e1rn\u0151 sz\u00f3lt n\u00e9h\u00e1ny sz\u00f3t id\u00e9n v\u00e9gzett tan\u00edtv\u00e1ny\u00e1r\u00f3l, akinek az esem\u00e9nyhez kapcsol\u00f3dva ny\u00edlt bemutat\u00f3 ki\u00e1ll\u00edt\u00e1sa \u00datk\u00f6zben c\u00edmmel. A d\u00edjazott munk\u00e1it jellemezve elmondta, alkot\u00e1sait az \u00e1tgondolts\u00e1g, finom, apr\u00f3l\u00e9kos kidolgoz\u00e1s jellemzi. T\u00e9mav\u00e1laszt\u00e1sa v\u00e1ltozatos. M\u0171veiben megjelenik a kereszt\u00e9ny szeml\u00e9let, a fiatalos, innovat\u00edv lend\u00fclet \u00e9s a sokoldal\u00fa\u00a0\u00e9rdekl\u0151d\u00e9s.<\/p>\n<p style=\"font-weight: 400;\">\u201eM\u00e1r \u00f3vod\u00e1s koromban szerettem rajzolni, de igaz\u00e1n csak a 2020\/21-es Covid-j\u00e1rv\u00e1ny idej\u00e9n kezdtem el a fest\u00e9ssel foglalkozni\u2026 R\u00e9gebben f\u0151leg t\u00e1jk\u00e9peket festettem, mostan\u00e1ban viszont a portr\u00e9kban, ember\u00e1br\u00e1zol\u00e1sokban, \u00f6sszetettebb kompoz\u00edci\u00f3kban tal\u00e1lom meg a kih\u00edv\u00e1st. Szeretek egy festm\u00e9nyhez t\u00f6bb gondolatis\u00e1got f\u0171zni, de n\u00e9ha csak kikapcsol\u00f3d\u00e1sk\u00e9nt k\u00eds\u00e9rletezek a sz\u00ednekkel, form\u00e1kkal \u00e9s k\u00fcl\u00f6nb\u00f6z\u0151 st\u00edlusokkal.\u201d Bokor Ad\u00e9l Roberta az oklev\u00e9l \u00e1tad\u00e1s ut\u00e1n t\u00f6bbek k\u00f6z\u00f6tt ezekkel a szavakkal aj\u00e1nlotta megtekint\u00e9sre ki\u00e1ll\u00edt\u00e1s\u00e1t, melyen az \u00e9retts\u00e9gi vizsg\u00e1j\u00e1ra k\u00e9sz\u00edtett alkot\u00e1sait lehetett megtekinteni. A m\u00e1r a Debreceni Egyetem politol\u00f3gia szakos hallgat\u00f3ja az \u00fcnneps\u00e9g ut\u00e1n elmondta, b\u00e1r \u00e9rdekl\u0151d\u00e9si k\u00f6r\u00e9nek megfelel\u0151 tanulm\u00e1nyokat folytat, de a fest\u00e9st sem hagyja abba.<\/p>\n<p style=\"font-weight: 400;\"><span style=\"font-weight: 400;\">\u00c9gerh\u00e1zi P\u00e9ter<\/span><\/p>\n[\/vc_column_text][\/vc_column_inner][vc_column_inner width=&#8221;1\/3&#8243;][vc_single_image image=&#8221;18946&#8243; img_size=&#8221;large&#8221; alignment=&#8221;right&#8221; style=&#8221;xtd-shadow&#8211;normal-light&#8221; onclick=&#8221;link_image&#8221; css=&#8221;&#8221;][\/vc_column_inner][\/vc_row_inner][vc_empty_space][vc_separator][vc_column_text]\n<h6>Fot\u00f3gal\u00e9ria<\/h6>\n[\/vc_column_text][vc_media_grid style=&#8221;lazy&#8221; items_per_page=&#8221;12&#8243; element_width=&#8221;3&#8243; gap=&#8221;10&#8243; css=&#8221;&#8221; grid_id=&#8221;vc_gid:1731077919075-f0cd231f-03d3-5&#8243; include=&#8221;18945,18947,18948,18949,18950,18951,18952,18953,18954&#8243;][vc_empty_space][vc_column_text css=&#8221;&#8221;]<a href=\"https:\/\/debreceninap.hu\/helyi\/2024\/10\/01\/atadtak-a-fiatal-alkotoknak-jaro-egerhazi-dijat-debrecenben\/\" target=\"_blank\" rel=\"noopener\">debreceninap.hu cikk<\/a><\/p>\n<p><a href=\"https:\/\/www.dehir.hu\/kultura\/iden-is-elismerest-kap-egy-doczys-diak-a-kepzomuveszi-tevekenysegeert\/2024\/09\/30\/\" target=\"_blank\" rel=\"noopener\">dehir.hu cikk<\/a><\/p>\n<p><a href=\"https:\/\/www.haon.hu\/helyi-kultura\/2024\/10\/egerhazi-imre-osztondij-debrecen-doczy\" target=\"_blank\" rel=\"noopener\">haon.hu cikk<\/a>[\/vc_column_text][\/vc_column][\/vc_row]\n<\/div>","protected":false},"excerpt":{"rendered":"<p>[vc_row][vc_column][vc_single_image image=&#8221;18945&#8243; img_size=&#8221;full&#8221; alignment=&#8221;center&#8221; style=&#8221;xtd-shadow&#8211;normal-light&#8221; onclick=&#8221;link_image&#8221; css=&#8221;&#8221;][vc_column_text css=&#8221;&#8221;] A d\u00edj\u00e1tad\u00f3 ut\u00e1n [\/vc_column_text][vc_separator][vc_empty_space][vc_row_inner][vc_column_inner width=&#8221;2\/3&#8243;][vc_column_text css=&#8221;&#8221;] El\u0151sz\u00f6r 2005-ben adhattuk \u00e1t a debreceni D\u00f3czy-gimn\u00e1ziumban el\u0151z\u0151 tan\u00e9vben legjobb k\u00e9pz\u0151m\u0171v\u00e9szeti teljes\u00edtm\u00e9nyt ny\u00fajt\u00f3 di\u00e1knak az \u00c9gerh\u00e1zi Imre Alkot\u00f3i \u00d6szt\u00f6nd\u00edjat. \u00cdgy id\u00e9n m\u00e1r 20. alkalommal rendezett d\u00edj\u00e1tad\u00f3 \u00fcnneps\u00e9get az iskola a D\u00f3czy Gal\u00e9ri\u00e1ban, ahol Bokor Ad\u00e9l Roberta vehette \u00e1t t\u0151lem az elismer\u00e9st tan\u00fas\u00edt\u00f3 oklevelet okt\u00f3ber els\u0151 napj\u00e1n. [&hellip;]<\/p>\n","protected":false},"author":4,"featured_media":18945,"parent":0,"menu_order":0,"comment_status":"closed","ping_status":"closed","template":"","meta":{"footnotes":""},"categories":[14,13,159],"tags":[],"class_list":["post-18944","page","type-page","status-publish","has-post-thumbnail","hentry","category-aktualitasok","category-hirek","category-osztondij"],"yoast_head":"<!-- This site is optimized with the Yoast SEO plugin v27.3 - https:\/\/yoast.com\/product\/yoast-seo-wordpress\/ -->\n<title>V\u00e9gzett di\u00e1k kapta az idei \u00f6szt\u00f6nd\u00edjat - \u00c9gerh\u00e1zi Imre<\/title>\n<meta name=\"robots\" content=\"index, follow, max-snippet:-1, max-image-preview:large, max-video-preview:-1\" \/>\n<link rel=\"canonical\" href=\"https:\/\/egerhaziimre.hu\/index.php\/vegzett-diak-kapta-az-idei-osztondijat\/\" \/>\n<meta property=\"og:locale\" content=\"hu_HU\" \/>\n<meta property=\"og:type\" content=\"article\" \/>\n<meta property=\"og:title\" content=\"V\u00e9gzett di\u00e1k kapta az idei \u00f6szt\u00f6nd\u00edjat - \u00c9gerh\u00e1zi Imre\" \/>\n<meta property=\"og:description\" content=\"[vc_row][vc_column][vc_single_image image=&#8221;18945&#8243; img_size=&#8221;full&#8221; alignment=&#8221;center&#8221; style=&#8221;xtd-shadow&#8211;normal-light&#8221; onclick=&#8221;link_image&#8221; css=&#8221;&#8221;][vc_column_text css=&#8221;&#8221;] A d\u00edj\u00e1tad\u00f3 ut\u00e1n [\/vc_column_text][vc_separator][vc_empty_space][vc_row_inner][vc_column_inner width=&#8221;2\/3&#8243;][vc_column_text css=&#8221;&#8221;] El\u0151sz\u00f6r 2005-ben adhattuk \u00e1t a debreceni D\u00f3czy-gimn\u00e1ziumban el\u0151z\u0151 tan\u00e9vben legjobb k\u00e9pz\u0151m\u0171v\u00e9szeti teljes\u00edtm\u00e9nyt ny\u00fajt\u00f3 di\u00e1knak az \u00c9gerh\u00e1zi Imre Alkot\u00f3i \u00d6szt\u00f6nd\u00edjat. \u00cdgy id\u00e9n m\u00e1r 20. alkalommal rendezett d\u00edj\u00e1tad\u00f3 \u00fcnneps\u00e9get az iskola a D\u00f3czy Gal\u00e9ri\u00e1ban, ahol Bokor Ad\u00e9l Roberta vehette \u00e1t t\u0151lem az elismer\u00e9st tan\u00fas\u00edt\u00f3 oklevelet okt\u00f3ber els\u0151 napj\u00e1n. [&hellip;]\" \/>\n<meta property=\"og:url\" content=\"https:\/\/egerhaziimre.hu\/index.php\/vegzett-diak-kapta-az-idei-osztondijat\/\" \/>\n<meta property=\"og:site_name\" content=\"\u00c9gerh\u00e1zi Imre\" \/>\n<meta property=\"article:modified_time\" content=\"2024-11-08T15:00:11+00:00\" \/>\n<meta property=\"og:image\" content=\"https:\/\/egerhaziimre.hu\/wp-content\/uploads\/2024\/11\/1.jpg\" \/>\n\t<meta property=\"og:image:width\" content=\"2000\" \/>\n\t<meta property=\"og:image:height\" content=\"1312\" \/>\n\t<meta property=\"og:image:type\" content=\"image\/jpeg\" \/>\n<meta name=\"twitter:card\" content=\"summary_large_image\" \/>\n<meta name=\"twitter:image\" content=\"https:\/\/egerhaziimre.hu\/wp-content\/uploads\/2024\/11\/1.jpg\" \/>\n<meta name=\"twitter:label1\" content=\"Becs\u00fclt olvas\u00e1si id\u0151\" \/>\n\t<meta name=\"twitter:data1\" content=\"16 perc\" \/>\n<script type=\"application\/ld+json\" class=\"yoast-schema-graph\">{\"@context\":\"https:\\\/\\\/schema.org\",\"@graph\":[{\"@type\":\"WebPage\",\"@id\":\"https:\\\/\\\/egerhaziimre.hu\\\/index.php\\\/vegzett-diak-kapta-az-idei-osztondijat\\\/\",\"url\":\"https:\\\/\\\/egerhaziimre.hu\\\/index.php\\\/vegzett-diak-kapta-az-idei-osztondijat\\\/\",\"name\":\"V\u00e9gzett di\u00e1k kapta az idei \u00f6szt\u00f6nd\u00edjat - \u00c9gerh\u00e1zi Imre\",\"isPartOf\":{\"@id\":\"https:\\\/\\\/egerhaziimre.hu\\\/#website\"},\"primaryImageOfPage\":{\"@id\":\"https:\\\/\\\/egerhaziimre.hu\\\/index.php\\\/vegzett-diak-kapta-az-idei-osztondijat\\\/#primaryimage\"},\"image\":{\"@id\":\"https:\\\/\\\/egerhaziimre.hu\\\/index.php\\\/vegzett-diak-kapta-az-idei-osztondijat\\\/#primaryimage\"},\"thumbnailUrl\":\"https:\\\/\\\/egerhaziimre.hu\\\/wp-content\\\/uploads\\\/2024\\\/11\\\/1.jpg\",\"datePublished\":\"2024-11-08T14:52:17+00:00\",\"dateModified\":\"2024-11-08T15:00:11+00:00\",\"breadcrumb\":{\"@id\":\"https:\\\/\\\/egerhaziimre.hu\\\/index.php\\\/vegzett-diak-kapta-az-idei-osztondijat\\\/#breadcrumb\"},\"inLanguage\":\"hu\",\"potentialAction\":[{\"@type\":\"ReadAction\",\"target\":[\"https:\\\/\\\/egerhaziimre.hu\\\/index.php\\\/vegzett-diak-kapta-az-idei-osztondijat\\\/\"]}]},{\"@type\":\"ImageObject\",\"inLanguage\":\"hu\",\"@id\":\"https:\\\/\\\/egerhaziimre.hu\\\/index.php\\\/vegzett-diak-kapta-az-idei-osztondijat\\\/#primaryimage\",\"url\":\"https:\\\/\\\/egerhaziimre.hu\\\/wp-content\\\/uploads\\\/2024\\\/11\\\/1.jpg\",\"contentUrl\":\"https:\\\/\\\/egerhaziimre.hu\\\/wp-content\\\/uploads\\\/2024\\\/11\\\/1.jpg\",\"width\":2000,\"height\":1312},{\"@type\":\"BreadcrumbList\",\"@id\":\"https:\\\/\\\/egerhaziimre.hu\\\/index.php\\\/vegzett-diak-kapta-az-idei-osztondijat\\\/#breadcrumb\",\"itemListElement\":[{\"@type\":\"ListItem\",\"position\":1,\"name\":\"Home\",\"item\":\"https:\\\/\\\/egerhaziimre.hu\\\/\"},{\"@type\":\"ListItem\",\"position\":2,\"name\":\"V\u00e9gzett di\u00e1k kapta az idei \u00f6szt\u00f6nd\u00edjat\"}]},{\"@type\":\"WebSite\",\"@id\":\"https:\\\/\\\/egerhaziimre.hu\\\/#website\",\"url\":\"https:\\\/\\\/egerhaziimre.hu\\\/\",\"name\":\"\u00c9gerh\u00e1zi Imre\",\"description\":\"\",\"potentialAction\":[{\"@type\":\"SearchAction\",\"target\":{\"@type\":\"EntryPoint\",\"urlTemplate\":\"https:\\\/\\\/egerhaziimre.hu\\\/?s={search_term_string}\"},\"query-input\":{\"@type\":\"PropertyValueSpecification\",\"valueRequired\":true,\"valueName\":\"search_term_string\"}}],\"inLanguage\":\"hu\"}]}<\/script>\n<!-- \/ Yoast SEO plugin. -->","yoast_head_json":{"title":"V\u00e9gzett di\u00e1k kapta az idei \u00f6szt\u00f6nd\u00edjat - \u00c9gerh\u00e1zi Imre","robots":{"index":"index","follow":"follow","max-snippet":"max-snippet:-1","max-image-preview":"max-image-preview:large","max-video-preview":"max-video-preview:-1"},"canonical":"https:\/\/egerhaziimre.hu\/index.php\/vegzett-diak-kapta-az-idei-osztondijat\/","og_locale":"hu_HU","og_type":"article","og_title":"V\u00e9gzett di\u00e1k kapta az idei \u00f6szt\u00f6nd\u00edjat - \u00c9gerh\u00e1zi Imre","og_description":"[vc_row][vc_column][vc_single_image image=&#8221;18945&#8243; img_size=&#8221;full&#8221; alignment=&#8221;center&#8221; style=&#8221;xtd-shadow&#8211;normal-light&#8221; onclick=&#8221;link_image&#8221; css=&#8221;&#8221;][vc_column_text css=&#8221;&#8221;] A d\u00edj\u00e1tad\u00f3 ut\u00e1n [\/vc_column_text][vc_separator][vc_empty_space][vc_row_inner][vc_column_inner width=&#8221;2\/3&#8243;][vc_column_text css=&#8221;&#8221;] El\u0151sz\u00f6r 2005-ben adhattuk \u00e1t a debreceni D\u00f3czy-gimn\u00e1ziumban el\u0151z\u0151 tan\u00e9vben legjobb k\u00e9pz\u0151m\u0171v\u00e9szeti teljes\u00edtm\u00e9nyt ny\u00fajt\u00f3 di\u00e1knak az \u00c9gerh\u00e1zi Imre Alkot\u00f3i \u00d6szt\u00f6nd\u00edjat. \u00cdgy id\u00e9n m\u00e1r 20. alkalommal rendezett d\u00edj\u00e1tad\u00f3 \u00fcnneps\u00e9get az iskola a D\u00f3czy Gal\u00e9ri\u00e1ban, ahol Bokor Ad\u00e9l Roberta vehette \u00e1t t\u0151lem az elismer\u00e9st tan\u00fas\u00edt\u00f3 oklevelet okt\u00f3ber els\u0151 napj\u00e1n. [&hellip;]","og_url":"https:\/\/egerhaziimre.hu\/index.php\/vegzett-diak-kapta-az-idei-osztondijat\/","og_site_name":"\u00c9gerh\u00e1zi Imre","article_modified_time":"2024-11-08T15:00:11+00:00","og_image":[{"width":2000,"height":1312,"url":"https:\/\/egerhaziimre.hu\/wp-content\/uploads\/2024\/11\/1.jpg","type":"image\/jpeg"}],"twitter_card":"summary_large_image","twitter_image":"https:\/\/egerhaziimre.hu\/wp-content\/uploads\/2024\/11\/1.jpg","twitter_misc":{"Becs\u00fclt olvas\u00e1si id\u0151":"16 perc"},"schema":{"@context":"https:\/\/schema.org","@graph":[{"@type":"WebPage","@id":"https:\/\/egerhaziimre.hu\/index.php\/vegzett-diak-kapta-az-idei-osztondijat\/","url":"https:\/\/egerhaziimre.hu\/index.php\/vegzett-diak-kapta-az-idei-osztondijat\/","name":"V\u00e9gzett di\u00e1k kapta az idei \u00f6szt\u00f6nd\u00edjat - \u00c9gerh\u00e1zi Imre","isPartOf":{"@id":"https:\/\/egerhaziimre.hu\/#website"},"primaryImageOfPage":{"@id":"https:\/\/egerhaziimre.hu\/index.php\/vegzett-diak-kapta-az-idei-osztondijat\/#primaryimage"},"image":{"@id":"https:\/\/egerhaziimre.hu\/index.php\/vegzett-diak-kapta-az-idei-osztondijat\/#primaryimage"},"thumbnailUrl":"https:\/\/egerhaziimre.hu\/wp-content\/uploads\/2024\/11\/1.jpg","datePublished":"2024-11-08T14:52:17+00:00","dateModified":"2024-11-08T15:00:11+00:00","breadcrumb":{"@id":"https:\/\/egerhaziimre.hu\/index.php\/vegzett-diak-kapta-az-idei-osztondijat\/#breadcrumb"},"inLanguage":"hu","potentialAction":[{"@type":"ReadAction","target":["https:\/\/egerhaziimre.hu\/index.php\/vegzett-diak-kapta-az-idei-osztondijat\/"]}]},{"@type":"ImageObject","inLanguage":"hu","@id":"https:\/\/egerhaziimre.hu\/index.php\/vegzett-diak-kapta-az-idei-osztondijat\/#primaryimage","url":"https:\/\/egerhaziimre.hu\/wp-content\/uploads\/2024\/11\/1.jpg","contentUrl":"https:\/\/egerhaziimre.hu\/wp-content\/uploads\/2024\/11\/1.jpg","width":2000,"height":1312},{"@type":"BreadcrumbList","@id":"https:\/\/egerhaziimre.hu\/index.php\/vegzett-diak-kapta-az-idei-osztondijat\/#breadcrumb","itemListElement":[{"@type":"ListItem","position":1,"name":"Home","item":"https:\/\/egerhaziimre.hu\/"},{"@type":"ListItem","position":2,"name":"V\u00e9gzett di\u00e1k kapta az idei \u00f6szt\u00f6nd\u00edjat"}]},{"@type":"WebSite","@id":"https:\/\/egerhaziimre.hu\/#website","url":"https:\/\/egerhaziimre.hu\/","name":"\u00c9gerh\u00e1zi Imre","description":"","potentialAction":[{"@type":"SearchAction","target":{"@type":"EntryPoint","urlTemplate":"https:\/\/egerhaziimre.hu\/?s={search_term_string}"},"query-input":{"@type":"PropertyValueSpecification","valueRequired":true,"valueName":"search_term_string"}}],"inLanguage":"hu"}]}},"jetpack_sharing_enabled":true,"_links":{"self":[{"href":"https:\/\/egerhaziimre.hu\/index.php\/wp-json\/wp\/v2\/pages\/18944","targetHints":{"allow":["GET"]}}],"collection":[{"href":"https:\/\/egerhaziimre.hu\/index.php\/wp-json\/wp\/v2\/pages"}],"about":[{"href":"https:\/\/egerhaziimre.hu\/index.php\/wp-json\/wp\/v2\/types\/page"}],"author":[{"embeddable":true,"href":"https:\/\/egerhaziimre.hu\/index.php\/wp-json\/wp\/v2\/users\/4"}],"replies":[{"embeddable":true,"href":"https:\/\/egerhaziimre.hu\/index.php\/wp-json\/wp\/v2\/comments?post=18944"}],"version-history":[{"count":2,"href":"https:\/\/egerhaziimre.hu\/index.php\/wp-json\/wp\/v2\/pages\/18944\/revisions"}],"predecessor-version":[{"id":18956,"href":"https:\/\/egerhaziimre.hu\/index.php\/wp-json\/wp\/v2\/pages\/18944\/revisions\/18956"}],"wp:featuredmedia":[{"embeddable":true,"href":"https:\/\/egerhaziimre.hu\/index.php\/wp-json\/wp\/v2\/media\/18945"}],"wp:attachment":[{"href":"https:\/\/egerhaziimre.hu\/index.php\/wp-json\/wp\/v2\/media?parent=18944"}],"wp:term":[{"taxonomy":"category","embeddable":true,"href":"https:\/\/egerhaziimre.hu\/index.php\/wp-json\/wp\/v2\/categories?post=18944"},{"taxonomy":"post_tag","embeddable":true,"href":"https:\/\/egerhaziimre.hu\/index.php\/wp-json\/wp\/v2\/tags?post=18944"}],"curies":[{"name":"wp","href":"https:\/\/api.w.org\/{rel}","templated":true}]}}