{"id":18974,"date":"2024-11-20T12:07:11","date_gmt":"2024-11-20T11:07:11","guid":{"rendered":"https:\/\/egerhaziimre.hu\/?page_id=18974"},"modified":"2024-11-20T13:34:52","modified_gmt":"2024-11-20T12:34:52","slug":"egerhazi-mre-100-kiallitas-debrecenben","status":"publish","type":"page","link":"https:\/\/egerhaziimre.hu\/index.php\/egerhazi-mre-100-kiallitas-debrecenben\/","title":{"rendered":"\u00c9gerh\u00e1zi Imre 100 ki\u00e1ll\u00edt\u00e1s Debrecenben"},"content":{"rendered":"<div class=\"wpb-content-wrapper\">[vc_row][vc_column][vc_single_image image=&#8221;18975&#8243; img_size=&#8221;full&#8221; alignment=&#8221;center&#8221; style=&#8221;xtd-shadow&#8211;normal-light&#8221; onclick=&#8221;link_image&#8221; css=&#8221;&#8221;][vc_empty_space][vc_row_inner][vc_column_inner][vc_column_text css=&#8221;&#8221;]\u00c9gerh\u00e1zi Imre fest\u0151m\u0171v\u00e9sz 1925-ben sz\u00fcletett. J\u00f6v\u0151re lenne 100 \u00e9ves. A centen\u00e1riumi megeml\u00e9kez\u00e9s sorozat Debrecenben kezd\u0151dik a T\u00e1ncolnak a kazlak nevet visel\u0151 \u00e9letm\u0171 ki\u00e1ll\u00edt\u00e1ssal a Modemartban. A t\u00e1rlat megnyit\u00f3j\u00e1ra <strong>2024. december 7-\u00e9n 16 \u00f3rakor<\/strong> ker\u00fcl sor \u00e9s 2025. janu\u00e1r 12-ig lesz l\u00e1togathat\u00f3.<\/p>\n<p style=\"font-weight: 400;\">A t\u00e1rlaton t\u00f6bb mint sz\u00e1zh\u00fasz olajfestm\u00e9ny, momit\u00edpia, lin\u00f3metszet \u00e9s grafika lesz l\u00e1that\u00f3.<br \/>\nK\u00fcl\u00f6n teremben mutatj\u00e1k be \u00c9gerh\u00e1zi Imre hal\u00e1l k\u00f6zeli \u00e9lm\u00e9nyei alapj\u00e1n festett 9 alkot\u00e1s\u00e1t, <strong>melyek \u00edgy egy\u00fctt m\u00e9g sohasem voltak ki\u00e1ll\u00edtva.<\/strong><br \/>\nA ki\u00e1ll\u00edt\u00e1s l\u00e9trehoz\u00f3i ehhez a festm\u00e9nysorozathoz audiovizu\u00e1lis megjelen\u00e9seket is hozz\u00e1adtak, ahol a m\u0171vekb\u0151l k\u00e9sz\u00edtett anim\u00e1ci\u00f3s film lesz l\u00e1that\u00f3.<br \/>\nEnnek kieg\u00e9sz\u00edt\u00e9sek\u00e9nt bemutat\u00e1sra ker\u00fcl \u00c9gerh\u00e1zi Imre Infarktusom t\u00f6rt\u00e9nete c\u00edm\u0171 r\u00f6vid film, mely sor\u00e1n ezekr\u0151l az \u00e9lm\u00e9nyeir\u0151l r\u00e9szletesen mes\u00e9l.<\/p>\n<p style=\"font-weight: 400;\">A t\u00e1rlat kur\u00e1tora Feledy Bal\u00e1zs a bemutatott anyagot \u00c9gerh\u00e1zi Attil\u00e1val \u00fagy \u00e1ll\u00edtotta \u00f6ssze, hogy a m\u0171v\u00e9sz minden jelent\u0151s alkot\u00f3i korzsak\u00e1t, technik\u00e1j\u00e1t \u00e9s jelent\u0151s fest\u0151i t\u00e9mav\u00e1laszt\u00e1s\u00e1t megismerhetik a l\u00e1togat\u00f3k.<\/p>\n<h4 style=\"font-weight: 400;\">A megnyit\u00f3 programja:<\/h4>\n<p>K\u00f6sz\u00f6nt\u0151t mond <strong>dr. Papp L\u00e1szl\u00f3<\/strong> Debrecen Megyei Jog\u00fa V\u00e1ros\u00a0polg\u00e1rmestere \u00e9s <strong>Vizi Kata<\/strong>, a MODEM u\u0308gyvezet\u0151 igazgat\u00f3ja, ezt k\u00f6vet\u0151en\u00a0<strong>\u00c9gerh\u00e1zi Imre<\/strong> munk\u00e1ss\u00e1g\u00e1t bemutatja <strong>Feledy Bal\u00e1zs<\/strong> m\u0171v\u00e9szeti \u00edr\u00f3, szubjekt\u00edv\u00a0zen\u00e9s t\u00e1rlatvezet\u00e9st tart <strong>\u00c9gerh\u00e1zi Attila<\/strong>, a Djabe zenekar vezet\u0151je.<\/p>\n<p>A ki\u00e1ll\u00edt\u00e1s ideje alatt t\u00f6bb rendezv\u00e9ny\u00fcnk is lesz, melyekr\u0151l r\u00f6videsen besz\u00e1molunk.[\/vc_column_text][\/vc_column_inner][\/vc_row_inner][vc_single_image image=&#8221;18976&#8243; img_size=&#8221;full&#8221; alignment=&#8221;center&#8221; css=&#8221;&#8221;][vc_single_image image=&#8221;18977&#8243; img_size=&#8221;full&#8221; alignment=&#8221;center&#8221; css=&#8221;&#8221;][vc_empty_space][\/vc_column][\/vc_row]\n<\/div>","protected":false},"excerpt":{"rendered":"<p>[vc_row][vc_column][vc_single_image image=&#8221;18975&#8243; img_size=&#8221;full&#8221; alignment=&#8221;center&#8221; style=&#8221;xtd-shadow&#8211;normal-light&#8221; onclick=&#8221;link_image&#8221; css=&#8221;&#8221;][vc_empty_space][vc_row_inner][vc_column_inner][vc_column_text css=&#8221;&#8221;]\u00c9gerh\u00e1zi Imre fest\u0151m\u0171v\u00e9sz 1925-ben sz\u00fcletett. J\u00f6v\u0151re lenne 100 \u00e9ves. A centen\u00e1riumi megeml\u00e9kez\u00e9s sorozat Debrecenben kezd\u0151dik a T\u00e1ncolnak a kazlak nevet visel\u0151 \u00e9letm\u0171 ki\u00e1ll\u00edt\u00e1ssal a Modemartban. A t\u00e1rlat megnyit\u00f3j\u00e1ra 2024. december 7-\u00e9n 16 \u00f3rakor ker\u00fcl sor \u00e9s 2025. janu\u00e1r 12-ig lesz l\u00e1togathat\u00f3. A t\u00e1rlaton t\u00f6bb mint sz\u00e1zh\u00fasz olajfestm\u00e9ny, momit\u00edpia, lin\u00f3metszet \u00e9s grafika lesz l\u00e1that\u00f3. [&hellip;]<\/p>\n","protected":false},"author":4,"featured_media":18983,"parent":0,"menu_order":0,"comment_status":"closed","ping_status":"closed","template":"","meta":{"footnotes":""},"categories":[6,14,13],"tags":[],"class_list":["post-18974","page","type-page","status-publish","has-post-thumbnail","hentry","category-aktualis_kiallitasok","category-aktualitasok","category-hirek"],"yoast_head":"<!-- This site is optimized with the Yoast SEO plugin v27.3 - https:\/\/yoast.com\/product\/yoast-seo-wordpress\/ -->\n<title>\u00c9gerh\u00e1zi Imre 100 ki\u00e1ll\u00edt\u00e1s Debrecenben - \u00c9gerh\u00e1zi Imre<\/title>\n<meta name=\"robots\" content=\"index, follow, max-snippet:-1, max-image-preview:large, max-video-preview:-1\" \/>\n<link rel=\"canonical\" href=\"https:\/\/egerhaziimre.hu\/index.php\/egerhazi-mre-100-kiallitas-debrecenben\/\" \/>\n<meta property=\"og:locale\" content=\"hu_HU\" \/>\n<meta property=\"og:type\" content=\"article\" \/>\n<meta property=\"og:title\" content=\"\u00c9gerh\u00e1zi Imre 100 ki\u00e1ll\u00edt\u00e1s Debrecenben - \u00c9gerh\u00e1zi Imre\" \/>\n<meta property=\"og:description\" content=\"[vc_row][vc_column][vc_single_image image=&#8221;18975&#8243; img_size=&#8221;full&#8221; alignment=&#8221;center&#8221; style=&#8221;xtd-shadow&#8211;normal-light&#8221; onclick=&#8221;link_image&#8221; css=&#8221;&#8221;][vc_empty_space][vc_row_inner][vc_column_inner][vc_column_text css=&#8221;&#8221;]\u00c9gerh\u00e1zi Imre fest\u0151m\u0171v\u00e9sz 1925-ben sz\u00fcletett. J\u00f6v\u0151re lenne 100 \u00e9ves. A centen\u00e1riumi megeml\u00e9kez\u00e9s sorozat Debrecenben kezd\u0151dik a T\u00e1ncolnak a kazlak nevet visel\u0151 \u00e9letm\u0171 ki\u00e1ll\u00edt\u00e1ssal a Modemartban. A t\u00e1rlat megnyit\u00f3j\u00e1ra 2024. december 7-\u00e9n 16 \u00f3rakor ker\u00fcl sor \u00e9s 2025. janu\u00e1r 12-ig lesz l\u00e1togathat\u00f3. A t\u00e1rlaton t\u00f6bb mint sz\u00e1zh\u00fasz olajfestm\u00e9ny, momit\u00edpia, lin\u00f3metszet \u00e9s grafika lesz l\u00e1that\u00f3. [&hellip;]\" \/>\n<meta property=\"og:url\" content=\"https:\/\/egerhaziimre.hu\/index.php\/egerhazi-mre-100-kiallitas-debrecenben\/\" \/>\n<meta property=\"og:site_name\" content=\"\u00c9gerh\u00e1zi Imre\" \/>\n<meta property=\"article:modified_time\" content=\"2024-11-20T12:34:52+00:00\" \/>\n<meta property=\"og:image\" content=\"https:\/\/egerhaziimre.hu\/wp-content\/uploads\/2024\/11\/egerhazi_100-1024x947.jpg\" \/>\n\t<meta property=\"og:image:width\" content=\"1024\" \/>\n\t<meta property=\"og:image:height\" content=\"947\" \/>\n\t<meta property=\"og:image:type\" content=\"image\/jpeg\" \/>\n<meta name=\"twitter:card\" content=\"summary_large_image\" \/>\n<meta name=\"twitter:image\" content=\"https:\/\/egerhaziimre.hu\/wp-content\/uploads\/2024\/11\/egerhazi_100.jpg\" \/>\n<meta name=\"twitter:label1\" content=\"Becs\u00fclt olvas\u00e1si id\u0151\" \/>\n\t<meta name=\"twitter:data1\" content=\"2 perc\" \/>\n<script type=\"application\/ld+json\" class=\"yoast-schema-graph\">{\"@context\":\"https:\\\/\\\/schema.org\",\"@graph\":[{\"@type\":\"WebPage\",\"@id\":\"https:\\\/\\\/egerhaziimre.hu\\\/index.php\\\/egerhazi-mre-100-kiallitas-debrecenben\\\/\",\"url\":\"https:\\\/\\\/egerhaziimre.hu\\\/index.php\\\/egerhazi-mre-100-kiallitas-debrecenben\\\/\",\"name\":\"\u00c9gerh\u00e1zi Imre 100 ki\u00e1ll\u00edt\u00e1s Debrecenben - \u00c9gerh\u00e1zi Imre\",\"isPartOf\":{\"@id\":\"https:\\\/\\\/egerhaziimre.hu\\\/#website\"},\"primaryImageOfPage\":{\"@id\":\"https:\\\/\\\/egerhaziimre.hu\\\/index.php\\\/egerhazi-mre-100-kiallitas-debrecenben\\\/#primaryimage\"},\"image\":{\"@id\":\"https:\\\/\\\/egerhaziimre.hu\\\/index.php\\\/egerhazi-mre-100-kiallitas-debrecenben\\\/#primaryimage\"},\"thumbnailUrl\":\"https:\\\/\\\/egerhaziimre.hu\\\/wp-content\\\/uploads\\\/2024\\\/11\\\/egerhazi_100_honlap_1.jpg\",\"datePublished\":\"2024-11-20T11:07:11+00:00\",\"dateModified\":\"2024-11-20T12:34:52+00:00\",\"breadcrumb\":{\"@id\":\"https:\\\/\\\/egerhaziimre.hu\\\/index.php\\\/egerhazi-mre-100-kiallitas-debrecenben\\\/#breadcrumb\"},\"inLanguage\":\"hu\",\"potentialAction\":[{\"@type\":\"ReadAction\",\"target\":[\"https:\\\/\\\/egerhaziimre.hu\\\/index.php\\\/egerhazi-mre-100-kiallitas-debrecenben\\\/\"]}]},{\"@type\":\"ImageObject\",\"inLanguage\":\"hu\",\"@id\":\"https:\\\/\\\/egerhaziimre.hu\\\/index.php\\\/egerhazi-mre-100-kiallitas-debrecenben\\\/#primaryimage\",\"url\":\"https:\\\/\\\/egerhaziimre.hu\\\/wp-content\\\/uploads\\\/2024\\\/11\\\/egerhazi_100_honlap_1.jpg\",\"contentUrl\":\"https:\\\/\\\/egerhaziimre.hu\\\/wp-content\\\/uploads\\\/2024\\\/11\\\/egerhazi_100_honlap_1.jpg\",\"width\":2362,\"height\":1143},{\"@type\":\"BreadcrumbList\",\"@id\":\"https:\\\/\\\/egerhaziimre.hu\\\/index.php\\\/egerhazi-mre-100-kiallitas-debrecenben\\\/#breadcrumb\",\"itemListElement\":[{\"@type\":\"ListItem\",\"position\":1,\"name\":\"Home\",\"item\":\"https:\\\/\\\/egerhaziimre.hu\\\/\"},{\"@type\":\"ListItem\",\"position\":2,\"name\":\"\u00c9gerh\u00e1zi Imre 100 ki\u00e1ll\u00edt\u00e1s Debrecenben\"}]},{\"@type\":\"WebSite\",\"@id\":\"https:\\\/\\\/egerhaziimre.hu\\\/#website\",\"url\":\"https:\\\/\\\/egerhaziimre.hu\\\/\",\"name\":\"\u00c9gerh\u00e1zi Imre\",\"description\":\"\",\"potentialAction\":[{\"@type\":\"SearchAction\",\"target\":{\"@type\":\"EntryPoint\",\"urlTemplate\":\"https:\\\/\\\/egerhaziimre.hu\\\/?s={search_term_string}\"},\"query-input\":{\"@type\":\"PropertyValueSpecification\",\"valueRequired\":true,\"valueName\":\"search_term_string\"}}],\"inLanguage\":\"hu\"}]}<\/script>\n<!-- \/ Yoast SEO plugin. -->","yoast_head_json":{"title":"\u00c9gerh\u00e1zi Imre 100 ki\u00e1ll\u00edt\u00e1s Debrecenben - \u00c9gerh\u00e1zi Imre","robots":{"index":"index","follow":"follow","max-snippet":"max-snippet:-1","max-image-preview":"max-image-preview:large","max-video-preview":"max-video-preview:-1"},"canonical":"https:\/\/egerhaziimre.hu\/index.php\/egerhazi-mre-100-kiallitas-debrecenben\/","og_locale":"hu_HU","og_type":"article","og_title":"\u00c9gerh\u00e1zi Imre 100 ki\u00e1ll\u00edt\u00e1s Debrecenben - \u00c9gerh\u00e1zi Imre","og_description":"[vc_row][vc_column][vc_single_image image=&#8221;18975&#8243; img_size=&#8221;full&#8221; alignment=&#8221;center&#8221; style=&#8221;xtd-shadow&#8211;normal-light&#8221; onclick=&#8221;link_image&#8221; css=&#8221;&#8221;][vc_empty_space][vc_row_inner][vc_column_inner][vc_column_text css=&#8221;&#8221;]\u00c9gerh\u00e1zi Imre fest\u0151m\u0171v\u00e9sz 1925-ben sz\u00fcletett. J\u00f6v\u0151re lenne 100 \u00e9ves. A centen\u00e1riumi megeml\u00e9kez\u00e9s sorozat Debrecenben kezd\u0151dik a T\u00e1ncolnak a kazlak nevet visel\u0151 \u00e9letm\u0171 ki\u00e1ll\u00edt\u00e1ssal a Modemartban. A t\u00e1rlat megnyit\u00f3j\u00e1ra 2024. december 7-\u00e9n 16 \u00f3rakor ker\u00fcl sor \u00e9s 2025. janu\u00e1r 12-ig lesz l\u00e1togathat\u00f3. A t\u00e1rlaton t\u00f6bb mint sz\u00e1zh\u00fasz olajfestm\u00e9ny, momit\u00edpia, lin\u00f3metszet \u00e9s grafika lesz l\u00e1that\u00f3. [&hellip;]","og_url":"https:\/\/egerhaziimre.hu\/index.php\/egerhazi-mre-100-kiallitas-debrecenben\/","og_site_name":"\u00c9gerh\u00e1zi Imre","article_modified_time":"2024-11-20T12:34:52+00:00","og_image":[{"width":1024,"height":947,"url":"https:\/\/egerhaziimre.hu\/wp-content\/uploads\/2024\/11\/egerhazi_100-1024x947.jpg","type":"image\/jpeg"}],"twitter_card":"summary_large_image","twitter_image":"https:\/\/egerhaziimre.hu\/wp-content\/uploads\/2024\/11\/egerhazi_100.jpg","twitter_misc":{"Becs\u00fclt olvas\u00e1si id\u0151":"2 perc"},"schema":{"@context":"https:\/\/schema.org","@graph":[{"@type":"WebPage","@id":"https:\/\/egerhaziimre.hu\/index.php\/egerhazi-mre-100-kiallitas-debrecenben\/","url":"https:\/\/egerhaziimre.hu\/index.php\/egerhazi-mre-100-kiallitas-debrecenben\/","name":"\u00c9gerh\u00e1zi Imre 100 ki\u00e1ll\u00edt\u00e1s Debrecenben - \u00c9gerh\u00e1zi Imre","isPartOf":{"@id":"https:\/\/egerhaziimre.hu\/#website"},"primaryImageOfPage":{"@id":"https:\/\/egerhaziimre.hu\/index.php\/egerhazi-mre-100-kiallitas-debrecenben\/#primaryimage"},"image":{"@id":"https:\/\/egerhaziimre.hu\/index.php\/egerhazi-mre-100-kiallitas-debrecenben\/#primaryimage"},"thumbnailUrl":"https:\/\/egerhaziimre.hu\/wp-content\/uploads\/2024\/11\/egerhazi_100_honlap_1.jpg","datePublished":"2024-11-20T11:07:11+00:00","dateModified":"2024-11-20T12:34:52+00:00","breadcrumb":{"@id":"https:\/\/egerhaziimre.hu\/index.php\/egerhazi-mre-100-kiallitas-debrecenben\/#breadcrumb"},"inLanguage":"hu","potentialAction":[{"@type":"ReadAction","target":["https:\/\/egerhaziimre.hu\/index.php\/egerhazi-mre-100-kiallitas-debrecenben\/"]}]},{"@type":"ImageObject","inLanguage":"hu","@id":"https:\/\/egerhaziimre.hu\/index.php\/egerhazi-mre-100-kiallitas-debrecenben\/#primaryimage","url":"https:\/\/egerhaziimre.hu\/wp-content\/uploads\/2024\/11\/egerhazi_100_honlap_1.jpg","contentUrl":"https:\/\/egerhaziimre.hu\/wp-content\/uploads\/2024\/11\/egerhazi_100_honlap_1.jpg","width":2362,"height":1143},{"@type":"BreadcrumbList","@id":"https:\/\/egerhaziimre.hu\/index.php\/egerhazi-mre-100-kiallitas-debrecenben\/#breadcrumb","itemListElement":[{"@type":"ListItem","position":1,"name":"Home","item":"https:\/\/egerhaziimre.hu\/"},{"@type":"ListItem","position":2,"name":"\u00c9gerh\u00e1zi Imre 100 ki\u00e1ll\u00edt\u00e1s Debrecenben"}]},{"@type":"WebSite","@id":"https:\/\/egerhaziimre.hu\/#website","url":"https:\/\/egerhaziimre.hu\/","name":"\u00c9gerh\u00e1zi Imre","description":"","potentialAction":[{"@type":"SearchAction","target":{"@type":"EntryPoint","urlTemplate":"https:\/\/egerhaziimre.hu\/?s={search_term_string}"},"query-input":{"@type":"PropertyValueSpecification","valueRequired":true,"valueName":"search_term_string"}}],"inLanguage":"hu"}]}},"jetpack_sharing_enabled":true,"_links":{"self":[{"href":"https:\/\/egerhaziimre.hu\/index.php\/wp-json\/wp\/v2\/pages\/18974","targetHints":{"allow":["GET"]}}],"collection":[{"href":"https:\/\/egerhaziimre.hu\/index.php\/wp-json\/wp\/v2\/pages"}],"about":[{"href":"https:\/\/egerhaziimre.hu\/index.php\/wp-json\/wp\/v2\/types\/page"}],"author":[{"embeddable":true,"href":"https:\/\/egerhaziimre.hu\/index.php\/wp-json\/wp\/v2\/users\/4"}],"replies":[{"embeddable":true,"href":"https:\/\/egerhaziimre.hu\/index.php\/wp-json\/wp\/v2\/comments?post=18974"}],"version-history":[{"count":6,"href":"https:\/\/egerhaziimre.hu\/index.php\/wp-json\/wp\/v2\/pages\/18974\/revisions"}],"predecessor-version":[{"id":18984,"href":"https:\/\/egerhaziimre.hu\/index.php\/wp-json\/wp\/v2\/pages\/18974\/revisions\/18984"}],"wp:featuredmedia":[{"embeddable":true,"href":"https:\/\/egerhaziimre.hu\/index.php\/wp-json\/wp\/v2\/media\/18983"}],"wp:attachment":[{"href":"https:\/\/egerhaziimre.hu\/index.php\/wp-json\/wp\/v2\/media?parent=18974"}],"wp:term":[{"taxonomy":"category","embeddable":true,"href":"https:\/\/egerhaziimre.hu\/index.php\/wp-json\/wp\/v2\/categories?post=18974"},{"taxonomy":"post_tag","embeddable":true,"href":"https:\/\/egerhaziimre.hu\/index.php\/wp-json\/wp\/v2\/tags?post=18974"}],"curies":[{"name":"wp","href":"https:\/\/api.w.org\/{rel}","templated":true}]}}