{"id":19195,"date":"2025-02-11T16:44:53","date_gmt":"2025-02-11T15:44:53","guid":{"rendered":"https:\/\/egerhaziimre.hu\/?page_id=19195"},"modified":"2025-06-24T15:26:21","modified_gmt":"2025-06-24T13:26:21","slug":"egerhazi-imrere-emlekeztek-a-modem-ben","status":"publish","type":"page","link":"https:\/\/egerhaziimre.hu\/index.php\/egerhazi-imrere-emlekeztek-a-modem-ben\/","title":{"rendered":"\u00c9gerh\u00e1zi Imr\u00e9re eml\u00e9keztek a MODEM-ben"},"content":{"rendered":"<div class=\"wpb-content-wrapper\">[vc_row][vc_column][vc_single_image image=&#8221;19237&#8243; img_size=&#8221;full&#8221; alignment=&#8221;center&#8221; style=&#8221;xtd-shadow&#8211;normal-light&#8221; onclick=&#8221;link_image&#8221; css=&#8221;&#8221;][vc_column_text css=&#8221;&#8221;]\n<div style=\"text-align: center;\"><span lang=\"HU\">P\u00f3diumbesz\u00e9lget\u00e9s Feledy Bal\u00e1zs kur\u00e1torral, Vel\u00e9nyi Rudolffal \u00e9s Kelemen Marcellel<\/span><\/div>\n[\/vc_column_text][vc_separator][vc_empty_space][vc_row_inner][vc_column_inner width=&#8221;2\/3&#8243;][vc_column_text css=&#8221;&#8221;]\n<p style=\"font-weight: 400;\">2025. janu\u00e1r 10. egy \u00e9letre eml\u00e9kezetes marad sz\u00e1momra. A debreceni Modemben az \u00c9gerh\u00e1zi Imre centen\u00e1riumi eml\u00e9kki\u00e1ll\u00edt\u00e1s z\u00e1r\u00f3esem\u00e9nye volt az \u00c9gerh\u00e1zi Imre Eml\u00e9kest. A program 3 r\u00e9szb\u0151l \u00e1llt. El\u0151sz\u00f6r Feledy Bal\u00e1zs kur\u00e1tor t\u00e1rlatvezet\u00e9ssel eml\u00e9kezett \u00c9desap\u00e1mra. Ut\u00e1na p\u00e1lyat\u00e1rsakkal, Vel\u00e9nyi Rudolffal \u00e9s Kelemen Marcellel besz\u00e9lgett\u00fcnk, v\u00e9g\u00fcl a T\u00e1ncolnak a kazlak \u00e9s a Csodaszarvas c\u00edm\u0171 \u00c9gerh\u00e1zi Imre festm\u00e9nyekre \u00edr\u00f3dott lemezeinkr\u0151l j\u00e1tszottunk egy \u00f3r\u00e1t a Djabe zenekarral.<\/p>\n<p style=\"font-weight: 400;\">A meg\u00e9rkez\u00e9s ut\u00e1n, am\u00edg a technikusok beszereltek, t\u00e1rlatvezet\u00e9st tartottam a zenekarnak. A dobokn\u00e1l aznap nem Kasz\u00e1s Peti, hanem Ol\u00e1h Gabi \u00fclt. A be\u00e1ll\u00e1s remek hangulatban zajlott.<\/p>\n<p style=\"font-weight: 400;\">Feledy Bal\u00e1zs olyan m\u00e9lys\u00e9geket \u00e9s \u00f6sszef\u00fcgg\u00e9seket tud az \u00c9gerh\u00e1zi alkot\u00e1sokkal kapcsolatban kifejteni, ami m\u00e9g 20 \u00e9v ut\u00e1n is folyamatosan \u00fajat mond nekem. Az \u00c9gerh\u00e1zi 100 t\u00e1rlatvezet\u00e9se szakmailag azt hiszem cs\u00facspontja volt minden eddiginek.<\/p>\n<p style=\"font-weight: 400;\">Nagyon v\u00e1rtam a p\u00f3diumbesz\u00e9lget\u00e9st Vel\u00e9nyi Rudolffal \u00e9s Kelemen Marcellel. A moder\u00e1l\u00e1sba Bal\u00e1zs is beseg\u00edtett. Vel\u00e9nyi Rudolf annak ellen\u00e9re, hogy 15 \u00e9vvel fiatalabb volt, m\u00e9gis \u00c9desap\u00e1m p\u00e1lyat\u00e1rs\u00e1nak tekinthet\u0151, hiszen els\u0151 \u00f6n\u00e1ll\u00f3 ki\u00e1ll\u00edt\u00e1sukat egy\u00fctt rendezhett\u00e9k meg. A dolog pikant\u00e9ri\u00e1ja, hogy Rudi a gimn\u00e1ziumban a rajztan\u00e1rom volt. Nagyon sok \u00e9rdekes dolgot tudtunk meg \u00c9desap\u00e1m m\u0171v\u00e9szi hozz\u00e1\u00e1ll\u00e1s\u00e1r\u00f3l \u00e9s hitvall\u00e1s\u00e1r\u00f3l. Ugyanakkor az izgalmas k\u00f6z\u00f6s sztorik sem maradtak el. Kelemen Marcel fest\u0151m\u0171v\u00e9sz m\u00e1r az \u00e9n gener\u00e1ci\u00f3m, mind\u00f6ssze k\u00e9t \u00e9vvel id\u0151sebb n\u00e1lam. A nyolcvanas \u00e9vekben Kurucz D. Istv\u00e1n fi\u00e1val egy\u00fctt kezdt\u00e9k el r\u00e9szv\u00e9tel\u00fcket, mint f\u0151iskol\u00e1sok, a Hortob\u00e1gyi Alkot\u00f3t\u00e1bor munk\u00e1j\u00e1ban. Az \u00c9desap\u00e1m vezette m\u0171v\u00e9sztelep teljes jog\u00fa tagjak\u00e9nt t\u00f6bb mint 10 \u00e9ves kapcsolat volt vele, aki a franciaorsz\u00e1gi thierachei m\u0171v\u00e9sztelepre is beaj\u00e1nlotta \u0151t. Kelemen Marcel is remek besz\u00e9lget\u0151partnernek bizonyult. Sajnos B\u00e9res L\u00e1szl\u00f3 egykori hajd\u00fahadh\u00e1zi polg\u00e1rmester beteg lett, de a besz\u00e9lget\u00e9s Hajd\u00fahadh\u00e1zr\u00f3l sz\u00f3l\u00f3 r\u00e9sz\u00e9ben Bal\u00e1zs m\u00e9ltatta a Hajd\u00fak I. pann\u00f3t. Siker\u00fclt sok r\u00e9gi Super 8-as filmet is bej\u00e1tszanom \u00c9desap\u00e1mt\u00f3l. Azt hiszem ezt mindenki nagyon szerette az arch\u00edv fot\u00f3kkal egy\u00fctt.<\/p>\n<p style=\"font-weight: 400;\">Ezut\u00e1n k\u00f6vetkezett a Djabe m\u0171sora, ahol folytattuk a r\u00e9gi filmek \u00e9s a festm\u00e9nyek bej\u00e1tasz\u00e1s\u00e1t, de term\u00e9szetesen a f\u0151szerep m\u00e1r a zen\u00e9\u00e9 volt. A J\u00e9gvil\u00e1g mindig katarzis nekem. Most sem volt ez m\u00e1sk\u00e9pp&#8230; J\u00f3n\u00e9h\u00e1ny sz\u00e1mot m\u00e1r sok \u00e9ve nem j\u00e1tszottunk, \u00edgy az eg\u00e9sz zenekarnak nagyon izgalmas volt a koncert.<\/p>\n<p style=\"font-weight: 400;\">\u00c9s v\u00e9g\u00fcl egy nagyon szem\u00e9lyes megjegyz\u00e9s. \u00c9desap\u00e1m mindig f\u00e9lt att\u00f3l, hogy nehogy \u00fagy j\u00e1rjon hal\u00e1la ut\u00e1n mint mestere Menyh\u00e1rt J\u00f3zsef fest\u0151m\u0171v\u00e9sz, akinek nem tudtak egy eml\u00e9kki\u00e1ll\u00edt\u00e1st \u00f6sszehozni, mert az \u00f6r\u00f6k\u00f6s\u00f6k ink\u00e1bb \u201eelk\u00f3tyavety\u00e9lt\u00e9k\u201d a k\u00e9peket, mintsem \u00e1polt\u00e1k volna az m\u0171v\u00e9szi \u00f6r\u00f6ks\u00e9get. Apa, rem\u00e9lem el\u00e9gedett vagy a centen\u00e1riumi ki\u00e1ll\u00edt\u00e1soddal \u00e9s a k\u00eds\u00e9r\u0151rendezv\u00e9nyekkel. De itt nincs v\u00e9ge! Megy\u00fcnk tov\u00e1bb, a k\u00f6vetkez\u0151 \u00e1llom\u00e1s, m\u00e1rcius 12., Bukarest. Alf\u00f6ldt\u0151l Hargit\u00e1ig &#8211; \u00c9gerh\u00e1zi 100 eml\u00e9kki\u00e1ll\u00edt\u00e1s.<\/p>\n<p style=\"font-weight: 400;\">K\u00f6sz\u00f6n\u00f6m a Modem csod\u00e1latos munkat\u00e1rsainak, kur\u00e1tor t\u00e1rsamnak, Feledy Bal\u00e1zsnak, P\u00e9ter b\u00e1ty\u00e1mnak, a fest\u0151m\u0171v\u00e9sz bar\u00e1toknak, a koll\u00e9g\u00e1imnak, minden int\u00e9zm\u00e9nynek \u00e9s mag\u00e1nszem\u00e9lynek, akik rendelkez\u00e9s\u00fcnkre bocs\u00e1jtott\u00e1k a k\u00e9peket, zen\u00e9sz bar\u00e1taimnak, minden seg\u00edt\u0151nknek, de legf\u0151k\u00e9pp a l\u00e1togat\u00f3knak, hogy mindezt lehet\u0151v\u00e9 tett\u00e9k!<\/p>\n<p style=\"font-weight: 400;\">A fot\u00f3kat Bese L\u00e1szl\u00f3, Kisfaludy G\u00e1bor, M\u00e1th\u00e9 Andr\u00e1s, \u00c9gerh\u00e1zi P\u00e9ter \u00e9s Vigh Levente k\u00e9sz\u00edtett\u00e9k.<\/p>\n[\/vc_column_text][\/vc_column_inner][vc_column_inner width=&#8221;1\/3&#8243;][vc_single_image image=&#8221;19199&#8243; img_size=&#8221;large&#8221; alignment=&#8221;right&#8221; style=&#8221;xtd-shadow&#8211;normal-light&#8221; onclick=&#8221;link_image&#8221; css=&#8221;&#8221;][vc_single_image image=&#8221;19200&#8243; img_size=&#8221;large&#8221; alignment=&#8221;right&#8221; style=&#8221;xtd-shadow&#8211;normal-light&#8221; onclick=&#8221;link_image&#8221; css=&#8221;&#8221;][\/vc_column_inner][\/vc_row_inner][vc_empty_space][vc_separator][vc_column_text]\n<h6>Fot\u00f3gal\u00e9ria<\/h6>\n[\/vc_column_text][vc_media_grid style=&#8221;lazy&#8221; items_per_page=&#8221;12&#8243; element_width=&#8221;3&#8243; gap=&#8221;10&#8243; css=&#8221;&#8221; grid_id=&#8221;vc_gid:1739288827807-e9b7dd07-0feb-7&#8243; include=&#8221;19196,19197,19198,19199,19200,19201,19202,19203,19204,19205,19206,19207,19208,19209,19210,19211,19212,19213,19214,19215,19216,19217,19218,19219,19220,19221,19222,19223,19224,19225,19226,19227,19228,19229,19230,19231,19232,19233,19234,19235,19236,19237,19238,19239,19240,19241,19242,19243,19244,19245,19246,19247,19248,19249,19250,19251,19252,19253,19254,19255,19256,19257,19258,19259,19260,19261,19262,19263,19264,19265,19266,19267,19268,19269,19270,19271,19272,19273,19275,19274&#8243;][vc_empty_space][\/vc_column][\/vc_row]\n<\/div>","protected":false},"excerpt":{"rendered":"<p>[vc_row][vc_column][vc_single_image image=&#8221;19237&#8243; img_size=&#8221;full&#8221; alignment=&#8221;center&#8221; style=&#8221;xtd-shadow&#8211;normal-light&#8221; onclick=&#8221;link_image&#8221; css=&#8221;&#8221;][vc_column_text css=&#8221;&#8221;] P\u00f3diumbesz\u00e9lget\u00e9s Feledy Bal\u00e1zs kur\u00e1torral, Vel\u00e9nyi Rudolffal \u00e9s Kelemen Marcellel [\/vc_column_text][vc_separator][vc_empty_space][vc_row_inner][vc_column_inner width=&#8221;2\/3&#8243;][vc_column_text css=&#8221;&#8221;] 2025. janu\u00e1r 10. egy \u00e9letre eml\u00e9kezetes marad sz\u00e1momra. A debreceni Modemben az \u00c9gerh\u00e1zi Imre centen\u00e1riumi eml\u00e9kki\u00e1ll\u00edt\u00e1s z\u00e1r\u00f3esem\u00e9nye volt az \u00c9gerh\u00e1zi Imre Eml\u00e9kest. A program 3 r\u00e9szb\u0151l \u00e1llt. El\u0151sz\u00f6r Feledy Bal\u00e1zs kur\u00e1tor t\u00e1rlatvezet\u00e9ssel eml\u00e9kezett \u00c9desap\u00e1mra. Ut\u00e1na p\u00e1lyat\u00e1rsakkal, Vel\u00e9nyi Rudolffal \u00e9s Kelemen [&hellip;]<\/p>\n","protected":false},"author":4,"featured_media":19205,"parent":0,"menu_order":0,"comment_status":"closed","ping_status":"closed","template":"","meta":{"footnotes":""},"categories":[6,14,45,13,4],"tags":[],"class_list":["post-19195","page","type-page","status-publish","has-post-thumbnail","hentry","category-aktualis_kiallitasok","category-aktualitasok","category-emlekkiallitasok","category-hirek","category-kiallitasok"],"yoast_head":"<!-- This site is optimized with the Yoast SEO plugin v27.3 - https:\/\/yoast.com\/product\/yoast-seo-wordpress\/ -->\n<title>\u00c9gerh\u00e1zi Imr\u00e9re eml\u00e9keztek a MODEM-ben - \u00c9gerh\u00e1zi Imre<\/title>\n<meta name=\"robots\" content=\"index, follow, max-snippet:-1, max-image-preview:large, max-video-preview:-1\" \/>\n<link rel=\"canonical\" href=\"https:\/\/egerhaziimre.hu\/index.php\/egerhazi-imrere-emlekeztek-a-modem-ben\/\" \/>\n<meta property=\"og:locale\" content=\"hu_HU\" \/>\n<meta property=\"og:type\" content=\"article\" \/>\n<meta property=\"og:title\" content=\"\u00c9gerh\u00e1zi Imr\u00e9re eml\u00e9keztek a MODEM-ben - \u00c9gerh\u00e1zi Imre\" \/>\n<meta property=\"og:description\" content=\"[vc_row][vc_column][vc_single_image image=&#8221;19237&#8243; img_size=&#8221;full&#8221; alignment=&#8221;center&#8221; style=&#8221;xtd-shadow&#8211;normal-light&#8221; onclick=&#8221;link_image&#8221; css=&#8221;&#8221;][vc_column_text css=&#8221;&#8221;] P\u00f3diumbesz\u00e9lget\u00e9s Feledy Bal\u00e1zs kur\u00e1torral, Vel\u00e9nyi Rudolffal \u00e9s Kelemen Marcellel [\/vc_column_text][vc_separator][vc_empty_space][vc_row_inner][vc_column_inner width=&#8221;2\/3&#8243;][vc_column_text css=&#8221;&#8221;] 2025. janu\u00e1r 10. egy \u00e9letre eml\u00e9kezetes marad sz\u00e1momra. A debreceni Modemben az \u00c9gerh\u00e1zi Imre centen\u00e1riumi eml\u00e9kki\u00e1ll\u00edt\u00e1s z\u00e1r\u00f3esem\u00e9nye volt az \u00c9gerh\u00e1zi Imre Eml\u00e9kest. A program 3 r\u00e9szb\u0151l \u00e1llt. El\u0151sz\u00f6r Feledy Bal\u00e1zs kur\u00e1tor t\u00e1rlatvezet\u00e9ssel eml\u00e9kezett \u00c9desap\u00e1mra. Ut\u00e1na p\u00e1lyat\u00e1rsakkal, Vel\u00e9nyi Rudolffal \u00e9s Kelemen [&hellip;]\" \/>\n<meta property=\"og:url\" content=\"https:\/\/egerhaziimre.hu\/index.php\/egerhazi-imrere-emlekeztek-a-modem-ben\/\" \/>\n<meta property=\"og:site_name\" content=\"\u00c9gerh\u00e1zi Imre\" \/>\n<meta property=\"article:modified_time\" content=\"2025-06-24T13:26:21+00:00\" \/>\n<meta property=\"og:image\" content=\"https:\/\/egerhaziimre.hu\/wp-content\/uploads\/2025\/02\/Dajbe_Egerhazi_Imre_emlekest_Debrecen_MODEM_20250110_010.jpg\" \/>\n\t<meta property=\"og:image:width\" content=\"2048\" \/>\n\t<meta property=\"og:image:height\" content=\"1365\" \/>\n\t<meta property=\"og:image:type\" content=\"image\/jpeg\" \/>\n<meta name=\"twitter:card\" content=\"summary_large_image\" \/>\n<meta name=\"twitter:image\" content=\"https:\/\/egerhaziimre.hu\/wp-content\/uploads\/2025\/02\/Dajbe_Egerhazi_Imre_emlekest_Debrecen_MODEM_20250110_010.jpg\" \/>\n<meta name=\"twitter:label1\" content=\"Becs\u00fclt olvas\u00e1si id\u0151\" \/>\n\t<meta name=\"twitter:data1\" content=\"21 perc\" \/>\n<script type=\"application\/ld+json\" class=\"yoast-schema-graph\">{\"@context\":\"https:\\\/\\\/schema.org\",\"@graph\":[{\"@type\":\"WebPage\",\"@id\":\"https:\\\/\\\/egerhaziimre.hu\\\/index.php\\\/egerhazi-imrere-emlekeztek-a-modem-ben\\\/\",\"url\":\"https:\\\/\\\/egerhaziimre.hu\\\/index.php\\\/egerhazi-imrere-emlekeztek-a-modem-ben\\\/\",\"name\":\"\u00c9gerh\u00e1zi Imr\u00e9re eml\u00e9keztek a MODEM-ben - \u00c9gerh\u00e1zi Imre\",\"isPartOf\":{\"@id\":\"https:\\\/\\\/egerhaziimre.hu\\\/#website\"},\"primaryImageOfPage\":{\"@id\":\"https:\\\/\\\/egerhaziimre.hu\\\/index.php\\\/egerhazi-imrere-emlekeztek-a-modem-ben\\\/#primaryimage\"},\"image\":{\"@id\":\"https:\\\/\\\/egerhaziimre.hu\\\/index.php\\\/egerhazi-imrere-emlekeztek-a-modem-ben\\\/#primaryimage\"},\"thumbnailUrl\":\"https:\\\/\\\/egerhaziimre.hu\\\/wp-content\\\/uploads\\\/2025\\\/02\\\/Dajbe_Egerhazi_Imre_emlekest_Debrecen_MODEM_20250110_010.jpg\",\"datePublished\":\"2025-02-11T15:44:53+00:00\",\"dateModified\":\"2025-06-24T13:26:21+00:00\",\"breadcrumb\":{\"@id\":\"https:\\\/\\\/egerhaziimre.hu\\\/index.php\\\/egerhazi-imrere-emlekeztek-a-modem-ben\\\/#breadcrumb\"},\"inLanguage\":\"hu\",\"potentialAction\":[{\"@type\":\"ReadAction\",\"target\":[\"https:\\\/\\\/egerhaziimre.hu\\\/index.php\\\/egerhazi-imrere-emlekeztek-a-modem-ben\\\/\"]}]},{\"@type\":\"ImageObject\",\"inLanguage\":\"hu\",\"@id\":\"https:\\\/\\\/egerhaziimre.hu\\\/index.php\\\/egerhazi-imrere-emlekeztek-a-modem-ben\\\/#primaryimage\",\"url\":\"https:\\\/\\\/egerhaziimre.hu\\\/wp-content\\\/uploads\\\/2025\\\/02\\\/Dajbe_Egerhazi_Imre_emlekest_Debrecen_MODEM_20250110_010.jpg\",\"contentUrl\":\"https:\\\/\\\/egerhaziimre.hu\\\/wp-content\\\/uploads\\\/2025\\\/02\\\/Dajbe_Egerhazi_Imre_emlekest_Debrecen_MODEM_20250110_010.jpg\",\"width\":2048,\"height\":1365},{\"@type\":\"BreadcrumbList\",\"@id\":\"https:\\\/\\\/egerhaziimre.hu\\\/index.php\\\/egerhazi-imrere-emlekeztek-a-modem-ben\\\/#breadcrumb\",\"itemListElement\":[{\"@type\":\"ListItem\",\"position\":1,\"name\":\"Home\",\"item\":\"https:\\\/\\\/egerhaziimre.hu\\\/\"},{\"@type\":\"ListItem\",\"position\":2,\"name\":\"\u00c9gerh\u00e1zi Imr\u00e9re eml\u00e9keztek a MODEM-ben\"}]},{\"@type\":\"WebSite\",\"@id\":\"https:\\\/\\\/egerhaziimre.hu\\\/#website\",\"url\":\"https:\\\/\\\/egerhaziimre.hu\\\/\",\"name\":\"\u00c9gerh\u00e1zi Imre\",\"description\":\"\",\"potentialAction\":[{\"@type\":\"SearchAction\",\"target\":{\"@type\":\"EntryPoint\",\"urlTemplate\":\"https:\\\/\\\/egerhaziimre.hu\\\/?s={search_term_string}\"},\"query-input\":{\"@type\":\"PropertyValueSpecification\",\"valueRequired\":true,\"valueName\":\"search_term_string\"}}],\"inLanguage\":\"hu\"}]}<\/script>\n<!-- \/ Yoast SEO plugin. -->","yoast_head_json":{"title":"\u00c9gerh\u00e1zi Imr\u00e9re eml\u00e9keztek a MODEM-ben - \u00c9gerh\u00e1zi Imre","robots":{"index":"index","follow":"follow","max-snippet":"max-snippet:-1","max-image-preview":"max-image-preview:large","max-video-preview":"max-video-preview:-1"},"canonical":"https:\/\/egerhaziimre.hu\/index.php\/egerhazi-imrere-emlekeztek-a-modem-ben\/","og_locale":"hu_HU","og_type":"article","og_title":"\u00c9gerh\u00e1zi Imr\u00e9re eml\u00e9keztek a MODEM-ben - \u00c9gerh\u00e1zi Imre","og_description":"[vc_row][vc_column][vc_single_image image=&#8221;19237&#8243; img_size=&#8221;full&#8221; alignment=&#8221;center&#8221; style=&#8221;xtd-shadow&#8211;normal-light&#8221; onclick=&#8221;link_image&#8221; css=&#8221;&#8221;][vc_column_text css=&#8221;&#8221;] P\u00f3diumbesz\u00e9lget\u00e9s Feledy Bal\u00e1zs kur\u00e1torral, Vel\u00e9nyi Rudolffal \u00e9s Kelemen Marcellel [\/vc_column_text][vc_separator][vc_empty_space][vc_row_inner][vc_column_inner width=&#8221;2\/3&#8243;][vc_column_text css=&#8221;&#8221;] 2025. janu\u00e1r 10. egy \u00e9letre eml\u00e9kezetes marad sz\u00e1momra. A debreceni Modemben az \u00c9gerh\u00e1zi Imre centen\u00e1riumi eml\u00e9kki\u00e1ll\u00edt\u00e1s z\u00e1r\u00f3esem\u00e9nye volt az \u00c9gerh\u00e1zi Imre Eml\u00e9kest. A program 3 r\u00e9szb\u0151l \u00e1llt. El\u0151sz\u00f6r Feledy Bal\u00e1zs kur\u00e1tor t\u00e1rlatvezet\u00e9ssel eml\u00e9kezett \u00c9desap\u00e1mra. Ut\u00e1na p\u00e1lyat\u00e1rsakkal, Vel\u00e9nyi Rudolffal \u00e9s Kelemen [&hellip;]","og_url":"https:\/\/egerhaziimre.hu\/index.php\/egerhazi-imrere-emlekeztek-a-modem-ben\/","og_site_name":"\u00c9gerh\u00e1zi Imre","article_modified_time":"2025-06-24T13:26:21+00:00","og_image":[{"width":2048,"height":1365,"url":"https:\/\/egerhaziimre.hu\/wp-content\/uploads\/2025\/02\/Dajbe_Egerhazi_Imre_emlekest_Debrecen_MODEM_20250110_010.jpg","type":"image\/jpeg"}],"twitter_card":"summary_large_image","twitter_image":"https:\/\/egerhaziimre.hu\/wp-content\/uploads\/2025\/02\/Dajbe_Egerhazi_Imre_emlekest_Debrecen_MODEM_20250110_010.jpg","twitter_misc":{"Becs\u00fclt olvas\u00e1si id\u0151":"21 perc"},"schema":{"@context":"https:\/\/schema.org","@graph":[{"@type":"WebPage","@id":"https:\/\/egerhaziimre.hu\/index.php\/egerhazi-imrere-emlekeztek-a-modem-ben\/","url":"https:\/\/egerhaziimre.hu\/index.php\/egerhazi-imrere-emlekeztek-a-modem-ben\/","name":"\u00c9gerh\u00e1zi Imr\u00e9re eml\u00e9keztek a MODEM-ben - \u00c9gerh\u00e1zi Imre","isPartOf":{"@id":"https:\/\/egerhaziimre.hu\/#website"},"primaryImageOfPage":{"@id":"https:\/\/egerhaziimre.hu\/index.php\/egerhazi-imrere-emlekeztek-a-modem-ben\/#primaryimage"},"image":{"@id":"https:\/\/egerhaziimre.hu\/index.php\/egerhazi-imrere-emlekeztek-a-modem-ben\/#primaryimage"},"thumbnailUrl":"https:\/\/egerhaziimre.hu\/wp-content\/uploads\/2025\/02\/Dajbe_Egerhazi_Imre_emlekest_Debrecen_MODEM_20250110_010.jpg","datePublished":"2025-02-11T15:44:53+00:00","dateModified":"2025-06-24T13:26:21+00:00","breadcrumb":{"@id":"https:\/\/egerhaziimre.hu\/index.php\/egerhazi-imrere-emlekeztek-a-modem-ben\/#breadcrumb"},"inLanguage":"hu","potentialAction":[{"@type":"ReadAction","target":["https:\/\/egerhaziimre.hu\/index.php\/egerhazi-imrere-emlekeztek-a-modem-ben\/"]}]},{"@type":"ImageObject","inLanguage":"hu","@id":"https:\/\/egerhaziimre.hu\/index.php\/egerhazi-imrere-emlekeztek-a-modem-ben\/#primaryimage","url":"https:\/\/egerhaziimre.hu\/wp-content\/uploads\/2025\/02\/Dajbe_Egerhazi_Imre_emlekest_Debrecen_MODEM_20250110_010.jpg","contentUrl":"https:\/\/egerhaziimre.hu\/wp-content\/uploads\/2025\/02\/Dajbe_Egerhazi_Imre_emlekest_Debrecen_MODEM_20250110_010.jpg","width":2048,"height":1365},{"@type":"BreadcrumbList","@id":"https:\/\/egerhaziimre.hu\/index.php\/egerhazi-imrere-emlekeztek-a-modem-ben\/#breadcrumb","itemListElement":[{"@type":"ListItem","position":1,"name":"Home","item":"https:\/\/egerhaziimre.hu\/"},{"@type":"ListItem","position":2,"name":"\u00c9gerh\u00e1zi Imr\u00e9re eml\u00e9keztek a MODEM-ben"}]},{"@type":"WebSite","@id":"https:\/\/egerhaziimre.hu\/#website","url":"https:\/\/egerhaziimre.hu\/","name":"\u00c9gerh\u00e1zi Imre","description":"","potentialAction":[{"@type":"SearchAction","target":{"@type":"EntryPoint","urlTemplate":"https:\/\/egerhaziimre.hu\/?s={search_term_string}"},"query-input":{"@type":"PropertyValueSpecification","valueRequired":true,"valueName":"search_term_string"}}],"inLanguage":"hu"}]}},"jetpack_sharing_enabled":true,"_links":{"self":[{"href":"https:\/\/egerhaziimre.hu\/index.php\/wp-json\/wp\/v2\/pages\/19195","targetHints":{"allow":["GET"]}}],"collection":[{"href":"https:\/\/egerhaziimre.hu\/index.php\/wp-json\/wp\/v2\/pages"}],"about":[{"href":"https:\/\/egerhaziimre.hu\/index.php\/wp-json\/wp\/v2\/types\/page"}],"author":[{"embeddable":true,"href":"https:\/\/egerhaziimre.hu\/index.php\/wp-json\/wp\/v2\/users\/4"}],"replies":[{"embeddable":true,"href":"https:\/\/egerhaziimre.hu\/index.php\/wp-json\/wp\/v2\/comments?post=19195"}],"version-history":[{"count":5,"href":"https:\/\/egerhaziimre.hu\/index.php\/wp-json\/wp\/v2\/pages\/19195\/revisions"}],"predecessor-version":[{"id":19370,"href":"https:\/\/egerhaziimre.hu\/index.php\/wp-json\/wp\/v2\/pages\/19195\/revisions\/19370"}],"wp:featuredmedia":[{"embeddable":true,"href":"https:\/\/egerhaziimre.hu\/index.php\/wp-json\/wp\/v2\/media\/19205"}],"wp:attachment":[{"href":"https:\/\/egerhaziimre.hu\/index.php\/wp-json\/wp\/v2\/media?parent=19195"}],"wp:term":[{"taxonomy":"category","embeddable":true,"href":"https:\/\/egerhaziimre.hu\/index.php\/wp-json\/wp\/v2\/categories?post=19195"},{"taxonomy":"post_tag","embeddable":true,"href":"https:\/\/egerhaziimre.hu\/index.php\/wp-json\/wp\/v2\/tags?post=19195"}],"curies":[{"name":"wp","href":"https:\/\/api.w.org\/{rel}","templated":true}]}}