{"id":19293,"date":"2025-03-07T12:39:21","date_gmt":"2025-03-07T11:39:21","guid":{"rendered":"https:\/\/egerhaziimre.hu\/?page_id=19293"},"modified":"2025-06-24T15:09:07","modified_gmt":"2025-06-24T13:09:07","slug":"egerhazi-imre-100-kiallitas-bukaresten","status":"publish","type":"page","link":"https:\/\/egerhaziimre.hu\/index.php\/egerhazi-imre-100-kiallitas-bukaresten\/","title":{"rendered":"\u00c9gerh\u00e1zi Imre 100 ki\u00e1ll\u00edt\u00e1s Bukarestben"},"content":{"rendered":"<div class=\"wpb-content-wrapper\">[vc_row][vc_column][vc_single_image image=&#8221;19294&#8243; img_size=&#8221;full&#8221; alignment=&#8221;center&#8221; style=&#8221;xtd-shadow&#8211;normal-light&#8221; onclick=&#8221;link_image&#8221; css=&#8221;&#8221;][vc_empty_space][vc_row_inner][vc_column_inner][vc_column_text css=&#8221;&#8221;]\n<div>Ezzel a t\u00e1rlattal a sz\u00e1z \u00e9vvel ezel\u0151tt sz\u00fcletett <strong>\u00c9gerh\u00e1zi Imre<\/strong> fest\u0151m\u0171v\u00e9sz eml\u00e9ke el\u0151tt ad\u00f3zunk, akit m\u00e1r az ezredfordul\u00f3n az Alf\u00f6ld egyik vezet\u0151 mesterek\u00e9nt tartott\u00e1k sz\u00e1mon, \u00e9s akinek m\u0171v\u00e9szete \u00e9s m\u0171v\u00e9szeti szervez\u0151tev\u00e9kenys\u00e9ge Magyarorsz\u00e1gon \u00e9s a hat\u00e1ron t\u00fal is nagy elismer\u00e9sben r\u00e9szes\u00fclt.<\/div>\n<div><\/div>\n<div>\n<h4>A ki\u00e1ll\u00edt\u00e1st megnyitja:<\/h4>\n<\/div>\n<div><\/div>\n<div><strong>dr. Petru Lucaci<\/strong> egyetemi professzor, a Rom\u00e1niai K\u00e9pz\u0151m\u0171v\u00e9szek Sz\u00f6vets\u00e9g\u00e9nek eln\u00f6ke,<\/div>\n<div><strong>Vizi Katalin<\/strong>, a MODEM \u00fcgyvezet\u0151 igazgat\u00f3ja<\/div>\n<div>\u00e9s <strong>\u00c9gerh\u00e1zi Attila<\/strong>, a m\u0171v\u00e9sz fia, hagyat\u00e9k\u00e1nak kezel\u0151je.<\/div>\n<div><\/div>\n<div><strong>Partnerek: <\/strong><\/div>\n<div>Gramy, modem, Debrecen Megyei Jog\u00fa V\u00e1ros Polg\u00e1rmesteri Hivatala, Hajd\u00fahadh\u00e1z V\u00e1ros Polg\u00e1rmesteri Hivatala, a Rom\u00e1niai K\u00e9pz\u0151m\u0171v\u00e9szek Sz\u00f6vets\u00e9ge<\/div>\n<div><\/div>\n<div>\n<h4>A ki\u00e1ll\u00edt\u00e1s \u00e1prilis 10-ig tekinthet\u0151 meg.<\/h4>\n<\/div>\n[\/vc_column_text][vc_empty_space][vc_column_text css=&#8221;&#8221;]\n<div>Dedic\u0103m aceast\u0103 expozi\u021bie memoriei pictorului <strong>\u00c9gerh\u00e1zi Imre<\/strong>, n\u0103scut cu 100 de ani \u00een urm\u0103, care era considerat unul dintre mae\u0219tri de v\u00e2rf ai C\u00e2mpiei Ungariei de la r\u0103scruce de milenii \u0219i a c\u0103rui art\u0103 \u0219i activitate organizatoric\u0103 se bucur\u0103 de recunoa\u0219tere interna\u021bional\u0103.<\/div>\n<div><\/div>\n<div>\n<h4>Expozi\u021bia va fi vernisat\u0103 de:<\/h4>\n<\/div>\n<div><\/div>\n<div><strong>prof. univ. dr. Petru Lucaci<\/strong> pre\u0219edintele Uniunii Arti\u0219tilor Plastici din Rom\u00e2nia,<\/div>\n<div>doamna <strong>Vizi Katalin<\/strong>, director administrativ MODEM &#8211; Centrul de Art\u0103 Modern\u0103 \u0219i Contemporan\u0103 din Debre\u021bin,<\/div>\n<div>\u0219i <strong>\u00c9gerh\u00e1zi Attila<\/strong>, fiul artistului, administratorul patrimoniului.<\/div>\n<div><\/div>\n<div><strong>Parteneri: <\/strong><\/div>\n<div>Gramy, modem, Prim\u0103ria municpiului Debre\u021bin, Prim\u0103ria ora\u0219ului Hajd\u00fahadh\u00e1z, Uniunea Arti\u0219tilor Plastici din Rom\u00e2nia<\/div>\n<div><\/div>\n<div>\n<h4>Expozi\u021bia poate fi vizitat\u0103 p\u00e2n\u0103 pe 10 aprilie.<\/h4>\n<\/div>\n[\/vc_column_text][\/vc_column_inner][\/vc_row_inner][vc_single_image image=&#8221;19295&#8243; img_size=&#8221;full&#8221; alignment=&#8221;center&#8221; css=&#8221;&#8221;][vc_empty_space][\/vc_column][\/vc_row]\n<\/div>","protected":false},"excerpt":{"rendered":"<p>[vc_row][vc_column][vc_single_image image=&#8221;19294&#8243; img_size=&#8221;full&#8221; alignment=&#8221;center&#8221; style=&#8221;xtd-shadow&#8211;normal-light&#8221; onclick=&#8221;link_image&#8221; css=&#8221;&#8221;][vc_empty_space][vc_row_inner][vc_column_inner][vc_column_text css=&#8221;&#8221;] Ezzel a t\u00e1rlattal a sz\u00e1z \u00e9vvel ezel\u0151tt sz\u00fcletett \u00c9gerh\u00e1zi Imre fest\u0151m\u0171v\u00e9sz eml\u00e9ke el\u0151tt ad\u00f3zunk, akit m\u00e1r az ezredfordul\u00f3n az Alf\u00f6ld egyik vezet\u0151 mesterek\u00e9nt tartott\u00e1k sz\u00e1mon, \u00e9s akinek m\u0171v\u00e9szete \u00e9s m\u0171v\u00e9szeti szervez\u0151tev\u00e9kenys\u00e9ge Magyarorsz\u00e1gon \u00e9s a hat\u00e1ron t\u00fal is nagy elismer\u00e9sben r\u00e9szes\u00fclt. A ki\u00e1ll\u00edt\u00e1st megnyitja: dr. Petru Lucaci egyetemi professzor, a Rom\u00e1niai K\u00e9pz\u0151m\u0171v\u00e9szek Sz\u00f6vets\u00e9g\u00e9nek [&hellip;]<\/p>\n","protected":false},"author":4,"featured_media":19296,"parent":0,"menu_order":0,"comment_status":"closed","ping_status":"closed","template":"","meta":{"footnotes":""},"categories":[6,14,45],"tags":[],"class_list":["post-19293","page","type-page","status-publish","has-post-thumbnail","hentry","category-aktualis_kiallitasok","category-aktualitasok","category-emlekkiallitasok"],"yoast_head":"<!-- This site is optimized with the Yoast SEO plugin v27.3 - https:\/\/yoast.com\/product\/yoast-seo-wordpress\/ -->\n<title>\u00c9gerh\u00e1zi Imre 100 ki\u00e1ll\u00edt\u00e1s Bukarestben - \u00c9gerh\u00e1zi Imre<\/title>\n<meta name=\"robots\" content=\"index, follow, max-snippet:-1, max-image-preview:large, max-video-preview:-1\" \/>\n<link rel=\"canonical\" href=\"https:\/\/egerhaziimre.hu\/index.php\/egerhazi-imre-100-kiallitas-bukaresten\/\" \/>\n<meta property=\"og:locale\" content=\"hu_HU\" \/>\n<meta property=\"og:type\" content=\"article\" \/>\n<meta property=\"og:title\" content=\"\u00c9gerh\u00e1zi Imre 100 ki\u00e1ll\u00edt\u00e1s Bukarestben - \u00c9gerh\u00e1zi Imre\" \/>\n<meta property=\"og:description\" content=\"[vc_row][vc_column][vc_single_image image=&#8221;19294&#8243; img_size=&#8221;full&#8221; alignment=&#8221;center&#8221; style=&#8221;xtd-shadow&#8211;normal-light&#8221; onclick=&#8221;link_image&#8221; css=&#8221;&#8221;][vc_empty_space][vc_row_inner][vc_column_inner][vc_column_text css=&#8221;&#8221;] Ezzel a t\u00e1rlattal a sz\u00e1z \u00e9vvel ezel\u0151tt sz\u00fcletett \u00c9gerh\u00e1zi Imre fest\u0151m\u0171v\u00e9sz eml\u00e9ke el\u0151tt ad\u00f3zunk, akit m\u00e1r az ezredfordul\u00f3n az Alf\u00f6ld egyik vezet\u0151 mesterek\u00e9nt tartott\u00e1k sz\u00e1mon, \u00e9s akinek m\u0171v\u00e9szete \u00e9s m\u0171v\u00e9szeti szervez\u0151tev\u00e9kenys\u00e9ge Magyarorsz\u00e1gon \u00e9s a hat\u00e1ron t\u00fal is nagy elismer\u00e9sben r\u00e9szes\u00fclt. A ki\u00e1ll\u00edt\u00e1st megnyitja: dr. Petru Lucaci egyetemi professzor, a Rom\u00e1niai K\u00e9pz\u0151m\u0171v\u00e9szek Sz\u00f6vets\u00e9g\u00e9nek [&hellip;]\" \/>\n<meta property=\"og:url\" content=\"https:\/\/egerhaziimre.hu\/index.php\/egerhazi-imre-100-kiallitas-bukaresten\/\" \/>\n<meta property=\"og:site_name\" content=\"\u00c9gerh\u00e1zi Imre\" \/>\n<meta property=\"article:modified_time\" content=\"2025-06-24T13:09:07+00:00\" \/>\n<meta property=\"og:image\" content=\"https:\/\/egerhaziimre.hu\/wp-content\/uploads\/2025\/03\/Egerhazi100_Bukarest_web_1.jpg\" \/>\n\t<meta property=\"og:image:width\" content=\"2000\" \/>\n\t<meta property=\"og:image:height\" content=\"2000\" \/>\n\t<meta property=\"og:image:type\" content=\"image\/jpeg\" \/>\n<meta name=\"twitter:card\" content=\"summary_large_image\" \/>\n<meta name=\"twitter:label1\" content=\"Becs\u00fclt olvas\u00e1si id\u0151\" \/>\n\t<meta name=\"twitter:data1\" content=\"2 perc\" \/>\n<script type=\"application\/ld+json\" class=\"yoast-schema-graph\">{\"@context\":\"https:\\\/\\\/schema.org\",\"@graph\":[{\"@type\":\"WebPage\",\"@id\":\"https:\\\/\\\/egerhaziimre.hu\\\/index.php\\\/egerhazi-imre-100-kiallitas-bukaresten\\\/\",\"url\":\"https:\\\/\\\/egerhaziimre.hu\\\/index.php\\\/egerhazi-imre-100-kiallitas-bukaresten\\\/\",\"name\":\"\u00c9gerh\u00e1zi Imre 100 ki\u00e1ll\u00edt\u00e1s Bukarestben - \u00c9gerh\u00e1zi Imre\",\"isPartOf\":{\"@id\":\"https:\\\/\\\/egerhaziimre.hu\\\/#website\"},\"primaryImageOfPage\":{\"@id\":\"https:\\\/\\\/egerhaziimre.hu\\\/index.php\\\/egerhazi-imre-100-kiallitas-bukaresten\\\/#primaryimage\"},\"image\":{\"@id\":\"https:\\\/\\\/egerhaziimre.hu\\\/index.php\\\/egerhazi-imre-100-kiallitas-bukaresten\\\/#primaryimage\"},\"thumbnailUrl\":\"https:\\\/\\\/egerhaziimre.hu\\\/wp-content\\\/uploads\\\/2025\\\/03\\\/Egerhazi100_Bukarest_web_1.jpg\",\"datePublished\":\"2025-03-07T11:39:21+00:00\",\"dateModified\":\"2025-06-24T13:09:07+00:00\",\"breadcrumb\":{\"@id\":\"https:\\\/\\\/egerhaziimre.hu\\\/index.php\\\/egerhazi-imre-100-kiallitas-bukaresten\\\/#breadcrumb\"},\"inLanguage\":\"hu\",\"potentialAction\":[{\"@type\":\"ReadAction\",\"target\":[\"https:\\\/\\\/egerhaziimre.hu\\\/index.php\\\/egerhazi-imre-100-kiallitas-bukaresten\\\/\"]}]},{\"@type\":\"ImageObject\",\"inLanguage\":\"hu\",\"@id\":\"https:\\\/\\\/egerhaziimre.hu\\\/index.php\\\/egerhazi-imre-100-kiallitas-bukaresten\\\/#primaryimage\",\"url\":\"https:\\\/\\\/egerhaziimre.hu\\\/wp-content\\\/uploads\\\/2025\\\/03\\\/Egerhazi100_Bukarest_web_1.jpg\",\"contentUrl\":\"https:\\\/\\\/egerhaziimre.hu\\\/wp-content\\\/uploads\\\/2025\\\/03\\\/Egerhazi100_Bukarest_web_1.jpg\",\"width\":2000,\"height\":2000},{\"@type\":\"BreadcrumbList\",\"@id\":\"https:\\\/\\\/egerhaziimre.hu\\\/index.php\\\/egerhazi-imre-100-kiallitas-bukaresten\\\/#breadcrumb\",\"itemListElement\":[{\"@type\":\"ListItem\",\"position\":1,\"name\":\"Home\",\"item\":\"https:\\\/\\\/egerhaziimre.hu\\\/\"},{\"@type\":\"ListItem\",\"position\":2,\"name\":\"\u00c9gerh\u00e1zi Imre 100 ki\u00e1ll\u00edt\u00e1s Bukarestben\"}]},{\"@type\":\"WebSite\",\"@id\":\"https:\\\/\\\/egerhaziimre.hu\\\/#website\",\"url\":\"https:\\\/\\\/egerhaziimre.hu\\\/\",\"name\":\"\u00c9gerh\u00e1zi Imre\",\"description\":\"\",\"potentialAction\":[{\"@type\":\"SearchAction\",\"target\":{\"@type\":\"EntryPoint\",\"urlTemplate\":\"https:\\\/\\\/egerhaziimre.hu\\\/?s={search_term_string}\"},\"query-input\":{\"@type\":\"PropertyValueSpecification\",\"valueRequired\":true,\"valueName\":\"search_term_string\"}}],\"inLanguage\":\"hu\"}]}<\/script>\n<!-- \/ Yoast SEO plugin. -->","yoast_head_json":{"title":"\u00c9gerh\u00e1zi Imre 100 ki\u00e1ll\u00edt\u00e1s Bukarestben - \u00c9gerh\u00e1zi Imre","robots":{"index":"index","follow":"follow","max-snippet":"max-snippet:-1","max-image-preview":"max-image-preview:large","max-video-preview":"max-video-preview:-1"},"canonical":"https:\/\/egerhaziimre.hu\/index.php\/egerhazi-imre-100-kiallitas-bukaresten\/","og_locale":"hu_HU","og_type":"article","og_title":"\u00c9gerh\u00e1zi Imre 100 ki\u00e1ll\u00edt\u00e1s Bukarestben - \u00c9gerh\u00e1zi Imre","og_description":"[vc_row][vc_column][vc_single_image image=&#8221;19294&#8243; img_size=&#8221;full&#8221; alignment=&#8221;center&#8221; style=&#8221;xtd-shadow&#8211;normal-light&#8221; onclick=&#8221;link_image&#8221; css=&#8221;&#8221;][vc_empty_space][vc_row_inner][vc_column_inner][vc_column_text css=&#8221;&#8221;] Ezzel a t\u00e1rlattal a sz\u00e1z \u00e9vvel ezel\u0151tt sz\u00fcletett \u00c9gerh\u00e1zi Imre fest\u0151m\u0171v\u00e9sz eml\u00e9ke el\u0151tt ad\u00f3zunk, akit m\u00e1r az ezredfordul\u00f3n az Alf\u00f6ld egyik vezet\u0151 mesterek\u00e9nt tartott\u00e1k sz\u00e1mon, \u00e9s akinek m\u0171v\u00e9szete \u00e9s m\u0171v\u00e9szeti szervez\u0151tev\u00e9kenys\u00e9ge Magyarorsz\u00e1gon \u00e9s a hat\u00e1ron t\u00fal is nagy elismer\u00e9sben r\u00e9szes\u00fclt. A ki\u00e1ll\u00edt\u00e1st megnyitja: dr. Petru Lucaci egyetemi professzor, a Rom\u00e1niai K\u00e9pz\u0151m\u0171v\u00e9szek Sz\u00f6vets\u00e9g\u00e9nek [&hellip;]","og_url":"https:\/\/egerhaziimre.hu\/index.php\/egerhazi-imre-100-kiallitas-bukaresten\/","og_site_name":"\u00c9gerh\u00e1zi Imre","article_modified_time":"2025-06-24T13:09:07+00:00","og_image":[{"width":2000,"height":2000,"url":"https:\/\/egerhaziimre.hu\/wp-content\/uploads\/2025\/03\/Egerhazi100_Bukarest_web_1.jpg","type":"image\/jpeg"}],"twitter_card":"summary_large_image","twitter_misc":{"Becs\u00fclt olvas\u00e1si id\u0151":"2 perc"},"schema":{"@context":"https:\/\/schema.org","@graph":[{"@type":"WebPage","@id":"https:\/\/egerhaziimre.hu\/index.php\/egerhazi-imre-100-kiallitas-bukaresten\/","url":"https:\/\/egerhaziimre.hu\/index.php\/egerhazi-imre-100-kiallitas-bukaresten\/","name":"\u00c9gerh\u00e1zi Imre 100 ki\u00e1ll\u00edt\u00e1s Bukarestben - \u00c9gerh\u00e1zi Imre","isPartOf":{"@id":"https:\/\/egerhaziimre.hu\/#website"},"primaryImageOfPage":{"@id":"https:\/\/egerhaziimre.hu\/index.php\/egerhazi-imre-100-kiallitas-bukaresten\/#primaryimage"},"image":{"@id":"https:\/\/egerhaziimre.hu\/index.php\/egerhazi-imre-100-kiallitas-bukaresten\/#primaryimage"},"thumbnailUrl":"https:\/\/egerhaziimre.hu\/wp-content\/uploads\/2025\/03\/Egerhazi100_Bukarest_web_1.jpg","datePublished":"2025-03-07T11:39:21+00:00","dateModified":"2025-06-24T13:09:07+00:00","breadcrumb":{"@id":"https:\/\/egerhaziimre.hu\/index.php\/egerhazi-imre-100-kiallitas-bukaresten\/#breadcrumb"},"inLanguage":"hu","potentialAction":[{"@type":"ReadAction","target":["https:\/\/egerhaziimre.hu\/index.php\/egerhazi-imre-100-kiallitas-bukaresten\/"]}]},{"@type":"ImageObject","inLanguage":"hu","@id":"https:\/\/egerhaziimre.hu\/index.php\/egerhazi-imre-100-kiallitas-bukaresten\/#primaryimage","url":"https:\/\/egerhaziimre.hu\/wp-content\/uploads\/2025\/03\/Egerhazi100_Bukarest_web_1.jpg","contentUrl":"https:\/\/egerhaziimre.hu\/wp-content\/uploads\/2025\/03\/Egerhazi100_Bukarest_web_1.jpg","width":2000,"height":2000},{"@type":"BreadcrumbList","@id":"https:\/\/egerhaziimre.hu\/index.php\/egerhazi-imre-100-kiallitas-bukaresten\/#breadcrumb","itemListElement":[{"@type":"ListItem","position":1,"name":"Home","item":"https:\/\/egerhaziimre.hu\/"},{"@type":"ListItem","position":2,"name":"\u00c9gerh\u00e1zi Imre 100 ki\u00e1ll\u00edt\u00e1s Bukarestben"}]},{"@type":"WebSite","@id":"https:\/\/egerhaziimre.hu\/#website","url":"https:\/\/egerhaziimre.hu\/","name":"\u00c9gerh\u00e1zi Imre","description":"","potentialAction":[{"@type":"SearchAction","target":{"@type":"EntryPoint","urlTemplate":"https:\/\/egerhaziimre.hu\/?s={search_term_string}"},"query-input":{"@type":"PropertyValueSpecification","valueRequired":true,"valueName":"search_term_string"}}],"inLanguage":"hu"}]}},"jetpack_sharing_enabled":true,"_links":{"self":[{"href":"https:\/\/egerhaziimre.hu\/index.php\/wp-json\/wp\/v2\/pages\/19293","targetHints":{"allow":["GET"]}}],"collection":[{"href":"https:\/\/egerhaziimre.hu\/index.php\/wp-json\/wp\/v2\/pages"}],"about":[{"href":"https:\/\/egerhaziimre.hu\/index.php\/wp-json\/wp\/v2\/types\/page"}],"author":[{"embeddable":true,"href":"https:\/\/egerhaziimre.hu\/index.php\/wp-json\/wp\/v2\/users\/4"}],"replies":[{"embeddable":true,"href":"https:\/\/egerhaziimre.hu\/index.php\/wp-json\/wp\/v2\/comments?post=19293"}],"version-history":[{"count":7,"href":"https:\/\/egerhaziimre.hu\/index.php\/wp-json\/wp\/v2\/pages\/19293\/revisions"}],"predecessor-version":[{"id":19365,"href":"https:\/\/egerhaziimre.hu\/index.php\/wp-json\/wp\/v2\/pages\/19293\/revisions\/19365"}],"wp:featuredmedia":[{"embeddable":true,"href":"https:\/\/egerhaziimre.hu\/index.php\/wp-json\/wp\/v2\/media\/19296"}],"wp:attachment":[{"href":"https:\/\/egerhaziimre.hu\/index.php\/wp-json\/wp\/v2\/media?parent=19293"}],"wp:term":[{"taxonomy":"category","embeddable":true,"href":"https:\/\/egerhaziimre.hu\/index.php\/wp-json\/wp\/v2\/categories?post=19293"},{"taxonomy":"post_tag","embeddable":true,"href":"https:\/\/egerhaziimre.hu\/index.php\/wp-json\/wp\/v2\/tags?post=19293"}],"curies":[{"name":"wp","href":"https:\/\/api.w.org\/{rel}","templated":true}]}}