{"id":19353,"date":"2025-05-20T17:26:07","date_gmt":"2025-05-20T15:26:07","guid":{"rendered":"https:\/\/egerhaziimre.hu\/?page_id=19353"},"modified":"2025-10-09T15:42:40","modified_gmt":"2025-10-09T13:42:40","slug":"ujra-megnyilik-a-hajduhadhazi-egerhazi-imre-emlekhaz","status":"publish","type":"page","link":"https:\/\/egerhaziimre.hu\/index.php\/ujra-megnyilik-a-hajduhadhazi-egerhazi-imre-emlekhaz\/","title":{"rendered":"\u00dajra megny\u00edlt a Hajd\u00fahadh\u00e1zi \u00c9gerh\u00e1zi Imre Eml\u00e9kh\u00e1z!"},"content":{"rendered":"<div class=\"wpb-content-wrapper\">[vc_row][vc_column][vc_single_image image=&#8221;19354&#8243; img_size=&#8221;full&#8221; alignment=&#8221;center&#8221; style=&#8221;xtd-shadow&#8211;normal-light&#8221; onclick=&#8221;link_image&#8221; css=&#8221;&#8221;][vc_empty_space][vc_row_inner][vc_column_inner][vc_column_text css=&#8221;&#8221;]\n<div>\n<p>Hajd\u00fahadh\u00e1z V\u00e1ros \u00d6nkorm\u00e1nyzata 2025. m\u00e1jus 24-\u00e9n \u00fajra megnyitotta a meg\u00fajult \u00c9gerh\u00e1zi Imre Eml\u00e9kh\u00e1zat.<\/p>\n<\/div>\n<div>\n<h4><strong style=\"font-size: 1rem;\">A ki\u00e1ll\u00edt\u00e1st megnyitotta:<\/strong><span style=\"font-size: 1rem;\"> Cs\u00e1fordi D\u00e9nes Hajd\u00fahadh\u00e1z v\u00e1ros polg\u00e1rmestere<\/span><\/h4>\n<\/div>\n<div>\n<h4><strong style=\"font-size: 1rem;\">K\u00f6sz\u00f6nt\u0151t mondott:<\/strong><span style=\"font-size: 1rem;\"> \u00c9gerh\u00e1zi Attila<br \/>\n<\/span><span lang=\"HU\" style=\"font-size: 1rem;\"><strong>\u00c9gerh\u00e1zi Imre munk\u00e1ss\u00e1g\u00e1t bemutatatta:<\/strong> Dr. Feledy Bal\u00e1zs m\u0171v\u00e9szeti \u00edr\u00f3<\/span><span style=\"font-size: 1rem;\"><br \/>\n<\/span><strong style=\"font-size: 1rem;\">C\u00edm:<\/strong><span style=\"font-size: 1rem;\"> \u00c9gerh\u00e1zi Imre Eml\u00e9kh\u00e1z Hajd\u00fahadh\u00e1z, Dr. F\u00f6ldi J\u00e1nos u. 23.<\/span><\/h4>\n<p><span style=\"font-size: 1rem;\">Nyitva telefonos bejelentkez\u00e9s alapj\u00e1n a k\u00f6nyvt\u00e1r nyitvatart\u00e1si idej\u00e9ben.<br \/>\n<\/span><span style=\"font-size: 1rem;\">Tel: 06 30 833 12 17<\/span><\/p>\n<\/div>\n<div>\n<p><span lang=\"HU\">Ett\u0151l elt\u00e9r\u0151 id\u0151pontban el\u0151zetes egyeztet\u00e9s sz\u00fcks\u00e9ges.<br \/>\n<\/span><span style=\"font-size: 1rem;\">Tel.: 06 20 421 17 85<\/span><\/p>\n<\/div>\n[\/vc_column_text][vc_empty_space][vc_column_text css=&#8221;&#8221;]<em>\u201eNagy \u00f6r\u00f6mmel tettem eleget a felk\u00e9r\u00e9snek, hogy vegyek r\u00e9szt a fel\u00faj\u00edtott \u00c9gerh\u00e1zi Imre eml\u00e9kh\u00e1z \u00e1lland\u00f3 ki\u00e1ll\u00edt\u00e1s\u00e1nak rendez\u00e9s\u00e9ben. A t\u00f6bbsz\u00f6r megrong\u00e1l\u00f3dott \u00e9p\u00fclet korszer\u0171 \u00e9p\u00edt\u00e9szeti form\u00e1ban \u00fajult meg, a szob\u00e1k \u00e1ttekinthet\u0151bbek \u00e9s vil\u00e1gosabbak lettek. Az \u00e1lland\u00f3 t\u00e1rlat kialak\u00edt\u00e1s\u00e1n\u00e1l figyelemmel voltam \u00c9desap\u00e1m eredeti, a fest\u00e9szeti korszakait bemutat\u00f3 koncepci\u00f3j\u00e1ra, de \u00e9letm\u0171v\u00e9nek a v\u00e1ros tulajdon\u00e1ban l\u00e9v\u0151 kiemelt alkot\u00e1sait igyekeztem fest\u00e9szeti tematik\u00e1it alapul v\u00e9ve, t\u00e9mak\u00f6r\u00f6k szerint is csoportos\u00edtani. A ki\u00e1ll\u00edt\u00e1son l\u00e1thatjuk egykori fest\u0151\u00e1llv\u00e1ny\u00e1t, amelyen utols\u00f3, f\u00e9lig elk\u00e9sz\u00fclt festm\u00e9nye is l\u00e1that\u00f3. Mindenkinek szeretettel aj\u00e1nlom az \u00c9gerh\u00e1zi Imre Eml\u00e9kh\u00e1z megtekint\u00e9s\u00e9t.\u201d<\/em><br \/>\n\u00c9gerh\u00e1zi Attila[\/vc_column_text][\/vc_column_inner][\/vc_row_inner][vc_empty_space][vc_column_text css=&#8221;&#8221;]\n<h2><strong>A megnyit\u00f3n k\u00e9sz\u00fclt fot\u00f3k<\/strong><\/h2>\n[\/vc_column_text][vc_media_grid style=&#8221;lazy&#8221; items_per_page=&#8221;12&#8243; element_width=&#8221;3&#8243; gap=&#8221;10&#8243; css=&#8221;&#8221; grid_id=&#8221;vc_gid:1760017180228-59f5d8e3-9c77-5&#8243; include=&#8221;19561,19562,19563,19564,19565,19566,19567,19568,19569,19570,19571,19572,19573,19574,19575,19576,19577,19578,19579&#8243;][\/vc_column][\/vc_row]\n<\/div>","protected":false},"excerpt":{"rendered":"<p>[vc_row][vc_column][vc_single_image image=&#8221;19354&#8243; img_size=&#8221;full&#8221; alignment=&#8221;center&#8221; style=&#8221;xtd-shadow&#8211;normal-light&#8221; onclick=&#8221;link_image&#8221; css=&#8221;&#8221;][vc_empty_space][vc_row_inner][vc_column_inner][vc_column_text css=&#8221;&#8221;] Hajd\u00fahadh\u00e1z V\u00e1ros \u00d6nkorm\u00e1nyzata 2025. m\u00e1jus 24-\u00e9n \u00fajra megnyitotta a meg\u00fajult \u00c9gerh\u00e1zi Imre Eml\u00e9kh\u00e1zat. A ki\u00e1ll\u00edt\u00e1st megnyitotta: Cs\u00e1fordi D\u00e9nes Hajd\u00fahadh\u00e1z v\u00e1ros polg\u00e1rmestere K\u00f6sz\u00f6nt\u0151t mondott: \u00c9gerh\u00e1zi Attila \u00c9gerh\u00e1zi Imre munk\u00e1ss\u00e1g\u00e1t bemutatatta: Dr. Feledy Bal\u00e1zs m\u0171v\u00e9szeti \u00edr\u00f3 C\u00edm: \u00c9gerh\u00e1zi Imre Eml\u00e9kh\u00e1z Hajd\u00fahadh\u00e1z, Dr. F\u00f6ldi J\u00e1nos u. 23. Nyitva telefonos bejelentkez\u00e9s alapj\u00e1n a k\u00f6nyvt\u00e1r nyitvatart\u00e1si idej\u00e9ben. [&hellip;]<\/p>\n","protected":false},"author":4,"featured_media":19355,"parent":0,"menu_order":0,"comment_status":"closed","ping_status":"closed","template":"","meta":{"footnotes":""},"categories":[14,13,4],"tags":[],"class_list":["post-19353","page","type-page","status-publish","has-post-thumbnail","hentry","category-aktualitasok","category-hirek","category-kiallitasok"],"yoast_head":"<!-- This site is optimized with the Yoast SEO plugin v27.3 - https:\/\/yoast.com\/product\/yoast-seo-wordpress\/ -->\n<title>\u00dajra megny\u00edlt a Hajd\u00fahadh\u00e1zi \u00c9gerh\u00e1zi Imre Eml\u00e9kh\u00e1z! - \u00c9gerh\u00e1zi Imre<\/title>\n<meta name=\"robots\" content=\"index, follow, max-snippet:-1, max-image-preview:large, max-video-preview:-1\" \/>\n<link rel=\"canonical\" href=\"https:\/\/egerhaziimre.hu\/index.php\/ujra-megnyilik-a-hajduhadhazi-egerhazi-imre-emlekhaz\/\" \/>\n<meta property=\"og:locale\" content=\"hu_HU\" \/>\n<meta property=\"og:type\" content=\"article\" \/>\n<meta property=\"og:title\" content=\"\u00dajra megny\u00edlt a Hajd\u00fahadh\u00e1zi \u00c9gerh\u00e1zi Imre Eml\u00e9kh\u00e1z! - \u00c9gerh\u00e1zi Imre\" \/>\n<meta property=\"og:description\" content=\"[vc_row][vc_column][vc_single_image image=&#8221;19354&#8243; img_size=&#8221;full&#8221; alignment=&#8221;center&#8221; style=&#8221;xtd-shadow&#8211;normal-light&#8221; onclick=&#8221;link_image&#8221; css=&#8221;&#8221;][vc_empty_space][vc_row_inner][vc_column_inner][vc_column_text css=&#8221;&#8221;] Hajd\u00fahadh\u00e1z V\u00e1ros \u00d6nkorm\u00e1nyzata 2025. m\u00e1jus 24-\u00e9n \u00fajra megnyitotta a meg\u00fajult \u00c9gerh\u00e1zi Imre Eml\u00e9kh\u00e1zat. A ki\u00e1ll\u00edt\u00e1st megnyitotta: Cs\u00e1fordi D\u00e9nes Hajd\u00fahadh\u00e1z v\u00e1ros polg\u00e1rmestere K\u00f6sz\u00f6nt\u0151t mondott: \u00c9gerh\u00e1zi Attila \u00c9gerh\u00e1zi Imre munk\u00e1ss\u00e1g\u00e1t bemutatatta: Dr. Feledy Bal\u00e1zs m\u0171v\u00e9szeti \u00edr\u00f3 C\u00edm: \u00c9gerh\u00e1zi Imre Eml\u00e9kh\u00e1z Hajd\u00fahadh\u00e1z, Dr. F\u00f6ldi J\u00e1nos u. 23. Nyitva telefonos bejelentkez\u00e9s alapj\u00e1n a k\u00f6nyvt\u00e1r nyitvatart\u00e1si idej\u00e9ben. [&hellip;]\" \/>\n<meta property=\"og:url\" content=\"https:\/\/egerhaziimre.hu\/index.php\/ujra-megnyilik-a-hajduhadhazi-egerhazi-imre-emlekhaz\/\" \/>\n<meta property=\"og:site_name\" content=\"\u00c9gerh\u00e1zi Imre\" \/>\n<meta property=\"article:modified_time\" content=\"2025-10-09T13:42:40+00:00\" \/>\n<meta property=\"og:image\" content=\"https:\/\/egerhaziimre.hu\/wp-content\/uploads\/2025\/05\/Egerhazi_Imre_Emlekhaz_megnyito_2025_Cover.jpg\" \/>\n\t<meta property=\"og:image:width\" content=\"1640\" \/>\n\t<meta property=\"og:image:height\" content=\"856\" \/>\n\t<meta property=\"og:image:type\" content=\"image\/jpeg\" \/>\n<meta name=\"twitter:card\" content=\"summary_large_image\" \/>\n<meta name=\"twitter:image\" content=\"https:\/\/egerhaziimre.hu\/wp-content\/uploads\/2025\/05\/Egerhazi_Imre_Emlekhaz_megnyito_2025_Cover.jpg\" \/>\n<meta name=\"twitter:label1\" content=\"Becs\u00fclt olvas\u00e1si id\u0151\" \/>\n\t<meta name=\"twitter:data1\" content=\"11 perc\" \/>\n<script type=\"application\/ld+json\" class=\"yoast-schema-graph\">{\"@context\":\"https:\\\/\\\/schema.org\",\"@graph\":[{\"@type\":\"WebPage\",\"@id\":\"https:\\\/\\\/egerhaziimre.hu\\\/index.php\\\/ujra-megnyilik-a-hajduhadhazi-egerhazi-imre-emlekhaz\\\/\",\"url\":\"https:\\\/\\\/egerhaziimre.hu\\\/index.php\\\/ujra-megnyilik-a-hajduhadhazi-egerhazi-imre-emlekhaz\\\/\",\"name\":\"\u00dajra megny\u00edlt a Hajd\u00fahadh\u00e1zi \u00c9gerh\u00e1zi Imre Eml\u00e9kh\u00e1z! - \u00c9gerh\u00e1zi Imre\",\"isPartOf\":{\"@id\":\"https:\\\/\\\/egerhaziimre.hu\\\/#website\"},\"primaryImageOfPage\":{\"@id\":\"https:\\\/\\\/egerhaziimre.hu\\\/index.php\\\/ujra-megnyilik-a-hajduhadhazi-egerhazi-imre-emlekhaz\\\/#primaryimage\"},\"image\":{\"@id\":\"https:\\\/\\\/egerhaziimre.hu\\\/index.php\\\/ujra-megnyilik-a-hajduhadhazi-egerhazi-imre-emlekhaz\\\/#primaryimage\"},\"thumbnailUrl\":\"https:\\\/\\\/egerhaziimre.hu\\\/wp-content\\\/uploads\\\/2025\\\/05\\\/Egerhazi_Imre_Emlekhaz_megnyito_2025_Cover.jpg\",\"datePublished\":\"2025-05-20T15:26:07+00:00\",\"dateModified\":\"2025-10-09T13:42:40+00:00\",\"breadcrumb\":{\"@id\":\"https:\\\/\\\/egerhaziimre.hu\\\/index.php\\\/ujra-megnyilik-a-hajduhadhazi-egerhazi-imre-emlekhaz\\\/#breadcrumb\"},\"inLanguage\":\"hu\",\"potentialAction\":[{\"@type\":\"ReadAction\",\"target\":[\"https:\\\/\\\/egerhaziimre.hu\\\/index.php\\\/ujra-megnyilik-a-hajduhadhazi-egerhazi-imre-emlekhaz\\\/\"]}]},{\"@type\":\"ImageObject\",\"inLanguage\":\"hu\",\"@id\":\"https:\\\/\\\/egerhaziimre.hu\\\/index.php\\\/ujra-megnyilik-a-hajduhadhazi-egerhazi-imre-emlekhaz\\\/#primaryimage\",\"url\":\"https:\\\/\\\/egerhaziimre.hu\\\/wp-content\\\/uploads\\\/2025\\\/05\\\/Egerhazi_Imre_Emlekhaz_megnyito_2025_Cover.jpg\",\"contentUrl\":\"https:\\\/\\\/egerhaziimre.hu\\\/wp-content\\\/uploads\\\/2025\\\/05\\\/Egerhazi_Imre_Emlekhaz_megnyito_2025_Cover.jpg\",\"width\":1640,\"height\":856},{\"@type\":\"BreadcrumbList\",\"@id\":\"https:\\\/\\\/egerhaziimre.hu\\\/index.php\\\/ujra-megnyilik-a-hajduhadhazi-egerhazi-imre-emlekhaz\\\/#breadcrumb\",\"itemListElement\":[{\"@type\":\"ListItem\",\"position\":1,\"name\":\"Home\",\"item\":\"https:\\\/\\\/egerhaziimre.hu\\\/\"},{\"@type\":\"ListItem\",\"position\":2,\"name\":\"\u00dajra megny\u00edlt a Hajd\u00fahadh\u00e1zi \u00c9gerh\u00e1zi Imre Eml\u00e9kh\u00e1z!\"}]},{\"@type\":\"WebSite\",\"@id\":\"https:\\\/\\\/egerhaziimre.hu\\\/#website\",\"url\":\"https:\\\/\\\/egerhaziimre.hu\\\/\",\"name\":\"\u00c9gerh\u00e1zi Imre\",\"description\":\"\",\"potentialAction\":[{\"@type\":\"SearchAction\",\"target\":{\"@type\":\"EntryPoint\",\"urlTemplate\":\"https:\\\/\\\/egerhaziimre.hu\\\/?s={search_term_string}\"},\"query-input\":{\"@type\":\"PropertyValueSpecification\",\"valueRequired\":true,\"valueName\":\"search_term_string\"}}],\"inLanguage\":\"hu\"}]}<\/script>\n<!-- \/ Yoast SEO plugin. -->","yoast_head_json":{"title":"\u00dajra megny\u00edlt a Hajd\u00fahadh\u00e1zi \u00c9gerh\u00e1zi Imre Eml\u00e9kh\u00e1z! - \u00c9gerh\u00e1zi Imre","robots":{"index":"index","follow":"follow","max-snippet":"max-snippet:-1","max-image-preview":"max-image-preview:large","max-video-preview":"max-video-preview:-1"},"canonical":"https:\/\/egerhaziimre.hu\/index.php\/ujra-megnyilik-a-hajduhadhazi-egerhazi-imre-emlekhaz\/","og_locale":"hu_HU","og_type":"article","og_title":"\u00dajra megny\u00edlt a Hajd\u00fahadh\u00e1zi \u00c9gerh\u00e1zi Imre Eml\u00e9kh\u00e1z! - \u00c9gerh\u00e1zi Imre","og_description":"[vc_row][vc_column][vc_single_image image=&#8221;19354&#8243; img_size=&#8221;full&#8221; alignment=&#8221;center&#8221; style=&#8221;xtd-shadow&#8211;normal-light&#8221; onclick=&#8221;link_image&#8221; css=&#8221;&#8221;][vc_empty_space][vc_row_inner][vc_column_inner][vc_column_text css=&#8221;&#8221;] Hajd\u00fahadh\u00e1z V\u00e1ros \u00d6nkorm\u00e1nyzata 2025. m\u00e1jus 24-\u00e9n \u00fajra megnyitotta a meg\u00fajult \u00c9gerh\u00e1zi Imre Eml\u00e9kh\u00e1zat. A ki\u00e1ll\u00edt\u00e1st megnyitotta: Cs\u00e1fordi D\u00e9nes Hajd\u00fahadh\u00e1z v\u00e1ros polg\u00e1rmestere K\u00f6sz\u00f6nt\u0151t mondott: \u00c9gerh\u00e1zi Attila \u00c9gerh\u00e1zi Imre munk\u00e1ss\u00e1g\u00e1t bemutatatta: Dr. Feledy Bal\u00e1zs m\u0171v\u00e9szeti \u00edr\u00f3 C\u00edm: \u00c9gerh\u00e1zi Imre Eml\u00e9kh\u00e1z Hajd\u00fahadh\u00e1z, Dr. F\u00f6ldi J\u00e1nos u. 23. Nyitva telefonos bejelentkez\u00e9s alapj\u00e1n a k\u00f6nyvt\u00e1r nyitvatart\u00e1si idej\u00e9ben. [&hellip;]","og_url":"https:\/\/egerhaziimre.hu\/index.php\/ujra-megnyilik-a-hajduhadhazi-egerhazi-imre-emlekhaz\/","og_site_name":"\u00c9gerh\u00e1zi Imre","article_modified_time":"2025-10-09T13:42:40+00:00","og_image":[{"width":1640,"height":856,"url":"https:\/\/egerhaziimre.hu\/wp-content\/uploads\/2025\/05\/Egerhazi_Imre_Emlekhaz_megnyito_2025_Cover.jpg","type":"image\/jpeg"}],"twitter_card":"summary_large_image","twitter_image":"https:\/\/egerhaziimre.hu\/wp-content\/uploads\/2025\/05\/Egerhazi_Imre_Emlekhaz_megnyito_2025_Cover.jpg","twitter_misc":{"Becs\u00fclt olvas\u00e1si id\u0151":"11 perc"},"schema":{"@context":"https:\/\/schema.org","@graph":[{"@type":"WebPage","@id":"https:\/\/egerhaziimre.hu\/index.php\/ujra-megnyilik-a-hajduhadhazi-egerhazi-imre-emlekhaz\/","url":"https:\/\/egerhaziimre.hu\/index.php\/ujra-megnyilik-a-hajduhadhazi-egerhazi-imre-emlekhaz\/","name":"\u00dajra megny\u00edlt a Hajd\u00fahadh\u00e1zi \u00c9gerh\u00e1zi Imre Eml\u00e9kh\u00e1z! - \u00c9gerh\u00e1zi Imre","isPartOf":{"@id":"https:\/\/egerhaziimre.hu\/#website"},"primaryImageOfPage":{"@id":"https:\/\/egerhaziimre.hu\/index.php\/ujra-megnyilik-a-hajduhadhazi-egerhazi-imre-emlekhaz\/#primaryimage"},"image":{"@id":"https:\/\/egerhaziimre.hu\/index.php\/ujra-megnyilik-a-hajduhadhazi-egerhazi-imre-emlekhaz\/#primaryimage"},"thumbnailUrl":"https:\/\/egerhaziimre.hu\/wp-content\/uploads\/2025\/05\/Egerhazi_Imre_Emlekhaz_megnyito_2025_Cover.jpg","datePublished":"2025-05-20T15:26:07+00:00","dateModified":"2025-10-09T13:42:40+00:00","breadcrumb":{"@id":"https:\/\/egerhaziimre.hu\/index.php\/ujra-megnyilik-a-hajduhadhazi-egerhazi-imre-emlekhaz\/#breadcrumb"},"inLanguage":"hu","potentialAction":[{"@type":"ReadAction","target":["https:\/\/egerhaziimre.hu\/index.php\/ujra-megnyilik-a-hajduhadhazi-egerhazi-imre-emlekhaz\/"]}]},{"@type":"ImageObject","inLanguage":"hu","@id":"https:\/\/egerhaziimre.hu\/index.php\/ujra-megnyilik-a-hajduhadhazi-egerhazi-imre-emlekhaz\/#primaryimage","url":"https:\/\/egerhaziimre.hu\/wp-content\/uploads\/2025\/05\/Egerhazi_Imre_Emlekhaz_megnyito_2025_Cover.jpg","contentUrl":"https:\/\/egerhaziimre.hu\/wp-content\/uploads\/2025\/05\/Egerhazi_Imre_Emlekhaz_megnyito_2025_Cover.jpg","width":1640,"height":856},{"@type":"BreadcrumbList","@id":"https:\/\/egerhaziimre.hu\/index.php\/ujra-megnyilik-a-hajduhadhazi-egerhazi-imre-emlekhaz\/#breadcrumb","itemListElement":[{"@type":"ListItem","position":1,"name":"Home","item":"https:\/\/egerhaziimre.hu\/"},{"@type":"ListItem","position":2,"name":"\u00dajra megny\u00edlt a Hajd\u00fahadh\u00e1zi \u00c9gerh\u00e1zi Imre Eml\u00e9kh\u00e1z!"}]},{"@type":"WebSite","@id":"https:\/\/egerhaziimre.hu\/#website","url":"https:\/\/egerhaziimre.hu\/","name":"\u00c9gerh\u00e1zi Imre","description":"","potentialAction":[{"@type":"SearchAction","target":{"@type":"EntryPoint","urlTemplate":"https:\/\/egerhaziimre.hu\/?s={search_term_string}"},"query-input":{"@type":"PropertyValueSpecification","valueRequired":true,"valueName":"search_term_string"}}],"inLanguage":"hu"}]}},"jetpack_sharing_enabled":true,"_links":{"self":[{"href":"https:\/\/egerhaziimre.hu\/index.php\/wp-json\/wp\/v2\/pages\/19353","targetHints":{"allow":["GET"]}}],"collection":[{"href":"https:\/\/egerhaziimre.hu\/index.php\/wp-json\/wp\/v2\/pages"}],"about":[{"href":"https:\/\/egerhaziimre.hu\/index.php\/wp-json\/wp\/v2\/types\/page"}],"author":[{"embeddable":true,"href":"https:\/\/egerhaziimre.hu\/index.php\/wp-json\/wp\/v2\/users\/4"}],"replies":[{"embeddable":true,"href":"https:\/\/egerhaziimre.hu\/index.php\/wp-json\/wp\/v2\/comments?post=19353"}],"version-history":[{"count":7,"href":"https:\/\/egerhaziimre.hu\/index.php\/wp-json\/wp\/v2\/pages\/19353\/revisions"}],"predecessor-version":[{"id":19581,"href":"https:\/\/egerhaziimre.hu\/index.php\/wp-json\/wp\/v2\/pages\/19353\/revisions\/19581"}],"wp:featuredmedia":[{"embeddable":true,"href":"https:\/\/egerhaziimre.hu\/index.php\/wp-json\/wp\/v2\/media\/19355"}],"wp:attachment":[{"href":"https:\/\/egerhaziimre.hu\/index.php\/wp-json\/wp\/v2\/media?parent=19353"}],"wp:term":[{"taxonomy":"category","embeddable":true,"href":"https:\/\/egerhaziimre.hu\/index.php\/wp-json\/wp\/v2\/categories?post=19353"},{"taxonomy":"post_tag","embeddable":true,"href":"https:\/\/egerhaziimre.hu\/index.php\/wp-json\/wp\/v2\/tags?post=19353"}],"curies":[{"name":"wp","href":"https:\/\/api.w.org\/{rel}","templated":true}]}}