{"id":19531,"date":"2025-10-09T13:08:49","date_gmt":"2025-10-09T11:08:49","guid":{"rendered":"https:\/\/egerhaziimre.hu\/?page_id=19531"},"modified":"2025-10-09T15:41:36","modified_gmt":"2025-10-09T13:41:36","slug":"muveszeti-polihisztor-a-2025-os-osztondijas","status":"publish","type":"page","link":"https:\/\/egerhaziimre.hu\/index.php\/muveszeti-polihisztor-a-2025-os-osztondijas\/","title":{"rendered":"M\u0171v\u00e9szeti polihisztor a 2025-\u00f6s \u00f6szt\u00f6nd\u00edjas"},"content":{"rendered":"<div class=\"wpb-content-wrapper\">[vc_row][vc_column][vc_single_image image=&#8221;19549&#8243; img_size=&#8221;full&#8221; alignment=&#8221;center&#8221; style=&#8221;xtd-shadow&#8211;normal-light&#8221; onclick=&#8221;link_image&#8221; css=&#8221;&#8221;][vc_column_text css=&#8221;&#8221;]\n<div style=\"text-align: center;\"><span lang=\"HU\">A d\u00edjazottal<\/span><\/div>\n[\/vc_column_text][vc_separator][vc_empty_space][vc_row_inner][vc_column_inner width=&#8221;2\/3&#8243;][vc_column_text css=&#8221;&#8221;]\n<p style=\"font-weight: 400;\">A jelz\u0151t rajztan\u00e1ra, N\u00e9ma M\u00f3nika haszn\u00e1lta a D\u00f3czy-gimn\u00e1zium idei \u00c9gerh\u00e1zi Imre-\u00f6szt\u00f6nd\u00edjas di\u00e1kj\u00e1ra, Hofg\u00e1rt N\u00f3ra Melind\u00e1ra. A szeptember 11-ei \u00fcnnep\u00e9lyes \u00e1tad\u00f3 imm\u00e1r sorozatban a 21. volt az iskola \u00e9s a sz\u00e1z \u00e9ve sz\u00fcletett fest\u0151m\u0171v\u00e9sz \u00f6r\u00f6k\u00f6sei k\u00f6z\u00f6tt 2005-ben elind\u00edtott egy\u00fcttm\u0171k\u00f6d\u00e9sben. Az elm\u00falt k\u00e9t \u00e9vtizedben az idei d\u00edjazottal egy\u00fctt eddig 23-en kapt\u00e1k meg t\u0151l\u00fcnk ezt az elismer\u00e9st a k\u00e9pz\u0151m\u0171v\u00e9szetben el\u0151z\u0151 tan\u00e9vben mutatott teljes\u00edtm\u00e9ny\u00fck ut\u00e1n. A kor\u00e1bbi \u00e9vekhez hasonl\u00f3an az int\u00e9zm\u00e9ny D\u00f3czy Gal\u00e9ri\u00e1j\u00e1ban rendezett \u00e1tad\u00f3 \u00fcnneps\u00e9gen a d\u00edjazott legjobb munk\u00e1it is bemutatta.<\/p>\n<p style=\"font-weight: 400;\">Rajztan\u00e1ra m\u00e9ltat\u00e1s\u00e1b\u00f3l kider\u00fclt, k\u00fcl\u00f6nleges l\u00e1t\u00e1sm\u00f3dja megjelenik a legegyszer\u0171bb, legh\u00e9tk\u00f6znapibb dolgok \u00e1br\u00e1zol\u00e1sakor is. Emellett minden feladathoz van saj\u00e1t elk\u00e9pzel\u00e9se, amit marad\u00e9ktalanul meg tud val\u00f3s\u00edtani rendk\u00edv\u00fcl \u00e1tgondoltan, grafikai \u00e9s fest\u00e9szeti technik\u00e1kkal egyar\u00e1nt finom, apr\u00f3l\u00e9kos kidolgoz\u00e1ssal. A m\u00e1r 12. oszt\u00e1lyos N\u00f3ri az el\u0151z\u0151 tan\u00e9vben d\u00edjakat kapott az Orsz\u00e1gos K\u00f6z\u00e9piskolai Di\u00e1kt\u00e1rlaton \u00e9s megnyert egy k\u00e9preg\u00e9nyrajzol\u00f3 p\u00e1ly\u00e1zatot. Alkot\u00e1sai technikai gazdags\u00e1ga soksz\u00edn\u0171 egy\u00e9nis\u00e9gre utal, k\u00fcl\u00f6n\u00f6sen izgalmas a kett\u0151 az egyben megold\u00e1s\u00fa k\u00e9pe, de j\u00f3l b\u00e1nik a koll\u00e1zzsal is, s emellett m\u00e9g verseket is \u00edr. A d\u00edj\u00e1tad\u00f3t k\u00f6vet\u0151 besz\u00e9lget\u00e9s\u00fcnkben elmondta, mostan\u00e1ban az anim\u00e1ci\u00f3 vil\u00e1ga vonzza legink\u00e1bb, \u00edgy v\u00e1rhat\u00f3an ilyen ir\u00e1ny\u00fa fels\u0151fok\u00fa v\u00e9gzetts\u00e9get szeretne szerezni, b\u00e1r egy \u00e9v alatt m\u00e9g m\u00e1s ir\u00e1nyt is v\u00e1lthat. Igazi polihisztor alkat&#8230;<\/p>\n<p style=\"font-weight: 400;\"><span style=\"font-weight: 400;\">\u00c9gerh\u00e1zi P\u00e9ter<\/span><\/p>\n[\/vc_column_text][\/vc_column_inner][vc_column_inner width=&#8221;1\/3&#8243;][vc_single_image image=&#8221;19552&#8243; img_size=&#8221;large&#8221; alignment=&#8221;right&#8221; style=&#8221;xtd-shadow&#8211;normal-light&#8221; onclick=&#8221;link_image&#8221; css=&#8221;&#8221;][\/vc_column_inner][\/vc_row_inner][vc_empty_space][vc_separator][vc_column_text]\n<h6>Fot\u00f3gal\u00e9ria<\/h6>\n[\/vc_column_text][vc_media_grid style=&#8221;lazy&#8221; items_per_page=&#8221;12&#8243; element_width=&#8221;3&#8243; gap=&#8221;10&#8243; css=&#8221;&#8221; grid_id=&#8221;vc_gid:1760008331710-3072fed2-58ee-5&#8243; include=&#8221;19550,19551,19549,19548,19547,19546,19545,19544,19543,19542,19532,19541,19540,19537,19538,19539,19536,19535,19534,19533&#8243;][vc_empty_space][\/vc_column][\/vc_row]\n<\/div>","protected":false},"excerpt":{"rendered":"<p>[vc_row][vc_column][vc_single_image image=&#8221;19549&#8243; img_size=&#8221;full&#8221; alignment=&#8221;center&#8221; style=&#8221;xtd-shadow&#8211;normal-light&#8221; onclick=&#8221;link_image&#8221; css=&#8221;&#8221;][vc_column_text css=&#8221;&#8221;] A d\u00edjazottal [\/vc_column_text][vc_separator][vc_empty_space][vc_row_inner][vc_column_inner width=&#8221;2\/3&#8243;][vc_column_text css=&#8221;&#8221;] A jelz\u0151t rajztan\u00e1ra, N\u00e9ma M\u00f3nika haszn\u00e1lta a D\u00f3czy-gimn\u00e1zium idei \u00c9gerh\u00e1zi Imre-\u00f6szt\u00f6nd\u00edjas di\u00e1kj\u00e1ra, Hofg\u00e1rt N\u00f3ra Melind\u00e1ra. A szeptember 11-ei \u00fcnnep\u00e9lyes \u00e1tad\u00f3 imm\u00e1r sorozatban a 21. volt az iskola \u00e9s a sz\u00e1z \u00e9ve sz\u00fcletett fest\u0151m\u0171v\u00e9sz \u00f6r\u00f6k\u00f6sei k\u00f6z\u00f6tt 2005-ben elind\u00edtott egy\u00fcttm\u0171k\u00f6d\u00e9sben. Az elm\u00falt k\u00e9t \u00e9vtizedben az idei d\u00edjazottal egy\u00fctt eddig [&hellip;]<\/p>\n","protected":false},"author":4,"featured_media":19549,"parent":0,"menu_order":0,"comment_status":"closed","ping_status":"closed","template":"","meta":{"footnotes":""},"categories":[14,13,159],"tags":[],"class_list":["post-19531","page","type-page","status-publish","has-post-thumbnail","hentry","category-aktualitasok","category-hirek","category-osztondij"],"yoast_head":"<!-- This site is optimized with the Yoast SEO plugin v27.0 - https:\/\/yoast.com\/product\/yoast-seo-wordpress\/ -->\n<title>M\u0171v\u00e9szeti polihisztor a 2025-\u00f6s \u00f6szt\u00f6nd\u00edjas - \u00c9gerh\u00e1zi Imre<\/title>\n<meta name=\"robots\" content=\"index, follow, max-snippet:-1, max-image-preview:large, max-video-preview:-1\" \/>\n<link rel=\"canonical\" href=\"https:\/\/egerhaziimre.hu\/index.php\/muveszeti-polihisztor-a-2025-os-osztondijas\/\" \/>\n<meta property=\"og:locale\" content=\"hu_HU\" \/>\n<meta property=\"og:type\" content=\"article\" \/>\n<meta property=\"og:title\" content=\"M\u0171v\u00e9szeti polihisztor a 2025-\u00f6s \u00f6szt\u00f6nd\u00edjas - \u00c9gerh\u00e1zi Imre\" \/>\n<meta property=\"og:description\" content=\"[vc_row][vc_column][vc_single_image image=&#8221;19549&#8243; img_size=&#8221;full&#8221; alignment=&#8221;center&#8221; style=&#8221;xtd-shadow&#8211;normal-light&#8221; onclick=&#8221;link_image&#8221; css=&#8221;&#8221;][vc_column_text css=&#8221;&#8221;] A d\u00edjazottal [\/vc_column_text][vc_separator][vc_empty_space][vc_row_inner][vc_column_inner width=&#8221;2\/3&#8243;][vc_column_text css=&#8221;&#8221;] A jelz\u0151t rajztan\u00e1ra, N\u00e9ma M\u00f3nika haszn\u00e1lta a D\u00f3czy-gimn\u00e1zium idei \u00c9gerh\u00e1zi Imre-\u00f6szt\u00f6nd\u00edjas di\u00e1kj\u00e1ra, Hofg\u00e1rt N\u00f3ra Melind\u00e1ra. A szeptember 11-ei \u00fcnnep\u00e9lyes \u00e1tad\u00f3 imm\u00e1r sorozatban a 21. volt az iskola \u00e9s a sz\u00e1z \u00e9ve sz\u00fcletett fest\u0151m\u0171v\u00e9sz \u00f6r\u00f6k\u00f6sei k\u00f6z\u00f6tt 2005-ben elind\u00edtott egy\u00fcttm\u0171k\u00f6d\u00e9sben. Az elm\u00falt k\u00e9t \u00e9vtizedben az idei d\u00edjazottal egy\u00fctt eddig [&hellip;]\" \/>\n<meta property=\"og:url\" content=\"https:\/\/egerhaziimre.hu\/index.php\/muveszeti-polihisztor-a-2025-os-osztondijas\/\" \/>\n<meta property=\"og:site_name\" content=\"\u00c9gerh\u00e1zi Imre\" \/>\n<meta property=\"article:modified_time\" content=\"2025-10-09T13:41:36+00:00\" \/>\n<meta property=\"og:image\" content=\"https:\/\/egerhaziimre.hu\/wp-content\/uploads\/2025\/10\/EI_osztondij_2025_18.jpg\" \/>\n\t<meta property=\"og:image:width\" content=\"1578\" \/>\n\t<meta property=\"og:image:height\" content=\"1000\" \/>\n\t<meta property=\"og:image:type\" content=\"image\/jpeg\" \/>\n<meta name=\"twitter:card\" content=\"summary_large_image\" \/>\n<meta name=\"twitter:image\" content=\"https:\/\/egerhaziimre.hu\/wp-content\/uploads\/2025\/10\/EI_osztondij_2025_18.jpg\" \/>\n<meta name=\"twitter:label1\" content=\"Becs\u00fclt olvas\u00e1si id\u0151\" \/>\n\t<meta name=\"twitter:data1\" content=\"2 perc\" \/>\n<script type=\"application\/ld+json\" class=\"yoast-schema-graph\">{\"@context\":\"https:\/\/schema.org\",\"@graph\":[{\"@type\":\"WebPage\",\"@id\":\"https:\/\/egerhaziimre.hu\/index.php\/muveszeti-polihisztor-a-2025-os-osztondijas\/\",\"url\":\"https:\/\/egerhaziimre.hu\/index.php\/muveszeti-polihisztor-a-2025-os-osztondijas\/\",\"name\":\"M\u0171v\u00e9szeti polihisztor a 2025-\u00f6s \u00f6szt\u00f6nd\u00edjas - \u00c9gerh\u00e1zi Imre\",\"isPartOf\":{\"@id\":\"https:\/\/egerhaziimre.hu\/#website\"},\"primaryImageOfPage\":{\"@id\":\"https:\/\/egerhaziimre.hu\/index.php\/muveszeti-polihisztor-a-2025-os-osztondijas\/#primaryimage\"},\"image\":{\"@id\":\"https:\/\/egerhaziimre.hu\/index.php\/muveszeti-polihisztor-a-2025-os-osztondijas\/#primaryimage\"},\"thumbnailUrl\":\"https:\/\/egerhaziimre.hu\/wp-content\/uploads\/2025\/10\/EI_osztondij_2025_18.jpg\",\"datePublished\":\"2025-10-09T11:08:49+00:00\",\"dateModified\":\"2025-10-09T13:41:36+00:00\",\"breadcrumb\":{\"@id\":\"https:\/\/egerhaziimre.hu\/index.php\/muveszeti-polihisztor-a-2025-os-osztondijas\/#breadcrumb\"},\"inLanguage\":\"hu\",\"potentialAction\":[{\"@type\":\"ReadAction\",\"target\":[\"https:\/\/egerhaziimre.hu\/index.php\/muveszeti-polihisztor-a-2025-os-osztondijas\/\"]}]},{\"@type\":\"ImageObject\",\"inLanguage\":\"hu\",\"@id\":\"https:\/\/egerhaziimre.hu\/index.php\/muveszeti-polihisztor-a-2025-os-osztondijas\/#primaryimage\",\"url\":\"https:\/\/egerhaziimre.hu\/wp-content\/uploads\/2025\/10\/EI_osztondij_2025_18.jpg\",\"contentUrl\":\"https:\/\/egerhaziimre.hu\/wp-content\/uploads\/2025\/10\/EI_osztondij_2025_18.jpg\",\"width\":1578,\"height\":1000},{\"@type\":\"BreadcrumbList\",\"@id\":\"https:\/\/egerhaziimre.hu\/index.php\/muveszeti-polihisztor-a-2025-os-osztondijas\/#breadcrumb\",\"itemListElement\":[{\"@type\":\"ListItem\",\"position\":1,\"name\":\"Home\",\"item\":\"https:\/\/egerhaziimre.hu\/\"},{\"@type\":\"ListItem\",\"position\":2,\"name\":\"M\u0171v\u00e9szeti polihisztor a 2025-\u00f6s \u00f6szt\u00f6nd\u00edjas\"}]},{\"@type\":\"WebSite\",\"@id\":\"https:\/\/egerhaziimre.hu\/#website\",\"url\":\"https:\/\/egerhaziimre.hu\/\",\"name\":\"\u00c9gerh\u00e1zi Imre\",\"description\":\"\",\"potentialAction\":[{\"@type\":\"SearchAction\",\"target\":{\"@type\":\"EntryPoint\",\"urlTemplate\":\"https:\/\/egerhaziimre.hu\/?s={search_term_string}\"},\"query-input\":{\"@type\":\"PropertyValueSpecification\",\"valueRequired\":true,\"valueName\":\"search_term_string\"}}],\"inLanguage\":\"hu\"}]}<\/script>\n<!-- \/ Yoast SEO plugin. -->","yoast_head_json":{"title":"M\u0171v\u00e9szeti polihisztor a 2025-\u00f6s \u00f6szt\u00f6nd\u00edjas - \u00c9gerh\u00e1zi Imre","robots":{"index":"index","follow":"follow","max-snippet":"max-snippet:-1","max-image-preview":"max-image-preview:large","max-video-preview":"max-video-preview:-1"},"canonical":"https:\/\/egerhaziimre.hu\/index.php\/muveszeti-polihisztor-a-2025-os-osztondijas\/","og_locale":"hu_HU","og_type":"article","og_title":"M\u0171v\u00e9szeti polihisztor a 2025-\u00f6s \u00f6szt\u00f6nd\u00edjas - \u00c9gerh\u00e1zi Imre","og_description":"[vc_row][vc_column][vc_single_image image=&#8221;19549&#8243; img_size=&#8221;full&#8221; alignment=&#8221;center&#8221; style=&#8221;xtd-shadow&#8211;normal-light&#8221; onclick=&#8221;link_image&#8221; css=&#8221;&#8221;][vc_column_text css=&#8221;&#8221;] A d\u00edjazottal [\/vc_column_text][vc_separator][vc_empty_space][vc_row_inner][vc_column_inner width=&#8221;2\/3&#8243;][vc_column_text css=&#8221;&#8221;] A jelz\u0151t rajztan\u00e1ra, N\u00e9ma M\u00f3nika haszn\u00e1lta a D\u00f3czy-gimn\u00e1zium idei \u00c9gerh\u00e1zi Imre-\u00f6szt\u00f6nd\u00edjas di\u00e1kj\u00e1ra, Hofg\u00e1rt N\u00f3ra Melind\u00e1ra. A szeptember 11-ei \u00fcnnep\u00e9lyes \u00e1tad\u00f3 imm\u00e1r sorozatban a 21. volt az iskola \u00e9s a sz\u00e1z \u00e9ve sz\u00fcletett fest\u0151m\u0171v\u00e9sz \u00f6r\u00f6k\u00f6sei k\u00f6z\u00f6tt 2005-ben elind\u00edtott egy\u00fcttm\u0171k\u00f6d\u00e9sben. Az elm\u00falt k\u00e9t \u00e9vtizedben az idei d\u00edjazottal egy\u00fctt eddig [&hellip;]","og_url":"https:\/\/egerhaziimre.hu\/index.php\/muveszeti-polihisztor-a-2025-os-osztondijas\/","og_site_name":"\u00c9gerh\u00e1zi Imre","article_modified_time":"2025-10-09T13:41:36+00:00","og_image":[{"width":1578,"height":1000,"url":"https:\/\/egerhaziimre.hu\/wp-content\/uploads\/2025\/10\/EI_osztondij_2025_18.jpg","type":"image\/jpeg"}],"twitter_card":"summary_large_image","twitter_image":"https:\/\/egerhaziimre.hu\/wp-content\/uploads\/2025\/10\/EI_osztondij_2025_18.jpg","twitter_misc":{"Becs\u00fclt olvas\u00e1si id\u0151":"2 perc"},"schema":{"@context":"https:\/\/schema.org","@graph":[{"@type":"WebPage","@id":"https:\/\/egerhaziimre.hu\/index.php\/muveszeti-polihisztor-a-2025-os-osztondijas\/","url":"https:\/\/egerhaziimre.hu\/index.php\/muveszeti-polihisztor-a-2025-os-osztondijas\/","name":"M\u0171v\u00e9szeti polihisztor a 2025-\u00f6s \u00f6szt\u00f6nd\u00edjas - \u00c9gerh\u00e1zi Imre","isPartOf":{"@id":"https:\/\/egerhaziimre.hu\/#website"},"primaryImageOfPage":{"@id":"https:\/\/egerhaziimre.hu\/index.php\/muveszeti-polihisztor-a-2025-os-osztondijas\/#primaryimage"},"image":{"@id":"https:\/\/egerhaziimre.hu\/index.php\/muveszeti-polihisztor-a-2025-os-osztondijas\/#primaryimage"},"thumbnailUrl":"https:\/\/egerhaziimre.hu\/wp-content\/uploads\/2025\/10\/EI_osztondij_2025_18.jpg","datePublished":"2025-10-09T11:08:49+00:00","dateModified":"2025-10-09T13:41:36+00:00","breadcrumb":{"@id":"https:\/\/egerhaziimre.hu\/index.php\/muveszeti-polihisztor-a-2025-os-osztondijas\/#breadcrumb"},"inLanguage":"hu","potentialAction":[{"@type":"ReadAction","target":["https:\/\/egerhaziimre.hu\/index.php\/muveszeti-polihisztor-a-2025-os-osztondijas\/"]}]},{"@type":"ImageObject","inLanguage":"hu","@id":"https:\/\/egerhaziimre.hu\/index.php\/muveszeti-polihisztor-a-2025-os-osztondijas\/#primaryimage","url":"https:\/\/egerhaziimre.hu\/wp-content\/uploads\/2025\/10\/EI_osztondij_2025_18.jpg","contentUrl":"https:\/\/egerhaziimre.hu\/wp-content\/uploads\/2025\/10\/EI_osztondij_2025_18.jpg","width":1578,"height":1000},{"@type":"BreadcrumbList","@id":"https:\/\/egerhaziimre.hu\/index.php\/muveszeti-polihisztor-a-2025-os-osztondijas\/#breadcrumb","itemListElement":[{"@type":"ListItem","position":1,"name":"Home","item":"https:\/\/egerhaziimre.hu\/"},{"@type":"ListItem","position":2,"name":"M\u0171v\u00e9szeti polihisztor a 2025-\u00f6s \u00f6szt\u00f6nd\u00edjas"}]},{"@type":"WebSite","@id":"https:\/\/egerhaziimre.hu\/#website","url":"https:\/\/egerhaziimre.hu\/","name":"\u00c9gerh\u00e1zi Imre","description":"","potentialAction":[{"@type":"SearchAction","target":{"@type":"EntryPoint","urlTemplate":"https:\/\/egerhaziimre.hu\/?s={search_term_string}"},"query-input":{"@type":"PropertyValueSpecification","valueRequired":true,"valueName":"search_term_string"}}],"inLanguage":"hu"}]}},"jetpack_sharing_enabled":true,"_links":{"self":[{"href":"https:\/\/egerhaziimre.hu\/index.php\/wp-json\/wp\/v2\/pages\/19531","targetHints":{"allow":["GET"]}}],"collection":[{"href":"https:\/\/egerhaziimre.hu\/index.php\/wp-json\/wp\/v2\/pages"}],"about":[{"href":"https:\/\/egerhaziimre.hu\/index.php\/wp-json\/wp\/v2\/types\/page"}],"author":[{"embeddable":true,"href":"https:\/\/egerhaziimre.hu\/index.php\/wp-json\/wp\/v2\/users\/4"}],"replies":[{"embeddable":true,"href":"https:\/\/egerhaziimre.hu\/index.php\/wp-json\/wp\/v2\/comments?post=19531"}],"version-history":[{"count":4,"href":"https:\/\/egerhaziimre.hu\/index.php\/wp-json\/wp\/v2\/pages\/19531\/revisions"}],"predecessor-version":[{"id":19580,"href":"https:\/\/egerhaziimre.hu\/index.php\/wp-json\/wp\/v2\/pages\/19531\/revisions\/19580"}],"wp:featuredmedia":[{"embeddable":true,"href":"https:\/\/egerhaziimre.hu\/index.php\/wp-json\/wp\/v2\/media\/19549"}],"wp:attachment":[{"href":"https:\/\/egerhaziimre.hu\/index.php\/wp-json\/wp\/v2\/media?parent=19531"}],"wp:term":[{"taxonomy":"category","embeddable":true,"href":"https:\/\/egerhaziimre.hu\/index.php\/wp-json\/wp\/v2\/categories?post=19531"},{"taxonomy":"post_tag","embeddable":true,"href":"https:\/\/egerhaziimre.hu\/index.php\/wp-json\/wp\/v2\/tags?post=19531"}],"curies":[{"name":"wp","href":"https:\/\/api.w.org\/{rel}","templated":true}]}}