{"id":19585,"date":"2025-10-14T15:16:41","date_gmt":"2025-10-14T13:16:41","guid":{"rendered":"https:\/\/egerhaziimre.hu\/?page_id=19585"},"modified":"2025-10-14T15:17:37","modified_gmt":"2025-10-14T13:17:37","slug":"egerhazi-imre-a-xx-szazadi-alfoldi-festeszet-mestere","status":"publish","type":"page","link":"https:\/\/egerhaziimre.hu\/index.php\/egerhazi-imre-a-xx-szazadi-alfoldi-festeszet-mestere\/","title":{"rendered":"\u00c9gerh\u00e1zi Imre a XX. sz\u00e1zadi alf\u00f6ldi fest\u00e9szet mestere"},"content":{"rendered":"<div class=\"wpb-content-wrapper\">[vc_row][vc_column][vc_column_text css=&#8221;&#8221;]\n<h3><strong>\u00c9gerh\u00e1zi Attila \u00e9letm\u0171-k\u00f6nyve \u00e9desapj\u00e1nak m\u0171v\u00e9szet\u00e9r\u0151l \u00e9s m\u0171v\u00e9szeti szervez\u0151 tev\u00e9kenys\u00e9g\u00e9r\u0151l.<\/strong><\/h3>\n<h3>Kem\u00e9nyfedeles k\u00f6t\u00e9sben 424 oldalon 701 festm\u00e9nnyel \u00e9s 113 fot\u00f3val illusztr\u00e1lt k\u00f6nyv.<\/h3>\n<h3>\u00c9gerh\u00e1zi Imre saj\u00e1t gondolatai valamint \u00e9lm\u00e9nyei korabeli \u00e9s mai kritikusok, m\u0171v\u00e9szek \u00e9s m\u0171v\u00e9szeti \u00edr\u00f3k \u00edr\u00e1saival kieg\u00e9sz\u00edtve.<\/h3>\n[\/vc_column_text][vc_single_image image=&#8221;19586&#8243; img_size=&#8221;full&#8221; alignment=&#8221;center&#8221; style=&#8221;xtd-shadow&#8211;normal-light&#8221; onclick=&#8221;link_image&#8221; css=&#8221;&#8221;][vc_empty_space][vc_row_inner][vc_column_inner][vc_column_text css=&#8221;&#8221;]\u201eSz\u00e1z \u00e9ve sz\u00fcletett \u00c9gerh\u00e1zi Imre fest\u0151m\u0171v\u00e9sz. Ennek kapcs\u00e1n jelenik meg ez a reprezentat\u00edv kiadv\u00e1ny, amely \u00f6sszefoglalja a legfontosabb k\u00e9pi \u00e9s sz\u00f6veges inform\u00e1ci\u00f3kat a m\u0171v\u00e9szr\u0151l, aki a XX. sz\u00e1zadi alf\u00f6ldi fest\u00e9szet kiv\u00e1l\u00f3s\u00e1ga, aki hajd\u00fahadh\u00e1zi sz\u00fclet\u00e9s\u00e9t k\u00f6vet\u0151en v\u00e1lt debreceni fest\u0151v\u00e9, s v\u00e1lt a Hajd\u00fas\u00e1g, a Hortob\u00e1gy elm\u00e9ly\u00fclt meg\u00f6r\u00f6k\u00edt\u0151j\u00e9v\u00e9. Kiv\u00e1l\u00f3 m\u0171v\u00e9szetszervez\u0151k\u00e9nt, sok helyen j\u00e1rva a vil\u00e1gban, m\u0171v\u00e9szete szerves r\u00e9sze m\u0171v\u00e9sztelepi munk\u00e1inak sora, melyekb\u0151l kiemelkednek erd\u00e9lyi k\u00e9pei. Sz\u00fclet\u00e9si centen\u00e1riuma \u00e9v\u00e9ben munk\u00e1ss\u00e1g\u00e1\u00acr\u00f3l \u00e9letm\u0171 ki\u00e1ll\u00edt\u00e1ssal eml\u00e9kezett meg a debreceni MODEM. Ez\u00fattal azt a nagyszab\u00e1s\u00fa k\u00f6nyvet veheti k\u00e9zbe az \u00e9rdekl\u0151d\u0151 olvas\u00f3, melyet \u00c9gerh\u00e1zi Attila szerkesztett, s amely hi\u00e1nyp\u00f3tl\u00f3 misszi\u00f3j\u00e1val fontos m\u0171v\u00e9szett\u00f6rt\u00e9neti elhivatotts\u00e1got is kifejez.\u201d<\/p>\n<p><em>Feledy Bal\u00e1zs<\/em><br \/>\n<em>m\u0171v\u00e9szeti \u00edr\u00f3<\/em><\/p>\n<p>\u201e24 \u00e9v munk\u00e1ja teljesedik ki ebben a m\u0171v\u00e9szeti albumban. 701alkot\u00e1s reprodukci\u00f3ja, valamint 113 f\u00e9nyk\u00e9p illusztr\u00e1lja az \u00c9gerh\u00e1zi Imre \u00e9letm\u0171v\u00e9t \u00e9s m\u0171v\u00e9szi p\u00e1ly\u00e1j\u00e1t bemutat\u00f3 k\u00f6nyvemet. 24 \u00e9ve dokument\u00e1lom, gy\u0171jt\u00f6m, kutatom \u00e9s dolgozom fel \u00e9desap\u00e1m m\u0171v\u00e9szeti \u00e9s m\u0171v\u00e9szetszervez\u0151i hagyat\u00e9k\u00e1t. A kezdetekt\u0151l fogva ragaszkodtam professzion\u00e1lis fot\u00f3z\u00e1si \u00e9s k\u00e9pfeldolgoz\u00e1si m\u00f3dszerekhez, \u00edgy a lehet\u0151 legjobb min\u0151s\u00e9gben k\u00e9sz\u00fclhetett el ez az \u00f6sszefoglal\u00f3 m\u0171. A csal\u00e1di hagyat\u00e9k, az int\u00e9zm\u00e9nyek anyaga \u00e9s a priv\u00e1t gy\u0171jtem\u00e9nyek seg\u00edts\u00e9g\u00e9vel a bemutatott festm\u00e9nyek \u00e9s grafik\u00e1k technikailag, tartalmilag \u00e9s t\u00f6rt\u00e9netileg is teljes k\u00e9pet adnak \u00c9gerh\u00e1zi Imre m\u0171v\u00e9szet\u00e9r\u0151l. A k\u00f6nyvben felhaszn\u00e1ltam korabeli \u00e9s jelenkori kritik\u00e1kat, m\u00e9ltat\u00e1sokat \u00e9s egy\u00e9b \u00edr\u00e1sokat, kiv\u00e1l\u00f3 szakemberekt\u0151l \u00e9s elismert \u00edr\u00f3kt\u00f3l, hogy hitelesen tudjam bemutatni egyedi fest\u00e9szet\u00e9nek kialakul\u00e1s\u00e1t, nemcsak a v\u00e9geredm\u00e9ny, hanem az alkot\u00f3i folyamat szempontj\u00e1b\u00f3l is. Sok helyen pedig \u00e9desap\u00e1m saj\u00e1t szavaival mes\u00e9l a fontos m\u00e9rf\u00f6ldk\u00f6vekr\u0151l, a lehet\u0151 leghitelesebb k\u00e9pet festve ezzel.<br \/>\nM\u00e1gikus jelent\u00e9ssel b\u00edr sz\u00e1momra, hogy a k\u00f6nyvet szeptember m\u00e1sodik\u00e1n adjuk nyomd\u00e1ba, napra pontosan \u00c9gerh\u00e1zi Imre sz\u00fclet\u00e9s\u00e9nek sz\u00e1zadik \u00e9vfordul\u00f3j\u00e1n.\u201d<\/p>\n<p>Budapest, 2025. szeptember 2.<\/p>\n<p><em>\u00c9gerh\u00e1zi Attila<\/em><br \/>\n<em>Djabe zenekar<\/em>[\/vc_column_text][vc_single_image image=&#8221;19587&#8243; img_size=&#8221;full&#8221; alignment=&#8221;center&#8221; style=&#8221;xtd-shadow&#8211;normal-light&#8221; onclick=&#8221;link_image&#8221; css=&#8221;&#8221;][vc_empty_space][vc_column_text css=&#8221;&#8221;]\n<h3><strong>A k\u00f6nyvet az orsz\u00e1g t\u00f6bb pontj\u00e1n is bemutatj\u00e1k November folyam\u00e1n.<\/strong><\/h3>\n<p>November 4. 18 \u00f3ra, Debrecen, Modem \u2013 k\u00f6zrem\u0171k\u00f6dik \u00c9gerh\u00e1zi Attila, Feledy Bal\u00e1zs, Vel\u00e9nyi Rudolf, Arany Lajos.<br \/>\nC\u00edm: 4026 Debrecen, Hunyadi J\u00e1nos u. 1-3.<\/p>\n<p>November 5. 16 \u00f3ra, Hajd\u00fahadh\u00e1z, F\u00f6ldi J\u00e1nos k\u00f6nyvt\u00e1r \u2013 k\u00f6zrem\u0171k\u00f6dik \u00c9gerh\u00e1zi Attila, Feledy Bal\u00e1zs, Vel\u00e9nyi Rudolf, Arany Lajos, Djabe zenekar<br \/>\nC\u00edm: 4242 Hajd\u00fahadh\u00e1z, Dr. F\u00f6ldi J\u00e1nos u. 8.<\/p>\n<p><strong>A bemutat\u00f3kra a bel\u00e9p\u00e9s d\u00edjtalan, regisztr\u00e1ci\u00f3 nem sz\u00fcks\u00e9ges. A k\u00f6nyvet a helysz\u00edneken meg lehet v\u00e1s\u00e1rolni.<\/strong>[\/vc_column_text][\/vc_column_inner][\/vc_row_inner][vc_single_image image=&#8221;19589&#8243; img_size=&#8221;full&#8221; alignment=&#8221;center&#8221; css=&#8221;&#8221;][vc_empty_space][vc_single_image image=&#8221;19588&#8243; img_size=&#8221;full&#8221; alignment=&#8221;center&#8221; css=&#8221;&#8221;][vc_empty_space][vc_column_text css=&#8221;&#8221;]\n<h4>Megv\u00e1s\u00e1rolhat\u00f3 a Djabe zenekar webshopj\u00e1ban:<\/h4>\n[\/vc_column_text][vc_btn title=&#8221;V\u00c1S\u00c1ROLOK&#8221; color=&#8221;orange&#8221; align=&#8221;center&#8221; i_icon_fontawesome=&#8221;fas fa-hand-point-right&#8221; css=&#8221;&#8221; add_icon=&#8221;true&#8221; link=&#8221;url:https%3A%2F%2Fdjabe.hu%2Fuzlet%2Fegerhazi-imre-a-xx-szazadi-alfoldi-festeszet-mestere%2F|target:_blank&#8221;][\/vc_column][\/vc_row]\n<\/div>","protected":false},"excerpt":{"rendered":"<p>[vc_row][vc_column][vc_column_text css=&#8221;&#8221;] \u00c9gerh\u00e1zi Attila \u00e9letm\u0171-k\u00f6nyve \u00e9desapj\u00e1nak m\u0171v\u00e9szet\u00e9r\u0151l \u00e9s m\u0171v\u00e9szeti szervez\u0151 tev\u00e9kenys\u00e9g\u00e9r\u0151l. Kem\u00e9nyfedeles k\u00f6t\u00e9sben 424 oldalon 701 festm\u00e9nnyel \u00e9s 113 fot\u00f3val illusztr\u00e1lt k\u00f6nyv. \u00c9gerh\u00e1zi Imre saj\u00e1t gondolatai valamint \u00e9lm\u00e9nyei korabeli \u00e9s mai kritikusok, m\u0171v\u00e9szek \u00e9s m\u0171v\u00e9szeti \u00edr\u00f3k \u00edr\u00e1saival kieg\u00e9sz\u00edtve. [\/vc_column_text][vc_single_image image=&#8221;19586&#8243; img_size=&#8221;full&#8221; alignment=&#8221;center&#8221; style=&#8221;xtd-shadow&#8211;normal-light&#8221; onclick=&#8221;link_image&#8221; css=&#8221;&#8221;][vc_empty_space][vc_row_inner][vc_column_inner][vc_column_text css=&#8221;&#8221;]\u201eSz\u00e1z \u00e9ve sz\u00fcletett \u00c9gerh\u00e1zi Imre fest\u0151m\u0171v\u00e9sz. Ennek kapcs\u00e1n jelenik meg ez a reprezentat\u00edv kiadv\u00e1ny, amely [&hellip;]<\/p>\n","protected":false},"author":4,"featured_media":19590,"parent":0,"menu_order":0,"comment_status":"closed","ping_status":"closed","template":"","meta":{"footnotes":""},"categories":[14,16],"tags":[],"class_list":["post-19585","page","type-page","status-publish","has-post-thumbnail","hentry","category-aktualitasok","category-konyvek"],"yoast_head":"<!-- This site is optimized with the Yoast SEO plugin v27.0 - https:\/\/yoast.com\/product\/yoast-seo-wordpress\/ -->\n<title>\u00c9gerh\u00e1zi Imre a XX. sz\u00e1zadi alf\u00f6ldi fest\u00e9szet mestere - \u00c9gerh\u00e1zi Imre<\/title>\n<meta name=\"robots\" content=\"index, follow, max-snippet:-1, max-image-preview:large, max-video-preview:-1\" \/>\n<link rel=\"canonical\" href=\"https:\/\/egerhaziimre.hu\/index.php\/egerhazi-imre-a-xx-szazadi-alfoldi-festeszet-mestere\/\" \/>\n<meta property=\"og:locale\" content=\"hu_HU\" \/>\n<meta property=\"og:type\" content=\"article\" \/>\n<meta property=\"og:title\" content=\"\u00c9gerh\u00e1zi Imre a XX. sz\u00e1zadi alf\u00f6ldi fest\u00e9szet mestere - \u00c9gerh\u00e1zi Imre\" \/>\n<meta property=\"og:description\" content=\"[vc_row][vc_column][vc_column_text css=&#8221;&#8221;] \u00c9gerh\u00e1zi Attila \u00e9letm\u0171-k\u00f6nyve \u00e9desapj\u00e1nak m\u0171v\u00e9szet\u00e9r\u0151l \u00e9s m\u0171v\u00e9szeti szervez\u0151 tev\u00e9kenys\u00e9g\u00e9r\u0151l. Kem\u00e9nyfedeles k\u00f6t\u00e9sben 424 oldalon 701 festm\u00e9nnyel \u00e9s 113 fot\u00f3val illusztr\u00e1lt k\u00f6nyv. \u00c9gerh\u00e1zi Imre saj\u00e1t gondolatai valamint \u00e9lm\u00e9nyei korabeli \u00e9s mai kritikusok, m\u0171v\u00e9szek \u00e9s m\u0171v\u00e9szeti \u00edr\u00f3k \u00edr\u00e1saival kieg\u00e9sz\u00edtve. [\/vc_column_text][vc_single_image image=&#8221;19586&#8243; img_size=&#8221;full&#8221; alignment=&#8221;center&#8221; style=&#8221;xtd-shadow&#8211;normal-light&#8221; onclick=&#8221;link_image&#8221; css=&#8221;&#8221;][vc_empty_space][vc_row_inner][vc_column_inner][vc_column_text css=&#8221;&#8221;]\u201eSz\u00e1z \u00e9ve sz\u00fcletett \u00c9gerh\u00e1zi Imre fest\u0151m\u0171v\u00e9sz. Ennek kapcs\u00e1n jelenik meg ez a reprezentat\u00edv kiadv\u00e1ny, amely [&hellip;]\" \/>\n<meta property=\"og:url\" content=\"https:\/\/egerhaziimre.hu\/index.php\/egerhazi-imre-a-xx-szazadi-alfoldi-festeszet-mestere\/\" \/>\n<meta property=\"og:site_name\" content=\"\u00c9gerh\u00e1zi Imre\" \/>\n<meta property=\"article:modified_time\" content=\"2025-10-14T13:17:37+00:00\" \/>\n<meta property=\"og:image\" content=\"https:\/\/egerhaziimre.hu\/wp-content\/uploads\/2025\/10\/Egerhazi_Imre_konyv_Mockup_1-scaled.jpg\" \/>\n\t<meta property=\"og:image:width\" content=\"2560\" \/>\n\t<meta property=\"og:image:height\" content=\"1920\" \/>\n\t<meta property=\"og:image:type\" content=\"image\/jpeg\" \/>\n<meta name=\"twitter:card\" content=\"summary_large_image\" \/>\n<meta name=\"twitter:image\" content=\"https:\/\/egerhaziimre.hu\/wp-content\/uploads\/2025\/10\/Egerhazi_Imre_konyv_Mockup_1-scaled.jpg\" \/>\n<meta name=\"twitter:label1\" content=\"Becs\u00fclt olvas\u00e1si id\u0151\" \/>\n\t<meta name=\"twitter:data1\" content=\"3 perc\" \/>\n<script type=\"application\/ld+json\" class=\"yoast-schema-graph\">{\"@context\":\"https:\/\/schema.org\",\"@graph\":[{\"@type\":\"WebPage\",\"@id\":\"https:\/\/egerhaziimre.hu\/index.php\/egerhazi-imre-a-xx-szazadi-alfoldi-festeszet-mestere\/\",\"url\":\"https:\/\/egerhaziimre.hu\/index.php\/egerhazi-imre-a-xx-szazadi-alfoldi-festeszet-mestere\/\",\"name\":\"\u00c9gerh\u00e1zi Imre a XX. sz\u00e1zadi alf\u00f6ldi fest\u00e9szet mestere - \u00c9gerh\u00e1zi Imre\",\"isPartOf\":{\"@id\":\"https:\/\/egerhaziimre.hu\/#website\"},\"primaryImageOfPage\":{\"@id\":\"https:\/\/egerhaziimre.hu\/index.php\/egerhazi-imre-a-xx-szazadi-alfoldi-festeszet-mestere\/#primaryimage\"},\"image\":{\"@id\":\"https:\/\/egerhaziimre.hu\/index.php\/egerhazi-imre-a-xx-szazadi-alfoldi-festeszet-mestere\/#primaryimage\"},\"thumbnailUrl\":\"https:\/\/egerhaziimre.hu\/wp-content\/uploads\/2025\/10\/Egerhazi_Imre_konyv_Mockup_1-scaled.jpg\",\"datePublished\":\"2025-10-14T13:16:41+00:00\",\"dateModified\":\"2025-10-14T13:17:37+00:00\",\"breadcrumb\":{\"@id\":\"https:\/\/egerhaziimre.hu\/index.php\/egerhazi-imre-a-xx-szazadi-alfoldi-festeszet-mestere\/#breadcrumb\"},\"inLanguage\":\"hu\",\"potentialAction\":[{\"@type\":\"ReadAction\",\"target\":[\"https:\/\/egerhaziimre.hu\/index.php\/egerhazi-imre-a-xx-szazadi-alfoldi-festeszet-mestere\/\"]}]},{\"@type\":\"ImageObject\",\"inLanguage\":\"hu\",\"@id\":\"https:\/\/egerhaziimre.hu\/index.php\/egerhazi-imre-a-xx-szazadi-alfoldi-festeszet-mestere\/#primaryimage\",\"url\":\"https:\/\/egerhaziimre.hu\/wp-content\/uploads\/2025\/10\/Egerhazi_Imre_konyv_Mockup_1-scaled.jpg\",\"contentUrl\":\"https:\/\/egerhaziimre.hu\/wp-content\/uploads\/2025\/10\/Egerhazi_Imre_konyv_Mockup_1-scaled.jpg\",\"width\":2560,\"height\":1920,\"caption\":\"mockups-design.com\"},{\"@type\":\"BreadcrumbList\",\"@id\":\"https:\/\/egerhaziimre.hu\/index.php\/egerhazi-imre-a-xx-szazadi-alfoldi-festeszet-mestere\/#breadcrumb\",\"itemListElement\":[{\"@type\":\"ListItem\",\"position\":1,\"name\":\"Home\",\"item\":\"https:\/\/egerhaziimre.hu\/\"},{\"@type\":\"ListItem\",\"position\":2,\"name\":\"\u00c9gerh\u00e1zi Imre a XX. sz\u00e1zadi alf\u00f6ldi fest\u00e9szet mestere\"}]},{\"@type\":\"WebSite\",\"@id\":\"https:\/\/egerhaziimre.hu\/#website\",\"url\":\"https:\/\/egerhaziimre.hu\/\",\"name\":\"\u00c9gerh\u00e1zi Imre\",\"description\":\"\",\"potentialAction\":[{\"@type\":\"SearchAction\",\"target\":{\"@type\":\"EntryPoint\",\"urlTemplate\":\"https:\/\/egerhaziimre.hu\/?s={search_term_string}\"},\"query-input\":{\"@type\":\"PropertyValueSpecification\",\"valueRequired\":true,\"valueName\":\"search_term_string\"}}],\"inLanguage\":\"hu\"}]}<\/script>\n<!-- \/ Yoast SEO plugin. -->","yoast_head_json":{"title":"\u00c9gerh\u00e1zi Imre a XX. sz\u00e1zadi alf\u00f6ldi fest\u00e9szet mestere - \u00c9gerh\u00e1zi Imre","robots":{"index":"index","follow":"follow","max-snippet":"max-snippet:-1","max-image-preview":"max-image-preview:large","max-video-preview":"max-video-preview:-1"},"canonical":"https:\/\/egerhaziimre.hu\/index.php\/egerhazi-imre-a-xx-szazadi-alfoldi-festeszet-mestere\/","og_locale":"hu_HU","og_type":"article","og_title":"\u00c9gerh\u00e1zi Imre a XX. sz\u00e1zadi alf\u00f6ldi fest\u00e9szet mestere - \u00c9gerh\u00e1zi Imre","og_description":"[vc_row][vc_column][vc_column_text css=&#8221;&#8221;] \u00c9gerh\u00e1zi Attila \u00e9letm\u0171-k\u00f6nyve \u00e9desapj\u00e1nak m\u0171v\u00e9szet\u00e9r\u0151l \u00e9s m\u0171v\u00e9szeti szervez\u0151 tev\u00e9kenys\u00e9g\u00e9r\u0151l. Kem\u00e9nyfedeles k\u00f6t\u00e9sben 424 oldalon 701 festm\u00e9nnyel \u00e9s 113 fot\u00f3val illusztr\u00e1lt k\u00f6nyv. \u00c9gerh\u00e1zi Imre saj\u00e1t gondolatai valamint \u00e9lm\u00e9nyei korabeli \u00e9s mai kritikusok, m\u0171v\u00e9szek \u00e9s m\u0171v\u00e9szeti \u00edr\u00f3k \u00edr\u00e1saival kieg\u00e9sz\u00edtve. [\/vc_column_text][vc_single_image image=&#8221;19586&#8243; img_size=&#8221;full&#8221; alignment=&#8221;center&#8221; style=&#8221;xtd-shadow&#8211;normal-light&#8221; onclick=&#8221;link_image&#8221; css=&#8221;&#8221;][vc_empty_space][vc_row_inner][vc_column_inner][vc_column_text css=&#8221;&#8221;]\u201eSz\u00e1z \u00e9ve sz\u00fcletett \u00c9gerh\u00e1zi Imre fest\u0151m\u0171v\u00e9sz. Ennek kapcs\u00e1n jelenik meg ez a reprezentat\u00edv kiadv\u00e1ny, amely [&hellip;]","og_url":"https:\/\/egerhaziimre.hu\/index.php\/egerhazi-imre-a-xx-szazadi-alfoldi-festeszet-mestere\/","og_site_name":"\u00c9gerh\u00e1zi Imre","article_modified_time":"2025-10-14T13:17:37+00:00","og_image":[{"width":2560,"height":1920,"url":"https:\/\/egerhaziimre.hu\/wp-content\/uploads\/2025\/10\/Egerhazi_Imre_konyv_Mockup_1-scaled.jpg","type":"image\/jpeg"}],"twitter_card":"summary_large_image","twitter_image":"https:\/\/egerhaziimre.hu\/wp-content\/uploads\/2025\/10\/Egerhazi_Imre_konyv_Mockup_1-scaled.jpg","twitter_misc":{"Becs\u00fclt olvas\u00e1si id\u0151":"3 perc"},"schema":{"@context":"https:\/\/schema.org","@graph":[{"@type":"WebPage","@id":"https:\/\/egerhaziimre.hu\/index.php\/egerhazi-imre-a-xx-szazadi-alfoldi-festeszet-mestere\/","url":"https:\/\/egerhaziimre.hu\/index.php\/egerhazi-imre-a-xx-szazadi-alfoldi-festeszet-mestere\/","name":"\u00c9gerh\u00e1zi Imre a XX. sz\u00e1zadi alf\u00f6ldi fest\u00e9szet mestere - \u00c9gerh\u00e1zi Imre","isPartOf":{"@id":"https:\/\/egerhaziimre.hu\/#website"},"primaryImageOfPage":{"@id":"https:\/\/egerhaziimre.hu\/index.php\/egerhazi-imre-a-xx-szazadi-alfoldi-festeszet-mestere\/#primaryimage"},"image":{"@id":"https:\/\/egerhaziimre.hu\/index.php\/egerhazi-imre-a-xx-szazadi-alfoldi-festeszet-mestere\/#primaryimage"},"thumbnailUrl":"https:\/\/egerhaziimre.hu\/wp-content\/uploads\/2025\/10\/Egerhazi_Imre_konyv_Mockup_1-scaled.jpg","datePublished":"2025-10-14T13:16:41+00:00","dateModified":"2025-10-14T13:17:37+00:00","breadcrumb":{"@id":"https:\/\/egerhaziimre.hu\/index.php\/egerhazi-imre-a-xx-szazadi-alfoldi-festeszet-mestere\/#breadcrumb"},"inLanguage":"hu","potentialAction":[{"@type":"ReadAction","target":["https:\/\/egerhaziimre.hu\/index.php\/egerhazi-imre-a-xx-szazadi-alfoldi-festeszet-mestere\/"]}]},{"@type":"ImageObject","inLanguage":"hu","@id":"https:\/\/egerhaziimre.hu\/index.php\/egerhazi-imre-a-xx-szazadi-alfoldi-festeszet-mestere\/#primaryimage","url":"https:\/\/egerhaziimre.hu\/wp-content\/uploads\/2025\/10\/Egerhazi_Imre_konyv_Mockup_1-scaled.jpg","contentUrl":"https:\/\/egerhaziimre.hu\/wp-content\/uploads\/2025\/10\/Egerhazi_Imre_konyv_Mockup_1-scaled.jpg","width":2560,"height":1920,"caption":"mockups-design.com"},{"@type":"BreadcrumbList","@id":"https:\/\/egerhaziimre.hu\/index.php\/egerhazi-imre-a-xx-szazadi-alfoldi-festeszet-mestere\/#breadcrumb","itemListElement":[{"@type":"ListItem","position":1,"name":"Home","item":"https:\/\/egerhaziimre.hu\/"},{"@type":"ListItem","position":2,"name":"\u00c9gerh\u00e1zi Imre a XX. sz\u00e1zadi alf\u00f6ldi fest\u00e9szet mestere"}]},{"@type":"WebSite","@id":"https:\/\/egerhaziimre.hu\/#website","url":"https:\/\/egerhaziimre.hu\/","name":"\u00c9gerh\u00e1zi Imre","description":"","potentialAction":[{"@type":"SearchAction","target":{"@type":"EntryPoint","urlTemplate":"https:\/\/egerhaziimre.hu\/?s={search_term_string}"},"query-input":{"@type":"PropertyValueSpecification","valueRequired":true,"valueName":"search_term_string"}}],"inLanguage":"hu"}]}},"jetpack_sharing_enabled":true,"_links":{"self":[{"href":"https:\/\/egerhaziimre.hu\/index.php\/wp-json\/wp\/v2\/pages\/19585","targetHints":{"allow":["GET"]}}],"collection":[{"href":"https:\/\/egerhaziimre.hu\/index.php\/wp-json\/wp\/v2\/pages"}],"about":[{"href":"https:\/\/egerhaziimre.hu\/index.php\/wp-json\/wp\/v2\/types\/page"}],"author":[{"embeddable":true,"href":"https:\/\/egerhaziimre.hu\/index.php\/wp-json\/wp\/v2\/users\/4"}],"replies":[{"embeddable":true,"href":"https:\/\/egerhaziimre.hu\/index.php\/wp-json\/wp\/v2\/comments?post=19585"}],"version-history":[{"count":3,"href":"https:\/\/egerhaziimre.hu\/index.php\/wp-json\/wp\/v2\/pages\/19585\/revisions"}],"predecessor-version":[{"id":19593,"href":"https:\/\/egerhaziimre.hu\/index.php\/wp-json\/wp\/v2\/pages\/19585\/revisions\/19593"}],"wp:featuredmedia":[{"embeddable":true,"href":"https:\/\/egerhaziimre.hu\/index.php\/wp-json\/wp\/v2\/media\/19590"}],"wp:attachment":[{"href":"https:\/\/egerhaziimre.hu\/index.php\/wp-json\/wp\/v2\/media?parent=19585"}],"wp:term":[{"taxonomy":"category","embeddable":true,"href":"https:\/\/egerhaziimre.hu\/index.php\/wp-json\/wp\/v2\/categories?post=19585"},{"taxonomy":"post_tag","embeddable":true,"href":"https:\/\/egerhaziimre.hu\/index.php\/wp-json\/wp\/v2\/tags?post=19585"}],"curies":[{"name":"wp","href":"https:\/\/api.w.org\/{rel}","templated":true}]}}