{"id":19596,"date":"2025-10-21T11:50:50","date_gmt":"2025-10-21T09:50:50","guid":{"rendered":"https:\/\/egerhaziimre.hu\/?page_id=19596"},"modified":"2025-10-21T11:50:50","modified_gmt":"2025-10-21T09:50:50","slug":"egerhazi-imre-nap-2025-november-5-hajduhadhaz","status":"publish","type":"page","link":"https:\/\/egerhaziimre.hu\/index.php\/egerhazi-imre-nap-2025-november-5-hajduhadhaz\/","title":{"rendered":"\u00c9gerh\u00e1zi Imre Nap 2025. november 5., Hajd\u00fahadh\u00e1z"},"content":{"rendered":"<div class=\"wpb-content-wrapper\">[vc_row][vc_column][vc_column_text css=&#8221;&#8221;]\n<h4><strong>\u00c9gerh\u00e1zi Imre sz\u00fclet\u00e9s\u00e9nek 100. \u00e9vfordul\u00f3ja alkalm\u00e1b\u00f3l november 5-\u00e9n ki\u00e1ll\u00edt\u00e1sokkal, k\u00f6nyvbemutat\u00f3val \u00e9s koncerttel eml\u00e9kez\u00fcnk a XX. sz\u00e1zadi alf\u00f6ldi fest\u00e9szet egyik legnagyobb mester\u00e9re.<\/strong><\/h4>\n[\/vc_column_text][vc_single_image image=&#8221;19586&#8243; img_size=&#8221;full&#8221; alignment=&#8221;center&#8221; style=&#8221;xtd-shadow&#8211;normal-light&#8221; onclick=&#8221;link_image&#8221; css=&#8221;&#8221;][vc_empty_space][vc_row_inner][vc_column_inner][vc_column_text css=&#8221;&#8221;]\n<h4><strong>\u00c9GERH\u00c1ZI IMRE EML\u00c9KH\u00c1Z<\/strong><\/h4>\n<p><strong>14:00 \u00c9gerh\u00e1zi Imre mozaikok \u00e1tad\u00e1sa \u00e9s bemutat\u00e1sa<\/strong><br \/>\nAz u\u0308nnepi pillanatok ut\u00e1n a tavasszal fel\u00faj\u00edtott eml\u00e9kki\u00e1ll\u00edt\u00e1st\u00a0Feledy Bal\u00e1zs m\u0171v\u00e9szeti \u00edr\u00f3 mutatja be az \u00e9rdekl\u0151d\u0151knek.<\/p>\n<h4><strong>F\u00d6LDI J\u00c1NOS K\u00d6NYVT\u00c1R<\/strong><\/h4>\n<p><strong>15:30 \u00c9gerh\u00e1zi Imre \u2013 Hortob\u00e1gyt\u00f3l Gyergy\u00f3ig ki\u00e1ll\u00edt\u00e1s\u00e1nak megnyit\u00f3ja<\/strong><br \/>\nA fest\u0151m\u0171v\u00e9sz k\u00e9t legt\u00f6bbet megfestett t\u00e9m\u00e1ja volt az Alf\u00f6ld \u00e9s Erd\u00e9ly.<br \/>\nA t\u00e1rlat anyag\u00e1t ezekb\u0151l az alkot\u00e1sokb\u00f3l v\u00e1logatta \u00c9gerh\u00e1zi Attila.<br \/>\nA ki\u00e1ll\u00edt\u00e1st megnyitja Asztalos P\u00e9ter alpolg\u00e1rmester \u00e9s Feledy Bal\u00e1zs\u00a0m\u0171v\u00e9szeti \u00edr\u00f3.<br \/>\n<strong>16:00 K\u00f6nyvbemutat\u00f3<br \/>\n<\/strong>Az eml\u00e9k\u00e9v alkalm\u00e1b\u00f3l megjelent \u201e\u00c9gerh\u00e1zi Imre a XX. sz\u00e1zadi\u00a0alf\u00f6ldi fest\u00e9szet mestere\u201d c\u00edm\u0171 \u00e9letm\u0171-k\u00f6nyv bemutat\u00e1sa.<\/p>\n<h4><strong>V\u00c1ROSH\u00c1ZA \u2013 D\u00cdSZTEREM<\/strong><\/h4>\n<p><strong>18:00 \u00c9gerh\u00e1zi Imre \u00e9vtizedei c\u00edm\u0171 ki\u00e1ll\u00edt\u00e1s megnyit\u00e1sa<\/strong><br \/>\nA ki\u00e1ll\u00edt\u00e1st megnyitja Cs\u00e1fordi D\u00e9nes polg\u00e1rmester \u00far, \u00c9gerh\u00e1zi P\u00e9ter \u00e9s Feledy Bal\u00e1zs m\u0171v\u00e9szeti \u00edr\u00f3.<br \/>\n<strong>18:20 P\u00f3diumbesz\u00e9lget\u00e9s \u2013 \u00c9gerh\u00e1zi Imr\u00e9re eml\u00e9kez\u00fcnk <\/strong><br \/>\nR\u00e9sztvev\u0151k: \u00c9gerh\u00e1zi Attila, Vel\u00e9nyi Rudolf fest\u0151m\u0171v\u00e9sz, Arany Lajos m\u0171v\u00e9szeti \u00edr\u00f3, Feledy Bal\u00e1zs m\u0171v\u00e9szeti \u00edr\u00f3.<br \/>\n<strong>19:00 Djabe koncert <\/strong><br \/>\n\u00c9gerh\u00e1zi Imre festm\u00e9nyekre \u00edrt zenem\u0171vekb\u0151l.[\/vc_column_text][\/vc_column_inner][\/vc_row_inner][vc_single_image image=&#8221;19587&#8243; img_size=&#8221;full&#8221; alignment=&#8221;center&#8221; style=&#8221;xtd-shadow&#8211;normal-light&#8221; onclick=&#8221;link_image&#8221; css=&#8221;&#8221;][vc_empty_space][vc_single_image image=&#8221;19597&#8243; img_size=&#8221;full&#8221; alignment=&#8221;center&#8221; css=&#8221;&#8221;][vc_empty_space][vc_single_image image=&#8221;19598&#8243; img_size=&#8221;full&#8221; alignment=&#8221;center&#8221; css=&#8221;&#8221;][vc_empty_space][vc_column_text css=&#8221;&#8221;]\n<h4><strong>A k\u00f6nyvet az orsz\u00e1g t\u00f6bb pontj\u00e1n is bemutatj\u00e1k November folyam\u00e1n.<\/strong><\/h4>\n<p>November 4. 18 \u00f3ra, Debrecen, Modem \u2013 k\u00f6zrem\u0171k\u00f6dik \u00c9gerh\u00e1zi Attila, Feledy Bal\u00e1zs, Vel\u00e9nyi Rudolf, Arany Lajos.<br \/>\nC\u00edm: 4026 Debrecen, Hunyadi J\u00e1nos u. 1-3.<\/p>\n<p>November 5. 16 \u00f3ra, Hajd\u00fahadh\u00e1z, F\u00f6ldi J\u00e1nos k\u00f6nyvt\u00e1r \u2013 k\u00f6zrem\u0171k\u00f6dik \u00c9gerh\u00e1zi Attila, Feledy Bal\u00e1zs, Vel\u00e9nyi Rudolf, Arany Lajos, Djabe zenekar<br \/>\nC\u00edm: 4242 Hajd\u00fahadh\u00e1z, Dr. F\u00f6ldi J\u00e1nos u. 8.<\/p>\n<p><strong>A bemutat\u00f3kra a bel\u00e9p\u00e9s d\u00edjtalan, regisztr\u00e1ci\u00f3 nem sz\u00fcks\u00e9ges. A k\u00f6nyvet a helysz\u00edneken meg lehet v\u00e1s\u00e1rolni.<\/strong>[\/vc_column_text][vc_empty_space][vc_column_text css=&#8221;&#8221;]\n<h4>Megv\u00e1s\u00e1rolhat\u00f3 a Djabe zenekar webshopj\u00e1ban:<\/h4>\n[\/vc_column_text][vc_btn title=&#8221;V\u00c1S\u00c1ROLOK&#8221; color=&#8221;orange&#8221; align=&#8221;center&#8221; i_icon_fontawesome=&#8221;fas fa-hand-point-right&#8221; css=&#8221;&#8221; add_icon=&#8221;true&#8221; link=&#8221;url:https%3A%2F%2Fdjabe.hu%2Fuzlet%2Fegerhazi-imre-a-xx-szazadi-alfoldi-festeszet-mestere%2F|target:_blank&#8221;][\/vc_column][\/vc_row]\n<\/div>","protected":false},"excerpt":{"rendered":"<p>[vc_row][vc_column][vc_column_text css=&#8221;&#8221;] \u00c9gerh\u00e1zi Imre sz\u00fclet\u00e9s\u00e9nek 100. \u00e9vfordul\u00f3ja alkalm\u00e1b\u00f3l november 5-\u00e9n ki\u00e1ll\u00edt\u00e1sokkal, k\u00f6nyvbemutat\u00f3val \u00e9s koncerttel eml\u00e9kez\u00fcnk a XX. sz\u00e1zadi alf\u00f6ldi fest\u00e9szet egyik legnagyobb mester\u00e9re. [\/vc_column_text][vc_single_image image=&#8221;19586&#8243; img_size=&#8221;full&#8221; alignment=&#8221;center&#8221; style=&#8221;xtd-shadow&#8211;normal-light&#8221; onclick=&#8221;link_image&#8221; css=&#8221;&#8221;][vc_empty_space][vc_row_inner][vc_column_inner][vc_column_text css=&#8221;&#8221;] \u00c9GERH\u00c1ZI IMRE EML\u00c9KH\u00c1Z 14:00 \u00c9gerh\u00e1zi Imre mozaikok \u00e1tad\u00e1sa \u00e9s bemutat\u00e1sa Az u\u0308nnepi pillanatok ut\u00e1n a tavasszal fel\u00faj\u00edtott eml\u00e9kki\u00e1ll\u00edt\u00e1st\u00a0Feledy Bal\u00e1zs m\u0171v\u00e9szeti \u00edr\u00f3 mutatja be az \u00e9rdekl\u0151d\u0151knek. F\u00d6LDI J\u00c1NOS K\u00d6NYVT\u00c1R 15:30 [&hellip;]<\/p>\n","protected":false},"author":4,"featured_media":19599,"parent":0,"menu_order":0,"comment_status":"closed","ping_status":"closed","template":"","meta":{"footnotes":""},"categories":[14,13,16],"tags":[],"class_list":["post-19596","page","type-page","status-publish","has-post-thumbnail","hentry","category-aktualitasok","category-hirek","category-konyvek"],"yoast_head":"<!-- This site is optimized with the Yoast SEO plugin v27.0 - https:\/\/yoast.com\/product\/yoast-seo-wordpress\/ -->\n<title>\u00c9gerh\u00e1zi Imre Nap 2025. november 5., Hajd\u00fahadh\u00e1z - \u00c9gerh\u00e1zi Imre<\/title>\n<meta name=\"robots\" content=\"index, follow, max-snippet:-1, max-image-preview:large, max-video-preview:-1\" \/>\n<link rel=\"canonical\" href=\"https:\/\/egerhaziimre.hu\/index.php\/egerhazi-imre-nap-2025-november-5-hajduhadhaz\/\" \/>\n<meta property=\"og:locale\" content=\"hu_HU\" \/>\n<meta property=\"og:type\" content=\"article\" \/>\n<meta property=\"og:title\" content=\"\u00c9gerh\u00e1zi Imre Nap 2025. november 5., Hajd\u00fahadh\u00e1z - \u00c9gerh\u00e1zi Imre\" \/>\n<meta property=\"og:description\" content=\"[vc_row][vc_column][vc_column_text css=&#8221;&#8221;] \u00c9gerh\u00e1zi Imre sz\u00fclet\u00e9s\u00e9nek 100. \u00e9vfordul\u00f3ja alkalm\u00e1b\u00f3l november 5-\u00e9n ki\u00e1ll\u00edt\u00e1sokkal, k\u00f6nyvbemutat\u00f3val \u00e9s koncerttel eml\u00e9kez\u00fcnk a XX. sz\u00e1zadi alf\u00f6ldi fest\u00e9szet egyik legnagyobb mester\u00e9re. [\/vc_column_text][vc_single_image image=&#8221;19586&#8243; img_size=&#8221;full&#8221; alignment=&#8221;center&#8221; style=&#8221;xtd-shadow&#8211;normal-light&#8221; onclick=&#8221;link_image&#8221; css=&#8221;&#8221;][vc_empty_space][vc_row_inner][vc_column_inner][vc_column_text css=&#8221;&#8221;] \u00c9GERH\u00c1ZI IMRE EML\u00c9KH\u00c1Z 14:00 \u00c9gerh\u00e1zi Imre mozaikok \u00e1tad\u00e1sa \u00e9s bemutat\u00e1sa Az u\u0308nnepi pillanatok ut\u00e1n a tavasszal fel\u00faj\u00edtott eml\u00e9kki\u00e1ll\u00edt\u00e1st\u00a0Feledy Bal\u00e1zs m\u0171v\u00e9szeti \u00edr\u00f3 mutatja be az \u00e9rdekl\u0151d\u0151knek. F\u00d6LDI J\u00c1NOS K\u00d6NYVT\u00c1R 15:30 [&hellip;]\" \/>\n<meta property=\"og:url\" content=\"https:\/\/egerhaziimre.hu\/index.php\/egerhazi-imre-nap-2025-november-5-hajduhadhaz\/\" \/>\n<meta property=\"og:site_name\" content=\"\u00c9gerh\u00e1zi Imre\" \/>\n<meta property=\"og:image\" content=\"https:\/\/egerhaziimre.hu\/wp-content\/uploads\/2025\/10\/Egerhazi_Imre_konyvbemutato_Hajduhadhaz_POST_1.jpg\" \/>\n\t<meta property=\"og:image:width\" content=\"1920\" \/>\n\t<meta property=\"og:image:height\" content=\"1920\" \/>\n\t<meta property=\"og:image:type\" content=\"image\/jpeg\" \/>\n<meta name=\"twitter:card\" content=\"summary_large_image\" \/>\n<meta name=\"twitter:image\" content=\"https:\/\/egerhaziimre.hu\/wp-content\/uploads\/2025\/10\/Egerhazi_Imre_konyvbemutato_Hajduhadhaz_POST_1.jpg\" \/>\n<meta name=\"twitter:label1\" content=\"Becs\u00fclt olvas\u00e1si id\u0151\" \/>\n\t<meta name=\"twitter:data1\" content=\"5 perc\" \/>\n<script type=\"application\/ld+json\" class=\"yoast-schema-graph\">{\"@context\":\"https:\/\/schema.org\",\"@graph\":[{\"@type\":\"WebPage\",\"@id\":\"https:\/\/egerhaziimre.hu\/index.php\/egerhazi-imre-nap-2025-november-5-hajduhadhaz\/\",\"url\":\"https:\/\/egerhaziimre.hu\/index.php\/egerhazi-imre-nap-2025-november-5-hajduhadhaz\/\",\"name\":\"\u00c9gerh\u00e1zi Imre Nap 2025. november 5., Hajd\u00fahadh\u00e1z - \u00c9gerh\u00e1zi Imre\",\"isPartOf\":{\"@id\":\"https:\/\/egerhaziimre.hu\/#website\"},\"primaryImageOfPage\":{\"@id\":\"https:\/\/egerhaziimre.hu\/index.php\/egerhazi-imre-nap-2025-november-5-hajduhadhaz\/#primaryimage\"},\"image\":{\"@id\":\"https:\/\/egerhaziimre.hu\/index.php\/egerhazi-imre-nap-2025-november-5-hajduhadhaz\/#primaryimage\"},\"thumbnailUrl\":\"https:\/\/egerhaziimre.hu\/wp-content\/uploads\/2025\/10\/Egerhazi_Imre_konyvbemutato_Hajduhadhaz_POST_1.jpg\",\"datePublished\":\"2025-10-21T09:50:50+00:00\",\"breadcrumb\":{\"@id\":\"https:\/\/egerhaziimre.hu\/index.php\/egerhazi-imre-nap-2025-november-5-hajduhadhaz\/#breadcrumb\"},\"inLanguage\":\"hu\",\"potentialAction\":[{\"@type\":\"ReadAction\",\"target\":[\"https:\/\/egerhaziimre.hu\/index.php\/egerhazi-imre-nap-2025-november-5-hajduhadhaz\/\"]}]},{\"@type\":\"ImageObject\",\"inLanguage\":\"hu\",\"@id\":\"https:\/\/egerhaziimre.hu\/index.php\/egerhazi-imre-nap-2025-november-5-hajduhadhaz\/#primaryimage\",\"url\":\"https:\/\/egerhaziimre.hu\/wp-content\/uploads\/2025\/10\/Egerhazi_Imre_konyvbemutato_Hajduhadhaz_POST_1.jpg\",\"contentUrl\":\"https:\/\/egerhaziimre.hu\/wp-content\/uploads\/2025\/10\/Egerhazi_Imre_konyvbemutato_Hajduhadhaz_POST_1.jpg\",\"width\":1920,\"height\":1920},{\"@type\":\"BreadcrumbList\",\"@id\":\"https:\/\/egerhaziimre.hu\/index.php\/egerhazi-imre-nap-2025-november-5-hajduhadhaz\/#breadcrumb\",\"itemListElement\":[{\"@type\":\"ListItem\",\"position\":1,\"name\":\"Home\",\"item\":\"https:\/\/egerhaziimre.hu\/\"},{\"@type\":\"ListItem\",\"position\":2,\"name\":\"\u00c9gerh\u00e1zi Imre Nap 2025. november 5., Hajd\u00fahadh\u00e1z\"}]},{\"@type\":\"WebSite\",\"@id\":\"https:\/\/egerhaziimre.hu\/#website\",\"url\":\"https:\/\/egerhaziimre.hu\/\",\"name\":\"\u00c9gerh\u00e1zi Imre\",\"description\":\"\",\"potentialAction\":[{\"@type\":\"SearchAction\",\"target\":{\"@type\":\"EntryPoint\",\"urlTemplate\":\"https:\/\/egerhaziimre.hu\/?s={search_term_string}\"},\"query-input\":{\"@type\":\"PropertyValueSpecification\",\"valueRequired\":true,\"valueName\":\"search_term_string\"}}],\"inLanguage\":\"hu\"}]}<\/script>\n<!-- \/ Yoast SEO plugin. -->","yoast_head_json":{"title":"\u00c9gerh\u00e1zi Imre Nap 2025. november 5., Hajd\u00fahadh\u00e1z - \u00c9gerh\u00e1zi Imre","robots":{"index":"index","follow":"follow","max-snippet":"max-snippet:-1","max-image-preview":"max-image-preview:large","max-video-preview":"max-video-preview:-1"},"canonical":"https:\/\/egerhaziimre.hu\/index.php\/egerhazi-imre-nap-2025-november-5-hajduhadhaz\/","og_locale":"hu_HU","og_type":"article","og_title":"\u00c9gerh\u00e1zi Imre Nap 2025. november 5., Hajd\u00fahadh\u00e1z - \u00c9gerh\u00e1zi Imre","og_description":"[vc_row][vc_column][vc_column_text css=&#8221;&#8221;] \u00c9gerh\u00e1zi Imre sz\u00fclet\u00e9s\u00e9nek 100. \u00e9vfordul\u00f3ja alkalm\u00e1b\u00f3l november 5-\u00e9n ki\u00e1ll\u00edt\u00e1sokkal, k\u00f6nyvbemutat\u00f3val \u00e9s koncerttel eml\u00e9kez\u00fcnk a XX. sz\u00e1zadi alf\u00f6ldi fest\u00e9szet egyik legnagyobb mester\u00e9re. [\/vc_column_text][vc_single_image image=&#8221;19586&#8243; img_size=&#8221;full&#8221; alignment=&#8221;center&#8221; style=&#8221;xtd-shadow&#8211;normal-light&#8221; onclick=&#8221;link_image&#8221; css=&#8221;&#8221;][vc_empty_space][vc_row_inner][vc_column_inner][vc_column_text css=&#8221;&#8221;] \u00c9GERH\u00c1ZI IMRE EML\u00c9KH\u00c1Z 14:00 \u00c9gerh\u00e1zi Imre mozaikok \u00e1tad\u00e1sa \u00e9s bemutat\u00e1sa Az u\u0308nnepi pillanatok ut\u00e1n a tavasszal fel\u00faj\u00edtott eml\u00e9kki\u00e1ll\u00edt\u00e1st\u00a0Feledy Bal\u00e1zs m\u0171v\u00e9szeti \u00edr\u00f3 mutatja be az \u00e9rdekl\u0151d\u0151knek. F\u00d6LDI J\u00c1NOS K\u00d6NYVT\u00c1R 15:30 [&hellip;]","og_url":"https:\/\/egerhaziimre.hu\/index.php\/egerhazi-imre-nap-2025-november-5-hajduhadhaz\/","og_site_name":"\u00c9gerh\u00e1zi Imre","og_image":[{"width":1920,"height":1920,"url":"https:\/\/egerhaziimre.hu\/wp-content\/uploads\/2025\/10\/Egerhazi_Imre_konyvbemutato_Hajduhadhaz_POST_1.jpg","type":"image\/jpeg"}],"twitter_card":"summary_large_image","twitter_image":"https:\/\/egerhaziimre.hu\/wp-content\/uploads\/2025\/10\/Egerhazi_Imre_konyvbemutato_Hajduhadhaz_POST_1.jpg","twitter_misc":{"Becs\u00fclt olvas\u00e1si id\u0151":"5 perc"},"schema":{"@context":"https:\/\/schema.org","@graph":[{"@type":"WebPage","@id":"https:\/\/egerhaziimre.hu\/index.php\/egerhazi-imre-nap-2025-november-5-hajduhadhaz\/","url":"https:\/\/egerhaziimre.hu\/index.php\/egerhazi-imre-nap-2025-november-5-hajduhadhaz\/","name":"\u00c9gerh\u00e1zi Imre Nap 2025. november 5., Hajd\u00fahadh\u00e1z - \u00c9gerh\u00e1zi Imre","isPartOf":{"@id":"https:\/\/egerhaziimre.hu\/#website"},"primaryImageOfPage":{"@id":"https:\/\/egerhaziimre.hu\/index.php\/egerhazi-imre-nap-2025-november-5-hajduhadhaz\/#primaryimage"},"image":{"@id":"https:\/\/egerhaziimre.hu\/index.php\/egerhazi-imre-nap-2025-november-5-hajduhadhaz\/#primaryimage"},"thumbnailUrl":"https:\/\/egerhaziimre.hu\/wp-content\/uploads\/2025\/10\/Egerhazi_Imre_konyvbemutato_Hajduhadhaz_POST_1.jpg","datePublished":"2025-10-21T09:50:50+00:00","breadcrumb":{"@id":"https:\/\/egerhaziimre.hu\/index.php\/egerhazi-imre-nap-2025-november-5-hajduhadhaz\/#breadcrumb"},"inLanguage":"hu","potentialAction":[{"@type":"ReadAction","target":["https:\/\/egerhaziimre.hu\/index.php\/egerhazi-imre-nap-2025-november-5-hajduhadhaz\/"]}]},{"@type":"ImageObject","inLanguage":"hu","@id":"https:\/\/egerhaziimre.hu\/index.php\/egerhazi-imre-nap-2025-november-5-hajduhadhaz\/#primaryimage","url":"https:\/\/egerhaziimre.hu\/wp-content\/uploads\/2025\/10\/Egerhazi_Imre_konyvbemutato_Hajduhadhaz_POST_1.jpg","contentUrl":"https:\/\/egerhaziimre.hu\/wp-content\/uploads\/2025\/10\/Egerhazi_Imre_konyvbemutato_Hajduhadhaz_POST_1.jpg","width":1920,"height":1920},{"@type":"BreadcrumbList","@id":"https:\/\/egerhaziimre.hu\/index.php\/egerhazi-imre-nap-2025-november-5-hajduhadhaz\/#breadcrumb","itemListElement":[{"@type":"ListItem","position":1,"name":"Home","item":"https:\/\/egerhaziimre.hu\/"},{"@type":"ListItem","position":2,"name":"\u00c9gerh\u00e1zi Imre Nap 2025. november 5., Hajd\u00fahadh\u00e1z"}]},{"@type":"WebSite","@id":"https:\/\/egerhaziimre.hu\/#website","url":"https:\/\/egerhaziimre.hu\/","name":"\u00c9gerh\u00e1zi Imre","description":"","potentialAction":[{"@type":"SearchAction","target":{"@type":"EntryPoint","urlTemplate":"https:\/\/egerhaziimre.hu\/?s={search_term_string}"},"query-input":{"@type":"PropertyValueSpecification","valueRequired":true,"valueName":"search_term_string"}}],"inLanguage":"hu"}]}},"jetpack_sharing_enabled":true,"_links":{"self":[{"href":"https:\/\/egerhaziimre.hu\/index.php\/wp-json\/wp\/v2\/pages\/19596","targetHints":{"allow":["GET"]}}],"collection":[{"href":"https:\/\/egerhaziimre.hu\/index.php\/wp-json\/wp\/v2\/pages"}],"about":[{"href":"https:\/\/egerhaziimre.hu\/index.php\/wp-json\/wp\/v2\/types\/page"}],"author":[{"embeddable":true,"href":"https:\/\/egerhaziimre.hu\/index.php\/wp-json\/wp\/v2\/users\/4"}],"replies":[{"embeddable":true,"href":"https:\/\/egerhaziimre.hu\/index.php\/wp-json\/wp\/v2\/comments?post=19596"}],"version-history":[{"count":4,"href":"https:\/\/egerhaziimre.hu\/index.php\/wp-json\/wp\/v2\/pages\/19596\/revisions"}],"predecessor-version":[{"id":19603,"href":"https:\/\/egerhaziimre.hu\/index.php\/wp-json\/wp\/v2\/pages\/19596\/revisions\/19603"}],"wp:featuredmedia":[{"embeddable":true,"href":"https:\/\/egerhaziimre.hu\/index.php\/wp-json\/wp\/v2\/media\/19599"}],"wp:attachment":[{"href":"https:\/\/egerhaziimre.hu\/index.php\/wp-json\/wp\/v2\/media?parent=19596"}],"wp:term":[{"taxonomy":"category","embeddable":true,"href":"https:\/\/egerhaziimre.hu\/index.php\/wp-json\/wp\/v2\/categories?post=19596"},{"taxonomy":"post_tag","embeddable":true,"href":"https:\/\/egerhaziimre.hu\/index.php\/wp-json\/wp\/v2\/tags?post=19596"}],"curies":[{"name":"wp","href":"https:\/\/api.w.org\/{rel}","templated":true}]}}