{"id":19604,"date":"2025-11-21T12:11:12","date_gmt":"2025-11-21T11:11:12","guid":{"rendered":"https:\/\/egerhaziimre.hu\/?page_id=19604"},"modified":"2026-02-13T11:54:16","modified_gmt":"2026-02-13T10:54:16","slug":"egerhazi-imre-konyvbemutato-2025-november-4-debrecen-modem","status":"publish","type":"page","link":"https:\/\/egerhaziimre.hu\/index.php\/egerhazi-imre-konyvbemutato-2025-november-4-debrecen-modem\/","title":{"rendered":"\u00c9gerh\u00e1zi Imre k\u00f6nyvbemutat\u00f3 2025. november 4., Debrecen Modem"},"content":{"rendered":"<div class=\"wpb-content-wrapper\">[vc_row][vc_column][vc_column_text css=&#8221;&#8221;]\n<h4><strong>\u00c9gerh\u00e1zi Imre sz\u00fclet\u00e9s\u00e9nek 100. \u00e9vfordul\u00f3ja alkalm\u00e1b\u00f3l november 4-\u00e9n 18:00 \u00f3r\u00e1t\u00f3l k\u00f6nyvbemutat\u00f3val eml\u00e9kezt\u00fcnk a XX. sz\u00e1zadi alf\u00f6ldi fest\u00e9szet egyik legnagyobb mester\u00e9re.<\/strong><\/h4>\n[\/vc_column_text][vc_single_image image=&#8221;19613&#8243; img_size=&#8221;full&#8221; alignment=&#8221;center&#8221; style=&#8221;xtd-shadow&#8211;normal-light&#8221; onclick=&#8221;link_image&#8221; css=&#8221;&#8221;][vc_empty_space][vc_row_inner][vc_column_inner][vc_column_text css=&#8221;&#8221;]\n<p style=\"font-weight: 400;\">Az \u00c9gerh\u00e1zi Imre \u00e9letm\u0171v\u00e9t bemutat\u00f3 \u201e\u00c9gerh\u00e1zi Imre \u2013 a XX. sz\u00e1zadi alf\u00f6ldi fest\u00e9szet mestere\u201d c\u00edm\u0171 k\u00f6nyvet el\u0151sz\u00f6r hivatalosan Debrecenben, 2025. november 4-\u00e9n mutatta be a szerz\u0151, \u00c9gerh\u00e1zi Attila. Nem is lehetett volna jobb helyet v\u00e1lasztani, hiszen p\u00e1r h\u00f3nappal kor\u00e1bban ebben a kiemelked\u0151en jelent\u0151s, modern m\u0171v\u00e9szetet bemutat\u00f3 m\u00fazeumban ker\u00fclt megrendez\u00e9sre az \u201e\u00c9gerh\u00e1zi Imre 100\u201d ki\u00e1ll\u00edt\u00e1s, melyet a debreceni fest\u0151m\u0171v\u00e9sz sz\u00fclet\u00e9s\u00e9nek 100. \u00e9vfordul\u00f3ja alkalm\u00e1b\u00f3l rendeztek. A ki\u00e1ll\u00edt\u00e1son az \u00e9letm\u0171 \u00e1tfog\u00f3 m\u00e9lys\u00e9g\u00e9t t\u00f6bb mint 120 alkot\u00e1ssal mutatt\u00e1k be.<\/p>\n<p style=\"font-weight: 400;\">A k\u00f6nyv megjelentet\u00e9s\u00e9t eredetileg \u00c9gerh\u00e1zi Attila a ki\u00e1ll\u00edt\u00e1s megnyit\u00f3j\u00e1ra szerette volna id\u0151z\u00edteni, azonban a ki\u00e1ll\u00edt\u00e1s id\u0151pontj\u00e1nak meghat\u00e1roz\u00e1sa \u00e9s a megnyit\u00f3 k\u00f6z\u00f6tt nem \u00e1llt el\u00e9g id\u0151 rendelkez\u00e9sre a k\u00f6nyv elk\u00e9sz\u00edt\u00e9s\u00e9re. Ez\u00e9rt Vizi Kat\u00e1val, a MODEM igazgat\u00f3n\u0151j\u00e9vel abban \u00e1llapodtak meg, hogy amikor a k\u00f6nyv elk\u00e9sz\u00fcl, egy bemutat\u00f3 erej\u00e9ig a MODEM ism\u00e9t megnyitja kapuit a m\u0171v\u00e9sz hagyat\u00e9k\u00e1t gondoz\u00f3 csal\u00e1d \u00e9s az \u00e9rdekl\u0151d\u0151k sz\u00e1m\u00e1ra. \u00cdgy j\u00f6tt l\u00e9tre 2025. november 4-\u00e9n a k\u00f6nyvbemutat\u00f3.<\/p>\n<p><span style=\"font-weight: 400;\">Ezt a rendezv\u00e9nyt is sz\u00ednes, t\u00f6bb programelemet felvonultat\u00f3 esem\u00e9nyk\u00e9nt tervezte meg \u00c9gerh\u00e1zi Attila. 18 \u00f3r\u00e1t\u00f3l Feledy Bal\u00e1sz m\u0171v\u00e9szeti \u00edr\u00f3, aki a jubileumi ki\u00e1ll\u00edt\u00e1s t\u00e1rskur\u00e1tora volt, \u00c9gerh\u00e1zi Imre m\u0171v\u00e9szet\u00e9t egy Hajd\u00fab\u00f6sz\u00f6rm\u00e9nyben k\u00e9sz\u00fclt \u201eUtcar\u00e9sz\u201d c\u00edm\u0171 alkot\u00e1son kereszt\u00fcl mutatta be. Ezzel a megold\u00e1ssal \u00c9gerh\u00e1zi Attila visszaid\u00e9zte az \u00c9gerh\u00e1zi Imre \u00e1ltal is szeretett ki\u00e1ll\u00edt\u00e1si form\u00e1tumot, amikor egy m\u0171v\u00e9sz egy alkot\u00e1s\u00e1t mutatj\u00e1k be. Fontos volt sz\u00e1m\u00e1ra, hogy k\u00e9peivel bemutassa az adott kor k\u00f6rnyezeti \u00e9s t\u00e1rsadalmi val\u00f3s\u00e1g\u00e1t olyan form\u00e1ban, hogy bels\u0151 kapcsolat alakuljon ki a m\u0171 \u00e9s szeml\u00e9l\u0151je k\u00f6z\u00f6tt. Az erre az alkalomra kiv\u00e1lasztott viszonylag k\u00e9sei m\u0171ve, melyet 2000-ben festett, kiv\u00e1l\u00f3an alkalmas volt ennek a kontextusnak a megteremt\u00e9s\u00e9re. <\/span>[\/vc_column_text][\/vc_column_inner][\/vc_row_inner][vc_gallery type=&#8221;image_grid&#8221; images=&#8221;19612,19614,19616,19615,19624,19623,19622,19621,19620,19625,19619,19618,19617,19626&#8243; img_size=&#8221;300&#215;300&#8243; css=&#8221;&#8221;][vc_empty_space][vc_column_text css=&#8221;&#8221;]\n<div style=\"text-align: left;\"><em><span lang=\"HU\">Fot\u00f3k: V\u00edg Levente<\/span><\/em><\/div>\n[\/vc_column_text][vc_column_text css=&#8221;&#8221;]\n<p style=\"font-weight: 400;\">Feledy Bal\u00e1zs megnyit\u00f3ja ut\u00e1n a k\u00f6nyvet a szerz\u0151, \u00c9gerh\u00e1zi Attila audiovizu\u00e1lis el\u0151ad\u00e1s keret\u00e9ben mutatta be r\u00e9szletesen. A k\u00f6r\u00fclbel\u00fcl 120 \u00e9rdekl\u0151d\u0151 sz\u00e1m\u00e1ra ismertette a k\u00f6nyv szerkezeti fel\u00e9p\u00edt\u00e9s\u00e9t \u00e9s a szerkeszt\u00e9s \u00e9s kivitelez\u00e9s fontosabb szempontjait.\u00a0 Saj\u00e1t szavaival \u00edgy foglalhatjuk \u00f6ssze a t\u00f6bb \u00e9vtizedet \u00e1t\u00f6lel\u0151 anyaggy\u0171jt\u00e9si, szerkeszt\u00e9si \u00e9s kreat\u00edv munka elemeit:<\/p>\n<p style=\"font-weight: 400;\"><em>\u201e24 \u00e9v munk\u00e1ja teljesedik ki ebben a m\u0171v\u00e9szeti albumban. 701 alkot\u00e1s reprodukci\u00f3ja, valamint 113 f\u00e9nyk\u00e9p illusztr\u00e1lja az \u00c9gerh\u00e1zi Imre \u00e9letm\u0171v\u00e9t \u00e9s m\u0171v\u00e9szi p\u00e1ly\u00e1j\u00e1t bemutat\u00f3 k\u00f6nyvemet. 24 \u00e9ve dokument\u00e1lom, gy\u0171jt\u00f6m, kutatom \u00e9s dolgozom fel \u00e9desap\u00e1m m\u0171v\u00e9szeti \u00e9s m\u0171v\u00e9szetszervez\u0151i hagyat\u00e9k\u00e1t. A kezdetekt\u0151l fogva ragaszkodtam professzion\u00e1lis fot\u00f3z\u00e1si \u00e9s k\u00e9pfeldolgoz\u00e1si m\u00f3dszerekhez, \u00edgy a lehet\u0151 legjobb min\u0151s\u00e9gben k\u00e9sz\u00fclhetett el ez az \u00f6sszefoglal\u00f3 m\u0171. A csal\u00e1di hagyat\u00e9k, az int\u00e9zm\u00e9nyek anyaga \u00e9s a priv\u00e1t gy\u0171jtem\u00e9nyek seg\u00edts\u00e9g\u00e9vel a bemutatott festm\u00e9nyek \u00e9s grafik\u00e1k technikailag, tartalmilag \u00e9s t\u00f6rt\u00e9netileg is teljes k\u00e9pet adnak \u00c9gerh\u00e1zi Imre m\u0171v\u00e9szet\u00e9r\u0151l. A k\u00f6nyvben felhaszn\u00e1ltam korabeli \u00e9s jelenkori kritik\u00e1kat, m\u00e9ltat\u00e1sokat \u00e9s egy\u00e9b \u00edr\u00e1sokat, kiv\u00e1l\u00f3 szakemberekt\u0151l \u00e9s elismert \u00edr\u00f3kt\u00f3l, hogy hitelesen tudjam bemutatni egyedi fest\u00e9szet\u00e9nek kialakul\u00e1s\u00e1t, nemcsak a v\u00e9geredm\u00e9ny, hanem az alkot\u00f3i folyamat szempontj\u00e1b\u00f3l is. Sok helyen pedig \u00e9desap\u00e1m saj\u00e1t szavaival mes\u00e9l a fontos m\u00e9rf\u00f6ldk\u00f6vekr\u0151l, a lehet\u0151 leghitelesebb k\u00e9pet festve ezzel.<\/em><br \/>\n<em>M\u00e1gikus jelent\u00e9ssel b\u00edr sz\u00e1momra, hogy a k\u00f6nyvet szeptember m\u00e1sodik\u00e1n adjuk nyomd\u00e1ba, napra pontosan \u00c9gerh\u00e1zi Imre sz\u00fclet\u00e9s\u00e9nek sz\u00e1zadik \u00e9vfordul\u00f3j\u00e1n.\u201d<\/em><\/p>\n<p style=\"font-weight: 400;\">19 \u00f3r\u00e1t\u00f3l a MODEM ki\u00e1ll\u00edt\u00e1s z\u00e1r\u00f3esem\u00e9ny\u00e9n nagyszer\u0171en siker\u00fclt \u201e\u00c9gerh\u00e1zi Imr\u00e9re eml\u00e9kez\u00fcnk\u201d p\u00f3diumbesz\u00e9lget\u00e9ssel z\u00e1rult az este. A r\u00e9sztvev\u0151k Vel\u00e9nyi Rudolf fest\u0151m\u0171v\u00e9sz, \u00c9gerh\u00e1zi Imre k\u00f6zeli bar\u00e1tja \u00e9s p\u00e1lyat\u00e1rsa \u00e9s Arany Lajos m\u0171v\u00e9szeti \u00edr\u00f3 voltak. A besz\u00e9lget\u00e9st ez\u00fattal is Feledy Bal\u00e1zs \u00e9s \u00c9gerh\u00e1zi Attila moder\u00e1lta, akik maguk is akt\u00edvan bekapcsol\u00f3dtak az eml\u00e9kez\u00e9sbe.<\/p>\n<p style=\"font-weight: 400;\">A rendezv\u00e9ny v\u00e9g\u00e9n a r\u00e9sztvev\u0151k \u00f6r\u00f6mmel \u00e9s elismer\u00e9ssel vett\u00e9k birtokba \u00e9s lapozgatt\u00e1k a k\u00f6nyvet.<\/p>\n[\/vc_column_text][vc_empty_space][vc_single_image image=&#8221;19586&#8243; img_size=&#8221;full&#8221; alignment=&#8221;center&#8221; style=&#8221;xtd-shadow&#8211;normal-light&#8221; onclick=&#8221;link_image&#8221; css=&#8221;&#8221;][vc_empty_space][vc_single_image image=&#8221;19587&#8243; img_size=&#8221;full&#8221; alignment=&#8221;center&#8221; style=&#8221;xtd-shadow&#8211;normal-light&#8221; onclick=&#8221;link_image&#8221; css=&#8221;&#8221;][vc_empty_space][vc_single_image image=&#8221;19605&#8243; img_size=&#8221;full&#8221; alignment=&#8221;center&#8221; css=&#8221;&#8221;][vc_empty_space][vc_column_text css=&#8221;&#8221;]\n<h4>Megv\u00e1s\u00e1rolhat\u00f3 a Djabe zenekar webshopj\u00e1ban:<\/h4>\n[\/vc_column_text][vc_btn title=&#8221;V\u00c1S\u00c1ROLOK&#8221; color=&#8221;orange&#8221; align=&#8221;center&#8221; i_icon_fontawesome=&#8221;fas fa-hand-point-right&#8221; css=&#8221;&#8221; add_icon=&#8221;true&#8221; link=&#8221;url:https%3A%2F%2Fdjabe.hu%2Fuzlet%2Fegerhazi-imre-a-xx-szazadi-alfoldi-festeszet-mestere%2F|target:_blank&#8221;][\/vc_column][\/vc_row]\n<\/div>","protected":false},"excerpt":{"rendered":"<p>[vc_row][vc_column][vc_column_text css=&#8221;&#8221;] \u00c9gerh\u00e1zi Imre sz\u00fclet\u00e9s\u00e9nek 100. \u00e9vfordul\u00f3ja alkalm\u00e1b\u00f3l november 4-\u00e9n 18:00 \u00f3r\u00e1t\u00f3l k\u00f6nyvbemutat\u00f3val eml\u00e9kezt\u00fcnk a XX. sz\u00e1zadi alf\u00f6ldi fest\u00e9szet egyik legnagyobb mester\u00e9re. [\/vc_column_text][vc_single_image image=&#8221;19613&#8243; img_size=&#8221;full&#8221; alignment=&#8221;center&#8221; style=&#8221;xtd-shadow&#8211;normal-light&#8221; onclick=&#8221;link_image&#8221; css=&#8221;&#8221;][vc_empty_space][vc_row_inner][vc_column_inner][vc_column_text css=&#8221;&#8221;] Az \u00c9gerh\u00e1zi Imre \u00e9letm\u0171v\u00e9t bemutat\u00f3 \u201e\u00c9gerh\u00e1zi Imre \u2013 a XX. sz\u00e1zadi alf\u00f6ldi fest\u00e9szet mestere\u201d c\u00edm\u0171 k\u00f6nyvet el\u0151sz\u00f6r hivatalosan Debrecenben, 2025. november 4-\u00e9n mutatta be a szerz\u0151, \u00c9gerh\u00e1zi Attila. Nem is [&hellip;]<\/p>\n","protected":false},"author":4,"featured_media":19623,"parent":0,"menu_order":0,"comment_status":"closed","ping_status":"closed","template":"","meta":{"footnotes":""},"categories":[14,13,16],"tags":[],"class_list":["post-19604","page","type-page","status-publish","has-post-thumbnail","hentry","category-aktualitasok","category-hirek","category-konyvek"],"yoast_head":"<!-- This site is optimized with the Yoast SEO plugin v27.0 - https:\/\/yoast.com\/product\/yoast-seo-wordpress\/ -->\n<title>\u00c9gerh\u00e1zi Imre k\u00f6nyvbemutat\u00f3 2025. november 4., Debrecen Modem - \u00c9gerh\u00e1zi Imre<\/title>\n<meta name=\"robots\" content=\"index, follow, max-snippet:-1, max-image-preview:large, max-video-preview:-1\" \/>\n<link rel=\"canonical\" href=\"https:\/\/egerhaziimre.hu\/index.php\/egerhazi-imre-konyvbemutato-2025-november-4-debrecen-modem\/\" \/>\n<meta property=\"og:locale\" content=\"hu_HU\" \/>\n<meta property=\"og:type\" content=\"article\" \/>\n<meta property=\"og:title\" content=\"\u00c9gerh\u00e1zi Imre k\u00f6nyvbemutat\u00f3 2025. november 4., Debrecen Modem - \u00c9gerh\u00e1zi Imre\" \/>\n<meta property=\"og:description\" content=\"[vc_row][vc_column][vc_column_text css=&#8221;&#8221;] \u00c9gerh\u00e1zi Imre sz\u00fclet\u00e9s\u00e9nek 100. \u00e9vfordul\u00f3ja alkalm\u00e1b\u00f3l november 4-\u00e9n 18:00 \u00f3r\u00e1t\u00f3l k\u00f6nyvbemutat\u00f3val eml\u00e9kezt\u00fcnk a XX. sz\u00e1zadi alf\u00f6ldi fest\u00e9szet egyik legnagyobb mester\u00e9re. [\/vc_column_text][vc_single_image image=&#8221;19613&#8243; img_size=&#8221;full&#8221; alignment=&#8221;center&#8221; style=&#8221;xtd-shadow&#8211;normal-light&#8221; onclick=&#8221;link_image&#8221; css=&#8221;&#8221;][vc_empty_space][vc_row_inner][vc_column_inner][vc_column_text css=&#8221;&#8221;] Az \u00c9gerh\u00e1zi Imre \u00e9letm\u0171v\u00e9t bemutat\u00f3 \u201e\u00c9gerh\u00e1zi Imre \u2013 a XX. sz\u00e1zadi alf\u00f6ldi fest\u00e9szet mestere\u201d c\u00edm\u0171 k\u00f6nyvet el\u0151sz\u00f6r hivatalosan Debrecenben, 2025. november 4-\u00e9n mutatta be a szerz\u0151, \u00c9gerh\u00e1zi Attila. Nem is [&hellip;]\" \/>\n<meta property=\"og:url\" content=\"https:\/\/egerhaziimre.hu\/index.php\/egerhazi-imre-konyvbemutato-2025-november-4-debrecen-modem\/\" \/>\n<meta property=\"og:site_name\" content=\"\u00c9gerh\u00e1zi Imre\" \/>\n<meta property=\"article:modified_time\" content=\"2026-02-13T10:54:16+00:00\" \/>\n<meta property=\"og:image\" content=\"https:\/\/egerhaziimre.hu\/wp-content\/uploads\/2026\/02\/EI_konyvbemutato_MODEM_251104_012.jpg\" \/>\n\t<meta property=\"og:image:width\" content=\"2150\" \/>\n\t<meta property=\"og:image:height\" content=\"1433\" \/>\n\t<meta property=\"og:image:type\" content=\"image\/jpeg\" \/>\n<meta name=\"twitter:card\" content=\"summary_large_image\" \/>\n<meta name=\"twitter:image\" content=\"https:\/\/egerhaziimre.hu\/wp-content\/uploads\/2026\/02\/EI_konyvbemutato_MODEM_251104_012.jpg\" \/>\n<meta name=\"twitter:label1\" content=\"Becs\u00fclt olvas\u00e1si id\u0151\" \/>\n\t<meta name=\"twitter:data1\" content=\"8 perc\" \/>\n<script type=\"application\/ld+json\" class=\"yoast-schema-graph\">{\"@context\":\"https:\/\/schema.org\",\"@graph\":[{\"@type\":\"WebPage\",\"@id\":\"https:\/\/egerhaziimre.hu\/index.php\/egerhazi-imre-konyvbemutato-2025-november-4-debrecen-modem\/\",\"url\":\"https:\/\/egerhaziimre.hu\/index.php\/egerhazi-imre-konyvbemutato-2025-november-4-debrecen-modem\/\",\"name\":\"\u00c9gerh\u00e1zi Imre k\u00f6nyvbemutat\u00f3 2025. november 4., Debrecen Modem - \u00c9gerh\u00e1zi Imre\",\"isPartOf\":{\"@id\":\"https:\/\/egerhaziimre.hu\/#website\"},\"primaryImageOfPage\":{\"@id\":\"https:\/\/egerhaziimre.hu\/index.php\/egerhazi-imre-konyvbemutato-2025-november-4-debrecen-modem\/#primaryimage\"},\"image\":{\"@id\":\"https:\/\/egerhaziimre.hu\/index.php\/egerhazi-imre-konyvbemutato-2025-november-4-debrecen-modem\/#primaryimage\"},\"thumbnailUrl\":\"https:\/\/egerhaziimre.hu\/wp-content\/uploads\/2026\/02\/EI_konyvbemutato_MODEM_251104_012.jpg\",\"datePublished\":\"2025-11-21T11:11:12+00:00\",\"dateModified\":\"2026-02-13T10:54:16+00:00\",\"breadcrumb\":{\"@id\":\"https:\/\/egerhaziimre.hu\/index.php\/egerhazi-imre-konyvbemutato-2025-november-4-debrecen-modem\/#breadcrumb\"},\"inLanguage\":\"hu\",\"potentialAction\":[{\"@type\":\"ReadAction\",\"target\":[\"https:\/\/egerhaziimre.hu\/index.php\/egerhazi-imre-konyvbemutato-2025-november-4-debrecen-modem\/\"]}]},{\"@type\":\"ImageObject\",\"inLanguage\":\"hu\",\"@id\":\"https:\/\/egerhaziimre.hu\/index.php\/egerhazi-imre-konyvbemutato-2025-november-4-debrecen-modem\/#primaryimage\",\"url\":\"https:\/\/egerhaziimre.hu\/wp-content\/uploads\/2026\/02\/EI_konyvbemutato_MODEM_251104_012.jpg\",\"contentUrl\":\"https:\/\/egerhaziimre.hu\/wp-content\/uploads\/2026\/02\/EI_konyvbemutato_MODEM_251104_012.jpg\",\"width\":2150,\"height\":1433},{\"@type\":\"BreadcrumbList\",\"@id\":\"https:\/\/egerhaziimre.hu\/index.php\/egerhazi-imre-konyvbemutato-2025-november-4-debrecen-modem\/#breadcrumb\",\"itemListElement\":[{\"@type\":\"ListItem\",\"position\":1,\"name\":\"Home\",\"item\":\"https:\/\/egerhaziimre.hu\/\"},{\"@type\":\"ListItem\",\"position\":2,\"name\":\"\u00c9gerh\u00e1zi Imre k\u00f6nyvbemutat\u00f3 2025. november 4., Debrecen Modem\"}]},{\"@type\":\"WebSite\",\"@id\":\"https:\/\/egerhaziimre.hu\/#website\",\"url\":\"https:\/\/egerhaziimre.hu\/\",\"name\":\"\u00c9gerh\u00e1zi Imre\",\"description\":\"\",\"potentialAction\":[{\"@type\":\"SearchAction\",\"target\":{\"@type\":\"EntryPoint\",\"urlTemplate\":\"https:\/\/egerhaziimre.hu\/?s={search_term_string}\"},\"query-input\":{\"@type\":\"PropertyValueSpecification\",\"valueRequired\":true,\"valueName\":\"search_term_string\"}}],\"inLanguage\":\"hu\"}]}<\/script>\n<!-- \/ Yoast SEO plugin. -->","yoast_head_json":{"title":"\u00c9gerh\u00e1zi Imre k\u00f6nyvbemutat\u00f3 2025. november 4., Debrecen Modem - \u00c9gerh\u00e1zi Imre","robots":{"index":"index","follow":"follow","max-snippet":"max-snippet:-1","max-image-preview":"max-image-preview:large","max-video-preview":"max-video-preview:-1"},"canonical":"https:\/\/egerhaziimre.hu\/index.php\/egerhazi-imre-konyvbemutato-2025-november-4-debrecen-modem\/","og_locale":"hu_HU","og_type":"article","og_title":"\u00c9gerh\u00e1zi Imre k\u00f6nyvbemutat\u00f3 2025. november 4., Debrecen Modem - \u00c9gerh\u00e1zi Imre","og_description":"[vc_row][vc_column][vc_column_text css=&#8221;&#8221;] \u00c9gerh\u00e1zi Imre sz\u00fclet\u00e9s\u00e9nek 100. \u00e9vfordul\u00f3ja alkalm\u00e1b\u00f3l november 4-\u00e9n 18:00 \u00f3r\u00e1t\u00f3l k\u00f6nyvbemutat\u00f3val eml\u00e9kezt\u00fcnk a XX. sz\u00e1zadi alf\u00f6ldi fest\u00e9szet egyik legnagyobb mester\u00e9re. [\/vc_column_text][vc_single_image image=&#8221;19613&#8243; img_size=&#8221;full&#8221; alignment=&#8221;center&#8221; style=&#8221;xtd-shadow&#8211;normal-light&#8221; onclick=&#8221;link_image&#8221; css=&#8221;&#8221;][vc_empty_space][vc_row_inner][vc_column_inner][vc_column_text css=&#8221;&#8221;] Az \u00c9gerh\u00e1zi Imre \u00e9letm\u0171v\u00e9t bemutat\u00f3 \u201e\u00c9gerh\u00e1zi Imre \u2013 a XX. sz\u00e1zadi alf\u00f6ldi fest\u00e9szet mestere\u201d c\u00edm\u0171 k\u00f6nyvet el\u0151sz\u00f6r hivatalosan Debrecenben, 2025. november 4-\u00e9n mutatta be a szerz\u0151, \u00c9gerh\u00e1zi Attila. Nem is [&hellip;]","og_url":"https:\/\/egerhaziimre.hu\/index.php\/egerhazi-imre-konyvbemutato-2025-november-4-debrecen-modem\/","og_site_name":"\u00c9gerh\u00e1zi Imre","article_modified_time":"2026-02-13T10:54:16+00:00","og_image":[{"width":2150,"height":1433,"url":"https:\/\/egerhaziimre.hu\/wp-content\/uploads\/2026\/02\/EI_konyvbemutato_MODEM_251104_012.jpg","type":"image\/jpeg"}],"twitter_card":"summary_large_image","twitter_image":"https:\/\/egerhaziimre.hu\/wp-content\/uploads\/2026\/02\/EI_konyvbemutato_MODEM_251104_012.jpg","twitter_misc":{"Becs\u00fclt olvas\u00e1si id\u0151":"8 perc"},"schema":{"@context":"https:\/\/schema.org","@graph":[{"@type":"WebPage","@id":"https:\/\/egerhaziimre.hu\/index.php\/egerhazi-imre-konyvbemutato-2025-november-4-debrecen-modem\/","url":"https:\/\/egerhaziimre.hu\/index.php\/egerhazi-imre-konyvbemutato-2025-november-4-debrecen-modem\/","name":"\u00c9gerh\u00e1zi Imre k\u00f6nyvbemutat\u00f3 2025. november 4., Debrecen Modem - \u00c9gerh\u00e1zi Imre","isPartOf":{"@id":"https:\/\/egerhaziimre.hu\/#website"},"primaryImageOfPage":{"@id":"https:\/\/egerhaziimre.hu\/index.php\/egerhazi-imre-konyvbemutato-2025-november-4-debrecen-modem\/#primaryimage"},"image":{"@id":"https:\/\/egerhaziimre.hu\/index.php\/egerhazi-imre-konyvbemutato-2025-november-4-debrecen-modem\/#primaryimage"},"thumbnailUrl":"https:\/\/egerhaziimre.hu\/wp-content\/uploads\/2026\/02\/EI_konyvbemutato_MODEM_251104_012.jpg","datePublished":"2025-11-21T11:11:12+00:00","dateModified":"2026-02-13T10:54:16+00:00","breadcrumb":{"@id":"https:\/\/egerhaziimre.hu\/index.php\/egerhazi-imre-konyvbemutato-2025-november-4-debrecen-modem\/#breadcrumb"},"inLanguage":"hu","potentialAction":[{"@type":"ReadAction","target":["https:\/\/egerhaziimre.hu\/index.php\/egerhazi-imre-konyvbemutato-2025-november-4-debrecen-modem\/"]}]},{"@type":"ImageObject","inLanguage":"hu","@id":"https:\/\/egerhaziimre.hu\/index.php\/egerhazi-imre-konyvbemutato-2025-november-4-debrecen-modem\/#primaryimage","url":"https:\/\/egerhaziimre.hu\/wp-content\/uploads\/2026\/02\/EI_konyvbemutato_MODEM_251104_012.jpg","contentUrl":"https:\/\/egerhaziimre.hu\/wp-content\/uploads\/2026\/02\/EI_konyvbemutato_MODEM_251104_012.jpg","width":2150,"height":1433},{"@type":"BreadcrumbList","@id":"https:\/\/egerhaziimre.hu\/index.php\/egerhazi-imre-konyvbemutato-2025-november-4-debrecen-modem\/#breadcrumb","itemListElement":[{"@type":"ListItem","position":1,"name":"Home","item":"https:\/\/egerhaziimre.hu\/"},{"@type":"ListItem","position":2,"name":"\u00c9gerh\u00e1zi Imre k\u00f6nyvbemutat\u00f3 2025. november 4., Debrecen Modem"}]},{"@type":"WebSite","@id":"https:\/\/egerhaziimre.hu\/#website","url":"https:\/\/egerhaziimre.hu\/","name":"\u00c9gerh\u00e1zi Imre","description":"","potentialAction":[{"@type":"SearchAction","target":{"@type":"EntryPoint","urlTemplate":"https:\/\/egerhaziimre.hu\/?s={search_term_string}"},"query-input":{"@type":"PropertyValueSpecification","valueRequired":true,"valueName":"search_term_string"}}],"inLanguage":"hu"}]}},"jetpack_sharing_enabled":true,"_links":{"self":[{"href":"https:\/\/egerhaziimre.hu\/index.php\/wp-json\/wp\/v2\/pages\/19604","targetHints":{"allow":["GET"]}}],"collection":[{"href":"https:\/\/egerhaziimre.hu\/index.php\/wp-json\/wp\/v2\/pages"}],"about":[{"href":"https:\/\/egerhaziimre.hu\/index.php\/wp-json\/wp\/v2\/types\/page"}],"author":[{"embeddable":true,"href":"https:\/\/egerhaziimre.hu\/index.php\/wp-json\/wp\/v2\/users\/4"}],"replies":[{"embeddable":true,"href":"https:\/\/egerhaziimre.hu\/index.php\/wp-json\/wp\/v2\/comments?post=19604"}],"version-history":[{"count":9,"href":"https:\/\/egerhaziimre.hu\/index.php\/wp-json\/wp\/v2\/pages\/19604\/revisions"}],"predecessor-version":[{"id":19634,"href":"https:\/\/egerhaziimre.hu\/index.php\/wp-json\/wp\/v2\/pages\/19604\/revisions\/19634"}],"wp:featuredmedia":[{"embeddable":true,"href":"https:\/\/egerhaziimre.hu\/index.php\/wp-json\/wp\/v2\/media\/19623"}],"wp:attachment":[{"href":"https:\/\/egerhaziimre.hu\/index.php\/wp-json\/wp\/v2\/media?parent=19604"}],"wp:term":[{"taxonomy":"category","embeddable":true,"href":"https:\/\/egerhaziimre.hu\/index.php\/wp-json\/wp\/v2\/categories?post=19604"},{"taxonomy":"post_tag","embeddable":true,"href":"https:\/\/egerhaziimre.hu\/index.php\/wp-json\/wp\/v2\/tags?post=19604"}],"curies":[{"name":"wp","href":"https:\/\/api.w.org\/{rel}","templated":true}]}}