{"id":19643,"date":"2026-02-17T16:59:14","date_gmt":"2026-02-17T15:59:14","guid":{"rendered":"https:\/\/egerhaziimre.hu\/?page_id=19643"},"modified":"2026-02-18T10:13:05","modified_gmt":"2026-02-18T09:13:05","slug":"beszamolo-az-elso-egerhazi-imre-nap-rol","status":"publish","type":"page","link":"https:\/\/egerhaziimre.hu\/index.php\/beszamolo-az-elso-egerhazi-imre-nap-rol\/","title":{"rendered":"Besz\u00e1mol\u00f3 az els\u0151 \u00c9gerh\u00e1zi Imre Nap-r\u00f3l"},"content":{"rendered":"<div class=\"wpb-content-wrapper\">[vc_row][vc_column][vc_column_text css=&#8221;&#8221;]\n<h4><b><span lang=\"HU\">Imre-nap, ahogy egy \u00c9gerh\u00e1zi elk\u00e9pzelte<\/span><\/b><\/h4>\n[\/vc_column_text][vc_empty_space][vc_row_inner][vc_column_inner][vc_column_text css=&#8221;&#8221;]2025-ben meg\u00fajult az egy\u00fcttm\u0171k\u00f6d\u00e9s \u00c9gerh\u00e1zi Imre fest\u0151m\u0171v\u00e9sz lesz\u00e1rmazottai \u00e9s Hajd\u00fahadh\u00e1z v\u00e1ros \u00f6nkorm\u00e1nyzata k\u00f6z\u00f6tt. Cs\u00e1fordi D\u00e9nes polg\u00e1rmester \u00far \u00e9s j\u00f3magam meg\u00e1llapodtunk, hogy a fel\u00faj\u00edtott \u00c9gerh\u00e1zi Imre Eml\u00e9kh\u00e1zba koncepci\u00f3m alapj\u00e1n visszak\u00f6lt\u00f6ztetj\u00fck az \u00e9letm\u0171 ki\u00e1ll\u00edt\u00e1st, valamint m\u00e1jus folyam\u00e1n a h\u00e1zat megnyitjuk a nagyk\u00f6z\u00f6ns\u00e9ge fel\u00e9. Mindez remek\u00fcl siker\u00fclt, a fel\u00faj\u00edtott \u00e9p\u00fclet \u00e9s a ki\u00e1ll\u00edt\u00e1s m\u00e9lt\u00f3an reprezent\u00e1lja \u00c9gerh\u00e1zi Imre munk\u00e1ss\u00e1g\u00e1t. A ki\u00e1ll\u00edt\u00f3terek berendez\u00e9sekor messzemen\u0151en figyelembe vettem \u00e9desap\u00e1m eredeti koncepci\u00f3j\u00e1t, mely els\u0151sorban az \u00e9letm\u0171 id\u0151rendi bemutat\u00e1s\u00e1ra \u00e9p\u00fclt. Term\u00e9szetesen a m\u0171vek tartalmi \u00e9s eszt\u00e9tikai szempontjait is figyelembe vettem, tov\u00e1bb\u00e1 fot\u00f3k \u00e9s fali dekor\u00e1ci\u00f3k seg\u00edts\u00e9g\u00e9vel mutatjuk \u00c9gerh\u00e1zi Imre munk\u00e1ss\u00e1g\u00e1t.<\/p>\n<p>M\u00e9g az \u00c9gerh\u00e1zi Imre Eml\u00e9kh\u00e1z \u00fajranyit\u00e1s\u00e1nak megbesz\u00e9l\u00e9sekor meg\u00e1llapodtunk polg\u00e1rmester \u00farral, hogy a 100 \u00e9ve sz\u00fcletett eur\u00f3pai h\u00edr\u0171 fest\u0151nek m\u00e9lt\u00f3 eml\u00e9ket \u00e1ll\u00edtunk az \u0151sz folyam\u00e1n, ki\u00e1ll\u00edt\u00e1sokkal \u00e9s megeml\u00e9kez\u00e9sekkel. Az \u00c9gerh\u00e1zi 100 jubileumi \u00e9v keret\u00e9ben, mely Hajd\u00fahadh\u00e1z 2025-\u00f6s kultur\u00e1lis tev\u00e9kenys\u00e9g\u00e9nek \u00f6sszefoglal\u00f3 elnevez\u00e9s\u00e9v\u00e9 v\u00e1lt, november 5-\u00e9n Hajd\u00fahadh\u00e1zon \u00c9gerh\u00e1zi Imre Napot tartottunk. November 5-e egy\u00e9bk\u00e9nt Imre nap, \u00e9s a v\u00e1rosban sokszor felk\u00f6sz\u00f6nt\u00f6tt\u00e9k \u0151t ennek alkalm\u00e1b\u00f3l.<\/p>\n<p>Az \u00c9gerh\u00e1zi Imre Nap keret\u00e9ben eg\u00e9sz napos programsorozattal v\u00e1rtuk az \u00e9rdekl\u0151d\u0151ket. D\u00e9lut\u00e1n 2 \u00f3rakor az \u00c9gerh\u00e1zi Imre Eml\u00e9kh\u00e1zban k\u00e9t ritka alkot\u00e1st adom\u00e1nyoztunk a v\u00e1rosnak. A hatvanas \u00e9vekben k\u00e9sz\u00fclt mettlachi csemp\u00e9b\u0151l \u00f6sszerakott mozaikok k\u00fcl\u00f6nleges \u00e9s nagyon \u00e9rt\u00e9kes darabjai \u00c9gerh\u00e1zi Imre m\u0171v\u00e9szeti hagyat\u00e9k\u00e1nak. A mozaikokat Feledy Bal\u00e1zs m\u0171v\u00e9szeti \u00edr\u00f3 mutatta be a v\u00e1ros jelenl\u00e9v\u0151 vezet\u0151inek \u00e9s az \u00e9rdekl\u0151d\u0151knek. Ezut\u00e1n a meg\u00fajult \u00c9gerh\u00e1zi Imre Eml\u00e9kh\u00e1zban r\u00e9szletes t\u00e1rlatvezet\u00e9st tartott.[\/vc_column_text][\/vc_column_inner][\/vc_row_inner][vc_gallery type=&#8221;image_grid&#8221; images=&#8221;19645,19646,19647,19648,19649,19650,19651,19652,19653,19654,19655,19656,19657,19658,19659&#8243; img_size=&#8221;300x300px&#8221; css=&#8221;&#8221; title=&#8221;\u00c9gerh\u00e1zi Imre Eml\u00e9kh\u00e1z&#8221;][vc_empty_space][vc_column_text css=&#8221;&#8221;]A program 15:30 perckor folytat\u00f3dott a F\u00f6ldi J\u00e1nos K\u00f6nyvt\u00e1rban. Itt az \u201e\u00c9gerh\u00e1zi Imre \u2013 Hortob\u00e1gyt\u00f3l Gyergy\u00f3ig\u201d c\u00edm\u0171 ki\u00e1ll\u00edt\u00e1st nyitotta meg Asztalos P\u00e9ter alpolg\u00e1rmester, a m\u0171veket pedig Feledy Bal\u00e1zs m\u0171v\u00e9szeti \u00edr\u00f3 mutatta be. A t\u00e1rlat anyag\u00e1t igyekeztem olyan festm\u00e9nyekb\u0151l \u00f6ssze\u00e1ll\u00edtani, melyek elt\u00e9r\u0151ek a Hajd\u00fahadh\u00e1zon folyamatosan ki\u00e1ll\u00edtott k\u00e9pekt\u0151l. Ennek a megnyit\u00f3nak a keret\u00e9ben 16 \u00f3r\u00e1t\u00f3l mutattam be az \u201e\u00c9gerh\u00e1zi Imre \u2013 a XX. sz\u00e1zadi alf\u00f6ldi fest\u00e9szet mestere\u201d c\u00edm\u0171 \u00e9letm\u0171 k\u00f6nyvemet. A k\u00f6z\u00f6ns\u00e9g \u00e9rdekl\u0151dve hallgatta a k\u00f6nyv sz\u00fclet\u00e9s\u00e9nek r\u00e9szleteit, a m\u0171helytitkokat, s azokat a sztorikat, melyeket ezek kapcs\u00e1n id\u00e9ztem fel.[\/vc_column_text][vc_gallery type=&#8221;image_grid&#8221; images=&#8221;19660,19661,19662,19663,19664,19665,19666,19667,19668,19669,19670,19671,19672,19673,19674,19675,19676,19677&#8243; img_size=&#8221;300x300px&#8221; css=&#8221;&#8221; title=&#8221;F\u00f6ldi J\u00e1nos K\u00f6nyvt\u00e1r&#8221;][vc_empty_space][vc_column_text css=&#8221;&#8221;]\n<h4>\u00c9gerh\u00e1zi Imre napot tartottak Hajd\u00fahadh\u00e1zon \u2013 A DTV tud\u00f3s\u00edt\u00e1sa<\/h4>\n<div style=\"width: 660px;\" class=\"wp-video\"><video class=\"wp-video-shortcode\" id=\"video-19643-1\" width=\"660\" height=\"372\" preload=\"metadata\" controls=\"controls\"><source type=\"video\/mp4\" src=\"https:\/\/egerhaziimre.hu\/wp-content\/uploads\/2026\/02\/Egerhazi_Imre_napot_tartottak_Hajduhadhazon_Debreceni_hirek.mp4?_=1\" \/><a href=\"https:\/\/egerhaziimre.hu\/wp-content\/uploads\/2026\/02\/Egerhazi_Imre_napot_tartottak_Hajduhadhazon_Debreceni_hirek.mp4\">https:\/\/egerhaziimre.hu\/wp-content\/uploads\/2026\/02\/Egerhazi_Imre_napot_tartottak_Hajduhadhazon_Debreceni_hirek.mp4<\/a><\/video><\/div>\n<p><a href=\"https:\/\/dehir.hu\/videogaleria\/egerhazi-imre-napot-tartottak-hajduhadhazon\/\" target=\"_blank\" rel=\"noopener\">Forr\u00e1s<\/a>[\/vc_column_text][vc_empty_space][vc_column_text css=&#8221;&#8221;]18 \u00f3r\u00e1t\u00f3l a V\u00e1rosh\u00e1za tan\u00e1csterm\u00e9ben folytat\u00f3dott a programsorozat. Az \u00c9gerh\u00e1zi Imre \u00e9letm\u0171-k\u00f6nyv id\u0151vonal\u00e1b\u00f3l kiindulva \u00f6ssze\u00e1ll\u00edtott \u201e\u00c9gerh\u00e1zi Imre \u00e9vtizedei\u201d c\u00edm\u0171 ki\u00e1ll\u00edt\u00e1st Cs\u00e1fordi D\u00e9nes Hajd\u00fahadh\u00e1z v\u00e1ros polg\u00e1rmestere, a b\u00e1ty\u00e1m, \u00c9gerh\u00e1zi P\u00e9ter \u00e9s Feledy Bal\u00e1zs m\u0171v\u00e9szeti \u00edr\u00f3 nyitotta meg. A megnyit\u00f3 ut\u00e1n p\u00f3diumbesz\u00e9lget\u00e9sre ker\u00fclt sor, \u00c9gerh\u00e1zi Imr\u00e9re eml\u00e9kezve. R\u00e9sztvev\u0151k voltak: Vel\u00e9nyi Rudolf fest\u0151m\u0171v\u00e9sz, Arany Lajos m\u0171v\u00e9szeti \u00edr\u00f3, Feledy Bal\u00e1zs m\u0171v\u00e9szeti \u00edr\u00f3. A k\u00f6r\u00fclbel\u00fcl 50 perces visszaeml\u00e9kez\u00e9st \u00e9n moder\u00e1ltam. Este 7 \u00f3r\u00e1t\u00f3l a Djabe zenekarral koncertet adtunk az \u00c9gerh\u00e1zi Imre festm\u00e9nyekre \u00edrt k\u00e9t albumunk, a T\u00e1ncolnak a kazlak \u00e9s a Csodaszarvas anyag\u00e1b\u00f3l.<\/p>\n<p>Az Eml\u00e9knap nagyon j\u00f3l siker\u00fclt, a csal\u00e1d nev\u00e9ben is k\u00f6sz\u00f6netet kell, hogy mondjunk Hajd\u00fahadh\u00e1z p\u00e9ldamutat\u00f3 hozz\u00e1\u00e1ll\u00e1s\u00e1hoz, eur\u00f3pai h\u00edr\u0171 fest\u0151m\u0171v\u00e9sz eml\u00e9k\u00e9nek \u00e1pol\u00e1s\u00e1ban. A helyi \u00e9s a k\u00e9s\u0151bbi visszajelz\u00e9sek alapj\u00e1n a k\u00f6z\u00f6ns\u00e9g nagyon tartalmasnak \u00e9s \u00e9lvezetesnek tal\u00e1lta a programokat \u00e9s nem utols\u00f3sorban a t\u00e1gabb \u00e9rtelemben vett \u00c9gerh\u00e1zi csal\u00e1d \u00e9s a zenekar is j\u00f3l \u00e9rezte mag\u00e1t. Polg\u00e1rmester \u00farral a nap v\u00e9g\u00e9n megfogalmaztuk, hogy az egy\u00fcttm\u0171k\u00f6d\u00e9st szeretn\u00e9nk folytatni. Rem\u00e9nyeink szerint 2026-ban is egy tartalmas \u00c9gerh\u00e1zi Imre-nap keret\u00e9ben tal\u00e1lkozhatunk ism\u00e9t.[\/vc_column_text][vc_gallery type=&#8221;image_grid&#8221; images=&#8221;19683,19644,19681,19684,19679,19680,19678,19685,19682,19686&#8243; img_size=&#8221;300x300px&#8221; css=&#8221;&#8221; title=&#8221;V\u00e1rosh\u00e1za tan\u00e1csterem&#8221;][vc_empty_space][vc_column_text css=&#8221;&#8221;]<em>2026. febru\u00e1r 17.<\/em><\/p>\n<p><em>\u00c9gerh\u00e1zi Attila<\/em>[\/vc_column_text][vc_column_text css=&#8221;&#8221;]\n<h4>Az \u00e9letm\u0171 k\u00f6nyv megv\u00e1s\u00e1rolhat\u00f3 a Djabe zenekar webshopj\u00e1ban:<\/h4>\n[\/vc_column_text][vc_btn title=&#8221;V\u00c1S\u00c1ROLOK&#8221; color=&#8221;orange&#8221; align=&#8221;center&#8221; i_icon_fontawesome=&#8221;fas fa-hand-point-right&#8221; css=&#8221;&#8221; add_icon=&#8221;true&#8221; link=&#8221;url:https%3A%2F%2Fdjabe.hu%2Fuzlet%2Fegerhazi-imre-a-xx-szazadi-alfoldi-festeszet-mestere%2F|target:_blank&#8221;][\/vc_column][\/vc_row]\n<\/div>","protected":false},"excerpt":{"rendered":"<p>[vc_row][vc_column][vc_column_text css=&#8221;&#8221;] Imre-nap, ahogy egy \u00c9gerh\u00e1zi elk\u00e9pzelte [\/vc_column_text][vc_empty_space][vc_row_inner][vc_column_inner][vc_column_text css=&#8221;&#8221;]2025-ben meg\u00fajult az egy\u00fcttm\u0171k\u00f6d\u00e9s \u00c9gerh\u00e1zi Imre fest\u0151m\u0171v\u00e9sz lesz\u00e1rmazottai \u00e9s Hajd\u00fahadh\u00e1z v\u00e1ros \u00f6nkorm\u00e1nyzata k\u00f6z\u00f6tt. Cs\u00e1fordi D\u00e9nes polg\u00e1rmester \u00far \u00e9s j\u00f3magam meg\u00e1llapodtunk, hogy a fel\u00faj\u00edtott \u00c9gerh\u00e1zi Imre Eml\u00e9kh\u00e1zba koncepci\u00f3m alapj\u00e1n visszak\u00f6lt\u00f6ztetj\u00fck az \u00e9letm\u0171 ki\u00e1ll\u00edt\u00e1st, valamint m\u00e1jus folyam\u00e1n a h\u00e1zat megnyitjuk a nagyk\u00f6z\u00f6ns\u00e9ge fel\u00e9. Mindez remek\u00fcl siker\u00fclt, a fel\u00faj\u00edtott \u00e9p\u00fclet \u00e9s a ki\u00e1ll\u00edt\u00e1s m\u00e9lt\u00f3an reprezent\u00e1lja [&hellip;]<\/p>\n","protected":false},"author":4,"featured_media":19644,"parent":0,"menu_order":0,"comment_status":"closed","ping_status":"closed","template":"","meta":{"footnotes":""},"categories":[14,8,13,16],"tags":[],"class_list":["post-19643","page","type-page","status-publish","has-post-thumbnail","hentry","category-aktualitasok","category-egyeni_kiallitasok","category-hirek","category-konyvek"],"yoast_head":"<!-- This site is optimized with the Yoast SEO plugin v27.3 - https:\/\/yoast.com\/product\/yoast-seo-wordpress\/ -->\n<title>Besz\u00e1mol\u00f3 az els\u0151 \u00c9gerh\u00e1zi Imre Nap-r\u00f3l - \u00c9gerh\u00e1zi Imre<\/title>\n<meta name=\"robots\" content=\"index, follow, max-snippet:-1, max-image-preview:large, max-video-preview:-1\" \/>\n<link rel=\"canonical\" href=\"https:\/\/egerhaziimre.hu\/index.php\/beszamolo-az-elso-egerhazi-imre-nap-rol\/\" \/>\n<meta property=\"og:locale\" content=\"hu_HU\" \/>\n<meta property=\"og:type\" content=\"article\" \/>\n<meta property=\"og:title\" content=\"Besz\u00e1mol\u00f3 az els\u0151 \u00c9gerh\u00e1zi Imre Nap-r\u00f3l - \u00c9gerh\u00e1zi Imre\" \/>\n<meta property=\"og:description\" content=\"[vc_row][vc_column][vc_column_text css=&#8221;&#8221;] Imre-nap, ahogy egy \u00c9gerh\u00e1zi elk\u00e9pzelte [\/vc_column_text][vc_empty_space][vc_row_inner][vc_column_inner][vc_column_text css=&#8221;&#8221;]2025-ben meg\u00fajult az egy\u00fcttm\u0171k\u00f6d\u00e9s \u00c9gerh\u00e1zi Imre fest\u0151m\u0171v\u00e9sz lesz\u00e1rmazottai \u00e9s Hajd\u00fahadh\u00e1z v\u00e1ros \u00f6nkorm\u00e1nyzata k\u00f6z\u00f6tt. Cs\u00e1fordi D\u00e9nes polg\u00e1rmester \u00far \u00e9s j\u00f3magam meg\u00e1llapodtunk, hogy a fel\u00faj\u00edtott \u00c9gerh\u00e1zi Imre Eml\u00e9kh\u00e1zba koncepci\u00f3m alapj\u00e1n visszak\u00f6lt\u00f6ztetj\u00fck az \u00e9letm\u0171 ki\u00e1ll\u00edt\u00e1st, valamint m\u00e1jus folyam\u00e1n a h\u00e1zat megnyitjuk a nagyk\u00f6z\u00f6ns\u00e9ge fel\u00e9. Mindez remek\u00fcl siker\u00fclt, a fel\u00faj\u00edtott \u00e9p\u00fclet \u00e9s a ki\u00e1ll\u00edt\u00e1s m\u00e9lt\u00f3an reprezent\u00e1lja [&hellip;]\" \/>\n<meta property=\"og:url\" content=\"https:\/\/egerhaziimre.hu\/index.php\/beszamolo-az-elso-egerhazi-imre-nap-rol\/\" \/>\n<meta property=\"og:site_name\" content=\"\u00c9gerh\u00e1zi Imre\" \/>\n<meta property=\"article:modified_time\" content=\"2026-02-18T09:13:05+00:00\" \/>\n<meta property=\"og:image\" content=\"https:\/\/egerhaziimre.hu\/wp-content\/uploads\/2026\/02\/EI_nap_Hajduhadhaz_03_02.jpg\" \/>\n\t<meta property=\"og:image:width\" content=\"2048\" \/>\n\t<meta property=\"og:image:height\" content=\"1365\" \/>\n\t<meta property=\"og:image:type\" content=\"image\/jpeg\" \/>\n<meta name=\"twitter:card\" content=\"summary_large_image\" \/>\n<meta name=\"twitter:image\" content=\"https:\/\/egerhaziimre.hu\/wp-content\/uploads\/2026\/02\/EI_nap_Hajduhadhaz_03_02.jpg\" \/>\n<meta name=\"twitter:label1\" content=\"Becs\u00fclt olvas\u00e1si id\u0151\" \/>\n\t<meta name=\"twitter:data1\" content=\"21 perc\" \/>\n<script type=\"application\/ld+json\" class=\"yoast-schema-graph\">{\"@context\":\"https:\\\/\\\/schema.org\",\"@graph\":[{\"@type\":\"WebPage\",\"@id\":\"https:\\\/\\\/egerhaziimre.hu\\\/index.php\\\/beszamolo-az-elso-egerhazi-imre-nap-rol\\\/\",\"url\":\"https:\\\/\\\/egerhaziimre.hu\\\/index.php\\\/beszamolo-az-elso-egerhazi-imre-nap-rol\\\/\",\"name\":\"Besz\u00e1mol\u00f3 az els\u0151 \u00c9gerh\u00e1zi Imre Nap-r\u00f3l - \u00c9gerh\u00e1zi Imre\",\"isPartOf\":{\"@id\":\"https:\\\/\\\/egerhaziimre.hu\\\/#website\"},\"primaryImageOfPage\":{\"@id\":\"https:\\\/\\\/egerhaziimre.hu\\\/index.php\\\/beszamolo-az-elso-egerhazi-imre-nap-rol\\\/#primaryimage\"},\"image\":{\"@id\":\"https:\\\/\\\/egerhaziimre.hu\\\/index.php\\\/beszamolo-az-elso-egerhazi-imre-nap-rol\\\/#primaryimage\"},\"thumbnailUrl\":\"https:\\\/\\\/egerhaziimre.hu\\\/wp-content\\\/uploads\\\/2026\\\/02\\\/EI_nap_Hajduhadhaz_03_02.jpg\",\"datePublished\":\"2026-02-17T15:59:14+00:00\",\"dateModified\":\"2026-02-18T09:13:05+00:00\",\"breadcrumb\":{\"@id\":\"https:\\\/\\\/egerhaziimre.hu\\\/index.php\\\/beszamolo-az-elso-egerhazi-imre-nap-rol\\\/#breadcrumb\"},\"inLanguage\":\"hu\",\"potentialAction\":[{\"@type\":\"ReadAction\",\"target\":[\"https:\\\/\\\/egerhaziimre.hu\\\/index.php\\\/beszamolo-az-elso-egerhazi-imre-nap-rol\\\/\"]}]},{\"@type\":\"ImageObject\",\"inLanguage\":\"hu\",\"@id\":\"https:\\\/\\\/egerhaziimre.hu\\\/index.php\\\/beszamolo-az-elso-egerhazi-imre-nap-rol\\\/#primaryimage\",\"url\":\"https:\\\/\\\/egerhaziimre.hu\\\/wp-content\\\/uploads\\\/2026\\\/02\\\/EI_nap_Hajduhadhaz_03_02.jpg\",\"contentUrl\":\"https:\\\/\\\/egerhaziimre.hu\\\/wp-content\\\/uploads\\\/2026\\\/02\\\/EI_nap_Hajduhadhaz_03_02.jpg\",\"width\":2048,\"height\":1365},{\"@type\":\"BreadcrumbList\",\"@id\":\"https:\\\/\\\/egerhaziimre.hu\\\/index.php\\\/beszamolo-az-elso-egerhazi-imre-nap-rol\\\/#breadcrumb\",\"itemListElement\":[{\"@type\":\"ListItem\",\"position\":1,\"name\":\"Home\",\"item\":\"https:\\\/\\\/egerhaziimre.hu\\\/\"},{\"@type\":\"ListItem\",\"position\":2,\"name\":\"Besz\u00e1mol\u00f3 az els\u0151 \u00c9gerh\u00e1zi Imre Nap-r\u00f3l\"}]},{\"@type\":\"WebSite\",\"@id\":\"https:\\\/\\\/egerhaziimre.hu\\\/#website\",\"url\":\"https:\\\/\\\/egerhaziimre.hu\\\/\",\"name\":\"\u00c9gerh\u00e1zi Imre\",\"description\":\"\",\"potentialAction\":[{\"@type\":\"SearchAction\",\"target\":{\"@type\":\"EntryPoint\",\"urlTemplate\":\"https:\\\/\\\/egerhaziimre.hu\\\/?s={search_term_string}\"},\"query-input\":{\"@type\":\"PropertyValueSpecification\",\"valueRequired\":true,\"valueName\":\"search_term_string\"}}],\"inLanguage\":\"hu\"}]}<\/script>\n<!-- \/ Yoast SEO plugin. -->","yoast_head_json":{"title":"Besz\u00e1mol\u00f3 az els\u0151 \u00c9gerh\u00e1zi Imre Nap-r\u00f3l - \u00c9gerh\u00e1zi Imre","robots":{"index":"index","follow":"follow","max-snippet":"max-snippet:-1","max-image-preview":"max-image-preview:large","max-video-preview":"max-video-preview:-1"},"canonical":"https:\/\/egerhaziimre.hu\/index.php\/beszamolo-az-elso-egerhazi-imre-nap-rol\/","og_locale":"hu_HU","og_type":"article","og_title":"Besz\u00e1mol\u00f3 az els\u0151 \u00c9gerh\u00e1zi Imre Nap-r\u00f3l - \u00c9gerh\u00e1zi Imre","og_description":"[vc_row][vc_column][vc_column_text css=&#8221;&#8221;] Imre-nap, ahogy egy \u00c9gerh\u00e1zi elk\u00e9pzelte [\/vc_column_text][vc_empty_space][vc_row_inner][vc_column_inner][vc_column_text css=&#8221;&#8221;]2025-ben meg\u00fajult az egy\u00fcttm\u0171k\u00f6d\u00e9s \u00c9gerh\u00e1zi Imre fest\u0151m\u0171v\u00e9sz lesz\u00e1rmazottai \u00e9s Hajd\u00fahadh\u00e1z v\u00e1ros \u00f6nkorm\u00e1nyzata k\u00f6z\u00f6tt. Cs\u00e1fordi D\u00e9nes polg\u00e1rmester \u00far \u00e9s j\u00f3magam meg\u00e1llapodtunk, hogy a fel\u00faj\u00edtott \u00c9gerh\u00e1zi Imre Eml\u00e9kh\u00e1zba koncepci\u00f3m alapj\u00e1n visszak\u00f6lt\u00f6ztetj\u00fck az \u00e9letm\u0171 ki\u00e1ll\u00edt\u00e1st, valamint m\u00e1jus folyam\u00e1n a h\u00e1zat megnyitjuk a nagyk\u00f6z\u00f6ns\u00e9ge fel\u00e9. Mindez remek\u00fcl siker\u00fclt, a fel\u00faj\u00edtott \u00e9p\u00fclet \u00e9s a ki\u00e1ll\u00edt\u00e1s m\u00e9lt\u00f3an reprezent\u00e1lja [&hellip;]","og_url":"https:\/\/egerhaziimre.hu\/index.php\/beszamolo-az-elso-egerhazi-imre-nap-rol\/","og_site_name":"\u00c9gerh\u00e1zi Imre","article_modified_time":"2026-02-18T09:13:05+00:00","og_image":[{"width":2048,"height":1365,"url":"https:\/\/egerhaziimre.hu\/wp-content\/uploads\/2026\/02\/EI_nap_Hajduhadhaz_03_02.jpg","type":"image\/jpeg"}],"twitter_card":"summary_large_image","twitter_image":"https:\/\/egerhaziimre.hu\/wp-content\/uploads\/2026\/02\/EI_nap_Hajduhadhaz_03_02.jpg","twitter_misc":{"Becs\u00fclt olvas\u00e1si id\u0151":"21 perc"},"schema":{"@context":"https:\/\/schema.org","@graph":[{"@type":"WebPage","@id":"https:\/\/egerhaziimre.hu\/index.php\/beszamolo-az-elso-egerhazi-imre-nap-rol\/","url":"https:\/\/egerhaziimre.hu\/index.php\/beszamolo-az-elso-egerhazi-imre-nap-rol\/","name":"Besz\u00e1mol\u00f3 az els\u0151 \u00c9gerh\u00e1zi Imre Nap-r\u00f3l - \u00c9gerh\u00e1zi Imre","isPartOf":{"@id":"https:\/\/egerhaziimre.hu\/#website"},"primaryImageOfPage":{"@id":"https:\/\/egerhaziimre.hu\/index.php\/beszamolo-az-elso-egerhazi-imre-nap-rol\/#primaryimage"},"image":{"@id":"https:\/\/egerhaziimre.hu\/index.php\/beszamolo-az-elso-egerhazi-imre-nap-rol\/#primaryimage"},"thumbnailUrl":"https:\/\/egerhaziimre.hu\/wp-content\/uploads\/2026\/02\/EI_nap_Hajduhadhaz_03_02.jpg","datePublished":"2026-02-17T15:59:14+00:00","dateModified":"2026-02-18T09:13:05+00:00","breadcrumb":{"@id":"https:\/\/egerhaziimre.hu\/index.php\/beszamolo-az-elso-egerhazi-imre-nap-rol\/#breadcrumb"},"inLanguage":"hu","potentialAction":[{"@type":"ReadAction","target":["https:\/\/egerhaziimre.hu\/index.php\/beszamolo-az-elso-egerhazi-imre-nap-rol\/"]}]},{"@type":"ImageObject","inLanguage":"hu","@id":"https:\/\/egerhaziimre.hu\/index.php\/beszamolo-az-elso-egerhazi-imre-nap-rol\/#primaryimage","url":"https:\/\/egerhaziimre.hu\/wp-content\/uploads\/2026\/02\/EI_nap_Hajduhadhaz_03_02.jpg","contentUrl":"https:\/\/egerhaziimre.hu\/wp-content\/uploads\/2026\/02\/EI_nap_Hajduhadhaz_03_02.jpg","width":2048,"height":1365},{"@type":"BreadcrumbList","@id":"https:\/\/egerhaziimre.hu\/index.php\/beszamolo-az-elso-egerhazi-imre-nap-rol\/#breadcrumb","itemListElement":[{"@type":"ListItem","position":1,"name":"Home","item":"https:\/\/egerhaziimre.hu\/"},{"@type":"ListItem","position":2,"name":"Besz\u00e1mol\u00f3 az els\u0151 \u00c9gerh\u00e1zi Imre Nap-r\u00f3l"}]},{"@type":"WebSite","@id":"https:\/\/egerhaziimre.hu\/#website","url":"https:\/\/egerhaziimre.hu\/","name":"\u00c9gerh\u00e1zi Imre","description":"","potentialAction":[{"@type":"SearchAction","target":{"@type":"EntryPoint","urlTemplate":"https:\/\/egerhaziimre.hu\/?s={search_term_string}"},"query-input":{"@type":"PropertyValueSpecification","valueRequired":true,"valueName":"search_term_string"}}],"inLanguage":"hu"}]}},"jetpack_sharing_enabled":true,"_links":{"self":[{"href":"https:\/\/egerhaziimre.hu\/index.php\/wp-json\/wp\/v2\/pages\/19643","targetHints":{"allow":["GET"]}}],"collection":[{"href":"https:\/\/egerhaziimre.hu\/index.php\/wp-json\/wp\/v2\/pages"}],"about":[{"href":"https:\/\/egerhaziimre.hu\/index.php\/wp-json\/wp\/v2\/types\/page"}],"author":[{"embeddable":true,"href":"https:\/\/egerhaziimre.hu\/index.php\/wp-json\/wp\/v2\/users\/4"}],"replies":[{"embeddable":true,"href":"https:\/\/egerhaziimre.hu\/index.php\/wp-json\/wp\/v2\/comments?post=19643"}],"version-history":[{"count":6,"href":"https:\/\/egerhaziimre.hu\/index.php\/wp-json\/wp\/v2\/pages\/19643\/revisions"}],"predecessor-version":[{"id":19693,"href":"https:\/\/egerhaziimre.hu\/index.php\/wp-json\/wp\/v2\/pages\/19643\/revisions\/19693"}],"wp:featuredmedia":[{"embeddable":true,"href":"https:\/\/egerhaziimre.hu\/index.php\/wp-json\/wp\/v2\/media\/19644"}],"wp:attachment":[{"href":"https:\/\/egerhaziimre.hu\/index.php\/wp-json\/wp\/v2\/media?parent=19643"}],"wp:term":[{"taxonomy":"category","embeddable":true,"href":"https:\/\/egerhaziimre.hu\/index.php\/wp-json\/wp\/v2\/categories?post=19643"},{"taxonomy":"post_tag","embeddable":true,"href":"https:\/\/egerhaziimre.hu\/index.php\/wp-json\/wp\/v2\/tags?post=19643"}],"curies":[{"name":"wp","href":"https:\/\/api.w.org\/{rel}","templated":true}]}}