{"id":21,"date":"2019-07-23T13:12:39","date_gmt":"2019-07-23T11:12:39","guid":{"rendered":"http:\/\/egerhaziimre.magex.hu\/?page_id=21"},"modified":"2020-09-22T14:27:47","modified_gmt":"2020-09-22T12:27:47","slug":"muveszi-munkassaga","status":"publish","type":"page","link":"https:\/\/egerhaziimre.hu\/index.php\/eletrajz\/muveszi-munkassaga\/","title":{"rendered":"M\u0171v\u00e9szi munk\u00e1ss\u00e1g"},"content":{"rendered":"<div class=\"wpb-content-wrapper\">[vc_row][vc_column][vc_column_text]<img loading=\"lazy\" decoding=\"async\" class=\"size-medium wp-image-9635 alignleft\" src=\"http:\/\/egerhaziimre.magex.hu\/wp-content\/uploads\/2020\/09\/1661-300x201.jpg\" alt=\"Az Alkot\u00f3h\u00e1z udvar\u00e1n\" width=\"300\" height=\"201\" srcset=\"https:\/\/egerhaziimre.hu\/wp-content\/uploads\/2020\/09\/1661-300x201.jpg 300w, https:\/\/egerhaziimre.hu\/wp-content\/uploads\/2020\/09\/1661.jpg 640w\" sizes=\"auto, (max-width: 300px) 100vw, 300px\" \/><\/p>\n<p><strong>&#8222;\u00dagy \u00e9rzem, akkor dolgozom j\u00f3l, s akkor vagyok igaz, ha k\u00f6vetem a val\u00f3s\u00e1got; ha pikt\u00far\u00e1mban korunk t\u00e1rsadalmi, emberi viszonyai \u00e9rezhet\u0151en t\u00fckr\u00f6z\u0151dnek; ha siker\u00fcl tiszta, \u00e9rzelmileg, tartalmilag hiteles k\u00e9pet rajzolnom.&#8221;<\/strong><br \/>\n<strong><em>\u00c9gerh\u00e1zi Imre<\/em><\/strong>[\/vc_column_text][vc_separator][vc_column_text]\n<p style=\"text-align: left;\"><strong>\u00c9gerh\u00e1zi Imre<\/strong><br \/>\nfest\u0151m\u0171v\u00e9sz<br \/>\n(1925 \u2013 2001)<\/p>\n<figure id=\"attachment_9676\" aria-describedby=\"caption-attachment-9676\" style=\"width: 225px\" class=\"wp-caption alignleft\"><img loading=\"lazy\" decoding=\"async\" class=\"size-medium wp-image-9676\" src=\"http:\/\/egerhaziimre.magex.hu\/wp-content\/uploads\/2020\/09\/Egerhazi_kepiro_Janos_Cimere-225x300.jpg\" alt=\"\" width=\"225\" height=\"300\" srcset=\"https:\/\/egerhaziimre.hu\/wp-content\/uploads\/2020\/09\/Egerhazi_kepiro_Janos_Cimere-225x300.jpg 225w, https:\/\/egerhaziimre.hu\/wp-content\/uploads\/2020\/09\/Egerhazi_kepiro_Janos_Cimere-768x1024.jpg 768w, https:\/\/egerhaziimre.hu\/wp-content\/uploads\/2020\/09\/Egerhazi_kepiro_Janos_Cimere-1152x1536.jpg 1152w, https:\/\/egerhaziimre.hu\/wp-content\/uploads\/2020\/09\/Egerhazi_kepiro_Janos_Cimere-1536x2048.jpg 1536w, https:\/\/egerhaziimre.hu\/wp-content\/uploads\/2020\/09\/Egerhazi_kepiro_Janos_Cimere-scaled.jpg 1920w\" sizes=\"auto, (max-width: 225px) 100vw, 225px\" \/><figcaption id=\"caption-attachment-9676\" class=\"wp-caption-text\">Egerh\u00e1zi K\u00e9p\u00edr\u00f3 J\u00e1nos c\u00edmere<\/figcaption><\/figure>\n<p>\u00d6n\u00e9letrajzi visszaeml\u00e9kez\u00e9s\u00e9ben \u00edrja \u00c9gerh\u00e1zi Imre, hogy felmen\u0151i k\u00f6z\u00f6tt k\u00e9p\u00edr\u00f3k is voltak, akik szolg\u00e1latuk\u00e9rt I. R\u00e1k\u00f3czi Gy\u00f6rgyt\u0151l meger\u0151s\u00edtett nemess\u00e9get kaptak. C\u00edmer\u00fckben a vit\u00e9z bal kez\u00e9ben kardot, jobb kez\u00e9ben ecsetet \u00e9s palett\u00e1t tart. A hadh\u00e1zi kisleg\u00e9ny \u00f6szt\u00f6n\u00f6s \u00e9rdekl\u0151d\u00e9s\u00e9nek, k\u00e9pess\u00e9g\u00e9nek tehets\u00e9g\u00e9t t\u00e1pl\u00e1l\u00f3 gy\u00f6kerei messzire \u00e1gaztak t\u00e9rben \u00e9s id\u0151ben, am\u00edg az aj\u00e1nd\u00e9kba kapott els\u0151 doboz sz\u00ednes kr\u00e9t\u00e1val a tiszta falakra, ker\u00edt\u00e9sekre rajzolt k\u00e9pekt\u0151l maga is eljutott az ecsetig, a palett\u00e1ig.<\/p>\n<p>J\u00f3l megk\u00fcl\u00f6nb\u00f6ztethet\u0151, felismerhet\u0151 fest\u0151i vil\u00e1got, egy\u00e9ni k\u00e9p\u00edr\u00e1st alak\u00edtott ki. Nem mondhatjuk, hogy el\u0151zm\u00e9nyek n\u00e9lk\u00fcli m\u00f3don: k\u00e9peinek szerkeszt\u00e9si rendj\u00e9t a n\u00e9pm\u0171v\u00e9szet, a szecesszi\u00f3 alak\u00edtotta, sz\u00ednkult\u00far\u00e1j\u00e1ra a posztimpresszionizmus hatott, m\u0171v\u00e9szi magatart\u00e1s\u00e1t az alf\u00f6ldi fest\u00e9szet form\u00e1lta, a v\u00e9geredm\u00e9ny azonban m\u00e1r \u00c9gerh\u00e1zi Imre fest\u0151i modor\u00e1t jellemzi. De nemcsak a technikai \u00e9s szerkeszt\u00e9si, kompoz\u00edcion\u00e1lis jellegzetess\u00e9gekben, hanem a bels\u0151 k\u00e9sztet\u00e9s \u00f6szt\u00f6n\u00f6zte t\u00e9mav\u00e1laszt\u00e1sban, az \u0151szinte fogalmaz\u00e1sban is saj\u00e1tosak m\u0171vei. Eredend\u0151en \u00e9s meghat\u00e1roz\u00f3an saj\u00e1t \u00e9let-, t\u00e1j-, k\u00f6z\u00f6ss\u00e9gi-, szem\u00e9lyes \u00e9lm\u00e9nyei form\u00e1lt\u00e1k m\u0171v\u00e9szet\u00e9t. A hat\u00e1rozott m\u0171v\u00e9szi szerkeszt\u00e9s, \u00e9p\u00edtkez\u00e9s, absztrah\u00e1l\u00e1s ellen\u00e9re sem idegenek, elvontak k\u00e9pei, mert a kifejez\u00e9s sz\u00e1nd\u00e9k\u00e1val kiemelt jelens\u00e9gek, t\u00e1jak, emberek, h\u00e1zak, eszk\u00f6z\u00f6k, jelek val\u00f3s\u00e1gos tartalmakat id\u00e9znek. A t\u00f6mbszer\u0171, kont\u00farozott, er\u0151teljes form\u00e1k, alakok \u00e9s a finomabb, bens\u0151s\u00e9gesebb hangulatok egyar\u00e1nt azzal az apr\u00f3, atomikus elemekkel el\u0151adott fel\u00fcletkezel\u00e9ssel \u00e9p\u00fclnek fel, amelyet \u2013 jellegzetess\u00e9 t\u00e9ve k\u00e9peit \u2013 saj\u00e1tos pointillizmussal alkalmazott. A sz\u00edn\u00e9p\u00edtkez\u00e9snek ez a m\u00f3dja n\u00e1la a m\u0171v\u00e9szi mondanival\u00f3t szolg\u00e1lja: a mesesz\u00f6v\u00e9s r\u00e9szletez\u0151 apr\u00f3l\u00e9koss\u00e1ga vezeti a n\u00e9z\u0151t \u00e9s nem somm\u00e1s kijelent\u00e9sek s\u00falya nehezedik r\u00e1. A k\u00e9pmez\u0151 teljes fel\u00fclet\u00e9n harmoniz\u00e1l\u00f3dnak eg\u00e9ssz\u00e9 a r\u00e9szletek.<\/p>\n<p><img loading=\"lazy\" decoding=\"async\" class=\"size-medium wp-image-4323 alignleft\" src=\"http:\/\/egerhaziimre.magex.hu\/wp-content\/uploads\/kepek\/304-300x207.jpg\" alt=\"Gyergy\u00f3i t\u00e1j IV.\" width=\"300\" height=\"207\" srcset=\"https:\/\/egerhaziimre.hu\/wp-content\/uploads\/kepek\/304-300x207.jpg 300w, https:\/\/egerhaziimre.hu\/wp-content\/uploads\/kepek\/304-1024x706.jpg 1024w, https:\/\/egerhaziimre.hu\/wp-content\/uploads\/kepek\/304-768x530.jpg 768w, https:\/\/egerhaziimre.hu\/wp-content\/uploads\/kepek\/304-1536x1059.jpg 1536w, https:\/\/egerhaziimre.hu\/wp-content\/uploads\/kepek\/304.jpg 2000w\" sizes=\"auto, (max-width: 300px) 100vw, 300px\" \/><\/p>\n<p>M\u0171v\u00e9szet\u00e9nek sz\u00ednes palett\u00e1j\u00e1val szolg\u00e1lta \u00e9s kifogyhatatlan energi\u00e1val, munkab\u00edr\u00e1ssal szervezte sz\u00fcl\u0151f\u00f6ldj\u00e9nek bekapcsol\u00e1s\u00e1t a hazai \u00e9s a nemzetk\u00f6zi m\u0171v\u00e9szeti \u00e9letbe. Kezdem\u00e9nyezett \u00e9s k\u00f6zrem\u0171k\u00f6d\u00f6tt a m\u0171v\u00e9sztelepek \u00e9s alkot\u00f3k\u00f6z\u00f6ss\u00e9gek \u00e9letre h\u00edv\u00e1s\u00e1ban \u2013 azt\u00e1n v\u00e9gezte f\u00e1radhatatlanul az ezzel j\u00e1r\u00f3 ezernyi tennival\u00f3t \u2013, m\u0171egy\u00fcttesek l\u00e9trehoz\u00e1s\u00e1nak volt szellemi ir\u00e1ny\u00edt\u00f3ja.<\/p>\n<p>Van egy k\u00e9psorozata, amelyet azut\u00e1n k\u00e9sz\u00edtett, mikor egy infarktus ut\u00e1n a t\u00falvil\u00e1g kapuj\u00e1b\u00f3l visszat\u00e9rt. Sokan mondt\u00e1k m\u00e1r el szavakkal, akik hasonl\u00f3t \u00e1t\u00e9ltek, de az \u00e1ltala festett k\u00e9pek, mert egy fest\u0151 l\u00e1tom\u00e1sai, a hiteless\u00e9g erej\u00e9vel hatnak. Jelk\u00e9pesek sz\u00e1momra ezek a t\u00falvil\u00e1gi \u00fczenetek: ahogy szerette volna fest\u0151 lett, siker\u00fclt neki, nemess\u00e9ge meger\u0151s\u00edttetett, \u00e9s ahol most van \u2013 \u00fagy gondolom \u2013 ott sem sz\u0171nhetett meg annak maradni.<\/p>\n<p>Budapest, 2002. okt\u00f3ber 22.<br \/>\n<em>Prokai G\u00e1bor, m\u0171v\u00e9szett\u00f6rt\u00e9n\u00e9sz<br \/>\n<\/em><\/p>\n<p>Sz\u00fcl\u0151v\u00e1ros\u00e1val, Hajd\u00fahadh\u00e1zzal, mindig szoros kapcsolatot \u00e1polt, 1985-ben \u00e9letm\u0171v\u00e9nek jelent\u0151s r\u00e9sz\u00e9t adom\u00e1nyozta a telep\u00fcl\u00e9snek, \u00e9s ezt a gy\u0171jtem\u00e9nyt \u00e9lete v\u00e9g\u00e9ig gyarap\u00edtotta. Hajd\u00fahadh\u00e1z alkot\u00f3h\u00e1zat biztos\u00edtott \u00c9gerh\u00e1zi Imr\u00e9nek, amely nem csak m\u0171terem volt, hanem a r\u00e9gi\u00f3 m\u0171v\u00e9szeinek tal\u00e1lkoz\u00f3hely\u00e9v\u00e9 v\u00e1lt. Hal\u00e1la ut\u00e1n az alkot\u00f3h\u00e1z eml\u00e9kh\u00e1zk\u00e9nt m\u0171k\u00f6d\u00f6tt tov\u00e1bb, ahol \u00e9letm\u0171v\u00e9nek jelenleg is t\u00f6bb mint sz\u00e1z kiemelked\u0151 fontoss\u00e1g\u00fa alkot\u00e1sa tekinthet\u0151 meg.<br \/>\n\u00c9gerh\u00e1zi Imre a hajd\u00fahadh\u00e1zi F\u00f6ldi J\u00e1nos K\u00e9t Tan\u00edt\u00e1si Nyelv\u0171 \u00c1ltal\u00e1nos Iskola \u00e9s Alapfok\u00fa M\u0171v\u00e9szeti Iskol\u00e1ban a vil\u00e1gon egyed\u00fcl\u00e1ll\u00f3 pann\u00f3 ki\u00e1ll\u00edt\u00e1st hozott l\u00e9tre. Nemcsak \u0151 festett egykori iskol\u00e1j\u00e1ban k\u00e9t kiemelked\u0151 jelent\u0151s\u00e9g\u0171 pann\u00f3t, hanem megk\u00e9rte erre eur\u00f3pai \u00e9s amerikai m\u0171v\u00e9szbar\u00e1tait is. Meg\u00e1lmod\u00f3ja \u00e9s l\u00e9trehoz\u00f3ja volt a Hajd\u00fahadh\u00e1zi Gal\u00e9ri\u00e1nak is. Sokat tett a v\u00e1ros\u00e9rt m\u0171v\u00e9szk\u00e9nt \u00e9s m\u0171v\u00e9szeti szervez\u0151k\u00e9nt, valamint a fiatalok elk\u00f6telezett t\u00e1mogat\u00f3jak\u00e9nt egyar\u00e1nt. Mindezt elismerve Hajd\u00fahadh\u00e1z 1992-ben d\u00edszpolg\u00e1ri c\u00edmet adom\u00e1nyozott a fest\u0151m\u0171v\u00e9sznek.<\/p>\n<p>K\u00e9pei megtal\u00e1lhat\u00f3k a Magyar Nemzeti Gal\u00e9ri\u00e1ban, teljes \u00e9letm\u0171v\u00e9t reprezent\u00e1lva a hajd\u00fahadh\u00e1zi \u00c9gerh\u00e1zi Imre Eml\u00e9kh\u00e1zban, \u00e9s a debreceni D\u00e9ri M\u00fazeumban, valamint hazai \u00e9s nemzetk\u00f6zi m\u00fazeumokban, k\u00f6zint\u00e9zm\u00e9nyekben \u00e9s gy\u0171jt\u0151kn\u00e9l.[\/vc_column_text][vc_separator][vc_column_text]\n<p class=\"title style-scope ytd-video-primary-info-renderer\"><strong>\u00c9gerh\u00e1zi Imre \u2013 Vervins-i pann\u00f3, 1998<\/strong><\/p>\n[\/vc_column_text][vc_video link=&#8221;https:\/\/youtu.be\/5leqRFwIzYA&#8221; el_width=&#8221;80&#8243; align=&#8221;center&#8221;][vc_separator][vc_column_text]\n<p class=\"title style-scope ytd-video-primary-info-renderer\"><strong>\u00c9gerh\u00e1zi Imre fest\u0151m\u0171v\u00e9sz olajfest\u00e9si technik\u00e1j\u00e1r\u00f3l besz\u00e9l<\/strong><\/p>\n[\/vc_column_text][vc_video link=&#8221;https:\/\/youtu.be\/pDzUvwa8ohw&#8221; el_width=&#8221;80&#8243; align=&#8221;center&#8221;][vc_separator][vc_column_text]\n<p class=\"title style-scope ytd-video-primary-info-renderer\"><strong>\u00c9gerh\u00e1zi Imre fest\u0151m\u0171v\u00e9sz monot\u00edpia fest\u00e9si technik\u00e1j\u00e1r\u00f3l mes\u00e9l<\/strong><\/p>\n[\/vc_column_text][vc_video link=&#8221;https:\/\/youtu.be\/8bCRLYiUkDQ&#8221; el_width=&#8221;80&#8243; align=&#8221;center&#8221;][\/vc_column][\/vc_row]\n<\/div>","protected":false},"excerpt":{"rendered":"<p>[vc_row][vc_column][vc_column_text] &#8222;\u00dagy \u00e9rzem, akkor dolgozom j\u00f3l, s akkor vagyok igaz, ha k\u00f6vetem a val\u00f3s\u00e1got; ha pikt\u00far\u00e1mban korunk t\u00e1rsadalmi, emberi viszonyai \u00e9rezhet\u0151en t\u00fckr\u00f6z\u0151dnek; ha siker\u00fcl tiszta, \u00e9rzelmileg, tartalmilag hiteles k\u00e9pet rajzolnom.&#8221; \u00c9gerh\u00e1zi Imre[\/vc_column_text][vc_separator][vc_column_text] \u00c9gerh\u00e1zi Imre fest\u0151m\u0171v\u00e9sz (1925 \u2013 2001) \u00d6n\u00e9letrajzi visszaeml\u00e9kez\u00e9s\u00e9ben \u00edrja \u00c9gerh\u00e1zi Imre, hogy felmen\u0151i k\u00f6z\u00f6tt k\u00e9p\u00edr\u00f3k is voltak, akik szolg\u00e1latuk\u00e9rt I. R\u00e1k\u00f3czi Gy\u00f6rgyt\u0151l meger\u0151s\u00edtett nemess\u00e9get kaptak. C\u00edmer\u00fckben a vit\u00e9z [&hellip;]<\/p>\n","protected":false},"author":4,"featured_media":0,"parent":10,"menu_order":2,"comment_status":"closed","ping_status":"closed","template":"","meta":{"footnotes":""},"categories":[11],"tags":[],"class_list":["post-21","page","type-page","status-publish","hentry","category-eletrajz"],"yoast_head":"<!-- This site is optimized with the Yoast SEO plugin v27.3 - https:\/\/yoast.com\/product\/yoast-seo-wordpress\/ -->\n<title>M\u0171v\u00e9szi munk\u00e1ss\u00e1g - \u00c9gerh\u00e1zi Imre<\/title>\n<meta name=\"robots\" content=\"index, follow, max-snippet:-1, max-image-preview:large, max-video-preview:-1\" \/>\n<link rel=\"canonical\" href=\"https:\/\/egerhaziimre.hu\/index.php\/eletrajz\/muveszi-munkassaga\/\" \/>\n<meta property=\"og:locale\" content=\"hu_HU\" \/>\n<meta property=\"og:type\" content=\"article\" \/>\n<meta property=\"og:title\" content=\"M\u0171v\u00e9szi munk\u00e1ss\u00e1g - \u00c9gerh\u00e1zi Imre\" \/>\n<meta property=\"og:description\" content=\"[vc_row][vc_column][vc_column_text] &#8222;\u00dagy \u00e9rzem, akkor dolgozom j\u00f3l, s akkor vagyok igaz, ha k\u00f6vetem a val\u00f3s\u00e1got; ha pikt\u00far\u00e1mban korunk t\u00e1rsadalmi, emberi viszonyai \u00e9rezhet\u0151en t\u00fckr\u00f6z\u0151dnek; ha siker\u00fcl tiszta, \u00e9rzelmileg, tartalmilag hiteles k\u00e9pet rajzolnom.&#8221; \u00c9gerh\u00e1zi Imre[\/vc_column_text][vc_separator][vc_column_text] \u00c9gerh\u00e1zi Imre fest\u0151m\u0171v\u00e9sz (1925 \u2013 2001) \u00d6n\u00e9letrajzi visszaeml\u00e9kez\u00e9s\u00e9ben \u00edrja \u00c9gerh\u00e1zi Imre, hogy felmen\u0151i k\u00f6z\u00f6tt k\u00e9p\u00edr\u00f3k is voltak, akik szolg\u00e1latuk\u00e9rt I. R\u00e1k\u00f3czi Gy\u00f6rgyt\u0151l meger\u0151s\u00edtett nemess\u00e9get kaptak. C\u00edmer\u00fckben a vit\u00e9z [&hellip;]\" \/>\n<meta property=\"og:url\" content=\"https:\/\/egerhaziimre.hu\/index.php\/eletrajz\/muveszi-munkassaga\/\" \/>\n<meta property=\"og:site_name\" content=\"\u00c9gerh\u00e1zi Imre\" \/>\n<meta property=\"article:modified_time\" content=\"2020-09-22T12:27:47+00:00\" \/>\n<meta property=\"og:image\" content=\"http:\/\/egerhaziimre.magex.hu\/wp-content\/uploads\/2020\/09\/1661-300x201.jpg\" \/>\n<meta name=\"twitter:card\" content=\"summary_large_image\" \/>\n<meta name=\"twitter:label1\" content=\"Becs\u00fclt olvas\u00e1si id\u0151\" \/>\n\t<meta name=\"twitter:data1\" content=\"10 perc\" \/>\n<script type=\"application\/ld+json\" class=\"yoast-schema-graph\">{\"@context\":\"https:\\\/\\\/schema.org\",\"@graph\":[{\"@type\":\"WebPage\",\"@id\":\"https:\\\/\\\/egerhaziimre.hu\\\/index.php\\\/eletrajz\\\/muveszi-munkassaga\\\/\",\"url\":\"https:\\\/\\\/egerhaziimre.hu\\\/index.php\\\/eletrajz\\\/muveszi-munkassaga\\\/\",\"name\":\"M\u0171v\u00e9szi munk\u00e1ss\u00e1g - \u00c9gerh\u00e1zi Imre\",\"isPartOf\":{\"@id\":\"https:\\\/\\\/egerhaziimre.hu\\\/#website\"},\"primaryImageOfPage\":{\"@id\":\"https:\\\/\\\/egerhaziimre.hu\\\/index.php\\\/eletrajz\\\/muveszi-munkassaga\\\/#primaryimage\"},\"image\":{\"@id\":\"https:\\\/\\\/egerhaziimre.hu\\\/index.php\\\/eletrajz\\\/muveszi-munkassaga\\\/#primaryimage\"},\"thumbnailUrl\":\"http:\\\/\\\/egerhaziimre.magex.hu\\\/wp-content\\\/uploads\\\/2020\\\/09\\\/1661-300x201.jpg\",\"datePublished\":\"2019-07-23T11:12:39+00:00\",\"dateModified\":\"2020-09-22T12:27:47+00:00\",\"breadcrumb\":{\"@id\":\"https:\\\/\\\/egerhaziimre.hu\\\/index.php\\\/eletrajz\\\/muveszi-munkassaga\\\/#breadcrumb\"},\"inLanguage\":\"hu\",\"potentialAction\":[{\"@type\":\"ReadAction\",\"target\":[\"https:\\\/\\\/egerhaziimre.hu\\\/index.php\\\/eletrajz\\\/muveszi-munkassaga\\\/\"]}]},{\"@type\":\"ImageObject\",\"inLanguage\":\"hu\",\"@id\":\"https:\\\/\\\/egerhaziimre.hu\\\/index.php\\\/eletrajz\\\/muveszi-munkassaga\\\/#primaryimage\",\"url\":\"http:\\\/\\\/egerhaziimre.magex.hu\\\/wp-content\\\/uploads\\\/2020\\\/09\\\/1661-300x201.jpg\",\"contentUrl\":\"http:\\\/\\\/egerhaziimre.magex.hu\\\/wp-content\\\/uploads\\\/2020\\\/09\\\/1661-300x201.jpg\"},{\"@type\":\"BreadcrumbList\",\"@id\":\"https:\\\/\\\/egerhaziimre.hu\\\/index.php\\\/eletrajz\\\/muveszi-munkassaga\\\/#breadcrumb\",\"itemListElement\":[{\"@type\":\"ListItem\",\"position\":1,\"name\":\"Home\",\"item\":\"https:\\\/\\\/egerhaziimre.hu\\\/\"},{\"@type\":\"ListItem\",\"position\":2,\"name\":\"\u00c9letrajz\",\"item\":\"https:\\\/\\\/egerhaziimre.hu\\\/index.php\\\/eletrajz\\\/\"},{\"@type\":\"ListItem\",\"position\":3,\"name\":\"M\u0171v\u00e9szi munk\u00e1ss\u00e1g\"}]},{\"@type\":\"WebSite\",\"@id\":\"https:\\\/\\\/egerhaziimre.hu\\\/#website\",\"url\":\"https:\\\/\\\/egerhaziimre.hu\\\/\",\"name\":\"\u00c9gerh\u00e1zi Imre\",\"description\":\"\",\"potentialAction\":[{\"@type\":\"SearchAction\",\"target\":{\"@type\":\"EntryPoint\",\"urlTemplate\":\"https:\\\/\\\/egerhaziimre.hu\\\/?s={search_term_string}\"},\"query-input\":{\"@type\":\"PropertyValueSpecification\",\"valueRequired\":true,\"valueName\":\"search_term_string\"}}],\"inLanguage\":\"hu\"}]}<\/script>\n<!-- \/ Yoast SEO plugin. -->","yoast_head_json":{"title":"M\u0171v\u00e9szi munk\u00e1ss\u00e1g - \u00c9gerh\u00e1zi Imre","robots":{"index":"index","follow":"follow","max-snippet":"max-snippet:-1","max-image-preview":"max-image-preview:large","max-video-preview":"max-video-preview:-1"},"canonical":"https:\/\/egerhaziimre.hu\/index.php\/eletrajz\/muveszi-munkassaga\/","og_locale":"hu_HU","og_type":"article","og_title":"M\u0171v\u00e9szi munk\u00e1ss\u00e1g - \u00c9gerh\u00e1zi Imre","og_description":"[vc_row][vc_column][vc_column_text] &#8222;\u00dagy \u00e9rzem, akkor dolgozom j\u00f3l, s akkor vagyok igaz, ha k\u00f6vetem a val\u00f3s\u00e1got; ha pikt\u00far\u00e1mban korunk t\u00e1rsadalmi, emberi viszonyai \u00e9rezhet\u0151en t\u00fckr\u00f6z\u0151dnek; ha siker\u00fcl tiszta, \u00e9rzelmileg, tartalmilag hiteles k\u00e9pet rajzolnom.&#8221; \u00c9gerh\u00e1zi Imre[\/vc_column_text][vc_separator][vc_column_text] \u00c9gerh\u00e1zi Imre fest\u0151m\u0171v\u00e9sz (1925 \u2013 2001) \u00d6n\u00e9letrajzi visszaeml\u00e9kez\u00e9s\u00e9ben \u00edrja \u00c9gerh\u00e1zi Imre, hogy felmen\u0151i k\u00f6z\u00f6tt k\u00e9p\u00edr\u00f3k is voltak, akik szolg\u00e1latuk\u00e9rt I. R\u00e1k\u00f3czi Gy\u00f6rgyt\u0151l meger\u0151s\u00edtett nemess\u00e9get kaptak. C\u00edmer\u00fckben a vit\u00e9z [&hellip;]","og_url":"https:\/\/egerhaziimre.hu\/index.php\/eletrajz\/muveszi-munkassaga\/","og_site_name":"\u00c9gerh\u00e1zi Imre","article_modified_time":"2020-09-22T12:27:47+00:00","og_image":[{"url":"http:\/\/egerhaziimre.magex.hu\/wp-content\/uploads\/2020\/09\/1661-300x201.jpg","type":"","width":"","height":""}],"twitter_card":"summary_large_image","twitter_misc":{"Becs\u00fclt olvas\u00e1si id\u0151":"10 perc"},"schema":{"@context":"https:\/\/schema.org","@graph":[{"@type":"WebPage","@id":"https:\/\/egerhaziimre.hu\/index.php\/eletrajz\/muveszi-munkassaga\/","url":"https:\/\/egerhaziimre.hu\/index.php\/eletrajz\/muveszi-munkassaga\/","name":"M\u0171v\u00e9szi munk\u00e1ss\u00e1g - \u00c9gerh\u00e1zi Imre","isPartOf":{"@id":"https:\/\/egerhaziimre.hu\/#website"},"primaryImageOfPage":{"@id":"https:\/\/egerhaziimre.hu\/index.php\/eletrajz\/muveszi-munkassaga\/#primaryimage"},"image":{"@id":"https:\/\/egerhaziimre.hu\/index.php\/eletrajz\/muveszi-munkassaga\/#primaryimage"},"thumbnailUrl":"http:\/\/egerhaziimre.magex.hu\/wp-content\/uploads\/2020\/09\/1661-300x201.jpg","datePublished":"2019-07-23T11:12:39+00:00","dateModified":"2020-09-22T12:27:47+00:00","breadcrumb":{"@id":"https:\/\/egerhaziimre.hu\/index.php\/eletrajz\/muveszi-munkassaga\/#breadcrumb"},"inLanguage":"hu","potentialAction":[{"@type":"ReadAction","target":["https:\/\/egerhaziimre.hu\/index.php\/eletrajz\/muveszi-munkassaga\/"]}]},{"@type":"ImageObject","inLanguage":"hu","@id":"https:\/\/egerhaziimre.hu\/index.php\/eletrajz\/muveszi-munkassaga\/#primaryimage","url":"http:\/\/egerhaziimre.magex.hu\/wp-content\/uploads\/2020\/09\/1661-300x201.jpg","contentUrl":"http:\/\/egerhaziimre.magex.hu\/wp-content\/uploads\/2020\/09\/1661-300x201.jpg"},{"@type":"BreadcrumbList","@id":"https:\/\/egerhaziimre.hu\/index.php\/eletrajz\/muveszi-munkassaga\/#breadcrumb","itemListElement":[{"@type":"ListItem","position":1,"name":"Home","item":"https:\/\/egerhaziimre.hu\/"},{"@type":"ListItem","position":2,"name":"\u00c9letrajz","item":"https:\/\/egerhaziimre.hu\/index.php\/eletrajz\/"},{"@type":"ListItem","position":3,"name":"M\u0171v\u00e9szi munk\u00e1ss\u00e1g"}]},{"@type":"WebSite","@id":"https:\/\/egerhaziimre.hu\/#website","url":"https:\/\/egerhaziimre.hu\/","name":"\u00c9gerh\u00e1zi Imre","description":"","potentialAction":[{"@type":"SearchAction","target":{"@type":"EntryPoint","urlTemplate":"https:\/\/egerhaziimre.hu\/?s={search_term_string}"},"query-input":{"@type":"PropertyValueSpecification","valueRequired":true,"valueName":"search_term_string"}}],"inLanguage":"hu"}]}},"jetpack_sharing_enabled":true,"_links":{"self":[{"href":"https:\/\/egerhaziimre.hu\/index.php\/wp-json\/wp\/v2\/pages\/21","targetHints":{"allow":["GET"]}}],"collection":[{"href":"https:\/\/egerhaziimre.hu\/index.php\/wp-json\/wp\/v2\/pages"}],"about":[{"href":"https:\/\/egerhaziimre.hu\/index.php\/wp-json\/wp\/v2\/types\/page"}],"author":[{"embeddable":true,"href":"https:\/\/egerhaziimre.hu\/index.php\/wp-json\/wp\/v2\/users\/4"}],"replies":[{"embeddable":true,"href":"https:\/\/egerhaziimre.hu\/index.php\/wp-json\/wp\/v2\/comments?post=21"}],"version-history":[{"count":43,"href":"https:\/\/egerhaziimre.hu\/index.php\/wp-json\/wp\/v2\/pages\/21\/revisions"}],"predecessor-version":[{"id":9913,"href":"https:\/\/egerhaziimre.hu\/index.php\/wp-json\/wp\/v2\/pages\/21\/revisions\/9913"}],"up":[{"embeddable":true,"href":"https:\/\/egerhaziimre.hu\/index.php\/wp-json\/wp\/v2\/pages\/10"}],"wp:attachment":[{"href":"https:\/\/egerhaziimre.hu\/index.php\/wp-json\/wp\/v2\/media?parent=21"}],"wp:term":[{"taxonomy":"category","embeddable":true,"href":"https:\/\/egerhaziimre.hu\/index.php\/wp-json\/wp\/v2\/categories?post=21"},{"taxonomy":"post_tag","embeddable":true,"href":"https:\/\/egerhaziimre.hu\/index.php\/wp-json\/wp\/v2\/tags?post=21"}],"curies":[{"name":"wp","href":"https:\/\/api.w.org\/{rel}","templated":true}]}}