{"id":24,"date":"2019-07-23T13:18:25","date_gmt":"2019-07-23T13:18:25","guid":{"rendered":"http:\/\/egerhaziimre.magex.hu\/?page_id=24"},"modified":"2020-09-28T14:57:38","modified_gmt":"2020-09-28T12:57:38","slug":"muveszeti-szervezo-tevekenyseg","status":"publish","type":"page","link":"https:\/\/egerhaziimre.hu\/index.php\/eletrajz\/muveszeti-szervezo-tevekenyseg\/","title":{"rendered":"M\u0171v\u00e9szeti szervez\u0151 tev\u00e9kenys\u00e9g"},"content":{"rendered":"<div class=\"wpb-content-wrapper\">[vc_row][vc_column][vc_column_text]\n<figure id=\"attachment_9658\" aria-describedby=\"caption-attachment-9658\" style=\"width: 300px\" class=\"wp-caption alignright\"><img loading=\"lazy\" decoding=\"async\" class=\"wp-image-9658 size-medium\" src=\"http:\/\/egerhaziimre.magex.hu\/wp-content\/uploads\/2020\/09\/279-300x218.jpg\" alt=\"\" width=\"300\" height=\"218\" srcset=\"https:\/\/egerhaziimre.hu\/wp-content\/uploads\/2020\/09\/279-300x218.jpg 300w, https:\/\/egerhaziimre.hu\/wp-content\/uploads\/2020\/09\/279.jpg 640w\" sizes=\"auto, (max-width: 300px) 100vw, 300px\" \/><figcaption id=\"caption-attachment-9658\" class=\"wp-caption-text\">Hortob\u00e1gy, 1982<\/figcaption><\/figure>\n<p>M\u0171v\u00e9szet\u00e9nek sz\u00ednes palett\u00e1j\u00e1val szolg\u00e1lta \u00e9s kifogyhatatlan energi\u00e1val, munkab\u00edr\u00e1ssal szervezte sz\u00fcl\u0151f\u00f6ldj\u00e9nek bekapcsol\u00e1s\u00e1t a hazai \u00e9s a nemzetk\u00f6zi m\u0171v\u00e9szeti \u00e9letbe. Kezdem\u00e9nyezett \u00e9s k\u00f6zrem\u0171k\u00f6d\u00f6tt a m\u0171v\u00e9sztelepek \u00e9s alkot\u00f3k\u00f6z\u00f6ss\u00e9gek \u00e9letre h\u00edv\u00e1s\u00e1ban \u2013 azt\u00e1n v\u00e9gezte f\u00e1radhatatlanul az ezzel j\u00e1r\u00f3 ezernyi tennival\u00f3t \u2013 m\u0171egy\u00fcttesek l\u00e9trehoz\u00e1s\u00e1nak volt szellemi ir\u00e1ny\u00edt\u00f3ja.<\/p>\n<p>1964-ben alap\u00edt\u00f3 tagja volt a Hajd\u00fab\u00f6sz\u00f6rm\u00e9nyi Nemzetk\u00f6zi M\u0171v\u00e9sztelepnek, ahol harminc \u00e9ven kereszt\u00fcl dolgozott. A hetvenes \u00e9vek elej\u00e9t\u0151l h\u00fasz \u00e9vig vett r\u00e9szt az \u00dczemi T\u00e1rlatok ki\u00e1ll\u00edt\u00e1s sorozaton, melyet az utols\u00f3 t\u00edz \u00e9vben m\u00e1r \u0151 vezetett. 1982-t\u0151l \u00fajraszervezte, \u00e9s hal\u00e1l\u00e1ig vezette a Hortob\u00e1gyi Alkot\u00f3t\u00e1bort. A hat\u00e1ron t\u00fali magyar m\u0171v\u00e9szek legkiemelked\u0151bb magyarorsz\u00e1gi patr\u00f3nusak\u00e9nt tartj\u00e1k sz\u00e1mon a 60-as \u00e9vek v\u00e9g\u00e9t\u0151l 2001-ig. Mindk\u00e9t m\u0171v\u00e9sztelepre, a rendszerv\u00e1lt\u00e1s el\u0151tt sokszor nem kis rizik\u00f3t v\u00e1llalva az akkori hatalmi berendezked\u00e9ssel szemben, szem\u00e9lyesen h\u00edvta meg a magyar m\u0171v\u00e9szeket a k\u00f6rnyez\u0151 orsz\u00e1gokb\u00f3l. Nyugodt alkot\u00f3i k\u00f6r\u00fclm\u00e9nyekkel, ki\u00e1ll\u00edt\u00e1si lehet\u0151s\u00e9ggel, katal\u00f3gussal, anyagi t\u00e1mogat\u00e1ssal \u00e9s kapcsolat\u00e9p\u00edt\u00e9ssel seg\u00edtette \u0151ket. Egyed\u00fcl \u00e1ll\u00f3, nyitott m\u0171v\u00e9szeti k\u00f6z\u00f6ss\u00e9geket \u00e9p\u00edtett magyar fest\u0151kb\u0151l, grafikusokb\u00f3l \u00e9s fot\u00f3sokb\u00f3l, akikhez nagy l\u00e9tsz\u00e1mban csatlakoztak m\u0171v\u00e9szek a vil\u00e1g minden t\u00e1j\u00e1r\u00f3l. Ezzel a Hajd\u00fas\u00e1got \u00e9s a Hortob\u00e1gyot bekapcsolta a nemzetk\u00f6zi m\u0171v\u00e9szeti v\u00e9rkering\u00e9sbe.<br \/>\n\u00c9gerh\u00e1zi Imre a m\u0171v\u00e9sztelepeken v\u00e9gzett munk\u00e1ja \u00e9s fest\u0151i min\u0151s\u00e9ge r\u00e9v\u00e9n rendszeresen kapott megh\u00edv\u00e1sokat k\u00fclf\u00f6ldi alkot\u00f3t\u00e1borokba.<br \/>\nRendszeresen j\u00e1rt Gyergy\u00f3sz\u00e1rhegyre \u00e9s Nagyb\u00e1ny\u00e1ra (Rom\u00e1nia). Erd\u00e9lyi gy\u00f6kerei miatt, az Alf\u00f6ld \u00e9s a paraszti vil\u00e1g mellett, Erd\u00e9ly \u00e9s az ottani emberek term\u00e9szettel v\u00edvott k\u00fczdelmei voltak kedvenc fest\u0151i t\u00e9m\u00e1i.<br \/>\nTov\u00e1bbi nemzetk\u00f6zi m\u0171v\u00e9sztelepek, ahol \u00c9gerh\u00e1zi Imre jelent\u0151s id\u0151t t\u00f6lt\u00f6tt el (a teljess\u00e9g ig\u00e9nye n\u00e9lk\u00fcl): Szabadka (Szerbia), Groznjan (Horv\u00e1torsz\u00e1g), Dubrinics, Kamjanka, Munk\u00e1cs (Ukrajna), Kazimierz, Lublin (Lengyelorsz\u00e1g), Potsdam (N\u00e9metorsz\u00e1g), Kazimierz Dolny, Lublin (Lengyelorsz\u00e1g), Bessans, St. Michel (Franciaorsz\u00e1g).<br \/>\nSok orsz\u00e1gban volt tanulm\u00e1ny\u00faton: Sumen (Bulg\u00e1ria), Klaipeda, Neringa (Litv\u00e1nia), Jyvaskyla (Finnorsz\u00e1g). Nem egy ilyen utat Debrecen v\u00e1ros\u00e1t\u00f3l kapott munk\u00e1ss\u00e1ga elismer\u00e9sek\u00e9nt \u00e9s tov\u00e1bbi \u00f6szt\u00f6nz\u00e9sk\u00e9nt.<br \/>\nA kilencvenes \u00e9vekben a franciaorsz\u00e1gi a St. Micheli Europenes de Liart eu Thierche tiszteletbeli eln\u00f6k\u00e9v\u00e9 v\u00e1lasztott\u00e1k.<\/p>\n<h6><\/h6>\n<h6>\u00c9gerh\u00e1zi Imre \u00e9s a m\u0171v\u00e9sztelepek<\/h6>\n<figure id=\"attachment_7722\" aria-describedby=\"caption-attachment-7722\" style=\"width: 222px\" class=\"wp-caption alignleft\"><img loading=\"lazy\" decoding=\"async\" class=\"size-medium wp-image-7722\" src=\"http:\/\/egerhaziimre.magex.hu\/wp-content\/uploads\/2020\/07\/gyergyoszarhegy_03-222x300.jpg\" alt=\"\" width=\"222\" height=\"300\" srcset=\"https:\/\/egerhaziimre.hu\/wp-content\/uploads\/2020\/07\/gyergyoszarhegy_03-222x300.jpg 222w, https:\/\/egerhaziimre.hu\/wp-content\/uploads\/2020\/07\/gyergyoszarhegy_03.jpg 226w\" sizes=\"auto, (max-width: 222px) 100vw, 222px\" \/><figcaption id=\"caption-attachment-7722\" class=\"wp-caption-text\">Gyimes 1971<\/figcaption><\/figure>\n<p class=\"text-justify\">&#8222;K\u00fcl\u00f6n\u00f6s, \u00e9s persze term\u00e9szetes, hogy a fest\u0151k t\u00f6bbs\u00e9ge ragaszkodik megszokott m\u0171termi k\u00f6r\u00fclm\u00e9nyeihez, a fest\u0151\u00e1llv\u00e1ny, a munkaeszk\u00f6z\u00f6k (fest\u0151asztal, paletta, fest\u00e9kek, ecsetek) \u00e1lland\u00f3 elhelyez\u00e9s\u00e9hez, a f\u00e9nyviszonyok folyamatos ismeret\u00e9hez, a k\u00f6zelben elhelyezett (p\u00e9ld\u00e1ul) tea- vagy k\u00e1v\u00e9f\u0151z\u0151h\u00f6z\u2026 Ugyanakkor a fest\u0151k t\u00f6bbs\u00e9ge szeret kiszabadulni m\u0171terme z\u00e1rts\u00e1g\u00e1b\u00f3l, k\u00fcl\u00f6n\u00f6sen azok, akik m\u00e9g a 20. sz\u00e1zadban is vallott\u00e1k \u00e9s ma is vallj\u00e1k a plein air, a szabadban fest\u00e9s 19. sz\u00e1zadi eszm\u00e9j\u00e9t. \u00c9s ez a kiszabadul\u00e1s is kett\u0151s lehet. Felkeresni a megszokott, ismert \u2013 \u00e9s t\u00f6bbs\u00e9g\u00e9ben kimer\u00edthetetlen \u2013 t\u00e1jat, amely k\u00f6zvetlen k\u00f6zels\u00e9gben el\u00e9rhet\u0151, \u00e9s felkeresni t\u00e1volabbi t\u00e1jakat, hogy friss impulzusok, benyom\u00e1sok alapj\u00e1n sz\u00fclessenek \u00faj m\u0171vek. \u00c9gerh\u00e1zi Imre a fest\u0151k azon k\u00fcl\u00f6nleges kateg\u00f3ri\u00e1j\u00e1ba tartozott, aki mindh\u00e1rom munkafelt\u00e9telt inspir\u00e1l\u00f3nak tartotta. Szerette otthon\u00e1t, k\u00f6zvetlen h\u00e9tk\u00f6znapi k\u00f6rnyezet\u00e9t, ahol kedvvel dolgozott, szerette sz\u00fcl\u0151f\u00f6ldje Alf\u00f6ld-\u00e9lm\u00e9ny\u00e9t, amely eg\u00e9sz \u00e9let\u00e9ben befoly\u00e1solta k\u00e9pi vil\u00e1g\u00e1t, de szeretett utazni, felkeresni idegen orsz\u00e1gokat, t\u00e1jakat, amelyek mindig \u00faj \u00e9s \u00fajabb k\u00e9pl\u00e1tom\u00e1sok megfest\u00e9s\u00e9re ind\u00edtott\u00e1k. Hossz\u00fa \u00e9veken \u00e1t \u2013 mint m\u0171v\u00e9sztelep szervez\u0151, vezet\u0151 \u2013 h\u00edvta szeretett Alf\u00f6ldj\u00e9re a hat\u00e1ron t\u00fali magyarokat \u00e9s k\u00fclf\u00f6ldieket, majd elfogadva a megh\u00edv\u00e1sokat, \u0151 is sokat utazott. E k\u00e9pei abb\u00f3l a szempontb\u00f3l is k\u00fcl\u00f6nlegesek, hogy azokon mindig igen er\u0151sen \u00e9rz\u00e9kelhet\u0151 az adott t\u00e1j, a k\u00f6rnyezet vizualit\u00e1sa, de sosem rugaszkodik el a friss \u00e9lm\u00e9ny hat\u00e1s\u00e1ra a saj\u00e1t maga \u00e1ltal megteremtett egy\u00e9ni, meleg t\u00f3nus\u00fa, finom fakt\u00far\u00e1j\u00fa, bens\u0151s\u00e9ges k\u00e9pi felfog\u00e1st\u00f3l. Mindig \u00e9rezhet\u0151, hogy er\u0151sen hat r\u00e1 az \u00faj t\u00e1j\u00e9lm\u00e9ny, \u00e9s mindig \u00e9rezhet\u0151, hogy mindezt szem\u00e9lyes \u00e1t\u00e9l\u00e9ssel l\u00e9nyeg\u00edti \u00c9gerh\u00e1zi-festm\u00e9nny\u00e9. A m\u0171 mindig ottani \u00e9s itteni is, ez adja k\u00fcl\u00f6nlegess\u00e9g\u00fcket.&#8221;<\/p>\n<p>Dr. Feledy Bal\u00e1zs<br \/>\nm\u0171v\u00e9szett\u00f6rt\u00e9n\u00e9sz[\/vc_column_text][vc_separator][vc_column_text]\n<h6>Kiemelt m\u0171v\u00e9sztelepek<\/h6>\n[\/vc_column_text][vc_basic_grid post_type=&#8221;page&#8221; max_items=&#8221;-1&#8243; style=&#8221;lazy&#8221; items_per_page=&#8221;4&#8243; element_width=&#8221;6&#8243; gap=&#8221;15&#8243; order=&#8221;ASC&#8221; item=&#8221;3423&#8243; grid_id=&#8221;vc_gid:1600779032322-9d303ffc-05b5-9&#8243; taxonomies=&#8221;107&#8243;][vc_separator][vc_column_text]\n<h6>Tov\u00e1bbi m\u0171v\u00e9sztelepek<\/h6>\n[\/vc_column_text][vc_basic_grid post_type=&#8221;page&#8221; max_items=&#8221;-1&#8243; style=&#8221;lazy&#8221; items_per_page=&#8221;12&#8243; element_width=&#8221;3&#8243; gap=&#8221;15&#8243; order=&#8221;ASC&#8221; item=&#8221;1314&#8243; grid_id=&#8221;vc_gid:1600779032323-0773afb4-2bc3-10&#8243; taxonomies=&#8221;102&#8243; exclude=&#8221;1182, 1184, 1166, 8846, 1187&#8243;][\/vc_column][\/vc_row]\n<\/div>","protected":false},"excerpt":{"rendered":"<p>[vc_row][vc_column][vc_column_text] M\u0171v\u00e9szet\u00e9nek sz\u00ednes palett\u00e1j\u00e1val szolg\u00e1lta \u00e9s kifogyhatatlan energi\u00e1val, munkab\u00edr\u00e1ssal szervezte sz\u00fcl\u0151f\u00f6ldj\u00e9nek bekapcsol\u00e1s\u00e1t a hazai \u00e9s a nemzetk\u00f6zi m\u0171v\u00e9szeti \u00e9letbe. Kezdem\u00e9nyezett \u00e9s k\u00f6zrem\u0171k\u00f6d\u00f6tt a m\u0171v\u00e9sztelepek \u00e9s alkot\u00f3k\u00f6z\u00f6ss\u00e9gek \u00e9letre h\u00edv\u00e1s\u00e1ban \u2013 azt\u00e1n v\u00e9gezte f\u00e1radhatatlanul az ezzel j\u00e1r\u00f3 ezernyi tennival\u00f3t \u2013 m\u0171egy\u00fcttesek l\u00e9trehoz\u00e1s\u00e1nak volt szellemi ir\u00e1ny\u00edt\u00f3ja. 1964-ben alap\u00edt\u00f3 tagja volt a Hajd\u00fab\u00f6sz\u00f6rm\u00e9nyi Nemzetk\u00f6zi M\u0171v\u00e9sztelepnek, ahol harminc \u00e9ven kereszt\u00fcl dolgozott. A hetvenes \u00e9vek elej\u00e9t\u0151l [&hellip;]<\/p>\n","protected":false},"author":4,"featured_media":0,"parent":10,"menu_order":3,"comment_status":"closed","ping_status":"closed","template":"","meta":{"footnotes":""},"categories":[11,27],"tags":[],"class_list":["post-24","page","type-page","status-publish","hentry","category-eletrajz","category-listaoldal"],"yoast_head":"<!-- This site is optimized with the Yoast SEO plugin v27.0 - https:\/\/yoast.com\/product\/yoast-seo-wordpress\/ -->\n<title>M\u0171v\u00e9szeti szervez\u0151 tev\u00e9kenys\u00e9g - \u00c9gerh\u00e1zi Imre<\/title>\n<meta name=\"robots\" content=\"index, follow, max-snippet:-1, max-image-preview:large, max-video-preview:-1\" \/>\n<link rel=\"canonical\" href=\"https:\/\/egerhaziimre.hu\/index.php\/eletrajz\/muveszeti-szervezo-tevekenyseg\/?lang=en\" \/>\n<meta property=\"og:locale\" content=\"hu_HU\" \/>\n<meta property=\"og:type\" content=\"article\" \/>\n<meta property=\"og:title\" content=\"M\u0171v\u00e9szeti szervez\u0151 tev\u00e9kenys\u00e9g - \u00c9gerh\u00e1zi Imre\" \/>\n<meta property=\"og:description\" content=\"[vc_row][vc_column][vc_column_text] M\u0171v\u00e9szet\u00e9nek sz\u00ednes palett\u00e1j\u00e1val szolg\u00e1lta \u00e9s kifogyhatatlan energi\u00e1val, munkab\u00edr\u00e1ssal szervezte sz\u00fcl\u0151f\u00f6ldj\u00e9nek bekapcsol\u00e1s\u00e1t a hazai \u00e9s a nemzetk\u00f6zi m\u0171v\u00e9szeti \u00e9letbe. Kezdem\u00e9nyezett \u00e9s k\u00f6zrem\u0171k\u00f6d\u00f6tt a m\u0171v\u00e9sztelepek \u00e9s alkot\u00f3k\u00f6z\u00f6ss\u00e9gek \u00e9letre h\u00edv\u00e1s\u00e1ban \u2013 azt\u00e1n v\u00e9gezte f\u00e1radhatatlanul az ezzel j\u00e1r\u00f3 ezernyi tennival\u00f3t \u2013 m\u0171egy\u00fcttesek l\u00e9trehoz\u00e1s\u00e1nak volt szellemi ir\u00e1ny\u00edt\u00f3ja. 1964-ben alap\u00edt\u00f3 tagja volt a Hajd\u00fab\u00f6sz\u00f6rm\u00e9nyi Nemzetk\u00f6zi M\u0171v\u00e9sztelepnek, ahol harminc \u00e9ven kereszt\u00fcl dolgozott. A hetvenes \u00e9vek elej\u00e9t\u0151l [&hellip;]\" \/>\n<meta property=\"og:url\" content=\"https:\/\/egerhaziimre.hu\/index.php\/eletrajz\/muveszeti-szervezo-tevekenyseg\/?lang=en\" \/>\n<meta property=\"og:site_name\" content=\"\u00c9gerh\u00e1zi Imre\" \/>\n<meta property=\"article:modified_time\" content=\"2020-09-28T12:57:38+00:00\" \/>\n<meta property=\"og:image\" content=\"http:\/\/egerhaziimre.magex.hu\/wp-content\/uploads\/2020\/09\/279-300x218.jpg\" \/>\n<meta name=\"twitter:card\" content=\"summary_large_image\" \/>\n<meta name=\"twitter:label1\" content=\"Becs\u00fclt olvas\u00e1si id\u0151\" \/>\n\t<meta name=\"twitter:data1\" content=\"9 perc\" \/>\n<script type=\"application\/ld+json\" class=\"yoast-schema-graph\">{\"@context\":\"https:\/\/schema.org\",\"@graph\":[{\"@type\":\"WebPage\",\"@id\":\"https:\/\/egerhaziimre.hu\/index.php\/eletrajz\/muveszeti-szervezo-tevekenyseg\/?lang=en\",\"url\":\"https:\/\/egerhaziimre.hu\/index.php\/eletrajz\/muveszeti-szervezo-tevekenyseg\/?lang=en\",\"name\":\"M\u0171v\u00e9szeti szervez\u0151 tev\u00e9kenys\u00e9g - \u00c9gerh\u00e1zi Imre\",\"isPartOf\":{\"@id\":\"https:\/\/egerhaziimre.hu\/#website\"},\"primaryImageOfPage\":{\"@id\":\"https:\/\/egerhaziimre.hu\/index.php\/eletrajz\/muveszeti-szervezo-tevekenyseg\/?lang=en#primaryimage\"},\"image\":{\"@id\":\"https:\/\/egerhaziimre.hu\/index.php\/eletrajz\/muveszeti-szervezo-tevekenyseg\/?lang=en#primaryimage\"},\"thumbnailUrl\":\"http:\/\/egerhaziimre.magex.hu\/wp-content\/uploads\/2020\/09\/279-300x218.jpg\",\"datePublished\":\"2019-07-23T13:18:25+00:00\",\"dateModified\":\"2020-09-28T12:57:38+00:00\",\"breadcrumb\":{\"@id\":\"https:\/\/egerhaziimre.hu\/index.php\/eletrajz\/muveszeti-szervezo-tevekenyseg\/?lang=en#breadcrumb\"},\"inLanguage\":\"hu\",\"potentialAction\":[{\"@type\":\"ReadAction\",\"target\":[\"https:\/\/egerhaziimre.hu\/index.php\/eletrajz\/muveszeti-szervezo-tevekenyseg\/?lang=en\"]}]},{\"@type\":\"ImageObject\",\"inLanguage\":\"hu\",\"@id\":\"https:\/\/egerhaziimre.hu\/index.php\/eletrajz\/muveszeti-szervezo-tevekenyseg\/?lang=en#primaryimage\",\"url\":\"http:\/\/egerhaziimre.magex.hu\/wp-content\/uploads\/2020\/09\/279-300x218.jpg\",\"contentUrl\":\"http:\/\/egerhaziimre.magex.hu\/wp-content\/uploads\/2020\/09\/279-300x218.jpg\"},{\"@type\":\"BreadcrumbList\",\"@id\":\"https:\/\/egerhaziimre.hu\/index.php\/eletrajz\/muveszeti-szervezo-tevekenyseg\/?lang=en#breadcrumb\",\"itemListElement\":[{\"@type\":\"ListItem\",\"position\":1,\"name\":\"Home\",\"item\":\"https:\/\/egerhaziimre.hu\/\"},{\"@type\":\"ListItem\",\"position\":2,\"name\":\"\u00c9letrajz\",\"item\":\"https:\/\/egerhaziimre.hu\/index.php\/eletrajz\/\"},{\"@type\":\"ListItem\",\"position\":3,\"name\":\"Organizing in art\"}]},{\"@type\":\"WebSite\",\"@id\":\"https:\/\/egerhaziimre.hu\/#website\",\"url\":\"https:\/\/egerhaziimre.hu\/\",\"name\":\"\u00c9gerh\u00e1zi Imre\",\"description\":\"\",\"potentialAction\":[{\"@type\":\"SearchAction\",\"target\":{\"@type\":\"EntryPoint\",\"urlTemplate\":\"https:\/\/egerhaziimre.hu\/?s={search_term_string}\"},\"query-input\":{\"@type\":\"PropertyValueSpecification\",\"valueRequired\":true,\"valueName\":\"search_term_string\"}}],\"inLanguage\":\"hu\"}]}<\/script>\n<!-- \/ Yoast SEO plugin. -->","yoast_head_json":{"title":"M\u0171v\u00e9szeti szervez\u0151 tev\u00e9kenys\u00e9g - \u00c9gerh\u00e1zi Imre","robots":{"index":"index","follow":"follow","max-snippet":"max-snippet:-1","max-image-preview":"max-image-preview:large","max-video-preview":"max-video-preview:-1"},"canonical":"https:\/\/egerhaziimre.hu\/index.php\/eletrajz\/muveszeti-szervezo-tevekenyseg\/?lang=en","og_locale":"hu_HU","og_type":"article","og_title":"M\u0171v\u00e9szeti szervez\u0151 tev\u00e9kenys\u00e9g - \u00c9gerh\u00e1zi Imre","og_description":"[vc_row][vc_column][vc_column_text] M\u0171v\u00e9szet\u00e9nek sz\u00ednes palett\u00e1j\u00e1val szolg\u00e1lta \u00e9s kifogyhatatlan energi\u00e1val, munkab\u00edr\u00e1ssal szervezte sz\u00fcl\u0151f\u00f6ldj\u00e9nek bekapcsol\u00e1s\u00e1t a hazai \u00e9s a nemzetk\u00f6zi m\u0171v\u00e9szeti \u00e9letbe. Kezdem\u00e9nyezett \u00e9s k\u00f6zrem\u0171k\u00f6d\u00f6tt a m\u0171v\u00e9sztelepek \u00e9s alkot\u00f3k\u00f6z\u00f6ss\u00e9gek \u00e9letre h\u00edv\u00e1s\u00e1ban \u2013 azt\u00e1n v\u00e9gezte f\u00e1radhatatlanul az ezzel j\u00e1r\u00f3 ezernyi tennival\u00f3t \u2013 m\u0171egy\u00fcttesek l\u00e9trehoz\u00e1s\u00e1nak volt szellemi ir\u00e1ny\u00edt\u00f3ja. 1964-ben alap\u00edt\u00f3 tagja volt a Hajd\u00fab\u00f6sz\u00f6rm\u00e9nyi Nemzetk\u00f6zi M\u0171v\u00e9sztelepnek, ahol harminc \u00e9ven kereszt\u00fcl dolgozott. A hetvenes \u00e9vek elej\u00e9t\u0151l [&hellip;]","og_url":"https:\/\/egerhaziimre.hu\/index.php\/eletrajz\/muveszeti-szervezo-tevekenyseg\/?lang=en","og_site_name":"\u00c9gerh\u00e1zi Imre","article_modified_time":"2020-09-28T12:57:38+00:00","og_image":[{"url":"http:\/\/egerhaziimre.magex.hu\/wp-content\/uploads\/2020\/09\/279-300x218.jpg","type":"","width":"","height":""}],"twitter_card":"summary_large_image","twitter_misc":{"Becs\u00fclt olvas\u00e1si id\u0151":"9 perc"},"schema":{"@context":"https:\/\/schema.org","@graph":[{"@type":"WebPage","@id":"https:\/\/egerhaziimre.hu\/index.php\/eletrajz\/muveszeti-szervezo-tevekenyseg\/?lang=en","url":"https:\/\/egerhaziimre.hu\/index.php\/eletrajz\/muveszeti-szervezo-tevekenyseg\/?lang=en","name":"M\u0171v\u00e9szeti szervez\u0151 tev\u00e9kenys\u00e9g - \u00c9gerh\u00e1zi Imre","isPartOf":{"@id":"https:\/\/egerhaziimre.hu\/#website"},"primaryImageOfPage":{"@id":"https:\/\/egerhaziimre.hu\/index.php\/eletrajz\/muveszeti-szervezo-tevekenyseg\/?lang=en#primaryimage"},"image":{"@id":"https:\/\/egerhaziimre.hu\/index.php\/eletrajz\/muveszeti-szervezo-tevekenyseg\/?lang=en#primaryimage"},"thumbnailUrl":"http:\/\/egerhaziimre.magex.hu\/wp-content\/uploads\/2020\/09\/279-300x218.jpg","datePublished":"2019-07-23T13:18:25+00:00","dateModified":"2020-09-28T12:57:38+00:00","breadcrumb":{"@id":"https:\/\/egerhaziimre.hu\/index.php\/eletrajz\/muveszeti-szervezo-tevekenyseg\/?lang=en#breadcrumb"},"inLanguage":"hu","potentialAction":[{"@type":"ReadAction","target":["https:\/\/egerhaziimre.hu\/index.php\/eletrajz\/muveszeti-szervezo-tevekenyseg\/?lang=en"]}]},{"@type":"ImageObject","inLanguage":"hu","@id":"https:\/\/egerhaziimre.hu\/index.php\/eletrajz\/muveszeti-szervezo-tevekenyseg\/?lang=en#primaryimage","url":"http:\/\/egerhaziimre.magex.hu\/wp-content\/uploads\/2020\/09\/279-300x218.jpg","contentUrl":"http:\/\/egerhaziimre.magex.hu\/wp-content\/uploads\/2020\/09\/279-300x218.jpg"},{"@type":"BreadcrumbList","@id":"https:\/\/egerhaziimre.hu\/index.php\/eletrajz\/muveszeti-szervezo-tevekenyseg\/?lang=en#breadcrumb","itemListElement":[{"@type":"ListItem","position":1,"name":"Home","item":"https:\/\/egerhaziimre.hu\/"},{"@type":"ListItem","position":2,"name":"\u00c9letrajz","item":"https:\/\/egerhaziimre.hu\/index.php\/eletrajz\/"},{"@type":"ListItem","position":3,"name":"Organizing in art"}]},{"@type":"WebSite","@id":"https:\/\/egerhaziimre.hu\/#website","url":"https:\/\/egerhaziimre.hu\/","name":"\u00c9gerh\u00e1zi Imre","description":"","potentialAction":[{"@type":"SearchAction","target":{"@type":"EntryPoint","urlTemplate":"https:\/\/egerhaziimre.hu\/?s={search_term_string}"},"query-input":{"@type":"PropertyValueSpecification","valueRequired":true,"valueName":"search_term_string"}}],"inLanguage":"hu"}]}},"jetpack_sharing_enabled":true,"_links":{"self":[{"href":"https:\/\/egerhaziimre.hu\/index.php\/wp-json\/wp\/v2\/pages\/24","targetHints":{"allow":["GET"]}}],"collection":[{"href":"https:\/\/egerhaziimre.hu\/index.php\/wp-json\/wp\/v2\/pages"}],"about":[{"href":"https:\/\/egerhaziimre.hu\/index.php\/wp-json\/wp\/v2\/types\/page"}],"author":[{"embeddable":true,"href":"https:\/\/egerhaziimre.hu\/index.php\/wp-json\/wp\/v2\/users\/4"}],"replies":[{"embeddable":true,"href":"https:\/\/egerhaziimre.hu\/index.php\/wp-json\/wp\/v2\/comments?post=24"}],"version-history":[{"count":61,"href":"https:\/\/egerhaziimre.hu\/index.php\/wp-json\/wp\/v2\/pages\/24\/revisions"}],"predecessor-version":[{"id":10111,"href":"https:\/\/egerhaziimre.hu\/index.php\/wp-json\/wp\/v2\/pages\/24\/revisions\/10111"}],"up":[{"embeddable":true,"href":"https:\/\/egerhaziimre.hu\/index.php\/wp-json\/wp\/v2\/pages\/10"}],"wp:attachment":[{"href":"https:\/\/egerhaziimre.hu\/index.php\/wp-json\/wp\/v2\/media?parent=24"}],"wp:term":[{"taxonomy":"category","embeddable":true,"href":"https:\/\/egerhaziimre.hu\/index.php\/wp-json\/wp\/v2\/categories?post=24"},{"taxonomy":"post_tag","embeddable":true,"href":"https:\/\/egerhaziimre.hu\/index.php\/wp-json\/wp\/v2\/tags?post=24"}],"curies":[{"name":"wp","href":"https:\/\/api.w.org\/{rel}","templated":true}]}}