{"id":28,"date":"2019-07-23T13:21:18","date_gmt":"2019-07-23T11:21:18","guid":{"rendered":"http:\/\/egerhaziimre.magex.hu\/?page_id=28"},"modified":"2020-09-14T10:46:11","modified_gmt":"2020-09-14T08:46:11","slug":"aktualitasok-hirek","status":"publish","type":"page","link":"https:\/\/egerhaziimre.hu\/index.php\/archivum\/aktualitasok-hirek\/","title":{"rendered":"H\u00edrarch\u00edvum"},"content":{"rendered":"<div class=\"wpb-content-wrapper\">[vc_row][vc_column][vc_column_text]\u00c9gerh\u00e1zi Imre m\u0171v\u00e9szeti hagyat\u00e9k\u00e1t az \u00c9gerh\u00e1zi csal\u00e1d igyekszek a legnagyobb gondoss\u00e1ggal kezelni, n\u00e9pszer\u0171s\u00edteni \u00e9s kutathat\u00f3v\u00e1 tenni. A m\u0171v\u00e9sz hal\u00e1la ut\u00e1ni fontosabb esem\u00e9nyekr\u0151l sz\u00f3l\u00f3 h\u00edrad\u00e1sokat a h\u00edrarch\u00edvumban gy\u0171jt\u00f6tt\u00fck \u00f6ssze.[\/vc_column_text][vc_separator][vc_empty_space height=&#8221;60px&#8221;][vc_basic_grid post_type=&#8221;page&#8221; max_items=&#8221;-1&#8243; style=&#8221;lazy&#8221; items_per_page=&#8221;8&#8243; element_width=&#8221;6&#8243; item=&#8221;3423&#8243; grid_id=&#8221;vc_gid:1600073130522-7ea2e8e4-b9ac-2&#8243; taxonomies=&#8221;14, 13&#8243; exclude=&#8221;31, 28, 324&#8243;][\/vc_column][\/vc_row]\n<\/div>","protected":false},"excerpt":{"rendered":"<p>[vc_row][vc_column][vc_column_text]\u00c9gerh\u00e1zi Imre m\u0171v\u00e9szeti hagyat\u00e9k\u00e1t az \u00c9gerh\u00e1zi csal\u00e1d igyekszek a legnagyobb gondoss\u00e1ggal kezelni, n\u00e9pszer\u0171s\u00edteni \u00e9s kutathat\u00f3v\u00e1 tenni. A m\u0171v\u00e9sz hal\u00e1la ut\u00e1ni fontosabb esem\u00e9nyekr\u0151l sz\u00f3l\u00f3 h\u00edrad\u00e1sokat a h\u00edrarch\u00edvumban gy\u0171jt\u00f6tt\u00fck \u00f6ssze.[\/vc_column_text][vc_separator][vc_empty_space height=&#8221;60px&#8221;][vc_basic_grid post_type=&#8221;page&#8221; max_items=&#8221;-1&#8243; style=&#8221;lazy&#8221; items_per_page=&#8221;8&#8243; element_width=&#8221;6&#8243; item=&#8221;3423&#8243; grid_id=&#8221;vc_gid:1600073130522-7ea2e8e4-b9ac-2&#8243; taxonomies=&#8221;14, 13&#8243; exclude=&#8221;31, 28, 324&#8243;][\/vc_column][\/vc_row]<\/p>\n","protected":false},"author":4,"featured_media":383,"parent":3353,"menu_order":4,"comment_status":"closed","ping_status":"closed","template":"","meta":{"footnotes":""},"categories":[27],"tags":[],"class_list":["post-28","page","type-page","status-publish","has-post-thumbnail","hentry","category-listaoldal"],"yoast_head":"<!-- This site is optimized with the Yoast SEO plugin v27.3 - https:\/\/yoast.com\/product\/yoast-seo-wordpress\/ -->\n<title>H\u00edrarch\u00edvum - \u00c9gerh\u00e1zi Imre<\/title>\n<meta name=\"robots\" content=\"index, follow, max-snippet:-1, max-image-preview:large, max-video-preview:-1\" \/>\n<link rel=\"canonical\" href=\"https:\/\/egerhaziimre.hu\/index.php\/archivum\/aktualitasok-hirek\/?lang=en\" \/>\n<meta property=\"og:locale\" content=\"hu_HU\" \/>\n<meta property=\"og:type\" content=\"article\" \/>\n<meta property=\"og:title\" content=\"H\u00edrarch\u00edvum - \u00c9gerh\u00e1zi Imre\" \/>\n<meta property=\"og:description\" content=\"[vc_row][vc_column][vc_column_text]\u00c9gerh\u00e1zi Imre m\u0171v\u00e9szeti hagyat\u00e9k\u00e1t az \u00c9gerh\u00e1zi csal\u00e1d igyekszek a legnagyobb gondoss\u00e1ggal kezelni, n\u00e9pszer\u0171s\u00edteni \u00e9s kutathat\u00f3v\u00e1 tenni. A m\u0171v\u00e9sz hal\u00e1la ut\u00e1ni fontosabb esem\u00e9nyekr\u0151l sz\u00f3l\u00f3 h\u00edrad\u00e1sokat a h\u00edrarch\u00edvumban gy\u0171jt\u00f6tt\u00fck \u00f6ssze.[\/vc_column_text][vc_separator][vc_empty_space height=&#8221;60px&#8221;][vc_basic_grid post_type=&#8221;page&#8221; max_items=&#8221;-1&#8243; style=&#8221;lazy&#8221; items_per_page=&#8221;8&#8243; element_width=&#8221;6&#8243; item=&#8221;3423&#8243; grid_id=&#8221;vc_gid:1600073130522-7ea2e8e4-b9ac-2&#8243; taxonomies=&#8221;14, 13&#8243; exclude=&#8221;31, 28, 324&#8243;][\/vc_column][\/vc_row]\" \/>\n<meta property=\"og:url\" content=\"https:\/\/egerhaziimre.hu\/index.php\/archivum\/aktualitasok-hirek\/?lang=en\" \/>\n<meta property=\"og:site_name\" content=\"\u00c9gerh\u00e1zi Imre\" \/>\n<meta property=\"article:modified_time\" content=\"2020-09-14T08:46:11+00:00\" \/>\n<meta property=\"og:image\" content=\"https:\/\/egerhaziimre.hu\/wp-content\/uploads\/2019\/07\/ei_kiemelt_kep_aktualitasok_hirek.jpg\" \/>\n\t<meta property=\"og:image:width\" content=\"1920\" \/>\n\t<meta property=\"og:image:height\" content=\"1080\" \/>\n\t<meta property=\"og:image:type\" content=\"image\/jpeg\" \/>\n<meta name=\"twitter:card\" content=\"summary_large_image\" \/>\n<meta name=\"twitter:label1\" content=\"Becs\u00fclt olvas\u00e1si id\u0151\" \/>\n\t<meta name=\"twitter:data1\" content=\"1 perc\" \/>\n<script type=\"application\/ld+json\" class=\"yoast-schema-graph\">{\"@context\":\"https:\\\/\\\/schema.org\",\"@graph\":[{\"@type\":\"WebPage\",\"@id\":\"https:\\\/\\\/egerhaziimre.hu\\\/index.php\\\/archivum\\\/aktualitasok-hirek\\\/?lang=en\",\"url\":\"https:\\\/\\\/egerhaziimre.hu\\\/index.php\\\/archivum\\\/aktualitasok-hirek\\\/?lang=en\",\"name\":\"H\u00edrarch\u00edvum - \u00c9gerh\u00e1zi Imre\",\"isPartOf\":{\"@id\":\"https:\\\/\\\/egerhaziimre.hu\\\/#website\"},\"primaryImageOfPage\":{\"@id\":\"https:\\\/\\\/egerhaziimre.hu\\\/index.php\\\/archivum\\\/aktualitasok-hirek\\\/?lang=en#primaryimage\"},\"image\":{\"@id\":\"https:\\\/\\\/egerhaziimre.hu\\\/index.php\\\/archivum\\\/aktualitasok-hirek\\\/?lang=en#primaryimage\"},\"thumbnailUrl\":\"https:\\\/\\\/egerhaziimre.hu\\\/wp-content\\\/uploads\\\/2019\\\/07\\\/ei_kiemelt_kep_aktualitasok_hirek.jpg\",\"datePublished\":\"2019-07-23T11:21:18+00:00\",\"dateModified\":\"2020-09-14T08:46:11+00:00\",\"breadcrumb\":{\"@id\":\"https:\\\/\\\/egerhaziimre.hu\\\/index.php\\\/archivum\\\/aktualitasok-hirek\\\/?lang=en#breadcrumb\"},\"inLanguage\":\"hu\",\"potentialAction\":[{\"@type\":\"ReadAction\",\"target\":[\"https:\\\/\\\/egerhaziimre.hu\\\/index.php\\\/archivum\\\/aktualitasok-hirek\\\/?lang=en\"]}]},{\"@type\":\"ImageObject\",\"inLanguage\":\"hu\",\"@id\":\"https:\\\/\\\/egerhaziimre.hu\\\/index.php\\\/archivum\\\/aktualitasok-hirek\\\/?lang=en#primaryimage\",\"url\":\"https:\\\/\\\/egerhaziimre.hu\\\/wp-content\\\/uploads\\\/2019\\\/07\\\/ei_kiemelt_kep_aktualitasok_hirek.jpg\",\"contentUrl\":\"https:\\\/\\\/egerhaziimre.hu\\\/wp-content\\\/uploads\\\/2019\\\/07\\\/ei_kiemelt_kep_aktualitasok_hirek.jpg\",\"width\":1920,\"height\":1080},{\"@type\":\"BreadcrumbList\",\"@id\":\"https:\\\/\\\/egerhaziimre.hu\\\/index.php\\\/archivum\\\/aktualitasok-hirek\\\/?lang=en#breadcrumb\",\"itemListElement\":[{\"@type\":\"ListItem\",\"position\":1,\"name\":\"Home\",\"item\":\"https:\\\/\\\/egerhaziimre.hu\\\/\"},{\"@type\":\"ListItem\",\"position\":2,\"name\":\"Archives\",\"item\":\"https:\\\/\\\/egerhaziimre.hu\\\/index.php\\\/archivum\\\/?lang=en\"},{\"@type\":\"ListItem\",\"position\":3,\"name\":\"News\"}]},{\"@type\":\"WebSite\",\"@id\":\"https:\\\/\\\/egerhaziimre.hu\\\/#website\",\"url\":\"https:\\\/\\\/egerhaziimre.hu\\\/\",\"name\":\"\u00c9gerh\u00e1zi Imre\",\"description\":\"\",\"potentialAction\":[{\"@type\":\"SearchAction\",\"target\":{\"@type\":\"EntryPoint\",\"urlTemplate\":\"https:\\\/\\\/egerhaziimre.hu\\\/?s={search_term_string}\"},\"query-input\":{\"@type\":\"PropertyValueSpecification\",\"valueRequired\":true,\"valueName\":\"search_term_string\"}}],\"inLanguage\":\"hu\"}]}<\/script>\n<!-- \/ Yoast SEO plugin. -->","yoast_head_json":{"title":"H\u00edrarch\u00edvum - \u00c9gerh\u00e1zi Imre","robots":{"index":"index","follow":"follow","max-snippet":"max-snippet:-1","max-image-preview":"max-image-preview:large","max-video-preview":"max-video-preview:-1"},"canonical":"https:\/\/egerhaziimre.hu\/index.php\/archivum\/aktualitasok-hirek\/?lang=en","og_locale":"hu_HU","og_type":"article","og_title":"H\u00edrarch\u00edvum - \u00c9gerh\u00e1zi Imre","og_description":"[vc_row][vc_column][vc_column_text]\u00c9gerh\u00e1zi Imre m\u0171v\u00e9szeti hagyat\u00e9k\u00e1t az \u00c9gerh\u00e1zi csal\u00e1d igyekszek a legnagyobb gondoss\u00e1ggal kezelni, n\u00e9pszer\u0171s\u00edteni \u00e9s kutathat\u00f3v\u00e1 tenni. A m\u0171v\u00e9sz hal\u00e1la ut\u00e1ni fontosabb esem\u00e9nyekr\u0151l sz\u00f3l\u00f3 h\u00edrad\u00e1sokat a h\u00edrarch\u00edvumban gy\u0171jt\u00f6tt\u00fck \u00f6ssze.[\/vc_column_text][vc_separator][vc_empty_space height=&#8221;60px&#8221;][vc_basic_grid post_type=&#8221;page&#8221; max_items=&#8221;-1&#8243; style=&#8221;lazy&#8221; items_per_page=&#8221;8&#8243; element_width=&#8221;6&#8243; item=&#8221;3423&#8243; grid_id=&#8221;vc_gid:1600073130522-7ea2e8e4-b9ac-2&#8243; taxonomies=&#8221;14, 13&#8243; exclude=&#8221;31, 28, 324&#8243;][\/vc_column][\/vc_row]","og_url":"https:\/\/egerhaziimre.hu\/index.php\/archivum\/aktualitasok-hirek\/?lang=en","og_site_name":"\u00c9gerh\u00e1zi Imre","article_modified_time":"2020-09-14T08:46:11+00:00","og_image":[{"width":1920,"height":1080,"url":"https:\/\/egerhaziimre.hu\/wp-content\/uploads\/2019\/07\/ei_kiemelt_kep_aktualitasok_hirek.jpg","type":"image\/jpeg"}],"twitter_card":"summary_large_image","twitter_misc":{"Becs\u00fclt olvas\u00e1si id\u0151":"1 perc"},"schema":{"@context":"https:\/\/schema.org","@graph":[{"@type":"WebPage","@id":"https:\/\/egerhaziimre.hu\/index.php\/archivum\/aktualitasok-hirek\/?lang=en","url":"https:\/\/egerhaziimre.hu\/index.php\/archivum\/aktualitasok-hirek\/?lang=en","name":"H\u00edrarch\u00edvum - \u00c9gerh\u00e1zi Imre","isPartOf":{"@id":"https:\/\/egerhaziimre.hu\/#website"},"primaryImageOfPage":{"@id":"https:\/\/egerhaziimre.hu\/index.php\/archivum\/aktualitasok-hirek\/?lang=en#primaryimage"},"image":{"@id":"https:\/\/egerhaziimre.hu\/index.php\/archivum\/aktualitasok-hirek\/?lang=en#primaryimage"},"thumbnailUrl":"https:\/\/egerhaziimre.hu\/wp-content\/uploads\/2019\/07\/ei_kiemelt_kep_aktualitasok_hirek.jpg","datePublished":"2019-07-23T11:21:18+00:00","dateModified":"2020-09-14T08:46:11+00:00","breadcrumb":{"@id":"https:\/\/egerhaziimre.hu\/index.php\/archivum\/aktualitasok-hirek\/?lang=en#breadcrumb"},"inLanguage":"hu","potentialAction":[{"@type":"ReadAction","target":["https:\/\/egerhaziimre.hu\/index.php\/archivum\/aktualitasok-hirek\/?lang=en"]}]},{"@type":"ImageObject","inLanguage":"hu","@id":"https:\/\/egerhaziimre.hu\/index.php\/archivum\/aktualitasok-hirek\/?lang=en#primaryimage","url":"https:\/\/egerhaziimre.hu\/wp-content\/uploads\/2019\/07\/ei_kiemelt_kep_aktualitasok_hirek.jpg","contentUrl":"https:\/\/egerhaziimre.hu\/wp-content\/uploads\/2019\/07\/ei_kiemelt_kep_aktualitasok_hirek.jpg","width":1920,"height":1080},{"@type":"BreadcrumbList","@id":"https:\/\/egerhaziimre.hu\/index.php\/archivum\/aktualitasok-hirek\/?lang=en#breadcrumb","itemListElement":[{"@type":"ListItem","position":1,"name":"Home","item":"https:\/\/egerhaziimre.hu\/"},{"@type":"ListItem","position":2,"name":"Archives","item":"https:\/\/egerhaziimre.hu\/index.php\/archivum\/?lang=en"},{"@type":"ListItem","position":3,"name":"News"}]},{"@type":"WebSite","@id":"https:\/\/egerhaziimre.hu\/#website","url":"https:\/\/egerhaziimre.hu\/","name":"\u00c9gerh\u00e1zi Imre","description":"","potentialAction":[{"@type":"SearchAction","target":{"@type":"EntryPoint","urlTemplate":"https:\/\/egerhaziimre.hu\/?s={search_term_string}"},"query-input":{"@type":"PropertyValueSpecification","valueRequired":true,"valueName":"search_term_string"}}],"inLanguage":"hu"}]}},"jetpack_sharing_enabled":true,"_links":{"self":[{"href":"https:\/\/egerhaziimre.hu\/index.php\/wp-json\/wp\/v2\/pages\/28","targetHints":{"allow":["GET"]}}],"collection":[{"href":"https:\/\/egerhaziimre.hu\/index.php\/wp-json\/wp\/v2\/pages"}],"about":[{"href":"https:\/\/egerhaziimre.hu\/index.php\/wp-json\/wp\/v2\/types\/page"}],"author":[{"embeddable":true,"href":"https:\/\/egerhaziimre.hu\/index.php\/wp-json\/wp\/v2\/users\/4"}],"replies":[{"embeddable":true,"href":"https:\/\/egerhaziimre.hu\/index.php\/wp-json\/wp\/v2\/comments?post=28"}],"version-history":[{"count":29,"href":"https:\/\/egerhaziimre.hu\/index.php\/wp-json\/wp\/v2\/pages\/28\/revisions"}],"predecessor-version":[{"id":9382,"href":"https:\/\/egerhaziimre.hu\/index.php\/wp-json\/wp\/v2\/pages\/28\/revisions\/9382"}],"up":[{"embeddable":true,"href":"https:\/\/egerhaziimre.hu\/index.php\/wp-json\/wp\/v2\/pages\/3353"}],"wp:featuredmedia":[{"embeddable":true,"href":"https:\/\/egerhaziimre.hu\/index.php\/wp-json\/wp\/v2\/media\/383"}],"wp:attachment":[{"href":"https:\/\/egerhaziimre.hu\/index.php\/wp-json\/wp\/v2\/media?parent=28"}],"wp:term":[{"taxonomy":"category","embeddable":true,"href":"https:\/\/egerhaziimre.hu\/index.php\/wp-json\/wp\/v2\/categories?post=28"},{"taxonomy":"post_tag","embeddable":true,"href":"https:\/\/egerhaziimre.hu\/index.php\/wp-json\/wp\/v2\/tags?post=28"}],"curies":[{"name":"wp","href":"https:\/\/api.w.org\/{rel}","templated":true}]}}