{"id":3353,"date":"2020-06-11T09:55:08","date_gmt":"2020-06-11T07:55:08","guid":{"rendered":"http:\/\/egerhaziimre.magex.hu\/?page_id=3353"},"modified":"2020-10-01T09:51:11","modified_gmt":"2020-10-01T07:51:11","slug":"archivum","status":"publish","type":"page","link":"https:\/\/egerhaziimre.hu\/index.php\/archivum\/","title":{"rendered":"Arch\u00edvum"},"content":{"rendered":"<div class=\"wpb-content-wrapper\">\n[vc_row el_class=&#8221;margin_bottom_0 padding_bottom_0&#8243;][vc_column][vc_custom_heading text=&#8221;H\u00edrarch\u00edvum&#8221; use_theme_fonts=&#8221;yes&#8221; el_class=&#8221;mb60 mb30-md&#8221;][vc_column_text]\u00c9gerh\u00e1zi Imre m\u0171v\u00e9szeti hagyat\u00e9k\u00e1t az \u00c9gerh\u00e1zi csal\u00e1d igyekszek a legnagyobb gondoss\u00e1ggal kezelni, n\u00e9pszer\u0171s\u00edteni \u00e9s kutathat\u00f3v\u00e1 tenni. A m\u0171v\u00e9sz hal\u00e1la ut\u00e1ni fontosabb esem\u00e9nyekr\u0151l sz\u00f3l\u00f3 h\u00edrad\u00e1sokat a h\u00edrarch\u00edvumban gy\u0171jt\u00f6tt\u00fck \u00f6ssze.[\/vc_column_text][vc_basic_grid post_type=&#8221;page&#8221; max_items=&#8221;4&#8243; element_width=&#8221;3&#8243; gap=&#8221;15&#8243; item=&#8221;491&#8243; grid_id=&#8221;vc_gid:1601379816684-278c169f-737b-8&#8243; taxonomies=&#8221;13, 14&#8243;][vc_btn title=&#8221;\u00d6sszes mutat\u00e1sa&#8221; shape=&#8221;square&#8221; color=&#8221;orange&#8221; link=&#8221;url:http%3A%2F%2Fegerhaziimre.hu%2Findex.php%2Feletrajz%2Faktualitasok-hirek%2F|title:Aktualit%C3%A1sok%2C%20h%C3%ADrek&#8221;][\/vc_column][\/vc_row][vc_row el_class=&#8221;margin_bottom_0 padding_bottom_0&#8243;][vc_column][vc_separator][vc_custom_heading text=&#8221;Audiovizu\u00e1lis Arch\u00edvum&#8221; use_theme_fonts=&#8221;yes&#8221; el_class=&#8221;mb60 mb30-md&#8221;][vc_column_text]Az audiovizu\u00e1lis arch\u00edvumban tal\u00e1lhat\u00f3ak \u00c9gerh\u00e1zi Imre \u00e9let\u00e9ben r\u00f3la k\u00e9sz\u00edtett filmek, a vele k\u00e9sz\u00fclt r\u00e1di\u00f3 \u00e9s TV interj\u00fak, valamint az \u00e1ltala forgatott filmek. Szint\u00e9n beker\u00fclnek az arch\u00edvumba a hal\u00e1la ut\u00e1ni vide\u00f3 \u00e9s audi\u00f3 anyagok is.[\/vc_column_text][vc_basic_grid post_type=&#8221;page&#8221; max_items=&#8221;4&#8243; element_width=&#8221;3&#8243; gap=&#8221;15&#8243; orderby=&#8221;title&#8221; item=&#8221;491&#8243; grid_id=&#8221;vc_gid:1601379816685-b1118b19-34e4-9&#8243; taxonomies=&#8221;53, 56&#8243;][vc_btn title=&#8221;\u00d6sszes mutat\u00e1sa&#8221; shape=&#8221;square&#8221; color=&#8221;orange&#8221; link=&#8221;url:http%3A%2F%2Fegerhaziimre.hu%2Findex.php%2Farchivum%2Faudiovizualis-archivum%2F|title:%5B%3Ahu%5DAudiovizu%C3%A1lis%20arch%C3%ADvum%5B%3Aen%5DAudiovisual%20archives%5B%3A%5D&#8221;][\/vc_column][\/vc_row][vc_row el_class=&#8221;margin_bottom_0 padding_bottom_0&#8243;][vc_column][vc_separator][vc_custom_heading text=&#8221;K\u00f6nyvek, katal\u00f3gusok&#8221; use_theme_fonts=&#8221;yes&#8221; el_class=&#8221;mb60 mb30-md&#8221; link=&#8221;url:http%3A%2F%2Fegerhaziimre.magex.hu%2Findex.php%2Farchivum%2Fkonyvek-katalogusok%2F|title:%5B%3Ahu%5DK%C3%B6nyvek%2C%20katal%C3%B3gusok%5B%3Aen%5DBooks%2C%20catalogs%5B%3A%5D||&#8221;][vc_column_text]\n<p class=\"moz-quote-pre\">\u00c9gerh\u00e1zi Imre \u00e9let\u00e9ben t\u00f6bb grafikai albumot, k\u00f6nyvet \u00e9s katal\u00f3gust jelentetett meg. Ezeket folyamatosan feldolgozzuk \u00e9s felt\u00f6ltj\u00fck erre az oldalra. A hal\u00e1la ut\u00e1ni eml\u00e9kki\u00e1ll\u00edt\u00e1sok alkalm\u00e1b\u00f3l kiadott tematikus katal\u00f3gusok pdf form\u00e1ban let\u00f6lthet\u0151ek, de a rendeles@gramy.hu c\u00edmen m\u0171v\u00e9szeti katal\u00f3gus min\u0151s\u00e9gben meg is rendelhet\u0151k 1500 forintos egys\u00e9g\u00e1ron.<\/p>\n[\/vc_column_text][vc_empty_space height=&#8221;16px&#8221;][vc_basic_grid post_type=&#8221;page&#8221; max_items=&#8221;4&#8243; element_width=&#8221;3&#8243; gap=&#8221;15&#8243; orderby=&#8221;title&#8221; order=&#8221;ASC&#8221; item=&#8221;491&#8243; grid_id=&#8221;vc_gid:1601379816687-167f09b4-bdf9-3&#8243; taxonomies=&#8221;16, 15&#8243;][vc_btn title=&#8221;\u00d6sszes mutat\u00e1sa&#8221; shape=&#8221;square&#8221; color=&#8221;orange&#8221; link=&#8221;url:http%3A%2F%2Fegerhaziimre.hu%2Findex.php%2Farchivum%2Fkonyvek-katalogusok%2F|title:%5B%3Ahu%5DK%C3%B6nyvek%2C%20katal%C3%B3gusok%5B%3Aen%5DBooks%2C%20catalogs%5B%3A%5D&#8221;][\/vc_column][\/vc_row][vc_row][vc_column][vc_separator][vc_custom_heading text=&#8221;\u00c9gerh\u00e1zi Imre \u00f6szt\u00f6nd\u00edj&#8221; use_theme_fonts=&#8221;yes&#8221; el_class=&#8221;mb60 mb30-md&#8221; link=&#8221;url:http%3A%2F%2Fegerhaziimre.magex.hu%2Findex.php%2Farchivum%2Fegerhazi-osztondij%2F|title:%5B%3Ahu%5D%C3%89gerh%C3%A1zi%20Imre%20%C3%B6szt%C3%B6nd%C3%ADj%5B%3Aen%5DImre%20%C3%89gerh%C3%A1zi%20scholarship%5B%3A%5D&#8221;][vc_column_text]A 2001. november 14-\u00e9n tragikus balesetben elhunyt m\u0171v\u00e9sz v\u00e9gakarat\u00e1nak megfelel\u0151en fiai a Debreceni Reform\u00e1tus Koll\u00e9gium D\u00f3czy Gimn\u00e1zium\u00e1val, illetve annak igazgat\u00f3-helyettes\u00e9vel, Arany Lajossal kialak\u00edtott j\u00f3 kapcsolat eredm\u00e9nyek\u00e9nt 2004\/05-be hirdett\u00e9k meg el\u0151sz\u00f6r az \u00c9gerh\u00e1zi Imre \u00d6szt\u00f6nd\u00edjat. Ezt minden \u00e9v szeptember m\u00e1sodik\u00e1n, a fest\u0151m\u0171v\u00e9sz sz\u00fclet\u00e9s\u00e9nek \u00e9vfordul\u00f3j\u00e1n veheti \u00e1t a k\u00e9pz\u0151m\u0171v\u00e9szet ter\u00e9n az el\u0151z\u0151 tan\u00e9vben legjobb teljes\u00edtm\u00e9nyt ny\u00fajt\u00f3 di\u00e1k, akinek szem\u00e9ly\u00e9re az iskola m\u0171v\u00e9sz-tan\u00e1ra, Buka L\u00e1szl\u00f3 tesz javaslatot. Az \u00fcnnep\u00e9lyes keretek k\u00f6z\u00f6tt \u00e9vente megrendezett d\u00edj\u00e1tad\u00f3 \u00fcnneps\u00e9gnek az int\u00e9zm\u00e9ny harmadik emelet\u00e9n 2004-ben \u00c9gerh\u00e1zi Imre k\u00e9peivel megnyitott D\u00f3czy Gal\u00e9ria ad otthont.[\/vc_column_text][vc_basic_grid post_type=&#8221;page&#8221; max_items=&#8221;4&#8243; element_width=&#8221;3&#8243; gap=&#8221;15&#8243; orderby=&#8221;title&#8221; item=&#8221;491&#8243; grid_id=&#8221;vc_gid:1601379816690-6cc44f78-6dd1-8&#8243; taxonomies=&#8221;159&#8243;][vc_btn title=&#8221;\u00d6sszes mutat\u00e1sa&#8221; shape=&#8221;square&#8221; color=&#8221;orange&#8221; link=&#8221;url:http%3A%2F%2Fegerhaziimre.hu%2Findex.php%2Farchivum%2Fegerhazi-osztondij%2F|title:%C3%89gerh%C3%A1zi%20%C3%96szt%C3%B6nd%C3%ADj&#8221;][\/vc_column][\/vc_row]\n\n<\/div>","protected":false},"excerpt":{"rendered":"<p>[vc_row el_class=&#8221;margin_bottom_0 padding_bottom_0&#8243;][vc_column][vc_custom_heading text=&#8221;H\u00edrarch\u00edvum&#8221; use_theme_fonts=&#8221;yes&#8221; el_class=&#8221;mb60 mb30-md&#8221;][vc_column_text]\u00c9gerh\u00e1zi Imre m\u0171v\u00e9szeti hagyat\u00e9k\u00e1t az \u00c9gerh\u00e1zi csal\u00e1d igyekszek a legnagyobb gondoss\u00e1ggal kezelni, n\u00e9pszer\u0171s\u00edteni \u00e9s kutathat\u00f3v\u00e1 tenni. A m\u0171v\u00e9sz hal\u00e1la ut\u00e1ni fontosabb esem\u00e9nyekr\u0151l sz\u00f3l\u00f3 h\u00edrad\u00e1sokat a h\u00edrarch\u00edvumban gy\u0171jt\u00f6tt\u00fck \u00f6ssze.[\/vc_column_text][vc_basic_grid post_type=&#8221;page&#8221; max_items=&#8221;4&#8243; element_width=&#8221;3&#8243; gap=&#8221;15&#8243; item=&#8221;491&#8243; grid_id=&#8221;vc_gid:1601379816684-278c169f-737b-8&#8243; taxonomies=&#8221;13, 14&#8243;][vc_btn title=&#8221;\u00d6sszes mutat\u00e1sa&#8221; shape=&#8221;square&#8221; color=&#8221;orange&#8221; link=&#8221;url:http%3A%2F%2Fegerhaziimre.hu%2Findex.php%2Feletrajz%2Faktualitasok-hirek%2F|title:Aktualit%C3%A1sok%2C%20h%C3%ADrek&#8221;][\/vc_column][\/vc_row][vc_row el_class=&#8221;margin_bottom_0 padding_bottom_0&#8243;][vc_column][vc_separator][vc_custom_heading text=&#8221;Audiovizu\u00e1lis Arch\u00edvum&#8221; use_theme_fonts=&#8221;yes&#8221; el_class=&#8221;mb60 mb30-md&#8221;][vc_column_text]Az audiovizu\u00e1lis arch\u00edvumban tal\u00e1lhat\u00f3ak \u00c9gerh\u00e1zi Imre \u00e9let\u00e9ben [&hellip;]<\/p>\n","protected":false},"author":4,"featured_media":0,"parent":0,"menu_order":0,"comment_status":"closed","ping_status":"closed","template":"","meta":{"footnotes":""},"categories":[27],"tags":[],"class_list":["post-3353","page","type-page","status-publish","hentry","category-listaoldal"],"yoast_head":"<!-- This site is optimized with the Yoast SEO plugin v27.0 - https:\/\/yoast.com\/product\/yoast-seo-wordpress\/ -->\n<title>Arch\u00edvum - \u00c9gerh\u00e1zi Imre<\/title>\n<meta name=\"robots\" content=\"index, follow, max-snippet:-1, max-image-preview:large, max-video-preview:-1\" \/>\n<link rel=\"canonical\" href=\"https:\/\/egerhaziimre.hu\/index.php\/archivum\/?lang=en\" \/>\n<meta property=\"og:locale\" content=\"hu_HU\" \/>\n<meta property=\"og:type\" content=\"article\" \/>\n<meta property=\"og:title\" content=\"Arch\u00edvum - \u00c9gerh\u00e1zi Imre\" \/>\n<meta property=\"og:description\" content=\"[vc_row el_class=&#8221;margin_bottom_0 padding_bottom_0&#8243;][vc_column][vc_custom_heading text=&#8221;H\u00edrarch\u00edvum&#8221; use_theme_fonts=&#8221;yes&#8221; el_class=&#8221;mb60 mb30-md&#8221;][vc_column_text]\u00c9gerh\u00e1zi Imre m\u0171v\u00e9szeti hagyat\u00e9k\u00e1t az \u00c9gerh\u00e1zi csal\u00e1d igyekszek a legnagyobb gondoss\u00e1ggal kezelni, n\u00e9pszer\u0171s\u00edteni \u00e9s kutathat\u00f3v\u00e1 tenni. A m\u0171v\u00e9sz hal\u00e1la ut\u00e1ni fontosabb esem\u00e9nyekr\u0151l sz\u00f3l\u00f3 h\u00edrad\u00e1sokat a h\u00edrarch\u00edvumban gy\u0171jt\u00f6tt\u00fck \u00f6ssze.[\/vc_column_text][vc_basic_grid post_type=&#8221;page&#8221; max_items=&#8221;4&#8243; element_width=&#8221;3&#8243; gap=&#8221;15&#8243; item=&#8221;491&#8243; grid_id=&#8221;vc_gid:1601379816684-278c169f-737b-8&#8243; taxonomies=&#8221;13, 14&#8243;][vc_btn title=&#8221;\u00d6sszes mutat\u00e1sa&#8221; shape=&#8221;square&#8221; color=&#8221;orange&#8221; link=&#8221;url:http%3A%2F%2Fegerhaziimre.hu%2Findex.php%2Feletrajz%2Faktualitasok-hirek%2F|title:Aktualit%C3%A1sok%2C%20h%C3%ADrek&#8221;][\/vc_column][\/vc_row][vc_row el_class=&#8221;margin_bottom_0 padding_bottom_0&#8243;][vc_column][vc_separator][vc_custom_heading text=&#8221;Audiovizu\u00e1lis Arch\u00edvum&#8221; use_theme_fonts=&#8221;yes&#8221; el_class=&#8221;mb60 mb30-md&#8221;][vc_column_text]Az audiovizu\u00e1lis arch\u00edvumban tal\u00e1lhat\u00f3ak \u00c9gerh\u00e1zi Imre \u00e9let\u00e9ben [&hellip;]\" \/>\n<meta property=\"og:url\" content=\"https:\/\/egerhaziimre.hu\/index.php\/archivum\/?lang=en\" \/>\n<meta property=\"og:site_name\" content=\"\u00c9gerh\u00e1zi Imre\" \/>\n<meta property=\"article:modified_time\" content=\"2020-10-01T07:51:11+00:00\" \/>\n<meta name=\"twitter:card\" content=\"summary_large_image\" \/>\n<meta name=\"twitter:label1\" content=\"Becs\u00fclt olvas\u00e1si id\u0151\" \/>\n\t<meta name=\"twitter:data1\" content=\"9 perc\" \/>\n<script type=\"application\/ld+json\" class=\"yoast-schema-graph\">{\"@context\":\"https:\/\/schema.org\",\"@graph\":[{\"@type\":\"WebPage\",\"@id\":\"https:\/\/egerhaziimre.hu\/index.php\/archivum\/?lang=en\",\"url\":\"https:\/\/egerhaziimre.hu\/index.php\/archivum\/?lang=en\",\"name\":\"Arch\u00edvum - \u00c9gerh\u00e1zi Imre\",\"isPartOf\":{\"@id\":\"https:\/\/egerhaziimre.hu\/#website\"},\"datePublished\":\"2020-06-11T07:55:08+00:00\",\"dateModified\":\"2020-10-01T07:51:11+00:00\",\"breadcrumb\":{\"@id\":\"https:\/\/egerhaziimre.hu\/index.php\/archivum\/?lang=en#breadcrumb\"},\"inLanguage\":\"hu\",\"potentialAction\":[{\"@type\":\"ReadAction\",\"target\":[\"https:\/\/egerhaziimre.hu\/index.php\/archivum\/?lang=en\"]}]},{\"@type\":\"BreadcrumbList\",\"@id\":\"https:\/\/egerhaziimre.hu\/index.php\/archivum\/?lang=en#breadcrumb\",\"itemListElement\":[{\"@type\":\"ListItem\",\"position\":1,\"name\":\"Home\",\"item\":\"https:\/\/egerhaziimre.hu\/\"},{\"@type\":\"ListItem\",\"position\":2,\"name\":\"Archives\"}]},{\"@type\":\"WebSite\",\"@id\":\"https:\/\/egerhaziimre.hu\/#website\",\"url\":\"https:\/\/egerhaziimre.hu\/\",\"name\":\"\u00c9gerh\u00e1zi Imre\",\"description\":\"\",\"potentialAction\":[{\"@type\":\"SearchAction\",\"target\":{\"@type\":\"EntryPoint\",\"urlTemplate\":\"https:\/\/egerhaziimre.hu\/?s={search_term_string}\"},\"query-input\":{\"@type\":\"PropertyValueSpecification\",\"valueRequired\":true,\"valueName\":\"search_term_string\"}}],\"inLanguage\":\"hu\"}]}<\/script>\n<!-- \/ Yoast SEO plugin. -->","yoast_head_json":{"title":"Arch\u00edvum - \u00c9gerh\u00e1zi Imre","robots":{"index":"index","follow":"follow","max-snippet":"max-snippet:-1","max-image-preview":"max-image-preview:large","max-video-preview":"max-video-preview:-1"},"canonical":"https:\/\/egerhaziimre.hu\/index.php\/archivum\/?lang=en","og_locale":"hu_HU","og_type":"article","og_title":"Arch\u00edvum - \u00c9gerh\u00e1zi Imre","og_description":"[vc_row el_class=&#8221;margin_bottom_0 padding_bottom_0&#8243;][vc_column][vc_custom_heading text=&#8221;H\u00edrarch\u00edvum&#8221; use_theme_fonts=&#8221;yes&#8221; el_class=&#8221;mb60 mb30-md&#8221;][vc_column_text]\u00c9gerh\u00e1zi Imre m\u0171v\u00e9szeti hagyat\u00e9k\u00e1t az \u00c9gerh\u00e1zi csal\u00e1d igyekszek a legnagyobb gondoss\u00e1ggal kezelni, n\u00e9pszer\u0171s\u00edteni \u00e9s kutathat\u00f3v\u00e1 tenni. A m\u0171v\u00e9sz hal\u00e1la ut\u00e1ni fontosabb esem\u00e9nyekr\u0151l sz\u00f3l\u00f3 h\u00edrad\u00e1sokat a h\u00edrarch\u00edvumban gy\u0171jt\u00f6tt\u00fck \u00f6ssze.[\/vc_column_text][vc_basic_grid post_type=&#8221;page&#8221; max_items=&#8221;4&#8243; element_width=&#8221;3&#8243; gap=&#8221;15&#8243; item=&#8221;491&#8243; grid_id=&#8221;vc_gid:1601379816684-278c169f-737b-8&#8243; taxonomies=&#8221;13, 14&#8243;][vc_btn title=&#8221;\u00d6sszes mutat\u00e1sa&#8221; shape=&#8221;square&#8221; color=&#8221;orange&#8221; link=&#8221;url:http%3A%2F%2Fegerhaziimre.hu%2Findex.php%2Feletrajz%2Faktualitasok-hirek%2F|title:Aktualit%C3%A1sok%2C%20h%C3%ADrek&#8221;][\/vc_column][\/vc_row][vc_row el_class=&#8221;margin_bottom_0 padding_bottom_0&#8243;][vc_column][vc_separator][vc_custom_heading text=&#8221;Audiovizu\u00e1lis Arch\u00edvum&#8221; use_theme_fonts=&#8221;yes&#8221; el_class=&#8221;mb60 mb30-md&#8221;][vc_column_text]Az audiovizu\u00e1lis arch\u00edvumban tal\u00e1lhat\u00f3ak \u00c9gerh\u00e1zi Imre \u00e9let\u00e9ben [&hellip;]","og_url":"https:\/\/egerhaziimre.hu\/index.php\/archivum\/?lang=en","og_site_name":"\u00c9gerh\u00e1zi Imre","article_modified_time":"2020-10-01T07:51:11+00:00","twitter_card":"summary_large_image","twitter_misc":{"Becs\u00fclt olvas\u00e1si id\u0151":"9 perc"},"schema":{"@context":"https:\/\/schema.org","@graph":[{"@type":"WebPage","@id":"https:\/\/egerhaziimre.hu\/index.php\/archivum\/?lang=en","url":"https:\/\/egerhaziimre.hu\/index.php\/archivum\/?lang=en","name":"Arch\u00edvum - \u00c9gerh\u00e1zi Imre","isPartOf":{"@id":"https:\/\/egerhaziimre.hu\/#website"},"datePublished":"2020-06-11T07:55:08+00:00","dateModified":"2020-10-01T07:51:11+00:00","breadcrumb":{"@id":"https:\/\/egerhaziimre.hu\/index.php\/archivum\/?lang=en#breadcrumb"},"inLanguage":"hu","potentialAction":[{"@type":"ReadAction","target":["https:\/\/egerhaziimre.hu\/index.php\/archivum\/?lang=en"]}]},{"@type":"BreadcrumbList","@id":"https:\/\/egerhaziimre.hu\/index.php\/archivum\/?lang=en#breadcrumb","itemListElement":[{"@type":"ListItem","position":1,"name":"Home","item":"https:\/\/egerhaziimre.hu\/"},{"@type":"ListItem","position":2,"name":"Archives"}]},{"@type":"WebSite","@id":"https:\/\/egerhaziimre.hu\/#website","url":"https:\/\/egerhaziimre.hu\/","name":"\u00c9gerh\u00e1zi Imre","description":"","potentialAction":[{"@type":"SearchAction","target":{"@type":"EntryPoint","urlTemplate":"https:\/\/egerhaziimre.hu\/?s={search_term_string}"},"query-input":{"@type":"PropertyValueSpecification","valueRequired":true,"valueName":"search_term_string"}}],"inLanguage":"hu"}]}},"jetpack_sharing_enabled":true,"_links":{"self":[{"href":"https:\/\/egerhaziimre.hu\/index.php\/wp-json\/wp\/v2\/pages\/3353","targetHints":{"allow":["GET"]}}],"collection":[{"href":"https:\/\/egerhaziimre.hu\/index.php\/wp-json\/wp\/v2\/pages"}],"about":[{"href":"https:\/\/egerhaziimre.hu\/index.php\/wp-json\/wp\/v2\/types\/page"}],"author":[{"embeddable":true,"href":"https:\/\/egerhaziimre.hu\/index.php\/wp-json\/wp\/v2\/users\/4"}],"replies":[{"embeddable":true,"href":"https:\/\/egerhaziimre.hu\/index.php\/wp-json\/wp\/v2\/comments?post=3353"}],"version-history":[{"count":38,"href":"https:\/\/egerhaziimre.hu\/index.php\/wp-json\/wp\/v2\/pages\/3353\/revisions"}],"predecessor-version":[{"id":10250,"href":"https:\/\/egerhaziimre.hu\/index.php\/wp-json\/wp\/v2\/pages\/3353\/revisions\/10250"}],"wp:attachment":[{"href":"https:\/\/egerhaziimre.hu\/index.php\/wp-json\/wp\/v2\/media?parent=3353"}],"wp:term":[{"taxonomy":"category","embeddable":true,"href":"https:\/\/egerhaziimre.hu\/index.php\/wp-json\/wp\/v2\/categories?post=3353"},{"taxonomy":"post_tag","embeddable":true,"href":"https:\/\/egerhaziimre.hu\/index.php\/wp-json\/wp\/v2\/tags?post=3353"}],"curies":[{"name":"wp","href":"https:\/\/api.w.org\/{rel}","templated":true}]}}