{"id":3384,"date":"2020-06-11T10:55:09","date_gmt":"2020-06-11T08:55:09","guid":{"rendered":"http:\/\/egerhaziimre.magex.hu\/?page_id=3384"},"modified":"2024-11-06T13:22:10","modified_gmt":"2024-11-06T12:22:10","slug":"tancolnak-a-kazlak-2","status":"publish","type":"page","link":"https:\/\/egerhaziimre.hu\/index.php\/eletmu\/tancolnak-a-kazlak-2\/","title":{"rendered":"Zaricsev\u00f3ban (Foly\u00f3n t\u00fal) t\u00e1ncolnak a kazlak"},"content":{"rendered":"<div class=\"wpb-content-wrapper\">[vc_row][vc_column][vc_custom_heading source=&#8221;post_title&#8221; font_container=&#8221;tag:h2|text_align:center&#8221; use_theme_fonts=&#8221;yes&#8221; el_class=&#8221;mb60 mb30-md&#8221;][vc_empty_space][vc_single_image image=&#8221;3371&#8243; img_size=&#8221;large&#8221; alignment=&#8221;center&#8221; style=&#8221;xtd-shadow&#8211;large-normal&#8221; onclick=&#8221;custom_link&#8221; img_link_target=&#8221;_blank&#8221; link=&#8221;https:\/\/egerhaziimre.hu\/wp-content\/uploads\/2020\/06\/0064_tancolnak70x70_RGB.jpg&#8221;][vc_empty_space][vc_column_text]\n<p style=\"text-align: center;\">olaj, farost, 70&#215;70 cm<br \/>\n1985<\/p>\n<p><!--more-->[\/vc_column_text][vc_separator][vc_column_text]\n<h6 style=\"text-align: center;\">Zaricsev\u00f3ban (Foly\u00f3n t\u00fal) t\u00e1ncolnak a kazlak<\/h6>\n<p>\u00c9gerh\u00e1zi Imre t\u00f6bb nemzetk\u00f6zi m\u0171v\u00e9sztelepre rendszeresen ell\u00e1togatott hat\u00e1rainkon k\u00edv\u00fcl is. Ezek k\u00f6z\u00fcl az egyik kedvenc \u00fatic\u00e9lja K\u00e1rp\u00e1talja volt, ahol Dubrinic, Kamjanka \u00e9s Munk\u00e1cs m\u0171v\u00e9szk\u00f6z\u00f6ss\u00e9geiben is dolgozott. Ezek a telepek t\u00falnyom\u00f3r\u00e9szt a plein air jegy\u00e9ben m\u0171k\u00f6dtek, azaz a m\u0171v\u00e9szek a term\u00e9szetben festettek vagy k\u00e9sz\u00edtettek v\u00e1zlatokat.<br \/>\nA zaricsev\u00f3i k\u00f6rnyezet ihlette a r\u00f6viden csak T\u00e1ncolnak a kazlakk\u00e9nt ismert festm\u00e9nyt. \u00c9gerh\u00e1zi Imre rendszeresen jelen\u00edtette meg a term\u00e9szeti objektumokat vagy h\u00e1zakat, mint alleg\u00f3rikus szem\u00e9lyeket vagy \u00e9l\u0151l\u00e9nyeket. \u00cdgy a hegyoldalban sorakoz\u00f3 kazlak l\u00e1tv\u00e1nya a lemen\u0151 nap f\u00e9ny\u00e9ben t\u00e1ncol\u00f3 alakokra eml\u00e9keztette. K\u00fcl\u00f6nleges a festm\u00e9ny sz\u00ednv\u00e1laszt\u00e1sa, hiszen a v\u00f6r\u00f6sek domin\u00e1lnak, a naplement\u00e9vel val\u00f3 \u00f6sszef\u00fcgg\u00e9s jegy\u00e9ben. Ez a sz\u00ednvil\u00e1g egy\u00e9bk\u00e9nt nem volt idegen a fest\u0151t\u0151l, hiszen 7-10 \u00e9vvel kor\u00e1bban rendszeresen k\u00e9sz\u00fcltek v\u00f6r\u00f6s t\u00f3nus\u00fa festm\u00e9nyek. Azonban az 1985-\u00f6s alkot\u00e1sokat n\u00e9zve ez egy teljesen egyedi sz\u00ednv\u00e1laszt\u00e1s lett.<br \/>\n\u00c9gerh\u00e1zi Imre ezt a festm\u00e9ny egyik legjobb alkot\u00e1s\u00e1nak tartotta \u00e9s a \u201990-es \u00e9vek k\u00f6zep\u00e9n a Magyar Nemzeti Gal\u00e9ri\u00e1nak aj\u00e1nd\u00e9kozta. A fest\u0151m\u0171v\u00e9sz fi\u00e1nak, \u00c9gerh\u00e1zi Attil\u00e1nak is egyik kedvenc m\u0171ve volt az \u00e9desapj\u00e1t\u00f3l, ez\u00e9rt is v\u00e1lasztotta zenekara 2003-as album\u00e1nak bor\u00edt\u00f3j\u00e1ra. A Djabe zenekar T\u00e1ncolnak a Kazlak c. kiadv\u00e1ny\u00e1n \u00c9gerh\u00e1zi Imre festm\u00e9nyekre kompon\u00e1ltak zenesz\u00e1mokat, egy festm\u00e9ny \u2013 egy zenesz\u00e1m koncepci\u00f3ban.<\/p>\n<p>A Zaricsev\u00f3ban (Foly\u00f3n t\u00fal) t\u00e1ncolnak a kazlak t\u00e1blak\u00e9p az egyik legt\u00f6bbet ki\u00e1ll\u00edtott \u00c9gerh\u00e1zi Imre alkot\u00e1s a m\u0171v\u00e9sz hagyat\u00e9k\u00e1ban, melyet nemcsak \u00e9let\u00e9ben, hanem hal\u00e1la ut\u00e1n is rendszeresen szerepeltettek t\u00e1rlatokon.<\/p>\n<p>A festm\u00e9ny a Magyar Nemzeti Gal\u00e9ria tulajdona. Jelenleg \u00e1lland\u00f3 ki\u00e1ll\u00edt\u00e1son nem szerepel.[\/vc_column_text][\/vc_column][\/vc_row]\n<\/div>","protected":false},"excerpt":{"rendered":"<p>[vc_row][vc_column][vc_custom_heading source=&#8221;post_title&#8221; font_container=&#8221;tag:h2|text_align:center&#8221; use_theme_fonts=&#8221;yes&#8221; el_class=&#8221;mb60 mb30-md&#8221;][vc_empty_space][vc_single_image image=&#8221;3371&#8243; img_size=&#8221;large&#8221; alignment=&#8221;center&#8221; style=&#8221;xtd-shadow&#8211;large-normal&#8221; onclick=&#8221;custom_link&#8221; img_link_target=&#8221;_blank&#8221; link=&#8221;https:\/\/egerhaziimre.hu\/wp-content\/uploads\/2020\/06\/0064_tancolnak70x70_RGB.jpg&#8221;][vc_empty_space][vc_column_text] olaj, farost, 70&#215;70 cm 1985<\/p>\n","protected":false},"author":5,"featured_media":3371,"parent":3496,"menu_order":0,"comment_status":"closed","ping_status":"closed","template":"","meta":{"footnotes":""},"categories":[128],"tags":[129,180,151,152],"class_list":["post-3384","page","type-page","status-publish","has-post-thumbnail","hentry","category-festmenyek","tag-129","tag-1998_06_leczna","tag-kepajanlo","tag-olajfestmeny"],"yoast_head":"<!-- This site is optimized with the Yoast SEO plugin v27.0 - https:\/\/yoast.com\/product\/yoast-seo-wordpress\/ -->\n<title>Zaricsev\u00f3ban (Foly\u00f3n t\u00fal) t\u00e1ncolnak a kazlak - \u00c9gerh\u00e1zi Imre<\/title>\n<meta name=\"robots\" content=\"index, follow, max-snippet:-1, max-image-preview:large, max-video-preview:-1\" \/>\n<link rel=\"canonical\" href=\"https:\/\/egerhaziimre.hu\/index.php\/eletmu\/tancolnak-a-kazlak-2\/\" \/>\n<meta property=\"og:locale\" content=\"hu_HU\" \/>\n<meta property=\"og:type\" content=\"article\" \/>\n<meta property=\"og:title\" content=\"\u00c9gerh\u00e1zi Imre\" \/>\n<meta property=\"og:description\" content=\"[vc_row][vc_column][vc_custom_heading source=&#8221;post_title&#8221; font_container=&#8221;tag:h2|text_align:center&#8221; use_theme_fonts=&#8221;yes&#8221; el_class=&#8221;mb60 mb30-md&#8221;][vc_empty_space][vc_single_image image=&#8221;3371&#8243; img_size=&#8221;large&#8221; alignment=&#8221;center&#8221; style=&#8221;xtd-shadow&#8211;large-normal&#8221; onclick=&#8221;custom_link&#8221; img_link_target=&#8221;_blank&#8221; link=&#8221;https:\/\/egerhaziimre.hu\/wp-content\/uploads\/2020\/06\/0064_tancolnak70x70_RGB.jpg&#8221;][vc_empty_space][vc_column_text] olaj, farost, 70&#215;70 cm 1985\" \/>\n<meta property=\"og:url\" content=\"https:\/\/egerhaziimre.hu\/index.php\/eletmu\/tancolnak-a-kazlak-2\/\" \/>\n<meta property=\"og:site_name\" content=\"\u00c9gerh\u00e1zi Imre\" \/>\n<meta property=\"article:modified_time\" content=\"2024-11-06T12:22:10+00:00\" \/>\n<meta property=\"og:image\" content=\"https:\/\/egerhaziimre.hu\/wp-content\/uploads\/kepek\/159.jpg\" \/>\n\t<meta property=\"og:image:width\" content=\"1968\" \/>\n\t<meta property=\"og:image:height\" content=\"2000\" \/>\n\t<meta property=\"og:image:type\" content=\"image\/jpeg\" \/>\n<meta name=\"twitter:card\" content=\"summary_large_image\" \/>\n<meta name=\"twitter:title\" content=\"\u00c9gerh\u00e1zi Imre\" \/>\n<meta name=\"twitter:image\" content=\"https:\/\/egerhaziimre.hu\/wp-content\/uploads\/kepek\/159.jpg\" \/>\n<meta name=\"twitter:label1\" content=\"Becs\u00fclt olvas\u00e1si id\u0151\" \/>\n\t<meta name=\"twitter:data1\" content=\"3 perc\" \/>\n<script type=\"application\/ld+json\" class=\"yoast-schema-graph\">{\"@context\":\"https:\/\/schema.org\",\"@graph\":[{\"@type\":\"WebPage\",\"@id\":\"https:\/\/egerhaziimre.hu\/index.php\/eletmu\/tancolnak-a-kazlak-2\/\",\"url\":\"https:\/\/egerhaziimre.hu\/index.php\/eletmu\/tancolnak-a-kazlak-2\/\",\"name\":\"Zaricsev\u00f3ban (Foly\u00f3n t\u00fal) t\u00e1ncolnak a kazlak - \u00c9gerh\u00e1zi Imre\",\"isPartOf\":{\"@id\":\"https:\/\/egerhaziimre.hu\/#website\"},\"primaryImageOfPage\":{\"@id\":\"https:\/\/egerhaziimre.hu\/index.php\/eletmu\/tancolnak-a-kazlak-2\/#primaryimage\"},\"image\":{\"@id\":\"https:\/\/egerhaziimre.hu\/index.php\/eletmu\/tancolnak-a-kazlak-2\/#primaryimage\"},\"thumbnailUrl\":\"https:\/\/egerhaziimre.hu\/wp-content\/uploads\/2020\/06\/0064_tancolnak70x70_RGB.jpg\",\"datePublished\":\"2020-06-11T08:55:09+00:00\",\"dateModified\":\"2024-11-06T12:22:10+00:00\",\"breadcrumb\":{\"@id\":\"https:\/\/egerhaziimre.hu\/index.php\/eletmu\/tancolnak-a-kazlak-2\/#breadcrumb\"},\"inLanguage\":\"hu\",\"potentialAction\":[{\"@type\":\"ReadAction\",\"target\":[\"https:\/\/egerhaziimre.hu\/index.php\/eletmu\/tancolnak-a-kazlak-2\/\"]}]},{\"@type\":\"ImageObject\",\"inLanguage\":\"hu\",\"@id\":\"https:\/\/egerhaziimre.hu\/index.php\/eletmu\/tancolnak-a-kazlak-2\/#primaryimage\",\"url\":\"https:\/\/egerhaziimre.hu\/wp-content\/uploads\/2020\/06\/0064_tancolnak70x70_RGB.jpg\",\"contentUrl\":\"https:\/\/egerhaziimre.hu\/wp-content\/uploads\/2020\/06\/0064_tancolnak70x70_RGB.jpg\",\"width\":1968,\"height\":2000,\"caption\":\"oil, board 70x70 1985\"},{\"@type\":\"BreadcrumbList\",\"@id\":\"https:\/\/egerhaziimre.hu\/index.php\/eletmu\/tancolnak-a-kazlak-2\/#breadcrumb\",\"itemListElement\":[{\"@type\":\"ListItem\",\"position\":1,\"name\":\"Home\",\"item\":\"https:\/\/egerhaziimre.hu\/\"},{\"@type\":\"ListItem\",\"position\":2,\"name\":\"Life work\",\"item\":\"https:\/\/egerhaziimre.hu\/index.php\/eletmu\/?lang=en\"},{\"@type\":\"ListItem\",\"position\":3,\"name\":\"Zaricsev\u00f3ban (Foly\u00f3n t\u00fal) t\u00e1ncolnak a kazlak\"}]},{\"@type\":\"WebSite\",\"@id\":\"https:\/\/egerhaziimre.hu\/#website\",\"url\":\"https:\/\/egerhaziimre.hu\/\",\"name\":\"\u00c9gerh\u00e1zi Imre\",\"description\":\"\",\"potentialAction\":[{\"@type\":\"SearchAction\",\"target\":{\"@type\":\"EntryPoint\",\"urlTemplate\":\"https:\/\/egerhaziimre.hu\/?s={search_term_string}\"},\"query-input\":{\"@type\":\"PropertyValueSpecification\",\"valueRequired\":true,\"valueName\":\"search_term_string\"}}],\"inLanguage\":\"hu\"}]}<\/script>\n<!-- \/ Yoast SEO plugin. -->","yoast_head_json":{"title":"Zaricsev\u00f3ban (Foly\u00f3n t\u00fal) t\u00e1ncolnak a kazlak - \u00c9gerh\u00e1zi Imre","robots":{"index":"index","follow":"follow","max-snippet":"max-snippet:-1","max-image-preview":"max-image-preview:large","max-video-preview":"max-video-preview:-1"},"canonical":"https:\/\/egerhaziimre.hu\/index.php\/eletmu\/tancolnak-a-kazlak-2\/","og_locale":"hu_HU","og_type":"article","og_title":"\u00c9gerh\u00e1zi Imre","og_description":"[vc_row][vc_column][vc_custom_heading source=&#8221;post_title&#8221; font_container=&#8221;tag:h2|text_align:center&#8221; use_theme_fonts=&#8221;yes&#8221; el_class=&#8221;mb60 mb30-md&#8221;][vc_empty_space][vc_single_image image=&#8221;3371&#8243; img_size=&#8221;large&#8221; alignment=&#8221;center&#8221; style=&#8221;xtd-shadow&#8211;large-normal&#8221; onclick=&#8221;custom_link&#8221; img_link_target=&#8221;_blank&#8221; link=&#8221;https:\/\/egerhaziimre.hu\/wp-content\/uploads\/2020\/06\/0064_tancolnak70x70_RGB.jpg&#8221;][vc_empty_space][vc_column_text] olaj, farost, 70&#215;70 cm 1985","og_url":"https:\/\/egerhaziimre.hu\/index.php\/eletmu\/tancolnak-a-kazlak-2\/","og_site_name":"\u00c9gerh\u00e1zi Imre","article_modified_time":"2024-11-06T12:22:10+00:00","og_image":[{"width":1968,"height":2000,"url":"https:\/\/egerhaziimre.hu\/wp-content\/uploads\/kepek\/159.jpg","type":"image\/jpeg"}],"twitter_card":"summary_large_image","twitter_title":"\u00c9gerh\u00e1zi Imre","twitter_image":"https:\/\/egerhaziimre.hu\/wp-content\/uploads\/kepek\/159.jpg","twitter_misc":{"Becs\u00fclt olvas\u00e1si id\u0151":"3 perc"},"schema":{"@context":"https:\/\/schema.org","@graph":[{"@type":"WebPage","@id":"https:\/\/egerhaziimre.hu\/index.php\/eletmu\/tancolnak-a-kazlak-2\/","url":"https:\/\/egerhaziimre.hu\/index.php\/eletmu\/tancolnak-a-kazlak-2\/","name":"Zaricsev\u00f3ban (Foly\u00f3n t\u00fal) t\u00e1ncolnak a kazlak - \u00c9gerh\u00e1zi Imre","isPartOf":{"@id":"https:\/\/egerhaziimre.hu\/#website"},"primaryImageOfPage":{"@id":"https:\/\/egerhaziimre.hu\/index.php\/eletmu\/tancolnak-a-kazlak-2\/#primaryimage"},"image":{"@id":"https:\/\/egerhaziimre.hu\/index.php\/eletmu\/tancolnak-a-kazlak-2\/#primaryimage"},"thumbnailUrl":"https:\/\/egerhaziimre.hu\/wp-content\/uploads\/2020\/06\/0064_tancolnak70x70_RGB.jpg","datePublished":"2020-06-11T08:55:09+00:00","dateModified":"2024-11-06T12:22:10+00:00","breadcrumb":{"@id":"https:\/\/egerhaziimre.hu\/index.php\/eletmu\/tancolnak-a-kazlak-2\/#breadcrumb"},"inLanguage":"hu","potentialAction":[{"@type":"ReadAction","target":["https:\/\/egerhaziimre.hu\/index.php\/eletmu\/tancolnak-a-kazlak-2\/"]}]},{"@type":"ImageObject","inLanguage":"hu","@id":"https:\/\/egerhaziimre.hu\/index.php\/eletmu\/tancolnak-a-kazlak-2\/#primaryimage","url":"https:\/\/egerhaziimre.hu\/wp-content\/uploads\/2020\/06\/0064_tancolnak70x70_RGB.jpg","contentUrl":"https:\/\/egerhaziimre.hu\/wp-content\/uploads\/2020\/06\/0064_tancolnak70x70_RGB.jpg","width":1968,"height":2000,"caption":"oil, board 70x70 1985"},{"@type":"BreadcrumbList","@id":"https:\/\/egerhaziimre.hu\/index.php\/eletmu\/tancolnak-a-kazlak-2\/#breadcrumb","itemListElement":[{"@type":"ListItem","position":1,"name":"Home","item":"https:\/\/egerhaziimre.hu\/"},{"@type":"ListItem","position":2,"name":"Life work","item":"https:\/\/egerhaziimre.hu\/index.php\/eletmu\/?lang=en"},{"@type":"ListItem","position":3,"name":"Zaricsev\u00f3ban (Foly\u00f3n t\u00fal) t\u00e1ncolnak a kazlak"}]},{"@type":"WebSite","@id":"https:\/\/egerhaziimre.hu\/#website","url":"https:\/\/egerhaziimre.hu\/","name":"\u00c9gerh\u00e1zi Imre","description":"","potentialAction":[{"@type":"SearchAction","target":{"@type":"EntryPoint","urlTemplate":"https:\/\/egerhaziimre.hu\/?s={search_term_string}"},"query-input":{"@type":"PropertyValueSpecification","valueRequired":true,"valueName":"search_term_string"}}],"inLanguage":"hu"}]}},"jetpack_sharing_enabled":true,"_links":{"self":[{"href":"https:\/\/egerhaziimre.hu\/index.php\/wp-json\/wp\/v2\/pages\/3384","targetHints":{"allow":["GET"]}}],"collection":[{"href":"https:\/\/egerhaziimre.hu\/index.php\/wp-json\/wp\/v2\/pages"}],"about":[{"href":"https:\/\/egerhaziimre.hu\/index.php\/wp-json\/wp\/v2\/types\/page"}],"author":[{"embeddable":true,"href":"https:\/\/egerhaziimre.hu\/index.php\/wp-json\/wp\/v2\/users\/5"}],"replies":[{"embeddable":true,"href":"https:\/\/egerhaziimre.hu\/index.php\/wp-json\/wp\/v2\/comments?post=3384"}],"version-history":[{"count":12,"href":"https:\/\/egerhaziimre.hu\/index.php\/wp-json\/wp\/v2\/pages\/3384\/revisions"}],"predecessor-version":[{"id":18938,"href":"https:\/\/egerhaziimre.hu\/index.php\/wp-json\/wp\/v2\/pages\/3384\/revisions\/18938"}],"up":[{"embeddable":true,"href":"https:\/\/egerhaziimre.hu\/index.php\/wp-json\/wp\/v2\/pages\/3496"}],"wp:featuredmedia":[{"embeddable":true,"href":"https:\/\/egerhaziimre.hu\/index.php\/wp-json\/wp\/v2\/media\/3371"}],"wp:attachment":[{"href":"https:\/\/egerhaziimre.hu\/index.php\/wp-json\/wp\/v2\/media?parent=3384"}],"wp:term":[{"taxonomy":"category","embeddable":true,"href":"https:\/\/egerhaziimre.hu\/index.php\/wp-json\/wp\/v2\/categories?post=3384"},{"taxonomy":"post_tag","embeddable":true,"href":"https:\/\/egerhaziimre.hu\/index.php\/wp-json\/wp\/v2\/tags?post=3384"}],"curies":[{"name":"wp","href":"https:\/\/api.w.org\/{rel}","templated":true}]}}