{"id":3392,"date":"2020-06-11T11:31:53","date_gmt":"2020-06-11T09:31:53","guid":{"rendered":"http:\/\/egerhaziimre.magex.hu\/?page_id=3392"},"modified":"2024-11-06T14:22:45","modified_gmt":"2024-11-06T13:22:45","slug":"teli-hortobagy","status":"publish","type":"page","link":"https:\/\/egerhaziimre.hu\/index.php\/eletmu\/teli-hortobagy\/","title":{"rendered":"T\u00e9li Hortob\u00e1gy"},"content":{"rendered":"<div class=\"wpb-content-wrapper\">[vc_row][vc_column][vc_custom_heading source=&#8221;post_title&#8221; font_container=&#8221;tag:h2|text_align:center&#8221; use_theme_fonts=&#8221;yes&#8221; el_class=&#8221;mb60 mb30-md&#8221;][vc_empty_space][vc_single_image image=&#8221;131&#8243; img_size=&#8221;800&#215;640&#8243; alignment=&#8221;center&#8221; style=&#8221;xtd-shadow&#8211;large-normal&#8221; onclick=&#8221;custom_link&#8221; img_link_target=&#8221;_blank&#8221; link=&#8221;https:\/\/egerhaziimre.hu\/wp-content\/uploads\/kepek\/127.jpg&#8221;][vc_empty_space][vc_column_text]\n<p style=\"text-align: center;\">olaj, farost, 80&#215;100 cm<br \/>\n1984<\/p>\n<p><!--more-->[\/vc_column_text][vc_separator][vc_column_text]\n<h6 style=\"text-align: center;\"><strong>T\u00e9li Hortob\u00e1gy<\/strong><\/h6>\n<p>\u00c9gerh\u00e1zi Imre fest\u00e9szet\u00e9nek egyik legfontosabb t\u00e9m\u00e1ja a nagy magyar Alf\u00f6ld, ezen bel\u00fcl a Hortob\u00e1gy volt. Sok sz\u00e1z kiv\u00e1l\u00f3 festm\u00e9nyt k\u00e9sz\u00edtett a Hortob\u00e1gyon \u00e9s ezekb\u0151l sz\u00e1mos viseli is c\u00edm\u00e9ben a Hortob\u00e1gy sz\u00f3t. 1982-t\u0151l \u00fajraszervezte a 20-as \u00e9vekben el\u0151sz\u00f6r m\u0171k\u00f6d\u00f6tt hortob\u00e1gyi m\u0171v\u00e9sztelepet, Hortob\u00e1gyi Alkot\u00f3t\u00e1bor n\u00e9ven. Vezet\u00e9se alatt a fest\u0151m\u0171v\u00e9szeket, grafikusokat \u00e9s fot\u00f3sokat foglalkoztat\u00f3 t\u00e1bor nemzetk\u00f6zi szinten is elismert m\u0171v\u00e9szkol\u00f3ni\u00e1v\u00e1 n\u0151tte ki mag\u00e1t. A megszokott\u00f3l elt\u00e9r\u0151en az alkot\u00f3t\u00e1bor nem ny\u00e1ron, hanem febru\u00e1r 15. \u00e9s m\u00e1rcius 15. k\u00f6z\u00f6tt, k\u00e9thetes turnusokban fogadta a m\u0171v\u00e9szeket. Term\u00e9szetesen a szervez\u00e9si feladatok mellett \u00c9gerh\u00e1zi Imr\u00e9nek is volt lehet\u0151s\u00e9ge szebbn\u00e9l-szebb alkot\u00e1sokat k\u00e9sz\u00edteni a r\u00f3nas\u00e1gr\u00f3l. A k\u00fcl\u00f6nleges hortob\u00e1gyi kilenclyuk\u00fa h\u00edd szinte az egyetlen \u00e9p\u00edt\u00e9szeti nevezetess\u00e9ge a t\u00e1jnak \u00e9s ez\u00e9rt az itt dolgoz\u00f3 alkot\u00f3k rendszeresen megfestik.<\/p>\n<p>Az 1984-ben sz\u00fcletett T\u00e9li Hortob\u00e1gy c. festm\u00e9nyen is a kilenclyuk\u00fa h\u00edd h\u00eddfelj\u00e1r\u00f3ja, valamint a h\u00edd bolt\u00edvei alatt t\u00fckr\u00f6z\u0151d\u0151 Hortob\u00e1gy foly\u00f3 vize l\u00e1that\u00f3. Az alkot\u00e1s k\u00e9pi vil\u00e1g\u00e1ban \u00c9gerh\u00e1zi Imre 80-as \u00e9veire jellemz\u0151 k\u00e9kes, sz\u00fcrk\u00e9s, barn\u00e1s sz\u00ednkombin\u00e1ci\u00f3 domin\u00e1l. A festm\u00e9ny kompoz\u00edci\u00f3s \u00e9rt\u00e9keit tekintve a m\u0171v\u00e9sz egyik kiemelked\u0151 alkot\u00e1sa a teljes \u00e9letm\u0171vet tekintve. \u00c9gerh\u00e1zi Imre is tudta ennek jelent\u0151s\u00e9g\u00e9t, \u00edgy nem v\u00e9letlen\u00fcl v\u00e1lasztotta be abba a 100 festm\u00e9nyb\u0151l \u00e1ll\u00f3 gy\u0171jtem\u00e9nybe, melyet Hajd\u00fahadh\u00e1znak aj\u00e1nd\u00e9kozott.<\/p>\n<p>A Djabe zenekar \u00c9gerh\u00e1zi Imre k\u00e9peire kompon\u00e1lt T\u00e1ncolnak a Kazlak c. lemez\u00e9nek anyag\u00e1ban is megtal\u00e1lhatjuk a T\u00e9li Hortob\u00e1gy c. festm\u00e9nyt \u00e9s zenesz\u00e1mot.<\/p>\n<p>A festm\u00e9ny Hajd\u00fahadh\u00e1z tulajdona, az \u00c9gerh\u00e1zi Imre Eml\u00e9kh\u00e1zban tekinthet\u0151 meg.[\/vc_column_text][\/vc_column][\/vc_row]\n<\/div>","protected":false},"excerpt":{"rendered":"<p>[vc_row][vc_column][vc_custom_heading source=&#8221;post_title&#8221; font_container=&#8221;tag:h2|text_align:center&#8221; use_theme_fonts=&#8221;yes&#8221; el_class=&#8221;mb60 mb30-md&#8221;][vc_empty_space][vc_single_image image=&#8221;131&#8243; img_size=&#8221;800&#215;640&#8243; alignment=&#8221;center&#8221; style=&#8221;xtd-shadow&#8211;large-normal&#8221; onclick=&#8221;custom_link&#8221; img_link_target=&#8221;_blank&#8221; link=&#8221;https:\/\/egerhaziimre.hu\/wp-content\/uploads\/kepek\/127.jpg&#8221;][vc_empty_space][vc_column_text] olaj, farost, 80&#215;100 cm 1984<\/p>\n","protected":false},"author":5,"featured_media":3369,"parent":3496,"menu_order":0,"comment_status":"closed","ping_status":"closed","template":"","meta":{"footnotes":""},"categories":[128],"tags":[95,180,151,152],"class_list":["post-3392","page","type-page","status-publish","has-post-thumbnail","hentry","category-festmenyek","tag-95","tag-1998_06_leczna","tag-kepajanlo","tag-olajfestmeny"],"yoast_head":"<!-- This site is optimized with the Yoast SEO plugin v27.0 - https:\/\/yoast.com\/product\/yoast-seo-wordpress\/ -->\n<title>T\u00e9li Hortob\u00e1gy - \u00c9gerh\u00e1zi Imre<\/title>\n<meta name=\"robots\" content=\"index, follow, max-snippet:-1, max-image-preview:large, max-video-preview:-1\" \/>\n<link rel=\"canonical\" href=\"https:\/\/egerhaziimre.hu\/index.php\/eletmu\/teli-hortobagy\/\" \/>\n<meta property=\"og:locale\" content=\"hu_HU\" \/>\n<meta property=\"og:type\" content=\"article\" \/>\n<meta property=\"og:title\" content=\"\u00c9gerh\u00e1zi Imre\" \/>\n<meta property=\"og:description\" content=\"[vc_row][vc_column][vc_custom_heading source=&#8221;post_title&#8221; font_container=&#8221;tag:h2|text_align:center&#8221; use_theme_fonts=&#8221;yes&#8221; el_class=&#8221;mb60 mb30-md&#8221;][vc_empty_space][vc_single_image image=&#8221;131&#8243; img_size=&#8221;800&#215;640&#8243; alignment=&#8221;center&#8221; style=&#8221;xtd-shadow&#8211;large-normal&#8221; onclick=&#8221;custom_link&#8221; img_link_target=&#8221;_blank&#8221; link=&#8221;https:\/\/egerhaziimre.hu\/wp-content\/uploads\/kepek\/127.jpg&#8221;][vc_empty_space][vc_column_text] olaj, farost, 80&#215;100 cm 1984\" \/>\n<meta property=\"og:url\" content=\"https:\/\/egerhaziimre.hu\/index.php\/eletmu\/teli-hortobagy\/\" \/>\n<meta property=\"og:site_name\" content=\"\u00c9gerh\u00e1zi Imre\" \/>\n<meta property=\"article:modified_time\" content=\"2024-11-06T13:22:45+00:00\" \/>\n<meta property=\"og:image\" content=\"https:\/\/egerhaziimre.hu\/wp-content\/uploads\/kepek\/127.jpg\" \/>\n\t<meta property=\"og:image:width\" content=\"2000\" \/>\n\t<meta property=\"og:image:height\" content=\"1603\" \/>\n\t<meta property=\"og:image:type\" content=\"image\/jpeg\" \/>\n<meta name=\"twitter:card\" content=\"summary_large_image\" \/>\n<meta name=\"twitter:title\" content=\"\u00c9gerh\u00e1zi Imre\" \/>\n<meta name=\"twitter:image\" content=\"https:\/\/egerhaziimre.hu\/wp-content\/uploads\/kepek\/127.jpg\" \/>\n<meta name=\"twitter:label1\" content=\"Becs\u00fclt olvas\u00e1si id\u0151\" \/>\n\t<meta name=\"twitter:data1\" content=\"3 perc\" \/>\n<script type=\"application\/ld+json\" class=\"yoast-schema-graph\">{\"@context\":\"https:\/\/schema.org\",\"@graph\":[{\"@type\":\"WebPage\",\"@id\":\"https:\/\/egerhaziimre.hu\/index.php\/eletmu\/teli-hortobagy\/\",\"url\":\"https:\/\/egerhaziimre.hu\/index.php\/eletmu\/teli-hortobagy\/\",\"name\":\"T\u00e9li Hortob\u00e1gy - \u00c9gerh\u00e1zi Imre\",\"isPartOf\":{\"@id\":\"https:\/\/egerhaziimre.hu\/#website\"},\"primaryImageOfPage\":{\"@id\":\"https:\/\/egerhaziimre.hu\/index.php\/eletmu\/teli-hortobagy\/#primaryimage\"},\"image\":{\"@id\":\"https:\/\/egerhaziimre.hu\/index.php\/eletmu\/teli-hortobagy\/#primaryimage\"},\"thumbnailUrl\":\"https:\/\/egerhaziimre.hu\/wp-content\/uploads\/2020\/06\/0036_telihortobagy80x100_RGB.jpg\",\"datePublished\":\"2020-06-11T09:31:53+00:00\",\"dateModified\":\"2024-11-06T13:22:45+00:00\",\"breadcrumb\":{\"@id\":\"https:\/\/egerhaziimre.hu\/index.php\/eletmu\/teli-hortobagy\/#breadcrumb\"},\"inLanguage\":\"hu\",\"potentialAction\":[{\"@type\":\"ReadAction\",\"target\":[\"https:\/\/egerhaziimre.hu\/index.php\/eletmu\/teli-hortobagy\/\"]}]},{\"@type\":\"ImageObject\",\"inLanguage\":\"hu\",\"@id\":\"https:\/\/egerhaziimre.hu\/index.php\/eletmu\/teli-hortobagy\/#primaryimage\",\"url\":\"https:\/\/egerhaziimre.hu\/wp-content\/uploads\/2020\/06\/0036_telihortobagy80x100_RGB.jpg\",\"contentUrl\":\"https:\/\/egerhaziimre.hu\/wp-content\/uploads\/2020\/06\/0036_telihortobagy80x100_RGB.jpg\",\"width\":2000,\"height\":1603,\"caption\":\"olaj, farost 80x100 1984\"},{\"@type\":\"BreadcrumbList\",\"@id\":\"https:\/\/egerhaziimre.hu\/index.php\/eletmu\/teli-hortobagy\/#breadcrumb\",\"itemListElement\":[{\"@type\":\"ListItem\",\"position\":1,\"name\":\"Home\",\"item\":\"https:\/\/egerhaziimre.hu\/\"},{\"@type\":\"ListItem\",\"position\":2,\"name\":\"Life work\",\"item\":\"https:\/\/egerhaziimre.hu\/index.php\/eletmu\/?lang=en\"},{\"@type\":\"ListItem\",\"position\":3,\"name\":\"T\u00e9li Hortob\u00e1gy\"}]},{\"@type\":\"WebSite\",\"@id\":\"https:\/\/egerhaziimre.hu\/#website\",\"url\":\"https:\/\/egerhaziimre.hu\/\",\"name\":\"\u00c9gerh\u00e1zi Imre\",\"description\":\"\",\"potentialAction\":[{\"@type\":\"SearchAction\",\"target\":{\"@type\":\"EntryPoint\",\"urlTemplate\":\"https:\/\/egerhaziimre.hu\/?s={search_term_string}\"},\"query-input\":{\"@type\":\"PropertyValueSpecification\",\"valueRequired\":true,\"valueName\":\"search_term_string\"}}],\"inLanguage\":\"hu\"}]}<\/script>\n<!-- \/ Yoast SEO plugin. -->","yoast_head_json":{"title":"T\u00e9li Hortob\u00e1gy - \u00c9gerh\u00e1zi Imre","robots":{"index":"index","follow":"follow","max-snippet":"max-snippet:-1","max-image-preview":"max-image-preview:large","max-video-preview":"max-video-preview:-1"},"canonical":"https:\/\/egerhaziimre.hu\/index.php\/eletmu\/teli-hortobagy\/","og_locale":"hu_HU","og_type":"article","og_title":"\u00c9gerh\u00e1zi Imre","og_description":"[vc_row][vc_column][vc_custom_heading source=&#8221;post_title&#8221; font_container=&#8221;tag:h2|text_align:center&#8221; use_theme_fonts=&#8221;yes&#8221; el_class=&#8221;mb60 mb30-md&#8221;][vc_empty_space][vc_single_image image=&#8221;131&#8243; img_size=&#8221;800&#215;640&#8243; alignment=&#8221;center&#8221; style=&#8221;xtd-shadow&#8211;large-normal&#8221; onclick=&#8221;custom_link&#8221; img_link_target=&#8221;_blank&#8221; link=&#8221;https:\/\/egerhaziimre.hu\/wp-content\/uploads\/kepek\/127.jpg&#8221;][vc_empty_space][vc_column_text] olaj, farost, 80&#215;100 cm 1984","og_url":"https:\/\/egerhaziimre.hu\/index.php\/eletmu\/teli-hortobagy\/","og_site_name":"\u00c9gerh\u00e1zi Imre","article_modified_time":"2024-11-06T13:22:45+00:00","og_image":[{"width":2000,"height":1603,"url":"https:\/\/egerhaziimre.hu\/wp-content\/uploads\/kepek\/127.jpg","type":"image\/jpeg"}],"twitter_card":"summary_large_image","twitter_title":"\u00c9gerh\u00e1zi Imre","twitter_image":"https:\/\/egerhaziimre.hu\/wp-content\/uploads\/kepek\/127.jpg","twitter_misc":{"Becs\u00fclt olvas\u00e1si id\u0151":"3 perc"},"schema":{"@context":"https:\/\/schema.org","@graph":[{"@type":"WebPage","@id":"https:\/\/egerhaziimre.hu\/index.php\/eletmu\/teli-hortobagy\/","url":"https:\/\/egerhaziimre.hu\/index.php\/eletmu\/teli-hortobagy\/","name":"T\u00e9li Hortob\u00e1gy - \u00c9gerh\u00e1zi Imre","isPartOf":{"@id":"https:\/\/egerhaziimre.hu\/#website"},"primaryImageOfPage":{"@id":"https:\/\/egerhaziimre.hu\/index.php\/eletmu\/teli-hortobagy\/#primaryimage"},"image":{"@id":"https:\/\/egerhaziimre.hu\/index.php\/eletmu\/teli-hortobagy\/#primaryimage"},"thumbnailUrl":"https:\/\/egerhaziimre.hu\/wp-content\/uploads\/2020\/06\/0036_telihortobagy80x100_RGB.jpg","datePublished":"2020-06-11T09:31:53+00:00","dateModified":"2024-11-06T13:22:45+00:00","breadcrumb":{"@id":"https:\/\/egerhaziimre.hu\/index.php\/eletmu\/teli-hortobagy\/#breadcrumb"},"inLanguage":"hu","potentialAction":[{"@type":"ReadAction","target":["https:\/\/egerhaziimre.hu\/index.php\/eletmu\/teli-hortobagy\/"]}]},{"@type":"ImageObject","inLanguage":"hu","@id":"https:\/\/egerhaziimre.hu\/index.php\/eletmu\/teli-hortobagy\/#primaryimage","url":"https:\/\/egerhaziimre.hu\/wp-content\/uploads\/2020\/06\/0036_telihortobagy80x100_RGB.jpg","contentUrl":"https:\/\/egerhaziimre.hu\/wp-content\/uploads\/2020\/06\/0036_telihortobagy80x100_RGB.jpg","width":2000,"height":1603,"caption":"olaj, farost 80x100 1984"},{"@type":"BreadcrumbList","@id":"https:\/\/egerhaziimre.hu\/index.php\/eletmu\/teli-hortobagy\/#breadcrumb","itemListElement":[{"@type":"ListItem","position":1,"name":"Home","item":"https:\/\/egerhaziimre.hu\/"},{"@type":"ListItem","position":2,"name":"Life work","item":"https:\/\/egerhaziimre.hu\/index.php\/eletmu\/?lang=en"},{"@type":"ListItem","position":3,"name":"T\u00e9li Hortob\u00e1gy"}]},{"@type":"WebSite","@id":"https:\/\/egerhaziimre.hu\/#website","url":"https:\/\/egerhaziimre.hu\/","name":"\u00c9gerh\u00e1zi Imre","description":"","potentialAction":[{"@type":"SearchAction","target":{"@type":"EntryPoint","urlTemplate":"https:\/\/egerhaziimre.hu\/?s={search_term_string}"},"query-input":{"@type":"PropertyValueSpecification","valueRequired":true,"valueName":"search_term_string"}}],"inLanguage":"hu"}]}},"jetpack_sharing_enabled":true,"_links":{"self":[{"href":"https:\/\/egerhaziimre.hu\/index.php\/wp-json\/wp\/v2\/pages\/3392","targetHints":{"allow":["GET"]}}],"collection":[{"href":"https:\/\/egerhaziimre.hu\/index.php\/wp-json\/wp\/v2\/pages"}],"about":[{"href":"https:\/\/egerhaziimre.hu\/index.php\/wp-json\/wp\/v2\/types\/page"}],"author":[{"embeddable":true,"href":"https:\/\/egerhaziimre.hu\/index.php\/wp-json\/wp\/v2\/users\/5"}],"replies":[{"embeddable":true,"href":"https:\/\/egerhaziimre.hu\/index.php\/wp-json\/wp\/v2\/comments?post=3392"}],"version-history":[{"count":7,"href":"https:\/\/egerhaziimre.hu\/index.php\/wp-json\/wp\/v2\/pages\/3392\/revisions"}],"predecessor-version":[{"id":18941,"href":"https:\/\/egerhaziimre.hu\/index.php\/wp-json\/wp\/v2\/pages\/3392\/revisions\/18941"}],"up":[{"embeddable":true,"href":"https:\/\/egerhaziimre.hu\/index.php\/wp-json\/wp\/v2\/pages\/3496"}],"wp:featuredmedia":[{"embeddable":true,"href":"https:\/\/egerhaziimre.hu\/index.php\/wp-json\/wp\/v2\/media\/3369"}],"wp:attachment":[{"href":"https:\/\/egerhaziimre.hu\/index.php\/wp-json\/wp\/v2\/media?parent=3392"}],"wp:term":[{"taxonomy":"category","embeddable":true,"href":"https:\/\/egerhaziimre.hu\/index.php\/wp-json\/wp\/v2\/categories?post=3392"},{"taxonomy":"post_tag","embeddable":true,"href":"https:\/\/egerhaziimre.hu\/index.php\/wp-json\/wp\/v2\/tags?post=3392"}],"curies":[{"name":"wp","href":"https:\/\/api.w.org\/{rel}","templated":true}]}}