{"id":3396,"date":"2020-06-11T11:42:41","date_gmt":"2020-06-11T09:42:41","guid":{"rendered":"http:\/\/egerhaziimre.magex.hu\/?page_id=3396"},"modified":"2024-01-02T14:21:36","modified_gmt":"2024-01-02T13:21:36","slug":"hajdusagi-reformatus-temetok-fejfai","status":"publish","type":"page","link":"https:\/\/egerhaziimre.hu\/index.php\/eletmu\/hajdusagi-reformatus-temetok-fejfai\/","title":{"rendered":"Hajd\u00fas\u00e1gi reform\u00e1tus temet\u0151k fejf\u00e1i"},"content":{"rendered":"<div class=\"wpb-content-wrapper\">[vc_row][vc_column][vc_custom_heading source=&#8221;post_title&#8221; font_container=&#8221;tag:h2|text_align:center&#8221; use_theme_fonts=&#8221;yes&#8221; el_class=&#8221;mb60 mb30-md&#8221;][vc_empty_space][vc_single_image image=&#8221;3374&#8243; img_size=&#8221;large&#8221; alignment=&#8221;center&#8221; style=&#8221;xtd-shadow&#8211;large-normal&#8221; onclick=&#8221;custom_link&#8221; img_link_target=&#8221;_blank&#8221; link=&#8221;https:\/\/egerhaziimre.hu\/wp-content\/uploads\/kepek\/529.jpg&#8221;][vc_empty_space][vc_column_text]\n<p style=\"text-align: center;\">olaj, farost, 70&#215;100 cm<br \/>\n1991<\/p>\n<p><!--more-->[\/vc_column_text][vc_separator][vc_column_text]\n<h6 style=\"text-align: center;\"><strong>Hajd\u00fas\u00e1gi reform\u00e1tus temet\u0151k fejf\u00e1i<\/strong><\/h6>\n<p>\u00c9gerh\u00e1zi Imre fest\u00e9szeti t\u00e9m\u00e1i k\u00f6z\u00f6tt kiemelked\u0151 helyet foglalnak el a n\u00e9pm\u0171v\u00e9szettel \u00e9s a n\u00e9pi d\u00edsz\u00edt\u0151 m\u0171v\u00e9szettel kapcsolatos megjelen\u00edt\u00e9sek. Rendszeresen rajzolta \u00e9s k\u00e9sz\u00edtett metszeteket a k\u00fcl\u00f6nb\u00f6z\u0151 orsz\u00e1gok, els\u0151sorban a magyar temet\u0151k fejf\u00e1ir\u00f3l. Ezek k\u00f6z\u00f6tt term\u00e9szetesen nemcsak a n\u00e9pi d\u00edsz\u00edt\u0151 m\u0171v\u00e9szet, hanem az adott kor kort\u00e1rs m\u0171v\u00e9szeinek alkot\u00e1sai is megjelennek. Sok alkot\u00e1s sz\u00fcletett sz\u0171kebb p\u00e1tri\u00e1j\u00e1nak, a Hajd\u00fas\u00e1g temet\u0151inek fejf\u00e1ir\u00f3l. Mivel a hajd\u00fa v\u00e1rosokban \u00e9s Debrecenben is a reform\u00e1tus egyh\u00e1z domin\u00e1l, \u00edgy nem v\u00e9letlen, hogy a sz\u00fcletett alkot\u00e1sok els\u0151sorban reform\u00e1tus temet\u0151i fejf\u00e1kat \u00e1br\u00e1zolnak. \u00c9gerh\u00e1zi Imre maga is reform\u00e1tus vall\u00e1s\u00fa volt.<br \/>\nAz 1991-es festm\u00e9ny sz\u00ednvil\u00e1g\u00e1ban visszat\u00fckr\u00f6z\u0151dik a klinikai hal\u00e1l \u00e1llapota ut\u00e1n ism\u00e9t megjelen\u0151 k\u00e9k sz\u00edn dominanci\u00e1ja. A megjelen\u00edtett fejf\u00e1kon olvashat\u00f3 az A.B.F.R.A. felirat. Kivehet\u0151ek \u00e9desanyja csal\u00e1dj\u00e1nak \u00e9s az \u0151 felmen\u0151inek csal\u00e1dnevei is (Hajd\u00fa, Ga\u00e1l, P\u00e9ntek).<\/p>\n<p>A festm\u00e9ny a debreceni D\u00e9ri M\u00fazeum tulajdona, jelenleg nincs ki\u00e1ll\u00edtva.[\/vc_column_text][\/vc_column][\/vc_row]\n<\/div>","protected":false},"excerpt":{"rendered":"<p>[vc_row][vc_column][vc_custom_heading source=&#8221;post_title&#8221; font_container=&#8221;tag:h2|text_align:center&#8221; use_theme_fonts=&#8221;yes&#8221; el_class=&#8221;mb60 mb30-md&#8221;][vc_empty_space][vc_single_image image=&#8221;3374&#8243; img_size=&#8221;large&#8221; alignment=&#8221;center&#8221; style=&#8221;xtd-shadow&#8211;large-normal&#8221; onclick=&#8221;custom_link&#8221; img_link_target=&#8221;_blank&#8221; link=&#8221;https:\/\/egerhaziimre.hu\/wp-content\/uploads\/kepek\/529.jpg&#8221;][vc_empty_space][vc_column_text] olaj, farost, 70&#215;100 cm 1991<\/p>\n","protected":false},"author":5,"featured_media":3374,"parent":3496,"menu_order":0,"comment_status":"closed","ping_status":"closed","template":"","meta":{"footnotes":""},"categories":[128],"tags":[153,180,168,151,152],"class_list":["post-3396","page","type-page","status-publish","has-post-thumbnail","hentry","category-festmenyek","tag-153","tag-1998_06_leczna","tag-1999_04_debrecen","tag-kepajanlo","tag-olajfestmeny"],"yoast_head":"<!-- This site is optimized with the Yoast SEO plugin v27.0 - https:\/\/yoast.com\/product\/yoast-seo-wordpress\/ -->\n<title>Hajd\u00fas\u00e1gi reform\u00e1tus temet\u0151k fejf\u00e1i - \u00c9gerh\u00e1zi Imre<\/title>\n<meta name=\"robots\" content=\"index, follow, max-snippet:-1, max-image-preview:large, max-video-preview:-1\" \/>\n<link rel=\"canonical\" href=\"https:\/\/egerhaziimre.hu\/index.php\/eletmu\/hajdusagi-reformatus-temetok-fejfai\/\" \/>\n<meta property=\"og:locale\" content=\"hu_HU\" \/>\n<meta property=\"og:type\" content=\"article\" \/>\n<meta property=\"og:title\" content=\"\u00c9gerh\u00e1zi Imre\" \/>\n<meta property=\"og:description\" content=\"[vc_row][vc_column][vc_custom_heading source=&#8221;post_title&#8221; font_container=&#8221;tag:h2|text_align:center&#8221; use_theme_fonts=&#8221;yes&#8221; el_class=&#8221;mb60 mb30-md&#8221;][vc_empty_space][vc_single_image image=&#8221;3374&#8243; img_size=&#8221;large&#8221; alignment=&#8221;center&#8221; style=&#8221;xtd-shadow&#8211;large-normal&#8221; onclick=&#8221;custom_link&#8221; img_link_target=&#8221;_blank&#8221; link=&#8221;https:\/\/egerhaziimre.hu\/wp-content\/uploads\/kepek\/529.jpg&#8221;][vc_empty_space][vc_column_text] olaj, farost, 70&#215;100 cm 1991\" \/>\n<meta property=\"og:url\" content=\"https:\/\/egerhaziimre.hu\/index.php\/eletmu\/hajdusagi-reformatus-temetok-fejfai\/\" \/>\n<meta property=\"og:site_name\" content=\"\u00c9gerh\u00e1zi Imre\" \/>\n<meta property=\"article:modified_time\" content=\"2024-01-02T13:21:36+00:00\" \/>\n<meta property=\"og:image\" content=\"https:\/\/egerhaziimre.hu\/wp-content\/uploads\/kepek\/529.jpg\" \/>\n\t<meta property=\"og:image:width\" content=\"2000\" \/>\n\t<meta property=\"og:image:height\" content=\"1389\" \/>\n\t<meta property=\"og:image:type\" content=\"image\/jpeg\" \/>\n<meta name=\"twitter:card\" content=\"summary_large_image\" \/>\n<meta name=\"twitter:title\" content=\"\u00c9gerh\u00e1zi Imre\" \/>\n<meta name=\"twitter:image\" content=\"https:\/\/egerhaziimre.hu\/wp-content\/uploads\/kepek\/529.jpg\" \/>\n<meta name=\"twitter:label1\" content=\"Becs\u00fclt olvas\u00e1si id\u0151\" \/>\n\t<meta name=\"twitter:data1\" content=\"1 perc\" \/>\n<script type=\"application\/ld+json\" class=\"yoast-schema-graph\">{\"@context\":\"https:\/\/schema.org\",\"@graph\":[{\"@type\":\"WebPage\",\"@id\":\"https:\/\/egerhaziimre.hu\/index.php\/eletmu\/hajdusagi-reformatus-temetok-fejfai\/\",\"url\":\"https:\/\/egerhaziimre.hu\/index.php\/eletmu\/hajdusagi-reformatus-temetok-fejfai\/\",\"name\":\"Hajd\u00fas\u00e1gi reform\u00e1tus temet\u0151k fejf\u00e1i - \u00c9gerh\u00e1zi Imre\",\"isPartOf\":{\"@id\":\"https:\/\/egerhaziimre.hu\/#website\"},\"primaryImageOfPage\":{\"@id\":\"https:\/\/egerhaziimre.hu\/index.php\/eletmu\/hajdusagi-reformatus-temetok-fejfai\/#primaryimage\"},\"image\":{\"@id\":\"https:\/\/egerhaziimre.hu\/index.php\/eletmu\/hajdusagi-reformatus-temetok-fejfai\/#primaryimage\"},\"thumbnailUrl\":\"https:\/\/egerhaziimre.hu\/wp-content\/uploads\/2020\/06\/0342_hajdusagreftemet70x100_RGB.jpg\",\"datePublished\":\"2020-06-11T09:42:41+00:00\",\"dateModified\":\"2024-01-02T13:21:36+00:00\",\"breadcrumb\":{\"@id\":\"https:\/\/egerhaziimre.hu\/index.php\/eletmu\/hajdusagi-reformatus-temetok-fejfai\/#breadcrumb\"},\"inLanguage\":\"hu\",\"potentialAction\":[{\"@type\":\"ReadAction\",\"target\":[\"https:\/\/egerhaziimre.hu\/index.php\/eletmu\/hajdusagi-reformatus-temetok-fejfai\/\"]}]},{\"@type\":\"ImageObject\",\"inLanguage\":\"hu\",\"@id\":\"https:\/\/egerhaziimre.hu\/index.php\/eletmu\/hajdusagi-reformatus-temetok-fejfai\/#primaryimage\",\"url\":\"https:\/\/egerhaziimre.hu\/wp-content\/uploads\/2020\/06\/0342_hajdusagreftemet70x100_RGB.jpg\",\"contentUrl\":\"https:\/\/egerhaziimre.hu\/wp-content\/uploads\/2020\/06\/0342_hajdusagreftemet70x100_RGB.jpg\",\"width\":2000,\"height\":1389,\"caption\":\"olaj, farost 70x100 1991\"},{\"@type\":\"BreadcrumbList\",\"@id\":\"https:\/\/egerhaziimre.hu\/index.php\/eletmu\/hajdusagi-reformatus-temetok-fejfai\/#breadcrumb\",\"itemListElement\":[{\"@type\":\"ListItem\",\"position\":1,\"name\":\"Home\",\"item\":\"https:\/\/egerhaziimre.hu\/\"},{\"@type\":\"ListItem\",\"position\":2,\"name\":\"Life work\",\"item\":\"https:\/\/egerhaziimre.hu\/index.php\/eletmu\/?lang=en\"},{\"@type\":\"ListItem\",\"position\":3,\"name\":\"Hajd\u00fas\u00e1gi reform\u00e1tus temet\u0151k fejf\u00e1i\"}]},{\"@type\":\"WebSite\",\"@id\":\"https:\/\/egerhaziimre.hu\/#website\",\"url\":\"https:\/\/egerhaziimre.hu\/\",\"name\":\"\u00c9gerh\u00e1zi Imre\",\"description\":\"\",\"potentialAction\":[{\"@type\":\"SearchAction\",\"target\":{\"@type\":\"EntryPoint\",\"urlTemplate\":\"https:\/\/egerhaziimre.hu\/?s={search_term_string}\"},\"query-input\":{\"@type\":\"PropertyValueSpecification\",\"valueRequired\":true,\"valueName\":\"search_term_string\"}}],\"inLanguage\":\"hu\"}]}<\/script>\n<!-- \/ Yoast SEO plugin. -->","yoast_head_json":{"title":"Hajd\u00fas\u00e1gi reform\u00e1tus temet\u0151k fejf\u00e1i - \u00c9gerh\u00e1zi Imre","robots":{"index":"index","follow":"follow","max-snippet":"max-snippet:-1","max-image-preview":"max-image-preview:large","max-video-preview":"max-video-preview:-1"},"canonical":"https:\/\/egerhaziimre.hu\/index.php\/eletmu\/hajdusagi-reformatus-temetok-fejfai\/","og_locale":"hu_HU","og_type":"article","og_title":"\u00c9gerh\u00e1zi Imre","og_description":"[vc_row][vc_column][vc_custom_heading source=&#8221;post_title&#8221; font_container=&#8221;tag:h2|text_align:center&#8221; use_theme_fonts=&#8221;yes&#8221; el_class=&#8221;mb60 mb30-md&#8221;][vc_empty_space][vc_single_image image=&#8221;3374&#8243; img_size=&#8221;large&#8221; alignment=&#8221;center&#8221; style=&#8221;xtd-shadow&#8211;large-normal&#8221; onclick=&#8221;custom_link&#8221; img_link_target=&#8221;_blank&#8221; link=&#8221;https:\/\/egerhaziimre.hu\/wp-content\/uploads\/kepek\/529.jpg&#8221;][vc_empty_space][vc_column_text] olaj, farost, 70&#215;100 cm 1991","og_url":"https:\/\/egerhaziimre.hu\/index.php\/eletmu\/hajdusagi-reformatus-temetok-fejfai\/","og_site_name":"\u00c9gerh\u00e1zi Imre","article_modified_time":"2024-01-02T13:21:36+00:00","og_image":[{"width":2000,"height":1389,"url":"https:\/\/egerhaziimre.hu\/wp-content\/uploads\/kepek\/529.jpg","type":"image\/jpeg"}],"twitter_card":"summary_large_image","twitter_title":"\u00c9gerh\u00e1zi Imre","twitter_image":"https:\/\/egerhaziimre.hu\/wp-content\/uploads\/kepek\/529.jpg","twitter_misc":{"Becs\u00fclt olvas\u00e1si id\u0151":"1 perc"},"schema":{"@context":"https:\/\/schema.org","@graph":[{"@type":"WebPage","@id":"https:\/\/egerhaziimre.hu\/index.php\/eletmu\/hajdusagi-reformatus-temetok-fejfai\/","url":"https:\/\/egerhaziimre.hu\/index.php\/eletmu\/hajdusagi-reformatus-temetok-fejfai\/","name":"Hajd\u00fas\u00e1gi reform\u00e1tus temet\u0151k fejf\u00e1i - \u00c9gerh\u00e1zi Imre","isPartOf":{"@id":"https:\/\/egerhaziimre.hu\/#website"},"primaryImageOfPage":{"@id":"https:\/\/egerhaziimre.hu\/index.php\/eletmu\/hajdusagi-reformatus-temetok-fejfai\/#primaryimage"},"image":{"@id":"https:\/\/egerhaziimre.hu\/index.php\/eletmu\/hajdusagi-reformatus-temetok-fejfai\/#primaryimage"},"thumbnailUrl":"https:\/\/egerhaziimre.hu\/wp-content\/uploads\/2020\/06\/0342_hajdusagreftemet70x100_RGB.jpg","datePublished":"2020-06-11T09:42:41+00:00","dateModified":"2024-01-02T13:21:36+00:00","breadcrumb":{"@id":"https:\/\/egerhaziimre.hu\/index.php\/eletmu\/hajdusagi-reformatus-temetok-fejfai\/#breadcrumb"},"inLanguage":"hu","potentialAction":[{"@type":"ReadAction","target":["https:\/\/egerhaziimre.hu\/index.php\/eletmu\/hajdusagi-reformatus-temetok-fejfai\/"]}]},{"@type":"ImageObject","inLanguage":"hu","@id":"https:\/\/egerhaziimre.hu\/index.php\/eletmu\/hajdusagi-reformatus-temetok-fejfai\/#primaryimage","url":"https:\/\/egerhaziimre.hu\/wp-content\/uploads\/2020\/06\/0342_hajdusagreftemet70x100_RGB.jpg","contentUrl":"https:\/\/egerhaziimre.hu\/wp-content\/uploads\/2020\/06\/0342_hajdusagreftemet70x100_RGB.jpg","width":2000,"height":1389,"caption":"olaj, farost 70x100 1991"},{"@type":"BreadcrumbList","@id":"https:\/\/egerhaziimre.hu\/index.php\/eletmu\/hajdusagi-reformatus-temetok-fejfai\/#breadcrumb","itemListElement":[{"@type":"ListItem","position":1,"name":"Home","item":"https:\/\/egerhaziimre.hu\/"},{"@type":"ListItem","position":2,"name":"Life work","item":"https:\/\/egerhaziimre.hu\/index.php\/eletmu\/?lang=en"},{"@type":"ListItem","position":3,"name":"Hajd\u00fas\u00e1gi reform\u00e1tus temet\u0151k fejf\u00e1i"}]},{"@type":"WebSite","@id":"https:\/\/egerhaziimre.hu\/#website","url":"https:\/\/egerhaziimre.hu\/","name":"\u00c9gerh\u00e1zi Imre","description":"","potentialAction":[{"@type":"SearchAction","target":{"@type":"EntryPoint","urlTemplate":"https:\/\/egerhaziimre.hu\/?s={search_term_string}"},"query-input":{"@type":"PropertyValueSpecification","valueRequired":true,"valueName":"search_term_string"}}],"inLanguage":"hu"}]}},"jetpack_sharing_enabled":true,"_links":{"self":[{"href":"https:\/\/egerhaziimre.hu\/index.php\/wp-json\/wp\/v2\/pages\/3396","targetHints":{"allow":["GET"]}}],"collection":[{"href":"https:\/\/egerhaziimre.hu\/index.php\/wp-json\/wp\/v2\/pages"}],"about":[{"href":"https:\/\/egerhaziimre.hu\/index.php\/wp-json\/wp\/v2\/types\/page"}],"author":[{"embeddable":true,"href":"https:\/\/egerhaziimre.hu\/index.php\/wp-json\/wp\/v2\/users\/5"}],"replies":[{"embeddable":true,"href":"https:\/\/egerhaziimre.hu\/index.php\/wp-json\/wp\/v2\/comments?post=3396"}],"version-history":[{"count":10,"href":"https:\/\/egerhaziimre.hu\/index.php\/wp-json\/wp\/v2\/pages\/3396\/revisions"}],"predecessor-version":[{"id":16858,"href":"https:\/\/egerhaziimre.hu\/index.php\/wp-json\/wp\/v2\/pages\/3396\/revisions\/16858"}],"up":[{"embeddable":true,"href":"https:\/\/egerhaziimre.hu\/index.php\/wp-json\/wp\/v2\/pages\/3496"}],"wp:featuredmedia":[{"embeddable":true,"href":"https:\/\/egerhaziimre.hu\/index.php\/wp-json\/wp\/v2\/media\/3374"}],"wp:attachment":[{"href":"https:\/\/egerhaziimre.hu\/index.php\/wp-json\/wp\/v2\/media?parent=3396"}],"wp:term":[{"taxonomy":"category","embeddable":true,"href":"https:\/\/egerhaziimre.hu\/index.php\/wp-json\/wp\/v2\/categories?post=3396"},{"taxonomy":"post_tag","embeddable":true,"href":"https:\/\/egerhaziimre.hu\/index.php\/wp-json\/wp\/v2\/tags?post=3396"}],"curies":[{"name":"wp","href":"https:\/\/api.w.org\/{rel}","templated":true}]}}