{"id":3401,"date":"2020-06-11T11:52:18","date_gmt":"2020-06-11T09:52:18","guid":{"rendered":"http:\/\/egerhaziimre.magex.hu\/?page_id=3401"},"modified":"2024-01-02T14:23:08","modified_gmt":"2024-01-02T13:23:08","slug":"pasztorok-a-hortobagyon","status":"publish","type":"page","link":"https:\/\/egerhaziimre.hu\/index.php\/eletmu\/pasztorok-a-hortobagyon\/","title":{"rendered":"P\u00e1sztorok a Hortob\u00e1gyon"},"content":{"rendered":"<div class=\"wpb-content-wrapper\">[vc_row][vc_column][vc_custom_heading source=&#8221;post_title&#8221; font_container=&#8221;tag:h2|text_align:center&#8221; use_theme_fonts=&#8221;yes&#8221; el_class=&#8221;mb60 mb30-md&#8221;][vc_empty_space][vc_single_image image=&#8221;3370&#8243; img_size=&#8221;large&#8221; alignment=&#8221;center&#8221; style=&#8221;xtd-shadow&#8211;large-normal&#8221; onclick=&#8221;custom_link&#8221; img_link_target=&#8221;_blank&#8221; link=&#8221;https:\/\/egerhaziimre.hu\/wp-content\/uploads\/kepek\/138.jpg&#8221;][vc_empty_space][vc_column_text]\n<p style=\"text-align: center;\">olaj, farost, 35&#215;80 cm<br \/>\n1983<\/p>\n<p><!--more-->[\/vc_column_text][vc_separator][vc_column_text]\n<h6 style=\"text-align: center;\"><strong>P\u00e1sztorok a Hortob\u00e1gyon<\/strong><\/h6>\n<p>\u00c9gerh\u00e1zi Imre fest\u00e9szet\u00e9nek egyik legfontosabb t\u00e9m\u00e1ja a nagy magyar Alf\u00f6ld, ezen bel\u00fcl a Hortob\u00e1gy volt. Sok sz\u00e1z kiv\u00e1l\u00f3 festm\u00e9nyt k\u00e9sz\u00edtett a Hortob\u00e1gyon \u00e9s ezekb\u0151l sz\u00e1mos viseli is c\u00edm\u00e9ben a Hortob\u00e1gy sz\u00f3t. 1982-t\u0151l \u00fajraszervezte a 20-as \u00e9vekben el\u0151sz\u00f6r m\u0171k\u00f6d\u00f6tt hortob\u00e1gyi m\u0171v\u00e9sztelepet, Hortob\u00e1gyi Alkot\u00f3t\u00e1bor n\u00e9ven. Vezet\u00e9se alatt a fest\u0151m\u0171v\u00e9szeket, grafikusokat \u00e9s fot\u00f3sokat foglalkoztat\u00f3 t\u00e1bor nemzetk\u00f6zi szinten is elismert m\u0171v\u00e9szkol\u00f3ni\u00e1v\u00e1 n\u0151tte ki mag\u00e1t. A megszokott\u00f3l elt\u00e9r\u0151en az alkot\u00f3t\u00e1bor nem ny\u00e1ron, hanem febru\u00e1r 15. \u00e9s m\u00e1rcius 15. k\u00f6z\u00f6tt, k\u00e9thetes turnusokban fogadta a m\u0171v\u00e9szeket. Term\u00e9szetesen a szervez\u00e9si feladatok mellett \u00c9gerh\u00e1zi Imr\u00e9nek is volt lehet\u0151s\u00e9ge szebbn\u00e9l-szebb alkot\u00e1sokat k\u00e9sz\u00edteni a r\u00f3nas\u00e1gr\u00f3l. A k\u00fcl\u00f6nleges hortob\u00e1gyi kilenclyuk\u00fa h\u00edd szinte az egyetlen \u00e9p\u00edt\u00e9szeti nevezetess\u00e9ge a t\u00e1jnak \u00e9s ez\u00e9rt az itt dolgoz\u00f3 alkot\u00f3k rendszeresen megfestik.<\/p>\n<p>Az 1983-ban sz\u00fcletett P\u00e1sztorok a Hortob\u00e1gyon c. festm\u00e9ny jellemz\u0151 \u00c9gerh\u00e1zi Imre ember\u00e1br\u00e1zol\u00e1s. A fest\u0151t nemcsak a t\u00e1j sz\u00e9ps\u00e9ge, hanem az adott t\u00e1jban \u00e9l\u0151 emberek \u00e9s azok sorsa is \u00e9rdekelte. Ez\u00e9rt sz\u00edvesen \u00e1br\u00e1zolta az \u00e1ltala megfestett t\u00e1jakban az ott \u00e9l\u0151 embereket. Igyekezett saj\u00e1tos fest\u00e9szeti st\u00edlus\u00e1val nemcsak az emberek arcvon\u00e1sait, hanem sorsukat is \u00e1br\u00e1zoni.<\/p>\n<p>A k\u00e9pen \u00e1br\u00e1zolt h\u00e1rom p\u00e1sztor arckifejez\u00e9se j\u00f3l visszaadja neh\u00e9z \u00e9letform\u00e1juk \u00e9s munk\u00e1juk viszontags\u00e1gait a fest\u00e9skori t\u00e9li id\u0151szakban. Amikor \u00c9gerh\u00e1zi Imre \u00e1tfog\u00f3 \u00e9letm\u0171-jelleg\u0171 anyagot \u00e1ll\u00edtott \u00f6ssze m\u0171veib\u0151l, egyik kedvenc alkot\u00e1sa volt a P\u00e1sztorok a Hortob\u00e1gyon c. festm\u00e9ny.<\/p>\n<p>A festm\u00e9ny a debreceni D\u00e9ri M\u00fazeum tulajdona, melyet \u00c9gerh\u00e1zi Imre 70. sz\u00fclet\u00e9snapja alkalm\u00e1b\u00f3l adom\u00e1nyozott az int\u00e9zetnek, t\u00f6bb mint 100 grafik\u00e1val, lin\u00f3metszettel \u00e9s t\u00e1blak\u00e9ppel egyid\u0151ben.[\/vc_column_text][\/vc_column][\/vc_row]\n<\/div>","protected":false},"excerpt":{"rendered":"<p>[vc_row][vc_column][vc_custom_heading source=&#8221;post_title&#8221; font_container=&#8221;tag:h2|text_align:center&#8221; use_theme_fonts=&#8221;yes&#8221; el_class=&#8221;mb60 mb30-md&#8221;][vc_empty_space][vc_single_image image=&#8221;3370&#8243; img_size=&#8221;large&#8221; alignment=&#8221;center&#8221; style=&#8221;xtd-shadow&#8211;large-normal&#8221; onclick=&#8221;custom_link&#8221; img_link_target=&#8221;_blank&#8221; link=&#8221;https:\/\/egerhaziimre.hu\/wp-content\/uploads\/kepek\/138.jpg&#8221;][vc_empty_space][vc_column_text] olaj, farost, 35&#215;80 cm 1983<\/p>\n","protected":false},"author":5,"featured_media":3370,"parent":3496,"menu_order":0,"comment_status":"closed","ping_status":"closed","template":"","meta":{"footnotes":""},"categories":[128],"tags":[74,168,151,152],"class_list":["post-3401","page","type-page","status-publish","has-post-thumbnail","hentry","category-festmenyek","tag-74","tag-1999_04_debrecen","tag-kepajanlo","tag-olajfestmeny"],"yoast_head":"<!-- This site is optimized with the Yoast SEO plugin v27.0 - https:\/\/yoast.com\/product\/yoast-seo-wordpress\/ -->\n<title>P\u00e1sztorok a Hortob\u00e1gyon - \u00c9gerh\u00e1zi Imre<\/title>\n<meta name=\"robots\" content=\"index, follow, max-snippet:-1, max-image-preview:large, max-video-preview:-1\" \/>\n<link rel=\"canonical\" href=\"https:\/\/egerhaziimre.hu\/index.php\/eletmu\/pasztorok-a-hortobagyon\/\" \/>\n<meta property=\"og:locale\" content=\"hu_HU\" \/>\n<meta property=\"og:type\" content=\"article\" \/>\n<meta property=\"og:title\" content=\"\u00c9gerh\u00e1zi Imre\" \/>\n<meta property=\"og:description\" content=\"[vc_row][vc_column][vc_custom_heading source=&#8221;post_title&#8221; font_container=&#8221;tag:h2|text_align:center&#8221; use_theme_fonts=&#8221;yes&#8221; el_class=&#8221;mb60 mb30-md&#8221;][vc_empty_space][vc_single_image image=&#8221;3370&#8243; img_size=&#8221;large&#8221; alignment=&#8221;center&#8221; style=&#8221;xtd-shadow&#8211;large-normal&#8221; onclick=&#8221;custom_link&#8221; img_link_target=&#8221;_blank&#8221; link=&#8221;https:\/\/egerhaziimre.hu\/wp-content\/uploads\/kepek\/138.jpg&#8221;][vc_empty_space][vc_column_text] olaj, farost, 35&#215;80 cm 1983\" \/>\n<meta property=\"og:url\" content=\"https:\/\/egerhaziimre.hu\/index.php\/eletmu\/pasztorok-a-hortobagyon\/\" \/>\n<meta property=\"og:site_name\" content=\"\u00c9gerh\u00e1zi Imre\" \/>\n<meta property=\"article:modified_time\" content=\"2024-01-02T13:23:08+00:00\" \/>\n<meta property=\"og:image\" content=\"https:\/\/egerhaziimre.hu\/wp-content\/uploads\/kepek\/138.jpg\" \/>\n\t<meta property=\"og:image:width\" content=\"2000\" \/>\n\t<meta property=\"og:image:height\" content=\"831\" \/>\n\t<meta property=\"og:image:type\" content=\"image\/jpeg\" \/>\n<meta name=\"twitter:card\" content=\"summary_large_image\" \/>\n<meta name=\"twitter:title\" content=\"\u00c9gerh\u00e1zi Imre\" \/>\n<meta name=\"twitter:image\" content=\"https:\/\/egerhaziimre.hu\/wp-content\/uploads\/kepek\/138.jpg\" \/>\n<meta name=\"twitter:label1\" content=\"Becs\u00fclt olvas\u00e1si id\u0151\" \/>\n\t<meta name=\"twitter:data1\" content=\"2 perc\" \/>\n<script type=\"application\/ld+json\" class=\"yoast-schema-graph\">{\"@context\":\"https:\/\/schema.org\",\"@graph\":[{\"@type\":\"WebPage\",\"@id\":\"https:\/\/egerhaziimre.hu\/index.php\/eletmu\/pasztorok-a-hortobagyon\/\",\"url\":\"https:\/\/egerhaziimre.hu\/index.php\/eletmu\/pasztorok-a-hortobagyon\/\",\"name\":\"P\u00e1sztorok a Hortob\u00e1gyon - \u00c9gerh\u00e1zi Imre\",\"isPartOf\":{\"@id\":\"https:\/\/egerhaziimre.hu\/#website\"},\"primaryImageOfPage\":{\"@id\":\"https:\/\/egerhaziimre.hu\/index.php\/eletmu\/pasztorok-a-hortobagyon\/#primaryimage\"},\"image\":{\"@id\":\"https:\/\/egerhaziimre.hu\/index.php\/eletmu\/pasztorok-a-hortobagyon\/#primaryimage\"},\"thumbnailUrl\":\"https:\/\/egerhaziimre.hu\/wp-content\/uploads\/2020\/06\/0043_pasztorok35x80_RGB.jpg\",\"datePublished\":\"2020-06-11T09:52:18+00:00\",\"dateModified\":\"2024-01-02T13:23:08+00:00\",\"breadcrumb\":{\"@id\":\"https:\/\/egerhaziimre.hu\/index.php\/eletmu\/pasztorok-a-hortobagyon\/#breadcrumb\"},\"inLanguage\":\"hu\",\"potentialAction\":[{\"@type\":\"ReadAction\",\"target\":[\"https:\/\/egerhaziimre.hu\/index.php\/eletmu\/pasztorok-a-hortobagyon\/\"]}]},{\"@type\":\"ImageObject\",\"inLanguage\":\"hu\",\"@id\":\"https:\/\/egerhaziimre.hu\/index.php\/eletmu\/pasztorok-a-hortobagyon\/#primaryimage\",\"url\":\"https:\/\/egerhaziimre.hu\/wp-content\/uploads\/2020\/06\/0043_pasztorok35x80_RGB.jpg\",\"contentUrl\":\"https:\/\/egerhaziimre.hu\/wp-content\/uploads\/2020\/06\/0043_pasztorok35x80_RGB.jpg\",\"width\":2000,\"height\":831,\"caption\":\"olaj, farost 35x80 1983\"},{\"@type\":\"BreadcrumbList\",\"@id\":\"https:\/\/egerhaziimre.hu\/index.php\/eletmu\/pasztorok-a-hortobagyon\/#breadcrumb\",\"itemListElement\":[{\"@type\":\"ListItem\",\"position\":1,\"name\":\"Home\",\"item\":\"https:\/\/egerhaziimre.hu\/\"},{\"@type\":\"ListItem\",\"position\":2,\"name\":\"Life work\",\"item\":\"https:\/\/egerhaziimre.hu\/index.php\/eletmu\/?lang=en\"},{\"@type\":\"ListItem\",\"position\":3,\"name\":\"P\u00e1sztorok a Hortob\u00e1gyon\"}]},{\"@type\":\"WebSite\",\"@id\":\"https:\/\/egerhaziimre.hu\/#website\",\"url\":\"https:\/\/egerhaziimre.hu\/\",\"name\":\"\u00c9gerh\u00e1zi Imre\",\"description\":\"\",\"potentialAction\":[{\"@type\":\"SearchAction\",\"target\":{\"@type\":\"EntryPoint\",\"urlTemplate\":\"https:\/\/egerhaziimre.hu\/?s={search_term_string}\"},\"query-input\":{\"@type\":\"PropertyValueSpecification\",\"valueRequired\":true,\"valueName\":\"search_term_string\"}}],\"inLanguage\":\"hu\"}]}<\/script>\n<!-- \/ Yoast SEO plugin. -->","yoast_head_json":{"title":"P\u00e1sztorok a Hortob\u00e1gyon - \u00c9gerh\u00e1zi Imre","robots":{"index":"index","follow":"follow","max-snippet":"max-snippet:-1","max-image-preview":"max-image-preview:large","max-video-preview":"max-video-preview:-1"},"canonical":"https:\/\/egerhaziimre.hu\/index.php\/eletmu\/pasztorok-a-hortobagyon\/","og_locale":"hu_HU","og_type":"article","og_title":"\u00c9gerh\u00e1zi Imre","og_description":"[vc_row][vc_column][vc_custom_heading source=&#8221;post_title&#8221; font_container=&#8221;tag:h2|text_align:center&#8221; use_theme_fonts=&#8221;yes&#8221; el_class=&#8221;mb60 mb30-md&#8221;][vc_empty_space][vc_single_image image=&#8221;3370&#8243; img_size=&#8221;large&#8221; alignment=&#8221;center&#8221; style=&#8221;xtd-shadow&#8211;large-normal&#8221; onclick=&#8221;custom_link&#8221; img_link_target=&#8221;_blank&#8221; link=&#8221;https:\/\/egerhaziimre.hu\/wp-content\/uploads\/kepek\/138.jpg&#8221;][vc_empty_space][vc_column_text] olaj, farost, 35&#215;80 cm 1983","og_url":"https:\/\/egerhaziimre.hu\/index.php\/eletmu\/pasztorok-a-hortobagyon\/","og_site_name":"\u00c9gerh\u00e1zi Imre","article_modified_time":"2024-01-02T13:23:08+00:00","og_image":[{"width":2000,"height":831,"url":"https:\/\/egerhaziimre.hu\/wp-content\/uploads\/kepek\/138.jpg","type":"image\/jpeg"}],"twitter_card":"summary_large_image","twitter_title":"\u00c9gerh\u00e1zi Imre","twitter_image":"https:\/\/egerhaziimre.hu\/wp-content\/uploads\/kepek\/138.jpg","twitter_misc":{"Becs\u00fclt olvas\u00e1si id\u0151":"2 perc"},"schema":{"@context":"https:\/\/schema.org","@graph":[{"@type":"WebPage","@id":"https:\/\/egerhaziimre.hu\/index.php\/eletmu\/pasztorok-a-hortobagyon\/","url":"https:\/\/egerhaziimre.hu\/index.php\/eletmu\/pasztorok-a-hortobagyon\/","name":"P\u00e1sztorok a Hortob\u00e1gyon - \u00c9gerh\u00e1zi Imre","isPartOf":{"@id":"https:\/\/egerhaziimre.hu\/#website"},"primaryImageOfPage":{"@id":"https:\/\/egerhaziimre.hu\/index.php\/eletmu\/pasztorok-a-hortobagyon\/#primaryimage"},"image":{"@id":"https:\/\/egerhaziimre.hu\/index.php\/eletmu\/pasztorok-a-hortobagyon\/#primaryimage"},"thumbnailUrl":"https:\/\/egerhaziimre.hu\/wp-content\/uploads\/2020\/06\/0043_pasztorok35x80_RGB.jpg","datePublished":"2020-06-11T09:52:18+00:00","dateModified":"2024-01-02T13:23:08+00:00","breadcrumb":{"@id":"https:\/\/egerhaziimre.hu\/index.php\/eletmu\/pasztorok-a-hortobagyon\/#breadcrumb"},"inLanguage":"hu","potentialAction":[{"@type":"ReadAction","target":["https:\/\/egerhaziimre.hu\/index.php\/eletmu\/pasztorok-a-hortobagyon\/"]}]},{"@type":"ImageObject","inLanguage":"hu","@id":"https:\/\/egerhaziimre.hu\/index.php\/eletmu\/pasztorok-a-hortobagyon\/#primaryimage","url":"https:\/\/egerhaziimre.hu\/wp-content\/uploads\/2020\/06\/0043_pasztorok35x80_RGB.jpg","contentUrl":"https:\/\/egerhaziimre.hu\/wp-content\/uploads\/2020\/06\/0043_pasztorok35x80_RGB.jpg","width":2000,"height":831,"caption":"olaj, farost 35x80 1983"},{"@type":"BreadcrumbList","@id":"https:\/\/egerhaziimre.hu\/index.php\/eletmu\/pasztorok-a-hortobagyon\/#breadcrumb","itemListElement":[{"@type":"ListItem","position":1,"name":"Home","item":"https:\/\/egerhaziimre.hu\/"},{"@type":"ListItem","position":2,"name":"Life work","item":"https:\/\/egerhaziimre.hu\/index.php\/eletmu\/?lang=en"},{"@type":"ListItem","position":3,"name":"P\u00e1sztorok a Hortob\u00e1gyon"}]},{"@type":"WebSite","@id":"https:\/\/egerhaziimre.hu\/#website","url":"https:\/\/egerhaziimre.hu\/","name":"\u00c9gerh\u00e1zi Imre","description":"","potentialAction":[{"@type":"SearchAction","target":{"@type":"EntryPoint","urlTemplate":"https:\/\/egerhaziimre.hu\/?s={search_term_string}"},"query-input":{"@type":"PropertyValueSpecification","valueRequired":true,"valueName":"search_term_string"}}],"inLanguage":"hu"}]}},"jetpack_sharing_enabled":true,"_links":{"self":[{"href":"https:\/\/egerhaziimre.hu\/index.php\/wp-json\/wp\/v2\/pages\/3401","targetHints":{"allow":["GET"]}}],"collection":[{"href":"https:\/\/egerhaziimre.hu\/index.php\/wp-json\/wp\/v2\/pages"}],"about":[{"href":"https:\/\/egerhaziimre.hu\/index.php\/wp-json\/wp\/v2\/types\/page"}],"author":[{"embeddable":true,"href":"https:\/\/egerhaziimre.hu\/index.php\/wp-json\/wp\/v2\/users\/5"}],"replies":[{"embeddable":true,"href":"https:\/\/egerhaziimre.hu\/index.php\/wp-json\/wp\/v2\/comments?post=3401"}],"version-history":[{"count":6,"href":"https:\/\/egerhaziimre.hu\/index.php\/wp-json\/wp\/v2\/pages\/3401\/revisions"}],"predecessor-version":[{"id":16859,"href":"https:\/\/egerhaziimre.hu\/index.php\/wp-json\/wp\/v2\/pages\/3401\/revisions\/16859"}],"up":[{"embeddable":true,"href":"https:\/\/egerhaziimre.hu\/index.php\/wp-json\/wp\/v2\/pages\/3496"}],"wp:featuredmedia":[{"embeddable":true,"href":"https:\/\/egerhaziimre.hu\/index.php\/wp-json\/wp\/v2\/media\/3370"}],"wp:attachment":[{"href":"https:\/\/egerhaziimre.hu\/index.php\/wp-json\/wp\/v2\/media?parent=3401"}],"wp:term":[{"taxonomy":"category","embeddable":true,"href":"https:\/\/egerhaziimre.hu\/index.php\/wp-json\/wp\/v2\/categories?post=3401"},{"taxonomy":"post_tag","embeddable":true,"href":"https:\/\/egerhaziimre.hu\/index.php\/wp-json\/wp\/v2\/tags?post=3401"}],"curies":[{"name":"wp","href":"https:\/\/api.w.org\/{rel}","templated":true}]}}