{"id":3405,"date":"2020-06-11T12:06:52","date_gmt":"2020-06-11T10:06:52","guid":{"rendered":"http:\/\/egerhaziimre.magex.hu\/?page_id=3405"},"modified":"2024-01-02T14:27:13","modified_gmt":"2024-01-02T13:27:13","slug":"alkony-a-tanyan","status":"publish","type":"page","link":"https:\/\/egerhaziimre.hu\/index.php\/eletmu\/alkony-a-tanyan\/","title":{"rendered":"Alkony a tany\u00e1n"},"content":{"rendered":"<div class=\"wpb-content-wrapper\">[vc_row][vc_column][vc_custom_heading source=&#8221;post_title&#8221; font_container=&#8221;tag:h2|text_align:center&#8221; use_theme_fonts=&#8221;yes&#8221; el_class=&#8221;mb60 mb30-md&#8221;][vc_empty_space][vc_single_image image=&#8221;3375&#8243; img_size=&#8221;large&#8221; alignment=&#8221;center&#8221; style=&#8221;xtd-shadow&#8211;large-normal&#8221; onclick=&#8221;custom_link&#8221; img_link_target=&#8221;_blank&#8221; link=&#8221;https:\/\/egerhaziimre.hu\/wp-content\/uploads\/kepek\/538.jpg&#8221;][vc_empty_space][vc_column_text]\n<p style=\"text-align: center;\">olaj, farost, 40&#215;60 cm<br \/>\n1982<\/p>\n<p><!--more-->[\/vc_column_text][vc_separator][vc_column_text]\u00c9gerh\u00e1zi Imre el\u0151szeretettel festette az alf\u00f6ldi \u00e9s ezen bel\u00fcl a hortob\u00e1gyi tanyavil\u00e1got. Eg\u00e9sz \u00e9letm\u0171v\u00e9t v\u00e9gig k\u00eds\u00e9rtek a tanyasi \u00e1br\u00e1zol\u00e1sok. A fest\u00e9szet mellett nagyon szeretett fot\u00f3zni, munkaid\u0151 ut\u00e1n gyakran \u00fclt aut\u00f3ba \u00e9s fot\u00f3zta a Debrecenhez k\u00f6zeli t\u00e1jakat, ezen bel\u00fcl a tany\u00e1kat is, naplement\u00e9ben. A 80-as \u00e9vekre fest\u00e9szeti st\u00edlusa a 70-es \u00e9vekhez k\u00e9pest &#8211; k\u00fcl\u00f6n\u00f6sen a \u201970-75 k\u00f6z\u00f6tti id\u0151szakot \u00e9rtve ezalatt \u2013 k\u00f6nnyebb\u00e9 \u00e9s l\u00e9giesebb\u00e9 v\u00e1lt. Elt\u0171ntek az er\u0151s kont\u00farvonalak, a k\u00e9pek borong\u00f3s, k\u00e9kes-barn\u00e1s sz\u00ednvil\u00e1ga a vil\u00e1gosabb pasztell sz\u00ednek fel\u00e9 tol\u00f3dott. Fest\u00e9szet\u00e9nek pointilista-szer\u0171 megmunk\u00e1l\u00e1sa ekkorra fejl\u0151d\u00f6tt ki igaz\u00e1n. Ezen a k\u00e9pen egy hajd\u00fas\u00e1gi tany\u00e1t l\u00e1thatunk a naplement\u00e9ben. Ennek megfelel\u0151en a v\u00f6r\u00f6s sz\u00ednek domin\u00e1lnak az alkot\u00e1son.<\/p>\n<p>A festm\u00e9ny a debreceni D\u00e9ri M\u00fazeum tulajdona, jelenleg ki\u00e1ll\u00edt\u00e1son nem tekinthet\u0151 meg.[\/vc_column_text][\/vc_column][\/vc_row]\n<\/div>","protected":false},"excerpt":{"rendered":"<p>[vc_row][vc_column][vc_custom_heading source=&#8221;post_title&#8221; font_container=&#8221;tag:h2|text_align:center&#8221; use_theme_fonts=&#8221;yes&#8221; el_class=&#8221;mb60 mb30-md&#8221;][vc_empty_space][vc_single_image image=&#8221;3375&#8243; img_size=&#8221;large&#8221; alignment=&#8221;center&#8221; style=&#8221;xtd-shadow&#8211;large-normal&#8221; onclick=&#8221;custom_link&#8221; img_link_target=&#8221;_blank&#8221; link=&#8221;https:\/\/egerhaziimre.hu\/wp-content\/uploads\/kepek\/538.jpg&#8221;][vc_empty_space][vc_column_text] olaj, farost, 40&#215;60 cm 1982<\/p>\n","protected":false},"author":5,"featured_media":3375,"parent":3496,"menu_order":0,"comment_status":"closed","ping_status":"closed","template":"","meta":{"footnotes":""},"categories":[128],"tags":[38,168,151,152],"class_list":["post-3405","page","type-page","status-publish","has-post-thumbnail","hentry","category-festmenyek","tag-38","tag-1999_04_debrecen","tag-kepajanlo","tag-olajfestmeny"],"yoast_head":"<!-- This site is optimized with the Yoast SEO plugin v27.0 - https:\/\/yoast.com\/product\/yoast-seo-wordpress\/ -->\n<title>Alkony a tany\u00e1n - \u00c9gerh\u00e1zi Imre<\/title>\n<meta name=\"robots\" content=\"index, follow, max-snippet:-1, max-image-preview:large, max-video-preview:-1\" \/>\n<link rel=\"canonical\" href=\"https:\/\/egerhaziimre.hu\/index.php\/eletmu\/alkony-a-tanyan\/\" \/>\n<meta property=\"og:locale\" content=\"hu_HU\" \/>\n<meta property=\"og:type\" content=\"article\" \/>\n<meta property=\"og:title\" content=\"\u00c9gerh\u00e1zi Imre\" \/>\n<meta property=\"og:description\" content=\"[vc_row][vc_column][vc_custom_heading source=&#8221;post_title&#8221; font_container=&#8221;tag:h2|text_align:center&#8221; use_theme_fonts=&#8221;yes&#8221; el_class=&#8221;mb60 mb30-md&#8221;][vc_empty_space][vc_single_image image=&#8221;3375&#8243; img_size=&#8221;large&#8221; alignment=&#8221;center&#8221; style=&#8221;xtd-shadow&#8211;large-normal&#8221; onclick=&#8221;custom_link&#8221; img_link_target=&#8221;_blank&#8221; link=&#8221;https:\/\/egerhaziimre.hu\/wp-content\/uploads\/kepek\/538.jpg&#8221;][vc_empty_space][vc_column_text] olaj, farost, 40&#215;60 cm 1982\" \/>\n<meta property=\"og:url\" content=\"https:\/\/egerhaziimre.hu\/index.php\/eletmu\/alkony-a-tanyan\/\" \/>\n<meta property=\"og:site_name\" content=\"\u00c9gerh\u00e1zi Imre\" \/>\n<meta property=\"article:modified_time\" content=\"2024-01-02T13:27:13+00:00\" \/>\n<meta property=\"og:image\" content=\"https:\/\/egerhaziimre.hu\/wp-content\/uploads\/kepek\/538.jpg\" \/>\n\t<meta property=\"og:image:width\" content=\"2000\" \/>\n\t<meta property=\"og:image:height\" content=\"1308\" \/>\n\t<meta property=\"og:image:type\" content=\"image\/jpeg\" \/>\n<meta name=\"twitter:card\" content=\"summary_large_image\" \/>\n<meta name=\"twitter:title\" content=\"\u00c9gerh\u00e1zi Imre\" \/>\n<meta name=\"twitter:image\" content=\"https:\/\/egerhaziimre.hu\/wp-content\/uploads\/kepek\/538.jpg\" \/>\n<meta name=\"twitter:label1\" content=\"Becs\u00fclt olvas\u00e1si id\u0151\" \/>\n\t<meta name=\"twitter:data1\" content=\"1 perc\" \/>\n<script type=\"application\/ld+json\" class=\"yoast-schema-graph\">{\"@context\":\"https:\/\/schema.org\",\"@graph\":[{\"@type\":\"WebPage\",\"@id\":\"https:\/\/egerhaziimre.hu\/index.php\/eletmu\/alkony-a-tanyan\/\",\"url\":\"https:\/\/egerhaziimre.hu\/index.php\/eletmu\/alkony-a-tanyan\/\",\"name\":\"Alkony a tany\u00e1n - \u00c9gerh\u00e1zi Imre\",\"isPartOf\":{\"@id\":\"https:\/\/egerhaziimre.hu\/#website\"},\"primaryImageOfPage\":{\"@id\":\"https:\/\/egerhaziimre.hu\/index.php\/eletmu\/alkony-a-tanyan\/#primaryimage\"},\"image\":{\"@id\":\"https:\/\/egerhaziimre.hu\/index.php\/eletmu\/alkony-a-tanyan\/#primaryimage\"},\"thumbnailUrl\":\"https:\/\/egerhaziimre.hu\/wp-content\/uploads\/2020\/06\/0350_alkonyatanyan40x60_RGB.jpg\",\"datePublished\":\"2020-06-11T10:06:52+00:00\",\"dateModified\":\"2024-01-02T13:27:13+00:00\",\"breadcrumb\":{\"@id\":\"https:\/\/egerhaziimre.hu\/index.php\/eletmu\/alkony-a-tanyan\/#breadcrumb\"},\"inLanguage\":\"hu\",\"potentialAction\":[{\"@type\":\"ReadAction\",\"target\":[\"https:\/\/egerhaziimre.hu\/index.php\/eletmu\/alkony-a-tanyan\/\"]}]},{\"@type\":\"ImageObject\",\"inLanguage\":\"hu\",\"@id\":\"https:\/\/egerhaziimre.hu\/index.php\/eletmu\/alkony-a-tanyan\/#primaryimage\",\"url\":\"https:\/\/egerhaziimre.hu\/wp-content\/uploads\/2020\/06\/0350_alkonyatanyan40x60_RGB.jpg\",\"contentUrl\":\"https:\/\/egerhaziimre.hu\/wp-content\/uploads\/2020\/06\/0350_alkonyatanyan40x60_RGB.jpg\",\"width\":2000,\"height\":1308,\"caption\":\"olaj, farost 40x60 1982\"},{\"@type\":\"BreadcrumbList\",\"@id\":\"https:\/\/egerhaziimre.hu\/index.php\/eletmu\/alkony-a-tanyan\/#breadcrumb\",\"itemListElement\":[{\"@type\":\"ListItem\",\"position\":1,\"name\":\"Home\",\"item\":\"https:\/\/egerhaziimre.hu\/\"},{\"@type\":\"ListItem\",\"position\":2,\"name\":\"Life work\",\"item\":\"https:\/\/egerhaziimre.hu\/index.php\/eletmu\/?lang=en\"},{\"@type\":\"ListItem\",\"position\":3,\"name\":\"Alkony a tany\u00e1n\"}]},{\"@type\":\"WebSite\",\"@id\":\"https:\/\/egerhaziimre.hu\/#website\",\"url\":\"https:\/\/egerhaziimre.hu\/\",\"name\":\"\u00c9gerh\u00e1zi Imre\",\"description\":\"\",\"potentialAction\":[{\"@type\":\"SearchAction\",\"target\":{\"@type\":\"EntryPoint\",\"urlTemplate\":\"https:\/\/egerhaziimre.hu\/?s={search_term_string}\"},\"query-input\":{\"@type\":\"PropertyValueSpecification\",\"valueRequired\":true,\"valueName\":\"search_term_string\"}}],\"inLanguage\":\"hu\"}]}<\/script>\n<!-- \/ Yoast SEO plugin. -->","yoast_head_json":{"title":"Alkony a tany\u00e1n - \u00c9gerh\u00e1zi Imre","robots":{"index":"index","follow":"follow","max-snippet":"max-snippet:-1","max-image-preview":"max-image-preview:large","max-video-preview":"max-video-preview:-1"},"canonical":"https:\/\/egerhaziimre.hu\/index.php\/eletmu\/alkony-a-tanyan\/","og_locale":"hu_HU","og_type":"article","og_title":"\u00c9gerh\u00e1zi Imre","og_description":"[vc_row][vc_column][vc_custom_heading source=&#8221;post_title&#8221; font_container=&#8221;tag:h2|text_align:center&#8221; use_theme_fonts=&#8221;yes&#8221; el_class=&#8221;mb60 mb30-md&#8221;][vc_empty_space][vc_single_image image=&#8221;3375&#8243; img_size=&#8221;large&#8221; alignment=&#8221;center&#8221; style=&#8221;xtd-shadow&#8211;large-normal&#8221; onclick=&#8221;custom_link&#8221; img_link_target=&#8221;_blank&#8221; link=&#8221;https:\/\/egerhaziimre.hu\/wp-content\/uploads\/kepek\/538.jpg&#8221;][vc_empty_space][vc_column_text] olaj, farost, 40&#215;60 cm 1982","og_url":"https:\/\/egerhaziimre.hu\/index.php\/eletmu\/alkony-a-tanyan\/","og_site_name":"\u00c9gerh\u00e1zi Imre","article_modified_time":"2024-01-02T13:27:13+00:00","og_image":[{"width":2000,"height":1308,"url":"https:\/\/egerhaziimre.hu\/wp-content\/uploads\/kepek\/538.jpg","type":"image\/jpeg"}],"twitter_card":"summary_large_image","twitter_title":"\u00c9gerh\u00e1zi Imre","twitter_image":"https:\/\/egerhaziimre.hu\/wp-content\/uploads\/kepek\/538.jpg","twitter_misc":{"Becs\u00fclt olvas\u00e1si id\u0151":"1 perc"},"schema":{"@context":"https:\/\/schema.org","@graph":[{"@type":"WebPage","@id":"https:\/\/egerhaziimre.hu\/index.php\/eletmu\/alkony-a-tanyan\/","url":"https:\/\/egerhaziimre.hu\/index.php\/eletmu\/alkony-a-tanyan\/","name":"Alkony a tany\u00e1n - \u00c9gerh\u00e1zi Imre","isPartOf":{"@id":"https:\/\/egerhaziimre.hu\/#website"},"primaryImageOfPage":{"@id":"https:\/\/egerhaziimre.hu\/index.php\/eletmu\/alkony-a-tanyan\/#primaryimage"},"image":{"@id":"https:\/\/egerhaziimre.hu\/index.php\/eletmu\/alkony-a-tanyan\/#primaryimage"},"thumbnailUrl":"https:\/\/egerhaziimre.hu\/wp-content\/uploads\/2020\/06\/0350_alkonyatanyan40x60_RGB.jpg","datePublished":"2020-06-11T10:06:52+00:00","dateModified":"2024-01-02T13:27:13+00:00","breadcrumb":{"@id":"https:\/\/egerhaziimre.hu\/index.php\/eletmu\/alkony-a-tanyan\/#breadcrumb"},"inLanguage":"hu","potentialAction":[{"@type":"ReadAction","target":["https:\/\/egerhaziimre.hu\/index.php\/eletmu\/alkony-a-tanyan\/"]}]},{"@type":"ImageObject","inLanguage":"hu","@id":"https:\/\/egerhaziimre.hu\/index.php\/eletmu\/alkony-a-tanyan\/#primaryimage","url":"https:\/\/egerhaziimre.hu\/wp-content\/uploads\/2020\/06\/0350_alkonyatanyan40x60_RGB.jpg","contentUrl":"https:\/\/egerhaziimre.hu\/wp-content\/uploads\/2020\/06\/0350_alkonyatanyan40x60_RGB.jpg","width":2000,"height":1308,"caption":"olaj, farost 40x60 1982"},{"@type":"BreadcrumbList","@id":"https:\/\/egerhaziimre.hu\/index.php\/eletmu\/alkony-a-tanyan\/#breadcrumb","itemListElement":[{"@type":"ListItem","position":1,"name":"Home","item":"https:\/\/egerhaziimre.hu\/"},{"@type":"ListItem","position":2,"name":"Life work","item":"https:\/\/egerhaziimre.hu\/index.php\/eletmu\/?lang=en"},{"@type":"ListItem","position":3,"name":"Alkony a tany\u00e1n"}]},{"@type":"WebSite","@id":"https:\/\/egerhaziimre.hu\/#website","url":"https:\/\/egerhaziimre.hu\/","name":"\u00c9gerh\u00e1zi Imre","description":"","potentialAction":[{"@type":"SearchAction","target":{"@type":"EntryPoint","urlTemplate":"https:\/\/egerhaziimre.hu\/?s={search_term_string}"},"query-input":{"@type":"PropertyValueSpecification","valueRequired":true,"valueName":"search_term_string"}}],"inLanguage":"hu"}]}},"jetpack_sharing_enabled":true,"_links":{"self":[{"href":"https:\/\/egerhaziimre.hu\/index.php\/wp-json\/wp\/v2\/pages\/3405","targetHints":{"allow":["GET"]}}],"collection":[{"href":"https:\/\/egerhaziimre.hu\/index.php\/wp-json\/wp\/v2\/pages"}],"about":[{"href":"https:\/\/egerhaziimre.hu\/index.php\/wp-json\/wp\/v2\/types\/page"}],"author":[{"embeddable":true,"href":"https:\/\/egerhaziimre.hu\/index.php\/wp-json\/wp\/v2\/users\/5"}],"replies":[{"embeddable":true,"href":"https:\/\/egerhaziimre.hu\/index.php\/wp-json\/wp\/v2\/comments?post=3405"}],"version-history":[{"count":7,"href":"https:\/\/egerhaziimre.hu\/index.php\/wp-json\/wp\/v2\/pages\/3405\/revisions"}],"predecessor-version":[{"id":16860,"href":"https:\/\/egerhaziimre.hu\/index.php\/wp-json\/wp\/v2\/pages\/3405\/revisions\/16860"}],"up":[{"embeddable":true,"href":"https:\/\/egerhaziimre.hu\/index.php\/wp-json\/wp\/v2\/pages\/3496"}],"wp:featuredmedia":[{"embeddable":true,"href":"https:\/\/egerhaziimre.hu\/index.php\/wp-json\/wp\/v2\/media\/3375"}],"wp:attachment":[{"href":"https:\/\/egerhaziimre.hu\/index.php\/wp-json\/wp\/v2\/media?parent=3405"}],"wp:term":[{"taxonomy":"category","embeddable":true,"href":"https:\/\/egerhaziimre.hu\/index.php\/wp-json\/wp\/v2\/categories?post=3405"},{"taxonomy":"post_tag","embeddable":true,"href":"https:\/\/egerhaziimre.hu\/index.php\/wp-json\/wp\/v2\/tags?post=3405"}],"curies":[{"name":"wp","href":"https:\/\/api.w.org\/{rel}","templated":true}]}}