{"id":3408,"date":"2020-06-11T12:16:36","date_gmt":"2020-06-11T10:16:36","guid":{"rendered":"http:\/\/egerhaziimre.magex.hu\/?page_id=3408"},"modified":"2024-01-02T14:28:44","modified_gmt":"2024-01-02T13:28:44","slug":"autumn-mood","status":"publish","type":"page","link":"https:\/\/egerhaziimre.hu\/index.php\/eletmu\/autumn-mood\/","title":{"rendered":"\u0150szi hangulat"},"content":{"rendered":"<div class=\"wpb-content-wrapper\">[vc_row][vc_column][vc_custom_heading source=&#8221;post_title&#8221; font_container=&#8221;tag:h2|text_align:center&#8221; use_theme_fonts=&#8221;yes&#8221; el_class=&#8221;mb60 mb30-md&#8221;][vc_empty_space][vc_single_image image=&#8221;3372&#8243; img_size=&#8221;large&#8221; alignment=&#8221;center&#8221; style=&#8221;xtd-shadow&#8211;large-normal&#8221; onclick=&#8221;custom_link&#8221; img_link_target=&#8221;_blank&#8221; link=&#8221;https:\/\/egerhaziimre.hu\/wp-content\/uploads\/kepek\/340.jpg&#8221;][vc_empty_space][vc_column_text]\n<p style=\"text-align: center;\">olaj, farost, 95&#215;122 cm<br \/>\n1972<\/p>\n<p><!--more-->[\/vc_column_text][vc_separator][vc_column_text]\n<h6 style=\"text-align: center;\"><strong>\u0150szi hangulat<\/strong><\/h6>\n<p>\u00c9gerh\u00e1zi Imre erd\u00e9lyi \u0151s\u00f6kt\u0151l sz\u00e1rmazik, felmen\u0151i k\u00f6z\u00f6tt van Egerh\u00e1zi K\u00e9p\u00edr\u00f3 J\u00e1nos, akit I. R\u00e1k\u00f3czi Gy\u00f6rgy, erd\u00e9lyi fejedelem nemes\u00edtett \u00fajra fresk\u00f3fest\u0151i szolg\u00e1latainak \u00e9rdemek\u00e9nt. Egerh\u00e1zi K\u00e9p\u00edr\u00f3 J\u00e1nos munk\u00e1i k\u00f6z\u00fcl ma is l\u00e1that\u00f3 a gyulakutai reform\u00e1tus templom kazett\u00e1s famennyezete. \u00c9gerh\u00e1zi Imre Erd\u00e9lyben el\u0151sz\u00f6r 1956-ban j\u00e1rt, csal\u00e1di kapcsolatai r\u00e9v\u00e9n. Az erd\u00e9lyi t\u00e1j \u00e9s az erd\u00e9lyi emberek, neh\u00e9z sorsuk annyira megihlette \u0151t, hogy minden \u00e9vben visszat\u00e9rt \u00e9s megl\u00e1togatta Erd\u00e9lyorsz\u00e1g minden t\u00e1jegys\u00e9g\u00e9t. A 70-es \u00e9vek elej\u00e9t\u0151l \u00e9vente t\u00f6bbsz\u00f6r is \u00e1tl\u00e9pte a rom\u00e1n-magyar hat\u00e1rt. Els\u0151sorban a szatm\u00e1ri vid\u00e9ket, Marosv\u00e1s\u00e1rhely k\u00f6rny\u00e9k\u00e9t, a gyergy\u00f3i medenc\u00e9t \u00e9s a gyimesi hegyvid\u00e9ket l\u00e1togatta. A 70-es \u00e9vek eleje meghat\u00e1roz\u00f3 volt a l\u00e1togat\u00e1sokat tekintve, mert m\u0171v\u00e9sz \u00e9s filmes bar\u00e1taival igyekeztek r\u00e9szt venni a kommunista diktat\u00far\u00e1ban elnyomott magyars\u00e1g \u00e9ledez\u0151 rendezv\u00e9nyein. Ezek k\u00f6z\u00fcl kiemelkedik az 1973-as els\u0151 magyar Cs\u00e1ng\u00f3 fesztiv\u00e1l, Gyimesk\u00f6z\u00e9plokon.<\/p>\n<p>1971 \u00e9s 1972-ben els\u0151sorban plein air fest\u00e9seket emelhetj\u00fck ki, ami azt jelentette, hogy fest\u0151\u00e1llv\u00e1nnyal \u00e9s farostlemezzel felszerelkezve a helyiek k\u00f6z\u00f6tt, a szabadban k\u00e9sz\u00edtett j\u00f3n\u00e9h\u00e1ny meghat\u00e1roz\u00f3 alkot\u00e1st erd\u00e9lyi k\u00e9peit tekintve. Az \u0150szi hangulat c\u00edm\u0171 festm\u00e9nyt 1972-ben festette a hajd\u00fab\u00f6sz\u00f6rm\u00e9nyi m\u0171v\u00e9sztelepen, Gyimesben k\u00e9sz\u00edtett v\u00e1zlatai alapj\u00e1n. Fest\u0151i korszakait tekintve a 70-es \u00e9vek elej\u00e9n domin\u00e1ltak a fekete kont\u00farok \u00e9s a k\u00e9k sz\u00ednek. Az \u0150szi hangulat eset\u00e9ben azonban az \u00e9vszakra jellemz\u0151 v\u00f6r\u00f6ses \u00e9s okker sz\u00ednek domin\u00e1lnak.<\/p>\n<p>Ezt a festm\u00e9ny\u00e9n a szakmai k\u00f6r\u00f6kben is nagyra \u00e9rt\u00e9kelt\u00e9k \u00e9s \u00c9gerh\u00e1zi Imre is m\u00e9rf\u00f6ldk\u0151nek tartotta m\u0171v\u00e9szeti fejl\u0151d\u00e9s\u00e9ben. Ennek az alkot\u00e1snak nagy szerepe volt abban, hogy 1974-ben K\u00e1pl\u00e1r Mikl\u00f3s d\u00edjat kapott.<\/p>\n<p>A festm\u00e9ny Hajd\u00fahadh\u00e1z tulajdona, az \u00c9gerh\u00e1zi Imre Eml\u00e9kh\u00e1zban tekinthet\u0151 meg.[\/vc_column_text][\/vc_column][\/vc_row]\n<\/div>","protected":false},"excerpt":{"rendered":"<p>[vc_row][vc_column][vc_custom_heading source=&#8221;post_title&#8221; font_container=&#8221;tag:h2|text_align:center&#8221; use_theme_fonts=&#8221;yes&#8221; el_class=&#8221;mb60 mb30-md&#8221;][vc_empty_space][vc_single_image image=&#8221;3372&#8243; img_size=&#8221;large&#8221; alignment=&#8221;center&#8221; style=&#8221;xtd-shadow&#8211;large-normal&#8221; onclick=&#8221;custom_link&#8221; img_link_target=&#8221;_blank&#8221; link=&#8221;https:\/\/egerhaziimre.hu\/wp-content\/uploads\/kepek\/340.jpg&#8221;][vc_empty_space][vc_column_text] olaj, farost, 95&#215;122 cm 1972<\/p>\n","protected":false},"author":5,"featured_media":3372,"parent":3496,"menu_order":0,"comment_status":"closed","ping_status":"closed","template":"","meta":{"footnotes":""},"categories":[128],"tags":[30,151,152],"class_list":["post-3408","page","type-page","status-publish","has-post-thumbnail","hentry","category-festmenyek","tag-30","tag-kepajanlo","tag-olajfestmeny"],"yoast_head":"<!-- This site is optimized with the Yoast SEO plugin v27.3 - https:\/\/yoast.com\/product\/yoast-seo-wordpress\/ -->\n<title>\u0150szi hangulat - \u00c9gerh\u00e1zi Imre<\/title>\n<meta name=\"robots\" content=\"index, follow, max-snippet:-1, max-image-preview:large, max-video-preview:-1\" \/>\n<link rel=\"canonical\" href=\"https:\/\/egerhaziimre.hu\/index.php\/eletmu\/autumn-mood\/\" \/>\n<meta property=\"og:locale\" content=\"hu_HU\" \/>\n<meta property=\"og:type\" content=\"article\" \/>\n<meta property=\"og:title\" content=\"\u00c9gerh\u00e1zi Imre\" \/>\n<meta property=\"og:description\" content=\"[vc_row][vc_column][vc_custom_heading source=&#8221;post_title&#8221; font_container=&#8221;tag:h2|text_align:center&#8221; use_theme_fonts=&#8221;yes&#8221; el_class=&#8221;mb60 mb30-md&#8221;][vc_empty_space][vc_single_image image=&#8221;3372&#8243; img_size=&#8221;large&#8221; alignment=&#8221;center&#8221; style=&#8221;xtd-shadow&#8211;large-normal&#8221; onclick=&#8221;custom_link&#8221; img_link_target=&#8221;_blank&#8221; link=&#8221;https:\/\/egerhaziimre.hu\/wp-content\/uploads\/kepek\/340.jpg&#8221;][vc_empty_space][vc_column_text] olaj, farost, 95&#215;122 cm 1972\" \/>\n<meta property=\"og:url\" content=\"https:\/\/egerhaziimre.hu\/index.php\/eletmu\/autumn-mood\/\" \/>\n<meta property=\"og:site_name\" content=\"\u00c9gerh\u00e1zi Imre\" \/>\n<meta property=\"article:modified_time\" content=\"2024-01-02T13:28:44+00:00\" \/>\n<meta property=\"og:image\" content=\"https:\/\/egerhaziimre.hu\/wp-content\/uploads\/kepek\/340.jpg\" \/>\n\t<meta property=\"og:image:width\" content=\"2000\" \/>\n\t<meta property=\"og:image:height\" content=\"1547\" \/>\n\t<meta property=\"og:image:type\" content=\"image\/jpeg\" \/>\n<meta name=\"twitter:card\" content=\"summary_large_image\" \/>\n<meta name=\"twitter:title\" content=\"\u00c9gerh\u00e1zi Imre\" \/>\n<meta name=\"twitter:image\" content=\"https:\/\/egerhaziimre.hu\/wp-content\/uploads\/kepek\/340.jpg\" \/>\n<meta name=\"twitter:label1\" content=\"Becs\u00fclt olvas\u00e1si id\u0151\" \/>\n\t<meta name=\"twitter:data1\" content=\"2 perc\" \/>\n<script type=\"application\/ld+json\" class=\"yoast-schema-graph\">{\"@context\":\"https:\\\/\\\/schema.org\",\"@graph\":[{\"@type\":\"WebPage\",\"@id\":\"https:\\\/\\\/egerhaziimre.hu\\\/index.php\\\/eletmu\\\/autumn-mood\\\/\",\"url\":\"https:\\\/\\\/egerhaziimre.hu\\\/index.php\\\/eletmu\\\/autumn-mood\\\/\",\"name\":\"\u0150szi hangulat - \u00c9gerh\u00e1zi Imre\",\"isPartOf\":{\"@id\":\"https:\\\/\\\/egerhaziimre.hu\\\/#website\"},\"primaryImageOfPage\":{\"@id\":\"https:\\\/\\\/egerhaziimre.hu\\\/index.php\\\/eletmu\\\/autumn-mood\\\/#primaryimage\"},\"image\":{\"@id\":\"https:\\\/\\\/egerhaziimre.hu\\\/index.php\\\/eletmu\\\/autumn-mood\\\/#primaryimage\"},\"thumbnailUrl\":\"https:\\\/\\\/egerhaziimre.hu\\\/wp-content\\\/uploads\\\/2020\\\/06\\\/0140_oszihangulat95x122_RGB.jpg\",\"datePublished\":\"2020-06-11T10:16:36+00:00\",\"dateModified\":\"2024-01-02T13:28:44+00:00\",\"breadcrumb\":{\"@id\":\"https:\\\/\\\/egerhaziimre.hu\\\/index.php\\\/eletmu\\\/autumn-mood\\\/#breadcrumb\"},\"inLanguage\":\"hu\",\"potentialAction\":[{\"@type\":\"ReadAction\",\"target\":[\"https:\\\/\\\/egerhaziimre.hu\\\/index.php\\\/eletmu\\\/autumn-mood\\\/\"]}]},{\"@type\":\"ImageObject\",\"inLanguage\":\"hu\",\"@id\":\"https:\\\/\\\/egerhaziimre.hu\\\/index.php\\\/eletmu\\\/autumn-mood\\\/#primaryimage\",\"url\":\"https:\\\/\\\/egerhaziimre.hu\\\/wp-content\\\/uploads\\\/2020\\\/06\\\/0140_oszihangulat95x122_RGB.jpg\",\"contentUrl\":\"https:\\\/\\\/egerhaziimre.hu\\\/wp-content\\\/uploads\\\/2020\\\/06\\\/0140_oszihangulat95x122_RGB.jpg\",\"width\":2000,\"height\":1547,\"caption\":\"olaj, farost 95x122 1972\"},{\"@type\":\"BreadcrumbList\",\"@id\":\"https:\\\/\\\/egerhaziimre.hu\\\/index.php\\\/eletmu\\\/autumn-mood\\\/#breadcrumb\",\"itemListElement\":[{\"@type\":\"ListItem\",\"position\":1,\"name\":\"Home\",\"item\":\"https:\\\/\\\/egerhaziimre.hu\\\/\"},{\"@type\":\"ListItem\",\"position\":2,\"name\":\"Life work\",\"item\":\"https:\\\/\\\/egerhaziimre.hu\\\/index.php\\\/eletmu\\\/?lang=en\"},{\"@type\":\"ListItem\",\"position\":3,\"name\":\"\u0150szi hangulat\"}]},{\"@type\":\"WebSite\",\"@id\":\"https:\\\/\\\/egerhaziimre.hu\\\/#website\",\"url\":\"https:\\\/\\\/egerhaziimre.hu\\\/\",\"name\":\"\u00c9gerh\u00e1zi Imre\",\"description\":\"\",\"potentialAction\":[{\"@type\":\"SearchAction\",\"target\":{\"@type\":\"EntryPoint\",\"urlTemplate\":\"https:\\\/\\\/egerhaziimre.hu\\\/?s={search_term_string}\"},\"query-input\":{\"@type\":\"PropertyValueSpecification\",\"valueRequired\":true,\"valueName\":\"search_term_string\"}}],\"inLanguage\":\"hu\"}]}<\/script>\n<!-- \/ Yoast SEO plugin. -->","yoast_head_json":{"title":"\u0150szi hangulat - \u00c9gerh\u00e1zi Imre","robots":{"index":"index","follow":"follow","max-snippet":"max-snippet:-1","max-image-preview":"max-image-preview:large","max-video-preview":"max-video-preview:-1"},"canonical":"https:\/\/egerhaziimre.hu\/index.php\/eletmu\/autumn-mood\/","og_locale":"hu_HU","og_type":"article","og_title":"\u00c9gerh\u00e1zi Imre","og_description":"[vc_row][vc_column][vc_custom_heading source=&#8221;post_title&#8221; font_container=&#8221;tag:h2|text_align:center&#8221; use_theme_fonts=&#8221;yes&#8221; el_class=&#8221;mb60 mb30-md&#8221;][vc_empty_space][vc_single_image image=&#8221;3372&#8243; img_size=&#8221;large&#8221; alignment=&#8221;center&#8221; style=&#8221;xtd-shadow&#8211;large-normal&#8221; onclick=&#8221;custom_link&#8221; img_link_target=&#8221;_blank&#8221; link=&#8221;https:\/\/egerhaziimre.hu\/wp-content\/uploads\/kepek\/340.jpg&#8221;][vc_empty_space][vc_column_text] olaj, farost, 95&#215;122 cm 1972","og_url":"https:\/\/egerhaziimre.hu\/index.php\/eletmu\/autumn-mood\/","og_site_name":"\u00c9gerh\u00e1zi Imre","article_modified_time":"2024-01-02T13:28:44+00:00","og_image":[{"width":2000,"height":1547,"url":"https:\/\/egerhaziimre.hu\/wp-content\/uploads\/kepek\/340.jpg","type":"image\/jpeg"}],"twitter_card":"summary_large_image","twitter_title":"\u00c9gerh\u00e1zi Imre","twitter_image":"https:\/\/egerhaziimre.hu\/wp-content\/uploads\/kepek\/340.jpg","twitter_misc":{"Becs\u00fclt olvas\u00e1si id\u0151":"2 perc"},"schema":{"@context":"https:\/\/schema.org","@graph":[{"@type":"WebPage","@id":"https:\/\/egerhaziimre.hu\/index.php\/eletmu\/autumn-mood\/","url":"https:\/\/egerhaziimre.hu\/index.php\/eletmu\/autumn-mood\/","name":"\u0150szi hangulat - \u00c9gerh\u00e1zi Imre","isPartOf":{"@id":"https:\/\/egerhaziimre.hu\/#website"},"primaryImageOfPage":{"@id":"https:\/\/egerhaziimre.hu\/index.php\/eletmu\/autumn-mood\/#primaryimage"},"image":{"@id":"https:\/\/egerhaziimre.hu\/index.php\/eletmu\/autumn-mood\/#primaryimage"},"thumbnailUrl":"https:\/\/egerhaziimre.hu\/wp-content\/uploads\/2020\/06\/0140_oszihangulat95x122_RGB.jpg","datePublished":"2020-06-11T10:16:36+00:00","dateModified":"2024-01-02T13:28:44+00:00","breadcrumb":{"@id":"https:\/\/egerhaziimre.hu\/index.php\/eletmu\/autumn-mood\/#breadcrumb"},"inLanguage":"hu","potentialAction":[{"@type":"ReadAction","target":["https:\/\/egerhaziimre.hu\/index.php\/eletmu\/autumn-mood\/"]}]},{"@type":"ImageObject","inLanguage":"hu","@id":"https:\/\/egerhaziimre.hu\/index.php\/eletmu\/autumn-mood\/#primaryimage","url":"https:\/\/egerhaziimre.hu\/wp-content\/uploads\/2020\/06\/0140_oszihangulat95x122_RGB.jpg","contentUrl":"https:\/\/egerhaziimre.hu\/wp-content\/uploads\/2020\/06\/0140_oszihangulat95x122_RGB.jpg","width":2000,"height":1547,"caption":"olaj, farost 95x122 1972"},{"@type":"BreadcrumbList","@id":"https:\/\/egerhaziimre.hu\/index.php\/eletmu\/autumn-mood\/#breadcrumb","itemListElement":[{"@type":"ListItem","position":1,"name":"Home","item":"https:\/\/egerhaziimre.hu\/"},{"@type":"ListItem","position":2,"name":"Life work","item":"https:\/\/egerhaziimre.hu\/index.php\/eletmu\/?lang=en"},{"@type":"ListItem","position":3,"name":"\u0150szi hangulat"}]},{"@type":"WebSite","@id":"https:\/\/egerhaziimre.hu\/#website","url":"https:\/\/egerhaziimre.hu\/","name":"\u00c9gerh\u00e1zi Imre","description":"","potentialAction":[{"@type":"SearchAction","target":{"@type":"EntryPoint","urlTemplate":"https:\/\/egerhaziimre.hu\/?s={search_term_string}"},"query-input":{"@type":"PropertyValueSpecification","valueRequired":true,"valueName":"search_term_string"}}],"inLanguage":"hu"}]}},"jetpack_sharing_enabled":true,"_links":{"self":[{"href":"https:\/\/egerhaziimre.hu\/index.php\/wp-json\/wp\/v2\/pages\/3408","targetHints":{"allow":["GET"]}}],"collection":[{"href":"https:\/\/egerhaziimre.hu\/index.php\/wp-json\/wp\/v2\/pages"}],"about":[{"href":"https:\/\/egerhaziimre.hu\/index.php\/wp-json\/wp\/v2\/types\/page"}],"author":[{"embeddable":true,"href":"https:\/\/egerhaziimre.hu\/index.php\/wp-json\/wp\/v2\/users\/5"}],"replies":[{"embeddable":true,"href":"https:\/\/egerhaziimre.hu\/index.php\/wp-json\/wp\/v2\/comments?post=3408"}],"version-history":[{"count":5,"href":"https:\/\/egerhaziimre.hu\/index.php\/wp-json\/wp\/v2\/pages\/3408\/revisions"}],"predecessor-version":[{"id":16861,"href":"https:\/\/egerhaziimre.hu\/index.php\/wp-json\/wp\/v2\/pages\/3408\/revisions\/16861"}],"up":[{"embeddable":true,"href":"https:\/\/egerhaziimre.hu\/index.php\/wp-json\/wp\/v2\/pages\/3496"}],"wp:featuredmedia":[{"embeddable":true,"href":"https:\/\/egerhaziimre.hu\/index.php\/wp-json\/wp\/v2\/media\/3372"}],"wp:attachment":[{"href":"https:\/\/egerhaziimre.hu\/index.php\/wp-json\/wp\/v2\/media?parent=3408"}],"wp:term":[{"taxonomy":"category","embeddable":true,"href":"https:\/\/egerhaziimre.hu\/index.php\/wp-json\/wp\/v2\/categories?post=3408"},{"taxonomy":"post_tag","embeddable":true,"href":"https:\/\/egerhaziimre.hu\/index.php\/wp-json\/wp\/v2\/tags?post=3408"}],"curies":[{"name":"wp","href":"https:\/\/api.w.org\/{rel}","templated":true}]}}