{"id":3410,"date":"2020-06-11T12:22:24","date_gmt":"2020-06-11T10:22:24","guid":{"rendered":"http:\/\/egerhaziimre.magex.hu\/?page_id=3410"},"modified":"2024-01-02T14:30:30","modified_gmt":"2024-01-02T13:30:30","slug":"erdelyi-taj","status":"publish","type":"page","link":"https:\/\/egerhaziimre.hu\/index.php\/erdelyi-taj\/","title":{"rendered":"Erd\u00e9lyi t\u00e1j"},"content":{"rendered":"<div class=\"wpb-content-wrapper\">[vc_row][vc_column][vc_custom_heading source=&#8221;post_title&#8221; font_container=&#8221;tag:h2|text_align:center&#8221; use_theme_fonts=&#8221;yes&#8221; el_class=&#8221;mb60 mb30-md&#8221;][vc_empty_space][vc_single_image image=&#8221;3368&#8243; img_size=&#8221;large&#8221; alignment=&#8221;center&#8221; style=&#8221;xtd-shadow&#8211;large-normal&#8221; onclick=&#8221;custom_link&#8221; img_link_target=&#8221;_blank&#8221; link=&#8221;https:\/\/egerhaziimre.hu\/wp-content\/uploads\/kepek\/121.jpg&#8221;][vc_empty_space][vc_column_text]\n<p style=\"text-align: center;\">olaj, farost, 104&#215;122 cm<br \/>\n1970<\/p>\n<p><!--more-->[\/vc_column_text][vc_separator][vc_column_text]\n<h6 style=\"text-align: center;\">Erd\u00e9lyi t\u00e1j<\/h6>\n<p>Az Erd\u00e9lyi t\u00e1j c. festm\u00e9ny 1970-ben k\u00e9sz\u00fclt.<br \/>\n\u00c9gerh\u00e1zi Imre sokszor nyilatkozta, hogy k\u00e9t f\u0151 t\u00e9ma izgazta. Gyakran fogalmazott \u00fagy, k\u00e9t nagy szerelme van, az egyik az Alf\u00f6ld, a m\u00e1sik pedig Erd\u00e9ly.<\/p>\n<p>Az erd\u00e9lyi k\u00f6t\u0151d\u00e9s nem v\u00e9letlen, hiszen az \u00c9gerh\u00e1zi csal\u00e1d a Marosv\u00e1s\u00e1rhelyhez k\u00f6zeli Mez\u0151b\u00e1nd telep\u00fcl\u00e9sr\u0151l sz\u00e1rmazik. Ebbe a telep\u00fcl\u00e9sbe olvadt bele a kor\u00e1bban \u00f6n\u00e1ll\u00f3 Egerh\u00e1za, az 1400-as \u00e9vek elej\u00e9n. Az Egerh\u00e1zi fam\u00edlia m\u00e1r az els\u0151 magyar kir\u00e1lyi nemes\u00edt\u00e9sek idej\u00e9n kapott nemesi rangot a 13. sz\u00e1zadban, melyet az erd\u00e9lyi fejedelmek \u00faj\u00edtottak meg az 1600-as \u00e9vekben. 1609-ben Egerh\u00e1zi Bal\u00e1zs kapott \u00fajranemes\u00edt\u00e9st B\u00e1thory G\u00e1bor erd\u00e9lyi fejedelemt\u0151l, majd az \u0151 lesz\u00e1rmazottja Egerh\u00e1zi K\u00e9p\u00edr\u00f3 J\u00e1nos I. R\u00e1k\u00f3czi Gy\u00f6rgyt\u0151l. Egerh\u00e1zi K\u00e9p\u00edr\u00f3 J\u00e1nos m\u0171v\u00e9szeti munk\u00e1ss\u00e1g\u00e1\u00e9rt \u00e9s a fejedelmeknek ny\u00fajtott szolg\u00e1latai\u00e9rt kapta a kit\u00fcntet\u00e9st. A csal\u00e1db\u00f3l 1671-ben Egerh\u00e1zi Mih\u00e1ly Apafi Mih\u00e1lyt\u00f3l kapott \u00fajabb nemesi oklevelet. Ez az oklev\u00e9l gener\u00e1ci\u00f3r\u00f3l gener\u00e1ci\u00f3ra v\u00e1ndorolt Hajd\u00fahadh\u00e1zon, a padl\u00e1son a szaruf\u00e1ban, ahov\u00e1 az \u00c9gerh\u00e1ziak rejtett\u00e9k. \u00c9gerh\u00e1zi Imre hozta mag\u00e1val Debrecenbe az 1930 \u00e9vek k\u00f6zep\u00e9n. Az Erd\u00e9lyi Fejedelems\u00e9g buk\u00e1sa ut\u00e1n ugyanis a csal\u00e1dnak menek\u00fclnie kellett. Az 1700-as \u00e9vek elej\u00e9n h\u00e1rom Egerh\u00e1zi testv\u00e9rt \u00c9gerh\u00e1zik\u00e9nt vettek fel a matrikul\u00e1kba, \u00edgy innent\u0151l kezdve a csal\u00e1d hajd\u00fas\u00e1gi \u00e1ga \u00c9gerh\u00e1zik\u00e9nt lett anyak\u00f6nyvezve.<\/p>\n<p>Erd\u00e9lybe el\u0151sz\u00f6r 1956-ban l\u00e1togatott el, ahol feles\u00e9ge rokonai \u00e9lnek, Marosv\u00e1s\u00e1rhelyen. Egyb\u0151l otthon \u00e9rezte mag\u00e1t a t\u00e1j \u00e9s az emberek k\u00f6z\u00f6tt, \u00edgy minden \u00e9vben legal\u00e1bb egyszer ell\u00e1togatott Erd\u00e9lybe. A 60-as \u00e9vek m\u00e1sodik fel\u00e9t\u0151l m\u00e1r kifejezetten alkot\u00f3i c\u00e9llal, sokszor m\u0171v\u00e9sz bar\u00e1tokkal tett l\u00e1togat\u00e1st a K\u00f6r\u00f6s\u00f6k vid\u00e9k\u00e9n, a sz\u00e9kelyekn\u00e9l, a cs\u00e1ng\u00f3kn\u00e1l \u00e9s a szatm\u00e1ri vid\u00e9ken.<\/p>\n<p>\u00c9gerh\u00e1zi Imre saj\u00e1t erd\u00e9lyi \u0151seir\u0151l nem sokat tudott, a hatvanas \u00e9vekben Sz\u00edj Rezs\u0151 m\u0171v\u00e9szett\u00f6rt\u00e9n\u00e9sz h\u00edvta fel a figyelm\u00e9t az esetleges rokoni kapcsolatra. Ma is \u00e1ll Gyulakut\u00e1n a reform\u00e1tus templom famennyezete, amelyet Egerh\u00e1zi K\u00e9p\u00edr\u00f3 J\u00e1nos festett \u00e9s ebben a kateg\u00f3ri\u00e1ban a legjelent\u0151sebb magyar m\u0171v\u00e9szett\u00f6rt\u00e9neti eml\u00e9k. Itt gyan\u00edtott \u00f6sszef\u00fcgg\u00e9st Sz\u00edj Rezs\u0151. Amikor \u00c9gerh\u00e1zi Imre el\u0151sz\u00f6r bel\u00e9pett a templomba a nyolcvanas \u00e9vek elej\u00e9n, szinte rosszul lett. Saj\u00e1t m\u0171v\u00e9szet\u00e9t l\u00e1tta a mennyezeten. K\u00e9p\u00edr\u00f3 J\u00e1nos ugyanolyan mot\u00edvumokat festett, mint \u0151, a vonalvezet\u00e9se \u00e9s formavil\u00e1ga is megegyezett.<\/p>\n<p>Az erd\u00e9lyi t\u00e9m\u00e1j\u00fa festm\u00e9nyek 1968-t\u00f3l kezdtek el domin\u00e1lni a tematik\u00e1t illet\u0151en. Kifejezetten nagy m\u00e9ret\u0171, sokr\u00e9t\u0171 alkot\u00e1sok sz\u00fclettek. Nemcsak a t\u00e1j, n\u00e9ha zord, sz\u00e9ps\u00e9g\u00e9t mutatta be, hanem az ott \u00e9l\u0151 emberek sors\u00e1t is pr\u00f3b\u00e1lta \u00e1br\u00e1zolni. Ennek a korszaknak az egyik legjelent\u0151sebb alkot\u00e1sa ez a 104&#215;122 cm-es festm\u00e9ny. B\u00e1r Erd\u00e9lyi t\u00e1j a c\u00edme, de m\u00e9ly mondanival\u00f3t is hordoz az erd\u00e9lyi emberek sors\u00e1r\u00f3l, szenved\u00e9seir\u0151l. A festm\u00e9ny jobb oldal\u00e1n l\u00e1that\u00f3 fiatal n\u0151 arc\u00e1r\u00f3l \u00e9s mozdulatair\u00f3l f\u00e1jdalmat olvashatunk ki, a h\u00e1tt\u00e9rben pedig az erd\u00e9lyi magyarok megmarad\u00e1s\u00e1nak egyik fontos helysz\u00edne, a templom \u00e9s a templomkert l\u00e1that\u00f3. A temet\u0151i fejf\u00e1k a muland\u00f3s\u00e1got \u00e9s az erd\u00e9lyi magyarok vesz\u00e9lyeztetett helyzet\u00e9t k\u00f6zvet\u00edti. Ha ez a k\u00e9p nem 1970-ben, a kommunista diktat\u00fara idej\u00e9n sz\u00fcletik, val\u00f3sz\u00edn\u0171leg m\u00e1s c\u00edmet kapott volna.<\/p>\n<p>A festm\u00e9nyen a 1969-71 k\u00f6z\u00f6tt id\u0151szakra jellemz\u0151 k\u00e9k sz\u00ednek domin\u00e1lnak, er\u0151s kont\u00faroz\u00e1ssal. \u00c9gerh\u00e1zi Imre m\u0171term\u00e9ben 500-as er\u0151ss\u00e9g\u0171 izz\u00f3t haszn\u00e1lt, ez\u00e1ltal ha a kicsit s\u00f6t\u00e9t t\u00f3nus\u00fa k\u00e9peit megvil\u00e1g\u00edtjuk, a form\u00e1k \u00e9s az alakok \u00e9letre kelnek.<\/p>\n<p>A festm\u00e9ny jelenleg Hajd\u00fahadh\u00e1z v\u00e1ros tulajdona \u00e9s az \u00c9gerh\u00e1zi Imre Eml\u00e9kh\u00e1z gy\u0171jtem\u00e9ny\u00e9ben tal\u00e1lhat\u00f3.[\/vc_column_text][\/vc_column][\/vc_row]\n<\/div>","protected":false},"excerpt":{"rendered":"<p>[vc_row][vc_column][vc_custom_heading source=&#8221;post_title&#8221; font_container=&#8221;tag:h2|text_align:center&#8221; use_theme_fonts=&#8221;yes&#8221; el_class=&#8221;mb60 mb30-md&#8221;][vc_empty_space][vc_single_image image=&#8221;3368&#8243; img_size=&#8221;large&#8221; alignment=&#8221;center&#8221; style=&#8221;xtd-shadow&#8211;large-normal&#8221; onclick=&#8221;custom_link&#8221; img_link_target=&#8221;_blank&#8221; link=&#8221;https:\/\/egerhaziimre.hu\/wp-content\/uploads\/kepek\/121.jpg&#8221;][vc_empty_space][vc_column_text] olaj, farost, 104&#215;122 cm 1970<\/p>\n","protected":false},"author":5,"featured_media":3368,"parent":0,"menu_order":0,"comment_status":"closed","ping_status":"closed","template":"","meta":{"footnotes":""},"categories":[128],"tags":[91,179,174,151,152],"class_list":["post-3410","page","type-page","status-publish","has-post-thumbnail","hentry","category-festmenyek","tag-91","tag-1972_02_biharkeresztes","tag-1976_09_debrecen","tag-kepajanlo","tag-olajfestmeny"],"yoast_head":"<!-- This site is optimized with the Yoast SEO plugin v27.0 - https:\/\/yoast.com\/product\/yoast-seo-wordpress\/ -->\n<title>Erd\u00e9lyi t\u00e1j - \u00c9gerh\u00e1zi Imre<\/title>\n<meta name=\"robots\" content=\"index, follow, max-snippet:-1, max-image-preview:large, max-video-preview:-1\" \/>\n<link rel=\"canonical\" href=\"https:\/\/egerhaziimre.hu\/index.php\/erdelyi-taj\/\" \/>\n<meta property=\"og:locale\" content=\"hu_HU\" \/>\n<meta property=\"og:type\" content=\"article\" \/>\n<meta property=\"og:title\" content=\"\u00c9gerh\u00e1zi Imre\" \/>\n<meta property=\"og:description\" content=\"[vc_row][vc_column][vc_custom_heading source=&#8221;post_title&#8221; font_container=&#8221;tag:h2|text_align:center&#8221; use_theme_fonts=&#8221;yes&#8221; el_class=&#8221;mb60 mb30-md&#8221;][vc_empty_space][vc_single_image image=&#8221;3368&#8243; img_size=&#8221;large&#8221; alignment=&#8221;center&#8221; style=&#8221;xtd-shadow&#8211;large-normal&#8221; onclick=&#8221;custom_link&#8221; img_link_target=&#8221;_blank&#8221; link=&#8221;https:\/\/egerhaziimre.hu\/wp-content\/uploads\/kepek\/121.jpg&#8221;][vc_empty_space][vc_column_text] olaj, farost, 104&#215;122 cm 1970\" \/>\n<meta property=\"og:url\" content=\"https:\/\/egerhaziimre.hu\/index.php\/erdelyi-taj\/\" \/>\n<meta property=\"og:site_name\" content=\"\u00c9gerh\u00e1zi Imre\" \/>\n<meta property=\"article:modified_time\" content=\"2024-01-02T13:30:30+00:00\" \/>\n<meta property=\"og:image\" content=\"https:\/\/egerhaziimre.hu\/wp-content\/uploads\/kepek\/121.jpg\" \/>\n\t<meta property=\"og:image:width\" content=\"2000\" \/>\n\t<meta property=\"og:image:height\" content=\"1705\" \/>\n\t<meta property=\"og:image:type\" content=\"image\/jpeg\" \/>\n<meta name=\"twitter:card\" content=\"summary_large_image\" \/>\n<meta name=\"twitter:title\" content=\"\u00c9gerh\u00e1zi Imre\" \/>\n<meta name=\"twitter:image\" content=\"https:\/\/egerhaziimre.hu\/wp-content\/uploads\/kepek\/121.jpg\" \/>\n<meta name=\"twitter:label1\" content=\"Becs\u00fclt olvas\u00e1si id\u0151\" \/>\n\t<meta name=\"twitter:data1\" content=\"4 perc\" \/>\n<script type=\"application\/ld+json\" class=\"yoast-schema-graph\">{\"@context\":\"https:\/\/schema.org\",\"@graph\":[{\"@type\":\"WebPage\",\"@id\":\"https:\/\/egerhaziimre.hu\/index.php\/erdelyi-taj\/\",\"url\":\"https:\/\/egerhaziimre.hu\/index.php\/erdelyi-taj\/\",\"name\":\"Erd\u00e9lyi t\u00e1j - \u00c9gerh\u00e1zi Imre\",\"isPartOf\":{\"@id\":\"https:\/\/egerhaziimre.hu\/#website\"},\"primaryImageOfPage\":{\"@id\":\"https:\/\/egerhaziimre.hu\/index.php\/erdelyi-taj\/#primaryimage\"},\"image\":{\"@id\":\"https:\/\/egerhaziimre.hu\/index.php\/erdelyi-taj\/#primaryimage\"},\"thumbnailUrl\":\"https:\/\/egerhaziimre.hu\/wp-content\/uploads\/2020\/06\/0030_erdelyitaj104x122_RGB.jpg\",\"datePublished\":\"2020-06-11T10:22:24+00:00\",\"dateModified\":\"2024-01-02T13:30:30+00:00\",\"breadcrumb\":{\"@id\":\"https:\/\/egerhaziimre.hu\/index.php\/erdelyi-taj\/#breadcrumb\"},\"inLanguage\":\"hu\",\"potentialAction\":[{\"@type\":\"ReadAction\",\"target\":[\"https:\/\/egerhaziimre.hu\/index.php\/erdelyi-taj\/\"]}]},{\"@type\":\"ImageObject\",\"inLanguage\":\"hu\",\"@id\":\"https:\/\/egerhaziimre.hu\/index.php\/erdelyi-taj\/#primaryimage\",\"url\":\"https:\/\/egerhaziimre.hu\/wp-content\/uploads\/2020\/06\/0030_erdelyitaj104x122_RGB.jpg\",\"contentUrl\":\"https:\/\/egerhaziimre.hu\/wp-content\/uploads\/2020\/06\/0030_erdelyitaj104x122_RGB.jpg\",\"width\":2000,\"height\":1705,\"caption\":\"olaj, farost 104x122 1970\"},{\"@type\":\"BreadcrumbList\",\"@id\":\"https:\/\/egerhaziimre.hu\/index.php\/erdelyi-taj\/#breadcrumb\",\"itemListElement\":[{\"@type\":\"ListItem\",\"position\":1,\"name\":\"Home\",\"item\":\"https:\/\/egerhaziimre.hu\/\"},{\"@type\":\"ListItem\",\"position\":2,\"name\":\"Erd\u00e9lyi t\u00e1j\"}]},{\"@type\":\"WebSite\",\"@id\":\"https:\/\/egerhaziimre.hu\/#website\",\"url\":\"https:\/\/egerhaziimre.hu\/\",\"name\":\"\u00c9gerh\u00e1zi Imre\",\"description\":\"\",\"potentialAction\":[{\"@type\":\"SearchAction\",\"target\":{\"@type\":\"EntryPoint\",\"urlTemplate\":\"https:\/\/egerhaziimre.hu\/?s={search_term_string}\"},\"query-input\":{\"@type\":\"PropertyValueSpecification\",\"valueRequired\":true,\"valueName\":\"search_term_string\"}}],\"inLanguage\":\"hu\"}]}<\/script>\n<!-- \/ Yoast SEO plugin. -->","yoast_head_json":{"title":"Erd\u00e9lyi t\u00e1j - \u00c9gerh\u00e1zi Imre","robots":{"index":"index","follow":"follow","max-snippet":"max-snippet:-1","max-image-preview":"max-image-preview:large","max-video-preview":"max-video-preview:-1"},"canonical":"https:\/\/egerhaziimre.hu\/index.php\/erdelyi-taj\/","og_locale":"hu_HU","og_type":"article","og_title":"\u00c9gerh\u00e1zi Imre","og_description":"[vc_row][vc_column][vc_custom_heading source=&#8221;post_title&#8221; font_container=&#8221;tag:h2|text_align:center&#8221; use_theme_fonts=&#8221;yes&#8221; el_class=&#8221;mb60 mb30-md&#8221;][vc_empty_space][vc_single_image image=&#8221;3368&#8243; img_size=&#8221;large&#8221; alignment=&#8221;center&#8221; style=&#8221;xtd-shadow&#8211;large-normal&#8221; onclick=&#8221;custom_link&#8221; img_link_target=&#8221;_blank&#8221; link=&#8221;https:\/\/egerhaziimre.hu\/wp-content\/uploads\/kepek\/121.jpg&#8221;][vc_empty_space][vc_column_text] olaj, farost, 104&#215;122 cm 1970","og_url":"https:\/\/egerhaziimre.hu\/index.php\/erdelyi-taj\/","og_site_name":"\u00c9gerh\u00e1zi Imre","article_modified_time":"2024-01-02T13:30:30+00:00","og_image":[{"width":2000,"height":1705,"url":"https:\/\/egerhaziimre.hu\/wp-content\/uploads\/kepek\/121.jpg","type":"image\/jpeg"}],"twitter_card":"summary_large_image","twitter_title":"\u00c9gerh\u00e1zi Imre","twitter_image":"https:\/\/egerhaziimre.hu\/wp-content\/uploads\/kepek\/121.jpg","twitter_misc":{"Becs\u00fclt olvas\u00e1si id\u0151":"4 perc"},"schema":{"@context":"https:\/\/schema.org","@graph":[{"@type":"WebPage","@id":"https:\/\/egerhaziimre.hu\/index.php\/erdelyi-taj\/","url":"https:\/\/egerhaziimre.hu\/index.php\/erdelyi-taj\/","name":"Erd\u00e9lyi t\u00e1j - \u00c9gerh\u00e1zi Imre","isPartOf":{"@id":"https:\/\/egerhaziimre.hu\/#website"},"primaryImageOfPage":{"@id":"https:\/\/egerhaziimre.hu\/index.php\/erdelyi-taj\/#primaryimage"},"image":{"@id":"https:\/\/egerhaziimre.hu\/index.php\/erdelyi-taj\/#primaryimage"},"thumbnailUrl":"https:\/\/egerhaziimre.hu\/wp-content\/uploads\/2020\/06\/0030_erdelyitaj104x122_RGB.jpg","datePublished":"2020-06-11T10:22:24+00:00","dateModified":"2024-01-02T13:30:30+00:00","breadcrumb":{"@id":"https:\/\/egerhaziimre.hu\/index.php\/erdelyi-taj\/#breadcrumb"},"inLanguage":"hu","potentialAction":[{"@type":"ReadAction","target":["https:\/\/egerhaziimre.hu\/index.php\/erdelyi-taj\/"]}]},{"@type":"ImageObject","inLanguage":"hu","@id":"https:\/\/egerhaziimre.hu\/index.php\/erdelyi-taj\/#primaryimage","url":"https:\/\/egerhaziimre.hu\/wp-content\/uploads\/2020\/06\/0030_erdelyitaj104x122_RGB.jpg","contentUrl":"https:\/\/egerhaziimre.hu\/wp-content\/uploads\/2020\/06\/0030_erdelyitaj104x122_RGB.jpg","width":2000,"height":1705,"caption":"olaj, farost 104x122 1970"},{"@type":"BreadcrumbList","@id":"https:\/\/egerhaziimre.hu\/index.php\/erdelyi-taj\/#breadcrumb","itemListElement":[{"@type":"ListItem","position":1,"name":"Home","item":"https:\/\/egerhaziimre.hu\/"},{"@type":"ListItem","position":2,"name":"Erd\u00e9lyi t\u00e1j"}]},{"@type":"WebSite","@id":"https:\/\/egerhaziimre.hu\/#website","url":"https:\/\/egerhaziimre.hu\/","name":"\u00c9gerh\u00e1zi Imre","description":"","potentialAction":[{"@type":"SearchAction","target":{"@type":"EntryPoint","urlTemplate":"https:\/\/egerhaziimre.hu\/?s={search_term_string}"},"query-input":{"@type":"PropertyValueSpecification","valueRequired":true,"valueName":"search_term_string"}}],"inLanguage":"hu"}]}},"jetpack_sharing_enabled":true,"_links":{"self":[{"href":"https:\/\/egerhaziimre.hu\/index.php\/wp-json\/wp\/v2\/pages\/3410","targetHints":{"allow":["GET"]}}],"collection":[{"href":"https:\/\/egerhaziimre.hu\/index.php\/wp-json\/wp\/v2\/pages"}],"about":[{"href":"https:\/\/egerhaziimre.hu\/index.php\/wp-json\/wp\/v2\/types\/page"}],"author":[{"embeddable":true,"href":"https:\/\/egerhaziimre.hu\/index.php\/wp-json\/wp\/v2\/users\/5"}],"replies":[{"embeddable":true,"href":"https:\/\/egerhaziimre.hu\/index.php\/wp-json\/wp\/v2\/comments?post=3410"}],"version-history":[{"count":6,"href":"https:\/\/egerhaziimre.hu\/index.php\/wp-json\/wp\/v2\/pages\/3410\/revisions"}],"predecessor-version":[{"id":16862,"href":"https:\/\/egerhaziimre.hu\/index.php\/wp-json\/wp\/v2\/pages\/3410\/revisions\/16862"}],"wp:featuredmedia":[{"embeddable":true,"href":"https:\/\/egerhaziimre.hu\/index.php\/wp-json\/wp\/v2\/media\/3368"}],"wp:attachment":[{"href":"https:\/\/egerhaziimre.hu\/index.php\/wp-json\/wp\/v2\/media?parent=3410"}],"wp:term":[{"taxonomy":"category","embeddable":true,"href":"https:\/\/egerhaziimre.hu\/index.php\/wp-json\/wp\/v2\/categories?post=3410"},{"taxonomy":"post_tag","embeddable":true,"href":"https:\/\/egerhaziimre.hu\/index.php\/wp-json\/wp\/v2\/tags?post=3410"}],"curies":[{"name":"wp","href":"https:\/\/api.w.org\/{rel}","templated":true}]}}