{"id":3412,"date":"2020-06-11T13:22:12","date_gmt":"2020-06-11T11:22:12","guid":{"rendered":"http:\/\/egerhaziimre.magex.hu\/?page_id=3412"},"modified":"2024-01-02T14:31:51","modified_gmt":"2024-01-02T13:31:51","slug":"zenelo-angyalok","status":"publish","type":"page","link":"https:\/\/egerhaziimre.hu\/index.php\/zenelo-angyalok\/","title":{"rendered":"Zen\u00e9l\u0151 angyalok"},"content":{"rendered":"<div class=\"wpb-content-wrapper\">[vc_row][vc_column][vc_custom_heading source=&#8221;post_title&#8221; font_container=&#8221;tag:h2|text_align:center&#8221; use_theme_fonts=&#8221;yes&#8221; el_class=&#8221;mb60 mb30-md&#8221;][vc_empty_space][vc_single_image image=&#8221;3376&#8243; img_size=&#8221;large&#8221; alignment=&#8221;center&#8221; style=&#8221;xtd-shadow&#8211;large-normal&#8221; onclick=&#8221;custom_link&#8221; img_link_target=&#8221;_blank&#8221; link=&#8221;https:\/\/egerhaziimre.hu\/wp-content\/uploads\/kepek\/674.jpg&#8221;][vc_empty_space][vc_column_text]\n<p style=\"text-align: center;\">olaj, farost, 80&#215;100 cm<br \/>\n1998<\/p>\n<p><!--more-->[\/vc_column_text][vc_separator][vc_column_text]\n<h6 style=\"text-align: center;\">Zen\u00e9l\u0151 angyalok<\/h6>\n<p>A Zen\u00e9l\u0151 angyalok c. festm\u00e9ny 1998-ban k\u00e9sz\u00fclt. \u00c9gerh\u00e1zi Imre sz\u00edvesen vett r\u00e9szt tematikus p\u00e1ly\u00e1zatokon, \u00edgy 1998-ban a &#8222;Zene szemeinknek&#8221; MAT\u00c1V K\u00e9pz\u0151m\u0171v\u00e9szeti P\u00e1ly\u00e1zatra is t\u00f6bb alkot\u00e1st k\u00fcld\u00f6tt be. Ezek k\u00f6z\u00fcl az egyik a Zen\u00e9l\u0151 angyalok c\u00edm\u0171 festm\u00e9ny.<\/p>\n<p>A feladat olyan alkot\u00e1s l\u00e9trehoz\u00e1sa volt, ami a zen\u00e9t jelen\u00edti meg vizu\u00e1lisan, vagy a kommunik\u00e1ci\u00f3, vagy az emberi kapcsolatok szempontj\u00e1b\u00f3l. \u00c9gerh\u00e1zi Imre az emberi kapcsolatok t\u00e9mak\u00f6rt v\u00e1lasztotta. A 90-es \u00e9vek elej\u00e9t\u0151l rendszeres l\u00e1togat\u00f3ja volt a Pannonhalmi Ap\u00e1ts\u00e1g ter\u00fclet\u00e9n l\u00e9trehozott nemzetk\u00f6zi m\u0171v\u00e9sztelepnek. A szakr\u00e1lis zene a terek, amelyet ezek a zen\u00e9k bet\u00f6ltenek szuggeszt\u00edv hat\u00e1ssal voltak m\u0171v\u00e9szet\u00e9re. T\u00f6bb alkot\u00e1sa is sz\u00fcletett zen\u00e9l\u0151 angyalokr\u00f3l vagy m\u00e1s egyh\u00e1zi zen\u00e9t bemutat\u00f3 t\u00e9m\u00e1kr\u00f3l. \u00cdgy sz\u00e1m\u00e1ra adott volt a p\u00e1ly\u00e1zat tematikus ir\u00e1nya.<\/p>\n<p>A festm\u00e9ny a hit\u00e9lettel kapcsolatos munk\u00e1i k\u00f6z\u00f6tt a Zen\u00e9l\u0151 angyalok egyik legjobban siker\u00fclt munk\u00e1ja, mely a 90-es \u00e9vek figur\u00e1lis alkot\u00e1saib\u00f3l is kiemelked\u0151 sz\u00ednvonal\u00fa. Sz\u00ednvil\u00e1g\u00e1t a 90-es \u00e9vek v\u00e9g\u00e9re domin\u00e1l\u00f3v\u00e1 v\u00e1lt k\u00e9k \u00e9s sz\u00fcrke sz\u00ednek jellemzik. A fekete kont\u00farok m\u00e1r teljesen elt\u0171ntek, a festm\u00e9nyei finom raszter\u0171, k\u00f6nny\u0171 text\u00far\u00e1j\u00fa k\u00e9pekk\u00e9 old\u00f3dtak.<\/p>\n<p>A festm\u00e9ny \u00c9gerh\u00e1zi Attila tulajdona.[\/vc_column_text][\/vc_column][\/vc_row]\n<\/div>","protected":false},"excerpt":{"rendered":"<p>[vc_row][vc_column][vc_custom_heading source=&#8221;post_title&#8221; font_container=&#8221;tag:h2|text_align:center&#8221; use_theme_fonts=&#8221;yes&#8221; el_class=&#8221;mb60 mb30-md&#8221;][vc_empty_space][vc_single_image image=&#8221;3376&#8243; img_size=&#8221;large&#8221; alignment=&#8221;center&#8221; style=&#8221;xtd-shadow&#8211;large-normal&#8221; onclick=&#8221;custom_link&#8221; img_link_target=&#8221;_blank&#8221; link=&#8221;https:\/\/egerhaziimre.hu\/wp-content\/uploads\/kepek\/674.jpg&#8221;][vc_empty_space][vc_column_text] olaj, farost, 80&#215;100 cm 1998<\/p>\n","protected":false},"author":5,"featured_media":3376,"parent":0,"menu_order":0,"comment_status":"closed","ping_status":"closed","template":"","meta":{"footnotes":""},"categories":[128],"tags":[37,151,152],"class_list":["post-3412","page","type-page","status-publish","has-post-thumbnail","hentry","category-festmenyek","tag-37","tag-kepajanlo","tag-olajfestmeny"],"yoast_head":"<!-- This site is optimized with the Yoast SEO plugin v27.3 - https:\/\/yoast.com\/product\/yoast-seo-wordpress\/ -->\n<title>Zen\u00e9l\u0151 angyalok - \u00c9gerh\u00e1zi Imre<\/title>\n<meta name=\"robots\" content=\"index, follow, max-snippet:-1, max-image-preview:large, max-video-preview:-1\" \/>\n<link rel=\"canonical\" href=\"https:\/\/egerhaziimre.hu\/index.php\/zenelo-angyalok\/\" \/>\n<meta property=\"og:locale\" content=\"hu_HU\" \/>\n<meta property=\"og:type\" content=\"article\" \/>\n<meta property=\"og:title\" content=\"\u00c9gerh\u00e1zi Imre\" \/>\n<meta property=\"og:description\" content=\"[vc_row][vc_column][vc_custom_heading source=&#8221;post_title&#8221; font_container=&#8221;tag:h2|text_align:center&#8221; use_theme_fonts=&#8221;yes&#8221; el_class=&#8221;mb60 mb30-md&#8221;][vc_empty_space][vc_single_image image=&#8221;3376&#8243; img_size=&#8221;large&#8221; alignment=&#8221;center&#8221; style=&#8221;xtd-shadow&#8211;large-normal&#8221; onclick=&#8221;custom_link&#8221; img_link_target=&#8221;_blank&#8221; link=&#8221;https:\/\/egerhaziimre.hu\/wp-content\/uploads\/kepek\/674.jpg&#8221;][vc_empty_space][vc_column_text] olaj, farost, 80&#215;100 cm 1998\" \/>\n<meta property=\"og:url\" content=\"https:\/\/egerhaziimre.hu\/index.php\/zenelo-angyalok\/\" \/>\n<meta property=\"og:site_name\" content=\"\u00c9gerh\u00e1zi Imre\" \/>\n<meta property=\"article:modified_time\" content=\"2024-01-02T13:31:51+00:00\" \/>\n<meta property=\"og:image\" content=\"https:\/\/egerhaziimre.hu\/wp-content\/uploads\/kepek\/674.jpg\" \/>\n\t<meta property=\"og:image:width\" content=\"2000\" \/>\n\t<meta property=\"og:image:height\" content=\"1584\" \/>\n\t<meta property=\"og:image:type\" content=\"image\/jpeg\" \/>\n<meta name=\"twitter:card\" content=\"summary_large_image\" \/>\n<meta name=\"twitter:title\" content=\"\u00c9gerh\u00e1zi Imre\" \/>\n<meta name=\"twitter:image\" content=\"https:\/\/egerhaziimre.hu\/wp-content\/uploads\/kepek\/674.jpg\" \/>\n<meta name=\"twitter:label1\" content=\"Becs\u00fclt olvas\u00e1si id\u0151\" \/>\n\t<meta name=\"twitter:data1\" content=\"2 perc\" \/>\n<script type=\"application\/ld+json\" class=\"yoast-schema-graph\">{\"@context\":\"https:\\\/\\\/schema.org\",\"@graph\":[{\"@type\":\"WebPage\",\"@id\":\"https:\\\/\\\/egerhaziimre.hu\\\/index.php\\\/zenelo-angyalok\\\/\",\"url\":\"https:\\\/\\\/egerhaziimre.hu\\\/index.php\\\/zenelo-angyalok\\\/\",\"name\":\"Zen\u00e9l\u0151 angyalok - \u00c9gerh\u00e1zi Imre\",\"isPartOf\":{\"@id\":\"https:\\\/\\\/egerhaziimre.hu\\\/#website\"},\"primaryImageOfPage\":{\"@id\":\"https:\\\/\\\/egerhaziimre.hu\\\/index.php\\\/zenelo-angyalok\\\/#primaryimage\"},\"image\":{\"@id\":\"https:\\\/\\\/egerhaziimre.hu\\\/index.php\\\/zenelo-angyalok\\\/#primaryimage\"},\"thumbnailUrl\":\"https:\\\/\\\/egerhaziimre.hu\\\/wp-content\\\/uploads\\\/2020\\\/06\\\/0497_zeneloangyalok80x100_RGB.jpg\",\"datePublished\":\"2020-06-11T11:22:12+00:00\",\"dateModified\":\"2024-01-02T13:31:51+00:00\",\"breadcrumb\":{\"@id\":\"https:\\\/\\\/egerhaziimre.hu\\\/index.php\\\/zenelo-angyalok\\\/#breadcrumb\"},\"inLanguage\":\"hu\",\"potentialAction\":[{\"@type\":\"ReadAction\",\"target\":[\"https:\\\/\\\/egerhaziimre.hu\\\/index.php\\\/zenelo-angyalok\\\/\"]}]},{\"@type\":\"ImageObject\",\"inLanguage\":\"hu\",\"@id\":\"https:\\\/\\\/egerhaziimre.hu\\\/index.php\\\/zenelo-angyalok\\\/#primaryimage\",\"url\":\"https:\\\/\\\/egerhaziimre.hu\\\/wp-content\\\/uploads\\\/2020\\\/06\\\/0497_zeneloangyalok80x100_RGB.jpg\",\"contentUrl\":\"https:\\\/\\\/egerhaziimre.hu\\\/wp-content\\\/uploads\\\/2020\\\/06\\\/0497_zeneloangyalok80x100_RGB.jpg\",\"width\":2000,\"height\":1584,\"caption\":\"olaj, farost 80x100 1998\"},{\"@type\":\"BreadcrumbList\",\"@id\":\"https:\\\/\\\/egerhaziimre.hu\\\/index.php\\\/zenelo-angyalok\\\/#breadcrumb\",\"itemListElement\":[{\"@type\":\"ListItem\",\"position\":1,\"name\":\"Home\",\"item\":\"https:\\\/\\\/egerhaziimre.hu\\\/\"},{\"@type\":\"ListItem\",\"position\":2,\"name\":\"Zen\u00e9l\u0151 angyalok\"}]},{\"@type\":\"WebSite\",\"@id\":\"https:\\\/\\\/egerhaziimre.hu\\\/#website\",\"url\":\"https:\\\/\\\/egerhaziimre.hu\\\/\",\"name\":\"\u00c9gerh\u00e1zi Imre\",\"description\":\"\",\"potentialAction\":[{\"@type\":\"SearchAction\",\"target\":{\"@type\":\"EntryPoint\",\"urlTemplate\":\"https:\\\/\\\/egerhaziimre.hu\\\/?s={search_term_string}\"},\"query-input\":{\"@type\":\"PropertyValueSpecification\",\"valueRequired\":true,\"valueName\":\"search_term_string\"}}],\"inLanguage\":\"hu\"}]}<\/script>\n<!-- \/ Yoast SEO plugin. -->","yoast_head_json":{"title":"Zen\u00e9l\u0151 angyalok - \u00c9gerh\u00e1zi Imre","robots":{"index":"index","follow":"follow","max-snippet":"max-snippet:-1","max-image-preview":"max-image-preview:large","max-video-preview":"max-video-preview:-1"},"canonical":"https:\/\/egerhaziimre.hu\/index.php\/zenelo-angyalok\/","og_locale":"hu_HU","og_type":"article","og_title":"\u00c9gerh\u00e1zi Imre","og_description":"[vc_row][vc_column][vc_custom_heading source=&#8221;post_title&#8221; font_container=&#8221;tag:h2|text_align:center&#8221; use_theme_fonts=&#8221;yes&#8221; el_class=&#8221;mb60 mb30-md&#8221;][vc_empty_space][vc_single_image image=&#8221;3376&#8243; img_size=&#8221;large&#8221; alignment=&#8221;center&#8221; style=&#8221;xtd-shadow&#8211;large-normal&#8221; onclick=&#8221;custom_link&#8221; img_link_target=&#8221;_blank&#8221; link=&#8221;https:\/\/egerhaziimre.hu\/wp-content\/uploads\/kepek\/674.jpg&#8221;][vc_empty_space][vc_column_text] olaj, farost, 80&#215;100 cm 1998","og_url":"https:\/\/egerhaziimre.hu\/index.php\/zenelo-angyalok\/","og_site_name":"\u00c9gerh\u00e1zi Imre","article_modified_time":"2024-01-02T13:31:51+00:00","og_image":[{"width":2000,"height":1584,"url":"https:\/\/egerhaziimre.hu\/wp-content\/uploads\/kepek\/674.jpg","type":"image\/jpeg"}],"twitter_card":"summary_large_image","twitter_title":"\u00c9gerh\u00e1zi Imre","twitter_image":"https:\/\/egerhaziimre.hu\/wp-content\/uploads\/kepek\/674.jpg","twitter_misc":{"Becs\u00fclt olvas\u00e1si id\u0151":"2 perc"},"schema":{"@context":"https:\/\/schema.org","@graph":[{"@type":"WebPage","@id":"https:\/\/egerhaziimre.hu\/index.php\/zenelo-angyalok\/","url":"https:\/\/egerhaziimre.hu\/index.php\/zenelo-angyalok\/","name":"Zen\u00e9l\u0151 angyalok - \u00c9gerh\u00e1zi Imre","isPartOf":{"@id":"https:\/\/egerhaziimre.hu\/#website"},"primaryImageOfPage":{"@id":"https:\/\/egerhaziimre.hu\/index.php\/zenelo-angyalok\/#primaryimage"},"image":{"@id":"https:\/\/egerhaziimre.hu\/index.php\/zenelo-angyalok\/#primaryimage"},"thumbnailUrl":"https:\/\/egerhaziimre.hu\/wp-content\/uploads\/2020\/06\/0497_zeneloangyalok80x100_RGB.jpg","datePublished":"2020-06-11T11:22:12+00:00","dateModified":"2024-01-02T13:31:51+00:00","breadcrumb":{"@id":"https:\/\/egerhaziimre.hu\/index.php\/zenelo-angyalok\/#breadcrumb"},"inLanguage":"hu","potentialAction":[{"@type":"ReadAction","target":["https:\/\/egerhaziimre.hu\/index.php\/zenelo-angyalok\/"]}]},{"@type":"ImageObject","inLanguage":"hu","@id":"https:\/\/egerhaziimre.hu\/index.php\/zenelo-angyalok\/#primaryimage","url":"https:\/\/egerhaziimre.hu\/wp-content\/uploads\/2020\/06\/0497_zeneloangyalok80x100_RGB.jpg","contentUrl":"https:\/\/egerhaziimre.hu\/wp-content\/uploads\/2020\/06\/0497_zeneloangyalok80x100_RGB.jpg","width":2000,"height":1584,"caption":"olaj, farost 80x100 1998"},{"@type":"BreadcrumbList","@id":"https:\/\/egerhaziimre.hu\/index.php\/zenelo-angyalok\/#breadcrumb","itemListElement":[{"@type":"ListItem","position":1,"name":"Home","item":"https:\/\/egerhaziimre.hu\/"},{"@type":"ListItem","position":2,"name":"Zen\u00e9l\u0151 angyalok"}]},{"@type":"WebSite","@id":"https:\/\/egerhaziimre.hu\/#website","url":"https:\/\/egerhaziimre.hu\/","name":"\u00c9gerh\u00e1zi Imre","description":"","potentialAction":[{"@type":"SearchAction","target":{"@type":"EntryPoint","urlTemplate":"https:\/\/egerhaziimre.hu\/?s={search_term_string}"},"query-input":{"@type":"PropertyValueSpecification","valueRequired":true,"valueName":"search_term_string"}}],"inLanguage":"hu"}]}},"jetpack_sharing_enabled":true,"_links":{"self":[{"href":"https:\/\/egerhaziimre.hu\/index.php\/wp-json\/wp\/v2\/pages\/3412","targetHints":{"allow":["GET"]}}],"collection":[{"href":"https:\/\/egerhaziimre.hu\/index.php\/wp-json\/wp\/v2\/pages"}],"about":[{"href":"https:\/\/egerhaziimre.hu\/index.php\/wp-json\/wp\/v2\/types\/page"}],"author":[{"embeddable":true,"href":"https:\/\/egerhaziimre.hu\/index.php\/wp-json\/wp\/v2\/users\/5"}],"replies":[{"embeddable":true,"href":"https:\/\/egerhaziimre.hu\/index.php\/wp-json\/wp\/v2\/comments?post=3412"}],"version-history":[{"count":8,"href":"https:\/\/egerhaziimre.hu\/index.php\/wp-json\/wp\/v2\/pages\/3412\/revisions"}],"predecessor-version":[{"id":16863,"href":"https:\/\/egerhaziimre.hu\/index.php\/wp-json\/wp\/v2\/pages\/3412\/revisions\/16863"}],"wp:featuredmedia":[{"embeddable":true,"href":"https:\/\/egerhaziimre.hu\/index.php\/wp-json\/wp\/v2\/media\/3376"}],"wp:attachment":[{"href":"https:\/\/egerhaziimre.hu\/index.php\/wp-json\/wp\/v2\/media?parent=3412"}],"wp:term":[{"taxonomy":"category","embeddable":true,"href":"https:\/\/egerhaziimre.hu\/index.php\/wp-json\/wp\/v2\/categories?post=3412"},{"taxonomy":"post_tag","embeddable":true,"href":"https:\/\/egerhaziimre.hu\/index.php\/wp-json\/wp\/v2\/tags?post=3412"}],"curies":[{"name":"wp","href":"https:\/\/api.w.org\/{rel}","templated":true}]}}