{"id":3416,"date":"2020-06-11T13:58:12","date_gmt":"2020-06-11T11:58:12","guid":{"rendered":"http:\/\/egerhaziimre.magex.hu\/?page_id=3416"},"modified":"2024-01-02T14:34:04","modified_gmt":"2024-01-02T13:34:04","slug":"este-a-szekelyeknel","status":"publish","type":"page","link":"https:\/\/egerhaziimre.hu\/index.php\/este-a-szekelyeknel\/","title":{"rendered":"Este a sz\u00e9kelyekn\u00e9l"},"content":{"rendered":"<div class=\"wpb-content-wrapper\">[vc_row][vc_column][vc_custom_heading source=&#8221;post_title&#8221; font_container=&#8221;tag:h2|text_align:center&#8221; use_theme_fonts=&#8221;yes&#8221; el_class=&#8221;mb60 mb30-md&#8221;][vc_empty_space][vc_single_image image=&#8221;2999&#8243; img_size=&#8221;large&#8221; alignment=&#8221;center&#8221; style=&#8221;xtd-shadow&#8211;large-normal&#8221; onclick=&#8221;custom_link&#8221; img_link_target=&#8221;_blank&#8221; link=&#8221;https:\/\/egerhaziimre.hu\/wp-content\/uploads\/kepek\/442.jpg&#8221;][vc_empty_space][vc_column_text]\n<p style=\"text-align: center;\">olaj, farost, 59&#215;77 cm<br \/>\n1972<\/p>\n<p><!--more-->[\/vc_column_text][vc_separator][vc_column_text]\n<h6 style=\"text-align: center;\">Este a sz\u00e9kelyekn\u00e9l<\/h6>\n<p>Az Este a sz\u00e9kelyekn\u00e9l c. festm\u00e9ny 1972-ben k\u00e9sz\u00fclt. \u00c9gerh\u00e1zi Imre sz\u00edvesen vett r\u00e9szt tematikus p\u00e1ly\u00e1zatokon, \u00edgy 1972-ben Bart\u00f3k B\u00e9l\u00e1val kapcsolatos nemes alkot\u00f3i verseng\u00e9sben is. A p\u00e1ly\u00e1zatra k\u00e9sz\u00edtett alkot\u00e1s t\u00e9m\u00e1j\u00e1ul a magyar zeneszerz\u0151 g\u00e9niusz Este a sz\u00e9kelyekn\u00e9l c\u00edm\u0171 m\u0171v\u00e9t v\u00e1lasztotta. A t\u00e9mav\u00e1laszt\u00e1s az\u00e9rt is volt nagyon szerencs\u00e9s, mert a \u201970-es \u00e9vek elej\u00e9n tel\u00edt\u0151d\u00f6tt a fest\u0151m\u0171v\u00e9sz az erd\u00e9lyi \u00e9lm\u00e9nyeivel, k\u00fcl\u00f6n\u00f6sen a sz\u00e9kely \u00e9s cs\u00e1ng\u00f3 t\u00e1jakkal, emberekkel \u00e9s mot\u00edvumokkal.<br \/>\nA k\u00e9p jobb oldal\u00e1n l\u00e1that\u00f3 Bart\u00f3k B\u00e9la portr\u00e9ja profilb\u00f3l, m\u00edg az alkot\u00e1s t\u00f6bbi r\u00e9sz\u00e9ben egym\u00e1sra \u00fasznak a zenem\u0171vel kapcsolatos mot\u00edvumok.<br \/>\nA festm\u00e9nyre jellemz\u0151 a \u201970-es \u00e9vekben haszn\u00e1lt barn\u00e1s \u00c9gerh\u00e1zi-sz\u00ednek, valamint a \u201960-as \u00e9vek v\u00e9g\u00e9t\u0151l domin\u00e1l\u00f3 er\u0151teljes fekete kont\u00faroz\u00e1s.<br \/>\nAz Este a sz\u00e9kelyekn\u00e9l c. olajfestm\u00e9ny a \u201970-es \u00e9vek els\u0151 fel\u00e9nek kiemelked\u0151 \u00c9gerh\u00e1zi Imre alkot\u00e1sa, t\u00e9m\u00e1j\u00e1t, szerkeszt\u00e9s\u00e9t \u00e9s min\u0151s\u00e9g\u00e9t tekintve is.<\/p>\n<p>\u00c9gerh\u00e1zi Imre fest\u00e9s k\u00f6zben folyamatosan hallgatott zen\u00e9t. T\u00f6bbsz\u00f6r mes\u00e9lt arr\u00f3l, hogy a zenehallgat\u00e1s \u00e9lm\u00e9nye sokszor befoly\u00e1solta alkot\u00e1s k\u00f6zben, n\u00e9ha szinte vezett\u00e9k a kez\u00e9t a dallamok. Az Este a sz\u00e9kelyekn\u00e9l is m\u00e9ly benyom\u00e1st tett r\u00e1, ennek hat\u00e1s\u00e1ra alakult ki a k\u00e9p teljes karaktere.<\/p>\n<p>30 \u00e9vvel k\u00e9s\u0151bb a m\u0171v\u00e9sz fia, \u00c9gerh\u00e1zi Attila megford\u00edtotta az alkot\u00e1si folyamatot, mert zenekar\u00e1val a festm\u00e9nyek adta inspir\u00e1ci\u00f3k alapj\u00e1n \u00edrtak zen\u00e9t a T\u00e1ncoltak a kazlak c\u00edm\u0171 albumhoz. A koncepci\u00f3 \u00e9s az album nagyon sikeres volt, ez ind\u00edtotta el a vil\u00e1gzene\/jazz f\u00fazi\u00f3s egy\u00fcttes nemzetk\u00f6zi karrierj\u00e9t. Egy v\u00e9letlen folyt\u00e1n 2020-ban ism\u00e9t egy hasonl\u00f3 tematik\u00e1j\u00fa albumot k\u00e9sz\u00edtett a Djabe zenekar, ez\u00fattal azonban a kezd\u0151 mot\u00edv\u00e1ci\u00f3t Steve Hackett, a Genesis git\u00e1rosa adta meg. Feles\u00e9g\u00e9vel, Jo-val \u00edrtak sz\u00f6veget a 2020-as Djabe st\u00fadi\u00f3albumhoz, mik\u00f6zben \u00c9gerh\u00e1zi Imre Mond\u00e1k, legend\u00e1k c\u00edm\u0171 festm\u00e9ny\u00e9t n\u00e9zegett\u00e9k, \u00e9s megalkott\u00e1k a Csodaszarvas c\u00edm\u0171 verset.<\/p>\n<p>A festm\u00e9ny \u00c9gerh\u00e1zi Attila tulajdona.[\/vc_column_text][\/vc_column][\/vc_row]\n<\/div>","protected":false},"excerpt":{"rendered":"<p>[vc_row][vc_column][vc_custom_heading source=&#8221;post_title&#8221; font_container=&#8221;tag:h2|text_align:center&#8221; use_theme_fonts=&#8221;yes&#8221; el_class=&#8221;mb60 mb30-md&#8221;][vc_empty_space][vc_single_image image=&#8221;2999&#8243; img_size=&#8221;large&#8221; alignment=&#8221;center&#8221; style=&#8221;xtd-shadow&#8211;large-normal&#8221; onclick=&#8221;custom_link&#8221; img_link_target=&#8221;_blank&#8221; link=&#8221;https:\/\/egerhaziimre.hu\/wp-content\/uploads\/kepek\/442.jpg&#8221;][vc_empty_space][vc_column_text] olaj, farost, 59&#215;77 cm 1972<\/p>\n","protected":false},"author":5,"featured_media":3373,"parent":0,"menu_order":0,"comment_status":"closed","ping_status":"closed","template":"","meta":{"footnotes":""},"categories":[128],"tags":[30,151,152],"class_list":["post-3416","page","type-page","status-publish","has-post-thumbnail","hentry","category-festmenyek","tag-30","tag-kepajanlo","tag-olajfestmeny"],"yoast_head":"<!-- This site is optimized with the Yoast SEO plugin v27.3 - https:\/\/yoast.com\/product\/yoast-seo-wordpress\/ -->\n<title>Este a sz\u00e9kelyekn\u00e9l - \u00c9gerh\u00e1zi Imre<\/title>\n<meta name=\"robots\" content=\"index, follow, max-snippet:-1, max-image-preview:large, max-video-preview:-1\" \/>\n<link rel=\"canonical\" href=\"https:\/\/egerhaziimre.hu\/index.php\/este-a-szekelyeknel\/\" \/>\n<meta property=\"og:locale\" content=\"hu_HU\" \/>\n<meta property=\"og:type\" content=\"article\" \/>\n<meta property=\"og:title\" content=\"\u00c9gerh\u00e1zi Imre\" \/>\n<meta property=\"og:description\" content=\"[vc_row][vc_column][vc_custom_heading source=&#8221;post_title&#8221; font_container=&#8221;tag:h2|text_align:center&#8221; use_theme_fonts=&#8221;yes&#8221; el_class=&#8221;mb60 mb30-md&#8221;][vc_empty_space][vc_single_image image=&#8221;2999&#8243; img_size=&#8221;large&#8221; alignment=&#8221;center&#8221; style=&#8221;xtd-shadow&#8211;large-normal&#8221; onclick=&#8221;custom_link&#8221; img_link_target=&#8221;_blank&#8221; link=&#8221;https:\/\/egerhaziimre.hu\/wp-content\/uploads\/kepek\/442.jpg&#8221;][vc_empty_space][vc_column_text] olaj, farost, 59&#215;77 cm 1972\" \/>\n<meta property=\"og:url\" content=\"https:\/\/egerhaziimre.hu\/index.php\/este-a-szekelyeknel\/\" \/>\n<meta property=\"og:site_name\" content=\"\u00c9gerh\u00e1zi Imre\" \/>\n<meta property=\"article:modified_time\" content=\"2024-01-02T13:34:04+00:00\" \/>\n<meta property=\"og:image\" content=\"https:\/\/egerhaziimre.hu\/wp-content\/uploads\/kepek\/442.jpg\" \/>\n\t<meta property=\"og:image:width\" content=\"2000\" \/>\n\t<meta property=\"og:image:height\" content=\"1514\" \/>\n\t<meta property=\"og:image:type\" content=\"image\/jpeg\" \/>\n<meta name=\"twitter:card\" content=\"summary_large_image\" \/>\n<meta name=\"twitter:title\" content=\"\u00c9gerh\u00e1zi Imre\" \/>\n<meta name=\"twitter:image\" content=\"https:\/\/egerhaziimre.hu\/wp-content\/uploads\/kepek\/442.jpg\" \/>\n<meta name=\"twitter:label1\" content=\"Becs\u00fclt olvas\u00e1si id\u0151\" \/>\n\t<meta name=\"twitter:data1\" content=\"2 perc\" \/>\n<script type=\"application\/ld+json\" class=\"yoast-schema-graph\">{\"@context\":\"https:\\\/\\\/schema.org\",\"@graph\":[{\"@type\":\"WebPage\",\"@id\":\"https:\\\/\\\/egerhaziimre.hu\\\/index.php\\\/este-a-szekelyeknel\\\/\",\"url\":\"https:\\\/\\\/egerhaziimre.hu\\\/index.php\\\/este-a-szekelyeknel\\\/\",\"name\":\"Este a sz\u00e9kelyekn\u00e9l - \u00c9gerh\u00e1zi Imre\",\"isPartOf\":{\"@id\":\"https:\\\/\\\/egerhaziimre.hu\\\/#website\"},\"primaryImageOfPage\":{\"@id\":\"https:\\\/\\\/egerhaziimre.hu\\\/index.php\\\/este-a-szekelyeknel\\\/#primaryimage\"},\"image\":{\"@id\":\"https:\\\/\\\/egerhaziimre.hu\\\/index.php\\\/este-a-szekelyeknel\\\/#primaryimage\"},\"thumbnailUrl\":\"https:\\\/\\\/egerhaziimre.hu\\\/wp-content\\\/uploads\\\/2020\\\/06\\\/0243_esteszekelyeknel59x77_RGB.jpg\",\"datePublished\":\"2020-06-11T11:58:12+00:00\",\"dateModified\":\"2024-01-02T13:34:04+00:00\",\"breadcrumb\":{\"@id\":\"https:\\\/\\\/egerhaziimre.hu\\\/index.php\\\/este-a-szekelyeknel\\\/#breadcrumb\"},\"inLanguage\":\"hu\",\"potentialAction\":[{\"@type\":\"ReadAction\",\"target\":[\"https:\\\/\\\/egerhaziimre.hu\\\/index.php\\\/este-a-szekelyeknel\\\/\"]}]},{\"@type\":\"ImageObject\",\"inLanguage\":\"hu\",\"@id\":\"https:\\\/\\\/egerhaziimre.hu\\\/index.php\\\/este-a-szekelyeknel\\\/#primaryimage\",\"url\":\"https:\\\/\\\/egerhaziimre.hu\\\/wp-content\\\/uploads\\\/2020\\\/06\\\/0243_esteszekelyeknel59x77_RGB.jpg\",\"contentUrl\":\"https:\\\/\\\/egerhaziimre.hu\\\/wp-content\\\/uploads\\\/2020\\\/06\\\/0243_esteszekelyeknel59x77_RGB.jpg\",\"width\":2000,\"height\":1514,\"caption\":\"olaj, farost 59x77 1972\"},{\"@type\":\"BreadcrumbList\",\"@id\":\"https:\\\/\\\/egerhaziimre.hu\\\/index.php\\\/este-a-szekelyeknel\\\/#breadcrumb\",\"itemListElement\":[{\"@type\":\"ListItem\",\"position\":1,\"name\":\"Home\",\"item\":\"https:\\\/\\\/egerhaziimre.hu\\\/\"},{\"@type\":\"ListItem\",\"position\":2,\"name\":\"Este a sz\u00e9kelyekn\u00e9l\"}]},{\"@type\":\"WebSite\",\"@id\":\"https:\\\/\\\/egerhaziimre.hu\\\/#website\",\"url\":\"https:\\\/\\\/egerhaziimre.hu\\\/\",\"name\":\"\u00c9gerh\u00e1zi Imre\",\"description\":\"\",\"potentialAction\":[{\"@type\":\"SearchAction\",\"target\":{\"@type\":\"EntryPoint\",\"urlTemplate\":\"https:\\\/\\\/egerhaziimre.hu\\\/?s={search_term_string}\"},\"query-input\":{\"@type\":\"PropertyValueSpecification\",\"valueRequired\":true,\"valueName\":\"search_term_string\"}}],\"inLanguage\":\"hu\"}]}<\/script>\n<!-- \/ Yoast SEO plugin. -->","yoast_head_json":{"title":"Este a sz\u00e9kelyekn\u00e9l - \u00c9gerh\u00e1zi Imre","robots":{"index":"index","follow":"follow","max-snippet":"max-snippet:-1","max-image-preview":"max-image-preview:large","max-video-preview":"max-video-preview:-1"},"canonical":"https:\/\/egerhaziimre.hu\/index.php\/este-a-szekelyeknel\/","og_locale":"hu_HU","og_type":"article","og_title":"\u00c9gerh\u00e1zi Imre","og_description":"[vc_row][vc_column][vc_custom_heading source=&#8221;post_title&#8221; font_container=&#8221;tag:h2|text_align:center&#8221; use_theme_fonts=&#8221;yes&#8221; el_class=&#8221;mb60 mb30-md&#8221;][vc_empty_space][vc_single_image image=&#8221;2999&#8243; img_size=&#8221;large&#8221; alignment=&#8221;center&#8221; style=&#8221;xtd-shadow&#8211;large-normal&#8221; onclick=&#8221;custom_link&#8221; img_link_target=&#8221;_blank&#8221; link=&#8221;https:\/\/egerhaziimre.hu\/wp-content\/uploads\/kepek\/442.jpg&#8221;][vc_empty_space][vc_column_text] olaj, farost, 59&#215;77 cm 1972","og_url":"https:\/\/egerhaziimre.hu\/index.php\/este-a-szekelyeknel\/","og_site_name":"\u00c9gerh\u00e1zi Imre","article_modified_time":"2024-01-02T13:34:04+00:00","og_image":[{"width":2000,"height":1514,"url":"https:\/\/egerhaziimre.hu\/wp-content\/uploads\/kepek\/442.jpg","type":"image\/jpeg"}],"twitter_card":"summary_large_image","twitter_title":"\u00c9gerh\u00e1zi Imre","twitter_image":"https:\/\/egerhaziimre.hu\/wp-content\/uploads\/kepek\/442.jpg","twitter_misc":{"Becs\u00fclt olvas\u00e1si id\u0151":"2 perc"},"schema":{"@context":"https:\/\/schema.org","@graph":[{"@type":"WebPage","@id":"https:\/\/egerhaziimre.hu\/index.php\/este-a-szekelyeknel\/","url":"https:\/\/egerhaziimre.hu\/index.php\/este-a-szekelyeknel\/","name":"Este a sz\u00e9kelyekn\u00e9l - \u00c9gerh\u00e1zi Imre","isPartOf":{"@id":"https:\/\/egerhaziimre.hu\/#website"},"primaryImageOfPage":{"@id":"https:\/\/egerhaziimre.hu\/index.php\/este-a-szekelyeknel\/#primaryimage"},"image":{"@id":"https:\/\/egerhaziimre.hu\/index.php\/este-a-szekelyeknel\/#primaryimage"},"thumbnailUrl":"https:\/\/egerhaziimre.hu\/wp-content\/uploads\/2020\/06\/0243_esteszekelyeknel59x77_RGB.jpg","datePublished":"2020-06-11T11:58:12+00:00","dateModified":"2024-01-02T13:34:04+00:00","breadcrumb":{"@id":"https:\/\/egerhaziimre.hu\/index.php\/este-a-szekelyeknel\/#breadcrumb"},"inLanguage":"hu","potentialAction":[{"@type":"ReadAction","target":["https:\/\/egerhaziimre.hu\/index.php\/este-a-szekelyeknel\/"]}]},{"@type":"ImageObject","inLanguage":"hu","@id":"https:\/\/egerhaziimre.hu\/index.php\/este-a-szekelyeknel\/#primaryimage","url":"https:\/\/egerhaziimre.hu\/wp-content\/uploads\/2020\/06\/0243_esteszekelyeknel59x77_RGB.jpg","contentUrl":"https:\/\/egerhaziimre.hu\/wp-content\/uploads\/2020\/06\/0243_esteszekelyeknel59x77_RGB.jpg","width":2000,"height":1514,"caption":"olaj, farost 59x77 1972"},{"@type":"BreadcrumbList","@id":"https:\/\/egerhaziimre.hu\/index.php\/este-a-szekelyeknel\/#breadcrumb","itemListElement":[{"@type":"ListItem","position":1,"name":"Home","item":"https:\/\/egerhaziimre.hu\/"},{"@type":"ListItem","position":2,"name":"Este a sz\u00e9kelyekn\u00e9l"}]},{"@type":"WebSite","@id":"https:\/\/egerhaziimre.hu\/#website","url":"https:\/\/egerhaziimre.hu\/","name":"\u00c9gerh\u00e1zi Imre","description":"","potentialAction":[{"@type":"SearchAction","target":{"@type":"EntryPoint","urlTemplate":"https:\/\/egerhaziimre.hu\/?s={search_term_string}"},"query-input":{"@type":"PropertyValueSpecification","valueRequired":true,"valueName":"search_term_string"}}],"inLanguage":"hu"}]}},"jetpack_sharing_enabled":true,"_links":{"self":[{"href":"https:\/\/egerhaziimre.hu\/index.php\/wp-json\/wp\/v2\/pages\/3416","targetHints":{"allow":["GET"]}}],"collection":[{"href":"https:\/\/egerhaziimre.hu\/index.php\/wp-json\/wp\/v2\/pages"}],"about":[{"href":"https:\/\/egerhaziimre.hu\/index.php\/wp-json\/wp\/v2\/types\/page"}],"author":[{"embeddable":true,"href":"https:\/\/egerhaziimre.hu\/index.php\/wp-json\/wp\/v2\/users\/5"}],"replies":[{"embeddable":true,"href":"https:\/\/egerhaziimre.hu\/index.php\/wp-json\/wp\/v2\/comments?post=3416"}],"version-history":[{"count":8,"href":"https:\/\/egerhaziimre.hu\/index.php\/wp-json\/wp\/v2\/pages\/3416\/revisions"}],"predecessor-version":[{"id":16849,"href":"https:\/\/egerhaziimre.hu\/index.php\/wp-json\/wp\/v2\/pages\/3416\/revisions\/16849"}],"wp:featuredmedia":[{"embeddable":true,"href":"https:\/\/egerhaziimre.hu\/index.php\/wp-json\/wp\/v2\/media\/3373"}],"wp:attachment":[{"href":"https:\/\/egerhaziimre.hu\/index.php\/wp-json\/wp\/v2\/media?parent=3416"}],"wp:term":[{"taxonomy":"category","embeddable":true,"href":"https:\/\/egerhaziimre.hu\/index.php\/wp-json\/wp\/v2\/categories?post=3416"},{"taxonomy":"post_tag","embeddable":true,"href":"https:\/\/egerhaziimre.hu\/index.php\/wp-json\/wp\/v2\/tags?post=3416"}],"curies":[{"name":"wp","href":"https:\/\/api.w.org\/{rel}","templated":true}]}}