{"id":3496,"date":"2020-06-16T10:16:45","date_gmt":"2020-06-16T08:16:45","guid":{"rendered":"http:\/\/egerhaziimre.magex.hu\/?page_id=3496"},"modified":"2020-06-23T09:50:26","modified_gmt":"2020-06-23T07:50:26","slug":"eletmu","status":"publish","type":"page","link":"https:\/\/egerhaziimre.hu\/index.php\/eletmu\/","title":{"rendered":"\u00c9letm\u0171"},"content":{"rendered":"<div class=\"wpb-content-wrapper\">[vc_row][vc_column][vc_column_text el_class=&#8221;container&#8221;]\u00c9gerh\u00e1zi Imre \u00e9letm\u0171v\u00e9b\u0151l az al\u00e1bbi ablakokban jelzett szempontok szerint kereshet, gy\u0171jthet ki festm\u00e9nyeket. Minimum egy id\u0151szakra, form\u00e1tumra vagy technik\u00e1ra vonatkoz\u00f3 krit\u00e9riumot meg kell jel\u00f6lnie vagy a keresend\u0151 m\u0171alkot\u00e1snak c\u00edm\u00e9t (vagy annak r\u00e9szlet\u00e9t) be\u00edrnia. Ha egy id\u0151szakra vonatkoz\u00f3 \u00f6sszes alkot\u00e1st szeretn\u00e9 kigy\u0171jteni, a c\u00edm rovatot felt\u00e9tlen hagyja \u00fcresen. Az id\u0151szak, form\u00e1tum \u00e9s technika param\u00e9terek seg\u00edts\u00e9g\u00e9vel tetsz\u0151legesen sz\u0171k\u00edtheti, vari\u00e1lhatja a keres\u00e9st.[\/vc_column_text][\/vc_column][\/vc_row]\n<\/div>","protected":false},"excerpt":{"rendered":"<p>[vc_row][vc_column][vc_column_text el_class=&#8221;container&#8221;]\u00c9gerh\u00e1zi Imre \u00e9letm\u0171v\u00e9b\u0151l az al\u00e1bbi ablakokban jelzett szempontok szerint kereshet, gy\u0171jthet ki festm\u00e9nyeket. Minimum egy id\u0151szakra, form\u00e1tumra vagy technik\u00e1ra vonatkoz\u00f3 krit\u00e9riumot meg kell jel\u00f6lnie vagy a keresend\u0151 m\u0171alkot\u00e1snak c\u00edm\u00e9t (vagy annak r\u00e9szlet\u00e9t) be\u00edrnia. Ha egy id\u0151szakra vonatkoz\u00f3 \u00f6sszes alkot\u00e1st szeretn\u00e9 kigy\u0171jteni, a c\u00edm rovatot felt\u00e9tlen hagyja \u00fcresen. Az id\u0151szak, form\u00e1tum \u00e9s technika param\u00e9terek seg\u00edts\u00e9g\u00e9vel tetsz\u0151legesen sz\u0171k\u00edtheti, vari\u00e1lhatja a keres\u00e9st.[\/vc_column_text][\/vc_column][\/vc_row]<\/p>\n","protected":false},"author":4,"featured_media":0,"parent":0,"menu_order":0,"comment_status":"closed","ping_status":"closed","template":"","meta":{"footnotes":""},"categories":[],"tags":[],"class_list":["post-3496","page","type-page","status-publish","hentry"],"yoast_head":"<!-- This site is optimized with the Yoast SEO plugin v27.3 - https:\/\/yoast.com\/product\/yoast-seo-wordpress\/ -->\n<title>\u00c9letm\u0171 - \u00c9gerh\u00e1zi Imre<\/title>\n<meta name=\"robots\" content=\"index, follow, max-snippet:-1, max-image-preview:large, max-video-preview:-1\" \/>\n<link rel=\"canonical\" href=\"https:\/\/egerhaziimre.hu\/index.php\/eletmu\/?lang=en\" \/>\n<meta property=\"og:locale\" content=\"hu_HU\" \/>\n<meta property=\"og:type\" content=\"article\" \/>\n<meta property=\"og:title\" content=\"\u00c9letm\u0171 - \u00c9gerh\u00e1zi Imre\" \/>\n<meta property=\"og:description\" content=\"[vc_row][vc_column][vc_column_text el_class=&#8221;container&#8221;]\u00c9gerh\u00e1zi Imre \u00e9letm\u0171v\u00e9b\u0151l az al\u00e1bbi ablakokban jelzett szempontok szerint kereshet, gy\u0171jthet ki festm\u00e9nyeket. Minimum egy id\u0151szakra, form\u00e1tumra vagy technik\u00e1ra vonatkoz\u00f3 krit\u00e9riumot meg kell jel\u00f6lnie vagy a keresend\u0151 m\u0171alkot\u00e1snak c\u00edm\u00e9t (vagy annak r\u00e9szlet\u00e9t) be\u00edrnia. Ha egy id\u0151szakra vonatkoz\u00f3 \u00f6sszes alkot\u00e1st szeretn\u00e9 kigy\u0171jteni, a c\u00edm rovatot felt\u00e9tlen hagyja \u00fcresen. Az id\u0151szak, form\u00e1tum \u00e9s technika param\u00e9terek seg\u00edts\u00e9g\u00e9vel tetsz\u0151legesen sz\u0171k\u00edtheti, vari\u00e1lhatja a keres\u00e9st.[\/vc_column_text][\/vc_column][\/vc_row]\" \/>\n<meta property=\"og:url\" content=\"https:\/\/egerhaziimre.hu\/index.php\/eletmu\/?lang=en\" \/>\n<meta property=\"og:site_name\" content=\"\u00c9gerh\u00e1zi Imre\" \/>\n<meta property=\"article:modified_time\" content=\"2020-06-23T07:50:26+00:00\" \/>\n<meta name=\"twitter:card\" content=\"summary_large_image\" \/>\n<meta name=\"twitter:label1\" content=\"Becs\u00fclt olvas\u00e1si id\u0151\" \/>\n\t<meta name=\"twitter:data1\" content=\"1 perc\" \/>\n<script type=\"application\/ld+json\" class=\"yoast-schema-graph\">{\"@context\":\"https:\\\/\\\/schema.org\",\"@graph\":[{\"@type\":\"WebPage\",\"@id\":\"https:\\\/\\\/egerhaziimre.hu\\\/index.php\\\/eletmu\\\/?lang=en\",\"url\":\"https:\\\/\\\/egerhaziimre.hu\\\/index.php\\\/eletmu\\\/?lang=en\",\"name\":\"\u00c9letm\u0171 - \u00c9gerh\u00e1zi Imre\",\"isPartOf\":{\"@id\":\"https:\\\/\\\/egerhaziimre.hu\\\/#website\"},\"datePublished\":\"2020-06-16T08:16:45+00:00\",\"dateModified\":\"2020-06-23T07:50:26+00:00\",\"breadcrumb\":{\"@id\":\"https:\\\/\\\/egerhaziimre.hu\\\/index.php\\\/eletmu\\\/?lang=en#breadcrumb\"},\"inLanguage\":\"hu\",\"potentialAction\":[{\"@type\":\"ReadAction\",\"target\":[\"https:\\\/\\\/egerhaziimre.hu\\\/index.php\\\/eletmu\\\/?lang=en\"]}]},{\"@type\":\"BreadcrumbList\",\"@id\":\"https:\\\/\\\/egerhaziimre.hu\\\/index.php\\\/eletmu\\\/?lang=en#breadcrumb\",\"itemListElement\":[{\"@type\":\"ListItem\",\"position\":1,\"name\":\"Home\",\"item\":\"https:\\\/\\\/egerhaziimre.hu\\\/\"},{\"@type\":\"ListItem\",\"position\":2,\"name\":\"Life work\"}]},{\"@type\":\"WebSite\",\"@id\":\"https:\\\/\\\/egerhaziimre.hu\\\/#website\",\"url\":\"https:\\\/\\\/egerhaziimre.hu\\\/\",\"name\":\"\u00c9gerh\u00e1zi Imre\",\"description\":\"\",\"potentialAction\":[{\"@type\":\"SearchAction\",\"target\":{\"@type\":\"EntryPoint\",\"urlTemplate\":\"https:\\\/\\\/egerhaziimre.hu\\\/?s={search_term_string}\"},\"query-input\":{\"@type\":\"PropertyValueSpecification\",\"valueRequired\":true,\"valueName\":\"search_term_string\"}}],\"inLanguage\":\"hu\"}]}<\/script>\n<!-- \/ Yoast SEO plugin. -->","yoast_head_json":{"title":"\u00c9letm\u0171 - \u00c9gerh\u00e1zi Imre","robots":{"index":"index","follow":"follow","max-snippet":"max-snippet:-1","max-image-preview":"max-image-preview:large","max-video-preview":"max-video-preview:-1"},"canonical":"https:\/\/egerhaziimre.hu\/index.php\/eletmu\/?lang=en","og_locale":"hu_HU","og_type":"article","og_title":"\u00c9letm\u0171 - \u00c9gerh\u00e1zi Imre","og_description":"[vc_row][vc_column][vc_column_text el_class=&#8221;container&#8221;]\u00c9gerh\u00e1zi Imre \u00e9letm\u0171v\u00e9b\u0151l az al\u00e1bbi ablakokban jelzett szempontok szerint kereshet, gy\u0171jthet ki festm\u00e9nyeket. Minimum egy id\u0151szakra, form\u00e1tumra vagy technik\u00e1ra vonatkoz\u00f3 krit\u00e9riumot meg kell jel\u00f6lnie vagy a keresend\u0151 m\u0171alkot\u00e1snak c\u00edm\u00e9t (vagy annak r\u00e9szlet\u00e9t) be\u00edrnia. Ha egy id\u0151szakra vonatkoz\u00f3 \u00f6sszes alkot\u00e1st szeretn\u00e9 kigy\u0171jteni, a c\u00edm rovatot felt\u00e9tlen hagyja \u00fcresen. Az id\u0151szak, form\u00e1tum \u00e9s technika param\u00e9terek seg\u00edts\u00e9g\u00e9vel tetsz\u0151legesen sz\u0171k\u00edtheti, vari\u00e1lhatja a keres\u00e9st.[\/vc_column_text][\/vc_column][\/vc_row]","og_url":"https:\/\/egerhaziimre.hu\/index.php\/eletmu\/?lang=en","og_site_name":"\u00c9gerh\u00e1zi Imre","article_modified_time":"2020-06-23T07:50:26+00:00","twitter_card":"summary_large_image","twitter_misc":{"Becs\u00fclt olvas\u00e1si id\u0151":"1 perc"},"schema":{"@context":"https:\/\/schema.org","@graph":[{"@type":"WebPage","@id":"https:\/\/egerhaziimre.hu\/index.php\/eletmu\/?lang=en","url":"https:\/\/egerhaziimre.hu\/index.php\/eletmu\/?lang=en","name":"\u00c9letm\u0171 - \u00c9gerh\u00e1zi Imre","isPartOf":{"@id":"https:\/\/egerhaziimre.hu\/#website"},"datePublished":"2020-06-16T08:16:45+00:00","dateModified":"2020-06-23T07:50:26+00:00","breadcrumb":{"@id":"https:\/\/egerhaziimre.hu\/index.php\/eletmu\/?lang=en#breadcrumb"},"inLanguage":"hu","potentialAction":[{"@type":"ReadAction","target":["https:\/\/egerhaziimre.hu\/index.php\/eletmu\/?lang=en"]}]},{"@type":"BreadcrumbList","@id":"https:\/\/egerhaziimre.hu\/index.php\/eletmu\/?lang=en#breadcrumb","itemListElement":[{"@type":"ListItem","position":1,"name":"Home","item":"https:\/\/egerhaziimre.hu\/"},{"@type":"ListItem","position":2,"name":"Life work"}]},{"@type":"WebSite","@id":"https:\/\/egerhaziimre.hu\/#website","url":"https:\/\/egerhaziimre.hu\/","name":"\u00c9gerh\u00e1zi Imre","description":"","potentialAction":[{"@type":"SearchAction","target":{"@type":"EntryPoint","urlTemplate":"https:\/\/egerhaziimre.hu\/?s={search_term_string}"},"query-input":{"@type":"PropertyValueSpecification","valueRequired":true,"valueName":"search_term_string"}}],"inLanguage":"hu"}]}},"jetpack_sharing_enabled":true,"_links":{"self":[{"href":"https:\/\/egerhaziimre.hu\/index.php\/wp-json\/wp\/v2\/pages\/3496","targetHints":{"allow":["GET"]}}],"collection":[{"href":"https:\/\/egerhaziimre.hu\/index.php\/wp-json\/wp\/v2\/pages"}],"about":[{"href":"https:\/\/egerhaziimre.hu\/index.php\/wp-json\/wp\/v2\/types\/page"}],"author":[{"embeddable":true,"href":"https:\/\/egerhaziimre.hu\/index.php\/wp-json\/wp\/v2\/users\/4"}],"replies":[{"embeddable":true,"href":"https:\/\/egerhaziimre.hu\/index.php\/wp-json\/wp\/v2\/comments?post=3496"}],"version-history":[{"count":9,"href":"https:\/\/egerhaziimre.hu\/index.php\/wp-json\/wp\/v2\/pages\/3496\/revisions"}],"predecessor-version":[{"id":3569,"href":"https:\/\/egerhaziimre.hu\/index.php\/wp-json\/wp\/v2\/pages\/3496\/revisions\/3569"}],"wp:attachment":[{"href":"https:\/\/egerhaziimre.hu\/index.php\/wp-json\/wp\/v2\/media?parent=3496"}],"wp:term":[{"taxonomy":"category","embeddable":true,"href":"https:\/\/egerhaziimre.hu\/index.php\/wp-json\/wp\/v2\/categories?post=3496"},{"taxonomy":"post_tag","embeddable":true,"href":"https:\/\/egerhaziimre.hu\/index.php\/wp-json\/wp\/v2\/tags?post=3496"}],"curies":[{"name":"wp","href":"https:\/\/api.w.org\/{rel}","templated":true}]}}