{"id":3509,"date":"2020-06-16T11:27:17","date_gmt":"2020-06-16T09:27:17","guid":{"rendered":"http:\/\/egerhaziimre.magex.hu\/?page_id=3509"},"modified":"2021-08-06T09:59:54","modified_gmt":"2021-08-06T07:59:54","slug":"konyvek-katalogusok","status":"publish","type":"page","link":"https:\/\/egerhaziimre.hu\/index.php\/archivum\/konyvek-katalogusok\/","title":{"rendered":"K\u00f6nyvek, katal\u00f3gusok"},"content":{"rendered":"<div class=\"wpb-content-wrapper\">[vc_row][vc_column][vc_column_text]\n<p class=\"moz-quote-pre\">\u00c9gerh\u00e1zi Imre m\u0171v\u00e9szeti hagyat\u00e9k\u00e1t igyekszem a lehet\u0151 leggondosabban \u00e1polni. Alkot\u00e1sait folyamatosan kutatom, katalogiz\u00e1lom \u00e9s professzion\u00e1lis m\u00f3dom \u00f6r\u00f6k\u00edtem meg az ut\u00f3kornak. A reprodukci\u00f3kat a legjobb nyomtathat\u00f3 min\u0151s\u00e9gbe hozzuk, hogy b\u00e1rmikor azonnal rendelkez\u00e9sre \u00e1lljanak. Ezeknek a festm\u00e9ny-fot\u00f3knak \u00e9s csal\u00e1di arch\u00edvum dokumentumainak seg\u00edts\u00e9g\u00e9vel, igyekszem az \u00e1ltalam szervezett ki\u00e1ll\u00edt\u00e1sokhoz kapcsol\u00f3d\u00f3an a lehet\u0151 legjobb min\u0151s\u00e9g\u0171 katal\u00f3gusokat k\u00e9sz\u00edteni mind kiviteli, mind tartalmi szempontb\u00f3l is.<br \/>\nAz \u00e1ltalam szervezett \u00e9s rendezett ki\u00e1ll\u00edt\u00e1sok \u00e1ltal\u00e1ban valamilyen tematika k\u00f6r\u00e9 csoportosultak, hiszen \u00c9gerh\u00e1zi Imre m\u0171v\u00e9szet\u00e9ben karakteres tematikai alkot\u00e1s-csoportok \u00e9s technikai korszakok k\u00fcl\u00f6n\u00edthet\u0151ek el.<br \/>\nRendezt\u00fcnk ki\u00e1ll\u00edt\u00e1st az erd\u00e9lyi, az alf\u00f6ldi festm\u00e9nyekb\u0151l, a k\u00fclf\u00f6ld\u00f6n sz\u00fcletett alkot\u00e1sokb\u00f3l, a hit\u00e9lettel \u00e9s a t\u00e1rsm\u0171v\u00e9szetekkel kapcsolatos m\u0171vekb\u0151l, Debrecent bemutat\u00f3 k\u00e9pekb\u0151l stb. A ki\u00e1ll\u00edt\u00e1si anyagot az \u00e1ltalam ismert legsz\u00e9lesebb tulajdonosi k\u00f6rb\u0151l mer\u00edtettem, nem sajn\u00e1lva az id\u0151t \u00e9s a f\u00e1radts\u00e1got, kik\u00e9rni a k\u00e9peket, az \u00e1llami \u00e9s mag\u00e1n int\u00e9zm\u00e9nyekt\u0151l, a m\u00fazeumokt\u00f3l, az \u00f6nkorm\u00e1nyzatokt\u00f3l, c\u00e9gekt\u0151l \u00e9s mag\u00e1nszem\u00e9lyekt\u0151l. A katal\u00f3gusok elk\u00e9sz\u00edt\u00e9s\u00e9hez olyan m\u0171v\u00e9szett\u00f6rt\u00e9n\u00e9szeket \u00e9s Magyar Nemzeti Gal\u00e9ri\u00e1ban dolgoz\u00f3 szakembereket k\u00e9rtem fel, akik j\u00f3l ismert\u00e9k a 20 sz\u00e1zadi alf\u00f6ldi fest\u00e9szet kiemelked\u0151 alakj\u00e1t, \u00edgy Feledy Bal\u00e1zst, dr. Pr\u00f3kai G\u00e1bort \u00e9s dr. Bereczky Lor\u00e1ndot, hogy csak n\u00e9h\u00e1ny nevet eml\u00edtsek. \u00c1ltal\u00e1ban \u0151k nyitott\u00e1k meg az adott t\u00e1rlatokat.<br \/>\nA pdf-ben let\u00f6lthet\u0151 katal\u00f3gusok, kimagasl\u00f3 min\u0151s\u00e9g\u0171 nyomtat\u00e1sban megv\u00e1s\u00e1rolhat\u00f3k a Gramy-Kft. 1092 Budapest. R\u00e1day u. 40. sz\u00e1m alatt tal\u00e1lhat\u00f3 irod\u00e1j\u00e1ban \u00e9s megrendelhet\u0151ek a rendeles@gramy.hu c\u00edmen.<\/p>\n<p class=\"moz-quote-pre\">Budapest, 2020 j\u00fanius 29.<br \/>\n\u00c9gerh\u00e1zi Attila<\/p>\n[\/vc_column_text][vc_separator][vc_empty_space][vc_custom_heading text=&#8221;Katal\u00f3gusok&#8221; use_theme_fonts=&#8221;yes&#8221; el_class=&#8221;mb60 mb30-md&#8221;][vc_basic_grid post_type=&#8221;page&#8221; max_items=&#8221;-1&#8243; style=&#8221;pagination&#8221; items_per_page=&#8221;8&#8243; element_width=&#8221;3&#8243; order=&#8221;ASC&#8221; paging_design=&#8221;pagination_stripes_dark&#8221; loop=&#8221;yes&#8221; item=&#8221;491&#8243; grid_id=&#8221;vc_gid:1628235434810-601d1d99-22b5-9&#8243; taxonomies=&#8221;360&#8243;][vc_separator][vc_empty_space][vc_custom_heading text=&#8221;Tov\u00e1bbi kiadv\u00e1nyok&#8221; use_theme_fonts=&#8221;yes&#8221; el_class=&#8221;mb60 mb30-md&#8221;][vc_basic_grid post_type=&#8221;page&#8221; max_items=&#8221;-1&#8243; style=&#8221;pagination&#8221; items_per_page=&#8221;8&#8243; element_width=&#8221;3&#8243; order=&#8221;ASC&#8221; paging_design=&#8221;pagination_stripes_dark&#8221; loop=&#8221;yes&#8221; item=&#8221;491&#8243; grid_id=&#8221;vc_gid:1628235434812-a0f30c72-4790-5&#8243; taxonomies=&#8221;349&#8243;][\/vc_column][\/vc_row]\n<\/div>","protected":false},"excerpt":{"rendered":"<p>[vc_row][vc_column][vc_column_text] \u00c9gerh\u00e1zi Imre m\u0171v\u00e9szeti hagyat\u00e9k\u00e1t igyekszem a lehet\u0151 leggondosabban \u00e1polni. Alkot\u00e1sait folyamatosan kutatom, katalogiz\u00e1lom \u00e9s professzion\u00e1lis m\u00f3dom \u00f6r\u00f6k\u00edtem meg az ut\u00f3kornak. A reprodukci\u00f3kat a legjobb nyomtathat\u00f3 min\u0151s\u00e9gbe hozzuk, hogy b\u00e1rmikor azonnal rendelkez\u00e9sre \u00e1lljanak. Ezeknek a festm\u00e9ny-fot\u00f3knak \u00e9s csal\u00e1di arch\u00edvum dokumentumainak seg\u00edts\u00e9g\u00e9vel, igyekszem az \u00e1ltalam szervezett ki\u00e1ll\u00edt\u00e1sokhoz kapcsol\u00f3d\u00f3an a lehet\u0151 legjobb min\u0151s\u00e9g\u0171 katal\u00f3gusokat k\u00e9sz\u00edteni mind kiviteli, mind tartalmi szempontb\u00f3l is. Az [&hellip;]<\/p>\n","protected":false},"author":4,"featured_media":0,"parent":3353,"menu_order":0,"comment_status":"closed","ping_status":"closed","template":"","meta":{"footnotes":""},"categories":[27],"tags":[],"class_list":["post-3509","page","type-page","status-publish","hentry","category-listaoldal"],"yoast_head":"<!-- This site is optimized with the Yoast SEO plugin v27.0 - https:\/\/yoast.com\/product\/yoast-seo-wordpress\/ -->\n<title>K\u00f6nyvek, katal\u00f3gusok - \u00c9gerh\u00e1zi Imre<\/title>\n<meta name=\"robots\" content=\"index, follow, max-snippet:-1, max-image-preview:large, max-video-preview:-1\" \/>\n<link rel=\"canonical\" href=\"https:\/\/egerhaziimre.hu\/index.php\/archivum\/konyvek-katalogusok\/?lang=en\" \/>\n<meta property=\"og:locale\" content=\"hu_HU\" \/>\n<meta property=\"og:type\" content=\"article\" \/>\n<meta property=\"og:title\" content=\"K\u00f6nyvek, katal\u00f3gusok - \u00c9gerh\u00e1zi Imre\" \/>\n<meta property=\"og:description\" content=\"[vc_row][vc_column][vc_column_text] \u00c9gerh\u00e1zi Imre m\u0171v\u00e9szeti hagyat\u00e9k\u00e1t igyekszem a lehet\u0151 leggondosabban \u00e1polni. Alkot\u00e1sait folyamatosan kutatom, katalogiz\u00e1lom \u00e9s professzion\u00e1lis m\u00f3dom \u00f6r\u00f6k\u00edtem meg az ut\u00f3kornak. A reprodukci\u00f3kat a legjobb nyomtathat\u00f3 min\u0151s\u00e9gbe hozzuk, hogy b\u00e1rmikor azonnal rendelkez\u00e9sre \u00e1lljanak. Ezeknek a festm\u00e9ny-fot\u00f3knak \u00e9s csal\u00e1di arch\u00edvum dokumentumainak seg\u00edts\u00e9g\u00e9vel, igyekszem az \u00e1ltalam szervezett ki\u00e1ll\u00edt\u00e1sokhoz kapcsol\u00f3d\u00f3an a lehet\u0151 legjobb min\u0151s\u00e9g\u0171 katal\u00f3gusokat k\u00e9sz\u00edteni mind kiviteli, mind tartalmi szempontb\u00f3l is. Az [&hellip;]\" \/>\n<meta property=\"og:url\" content=\"https:\/\/egerhaziimre.hu\/index.php\/archivum\/konyvek-katalogusok\/?lang=en\" \/>\n<meta property=\"og:site_name\" content=\"\u00c9gerh\u00e1zi Imre\" \/>\n<meta property=\"article:modified_time\" content=\"2021-08-06T07:59:54+00:00\" \/>\n<meta name=\"twitter:card\" content=\"summary_large_image\" \/>\n<meta name=\"twitter:label1\" content=\"Becs\u00fclt olvas\u00e1si id\u0151\" \/>\n\t<meta name=\"twitter:data1\" content=\"2 perc\" \/>\n<script type=\"application\/ld+json\" class=\"yoast-schema-graph\">{\"@context\":\"https:\/\/schema.org\",\"@graph\":[{\"@type\":\"WebPage\",\"@id\":\"https:\/\/egerhaziimre.hu\/index.php\/archivum\/konyvek-katalogusok\/?lang=en\",\"url\":\"https:\/\/egerhaziimre.hu\/index.php\/archivum\/konyvek-katalogusok\/?lang=en\",\"name\":\"K\u00f6nyvek, katal\u00f3gusok - \u00c9gerh\u00e1zi Imre\",\"isPartOf\":{\"@id\":\"https:\/\/egerhaziimre.hu\/#website\"},\"datePublished\":\"2020-06-16T09:27:17+00:00\",\"dateModified\":\"2021-08-06T07:59:54+00:00\",\"breadcrumb\":{\"@id\":\"https:\/\/egerhaziimre.hu\/index.php\/archivum\/konyvek-katalogusok\/?lang=en#breadcrumb\"},\"inLanguage\":\"hu\",\"potentialAction\":[{\"@type\":\"ReadAction\",\"target\":[\"https:\/\/egerhaziimre.hu\/index.php\/archivum\/konyvek-katalogusok\/?lang=en\"]}]},{\"@type\":\"BreadcrumbList\",\"@id\":\"https:\/\/egerhaziimre.hu\/index.php\/archivum\/konyvek-katalogusok\/?lang=en#breadcrumb\",\"itemListElement\":[{\"@type\":\"ListItem\",\"position\":1,\"name\":\"Home\",\"item\":\"https:\/\/egerhaziimre.hu\/\"},{\"@type\":\"ListItem\",\"position\":2,\"name\":\"Archives\",\"item\":\"https:\/\/egerhaziimre.hu\/index.php\/archivum\/?lang=en\"},{\"@type\":\"ListItem\",\"position\":3,\"name\":\"Books, catalogues\"}]},{\"@type\":\"WebSite\",\"@id\":\"https:\/\/egerhaziimre.hu\/#website\",\"url\":\"https:\/\/egerhaziimre.hu\/\",\"name\":\"\u00c9gerh\u00e1zi Imre\",\"description\":\"\",\"potentialAction\":[{\"@type\":\"SearchAction\",\"target\":{\"@type\":\"EntryPoint\",\"urlTemplate\":\"https:\/\/egerhaziimre.hu\/?s={search_term_string}\"},\"query-input\":{\"@type\":\"PropertyValueSpecification\",\"valueRequired\":true,\"valueName\":\"search_term_string\"}}],\"inLanguage\":\"hu\"}]}<\/script>\n<!-- \/ Yoast SEO plugin. -->","yoast_head_json":{"title":"K\u00f6nyvek, katal\u00f3gusok - \u00c9gerh\u00e1zi Imre","robots":{"index":"index","follow":"follow","max-snippet":"max-snippet:-1","max-image-preview":"max-image-preview:large","max-video-preview":"max-video-preview:-1"},"canonical":"https:\/\/egerhaziimre.hu\/index.php\/archivum\/konyvek-katalogusok\/?lang=en","og_locale":"hu_HU","og_type":"article","og_title":"K\u00f6nyvek, katal\u00f3gusok - \u00c9gerh\u00e1zi Imre","og_description":"[vc_row][vc_column][vc_column_text] \u00c9gerh\u00e1zi Imre m\u0171v\u00e9szeti hagyat\u00e9k\u00e1t igyekszem a lehet\u0151 leggondosabban \u00e1polni. Alkot\u00e1sait folyamatosan kutatom, katalogiz\u00e1lom \u00e9s professzion\u00e1lis m\u00f3dom \u00f6r\u00f6k\u00edtem meg az ut\u00f3kornak. A reprodukci\u00f3kat a legjobb nyomtathat\u00f3 min\u0151s\u00e9gbe hozzuk, hogy b\u00e1rmikor azonnal rendelkez\u00e9sre \u00e1lljanak. Ezeknek a festm\u00e9ny-fot\u00f3knak \u00e9s csal\u00e1di arch\u00edvum dokumentumainak seg\u00edts\u00e9g\u00e9vel, igyekszem az \u00e1ltalam szervezett ki\u00e1ll\u00edt\u00e1sokhoz kapcsol\u00f3d\u00f3an a lehet\u0151 legjobb min\u0151s\u00e9g\u0171 katal\u00f3gusokat k\u00e9sz\u00edteni mind kiviteli, mind tartalmi szempontb\u00f3l is. Az [&hellip;]","og_url":"https:\/\/egerhaziimre.hu\/index.php\/archivum\/konyvek-katalogusok\/?lang=en","og_site_name":"\u00c9gerh\u00e1zi Imre","article_modified_time":"2021-08-06T07:59:54+00:00","twitter_card":"summary_large_image","twitter_misc":{"Becs\u00fclt olvas\u00e1si id\u0151":"2 perc"},"schema":{"@context":"https:\/\/schema.org","@graph":[{"@type":"WebPage","@id":"https:\/\/egerhaziimre.hu\/index.php\/archivum\/konyvek-katalogusok\/?lang=en","url":"https:\/\/egerhaziimre.hu\/index.php\/archivum\/konyvek-katalogusok\/?lang=en","name":"K\u00f6nyvek, katal\u00f3gusok - \u00c9gerh\u00e1zi Imre","isPartOf":{"@id":"https:\/\/egerhaziimre.hu\/#website"},"datePublished":"2020-06-16T09:27:17+00:00","dateModified":"2021-08-06T07:59:54+00:00","breadcrumb":{"@id":"https:\/\/egerhaziimre.hu\/index.php\/archivum\/konyvek-katalogusok\/?lang=en#breadcrumb"},"inLanguage":"hu","potentialAction":[{"@type":"ReadAction","target":["https:\/\/egerhaziimre.hu\/index.php\/archivum\/konyvek-katalogusok\/?lang=en"]}]},{"@type":"BreadcrumbList","@id":"https:\/\/egerhaziimre.hu\/index.php\/archivum\/konyvek-katalogusok\/?lang=en#breadcrumb","itemListElement":[{"@type":"ListItem","position":1,"name":"Home","item":"https:\/\/egerhaziimre.hu\/"},{"@type":"ListItem","position":2,"name":"Archives","item":"https:\/\/egerhaziimre.hu\/index.php\/archivum\/?lang=en"},{"@type":"ListItem","position":3,"name":"Books, catalogues"}]},{"@type":"WebSite","@id":"https:\/\/egerhaziimre.hu\/#website","url":"https:\/\/egerhaziimre.hu\/","name":"\u00c9gerh\u00e1zi Imre","description":"","potentialAction":[{"@type":"SearchAction","target":{"@type":"EntryPoint","urlTemplate":"https:\/\/egerhaziimre.hu\/?s={search_term_string}"},"query-input":{"@type":"PropertyValueSpecification","valueRequired":true,"valueName":"search_term_string"}}],"inLanguage":"hu"}]}},"jetpack_sharing_enabled":true,"_links":{"self":[{"href":"https:\/\/egerhaziimre.hu\/index.php\/wp-json\/wp\/v2\/pages\/3509","targetHints":{"allow":["GET"]}}],"collection":[{"href":"https:\/\/egerhaziimre.hu\/index.php\/wp-json\/wp\/v2\/pages"}],"about":[{"href":"https:\/\/egerhaziimre.hu\/index.php\/wp-json\/wp\/v2\/types\/page"}],"author":[{"embeddable":true,"href":"https:\/\/egerhaziimre.hu\/index.php\/wp-json\/wp\/v2\/users\/4"}],"replies":[{"embeddable":true,"href":"https:\/\/egerhaziimre.hu\/index.php\/wp-json\/wp\/v2\/comments?post=3509"}],"version-history":[{"count":18,"href":"https:\/\/egerhaziimre.hu\/index.php\/wp-json\/wp\/v2\/pages\/3509\/revisions"}],"predecessor-version":[{"id":12857,"href":"https:\/\/egerhaziimre.hu\/index.php\/wp-json\/wp\/v2\/pages\/3509\/revisions\/12857"}],"up":[{"embeddable":true,"href":"https:\/\/egerhaziimre.hu\/index.php\/wp-json\/wp\/v2\/pages\/3353"}],"wp:attachment":[{"href":"https:\/\/egerhaziimre.hu\/index.php\/wp-json\/wp\/v2\/media?parent=3509"}],"wp:term":[{"taxonomy":"category","embeddable":true,"href":"https:\/\/egerhaziimre.hu\/index.php\/wp-json\/wp\/v2\/categories?post=3509"},{"taxonomy":"post_tag","embeddable":true,"href":"https:\/\/egerhaziimre.hu\/index.php\/wp-json\/wp\/v2\/tags?post=3509"}],"curies":[{"name":"wp","href":"https:\/\/api.w.org\/{rel}","templated":true}]}}