{"id":3577,"date":"2020-06-23T10:08:15","date_gmt":"2020-06-23T08:08:15","guid":{"rendered":"http:\/\/egerhaziimre.magex.hu\/?page_id=3577"},"modified":"2020-09-14T10:30:41","modified_gmt":"2020-09-14T08:30:41","slug":"egerhazi-osztondij","status":"publish","type":"page","link":"https:\/\/egerhaziimre.hu\/index.php\/archivum\/egerhazi-osztondij\/","title":{"rendered":"\u00c9gerh\u00e1zi Imre \u00f6szt\u00f6nd\u00edj"},"content":{"rendered":"<div class=\"wpb-content-wrapper\">[vc_row el_class=&#8221;margin_bottom_0 padding_bottom_0&#8243;][vc_column][vc_column_text]A 2001. november 14-\u00e9n tragikus balesetben elhunyt m\u0171v\u00e9sz v\u00e9gakarat\u00e1nak megfelel\u0151en fiai a Debreceni Reform\u00e1tus Koll\u00e9gium D\u00f3czy Gimn\u00e1zium\u00e1val, illetve annak igazgat\u00f3-helyettes\u00e9vel, Arany Lajossal kialak\u00edtott j\u00f3 kapcsolat eredm\u00e9nyek\u00e9nt 2004\/05-be hirdett\u00e9k meg el\u0151sz\u00f6r az \u00c9gerh\u00e1zi Imre \u00d6szt\u00f6nd\u00edjat. Ezt minden \u00e9v szeptember m\u00e1sodik\u00e1n, a fest\u0151m\u0171v\u00e9sz sz\u00fclet\u00e9s\u00e9nek \u00e9vfordul\u00f3j\u00e1n veheti \u00e1t a k\u00e9pz\u0151m\u0171v\u00e9szet ter\u00e9n az el\u0151z\u0151 tan\u00e9vben legjobb teljes\u00edtm\u00e9nyt ny\u00fajt\u00f3 di\u00e1k, akinek szem\u00e9ly\u00e9re az iskola m\u0171v\u00e9sz-tan\u00e1ra, Buka L\u00e1szl\u00f3 tesz javaslatot. Az \u00fcnnep\u00e9lyes keretek k\u00f6z\u00f6tt \u00e9vente megrendezett d\u00edj\u00e1tad\u00f3 \u00fcnneps\u00e9gnek az int\u00e9zm\u00e9ny harmadik emelet\u00e9n 2004-ben \u00c9gerh\u00e1zi Imre k\u00e9peivel megnyitott D\u00f3czy Gal\u00e9ria ad otthont.<\/p>\n<p>Az eddigi d\u00edjazottak<br \/>\n2005: Hadh\u00e1zi Bal\u00e1zs; 2006: Kathi T\u00fcnde Hajnalka; 2007: Szab\u00f3 Zsuzsa; 2008: Lekics Lilian; 2009: Hadh\u00e1zi Bal\u00e1zs (m\u00e1sodik alkalommal); 2010: Moln\u00e1r Veronika S\u00e1ra \u00e9s Sipos \u00c1ron; 2011: Papp Tibor; 2012: Hadh\u00e1zi D\u00e1vid \u00e9s Vad Bence; 2013: Makleit Fanni \u00e9s Tur\u00e1nyi Szil\u00e1rd Benjamin; 2014: Kathy Zs\u00f3fia; 2015: Pataki Botond; 2016: T\u00f3th Lilla; 2017: Irinyi D\u00f3ra; 2018: B\u00e9csi Bella; 2019: Ribiczey Franciska[\/vc_column_text][vc_empty_space][vc_separator][\/vc_column][\/vc_row][vc_row][vc_column][vc_custom_heading text=&#8221;D\u00edjazottak&#8221; use_theme_fonts=&#8221;yes&#8221; el_class=&#8221;mb60 mb30-md&#8221;][vc_basic_grid post_type=&#8221;page&#8221; max_items=&#8221;-1&#8243; style=&#8221;pagination&#8221; items_per_page=&#8221;8&#8243; element_width=&#8221;3&#8243; paging_design=&#8221;pagination_stripes_dark&#8221; item=&#8221;491&#8243; grid_id=&#8221;vc_gid:1599050501260-94a7c81b-66a0-9&#8243; taxonomies=&#8221;159&#8243;][\/vc_column][\/vc_row]\n<\/div>","protected":false},"excerpt":{"rendered":"<p>[vc_row el_class=&#8221;margin_bottom_0 padding_bottom_0&#8243;][vc_column][vc_column_text]A 2001. november 14-\u00e9n tragikus balesetben elhunyt m\u0171v\u00e9sz v\u00e9gakarat\u00e1nak megfelel\u0151en fiai a Debreceni Reform\u00e1tus Koll\u00e9gium D\u00f3czy Gimn\u00e1zium\u00e1val, illetve annak igazgat\u00f3-helyettes\u00e9vel, Arany Lajossal kialak\u00edtott j\u00f3 kapcsolat eredm\u00e9nyek\u00e9nt 2004\/05-be hirdett\u00e9k meg el\u0151sz\u00f6r az \u00c9gerh\u00e1zi Imre \u00d6szt\u00f6nd\u00edjat. Ezt minden \u00e9v szeptember m\u00e1sodik\u00e1n, a fest\u0151m\u0171v\u00e9sz sz\u00fclet\u00e9s\u00e9nek \u00e9vfordul\u00f3j\u00e1n veheti \u00e1t a k\u00e9pz\u0151m\u0171v\u00e9szet ter\u00e9n az el\u0151z\u0151 tan\u00e9vben legjobb teljes\u00edtm\u00e9nyt ny\u00fajt\u00f3 di\u00e1k, akinek szem\u00e9ly\u00e9re az [&hellip;]<\/p>\n","protected":false},"author":4,"featured_media":0,"parent":3353,"menu_order":0,"comment_status":"closed","ping_status":"closed","template":"","meta":{"footnotes":""},"categories":[27],"tags":[],"class_list":["post-3577","page","type-page","status-publish","hentry","category-listaoldal"],"yoast_head":"<!-- This site is optimized with the Yoast SEO plugin v27.3 - https:\/\/yoast.com\/product\/yoast-seo-wordpress\/ -->\n<title>\u00c9gerh\u00e1zi Imre \u00f6szt\u00f6nd\u00edj - \u00c9gerh\u00e1zi Imre<\/title>\n<meta name=\"robots\" content=\"index, follow, max-snippet:-1, max-image-preview:large, max-video-preview:-1\" \/>\n<link rel=\"canonical\" href=\"https:\/\/egerhaziimre.hu\/index.php\/archivum\/egerhazi-osztondij\/?lang=en\" \/>\n<meta property=\"og:locale\" content=\"hu_HU\" \/>\n<meta property=\"og:type\" content=\"article\" \/>\n<meta property=\"og:title\" content=\"\u00c9gerh\u00e1zi Imre \u00f6szt\u00f6nd\u00edj - \u00c9gerh\u00e1zi Imre\" \/>\n<meta property=\"og:description\" content=\"[vc_row el_class=&#8221;margin_bottom_0 padding_bottom_0&#8243;][vc_column][vc_column_text]A 2001. november 14-\u00e9n tragikus balesetben elhunyt m\u0171v\u00e9sz v\u00e9gakarat\u00e1nak megfelel\u0151en fiai a Debreceni Reform\u00e1tus Koll\u00e9gium D\u00f3czy Gimn\u00e1zium\u00e1val, illetve annak igazgat\u00f3-helyettes\u00e9vel, Arany Lajossal kialak\u00edtott j\u00f3 kapcsolat eredm\u00e9nyek\u00e9nt 2004\/05-be hirdett\u00e9k meg el\u0151sz\u00f6r az \u00c9gerh\u00e1zi Imre \u00d6szt\u00f6nd\u00edjat. Ezt minden \u00e9v szeptember m\u00e1sodik\u00e1n, a fest\u0151m\u0171v\u00e9sz sz\u00fclet\u00e9s\u00e9nek \u00e9vfordul\u00f3j\u00e1n veheti \u00e1t a k\u00e9pz\u0151m\u0171v\u00e9szet ter\u00e9n az el\u0151z\u0151 tan\u00e9vben legjobb teljes\u00edtm\u00e9nyt ny\u00fajt\u00f3 di\u00e1k, akinek szem\u00e9ly\u00e9re az [&hellip;]\" \/>\n<meta property=\"og:url\" content=\"https:\/\/egerhaziimre.hu\/index.php\/archivum\/egerhazi-osztondij\/?lang=en\" \/>\n<meta property=\"og:site_name\" content=\"\u00c9gerh\u00e1zi Imre\" \/>\n<meta property=\"article:modified_time\" content=\"2020-09-14T08:30:41+00:00\" \/>\n<meta name=\"twitter:card\" content=\"summary_large_image\" \/>\n<meta name=\"twitter:label1\" content=\"Becs\u00fclt olvas\u00e1si id\u0151\" \/>\n\t<meta name=\"twitter:data1\" content=\"3 perc\" \/>\n<script type=\"application\/ld+json\" class=\"yoast-schema-graph\">{\"@context\":\"https:\\\/\\\/schema.org\",\"@graph\":[{\"@type\":\"WebPage\",\"@id\":\"https:\\\/\\\/egerhaziimre.hu\\\/index.php\\\/archivum\\\/egerhazi-osztondij\\\/?lang=en\",\"url\":\"https:\\\/\\\/egerhaziimre.hu\\\/index.php\\\/archivum\\\/egerhazi-osztondij\\\/?lang=en\",\"name\":\"\u00c9gerh\u00e1zi Imre \u00f6szt\u00f6nd\u00edj - \u00c9gerh\u00e1zi Imre\",\"isPartOf\":{\"@id\":\"https:\\\/\\\/egerhaziimre.hu\\\/#website\"},\"datePublished\":\"2020-06-23T08:08:15+00:00\",\"dateModified\":\"2020-09-14T08:30:41+00:00\",\"breadcrumb\":{\"@id\":\"https:\\\/\\\/egerhaziimre.hu\\\/index.php\\\/archivum\\\/egerhazi-osztondij\\\/?lang=en#breadcrumb\"},\"inLanguage\":\"hu\",\"potentialAction\":[{\"@type\":\"ReadAction\",\"target\":[\"https:\\\/\\\/egerhaziimre.hu\\\/index.php\\\/archivum\\\/egerhazi-osztondij\\\/?lang=en\"]}]},{\"@type\":\"BreadcrumbList\",\"@id\":\"https:\\\/\\\/egerhaziimre.hu\\\/index.php\\\/archivum\\\/egerhazi-osztondij\\\/?lang=en#breadcrumb\",\"itemListElement\":[{\"@type\":\"ListItem\",\"position\":1,\"name\":\"Home\",\"item\":\"https:\\\/\\\/egerhaziimre.hu\\\/\"},{\"@type\":\"ListItem\",\"position\":2,\"name\":\"Archives\",\"item\":\"https:\\\/\\\/egerhaziimre.hu\\\/index.php\\\/archivum\\\/?lang=en\"},{\"@type\":\"ListItem\",\"position\":3,\"name\":\"Imre \u00c9gerh\u00e1zi scholarship\"}]},{\"@type\":\"WebSite\",\"@id\":\"https:\\\/\\\/egerhaziimre.hu\\\/#website\",\"url\":\"https:\\\/\\\/egerhaziimre.hu\\\/\",\"name\":\"\u00c9gerh\u00e1zi Imre\",\"description\":\"\",\"potentialAction\":[{\"@type\":\"SearchAction\",\"target\":{\"@type\":\"EntryPoint\",\"urlTemplate\":\"https:\\\/\\\/egerhaziimre.hu\\\/?s={search_term_string}\"},\"query-input\":{\"@type\":\"PropertyValueSpecification\",\"valueRequired\":true,\"valueName\":\"search_term_string\"}}],\"inLanguage\":\"hu\"}]}<\/script>\n<!-- \/ Yoast SEO plugin. -->","yoast_head_json":{"title":"\u00c9gerh\u00e1zi Imre \u00f6szt\u00f6nd\u00edj - \u00c9gerh\u00e1zi Imre","robots":{"index":"index","follow":"follow","max-snippet":"max-snippet:-1","max-image-preview":"max-image-preview:large","max-video-preview":"max-video-preview:-1"},"canonical":"https:\/\/egerhaziimre.hu\/index.php\/archivum\/egerhazi-osztondij\/?lang=en","og_locale":"hu_HU","og_type":"article","og_title":"\u00c9gerh\u00e1zi Imre \u00f6szt\u00f6nd\u00edj - \u00c9gerh\u00e1zi Imre","og_description":"[vc_row el_class=&#8221;margin_bottom_0 padding_bottom_0&#8243;][vc_column][vc_column_text]A 2001. november 14-\u00e9n tragikus balesetben elhunyt m\u0171v\u00e9sz v\u00e9gakarat\u00e1nak megfelel\u0151en fiai a Debreceni Reform\u00e1tus Koll\u00e9gium D\u00f3czy Gimn\u00e1zium\u00e1val, illetve annak igazgat\u00f3-helyettes\u00e9vel, Arany Lajossal kialak\u00edtott j\u00f3 kapcsolat eredm\u00e9nyek\u00e9nt 2004\/05-be hirdett\u00e9k meg el\u0151sz\u00f6r az \u00c9gerh\u00e1zi Imre \u00d6szt\u00f6nd\u00edjat. Ezt minden \u00e9v szeptember m\u00e1sodik\u00e1n, a fest\u0151m\u0171v\u00e9sz sz\u00fclet\u00e9s\u00e9nek \u00e9vfordul\u00f3j\u00e1n veheti \u00e1t a k\u00e9pz\u0151m\u0171v\u00e9szet ter\u00e9n az el\u0151z\u0151 tan\u00e9vben legjobb teljes\u00edtm\u00e9nyt ny\u00fajt\u00f3 di\u00e1k, akinek szem\u00e9ly\u00e9re az [&hellip;]","og_url":"https:\/\/egerhaziimre.hu\/index.php\/archivum\/egerhazi-osztondij\/?lang=en","og_site_name":"\u00c9gerh\u00e1zi Imre","article_modified_time":"2020-09-14T08:30:41+00:00","twitter_card":"summary_large_image","twitter_misc":{"Becs\u00fclt olvas\u00e1si id\u0151":"3 perc"},"schema":{"@context":"https:\/\/schema.org","@graph":[{"@type":"WebPage","@id":"https:\/\/egerhaziimre.hu\/index.php\/archivum\/egerhazi-osztondij\/?lang=en","url":"https:\/\/egerhaziimre.hu\/index.php\/archivum\/egerhazi-osztondij\/?lang=en","name":"\u00c9gerh\u00e1zi Imre \u00f6szt\u00f6nd\u00edj - \u00c9gerh\u00e1zi Imre","isPartOf":{"@id":"https:\/\/egerhaziimre.hu\/#website"},"datePublished":"2020-06-23T08:08:15+00:00","dateModified":"2020-09-14T08:30:41+00:00","breadcrumb":{"@id":"https:\/\/egerhaziimre.hu\/index.php\/archivum\/egerhazi-osztondij\/?lang=en#breadcrumb"},"inLanguage":"hu","potentialAction":[{"@type":"ReadAction","target":["https:\/\/egerhaziimre.hu\/index.php\/archivum\/egerhazi-osztondij\/?lang=en"]}]},{"@type":"BreadcrumbList","@id":"https:\/\/egerhaziimre.hu\/index.php\/archivum\/egerhazi-osztondij\/?lang=en#breadcrumb","itemListElement":[{"@type":"ListItem","position":1,"name":"Home","item":"https:\/\/egerhaziimre.hu\/"},{"@type":"ListItem","position":2,"name":"Archives","item":"https:\/\/egerhaziimre.hu\/index.php\/archivum\/?lang=en"},{"@type":"ListItem","position":3,"name":"Imre \u00c9gerh\u00e1zi scholarship"}]},{"@type":"WebSite","@id":"https:\/\/egerhaziimre.hu\/#website","url":"https:\/\/egerhaziimre.hu\/","name":"\u00c9gerh\u00e1zi Imre","description":"","potentialAction":[{"@type":"SearchAction","target":{"@type":"EntryPoint","urlTemplate":"https:\/\/egerhaziimre.hu\/?s={search_term_string}"},"query-input":{"@type":"PropertyValueSpecification","valueRequired":true,"valueName":"search_term_string"}}],"inLanguage":"hu"}]}},"jetpack_sharing_enabled":true,"_links":{"self":[{"href":"https:\/\/egerhaziimre.hu\/index.php\/wp-json\/wp\/v2\/pages\/3577","targetHints":{"allow":["GET"]}}],"collection":[{"href":"https:\/\/egerhaziimre.hu\/index.php\/wp-json\/wp\/v2\/pages"}],"about":[{"href":"https:\/\/egerhaziimre.hu\/index.php\/wp-json\/wp\/v2\/types\/page"}],"author":[{"embeddable":true,"href":"https:\/\/egerhaziimre.hu\/index.php\/wp-json\/wp\/v2\/users\/4"}],"replies":[{"embeddable":true,"href":"https:\/\/egerhaziimre.hu\/index.php\/wp-json\/wp\/v2\/comments?post=3577"}],"version-history":[{"count":21,"href":"https:\/\/egerhaziimre.hu\/index.php\/wp-json\/wp\/v2\/pages\/3577\/revisions"}],"predecessor-version":[{"id":9377,"href":"https:\/\/egerhaziimre.hu\/index.php\/wp-json\/wp\/v2\/pages\/3577\/revisions\/9377"}],"up":[{"embeddable":true,"href":"https:\/\/egerhaziimre.hu\/index.php\/wp-json\/wp\/v2\/pages\/3353"}],"wp:attachment":[{"href":"https:\/\/egerhaziimre.hu\/index.php\/wp-json\/wp\/v2\/media?parent=3577"}],"wp:term":[{"taxonomy":"category","embeddable":true,"href":"https:\/\/egerhaziimre.hu\/index.php\/wp-json\/wp\/v2\/categories?post=3577"},{"taxonomy":"post_tag","embeddable":true,"href":"https:\/\/egerhaziimre.hu\/index.php\/wp-json\/wp\/v2\/tags?post=3577"}],"curies":[{"name":"wp","href":"https:\/\/api.w.org\/{rel}","templated":true}]}}