{"id":3603,"date":"2006-06-23T11:30:33","date_gmt":"2006-06-23T09:30:33","guid":{"rendered":"http:\/\/egerhaziimre.magex.hu\/?page_id=3603"},"modified":"2021-08-06T09:56:06","modified_gmt":"2021-08-06T07:56:06","slug":"akkor-es-most-egerhazi-imre-festomuvesz-emlekkiallitasa","status":"publish","type":"page","link":"https:\/\/egerhaziimre.hu\/index.php\/archivum\/konyvek-katalogusok\/akkor-es-most-egerhazi-imre-festomuvesz-emlekkiallitasa\/","title":{"rendered":"Akkor \u00e9s most \u2013 \u00c9gerh\u00e1zi Imre fest\u0151m\u0171v\u00e9sz emlekki\u00e1ll\u00edt\u00e1sa, 2006"},"content":{"rendered":"<div class=\"wpb-content-wrapper\">[vc_row][vc_column][vc_raw_html]JTNDcCUyMHN0eWxlJTNEJTIydGV4dC1hbGlnbiUzQSUyMGNlbnRlciUzQiUyMiUzRSUzQ2VtYmVkJTIwc3JjJTNEJTIyJTJGd3AtY29udGVudCUyRnVwbG9hZHMlMkYyMDIwJTJGMDYlMkZNT01fYWtrb3JfZXNfbW9zdF9fa2F0YWxvZ3VzLnBkZiUyMiUyMHR5cGUlM0QlMjJhcHBsaWNhdGlvbiUyRnBkZiUyMiUyMHdpZHRoJTNEJTIyMTAyNCUyMiUyMGhlaWdodCUzRCUyMjEwMjQlMjIlM0UlM0MlMkZlbWJlZCUzRSUzQyUyRnAlM0U=[\/vc_raw_html][vc_btn title=&#8221;Vissza a list\u00e1ra&#8221; shape=&#8221;square&#8221; color=&#8221;orange&#8221; align=&#8221;center&#8221; i_icon_fontawesome=&#8221;fas fa-angle-double-left&#8221; add_icon=&#8221;true&#8221; link=&#8221;url:https%3A%2F%2Fegerhaziimre.hu%2Findex.php%2Farchivum%2Fkonyvek-katalogusok%2F|title:%5B%3Ahu%5DK%C3%B6nyvek%2C%20katal%C3%B3gusok%5B%3Aen%5DBooks%2C%20catalogues%5B%3A%5D&#8221; el_class=&#8221;mb60 mb30-md&#8221;][\/vc_column][\/vc_row]\n<\/div>","protected":false},"excerpt":{"rendered":"<p>[vc_row][vc_column][vc_raw_html]JTNDcCUyMHN0eWxlJTNEJTIydGV4dC1hbGlnbiUzQSUyMGNlbnRlciUzQiUyMiUzRSUzQ2VtYmVkJTIwc3JjJTNEJTIyJTJGd3AtY29udGVudCUyRnVwbG9hZHMlMkYyMDIwJTJGMDYlMkZNT01fYWtrb3JfZXNfbW9zdF9fa2F0YWxvZ3VzLnBkZiUyMiUyMHR5cGUlM0QlMjJhcHBsaWNhdGlvbiUyRnBkZiUyMiUyMHdpZHRoJTNEJTIyMTAyNCUyMiUyMGhlaWdodCUzRCUyMjEwMjQlMjIlM0UlM0MlMkZlbWJlZCUzRSUzQyUyRnAlM0U=[\/vc_raw_html][vc_btn title=&#8221;Vissza a list\u00e1ra&#8221; shape=&#8221;square&#8221; color=&#8221;orange&#8221; align=&#8221;center&#8221; i_icon_fontawesome=&#8221;fas fa-angle-double-left&#8221; add_icon=&#8221;true&#8221; link=&#8221;url:https%3A%2F%2Fegerhaziimre.hu%2Findex.php%2Farchivum%2Fkonyvek-katalogusok%2F|title:%5B%3Ahu%5DK%C3%B6nyvek%2C%20katal%C3%B3gusok%5B%3Aen%5DBooks%2C%20catalogues%5B%3A%5D&#8221; el_class=&#8221;mb60 mb30-md&#8221;][\/vc_column][\/vc_row]<\/p>\n","protected":false},"author":4,"featured_media":3605,"parent":3509,"menu_order":0,"comment_status":"closed","ping_status":"closed","template":"","meta":{"footnotes":""},"categories":[360],"tags":[83],"class_list":["post-3603","page","type-page","status-publish","has-post-thumbnail","hentry","category-kiallitas-katalogus","tag-83"],"yoast_head":"<!-- This site is optimized with the Yoast SEO plugin v27.3 - https:\/\/yoast.com\/product\/yoast-seo-wordpress\/ -->\n<title>Akkor \u00e9s most \u2013 \u00c9gerh\u00e1zi Imre fest\u0151m\u0171v\u00e9sz emlekki\u00e1ll\u00edt\u00e1sa, 2006 - \u00c9gerh\u00e1zi Imre<\/title>\n<meta name=\"robots\" content=\"index, follow, max-snippet:-1, max-image-preview:large, max-video-preview:-1\" \/>\n<link rel=\"canonical\" href=\"https:\/\/egerhaziimre.hu\/index.php\/archivum\/konyvek-katalogusok\/akkor-es-most-egerhazi-imre-festomuvesz-emlekkiallitasa\/?lang=en\" \/>\n<meta property=\"og:locale\" content=\"hu_HU\" \/>\n<meta property=\"og:type\" content=\"article\" \/>\n<meta property=\"og:title\" content=\"Akkor \u00e9s most \u2013 \u00c9gerh\u00e1zi Imre fest\u0151m\u0171v\u00e9sz emlekki\u00e1ll\u00edt\u00e1sa, 2006 - \u00c9gerh\u00e1zi Imre\" \/>\n<meta property=\"og:description\" content=\"[vc_row][vc_column][vc_raw_html]JTNDcCUyMHN0eWxlJTNEJTIydGV4dC1hbGlnbiUzQSUyMGNlbnRlciUzQiUyMiUzRSUzQ2VtYmVkJTIwc3JjJTNEJTIyJTJGd3AtY29udGVudCUyRnVwbG9hZHMlMkYyMDIwJTJGMDYlMkZNT01fYWtrb3JfZXNfbW9zdF9fa2F0YWxvZ3VzLnBkZiUyMiUyMHR5cGUlM0QlMjJhcHBsaWNhdGlvbiUyRnBkZiUyMiUyMHdpZHRoJTNEJTIyMTAyNCUyMiUyMGhlaWdodCUzRCUyMjEwMjQlMjIlM0UlM0MlMkZlbWJlZCUzRSUzQyUyRnAlM0U=[\/vc_raw_html][vc_btn title=&#8221;Vissza a list\u00e1ra&#8221; shape=&#8221;square&#8221; color=&#8221;orange&#8221; align=&#8221;center&#8221; i_icon_fontawesome=&#8221;fas fa-angle-double-left&#8221; add_icon=&#8221;true&#8221; link=&#8221;url:https%3A%2F%2Fegerhaziimre.hu%2Findex.php%2Farchivum%2Fkonyvek-katalogusok%2F|title:%5B%3Ahu%5DK%C3%B6nyvek%2C%20katal%C3%B3gusok%5B%3Aen%5DBooks%2C%20catalogues%5B%3A%5D&#8221; el_class=&#8221;mb60 mb30-md&#8221;][\/vc_column][\/vc_row]\" \/>\n<meta property=\"og:url\" content=\"https:\/\/egerhaziimre.hu\/index.php\/archivum\/konyvek-katalogusok\/akkor-es-most-egerhazi-imre-festomuvesz-emlekkiallitasa\/?lang=en\" \/>\n<meta property=\"og:site_name\" content=\"\u00c9gerh\u00e1zi Imre\" \/>\n<meta property=\"article:modified_time\" content=\"2021-08-06T07:56:06+00:00\" \/>\n<meta property=\"og:image\" content=\"https:\/\/egerhaziimre.hu\/wp-content\/uploads\/2020\/06\/katalogus_MOM_akkor_es_most__katalogus-cover.png\" \/>\n\t<meta property=\"og:image:width\" content=\"1366\" \/>\n\t<meta property=\"og:image:height\" content=\"768\" \/>\n\t<meta property=\"og:image:type\" content=\"image\/png\" \/>\n<meta name=\"twitter:card\" content=\"summary_large_image\" \/>\n<meta name=\"twitter:label1\" content=\"Becs\u00fclt olvas\u00e1si id\u0151\" \/>\n\t<meta name=\"twitter:data1\" content=\"1 perc\" \/>\n<script type=\"application\/ld+json\" class=\"yoast-schema-graph\">{\"@context\":\"https:\\\/\\\/schema.org\",\"@graph\":[{\"@type\":\"WebPage\",\"@id\":\"https:\\\/\\\/egerhaziimre.hu\\\/index.php\\\/archivum\\\/konyvek-katalogusok\\\/akkor-es-most-egerhazi-imre-festomuvesz-emlekkiallitasa\\\/?lang=en\",\"url\":\"https:\\\/\\\/egerhaziimre.hu\\\/index.php\\\/archivum\\\/konyvek-katalogusok\\\/akkor-es-most-egerhazi-imre-festomuvesz-emlekkiallitasa\\\/?lang=en\",\"name\":\"Akkor \u00e9s most \u2013 \u00c9gerh\u00e1zi Imre fest\u0151m\u0171v\u00e9sz emlekki\u00e1ll\u00edt\u00e1sa, 2006 - \u00c9gerh\u00e1zi Imre\",\"isPartOf\":{\"@id\":\"https:\\\/\\\/egerhaziimre.hu\\\/#website\"},\"primaryImageOfPage\":{\"@id\":\"https:\\\/\\\/egerhaziimre.hu\\\/index.php\\\/archivum\\\/konyvek-katalogusok\\\/akkor-es-most-egerhazi-imre-festomuvesz-emlekkiallitasa\\\/?lang=en#primaryimage\"},\"image\":{\"@id\":\"https:\\\/\\\/egerhaziimre.hu\\\/index.php\\\/archivum\\\/konyvek-katalogusok\\\/akkor-es-most-egerhazi-imre-festomuvesz-emlekkiallitasa\\\/?lang=en#primaryimage\"},\"thumbnailUrl\":\"https:\\\/\\\/egerhaziimre.hu\\\/wp-content\\\/uploads\\\/2020\\\/06\\\/katalogus_MOM_akkor_es_most__katalogus-cover.png\",\"datePublished\":\"2006-06-23T09:30:33+00:00\",\"dateModified\":\"2021-08-06T07:56:06+00:00\",\"breadcrumb\":{\"@id\":\"https:\\\/\\\/egerhaziimre.hu\\\/index.php\\\/archivum\\\/konyvek-katalogusok\\\/akkor-es-most-egerhazi-imre-festomuvesz-emlekkiallitasa\\\/?lang=en#breadcrumb\"},\"inLanguage\":\"hu\",\"potentialAction\":[{\"@type\":\"ReadAction\",\"target\":[\"https:\\\/\\\/egerhaziimre.hu\\\/index.php\\\/archivum\\\/konyvek-katalogusok\\\/akkor-es-most-egerhazi-imre-festomuvesz-emlekkiallitasa\\\/?lang=en\"]}]},{\"@type\":\"ImageObject\",\"inLanguage\":\"hu\",\"@id\":\"https:\\\/\\\/egerhaziimre.hu\\\/index.php\\\/archivum\\\/konyvek-katalogusok\\\/akkor-es-most-egerhazi-imre-festomuvesz-emlekkiallitasa\\\/?lang=en#primaryimage\",\"url\":\"https:\\\/\\\/egerhaziimre.hu\\\/wp-content\\\/uploads\\\/2020\\\/06\\\/katalogus_MOM_akkor_es_most__katalogus-cover.png\",\"contentUrl\":\"https:\\\/\\\/egerhaziimre.hu\\\/wp-content\\\/uploads\\\/2020\\\/06\\\/katalogus_MOM_akkor_es_most__katalogus-cover.png\",\"width\":1366,\"height\":768},{\"@type\":\"BreadcrumbList\",\"@id\":\"https:\\\/\\\/egerhaziimre.hu\\\/index.php\\\/archivum\\\/konyvek-katalogusok\\\/akkor-es-most-egerhazi-imre-festomuvesz-emlekkiallitasa\\\/?lang=en#breadcrumb\",\"itemListElement\":[{\"@type\":\"ListItem\",\"position\":1,\"name\":\"Home\",\"item\":\"https:\\\/\\\/egerhaziimre.hu\\\/\"},{\"@type\":\"ListItem\",\"position\":2,\"name\":\"Archives\",\"item\":\"https:\\\/\\\/egerhaziimre.hu\\\/index.php\\\/archivum\\\/?lang=en\"},{\"@type\":\"ListItem\",\"position\":3,\"name\":\"Books, catalogues\",\"item\":\"https:\\\/\\\/egerhaziimre.hu\\\/index.php\\\/archivum\\\/konyvek-katalogusok\\\/?lang=en\"},{\"@type\":\"ListItem\",\"position\":4,\"name\":\"Then and now, MOM, 2006 March\"}]},{\"@type\":\"WebSite\",\"@id\":\"https:\\\/\\\/egerhaziimre.hu\\\/#website\",\"url\":\"https:\\\/\\\/egerhaziimre.hu\\\/\",\"name\":\"\u00c9gerh\u00e1zi Imre\",\"description\":\"\",\"potentialAction\":[{\"@type\":\"SearchAction\",\"target\":{\"@type\":\"EntryPoint\",\"urlTemplate\":\"https:\\\/\\\/egerhaziimre.hu\\\/?s={search_term_string}\"},\"query-input\":{\"@type\":\"PropertyValueSpecification\",\"valueRequired\":true,\"valueName\":\"search_term_string\"}}],\"inLanguage\":\"hu\"}]}<\/script>\n<!-- \/ Yoast SEO plugin. -->","yoast_head_json":{"title":"Akkor \u00e9s most \u2013 \u00c9gerh\u00e1zi Imre fest\u0151m\u0171v\u00e9sz emlekki\u00e1ll\u00edt\u00e1sa, 2006 - \u00c9gerh\u00e1zi Imre","robots":{"index":"index","follow":"follow","max-snippet":"max-snippet:-1","max-image-preview":"max-image-preview:large","max-video-preview":"max-video-preview:-1"},"canonical":"https:\/\/egerhaziimre.hu\/index.php\/archivum\/konyvek-katalogusok\/akkor-es-most-egerhazi-imre-festomuvesz-emlekkiallitasa\/?lang=en","og_locale":"hu_HU","og_type":"article","og_title":"Akkor \u00e9s most \u2013 \u00c9gerh\u00e1zi Imre fest\u0151m\u0171v\u00e9sz emlekki\u00e1ll\u00edt\u00e1sa, 2006 - \u00c9gerh\u00e1zi Imre","og_description":"[vc_row][vc_column][vc_raw_html]JTNDcCUyMHN0eWxlJTNEJTIydGV4dC1hbGlnbiUzQSUyMGNlbnRlciUzQiUyMiUzRSUzQ2VtYmVkJTIwc3JjJTNEJTIyJTJGd3AtY29udGVudCUyRnVwbG9hZHMlMkYyMDIwJTJGMDYlMkZNT01fYWtrb3JfZXNfbW9zdF9fa2F0YWxvZ3VzLnBkZiUyMiUyMHR5cGUlM0QlMjJhcHBsaWNhdGlvbiUyRnBkZiUyMiUyMHdpZHRoJTNEJTIyMTAyNCUyMiUyMGhlaWdodCUzRCUyMjEwMjQlMjIlM0UlM0MlMkZlbWJlZCUzRSUzQyUyRnAlM0U=[\/vc_raw_html][vc_btn title=&#8221;Vissza a list\u00e1ra&#8221; shape=&#8221;square&#8221; color=&#8221;orange&#8221; align=&#8221;center&#8221; i_icon_fontawesome=&#8221;fas fa-angle-double-left&#8221; add_icon=&#8221;true&#8221; link=&#8221;url:https%3A%2F%2Fegerhaziimre.hu%2Findex.php%2Farchivum%2Fkonyvek-katalogusok%2F|title:%5B%3Ahu%5DK%C3%B6nyvek%2C%20katal%C3%B3gusok%5B%3Aen%5DBooks%2C%20catalogues%5B%3A%5D&#8221; el_class=&#8221;mb60 mb30-md&#8221;][\/vc_column][\/vc_row]","og_url":"https:\/\/egerhaziimre.hu\/index.php\/archivum\/konyvek-katalogusok\/akkor-es-most-egerhazi-imre-festomuvesz-emlekkiallitasa\/?lang=en","og_site_name":"\u00c9gerh\u00e1zi Imre","article_modified_time":"2021-08-06T07:56:06+00:00","og_image":[{"width":1366,"height":768,"url":"https:\/\/egerhaziimre.hu\/wp-content\/uploads\/2020\/06\/katalogus_MOM_akkor_es_most__katalogus-cover.png","type":"image\/png"}],"twitter_card":"summary_large_image","twitter_misc":{"Becs\u00fclt olvas\u00e1si id\u0151":"1 perc"},"schema":{"@context":"https:\/\/schema.org","@graph":[{"@type":"WebPage","@id":"https:\/\/egerhaziimre.hu\/index.php\/archivum\/konyvek-katalogusok\/akkor-es-most-egerhazi-imre-festomuvesz-emlekkiallitasa\/?lang=en","url":"https:\/\/egerhaziimre.hu\/index.php\/archivum\/konyvek-katalogusok\/akkor-es-most-egerhazi-imre-festomuvesz-emlekkiallitasa\/?lang=en","name":"Akkor \u00e9s most \u2013 \u00c9gerh\u00e1zi Imre fest\u0151m\u0171v\u00e9sz emlekki\u00e1ll\u00edt\u00e1sa, 2006 - \u00c9gerh\u00e1zi Imre","isPartOf":{"@id":"https:\/\/egerhaziimre.hu\/#website"},"primaryImageOfPage":{"@id":"https:\/\/egerhaziimre.hu\/index.php\/archivum\/konyvek-katalogusok\/akkor-es-most-egerhazi-imre-festomuvesz-emlekkiallitasa\/?lang=en#primaryimage"},"image":{"@id":"https:\/\/egerhaziimre.hu\/index.php\/archivum\/konyvek-katalogusok\/akkor-es-most-egerhazi-imre-festomuvesz-emlekkiallitasa\/?lang=en#primaryimage"},"thumbnailUrl":"https:\/\/egerhaziimre.hu\/wp-content\/uploads\/2020\/06\/katalogus_MOM_akkor_es_most__katalogus-cover.png","datePublished":"2006-06-23T09:30:33+00:00","dateModified":"2021-08-06T07:56:06+00:00","breadcrumb":{"@id":"https:\/\/egerhaziimre.hu\/index.php\/archivum\/konyvek-katalogusok\/akkor-es-most-egerhazi-imre-festomuvesz-emlekkiallitasa\/?lang=en#breadcrumb"},"inLanguage":"hu","potentialAction":[{"@type":"ReadAction","target":["https:\/\/egerhaziimre.hu\/index.php\/archivum\/konyvek-katalogusok\/akkor-es-most-egerhazi-imre-festomuvesz-emlekkiallitasa\/?lang=en"]}]},{"@type":"ImageObject","inLanguage":"hu","@id":"https:\/\/egerhaziimre.hu\/index.php\/archivum\/konyvek-katalogusok\/akkor-es-most-egerhazi-imre-festomuvesz-emlekkiallitasa\/?lang=en#primaryimage","url":"https:\/\/egerhaziimre.hu\/wp-content\/uploads\/2020\/06\/katalogus_MOM_akkor_es_most__katalogus-cover.png","contentUrl":"https:\/\/egerhaziimre.hu\/wp-content\/uploads\/2020\/06\/katalogus_MOM_akkor_es_most__katalogus-cover.png","width":1366,"height":768},{"@type":"BreadcrumbList","@id":"https:\/\/egerhaziimre.hu\/index.php\/archivum\/konyvek-katalogusok\/akkor-es-most-egerhazi-imre-festomuvesz-emlekkiallitasa\/?lang=en#breadcrumb","itemListElement":[{"@type":"ListItem","position":1,"name":"Home","item":"https:\/\/egerhaziimre.hu\/"},{"@type":"ListItem","position":2,"name":"Archives","item":"https:\/\/egerhaziimre.hu\/index.php\/archivum\/?lang=en"},{"@type":"ListItem","position":3,"name":"Books, catalogues","item":"https:\/\/egerhaziimre.hu\/index.php\/archivum\/konyvek-katalogusok\/?lang=en"},{"@type":"ListItem","position":4,"name":"Then and now, MOM, 2006 March"}]},{"@type":"WebSite","@id":"https:\/\/egerhaziimre.hu\/#website","url":"https:\/\/egerhaziimre.hu\/","name":"\u00c9gerh\u00e1zi Imre","description":"","potentialAction":[{"@type":"SearchAction","target":{"@type":"EntryPoint","urlTemplate":"https:\/\/egerhaziimre.hu\/?s={search_term_string}"},"query-input":{"@type":"PropertyValueSpecification","valueRequired":true,"valueName":"search_term_string"}}],"inLanguage":"hu"}]}},"jetpack_sharing_enabled":true,"_links":{"self":[{"href":"https:\/\/egerhaziimre.hu\/index.php\/wp-json\/wp\/v2\/pages\/3603","targetHints":{"allow":["GET"]}}],"collection":[{"href":"https:\/\/egerhaziimre.hu\/index.php\/wp-json\/wp\/v2\/pages"}],"about":[{"href":"https:\/\/egerhaziimre.hu\/index.php\/wp-json\/wp\/v2\/types\/page"}],"author":[{"embeddable":true,"href":"https:\/\/egerhaziimre.hu\/index.php\/wp-json\/wp\/v2\/users\/4"}],"replies":[{"embeddable":true,"href":"https:\/\/egerhaziimre.hu\/index.php\/wp-json\/wp\/v2\/comments?post=3603"}],"version-history":[{"count":9,"href":"https:\/\/egerhaziimre.hu\/index.php\/wp-json\/wp\/v2\/pages\/3603\/revisions"}],"predecessor-version":[{"id":11883,"href":"https:\/\/egerhaziimre.hu\/index.php\/wp-json\/wp\/v2\/pages\/3603\/revisions\/11883"}],"up":[{"embeddable":true,"href":"https:\/\/egerhaziimre.hu\/index.php\/wp-json\/wp\/v2\/pages\/3509"}],"wp:featuredmedia":[{"embeddable":true,"href":"https:\/\/egerhaziimre.hu\/index.php\/wp-json\/wp\/v2\/media\/3605"}],"wp:attachment":[{"href":"https:\/\/egerhaziimre.hu\/index.php\/wp-json\/wp\/v2\/media?parent=3603"}],"wp:term":[{"taxonomy":"category","embeddable":true,"href":"https:\/\/egerhaziimre.hu\/index.php\/wp-json\/wp\/v2\/categories?post=3603"},{"taxonomy":"post_tag","embeddable":true,"href":"https:\/\/egerhaziimre.hu\/index.php\/wp-json\/wp\/v2\/tags?post=3603"}],"curies":[{"name":"wp","href":"https:\/\/api.w.org\/{rel}","templated":true}]}}