{"id":3654,"date":"2005-06-23T14:06:37","date_gmt":"2005-06-23T12:06:37","guid":{"rendered":"http:\/\/egerhaziimre.magex.hu\/?page_id=3654"},"modified":"2021-08-06T09:55:34","modified_gmt":"2021-08-06T07:55:34","slug":"egerhazi-imre-80ev-40kep","status":"publish","type":"page","link":"https:\/\/egerhaziimre.hu\/index.php\/archivum\/konyvek-katalogusok\/egerhazi-imre-80ev-40kep\/","title":{"rendered":"\u00c9gerh\u00e1zi Imre \u2013 80 \u00e9v 40 k\u00e9p, 2005"},"content":{"rendered":"<div class=\"wpb-content-wrapper\">[vc_row][vc_column][vc_raw_html]JTNDcCUyMHN0eWxlJTNEJTIydGV4dC1hbGlnbiUzQSUyMGNlbnRlciUzQiUyMiUzRSUzQ2VtYmVkJTIwc3JjJTNEJTIyJTJGd3AtY29udGVudCUyRnVwbG9hZHMlMkYyMDIwJTJGMDYlMkY4MGV2NDBrZXAucGRmJTIyJTIwdHlwZSUzRCUyMmFwcGxpY2F0aW9uJTJGcGRmJTIyJTIwd2lkdGglM0QlMjIxMDI0JTIyJTIwaGVpZ2h0JTNEJTIyMTAyNCUyMiUzRSUzQyUyRmVtYmVkJTNFJTNDJTJGcCUzRQ==[\/vc_raw_html][vc_btn title=&#8221;Vissza a list\u00e1ra&#8221; shape=&#8221;square&#8221; color=&#8221;orange&#8221; align=&#8221;center&#8221; i_icon_fontawesome=&#8221;fas fa-angle-double-left&#8221; add_icon=&#8221;true&#8221; link=&#8221;url:https%3A%2F%2Fegerhaziimre.hu%2Findex.php%2Farchivum%2Fkonyvek-katalogusok%2F|title:%5B%3Ahu%5DK%C3%B6nyvek%2C%20katal%C3%B3gusok%5B%3Aen%5DBooks%2C%20catalogues%5B%3A%5D&#8221; el_class=&#8221;mb60 mb30-md&#8221;][\/vc_column][\/vc_row]\n<\/div>","protected":false},"excerpt":{"rendered":"<p>[vc_row][vc_column][vc_raw_html]JTNDcCUyMHN0eWxlJTNEJTIydGV4dC1hbGlnbiUzQSUyMGNlbnRlciUzQiUyMiUzRSUzQ2VtYmVkJTIwc3JjJTNEJTIyJTJGd3AtY29udGVudCUyRnVwbG9hZHMlMkYyMDIwJTJGMDYlMkY4MGV2NDBrZXAucGRmJTIyJTIwdHlwZSUzRCUyMmFwcGxpY2F0aW9uJTJGcGRmJTIyJTIwd2lkdGglM0QlMjIxMDI0JTIyJTIwaGVpZ2h0JTNEJTIyMTAyNCUyMiUzRSUzQyUyRmVtYmVkJTNFJTNDJTJGcCUzRQ==[\/vc_raw_html][vc_btn title=&#8221;Vissza a list\u00e1ra&#8221; shape=&#8221;square&#8221; color=&#8221;orange&#8221; align=&#8221;center&#8221; i_icon_fontawesome=&#8221;fas fa-angle-double-left&#8221; add_icon=&#8221;true&#8221; link=&#8221;url:https%3A%2F%2Fegerhaziimre.hu%2Findex.php%2Farchivum%2Fkonyvek-katalogusok%2F|title:%5B%3Ahu%5DK%C3%B6nyvek%2C%20katal%C3%B3gusok%5B%3Aen%5DBooks%2C%20catalogues%5B%3A%5D&#8221; el_class=&#8221;mb60 mb30-md&#8221;][\/vc_column][\/vc_row]<\/p>\n","protected":false},"author":4,"featured_media":3630,"parent":3509,"menu_order":0,"comment_status":"closed","ping_status":"closed","template":"","meta":{"footnotes":""},"categories":[360],"tags":[127,64],"class_list":["post-3654","page","type-page","status-publish","has-post-thumbnail","hentry","category-kiallitas-katalogus","tag-127","tag-hajduhadhaz"],"yoast_head":"<!-- This site is optimized with the Yoast SEO plugin v27.0 - https:\/\/yoast.com\/product\/yoast-seo-wordpress\/ -->\n<title>\u00c9gerh\u00e1zi Imre \u2013 80 \u00e9v 40 k\u00e9p, 2005 - \u00c9gerh\u00e1zi Imre<\/title>\n<meta name=\"robots\" content=\"index, follow, max-snippet:-1, max-image-preview:large, max-video-preview:-1\" \/>\n<link rel=\"canonical\" href=\"https:\/\/egerhaziimre.hu\/index.php\/archivum\/konyvek-katalogusok\/egerhazi-imre-80ev-40kep\/?lang=en\" \/>\n<meta property=\"og:locale\" content=\"hu_HU\" \/>\n<meta property=\"og:type\" content=\"article\" \/>\n<meta property=\"og:title\" content=\"\u00c9gerh\u00e1zi Imre \u2013 80 \u00e9v 40 k\u00e9p, 2005 - \u00c9gerh\u00e1zi Imre\" \/>\n<meta property=\"og:description\" content=\"[vc_row][vc_column][vc_raw_html]JTNDcCUyMHN0eWxlJTNEJTIydGV4dC1hbGlnbiUzQSUyMGNlbnRlciUzQiUyMiUzRSUzQ2VtYmVkJTIwc3JjJTNEJTIyJTJGd3AtY29udGVudCUyRnVwbG9hZHMlMkYyMDIwJTJGMDYlMkY4MGV2NDBrZXAucGRmJTIyJTIwdHlwZSUzRCUyMmFwcGxpY2F0aW9uJTJGcGRmJTIyJTIwd2lkdGglM0QlMjIxMDI0JTIyJTIwaGVpZ2h0JTNEJTIyMTAyNCUyMiUzRSUzQyUyRmVtYmVkJTNFJTNDJTJGcCUzRQ==[\/vc_raw_html][vc_btn title=&#8221;Vissza a list\u00e1ra&#8221; shape=&#8221;square&#8221; color=&#8221;orange&#8221; align=&#8221;center&#8221; i_icon_fontawesome=&#8221;fas fa-angle-double-left&#8221; add_icon=&#8221;true&#8221; link=&#8221;url:https%3A%2F%2Fegerhaziimre.hu%2Findex.php%2Farchivum%2Fkonyvek-katalogusok%2F|title:%5B%3Ahu%5DK%C3%B6nyvek%2C%20katal%C3%B3gusok%5B%3Aen%5DBooks%2C%20catalogues%5B%3A%5D&#8221; el_class=&#8221;mb60 mb30-md&#8221;][\/vc_column][\/vc_row]\" \/>\n<meta property=\"og:url\" content=\"https:\/\/egerhaziimre.hu\/index.php\/archivum\/konyvek-katalogusok\/egerhazi-imre-80ev-40kep\/?lang=en\" \/>\n<meta property=\"og:site_name\" content=\"\u00c9gerh\u00e1zi Imre\" \/>\n<meta property=\"article:modified_time\" content=\"2021-08-06T07:55:34+00:00\" \/>\n<meta property=\"og:image\" content=\"https:\/\/egerhaziimre.hu\/wp-content\/uploads\/2020\/06\/katalogus_80ev40kep-cover_s.png\" \/>\n\t<meta property=\"og:image:width\" content=\"1366\" \/>\n\t<meta property=\"og:image:height\" content=\"768\" \/>\n\t<meta property=\"og:image:type\" content=\"image\/png\" \/>\n<meta name=\"twitter:card\" content=\"summary_large_image\" \/>\n<meta name=\"twitter:label1\" content=\"Becs\u00fclt olvas\u00e1si id\u0151\" \/>\n\t<meta name=\"twitter:data1\" content=\"1 perc\" \/>\n<script type=\"application\/ld+json\" class=\"yoast-schema-graph\">{\"@context\":\"https:\/\/schema.org\",\"@graph\":[{\"@type\":\"WebPage\",\"@id\":\"https:\/\/egerhaziimre.hu\/index.php\/archivum\/konyvek-katalogusok\/egerhazi-imre-80ev-40kep\/?lang=en\",\"url\":\"https:\/\/egerhaziimre.hu\/index.php\/archivum\/konyvek-katalogusok\/egerhazi-imre-80ev-40kep\/?lang=en\",\"name\":\"\u00c9gerh\u00e1zi Imre \u2013 80 \u00e9v 40 k\u00e9p, 2005 - \u00c9gerh\u00e1zi Imre\",\"isPartOf\":{\"@id\":\"https:\/\/egerhaziimre.hu\/#website\"},\"primaryImageOfPage\":{\"@id\":\"https:\/\/egerhaziimre.hu\/index.php\/archivum\/konyvek-katalogusok\/egerhazi-imre-80ev-40kep\/?lang=en#primaryimage\"},\"image\":{\"@id\":\"https:\/\/egerhaziimre.hu\/index.php\/archivum\/konyvek-katalogusok\/egerhazi-imre-80ev-40kep\/?lang=en#primaryimage\"},\"thumbnailUrl\":\"https:\/\/egerhaziimre.hu\/wp-content\/uploads\/2020\/06\/katalogus_80ev40kep-cover_s.png\",\"datePublished\":\"2005-06-23T12:06:37+00:00\",\"dateModified\":\"2021-08-06T07:55:34+00:00\",\"breadcrumb\":{\"@id\":\"https:\/\/egerhaziimre.hu\/index.php\/archivum\/konyvek-katalogusok\/egerhazi-imre-80ev-40kep\/?lang=en#breadcrumb\"},\"inLanguage\":\"hu\",\"potentialAction\":[{\"@type\":\"ReadAction\",\"target\":[\"https:\/\/egerhaziimre.hu\/index.php\/archivum\/konyvek-katalogusok\/egerhazi-imre-80ev-40kep\/?lang=en\"]}]},{\"@type\":\"ImageObject\",\"inLanguage\":\"hu\",\"@id\":\"https:\/\/egerhaziimre.hu\/index.php\/archivum\/konyvek-katalogusok\/egerhazi-imre-80ev-40kep\/?lang=en#primaryimage\",\"url\":\"https:\/\/egerhaziimre.hu\/wp-content\/uploads\/2020\/06\/katalogus_80ev40kep-cover_s.png\",\"contentUrl\":\"https:\/\/egerhaziimre.hu\/wp-content\/uploads\/2020\/06\/katalogus_80ev40kep-cover_s.png\",\"width\":1366,\"height\":768},{\"@type\":\"BreadcrumbList\",\"@id\":\"https:\/\/egerhaziimre.hu\/index.php\/archivum\/konyvek-katalogusok\/egerhazi-imre-80ev-40kep\/?lang=en#breadcrumb\",\"itemListElement\":[{\"@type\":\"ListItem\",\"position\":1,\"name\":\"Home\",\"item\":\"https:\/\/egerhaziimre.hu\/\"},{\"@type\":\"ListItem\",\"position\":2,\"name\":\"Archives\",\"item\":\"https:\/\/egerhaziimre.hu\/index.php\/archivum\/?lang=en\"},{\"@type\":\"ListItem\",\"position\":3,\"name\":\"Books, catalogues\",\"item\":\"https:\/\/egerhaziimre.hu\/index.php\/archivum\/konyvek-katalogusok\/?lang=en\"},{\"@type\":\"ListItem\",\"position\":4,\"name\":\"80 years 40 paintings, Hajd\u00fahadh\u00e1z, 2005\"}]},{\"@type\":\"WebSite\",\"@id\":\"https:\/\/egerhaziimre.hu\/#website\",\"url\":\"https:\/\/egerhaziimre.hu\/\",\"name\":\"\u00c9gerh\u00e1zi Imre\",\"description\":\"\",\"potentialAction\":[{\"@type\":\"SearchAction\",\"target\":{\"@type\":\"EntryPoint\",\"urlTemplate\":\"https:\/\/egerhaziimre.hu\/?s={search_term_string}\"},\"query-input\":{\"@type\":\"PropertyValueSpecification\",\"valueRequired\":true,\"valueName\":\"search_term_string\"}}],\"inLanguage\":\"hu\"}]}<\/script>\n<!-- \/ Yoast SEO plugin. -->","yoast_head_json":{"title":"\u00c9gerh\u00e1zi Imre \u2013 80 \u00e9v 40 k\u00e9p, 2005 - \u00c9gerh\u00e1zi Imre","robots":{"index":"index","follow":"follow","max-snippet":"max-snippet:-1","max-image-preview":"max-image-preview:large","max-video-preview":"max-video-preview:-1"},"canonical":"https:\/\/egerhaziimre.hu\/index.php\/archivum\/konyvek-katalogusok\/egerhazi-imre-80ev-40kep\/?lang=en","og_locale":"hu_HU","og_type":"article","og_title":"\u00c9gerh\u00e1zi Imre \u2013 80 \u00e9v 40 k\u00e9p, 2005 - \u00c9gerh\u00e1zi Imre","og_description":"[vc_row][vc_column][vc_raw_html]JTNDcCUyMHN0eWxlJTNEJTIydGV4dC1hbGlnbiUzQSUyMGNlbnRlciUzQiUyMiUzRSUzQ2VtYmVkJTIwc3JjJTNEJTIyJTJGd3AtY29udGVudCUyRnVwbG9hZHMlMkYyMDIwJTJGMDYlMkY4MGV2NDBrZXAucGRmJTIyJTIwdHlwZSUzRCUyMmFwcGxpY2F0aW9uJTJGcGRmJTIyJTIwd2lkdGglM0QlMjIxMDI0JTIyJTIwaGVpZ2h0JTNEJTIyMTAyNCUyMiUzRSUzQyUyRmVtYmVkJTNFJTNDJTJGcCUzRQ==[\/vc_raw_html][vc_btn title=&#8221;Vissza a list\u00e1ra&#8221; shape=&#8221;square&#8221; color=&#8221;orange&#8221; align=&#8221;center&#8221; i_icon_fontawesome=&#8221;fas fa-angle-double-left&#8221; add_icon=&#8221;true&#8221; link=&#8221;url:https%3A%2F%2Fegerhaziimre.hu%2Findex.php%2Farchivum%2Fkonyvek-katalogusok%2F|title:%5B%3Ahu%5DK%C3%B6nyvek%2C%20katal%C3%B3gusok%5B%3Aen%5DBooks%2C%20catalogues%5B%3A%5D&#8221; el_class=&#8221;mb60 mb30-md&#8221;][\/vc_column][\/vc_row]","og_url":"https:\/\/egerhaziimre.hu\/index.php\/archivum\/konyvek-katalogusok\/egerhazi-imre-80ev-40kep\/?lang=en","og_site_name":"\u00c9gerh\u00e1zi Imre","article_modified_time":"2021-08-06T07:55:34+00:00","og_image":[{"width":1366,"height":768,"url":"https:\/\/egerhaziimre.hu\/wp-content\/uploads\/2020\/06\/katalogus_80ev40kep-cover_s.png","type":"image\/png"}],"twitter_card":"summary_large_image","twitter_misc":{"Becs\u00fclt olvas\u00e1si id\u0151":"1 perc"},"schema":{"@context":"https:\/\/schema.org","@graph":[{"@type":"WebPage","@id":"https:\/\/egerhaziimre.hu\/index.php\/archivum\/konyvek-katalogusok\/egerhazi-imre-80ev-40kep\/?lang=en","url":"https:\/\/egerhaziimre.hu\/index.php\/archivum\/konyvek-katalogusok\/egerhazi-imre-80ev-40kep\/?lang=en","name":"\u00c9gerh\u00e1zi Imre \u2013 80 \u00e9v 40 k\u00e9p, 2005 - \u00c9gerh\u00e1zi Imre","isPartOf":{"@id":"https:\/\/egerhaziimre.hu\/#website"},"primaryImageOfPage":{"@id":"https:\/\/egerhaziimre.hu\/index.php\/archivum\/konyvek-katalogusok\/egerhazi-imre-80ev-40kep\/?lang=en#primaryimage"},"image":{"@id":"https:\/\/egerhaziimre.hu\/index.php\/archivum\/konyvek-katalogusok\/egerhazi-imre-80ev-40kep\/?lang=en#primaryimage"},"thumbnailUrl":"https:\/\/egerhaziimre.hu\/wp-content\/uploads\/2020\/06\/katalogus_80ev40kep-cover_s.png","datePublished":"2005-06-23T12:06:37+00:00","dateModified":"2021-08-06T07:55:34+00:00","breadcrumb":{"@id":"https:\/\/egerhaziimre.hu\/index.php\/archivum\/konyvek-katalogusok\/egerhazi-imre-80ev-40kep\/?lang=en#breadcrumb"},"inLanguage":"hu","potentialAction":[{"@type":"ReadAction","target":["https:\/\/egerhaziimre.hu\/index.php\/archivum\/konyvek-katalogusok\/egerhazi-imre-80ev-40kep\/?lang=en"]}]},{"@type":"ImageObject","inLanguage":"hu","@id":"https:\/\/egerhaziimre.hu\/index.php\/archivum\/konyvek-katalogusok\/egerhazi-imre-80ev-40kep\/?lang=en#primaryimage","url":"https:\/\/egerhaziimre.hu\/wp-content\/uploads\/2020\/06\/katalogus_80ev40kep-cover_s.png","contentUrl":"https:\/\/egerhaziimre.hu\/wp-content\/uploads\/2020\/06\/katalogus_80ev40kep-cover_s.png","width":1366,"height":768},{"@type":"BreadcrumbList","@id":"https:\/\/egerhaziimre.hu\/index.php\/archivum\/konyvek-katalogusok\/egerhazi-imre-80ev-40kep\/?lang=en#breadcrumb","itemListElement":[{"@type":"ListItem","position":1,"name":"Home","item":"https:\/\/egerhaziimre.hu\/"},{"@type":"ListItem","position":2,"name":"Archives","item":"https:\/\/egerhaziimre.hu\/index.php\/archivum\/?lang=en"},{"@type":"ListItem","position":3,"name":"Books, catalogues","item":"https:\/\/egerhaziimre.hu\/index.php\/archivum\/konyvek-katalogusok\/?lang=en"},{"@type":"ListItem","position":4,"name":"80 years 40 paintings, Hajd\u00fahadh\u00e1z, 2005"}]},{"@type":"WebSite","@id":"https:\/\/egerhaziimre.hu\/#website","url":"https:\/\/egerhaziimre.hu\/","name":"\u00c9gerh\u00e1zi Imre","description":"","potentialAction":[{"@type":"SearchAction","target":{"@type":"EntryPoint","urlTemplate":"https:\/\/egerhaziimre.hu\/?s={search_term_string}"},"query-input":{"@type":"PropertyValueSpecification","valueRequired":true,"valueName":"search_term_string"}}],"inLanguage":"hu"}]}},"jetpack_sharing_enabled":true,"_links":{"self":[{"href":"https:\/\/egerhaziimre.hu\/index.php\/wp-json\/wp\/v2\/pages\/3654","targetHints":{"allow":["GET"]}}],"collection":[{"href":"https:\/\/egerhaziimre.hu\/index.php\/wp-json\/wp\/v2\/pages"}],"about":[{"href":"https:\/\/egerhaziimre.hu\/index.php\/wp-json\/wp\/v2\/types\/page"}],"author":[{"embeddable":true,"href":"https:\/\/egerhaziimre.hu\/index.php\/wp-json\/wp\/v2\/users\/4"}],"replies":[{"embeddable":true,"href":"https:\/\/egerhaziimre.hu\/index.php\/wp-json\/wp\/v2\/comments?post=3654"}],"version-history":[{"count":7,"href":"https:\/\/egerhaziimre.hu\/index.php\/wp-json\/wp\/v2\/pages\/3654\/revisions"}],"predecessor-version":[{"id":11882,"href":"https:\/\/egerhaziimre.hu\/index.php\/wp-json\/wp\/v2\/pages\/3654\/revisions\/11882"}],"up":[{"embeddable":true,"href":"https:\/\/egerhaziimre.hu\/index.php\/wp-json\/wp\/v2\/pages\/3509"}],"wp:featuredmedia":[{"embeddable":true,"href":"https:\/\/egerhaziimre.hu\/index.php\/wp-json\/wp\/v2\/media\/3630"}],"wp:attachment":[{"href":"https:\/\/egerhaziimre.hu\/index.php\/wp-json\/wp\/v2\/media?parent=3654"}],"wp:term":[{"taxonomy":"category","embeddable":true,"href":"https:\/\/egerhaziimre.hu\/index.php\/wp-json\/wp\/v2\/categories?post=3654"},{"taxonomy":"post_tag","embeddable":true,"href":"https:\/\/egerhaziimre.hu\/index.php\/wp-json\/wp\/v2\/tags?post=3654"}],"curies":[{"name":"wp","href":"https:\/\/api.w.org\/{rel}","templated":true}]}}